{"id":676809,"date":"2025-06-20T16:39:49","date_gmt":"2025-06-20T14:39:49","guid":{"rendered":"https:\/\/rothschenk.de\/prohlaseni-o-pristupnosti\/"},"modified":"2025-06-30T14:51:02","modified_gmt":"2025-06-30T12:51:02","slug":"prohlaseni-o-pristupnosti","status":"publish","type":"page","link":"https:\/\/rothschenk.de\/cz\/prohlaseni-o-pristupnosti\/","title":{"rendered":"Prohl\u00e1\u0161en\u00ed o p\u0159\u00edstupnosti"},"content":{"rendered":"\t\t<div data-elementor-type=\"wp-page\" data-elementor-id=\"676809\" class=\"elementor elementor-676809 elementor-663038\" data-elementor-post-type=\"page\">\n\t\t\t\t\t\t<section data-particle_enable=\"false\" data-particle-mobile-disabled=\"false\" class=\"elementor-section elementor-top-section elementor-element elementor-element-4a13d94 elementor-section-boxed elementor-section-height-default elementor-section-height-default\" data-id=\"4a13d94\" data-element_type=\"section\" data-e-type=\"section\" data-settings=\"{&quot;background_background&quot;:&quot;classic&quot;}\">\n\t\t\t\t\t\t<div class=\"elementor-container elementor-column-gap-default\">\n\t\t\t\t\t<div class=\"elementor-column elementor-col-100 elementor-top-column elementor-element elementor-element-845e63f\" data-id=\"845e63f\" data-element_type=\"column\" data-e-type=\"column\">\n\t\t\t<div class=\"elementor-widget-wrap elementor-element-populated\">\n\t\t\t\t\t\t<div class=\"elementor-element elementor-element-4a3e290 elementor-widget elementor-widget-heading\" data-id=\"4a3e290\" data-element_type=\"widget\" data-e-type=\"widget\" data-widget_type=\"heading.default\">\n\t\t\t\t<div class=\"elementor-widget-container\">\n\t\t\t\t\t<h1 class=\"elementor-heading-title elementor-size-default\">Prohl\u00e1\u0161en\u00ed o p\u0159\u00edstupnosti<\/h1>\t\t\t\t<\/div>\n\t\t\t\t<\/div>\n\t\t\t\t<div class=\"elementor-element elementor-element-d4c38c3 elementor-widget elementor-widget-text-editor\" data-id=\"d4c38c3\" data-element_type=\"widget\" data-e-type=\"widget\" data-widget_type=\"text-editor.default\">\n\t\t\t\t<div class=\"elementor-widget-container\">\n\t\t\t\t\t\t\t\t\t<p>Spole\u010dnost G&amp;H GmbH Rothschenk se zav\u00e1zala zajistit digit\u00e1ln\u00ed p\u0159\u00edstupnost pro osoby se zdravotn\u00edm posti\u017een\u00edm. Neust\u00e1le zlep\u0161ujeme u\u017eivatelskou p\u0159\u00edv\u011btivost pro v\u0161echny a uplat\u0148ujeme p\u0159\u00edslu\u0161n\u00e9 normy (WCAG 2.2, BITV a normu EN 301 549) pro p\u0159\u00edstupnost. Toto prohl\u00e1\u0161en\u00ed o digit\u00e1ln\u00ed p\u0159\u00edstupnosti se vztahuje na webov\u00e9 str\u00e1nky spole\u010dnosti G&amp;H GmbH Rothschenk zve\u0159ejn\u011bn\u00e9 na adrese https:\/\/rothschenk.de\/.  <\/p><br><h2>Stav kompatibility s po\u017eadavky<\/h2><br><p>Webov\u00e9 str\u00e1nky v sou\u010dasn\u00e9 dob\u011b nejsou pln\u011b v souladu s technick\u00fdmi po\u017eadavky Pokyn\u016f pro p\u0159\u00edstupnost webov\u00e9ho obsahu (WCAG) 2.2 a Vyhl\u00e1\u0161ky o bezbari\u00e9rov\u00fdch informa\u010dn\u00edch technologi\u00edch (BITV 2.0).<\/p><br><h2>Nep\u0159\u00edstupn\u00fd obsah<\/h2><br><p><b>N\u00e1sleduj\u00edc\u00ed obsah nen\u00ed p\u0159\u00edstupn\u00fd, proto\u017ee nen\u00ed kompatibiln\u00ed se z\u00e1kladn\u00ed harmonizovanou normou EN 301 549:<br><br><\/b><\/p>\n<ul>\n    <li style=\"list-style-position: outside; margin-left: 1em;\">Na v\u0161ech str\u00e1nk\u00e1ch jsou odkazy bez textu odkazu. | WCAG: 4.1.2 <br><\/li>\n<\/ul>\n<ul>\n    <li style=\"list-style-position: outside; margin-left: 1em;\">Kontrast mezi textem a pozad\u00edm je t\u00e9m\u011b\u0159 na v\u0161ech str\u00e1nk\u00e1ch p\u0159\u00edli\u0161 n\u00edzk\u00fd. | WCAG: 1.4.3 <br><\/li>\n<\/ul>\n<ul>\n    <li style=\"list-style-position: outside; margin-left: 1em;\">Na n\u011bkter\u00fdch str\u00e1nk\u00e1ch jsou formul\u00e1\u0159ov\u00e1 pole bez ozna\u010den\u00ed. Pomoc\u00ed \u010dte\u010dek obrazovky je obt\u00ed\u017en\u00e9 se k formul\u00e1\u0159ov\u00fdm pol\u00edm navigovat. | WCAG: 4.1.2  <br><\/li>\n<\/ul>\n<ul>\n    <li style=\"list-style-position: outside; margin-left: 1em;\">Na v\u0161ech str\u00e1nk\u00e1ch jsou prvky s atributem Aria-hidden, na kter\u00e9 lze sou\u010dasn\u011b zaost\u0159it. To znamen\u00e1, \u017ee tyto prvky jsou p\u0159\u00edstupn\u00e9 pro asisten\u010dn\u00ed technologie, i kdy\u017e by m\u011bly b\u00fdt skryt\u00e9. | WCAG: 4.1.2  <br><\/li>\n<\/ul>\n<ul>\n    <li style=\"list-style-position: outside; margin-left: 1em;\">Na jednotliv\u00fdch str\u00e1nk\u00e1ch nelze odkazy odli\u0161it od okoln\u00edho textu. | WCAG: 1.4.1 <br><\/li>\n<\/ul>\n<ul>\n    <li style=\"list-style-position: outside; margin-left: 1em;\">Na n\u011bkolika str\u00e1nk\u00e1ch jsou prvky, jejich\u017e ID Aria se objevuje n\u011bkolikr\u00e1t. To zt\u011b\u017euje navigaci na webu pomoc\u00ed \u010dte\u010dek obrazovky. | WCAG: 4.1.2  <br><\/li>\n<\/ul><br><br><span>Toto prohl\u00e1\u0161en\u00ed bylo vytvo\u0159eno dne <b>20. 6. 2025<\/b>. Prohl\u00e1\u0161en\u00ed bylo vytvo\u0159eno pomoc\u00ed technologie Eye-Able\u00ae spole\u010dnosti <b>Web Inclusion GmbH<\/b>. Dal\u0161\u00ed informace o spole\u010dnosti Web Inclusion GmbH naleznete na adrese https:\/\/eye-able.com\/. Spole\u010dnost Web Inclusion GmbH pro\u0161la v\u0161emi strojov\u011b ov\u011b\u0159iteln\u00fdmi testovac\u00edmi kroky.     <\/span><br><br><h2>Zp\u011btn\u00e1 vazba a kontaktn\u00ed \u00fadaje<\/h2><br><p>M\u00e1te n\u011bjak\u00fd koment\u00e1\u0159 nebo p\u0159ipom\u00ednku k bari\u00e9r\u00e1m na t\u011bchto webov\u00fdch str\u00e1nk\u00e1ch? Obra\u0165te se na n\u00e1s. Vysv\u011btl\u00edme v\u00e1m, jak\u00e9 p\u0159ek\u00e1\u017eky existuj\u00ed. M\u016f\u017eete se dozv\u011bd\u011bt, jak\u00e9 v\u00fdjimky jsme u\u010dinili. Na va\u0161e dotazy odpov\u00edme co nejrychleji, nejpozd\u011bji v\u0161ak v z\u00e1konn\u00e9 lh\u016ft\u011b \u0161esti t\u00fddn\u016f. D\u011bkujeme v\u00e1m za va\u0161i zp\u011btnou vazbu. M\u016f\u017eete n\u00e1s kontaktovat na n\u00e1sleduj\u00edc\u00ed adrese:        <br><br>  Industriestrasse 5 &amp; 7-10<br> 97239<br> Aub<br>info@rothschenk.de<br> +49 9335 97 15 0<\/p><br><h2>Rozhod\u010d\u00ed centrum<\/h2><br><p>Pozn\u00e1mka k \u00a7 36 VSBG: Ne\u00fa\u010dastn\u00edme se \u0159\u00edzen\u00ed o \u0159e\u0161en\u00ed spor\u016f p\u0159ed spot\u0159ebitelskou rozhod\u010d\u00ed komis\u00ed a nejsme povinni tak \u010dinit.<\/p>\t\t\t\t\t\t\t\t<\/div>\n\t\t\t\t<\/div>\n\t\t\t\t\t<\/div>\n\t\t<\/div>\n\t\t\t\t\t<\/div>\n\t\t<\/section>\n\t\t\t\t<\/div>\n\t\t","protected":false},"excerpt":{"rendered":"<p>Prohl\u00e1\u0161en\u00ed o p\u0159\u00edstupnosti Spole\u010dnost G&amp;H GmbH Rothschenk se zav\u00e1zala zajistit digit\u00e1ln\u00ed p\u0159\u00edstupnost pro osoby se zdravotn\u00edm posti\u017een\u00edm. Neust\u00e1le zlep\u0161ujeme u\u017eivatelskou p\u0159\u00edv\u011btivost pro v\u0161echny a uplat\u0148ujeme p\u0159\u00edslu\u0161n\u00e9 normy (WCAG 2.2, BITV a normu EN 301 549) pro p\u0159\u00edstupnost. Toto prohl\u00e1\u0161en\u00ed o digit\u00e1ln\u00ed p\u0159\u00edstupnosti se vztahuje na webov\u00e9 str\u00e1nky spole\u010dnosti G&amp;H GmbH Rothschenk zve\u0159ejn\u011bn\u00e9 na adrese https:\/\/rothschenk.de\/. [&hellip;]<\/p>\n","protected":false},"author":1,"featured_media":0,"parent":0,"menu_order":0,"comment_status":"closed","ping_status":"closed","template":"","meta":{"_acf_changed":false,"footnotes":""},"class_list":["post-676809","page","type-page","status-publish","hentry"],"acf":[],"yoast_head":"<!-- This site is optimized with the Yoast SEO plugin v27.4 - https:\/\/yoast.com\/product\/yoast-seo-wordpress\/ -->\n<title>Prohl\u00e1\u0161en\u00ed o p\u0159\u00edstupnosti - Rothschenk<\/title>\n<meta name=\"robots\" content=\"noindex, follow\" \/>\n<meta property=\"og:locale\" content=\"cs_CZ\" \/>\n<meta property=\"og:type\" content=\"article\" \/>\n<meta property=\"og:title\" content=\"Prohl\u00e1\u0161en\u00ed o p\u0159\u00edstupnosti - Rothschenk\" \/>\n<meta property=\"og:description\" content=\"Prohl\u00e1\u0161en\u00ed o p\u0159\u00edstupnosti Spole\u010dnost G&amp;H GmbH Rothschenk se zav\u00e1zala zajistit digit\u00e1ln\u00ed p\u0159\u00edstupnost pro osoby se zdravotn\u00edm posti\u017een\u00edm. Neust\u00e1le zlep\u0161ujeme u\u017eivatelskou p\u0159\u00edv\u011btivost pro v\u0161echny a uplat\u0148ujeme p\u0159\u00edslu\u0161n\u00e9 normy (WCAG 2.2, BITV a normu EN 301 549) pro p\u0159\u00edstupnost. Toto prohl\u00e1\u0161en\u00ed o digit\u00e1ln\u00ed p\u0159\u00edstupnosti se vztahuje na webov\u00e9 str\u00e1nky spole\u010dnosti G&amp;H GmbH Rothschenk zve\u0159ejn\u011bn\u00e9 na adrese https:\/\/rothschenk.de\/. [&hellip;]\" \/>\n<meta property=\"og:url\" content=\"https:\/\/rothschenk.de\/cs\/prohlaseni-o-pristupnosti\/\" \/>\n<meta property=\"og:site_name\" content=\"Rothschenk\" \/>\n<meta property=\"article:publisher\" content=\"https:\/\/de-de.facebook.com\/FirmaRothschenk\/\" \/>\n<meta property=\"article:modified_time\" content=\"2025-06-30T12:51:02+00:00\" \/>\n<meta name=\"twitter:card\" content=\"summary_large_image\" \/>\n<meta name=\"twitter:label1\" content=\"Odhadovan\u00e1 doba \u010dten\u00ed\" \/>\n\t<meta name=\"twitter:data1\" content=\"2 minuty\" \/>\n<script type=\"application\/ld+json\" class=\"yoast-schema-graph\">{\"@context\":\"https:\\\/\\\/schema.org\",\"@graph\":[{\"@type\":\"WebPage\",\"@id\":\"https:\\\/\\\/rothschenk.de\\\/cs\\\/prohlaseni-o-pristupnosti\\\/\",\"url\":\"https:\\\/\\\/rothschenk.de\\\/cs\\\/prohlaseni-o-pristupnosti\\\/\",\"name\":\"Prohl\u00e1\u0161en\u00ed o p\u0159\u00edstupnosti - Rothschenk\",\"isPartOf\":{\"@id\":\"https:\\\/\\\/rothschenk.de\\\/#website\"},\"datePublished\":\"2025-06-20T14:39:49+00:00\",\"dateModified\":\"2025-06-30T12:51:02+00:00\",\"breadcrumb\":{\"@id\":\"https:\\\/\\\/rothschenk.de\\\/cs\\\/prohlaseni-o-pristupnosti\\\/#breadcrumb\"},\"inLanguage\":\"cs\",\"potentialAction\":[{\"@type\":\"ReadAction\",\"target\":[\"https:\\\/\\\/rothschenk.de\\\/cs\\\/prohlaseni-o-pristupnosti\\\/\"]}]},{\"@type\":\"BreadcrumbList\",\"@id\":\"https:\\\/\\\/rothschenk.de\\\/cs\\\/prohlaseni-o-pristupnosti\\\/#breadcrumb\",\"itemListElement\":[{\"@type\":\"ListItem\",\"position\":1,\"name\":\"Domovsk\u00e1 str\u00e1nka\",\"item\":\"https:\\\/\\\/rothschenk.de\\\/cz\\\/domovska-stranka\\\/\"},{\"@type\":\"ListItem\",\"position\":2,\"name\":\"Prohl\u00e1\u0161en\u00ed o p\u0159\u00edstupnosti\"}]},{\"@type\":\"WebSite\",\"@id\":\"https:\\\/\\\/rothschenk.de\\\/#website\",\"url\":\"https:\\\/\\\/rothschenk.de\\\/\",\"name\":\"Rothschenk - Der Online Shop f\u00fcr Ladungssicherung\",\"description\":\"Der Online Shop f\u00fcr Ladungssicherung\",\"potentialAction\":[{\"@type\":\"SearchAction\",\"target\":{\"@type\":\"EntryPoint\",\"urlTemplate\":\"https:\\\/\\\/rothschenk.de\\\/?s={search_term_string}\"},\"query-input\":{\"@type\":\"PropertyValueSpecification\",\"valueRequired\":true,\"valueName\":\"search_term_string\"}}],\"inLanguage\":\"cs\"}]}<\/script>\n<!-- \/ Yoast SEO plugin. -->","yoast_head_json":{"title":"Prohl\u00e1\u0161en\u00ed o p\u0159\u00edstupnosti - Rothschenk","robots":{"index":"noindex","follow":"follow"},"og_locale":"cs_CZ","og_type":"article","og_title":"Prohl\u00e1\u0161en\u00ed o p\u0159\u00edstupnosti - Rothschenk","og_description":"Prohl\u00e1\u0161en\u00ed o p\u0159\u00edstupnosti Spole\u010dnost G&amp;H GmbH Rothschenk se zav\u00e1zala zajistit digit\u00e1ln\u00ed p\u0159\u00edstupnost pro osoby se zdravotn\u00edm posti\u017een\u00edm. Neust\u00e1le zlep\u0161ujeme u\u017eivatelskou p\u0159\u00edv\u011btivost pro v\u0161echny a uplat\u0148ujeme p\u0159\u00edslu\u0161n\u00e9 normy (WCAG 2.2, BITV a normu EN 301 549) pro p\u0159\u00edstupnost. Toto prohl\u00e1\u0161en\u00ed o digit\u00e1ln\u00ed p\u0159\u00edstupnosti se vztahuje na webov\u00e9 str\u00e1nky spole\u010dnosti G&amp;H GmbH Rothschenk zve\u0159ejn\u011bn\u00e9 na adrese https:\/\/rothschenk.de\/. [&hellip;]","og_url":"https:\/\/rothschenk.de\/cs\/prohlaseni-o-pristupnosti\/","og_site_name":"Rothschenk","article_publisher":"https:\/\/de-de.facebook.com\/FirmaRothschenk\/","article_modified_time":"2025-06-30T12:51:02+00:00","twitter_card":"summary_large_image","twitter_misc":{"Odhadovan\u00e1 doba \u010dten\u00ed":"2 minuty"},"schema":{"@context":"https:\/\/schema.org","@graph":[{"@type":"WebPage","@id":"https:\/\/rothschenk.de\/cs\/prohlaseni-o-pristupnosti\/","url":"https:\/\/rothschenk.de\/cs\/prohlaseni-o-pristupnosti\/","name":"Prohl\u00e1\u0161en\u00ed o p\u0159\u00edstupnosti - Rothschenk","isPartOf":{"@id":"https:\/\/rothschenk.de\/#website"},"datePublished":"2025-06-20T14:39:49+00:00","dateModified":"2025-06-30T12:51:02+00:00","breadcrumb":{"@id":"https:\/\/rothschenk.de\/cs\/prohlaseni-o-pristupnosti\/#breadcrumb"},"inLanguage":"cs","potentialAction":[{"@type":"ReadAction","target":["https:\/\/rothschenk.de\/cs\/prohlaseni-o-pristupnosti\/"]}]},{"@type":"BreadcrumbList","@id":"https:\/\/rothschenk.de\/cs\/prohlaseni-o-pristupnosti\/#breadcrumb","itemListElement":[{"@type":"ListItem","position":1,"name":"Domovsk\u00e1 str\u00e1nka","item":"https:\/\/rothschenk.de\/cz\/domovska-stranka\/"},{"@type":"ListItem","position":2,"name":"Prohl\u00e1\u0161en\u00ed o p\u0159\u00edstupnosti"}]},{"@type":"WebSite","@id":"https:\/\/rothschenk.de\/#website","url":"https:\/\/rothschenk.de\/","name":"Rothschenk - Der Online Shop f\u00fcr Ladungssicherung","description":"Der Online Shop f\u00fcr Ladungssicherung","potentialAction":[{"@type":"SearchAction","target":{"@type":"EntryPoint","urlTemplate":"https:\/\/rothschenk.de\/?s={search_term_string}"},"query-input":{"@type":"PropertyValueSpecification","valueRequired":true,"valueName":"search_term_string"}}],"inLanguage":"cs"}]}},"_links":{"self":[{"href":"https:\/\/rothschenk.de\/cz\/wp-json\/wp\/v2\/pages\/676809","targetHints":{"allow":["GET"]}}],"collection":[{"href":"https:\/\/rothschenk.de\/cz\/wp-json\/wp\/v2\/pages"}],"about":[{"href":"https:\/\/rothschenk.de\/cz\/wp-json\/wp\/v2\/types\/page"}],"author":[{"embeddable":true,"href":"https:\/\/rothschenk.de\/cz\/wp-json\/wp\/v2\/users\/1"}],"replies":[{"embeddable":true,"href":"https:\/\/rothschenk.de\/cz\/wp-json\/wp\/v2\/comments?post=676809"}],"version-history":[{"count":1,"href":"https:\/\/rothschenk.de\/cz\/wp-json\/wp\/v2\/pages\/676809\/revisions"}],"predecessor-version":[{"id":676812,"href":"https:\/\/rothschenk.de\/cz\/wp-json\/wp\/v2\/pages\/676809\/revisions\/676812"}],"wp:attachment":[{"href":"https:\/\/rothschenk.de\/cz\/wp-json\/wp\/v2\/media?parent=676809"}],"curies":[{"name":"wp","href":"https:\/\/api.w.org\/{rel}","templated":true}]}}