{"id":679281,"date":"2024-03-15T10:13:36","date_gmt":"2024-03-15T09:13:36","guid":{"rendered":"https:\/\/rothschenk.de\/novinky-spolecnosti\/"},"modified":"2025-07-01T09:33:50","modified_gmt":"2025-07-01T07:33:50","slug":"novinky-spolecnosti","status":"publish","type":"page","link":"https:\/\/rothschenk.de\/cz\/novinky-spolecnosti\/","title":{"rendered":"Novinky spole\u010dnosti"},"content":{"rendered":"\t\t<div data-elementor-type=\"wp-page\" data-elementor-id=\"679281\" class=\"elementor elementor-679281 elementor-157377\" data-elementor-post-type=\"page\">\n\t\t\t\t\t\t<section data-particle_enable=\"false\" data-particle-mobile-disabled=\"false\" class=\"elementor-section elementor-top-section elementor-element elementor-element-7fc2703 elementor-section-height-min-height elementor-section-boxed elementor-section-height-default elementor-section-items-middle\" data-id=\"7fc2703\" data-element_type=\"section\" data-e-type=\"section\" data-settings=\"{&quot;background_background&quot;:&quot;classic&quot;}\">\n\t\t\t\t\t\t\t<div class=\"elementor-background-overlay\"><\/div>\n\t\t\t\t\t\t\t<div class=\"elementor-container elementor-column-gap-default\">\n\t\t\t\t\t<div class=\"elementor-column elementor-col-100 elementor-top-column elementor-element elementor-element-ef03c53\" data-id=\"ef03c53\" data-element_type=\"column\" data-e-type=\"column\">\n\t\t\t<div class=\"elementor-widget-wrap elementor-element-populated\">\n\t\t\t\t\t\t<div class=\"elementor-element elementor-element-8c92123 elementor-widget elementor-widget-heading\" data-id=\"8c92123\" data-element_type=\"widget\" data-e-type=\"widget\" data-widget_type=\"heading.default\">\n\t\t\t\t<div class=\"elementor-widget-container\">\n\t\t\t\t\t<h1 class=\"elementor-heading-title elementor-size-default\">Novinky spole\u010dnosti<\/h1>\t\t\t\t<\/div>\n\t\t\t\t<\/div>\n\t\t\t\t<div class=\"elementor-element elementor-element-9cdb6ff elementor-widget elementor-widget-heading\" data-id=\"9cdb6ff\" data-element_type=\"widget\" data-e-type=\"widget\" data-widget_type=\"heading.default\">\n\t\t\t\t<div class=\"elementor-widget-container\">\n\t\t\t\t\t<h2 class=\"elementor-heading-title elementor-size-default\">Novinky z vesm\u00edru Rothschenk<\/h2>\t\t\t\t<\/div>\n\t\t\t\t<\/div>\n\t\t\t\t<div class=\"elementor-element elementor-element-86208f2 elementor-widget elementor-widget-text-editor\" data-id=\"86208f2\" data-element_type=\"widget\" data-e-type=\"widget\" data-widget_type=\"text-editor.default\">\n\t\t\t\t<div class=\"elementor-widget-container\">\n\t\t\t\t\t\t\t\t\tCo je u spole\u010dnosti Rothschenk nov\u00e9ho? \u010c\u00edm se vyzna\u010dujeme a za \u010d\u00edm si stoj\u00edme? Jak\u00e9 jsou na\u0161e c\u00edle jako m\u011b\u0159\u00edtko v oboru a co d\u011bl\u00e1me pro udr\u017eitelnost? M\u00e1me v\u00e1m toho hodn\u011b co \u0159\u00edct. Pro\u010d si na chv\u00edli neud\u011bl\u00e1te \u010das&#8230;    \t\t\t\t\t\t\t\t<\/div>\n\t\t\t\t<\/div>\n\t\t\t\t<div class=\"elementor-element elementor-element-105aec1 elementor-widget elementor-widget-eael-creative-button\" data-id=\"105aec1\" data-element_type=\"widget\" data-e-type=\"widget\" data-widget_type=\"eael-creative-button.default\">\n\t\t\t\t<div class=\"elementor-widget-container\">\n\t\t\t\t\t        <div class=\"eael-creative-button-wrapper\">\n\n            <a class=\"eael-creative-button eael-creative-button--aylen eael-cb-icon-position-left\" href=\"#firmen-news\" data-text=\"\">\n            \t    \n                <div class=\"creative-button-inner\">\n\n                                            <span class=\"eael-creative-button-icon-left\"><i aria-hidden=\"true\" class=\"fas fa-chevron-right\"><\/i><\/span>                    \n                    <span class=\"cretive-button-text\">Objevte novinky spole\u010dnosti<\/span>\n\n                                    <\/div>\n\t                        <\/a>\n        <\/div>\n        \t\t\t\t<\/div>\n\t\t\t\t<\/div>\n\t\t\t\t\t<\/div>\n\t\t<\/div>\n\t\t\t\t\t<\/div>\n\t\t<\/section>\n\t\t\t\t<section data-particle_enable=\"false\" data-particle-mobile-disabled=\"false\" class=\"elementor-section elementor-top-section elementor-element elementor-element-59a5593 elementor-section-boxed elementor-section-height-default elementor-section-height-default\" data-id=\"59a5593\" data-element_type=\"section\" data-e-type=\"section\" id=\"firmen-news\" data-settings=\"{&quot;background_background&quot;:&quot;classic&quot;}\">\n\t\t\t\t\t\t<div class=\"elementor-container elementor-column-gap-default\">\n\t\t\t\t\t<div class=\"elementor-column elementor-col-100 elementor-top-column elementor-element elementor-element-7f3ff1f\" data-id=\"7f3ff1f\" data-element_type=\"column\" data-e-type=\"column\">\n\t\t\t<div class=\"elementor-widget-wrap elementor-element-populated\">\n\t\t\t\t\t\t\t<\/div>\n\t\t<\/div>\n\t\t\t\t\t<\/div>\n\t\t<\/section>\n\t\t\t\t<section data-particle_enable=\"false\" data-particle-mobile-disabled=\"false\" class=\"elementor-section elementor-top-section elementor-element elementor-element-69b4ef5 elementor-section-boxed elementor-section-height-default elementor-section-height-default\" data-id=\"69b4ef5\" data-element_type=\"section\" data-e-type=\"section\" data-settings=\"{&quot;background_background&quot;:&quot;classic&quot;}\">\n\t\t\t\t\t\t<div class=\"elementor-container elementor-column-gap-default\">\n\t\t\t\t\t<div class=\"elementor-column elementor-col-100 elementor-top-column elementor-element elementor-element-85af55f\" data-id=\"85af55f\" data-element_type=\"column\" data-e-type=\"column\">\n\t\t\t<div class=\"elementor-widget-wrap elementor-element-populated\">\n\t\t\t\t\t\t\t<\/div>\n\t\t<\/div>\n\t\t\t\t\t<\/div>\n\t\t<\/section>\n\t\t\t\t<\/div>\n\t\t","protected":false},"excerpt":{"rendered":"<p>Novinky spole\u010dnosti Novinky z vesm\u00edru Rothschenk Co je u spole\u010dnosti Rothschenk nov\u00e9ho? \u010c\u00edm se vyzna\u010dujeme a za \u010d\u00edm si stoj\u00edme? Jak\u00e9 jsou na\u0161e c\u00edle jako m\u011b\u0159\u00edtko v oboru a co d\u011bl\u00e1me pro udr\u017eitelnost? M\u00e1me v\u00e1m toho hodn\u011b co \u0159\u00edct. Pro\u010d si na chv\u00edli neud\u011bl\u00e1te \u010das&#8230; Objevte novinky spole\u010dnosti<\/p>\n","protected":false},"author":1,"featured_media":684713,"parent":0,"menu_order":0,"comment_status":"closed","ping_status":"closed","template":"","meta":{"_acf_changed":false,"footnotes":""},"class_list":["post-679281","page","type-page","status-publish","has-post-thumbnail","hentry"],"acf":[],"yoast_head":"<!-- This site is optimized with the Yoast SEO plugin v27.4 - https:\/\/yoast.com\/product\/yoast-seo-wordpress\/ -->\n<title>Novinky ve spole\u010dnosti | Rothschenk<\/title>\n<meta name=\"description\" content=\"Sledujte nejnov\u011bj\u0161\u00ed zpr\u00e1vy spole\u010dnosti Rothschenk! Zjist\u011bte v\u0161e o nejnov\u011bj\u0161\u00edm v\u00fdvoji a inovac\u00edch \u2714\ufe0f\" \/>\n<meta name=\"robots\" content=\"index, follow, max-snippet:-1, max-image-preview:large, max-video-preview:-1\" \/>\n<link rel=\"canonical\" href=\"https:\/\/rothschenk.de\/cz\/novinky-spolecnosti\/\" \/>\n<meta property=\"og:locale\" content=\"cs_CZ\" \/>\n<meta property=\"og:type\" content=\"article\" \/>\n<meta property=\"og:title\" content=\"Novinky ve spole\u010dnosti | Rothschenk\" \/>\n<meta property=\"og:description\" content=\"Sledujte nejnov\u011bj\u0161\u00ed zpr\u00e1vy spole\u010dnosti Rothschenk! Zjist\u011bte v\u0161e o nejnov\u011bj\u0161\u00edm v\u00fdvoji a inovac\u00edch \u2714\ufe0f\" \/>\n<meta property=\"og:url\" content=\"https:\/\/rothschenk.de\/cz\/novinky-spolecnosti\/\" \/>\n<meta property=\"og:site_name\" content=\"Rothschenk\" \/>\n<meta property=\"article:publisher\" content=\"https:\/\/de-de.facebook.com\/FirmaRothschenk\/\" \/>\n<meta property=\"article:modified_time\" content=\"2025-07-01T07:33:50+00:00\" \/>\n<meta property=\"og:image\" content=\"https:\/\/rothschenk.de\/wp-content\/uploads\/2024\/06\/ihk-interview-rothschenk-ladungssicherung-nachhaltigkeit-pionier-nachhaltiges-wachstum-iwm-magazin.webp\" \/>\n\t<meta property=\"og:image:width\" content=\"1500\" \/>\n\t<meta property=\"og:image:height\" content=\"1498\" \/>\n\t<meta property=\"og:image:type\" content=\"image\/webp\" \/>\n<meta name=\"twitter:card\" content=\"summary_large_image\" \/>\n<meta name=\"twitter:label1\" content=\"Odhadovan\u00e1 doba \u010dten\u00ed\" \/>\n\t<meta name=\"twitter:data1\" content=\"1 minuta\" \/>\n<script type=\"application\/ld+json\" class=\"yoast-schema-graph\">{\"@context\":\"https:\\\/\\\/schema.org\",\"@graph\":[{\"@type\":\"WebPage\",\"@id\":\"https:\\\/\\\/rothschenk.de\\\/cz\\\/novinky-spolecnosti\\\/\",\"url\":\"https:\\\/\\\/rothschenk.de\\\/cz\\\/novinky-spolecnosti\\\/\",\"name\":\"Novinky ve spole\u010dnosti | Rothschenk\",\"isPartOf\":{\"@id\":\"https:\\\/\\\/rothschenk.de\\\/cz\\\/#website\"},\"primaryImageOfPage\":{\"@id\":\"https:\\\/\\\/rothschenk.de\\\/cz\\\/novinky-spolecnosti\\\/#primaryimage\"},\"image\":{\"@id\":\"https:\\\/\\\/rothschenk.de\\\/cz\\\/novinky-spolecnosti\\\/#primaryimage\"},\"thumbnailUrl\":\"https:\\\/\\\/rothschenk.de\\\/wp-content\\\/uploads\\\/2024\\\/06\\\/ihk-interview-rothschenk-ladungssicherung-nachhaltigkeit-pionier-nachhaltiges-wachstum-iwm-magazin.webp\",\"datePublished\":\"2024-03-15T09:13:36+00:00\",\"dateModified\":\"2025-07-01T07:33:50+00:00\",\"description\":\"Sledujte nejnov\u011bj\u0161\u00ed zpr\u00e1vy spole\u010dnosti Rothschenk! Zjist\u011bte v\u0161e o nejnov\u011bj\u0161\u00edm v\u00fdvoji a inovac\u00edch \u2714\ufe0f\",\"breadcrumb\":{\"@id\":\"https:\\\/\\\/rothschenk.de\\\/cz\\\/novinky-spolecnosti\\\/#breadcrumb\"},\"inLanguage\":\"cs\",\"potentialAction\":[{\"@type\":\"ReadAction\",\"target\":[\"https:\\\/\\\/rothschenk.de\\\/cz\\\/novinky-spolecnosti\\\/\"]}]},{\"@type\":\"ImageObject\",\"inLanguage\":\"cs\",\"@id\":\"https:\\\/\\\/rothschenk.de\\\/cz\\\/novinky-spolecnosti\\\/#primaryimage\",\"url\":\"https:\\\/\\\/rothschenk.de\\\/wp-content\\\/uploads\\\/2024\\\/06\\\/ihk-interview-rothschenk-ladungssicherung-nachhaltigkeit-pionier-nachhaltiges-wachstum-iwm-magazin.webp\",\"contentUrl\":\"https:\\\/\\\/rothschenk.de\\\/wp-content\\\/uploads\\\/2024\\\/06\\\/ihk-interview-rothschenk-ladungssicherung-nachhaltigkeit-pionier-nachhaltiges-wachstum-iwm-magazin.webp\",\"width\":1500,\"height\":1498,\"caption\":\"ihk-interview-rothschenk-ladungssicherung-nachhaltigkeit-pionier-nachhaltiges-wachstum-iwm-magazin\"},{\"@type\":\"BreadcrumbList\",\"@id\":\"https:\\\/\\\/rothschenk.de\\\/cz\\\/novinky-spolecnosti\\\/#breadcrumb\",\"itemListElement\":[{\"@type\":\"ListItem\",\"position\":1,\"name\":\"Domovsk\u00e1 str\u00e1nka\",\"item\":\"https:\\\/\\\/rothschenk.de\\\/cz\\\/domovska-stranka\\\/\"},{\"@type\":\"ListItem\",\"position\":2,\"name\":\"Novinky spole\u010dnosti\"}]},{\"@type\":\"WebSite\",\"@id\":\"https:\\\/\\\/rothschenk.de\\\/cz\\\/#website\",\"url\":\"https:\\\/\\\/rothschenk.de\\\/cz\\\/\",\"name\":\"Rothschenk - Der Online Shop f\u00fcr Ladungssicherung\",\"description\":\"Der Online Shop f\u00fcr Ladungssicherung\",\"potentialAction\":[{\"@type\":\"SearchAction\",\"target\":{\"@type\":\"EntryPoint\",\"urlTemplate\":\"https:\\\/\\\/rothschenk.de\\\/cz\\\/?s={search_term_string}\"},\"query-input\":{\"@type\":\"PropertyValueSpecification\",\"valueRequired\":true,\"valueName\":\"search_term_string\"}}],\"inLanguage\":\"cs\"}]}<\/script>\n<!-- \/ Yoast SEO plugin. -->","yoast_head_json":{"title":"Novinky ve spole\u010dnosti | Rothschenk","description":"Sledujte nejnov\u011bj\u0161\u00ed zpr\u00e1vy spole\u010dnosti Rothschenk! Zjist\u011bte v\u0161e o nejnov\u011bj\u0161\u00edm v\u00fdvoji a inovac\u00edch \u2714\ufe0f","robots":{"index":"index","follow":"follow","max-snippet":"max-snippet:-1","max-image-preview":"max-image-preview:large","max-video-preview":"max-video-preview:-1"},"canonical":"https:\/\/rothschenk.de\/cz\/novinky-spolecnosti\/","og_locale":"cs_CZ","og_type":"article","og_title":"Novinky ve spole\u010dnosti | Rothschenk","og_description":"Sledujte nejnov\u011bj\u0161\u00ed zpr\u00e1vy spole\u010dnosti Rothschenk! Zjist\u011bte v\u0161e o nejnov\u011bj\u0161\u00edm v\u00fdvoji a inovac\u00edch \u2714\ufe0f","og_url":"https:\/\/rothschenk.de\/cz\/novinky-spolecnosti\/","og_site_name":"Rothschenk","article_publisher":"https:\/\/de-de.facebook.com\/FirmaRothschenk\/","article_modified_time":"2025-07-01T07:33:50+00:00","og_image":[{"width":1500,"height":1498,"url":"https:\/\/rothschenk.de\/wp-content\/uploads\/2024\/06\/ihk-interview-rothschenk-ladungssicherung-nachhaltigkeit-pionier-nachhaltiges-wachstum-iwm-magazin.webp","type":"image\/webp"}],"twitter_card":"summary_large_image","twitter_misc":{"Odhadovan\u00e1 doba \u010dten\u00ed":"1 minuta"},"schema":{"@context":"https:\/\/schema.org","@graph":[{"@type":"WebPage","@id":"https:\/\/rothschenk.de\/cz\/novinky-spolecnosti\/","url":"https:\/\/rothschenk.de\/cz\/novinky-spolecnosti\/","name":"Novinky ve spole\u010dnosti | Rothschenk","isPartOf":{"@id":"https:\/\/rothschenk.de\/cz\/#website"},"primaryImageOfPage":{"@id":"https:\/\/rothschenk.de\/cz\/novinky-spolecnosti\/#primaryimage"},"image":{"@id":"https:\/\/rothschenk.de\/cz\/novinky-spolecnosti\/#primaryimage"},"thumbnailUrl":"https:\/\/rothschenk.de\/wp-content\/uploads\/2024\/06\/ihk-interview-rothschenk-ladungssicherung-nachhaltigkeit-pionier-nachhaltiges-wachstum-iwm-magazin.webp","datePublished":"2024-03-15T09:13:36+00:00","dateModified":"2025-07-01T07:33:50+00:00","description":"Sledujte nejnov\u011bj\u0161\u00ed zpr\u00e1vy spole\u010dnosti Rothschenk! Zjist\u011bte v\u0161e o nejnov\u011bj\u0161\u00edm v\u00fdvoji a inovac\u00edch \u2714\ufe0f","breadcrumb":{"@id":"https:\/\/rothschenk.de\/cz\/novinky-spolecnosti\/#breadcrumb"},"inLanguage":"cs","potentialAction":[{"@type":"ReadAction","target":["https:\/\/rothschenk.de\/cz\/novinky-spolecnosti\/"]}]},{"@type":"ImageObject","inLanguage":"cs","@id":"https:\/\/rothschenk.de\/cz\/novinky-spolecnosti\/#primaryimage","url":"https:\/\/rothschenk.de\/wp-content\/uploads\/2024\/06\/ihk-interview-rothschenk-ladungssicherung-nachhaltigkeit-pionier-nachhaltiges-wachstum-iwm-magazin.webp","contentUrl":"https:\/\/rothschenk.de\/wp-content\/uploads\/2024\/06\/ihk-interview-rothschenk-ladungssicherung-nachhaltigkeit-pionier-nachhaltiges-wachstum-iwm-magazin.webp","width":1500,"height":1498,"caption":"ihk-interview-rothschenk-ladungssicherung-nachhaltigkeit-pionier-nachhaltiges-wachstum-iwm-magazin"},{"@type":"BreadcrumbList","@id":"https:\/\/rothschenk.de\/cz\/novinky-spolecnosti\/#breadcrumb","itemListElement":[{"@type":"ListItem","position":1,"name":"Domovsk\u00e1 str\u00e1nka","item":"https:\/\/rothschenk.de\/cz\/domovska-stranka\/"},{"@type":"ListItem","position":2,"name":"Novinky spole\u010dnosti"}]},{"@type":"WebSite","@id":"https:\/\/rothschenk.de\/cz\/#website","url":"https:\/\/rothschenk.de\/cz\/","name":"Rothschenk - Der Online Shop f\u00fcr Ladungssicherung","description":"Der Online Shop f\u00fcr Ladungssicherung","potentialAction":[{"@type":"SearchAction","target":{"@type":"EntryPoint","urlTemplate":"https:\/\/rothschenk.de\/cz\/?s={search_term_string}"},"query-input":{"@type":"PropertyValueSpecification","valueRequired":true,"valueName":"search_term_string"}}],"inLanguage":"cs"}]}},"_links":{"self":[{"href":"https:\/\/rothschenk.de\/cz\/wp-json\/wp\/v2\/pages\/679281","targetHints":{"allow":["GET"]}}],"collection":[{"href":"https:\/\/rothschenk.de\/cz\/wp-json\/wp\/v2\/pages"}],"about":[{"href":"https:\/\/rothschenk.de\/cz\/wp-json\/wp\/v2\/types\/page"}],"author":[{"embeddable":true,"href":"https:\/\/rothschenk.de\/cz\/wp-json\/wp\/v2\/users\/1"}],"replies":[{"embeddable":true,"href":"https:\/\/rothschenk.de\/cz\/wp-json\/wp\/v2\/comments?post=679281"}],"version-history":[{"count":1,"href":"https:\/\/rothschenk.de\/cz\/wp-json\/wp\/v2\/pages\/679281\/revisions"}],"predecessor-version":[{"id":679282,"href":"https:\/\/rothschenk.de\/cz\/wp-json\/wp\/v2\/pages\/679281\/revisions\/679282"}],"wp:featuredmedia":[{"embeddable":true,"href":"https:\/\/rothschenk.de\/cz\/wp-json\/wp\/v2\/media\/684713"}],"wp:attachment":[{"href":"https:\/\/rothschenk.de\/cz\/wp-json\/wp\/v2\/media?parent=679281"}],"curies":[{"name":"wp","href":"https:\/\/api.w.org\/{rel}","templated":true}]}}