{"id":682790,"date":"2021-05-26T11:10:10","date_gmt":"2021-05-26T09:10:10","guid":{"rendered":"https:\/\/rothschenk.de\/otisk\/"},"modified":"2025-07-01T07:30:45","modified_gmt":"2025-07-01T05:30:45","slug":"otisk","status":"publish","type":"page","link":"https:\/\/rothschenk.de\/cz\/otisk\/","title":{"rendered":"Otisk"},"content":{"rendered":"\t\t<div data-elementor-type=\"wp-page\" data-elementor-id=\"682790\" class=\"elementor elementor-682790 elementor-12\" data-elementor-post-type=\"page\">\n\t\t\t\t\t\t<section data-particle_enable=\"false\" data-particle-mobile-disabled=\"false\" class=\"elementor-section elementor-top-section elementor-element elementor-element-4a13d94 elementor-section-boxed elementor-section-height-default elementor-section-height-default\" data-id=\"4a13d94\" data-element_type=\"section\" data-e-type=\"section\" data-settings=\"{&quot;background_background&quot;:&quot;classic&quot;}\">\n\t\t\t\t\t\t<div class=\"elementor-container elementor-column-gap-default\">\n\t\t\t\t\t<div class=\"elementor-column elementor-col-100 elementor-top-column elementor-element elementor-element-845e63f\" data-id=\"845e63f\" data-element_type=\"column\" data-e-type=\"column\">\n\t\t\t<div class=\"elementor-widget-wrap elementor-element-populated\">\n\t\t\t\t\t\t<div class=\"elementor-element elementor-element-4a3e290 elementor-widget elementor-widget-heading\" data-id=\"4a3e290\" data-element_type=\"widget\" data-e-type=\"widget\" data-widget_type=\"heading.default\">\n\t\t\t\t<div class=\"elementor-widget-container\">\n\t\t\t\t\t<h1 class=\"elementor-heading-title elementor-size-default\">Otisk<\/h1>\t\t\t\t<\/div>\n\t\t\t\t<\/div>\n\t\t\t\t<div class=\"elementor-element elementor-element-d4c38c3 elementor-widget elementor-widget-text-editor\" data-id=\"d4c38c3\" data-element_type=\"widget\" data-e-type=\"widget\" data-widget_type=\"text-editor.default\">\n\t\t\t\t<div class=\"elementor-widget-container\">\n\t\t\t\t\t\t\t\t\t<h5>Informace podle \u00a7 5 DDG:<\/h5>\n<p>G&amp;H GmbH Rothschenk<br>Industriestrasse 5 &amp; 7-10<br>97239 Aub<\/p>\n<h5>Zastoupen\u00e1:<\/h5>\n<p>Jednatel\u00e9: Thomas Lorenz a Torsten Urban<\/p>\n<h5>Kontakt:<\/h5>\n<p>Telefon: +49 9335 97 15 &#8211; 0<br>Fax: +49 9335 97 15 &#8211; 15<br>E-mail: info@rothschenk.de.<\/p>\n<h5>Vstup do registru:<\/h5>\n<p>Z\u00e1pis v obchodn\u00edm rejst\u0159\u00edku.<br>Rejst\u0159\u00edkov\u00fd soud: W\u00fcrzburg Local Court<br>Rejst\u0159\u00edkov\u00e9 \u010d\u00edslo: HRB 5676<\/p>\n<h5>Da\u0148 z p\u0159idan\u00e9 hodnoty:<\/h5>\n<p>Identifika\u010dn\u00ed \u010d\u00edslo pro da\u0148 z prodeje podle \u00a7 27a z\u00e1kona o dani z prodeje:<br>DE812092732<\/p>\n<h5>Odpov\u011bdnost za obsah podle \u00a7 55 odst. 2 RStV: <\/h5>\n<p>G&amp;H GmbH Rothschenk<br>Torsten Urban<br>Industriestr. 5 &amp; 7-10<br>97239 Aub <\/p>\n<h5>\u0158e\u0161en\u00ed spor\u016f<\/h5>\n<p>Evropsk\u00e1 komise poskytuje platformu pro online \u0159e\u0161en\u00ed spor\u016f (OS): <u><a href=\"https:\/\/ec.europa.eu\/consumers\/odr\">https:\/\/ec.europa.eu\/consumers\/odr.<\/a><\/u>.<br>Na\u0161i e-mailovou adresu naleznete ve v\u00fd\u0161e uveden\u00e9m pr\u00e1vn\u00edm upozorn\u011bn\u00ed.<\/p>\n<p>Nejsme ochotni ani povinni \u00fa\u010dastnit se \u0159\u00edzen\u00ed o \u0159e\u0161en\u00ed spor\u016f p\u0159ed spot\u0159ebitelskou rozhod\u010d\u00ed komis\u00ed.<\/p>\n<h5>Odpov\u011bdnost za obsah<\/h5>\n<p>Jako poskytovatel slu\u017eeb jsme v souladu s \u00a7 7 odst. 1 DDG a obecn\u00fdmi pr\u00e1vn\u00edmi p\u0159edpisy odpov\u011bdn\u00ed za vlastn\u00ed obsah t\u011bchto str\u00e1nek. Podle \u00a7\u00a7 8 a\u017e 10 DDG v\u0161ak jako poskytovatel slu\u017eeb nejsme povinni sledovat p\u0159en\u00e1\u0161en\u00e9 nebo ukl\u00e1dan\u00e9 informace t\u0159et\u00edch stran ani vy\u0161et\u0159ovat okolnosti, kter\u00e9 nazna\u010duj\u00ed nez\u00e1konnou \u010dinnost.  <\/p>\n<p>Povinnosti odstranit nebo zablokovat pou\u017e\u00edv\u00e1n\u00ed informac\u00ed v souladu s obecn\u00fdmi pr\u00e1vn\u00edmi p\u0159edpisy t\u00edm nejsou dot\u010deny. Odpov\u011bdnost v tomto ohledu je v\u0161ak mo\u017en\u00e1 a\u017e od okam\u017eiku, kdy se dozv\u00edme o konkr\u00e9tn\u00edm poru\u0161en\u00ed. Jakmile se o takov\u00e9m poru\u0161en\u00ed dozv\u00edme, okam\u017eit\u011b tento obsah odstran\u00edme.  <\/p>\n<h5>Odpov\u011bdnost za odkazy<\/h5>\n<p>Na\u0161e webov\u00e9 str\u00e1nky obsahuj\u00ed odkazy na extern\u00ed webov\u00e9 str\u00e1nky t\u0159et\u00edch stran, na jejich\u017e obsah nem\u00e1me \u017e\u00e1dn\u00fd vliv. Proto nem\u016f\u017eeme p\u0159evz\u00edt \u017e\u00e1dnou odpov\u011bdnost za tento obsah t\u0159et\u00edch stran. Za obsah odkazovan\u00fdch str\u00e1nek je v\u017edy odpov\u011bdn\u00fd p\u0159\u00edslu\u0161n\u00fd poskytovatel nebo provozovatel str\u00e1nek. Odkazovan\u00e9 str\u00e1nky byly v dob\u011b odkazov\u00e1n\u00ed zkontrolov\u00e1ny z hlediska mo\u017en\u00e9ho poru\u0161en\u00ed pr\u00e1vn\u00edch p\u0159edpis\u016f. Nez\u00e1konn\u00fd obsah nebyl v dob\u011b odkazov\u00e1n\u00ed rozpozn\u00e1n.    <\/p>\n<p>Trval\u00e9 sledov\u00e1n\u00ed obsahu odkazovan\u00fdch str\u00e1nek v\u0161ak nen\u00ed bez konkr\u00e9tn\u00edch d\u016fkaz\u016f o protipr\u00e1vn\u00edm jedn\u00e1n\u00ed rozumn\u00e9. Pokud se dozv\u00edme o jak\u00e9mkoli poru\u0161en\u00ed pr\u00e1vn\u00edch p\u0159edpis\u016f, okam\u017eit\u011b takov\u00e9 odkazy odstran\u00edme. <\/p>\n<h5>Autorsk\u00e1 pr\u00e1va<\/h5>\n<p>Obsah a d\u00edla vytvo\u0159en\u00e1 provozovateli str\u00e1nek na t\u011bchto str\u00e1nk\u00e1ch podl\u00e9haj\u00ed n\u011bmeck\u00e9mu autorsk\u00e9mu pr\u00e1vu. Kop\u00edrov\u00e1n\u00ed, zpracov\u00e1n\u00ed, \u0161\u00ed\u0159en\u00ed a jak\u00fdkoli zp\u016fsob vyu\u017eit\u00ed nad r\u00e1mec autorsk\u00e9ho pr\u00e1va vy\u017eaduje p\u00edsemn\u00fd souhlas p\u0159\u00edslu\u0161n\u00e9ho autora nebo tv\u016frce. Stahov\u00e1n\u00ed a kop\u00edrov\u00e1n\u00ed t\u011bchto str\u00e1nek je povoleno pouze pro soukrom\u00e9, nekomer\u010dn\u00ed pou\u017eit\u00ed.  <\/p>\n<p>Pokud obsah na t\u011bchto str\u00e1nk\u00e1ch nebyl vytvo\u0159en provozovatelem, jsou respektov\u00e1na autorsk\u00e1 pr\u00e1va t\u0159et\u00edch stran. Zejm\u00e9na obsah t\u0159et\u00edch stran je takto ozna\u010den. Pokud se p\u0159esto dozv\u00edte o poru\u0161en\u00ed autorsk\u00fdch pr\u00e1v, informujte n\u00e1s o tom. Pokud se o poru\u0161en\u00ed autorsk\u00fdch pr\u00e1v dozv\u00edme, neprodlen\u011b takov\u00fd obsah odstran\u00edme.   &nbsp;<\/p>\t\t\t\t\t\t\t\t<\/div>\n\t\t\t\t<\/div>\n\t\t\t\t<div class=\"elementor-element elementor-element-8122df0 elementor-widget elementor-widget-text-editor\" data-id=\"8122df0\" data-element_type=\"widget\" data-e-type=\"widget\" data-widget_type=\"text-editor.default\">\n\t\t\t\t<div class=\"elementor-widget-container\">\n\t\t\t\t\t\t\t\t\t<p>Webov\u00e9 str\u00e1nky a technick\u00e1 podpora: <a href=\"https:\/\/www.user-mind.de\/\" target=\"_blank\" rel=\"noopener\">UserMind GmbH<\/a><\/p>\t\t\t\t\t\t\t\t<\/div>\n\t\t\t\t<\/div>\n\t\t\t\t\t<\/div>\n\t\t<\/div>\n\t\t\t\t\t<\/div>\n\t\t<\/section>\n\t\t\t\t<\/div>\n\t\t","protected":false},"excerpt":{"rendered":"<p>Otisk Informace podle \u00a7 5 DDG: G&amp;H GmbH RothschenkIndustriestrasse 5 &amp; 7-1097239 Aub Zastoupen\u00e1: Jednatel\u00e9: Thomas Lorenz a Torsten Urban Kontakt: Telefon: +49 9335 97 15 &#8211; 0Fax: +49 9335 97 15 &#8211; 15E-mail: info@rothschenk.de. Vstup do registru: Z\u00e1pis v obchodn\u00edm rejst\u0159\u00edku.Rejst\u0159\u00edkov\u00fd soud: W\u00fcrzburg Local CourtRejst\u0159\u00edkov\u00e9 \u010d\u00edslo: HRB 5676 Da\u0148 z p\u0159idan\u00e9 hodnoty: Identifika\u010dn\u00ed \u010d\u00edslo [&hellip;]<\/p>\n","protected":false},"author":1,"featured_media":0,"parent":0,"menu_order":0,"comment_status":"closed","ping_status":"closed","template":"","meta":{"_acf_changed":false,"footnotes":""},"class_list":["post-682790","page","type-page","status-publish","hentry"],"acf":[],"yoast_head":"<!-- This site is optimized with the Yoast SEO plugin v27.4 - https:\/\/yoast.com\/product\/yoast-seo-wordpress\/ -->\n<title>Otisk - Rothschenk<\/title>\n<meta name=\"robots\" content=\"noindex, follow\" \/>\n<meta property=\"og:locale\" content=\"cs_CZ\" \/>\n<meta property=\"og:type\" content=\"article\" \/>\n<meta property=\"og:title\" content=\"Otisk - Rothschenk\" \/>\n<meta property=\"og:description\" content=\"Otisk Informace podle \u00a7 5 DDG: G&amp;H GmbH RothschenkIndustriestrasse 5 &amp; 7-1097239 Aub Zastoupen\u00e1: Jednatel\u00e9: Thomas Lorenz a Torsten Urban Kontakt: Telefon: +49 9335 97 15 &#8211; 0Fax: +49 9335 97 15 &#8211; 15E-mail: info@rothschenk.de. Vstup do registru: Z\u00e1pis v obchodn\u00edm rejst\u0159\u00edku.Rejst\u0159\u00edkov\u00fd soud: W\u00fcrzburg Local CourtRejst\u0159\u00edkov\u00e9 \u010d\u00edslo: HRB 5676 Da\u0148 z p\u0159idan\u00e9 hodnoty: Identifika\u010dn\u00ed \u010d\u00edslo [&hellip;]\" \/>\n<meta property=\"og:url\" content=\"https:\/\/rothschenk.de\/cs\/otisk\/\" \/>\n<meta property=\"og:site_name\" content=\"Rothschenk\" \/>\n<meta property=\"article:publisher\" content=\"https:\/\/de-de.facebook.com\/FirmaRothschenk\/\" \/>\n<meta property=\"article:modified_time\" content=\"2025-07-01T05:30:45+00:00\" \/>\n<meta name=\"twitter:card\" content=\"summary_large_image\" \/>\n<meta name=\"twitter:label1\" content=\"Odhadovan\u00e1 doba \u010dten\u00ed\" \/>\n\t<meta name=\"twitter:data1\" content=\"3 minuty\" \/>\n<script type=\"application\/ld+json\" class=\"yoast-schema-graph\">{\"@context\":\"https:\\\/\\\/schema.org\",\"@graph\":[{\"@type\":\"WebPage\",\"@id\":\"https:\\\/\\\/rothschenk.de\\\/cs\\\/otisk\\\/\",\"url\":\"https:\\\/\\\/rothschenk.de\\\/cs\\\/otisk\\\/\",\"name\":\"Otisk - Rothschenk\",\"isPartOf\":{\"@id\":\"https:\\\/\\\/rothschenk.de\\\/#website\"},\"datePublished\":\"2021-05-26T09:10:10+00:00\",\"dateModified\":\"2025-07-01T05:30:45+00:00\",\"breadcrumb\":{\"@id\":\"https:\\\/\\\/rothschenk.de\\\/cs\\\/otisk\\\/#breadcrumb\"},\"inLanguage\":\"cs\",\"potentialAction\":[{\"@type\":\"ReadAction\",\"target\":[\"https:\\\/\\\/rothschenk.de\\\/cs\\\/otisk\\\/\"]}]},{\"@type\":\"BreadcrumbList\",\"@id\":\"https:\\\/\\\/rothschenk.de\\\/cs\\\/otisk\\\/#breadcrumb\",\"itemListElement\":[{\"@type\":\"ListItem\",\"position\":1,\"name\":\"Domovsk\u00e1 str\u00e1nka\",\"item\":\"https:\\\/\\\/rothschenk.de\\\/cz\\\/domovska-stranka\\\/\"},{\"@type\":\"ListItem\",\"position\":2,\"name\":\"Otisk\"}]},{\"@type\":\"WebSite\",\"@id\":\"https:\\\/\\\/rothschenk.de\\\/#website\",\"url\":\"https:\\\/\\\/rothschenk.de\\\/\",\"name\":\"Rothschenk - Der Online Shop f\u00fcr Ladungssicherung\",\"description\":\"Der Online Shop f\u00fcr Ladungssicherung\",\"potentialAction\":[{\"@type\":\"SearchAction\",\"target\":{\"@type\":\"EntryPoint\",\"urlTemplate\":\"https:\\\/\\\/rothschenk.de\\\/?s={search_term_string}\"},\"query-input\":{\"@type\":\"PropertyValueSpecification\",\"valueRequired\":true,\"valueName\":\"search_term_string\"}}],\"inLanguage\":\"cs\"}]}<\/script>\n<!-- \/ Yoast SEO plugin. -->","yoast_head_json":{"title":"Otisk - Rothschenk","robots":{"index":"noindex","follow":"follow"},"og_locale":"cs_CZ","og_type":"article","og_title":"Otisk - Rothschenk","og_description":"Otisk Informace podle \u00a7 5 DDG: G&amp;H GmbH RothschenkIndustriestrasse 5 &amp; 7-1097239 Aub Zastoupen\u00e1: Jednatel\u00e9: Thomas Lorenz a Torsten Urban Kontakt: Telefon: +49 9335 97 15 &#8211; 0Fax: +49 9335 97 15 &#8211; 15E-mail: info@rothschenk.de. Vstup do registru: Z\u00e1pis v obchodn\u00edm rejst\u0159\u00edku.Rejst\u0159\u00edkov\u00fd soud: W\u00fcrzburg Local CourtRejst\u0159\u00edkov\u00e9 \u010d\u00edslo: HRB 5676 Da\u0148 z p\u0159idan\u00e9 hodnoty: Identifika\u010dn\u00ed \u010d\u00edslo [&hellip;]","og_url":"https:\/\/rothschenk.de\/cs\/otisk\/","og_site_name":"Rothschenk","article_publisher":"https:\/\/de-de.facebook.com\/FirmaRothschenk\/","article_modified_time":"2025-07-01T05:30:45+00:00","twitter_card":"summary_large_image","twitter_misc":{"Odhadovan\u00e1 doba \u010dten\u00ed":"3 minuty"},"schema":{"@context":"https:\/\/schema.org","@graph":[{"@type":"WebPage","@id":"https:\/\/rothschenk.de\/cs\/otisk\/","url":"https:\/\/rothschenk.de\/cs\/otisk\/","name":"Otisk - Rothschenk","isPartOf":{"@id":"https:\/\/rothschenk.de\/#website"},"datePublished":"2021-05-26T09:10:10+00:00","dateModified":"2025-07-01T05:30:45+00:00","breadcrumb":{"@id":"https:\/\/rothschenk.de\/cs\/otisk\/#breadcrumb"},"inLanguage":"cs","potentialAction":[{"@type":"ReadAction","target":["https:\/\/rothschenk.de\/cs\/otisk\/"]}]},{"@type":"BreadcrumbList","@id":"https:\/\/rothschenk.de\/cs\/otisk\/#breadcrumb","itemListElement":[{"@type":"ListItem","position":1,"name":"Domovsk\u00e1 str\u00e1nka","item":"https:\/\/rothschenk.de\/cz\/domovska-stranka\/"},{"@type":"ListItem","position":2,"name":"Otisk"}]},{"@type":"WebSite","@id":"https:\/\/rothschenk.de\/#website","url":"https:\/\/rothschenk.de\/","name":"Rothschenk - Der Online Shop f\u00fcr Ladungssicherung","description":"Der Online Shop f\u00fcr Ladungssicherung","potentialAction":[{"@type":"SearchAction","target":{"@type":"EntryPoint","urlTemplate":"https:\/\/rothschenk.de\/?s={search_term_string}"},"query-input":{"@type":"PropertyValueSpecification","valueRequired":true,"valueName":"search_term_string"}}],"inLanguage":"cs"}]}},"_links":{"self":[{"href":"https:\/\/rothschenk.de\/cz\/wp-json\/wp\/v2\/pages\/682790","targetHints":{"allow":["GET"]}}],"collection":[{"href":"https:\/\/rothschenk.de\/cz\/wp-json\/wp\/v2\/pages"}],"about":[{"href":"https:\/\/rothschenk.de\/cz\/wp-json\/wp\/v2\/types\/page"}],"author":[{"embeddable":true,"href":"https:\/\/rothschenk.de\/cz\/wp-json\/wp\/v2\/users\/1"}],"replies":[{"embeddable":true,"href":"https:\/\/rothschenk.de\/cz\/wp-json\/wp\/v2\/comments?post=682790"}],"version-history":[{"count":1,"href":"https:\/\/rothschenk.de\/cz\/wp-json\/wp\/v2\/pages\/682790\/revisions"}],"predecessor-version":[{"id":682793,"href":"https:\/\/rothschenk.de\/cz\/wp-json\/wp\/v2\/pages\/682790\/revisions\/682793"}],"wp:attachment":[{"href":"https:\/\/rothschenk.de\/cz\/wp-json\/wp\/v2\/media?parent=682790"}],"curies":[{"name":"wp","href":"https:\/\/api.w.org\/{rel}","templated":true}]}}