{"id":1268,"date":"2023-07-16T20:00:39","date_gmt":"2023-07-16T18:00:39","guid":{"rendered":"https:\/\/rothschenk.de\/rothschenk-shop\/?post_type=product&#038;p=1268"},"modified":"2026-03-19T08:50:28","modified_gmt":"2026-03-19T07:50:28","slug":"akkugeblaese-komplettset-kunststoffadapter-fuer-smart-ventil","status":"publish","type":"product","link":"https:\/\/rothschenk.de\/cz\/produkt\/akkugeblaese-komplettset-kunststoffadapter-fuer-smart-ventil\/","title":{"rendered":"Akkugebl\u00e4se PAM Komplettset | Kunststoffadapter f\u00fcr SMART Ventil"},"content":{"rendered":"<h3>Akkugebl\u00e4se PAM Komplettset inkl. Kunststoffadapter f\u00fcr SMART Ventil<\/h3>\n<p>Im Set enthalten:<\/p>\n<ul>\n<li style=\"list-style-type: none;\">\n<ul>\n<li>Handgebl\u00e4se<\/li>\n<li>flexibler Bef\u00fcllschlauch 700 mm<\/li>\n<li>Adapter: Kunststoff Quick Connect f\u00fcr SMART-Ventile<\/li>\n<li>Verstellbarer Schultergurt<\/li>\n<li>2x Akku (18 V, 6.600 mAh)<\/li>\n<li>Schnellladeger\u00e4t<\/li>\n<\/ul>\n<\/li>\n<\/ul>\n<p>Wir haben ein attraktives mobiles Akkugebl\u00e4se-Set kreiert, mit den wichtigsten Komponenten moderner Ladungssicherung. Dieses Set ist ausger\u00fcstet mit dem Quick Connect Kunststoffadapter f\u00fcr unser Smart-Ventil. Sie k\u00f6nnen den Adapter direkt auf das Akkugebl\u00e4se aufsetzen oder den mitgelieferten Bef\u00fcllschlauch f\u00fcr mehr Flexibilit\u00e4t verwenden.<\/p>\n<p>Der leistungsstarke Motor in Verbindung mit dem kraftvollen Akku macht das Aufblasen unserer Staus\u00e4cke zum Kinderspiel. Durch den zweiten mitgelieferten Akku und die kurzen Ladezeiten haben Sie im Wechsel immer genug Leistung f\u00fcr den Alltag an der Verladerampe. Sie k\u00f6nnen das Akkugebl\u00e4se auch zum Entleeren\/Absaugen von Staupolstern verwenden. Dazu stecken sie den Schlauch einfach auf den mittleren Anschluss am Grundk\u00f6rper um.<\/p>\n<p>Mit unserem mobilen Akkugebl\u00e4se haben Sie im Gegensatz zu station\u00e4ren Druckluftsystemen mehr Freiheiten. Es liegen keine Leitungen im Weg und Stolperfallen werden im Sinne der Arbeitssicherheit vermieden. Durch den Schultergurt haben Sie zudem wenn n\u00f6tig beide H\u00e4nde frei um die Ladungssicherung, z.B. das Lashing anzubringen.<\/p>\n","protected":false},"excerpt":{"rendered":"<p>Akkugebl\u00e4se PAM Komplettset inkl. Kunststoffadapter f\u00fcr SMART Ventil Im Set enthalten: Handgebl\u00e4se flexibler Bef\u00fcllschlauch 700 mm Adapter: Kunststoff Quick Connect f\u00fcr SMART-Ventile Verstellbarer Schultergurt 2x Akku (18 V, 6.600 mAh) Schnellladeger\u00e4t Wir haben ein attraktives mobiles Akkugebl\u00e4se-Set kreiert, mit den wichtigsten Komponenten moderner Ladungssicherung. Dieses Set ist ausger\u00fcstet mit dem Quick Connect Kunststoffadapter f\u00fcr unser [&hellip;]<\/p>\n","protected":false},"featured_media":23192,"comment_status":"open","ping_status":"closed","template":"","meta":{"_acf_changed":false},"product_brand":[],"product_cat":[54,20],"product_tag":[],"class_list":{"0":"post-1268","1":"product","2":"type-product","3":"status-publish","4":"has-post-thumbnail","6":"product_cat-befuelltechnik","7":"product_cat-stausack","9":"first","10":"instock","11":"taxable","12":"shipping-taxable","13":"purchasable","14":"product-type-simple"},"acf":[],"yoast_head":"<!-- This site is optimized with the Yoast SEO plugin v27.4 - https:\/\/yoast.com\/product\/yoast-seo-wordpress\/ -->\n<title>Akkugebl\u00e4se PAM Komplettset | Kunststoffadapter f\u00fcr SMART Ventil<\/title>\n<meta name=\"description\" content=\"Akkugebl\u00e4se PAM Komplettset - inkl. Kunststoffadapter f\u00fcr SMART Ventil \u2713 Verstellbarer Schultergurt \u27a4 Jetzt online bestellen!\" \/>\n<meta name=\"robots\" content=\"index, follow, max-snippet:-1, max-image-preview:large, max-video-preview:-1\" \/>\n<link rel=\"canonical\" href=\"https:\/\/rothschenk.de\/produkt\/akkugeblaese-komplettset-kunststoffadapter-fuer-smart-ventil\/\" \/>\n<meta property=\"og:locale\" content=\"cs_CZ\" \/>\n<meta property=\"og:type\" content=\"article\" \/>\n<meta property=\"og:title\" content=\"Akkugebl\u00e4se PAM Komplettset | Kunststoffadapter f\u00fcr SMART Ventil\" \/>\n<meta property=\"og:description\" content=\"Akkugebl\u00e4se PAM Komplettset - inkl. Kunststoffadapter f\u00fcr SMART Ventil \u2713 Verstellbarer Schultergurt \u27a4 Jetzt online bestellen!\" \/>\n<meta property=\"og:url\" content=\"https:\/\/rothschenk.de\/produkt\/akkugeblaese-komplettset-kunststoffadapter-fuer-smart-ventil\/\" \/>\n<meta property=\"og:site_name\" content=\"Rothschenk\" \/>\n<meta property=\"article:publisher\" content=\"https:\/\/de-de.facebook.com\/FirmaRothschenk\/\" \/>\n<meta property=\"article:modified_time\" content=\"2026-03-19T07:50:28+00:00\" \/>\n<meta property=\"og:image\" content=\"https:\/\/rothschenk.de\/wp-content\/uploads\/2023\/02\/24320_PAM-Akkugeblaese-6.jpg\" \/>\n\t<meta property=\"og:image:width\" content=\"1024\" \/>\n\t<meta property=\"og:image:height\" content=\"1024\" \/>\n\t<meta property=\"og:image:type\" content=\"image\/jpeg\" \/>\n<meta name=\"twitter:card\" content=\"summary_large_image\" \/>\n<meta name=\"twitter:label1\" content=\"Cena\" \/>\n\t<meta name=\"twitter:data1\" content=\"429,00&nbsp;&euro;\" \/>\n\t<meta name=\"twitter:label2\" content=\"Dostupnost\" \/>\n\t<meta name=\"twitter:data2\" content=\"Skladem\" \/>\n<script type=\"application\/ld+json\" class=\"yoast-schema-graph\">{\"@context\":\"https:\\\/\\\/schema.org\",\"@graph\":[{\"@type\":\"WebPage\",\"@id\":\"https:\\\/\\\/rothschenk.de\\\/produkt\\\/akkugeblaese-komplettset-kunststoffadapter-fuer-smart-ventil\\\/\",\"url\":\"https:\\\/\\\/rothschenk.de\\\/produkt\\\/akkugeblaese-komplettset-kunststoffadapter-fuer-smart-ventil\\\/\",\"name\":\"Akkugebl\u00e4se PAM Komplettset | Kunststoffadapter f\u00fcr SMART Ventil\",\"isPartOf\":{\"@id\":\"https:\\\/\\\/rothschenk.de\\\/#website\"},\"primaryImageOfPage\":{\"@id\":\"https:\\\/\\\/rothschenk.de\\\/produkt\\\/akkugeblaese-komplettset-kunststoffadapter-fuer-smart-ventil\\\/#primaryimage\"},\"image\":{\"@id\":\"https:\\\/\\\/rothschenk.de\\\/produkt\\\/akkugeblaese-komplettset-kunststoffadapter-fuer-smart-ventil\\\/#primaryimage\"},\"thumbnailUrl\":\"https:\\\/\\\/rothschenk.de\\\/wp-content\\\/uploads\\\/2023\\\/02\\\/24320_PAM-Akkugeblaese-6.jpg\",\"datePublished\":\"2023-07-16T18:00:39+00:00\",\"dateModified\":\"2026-03-19T07:50:28+00:00\",\"description\":\"Akkugebl\u00e4se PAM Komplettset - inkl. Kunststoffadapter f\u00fcr SMART Ventil \u2713 Verstellbarer Schultergurt \u27a4 Jetzt online bestellen!\",\"breadcrumb\":{\"@id\":\"https:\\\/\\\/rothschenk.de\\\/produkt\\\/akkugeblaese-komplettset-kunststoffadapter-fuer-smart-ventil\\\/#breadcrumb\"},\"inLanguage\":\"cs\",\"potentialAction\":[{\"@type\":\"ReadAction\",\"target\":[\"https:\\\/\\\/rothschenk.de\\\/produkt\\\/akkugeblaese-komplettset-kunststoffadapter-fuer-smart-ventil\\\/\"]}]},{\"@type\":\"ImageObject\",\"inLanguage\":\"cs\",\"@id\":\"https:\\\/\\\/rothschenk.de\\\/produkt\\\/akkugeblaese-komplettset-kunststoffadapter-fuer-smart-ventil\\\/#primaryimage\",\"url\":\"https:\\\/\\\/rothschenk.de\\\/wp-content\\\/uploads\\\/2023\\\/02\\\/24320_PAM-Akkugeblaese-6.jpg\",\"contentUrl\":\"https:\\\/\\\/rothschenk.de\\\/wp-content\\\/uploads\\\/2023\\\/02\\\/24320_PAM-Akkugeblaese-6.jpg\",\"width\":1024,\"height\":1024,\"caption\":\"Akkugebl\u00e4se PAM Komplettset\"},{\"@type\":\"BreadcrumbList\",\"@id\":\"https:\\\/\\\/rothschenk.de\\\/produkt\\\/akkugeblaese-komplettset-kunststoffadapter-fuer-smart-ventil\\\/#breadcrumb\",\"itemListElement\":[{\"@type\":\"ListItem\",\"position\":1,\"name\":\"Domovsk\u00e1 str\u00e1nka\",\"item\":\"https:\\\/\\\/rothschenk.de\\\/cz\\\/domovska-stranka\\\/\"},{\"@type\":\"ListItem\",\"position\":2,\"name\":\"Shop\",\"item\":\"https:\\\/\\\/rothschenk.de\\\/shop\\\/\"},{\"@type\":\"ListItem\",\"position\":3,\"name\":\"Akkugebl\u00e4se PAM Komplettset | Kunststoffadapter f\u00fcr SMART Ventil\"}]},{\"@type\":\"WebSite\",\"@id\":\"https:\\\/\\\/rothschenk.de\\\/#website\",\"url\":\"https:\\\/\\\/rothschenk.de\\\/\",\"name\":\"Rothschenk - Der Online Shop f\u00fcr Ladungssicherung\",\"description\":\"Der Online Shop f\u00fcr Ladungssicherung\",\"potentialAction\":[{\"@type\":\"SearchAction\",\"target\":{\"@type\":\"EntryPoint\",\"urlTemplate\":\"https:\\\/\\\/rothschenk.de\\\/?s={search_term_string}\"},\"query-input\":{\"@type\":\"PropertyValueSpecification\",\"valueRequired\":true,\"valueName\":\"search_term_string\"}}],\"inLanguage\":\"cs\"}]}<\/script>\n<meta property=\"product:price:amount\" content=\"429.00\" \/>\n<meta property=\"product:price:currency\" content=\"EUR\" \/>\n<meta property=\"og:availability\" content=\"instock\" \/>\n<meta property=\"product:availability\" content=\"instock\" \/>\n<meta property=\"product:retailer_item_id\" content=\"24320\" \/>\n<meta property=\"product:condition\" content=\"new\" \/>\n<!-- \/ Yoast SEO plugin. -->","yoast_head_json":{"title":"Akkugebl\u00e4se PAM Komplettset | Kunststoffadapter f\u00fcr SMART Ventil","description":"Akkugebl\u00e4se PAM Komplettset - inkl. Kunststoffadapter f\u00fcr SMART Ventil \u2713 Verstellbarer Schultergurt \u27a4 Jetzt online bestellen!","robots":{"index":"index","follow":"follow","max-snippet":"max-snippet:-1","max-image-preview":"max-image-preview:large","max-video-preview":"max-video-preview:-1"},"canonical":"https:\/\/rothschenk.de\/produkt\/akkugeblaese-komplettset-kunststoffadapter-fuer-smart-ventil\/","og_locale":"cs_CZ","og_type":"article","og_title":"Akkugebl\u00e4se PAM Komplettset | Kunststoffadapter f\u00fcr SMART Ventil","og_description":"Akkugebl\u00e4se PAM Komplettset - inkl. Kunststoffadapter f\u00fcr SMART Ventil \u2713 Verstellbarer Schultergurt \u27a4 Jetzt online bestellen!","og_url":"https:\/\/rothschenk.de\/produkt\/akkugeblaese-komplettset-kunststoffadapter-fuer-smart-ventil\/","og_site_name":"Rothschenk","article_publisher":"https:\/\/de-de.facebook.com\/FirmaRothschenk\/","article_modified_time":"2026-03-19T07:50:28+00:00","og_image":[{"width":1024,"height":1024,"url":"https:\/\/rothschenk.de\/wp-content\/uploads\/2023\/02\/24320_PAM-Akkugeblaese-6.jpg","type":"image\/jpeg"}],"twitter_card":"summary_large_image","twitter_misc":{"Cena":"429,00&nbsp;&euro;","Dostupnost":"Skladem"},"schema":{"@context":"https:\/\/schema.org","@graph":[{"@type":"WebPage","@id":"https:\/\/rothschenk.de\/produkt\/akkugeblaese-komplettset-kunststoffadapter-fuer-smart-ventil\/","url":"https:\/\/rothschenk.de\/produkt\/akkugeblaese-komplettset-kunststoffadapter-fuer-smart-ventil\/","name":"Akkugebl\u00e4se PAM Komplettset | Kunststoffadapter f\u00fcr SMART Ventil","isPartOf":{"@id":"https:\/\/rothschenk.de\/#website"},"primaryImageOfPage":{"@id":"https:\/\/rothschenk.de\/produkt\/akkugeblaese-komplettset-kunststoffadapter-fuer-smart-ventil\/#primaryimage"},"image":{"@id":"https:\/\/rothschenk.de\/produkt\/akkugeblaese-komplettset-kunststoffadapter-fuer-smart-ventil\/#primaryimage"},"thumbnailUrl":"https:\/\/rothschenk.de\/wp-content\/uploads\/2023\/02\/24320_PAM-Akkugeblaese-6.jpg","datePublished":"2023-07-16T18:00:39+00:00","dateModified":"2026-03-19T07:50:28+00:00","description":"Akkugebl\u00e4se PAM Komplettset - inkl. Kunststoffadapter f\u00fcr SMART Ventil \u2713 Verstellbarer Schultergurt \u27a4 Jetzt online bestellen!","breadcrumb":{"@id":"https:\/\/rothschenk.de\/produkt\/akkugeblaese-komplettset-kunststoffadapter-fuer-smart-ventil\/#breadcrumb"},"inLanguage":"cs","potentialAction":[{"@type":"ReadAction","target":["https:\/\/rothschenk.de\/produkt\/akkugeblaese-komplettset-kunststoffadapter-fuer-smart-ventil\/"]}]},{"@type":"ImageObject","inLanguage":"cs","@id":"https:\/\/rothschenk.de\/produkt\/akkugeblaese-komplettset-kunststoffadapter-fuer-smart-ventil\/#primaryimage","url":"https:\/\/rothschenk.de\/wp-content\/uploads\/2023\/02\/24320_PAM-Akkugeblaese-6.jpg","contentUrl":"https:\/\/rothschenk.de\/wp-content\/uploads\/2023\/02\/24320_PAM-Akkugeblaese-6.jpg","width":1024,"height":1024,"caption":"Akkugebl\u00e4se PAM Komplettset"},{"@type":"BreadcrumbList","@id":"https:\/\/rothschenk.de\/produkt\/akkugeblaese-komplettset-kunststoffadapter-fuer-smart-ventil\/#breadcrumb","itemListElement":[{"@type":"ListItem","position":1,"name":"Domovsk\u00e1 str\u00e1nka","item":"https:\/\/rothschenk.de\/cz\/domovska-stranka\/"},{"@type":"ListItem","position":2,"name":"Shop","item":"https:\/\/rothschenk.de\/shop\/"},{"@type":"ListItem","position":3,"name":"Akkugebl\u00e4se PAM Komplettset | Kunststoffadapter f\u00fcr SMART Ventil"}]},{"@type":"WebSite","@id":"https:\/\/rothschenk.de\/#website","url":"https:\/\/rothschenk.de\/","name":"Rothschenk - Der Online Shop f\u00fcr Ladungssicherung","description":"Der Online Shop f\u00fcr Ladungssicherung","potentialAction":[{"@type":"SearchAction","target":{"@type":"EntryPoint","urlTemplate":"https:\/\/rothschenk.de\/?s={search_term_string}"},"query-input":{"@type":"PropertyValueSpecification","valueRequired":true,"valueName":"search_term_string"}}],"inLanguage":"cs"}]},"product_price_amount":"429.00","product_price_currency":"EUR","og_availability":"instock","product_availability":"instock","product_retailer_item_id":"24320","product_condition":"new"},"_links":{"self":[{"href":"https:\/\/rothschenk.de\/cz\/wp-json\/wp\/v2\/product\/1268","targetHints":{"allow":["GET"]}}],"collection":[{"href":"https:\/\/rothschenk.de\/cz\/wp-json\/wp\/v2\/product"}],"about":[{"href":"https:\/\/rothschenk.de\/cz\/wp-json\/wp\/v2\/types\/product"}],"replies":[{"embeddable":true,"href":"https:\/\/rothschenk.de\/cz\/wp-json\/wp\/v2\/comments?post=1268"}],"wp:featuredmedia":[{"embeddable":true,"href":"https:\/\/rothschenk.de\/cz\/wp-json\/wp\/v2\/media\/23192"}],"wp:attachment":[{"href":"https:\/\/rothschenk.de\/cz\/wp-json\/wp\/v2\/media?parent=1268"}],"wp:term":[{"taxonomy":"product_brand","embeddable":true,"href":"https:\/\/rothschenk.de\/cz\/wp-json\/wp\/v2\/product_brand?post=1268"},{"taxonomy":"product_cat","embeddable":true,"href":"https:\/\/rothschenk.de\/cz\/wp-json\/wp\/v2\/product_cat?post=1268"},{"taxonomy":"product_tag","embeddable":true,"href":"https:\/\/rothschenk.de\/cz\/wp-json\/wp\/v2\/product_tag?post=1268"}],"curies":[{"name":"wp","href":"https:\/\/api.w.org\/{rel}","templated":true}]}}