{"id":1315,"date":"2023-07-15T20:00:55","date_gmt":"2023-07-15T18:00:55","guid":{"rendered":"https:\/\/rothschenk.de\/rothschenk-shop\/?post_type=product&#038;p=1315"},"modified":"2026-04-02T13:49:44","modified_gmt":"2026-04-02T11:49:44","slug":"kunststoffadapter-fuer-smart-ventile","status":"publish","type":"product","link":"https:\/\/rothschenk.de\/cz\/produkt\/kunststoffadapter-fuer-smart-ventile\/","title":{"rendered":"Kunststoffadapter f\u00fcr SMART Ventile"},"content":{"rendered":"<h3>Kunststoff Quick Connect Adapter f\u00fcr SMART Ventile<\/h3>\n<p>Quick Connect: Die clevere L\u00f6sung f\u00fcr schnellstes Bef\u00fcllen von Staupolstern.<br \/>\nUnsere Ventiladapter sind geeignet, sowohl f\u00fcr unser PAM \u2013 als auch unser Milwaukee Akkugebl\u00e4se.<\/p>\n<p>Sollten Sie ein anderes spezielles Ersatzteil suchen, so pr\u00fcfen wir gerne die Machbarkeit und sorgen kurzfristig f\u00fcr Ersatz. Oftmals k\u00f6nnen wir so den Austausch ganzer Einheiten vermeiden und eine kosteng\u00fcnstige L\u00f6sung anbieten.<\/p>\n","protected":false},"excerpt":{"rendered":"<p>Kunststoff Quick Connect Adapter f\u00fcr SMART Ventile Quick Connect: Die clevere L\u00f6sung f\u00fcr schnellstes Bef\u00fcllen von Staupolstern. Unsere Ventiladapter sind geeignet, sowohl f\u00fcr unser PAM \u2013 als auch unser Milwaukee Akkugebl\u00e4se. Sollten Sie ein anderes spezielles Ersatzteil suchen, so pr\u00fcfen wir gerne die Machbarkeit und sorgen kurzfristig f\u00fcr Ersatz. Oftmals k\u00f6nnen wir so den Austausch [&hellip;]<\/p>\n","protected":false},"featured_media":84295,"comment_status":"open","ping_status":"closed","template":"","meta":{"_acf_changed":false},"product_brand":[],"product_cat":[54,20],"product_tag":[],"class_list":{"0":"post-1315","1":"product","2":"type-product","3":"status-publish","4":"has-post-thumbnail","6":"product_cat-befuelltechnik","7":"product_cat-stausack","9":"first","10":"instock","11":"taxable","12":"shipping-taxable","13":"purchasable","14":"product-type-simple"},"acf":[],"yoast_head":"<!-- This site is optimized with the Yoast SEO plugin v27.3 - https:\/\/yoast.com\/product\/yoast-seo-wordpress\/ -->\n<title>Kunststoffadapter f\u00fcr SMART Ventile - Rothschenk<\/title>\n<meta name=\"description\" content=\"Kunststoffadapter f\u00fcr SMART Ventile - hochwertiger Kunststoff \u2714 geeignet f\u00fcr PAM - und Milwaukee Akku Gebl\u00e4se \u27a4 Jetzt online bestellen!\" \/>\n<meta name=\"robots\" content=\"index, follow, max-snippet:-1, max-image-preview:large, max-video-preview:-1\" \/>\n<link rel=\"canonical\" href=\"https:\/\/rothschenk.de\/produkt\/kunststoffadapter-fuer-smart-ventile\/\" \/>\n<meta property=\"og:locale\" content=\"cs_CZ\" \/>\n<meta property=\"og:type\" content=\"article\" \/>\n<meta property=\"og:title\" content=\"Kunststoffadapter f\u00fcr SMART Ventile - Rothschenk\" \/>\n<meta property=\"og:description\" content=\"Kunststoffadapter f\u00fcr SMART Ventile - hochwertiger Kunststoff \u2714 geeignet f\u00fcr PAM - und Milwaukee Akku Gebl\u00e4se \u27a4 Jetzt online bestellen!\" \/>\n<meta property=\"og:url\" content=\"https:\/\/rothschenk.de\/produkt\/kunststoffadapter-fuer-smart-ventile\/\" \/>\n<meta property=\"og:site_name\" content=\"Rothschenk\" \/>\n<meta property=\"article:publisher\" content=\"https:\/\/de-de.facebook.com\/FirmaRothschenk\/\" \/>\n<meta property=\"article:modified_time\" content=\"2026-04-02T11:49:44+00:00\" \/>\n<meta property=\"og:image\" content=\"https:\/\/rothschenk.de\/wp-content\/uploads\/2023\/11\/21942_Befuelladapter-Smart-Kunststoff-1.jpg\" \/>\n\t<meta property=\"og:image:width\" content=\"1024\" \/>\n\t<meta property=\"og:image:height\" content=\"1024\" \/>\n\t<meta property=\"og:image:type\" content=\"image\/jpeg\" \/>\n<meta name=\"twitter:card\" content=\"summary_large_image\" \/>\n<meta name=\"twitter:label1\" content=\"Cena\" \/>\n\t<meta name=\"twitter:data1\" content=\"45,00&nbsp;&euro;\" \/>\n\t<meta name=\"twitter:label2\" content=\"Dostupnost\" \/>\n\t<meta name=\"twitter:data2\" content=\"Skladem\" \/>\n<script type=\"application\/ld+json\" class=\"yoast-schema-graph\">{\"@context\":\"https:\\\/\\\/schema.org\",\"@graph\":[{\"@type\":\"WebPage\",\"@id\":\"https:\\\/\\\/rothschenk.de\\\/produkt\\\/kunststoffadapter-fuer-smart-ventile\\\/\",\"url\":\"https:\\\/\\\/rothschenk.de\\\/produkt\\\/kunststoffadapter-fuer-smart-ventile\\\/\",\"name\":\"Kunststoffadapter f\u00fcr SMART Ventile - Rothschenk\",\"isPartOf\":{\"@id\":\"https:\\\/\\\/rothschenk.de\\\/#website\"},\"primaryImageOfPage\":{\"@id\":\"https:\\\/\\\/rothschenk.de\\\/produkt\\\/kunststoffadapter-fuer-smart-ventile\\\/#primaryimage\"},\"image\":{\"@id\":\"https:\\\/\\\/rothschenk.de\\\/produkt\\\/kunststoffadapter-fuer-smart-ventile\\\/#primaryimage\"},\"thumbnailUrl\":\"https:\\\/\\\/rothschenk.de\\\/wp-content\\\/uploads\\\/2023\\\/11\\\/21942_Befuelladapter-Smart-Kunststoff-1.jpg\",\"datePublished\":\"2023-07-15T18:00:55+00:00\",\"dateModified\":\"2026-04-02T11:49:44+00:00\",\"description\":\"Kunststoffadapter f\u00fcr SMART Ventile - hochwertiger Kunststoff \u2714 geeignet f\u00fcr PAM - und Milwaukee Akku Gebl\u00e4se \u27a4 Jetzt online bestellen!\",\"breadcrumb\":{\"@id\":\"https:\\\/\\\/rothschenk.de\\\/produkt\\\/kunststoffadapter-fuer-smart-ventile\\\/#breadcrumb\"},\"inLanguage\":\"cs\",\"potentialAction\":[{\"@type\":\"ReadAction\",\"target\":[\"https:\\\/\\\/rothschenk.de\\\/produkt\\\/kunststoffadapter-fuer-smart-ventile\\\/\"]}]},{\"@type\":\"ImageObject\",\"inLanguage\":\"cs\",\"@id\":\"https:\\\/\\\/rothschenk.de\\\/produkt\\\/kunststoffadapter-fuer-smart-ventile\\\/#primaryimage\",\"url\":\"https:\\\/\\\/rothschenk.de\\\/wp-content\\\/uploads\\\/2023\\\/11\\\/21942_Befuelladapter-Smart-Kunststoff-1.jpg\",\"contentUrl\":\"https:\\\/\\\/rothschenk.de\\\/wp-content\\\/uploads\\\/2023\\\/11\\\/21942_Befuelladapter-Smart-Kunststoff-1.jpg\",\"width\":1024,\"height\":1024,\"caption\":\"Bef\u00fclladapter Smart aus Kunststoff\"},{\"@type\":\"BreadcrumbList\",\"@id\":\"https:\\\/\\\/rothschenk.de\\\/produkt\\\/kunststoffadapter-fuer-smart-ventile\\\/#breadcrumb\",\"itemListElement\":[{\"@type\":\"ListItem\",\"position\":1,\"name\":\"Domovsk\u00e1 str\u00e1nka\",\"item\":\"https:\\\/\\\/rothschenk.de\\\/cz\\\/domovska-stranka\\\/\"},{\"@type\":\"ListItem\",\"position\":2,\"name\":\"Shop\",\"item\":\"https:\\\/\\\/rothschenk.de\\\/shop\\\/\"},{\"@type\":\"ListItem\",\"position\":3,\"name\":\"Kunststoffadapter f\u00fcr SMART Ventile\"}]},{\"@type\":\"WebSite\",\"@id\":\"https:\\\/\\\/rothschenk.de\\\/#website\",\"url\":\"https:\\\/\\\/rothschenk.de\\\/\",\"name\":\"Rothschenk - Der Online Shop f\u00fcr Ladungssicherung\",\"description\":\"Der Online Shop f\u00fcr Ladungssicherung\",\"potentialAction\":[{\"@type\":\"SearchAction\",\"target\":{\"@type\":\"EntryPoint\",\"urlTemplate\":\"https:\\\/\\\/rothschenk.de\\\/?s={search_term_string}\"},\"query-input\":{\"@type\":\"PropertyValueSpecification\",\"valueRequired\":true,\"valueName\":\"search_term_string\"}}],\"inLanguage\":\"cs\"}]}<\/script>\n<meta property=\"product:price:amount\" content=\"45.00\" \/>\n<meta property=\"product:price:currency\" content=\"EUR\" \/>\n<meta property=\"og:availability\" content=\"instock\" \/>\n<meta property=\"product:availability\" content=\"instock\" \/>\n<meta property=\"product:retailer_item_id\" content=\"21942\" \/>\n<meta property=\"product:condition\" content=\"new\" \/>\n<!-- \/ Yoast SEO plugin. -->","yoast_head_json":{"title":"Kunststoffadapter f\u00fcr SMART Ventile - Rothschenk","description":"Kunststoffadapter f\u00fcr SMART Ventile - hochwertiger Kunststoff \u2714 geeignet f\u00fcr PAM - und Milwaukee Akku Gebl\u00e4se \u27a4 Jetzt online bestellen!","robots":{"index":"index","follow":"follow","max-snippet":"max-snippet:-1","max-image-preview":"max-image-preview:large","max-video-preview":"max-video-preview:-1"},"canonical":"https:\/\/rothschenk.de\/produkt\/kunststoffadapter-fuer-smart-ventile\/","og_locale":"cs_CZ","og_type":"article","og_title":"Kunststoffadapter f\u00fcr SMART Ventile - Rothschenk","og_description":"Kunststoffadapter f\u00fcr SMART Ventile - hochwertiger Kunststoff \u2714 geeignet f\u00fcr PAM - und Milwaukee Akku Gebl\u00e4se \u27a4 Jetzt online bestellen!","og_url":"https:\/\/rothschenk.de\/produkt\/kunststoffadapter-fuer-smart-ventile\/","og_site_name":"Rothschenk","article_publisher":"https:\/\/de-de.facebook.com\/FirmaRothschenk\/","article_modified_time":"2026-04-02T11:49:44+00:00","og_image":[{"width":1024,"height":1024,"url":"https:\/\/rothschenk.de\/wp-content\/uploads\/2023\/11\/21942_Befuelladapter-Smart-Kunststoff-1.jpg","type":"image\/jpeg"}],"twitter_card":"summary_large_image","twitter_misc":{"Cena":"45,00&nbsp;&euro;","Dostupnost":"Skladem"},"schema":{"@context":"https:\/\/schema.org","@graph":[{"@type":"WebPage","@id":"https:\/\/rothschenk.de\/produkt\/kunststoffadapter-fuer-smart-ventile\/","url":"https:\/\/rothschenk.de\/produkt\/kunststoffadapter-fuer-smart-ventile\/","name":"Kunststoffadapter f\u00fcr SMART Ventile - Rothschenk","isPartOf":{"@id":"https:\/\/rothschenk.de\/#website"},"primaryImageOfPage":{"@id":"https:\/\/rothschenk.de\/produkt\/kunststoffadapter-fuer-smart-ventile\/#primaryimage"},"image":{"@id":"https:\/\/rothschenk.de\/produkt\/kunststoffadapter-fuer-smart-ventile\/#primaryimage"},"thumbnailUrl":"https:\/\/rothschenk.de\/wp-content\/uploads\/2023\/11\/21942_Befuelladapter-Smart-Kunststoff-1.jpg","datePublished":"2023-07-15T18:00:55+00:00","dateModified":"2026-04-02T11:49:44+00:00","description":"Kunststoffadapter f\u00fcr SMART Ventile - hochwertiger Kunststoff \u2714 geeignet f\u00fcr PAM - und Milwaukee Akku Gebl\u00e4se \u27a4 Jetzt online bestellen!","breadcrumb":{"@id":"https:\/\/rothschenk.de\/produkt\/kunststoffadapter-fuer-smart-ventile\/#breadcrumb"},"inLanguage":"cs","potentialAction":[{"@type":"ReadAction","target":["https:\/\/rothschenk.de\/produkt\/kunststoffadapter-fuer-smart-ventile\/"]}]},{"@type":"ImageObject","inLanguage":"cs","@id":"https:\/\/rothschenk.de\/produkt\/kunststoffadapter-fuer-smart-ventile\/#primaryimage","url":"https:\/\/rothschenk.de\/wp-content\/uploads\/2023\/11\/21942_Befuelladapter-Smart-Kunststoff-1.jpg","contentUrl":"https:\/\/rothschenk.de\/wp-content\/uploads\/2023\/11\/21942_Befuelladapter-Smart-Kunststoff-1.jpg","width":1024,"height":1024,"caption":"Bef\u00fclladapter Smart aus Kunststoff"},{"@type":"BreadcrumbList","@id":"https:\/\/rothschenk.de\/produkt\/kunststoffadapter-fuer-smart-ventile\/#breadcrumb","itemListElement":[{"@type":"ListItem","position":1,"name":"Domovsk\u00e1 str\u00e1nka","item":"https:\/\/rothschenk.de\/cz\/domovska-stranka\/"},{"@type":"ListItem","position":2,"name":"Shop","item":"https:\/\/rothschenk.de\/shop\/"},{"@type":"ListItem","position":3,"name":"Kunststoffadapter f\u00fcr SMART Ventile"}]},{"@type":"WebSite","@id":"https:\/\/rothschenk.de\/#website","url":"https:\/\/rothschenk.de\/","name":"Rothschenk - Der Online Shop f\u00fcr Ladungssicherung","description":"Der Online Shop f\u00fcr Ladungssicherung","potentialAction":[{"@type":"SearchAction","target":{"@type":"EntryPoint","urlTemplate":"https:\/\/rothschenk.de\/?s={search_term_string}"},"query-input":{"@type":"PropertyValueSpecification","valueRequired":true,"valueName":"search_term_string"}}],"inLanguage":"cs"}]},"product_price_amount":"45.00","product_price_currency":"EUR","og_availability":"instock","product_availability":"instock","product_retailer_item_id":"21942","product_condition":"new"},"_links":{"self":[{"href":"https:\/\/rothschenk.de\/cz\/wp-json\/wp\/v2\/product\/1315","targetHints":{"allow":["GET"]}}],"collection":[{"href":"https:\/\/rothschenk.de\/cz\/wp-json\/wp\/v2\/product"}],"about":[{"href":"https:\/\/rothschenk.de\/cz\/wp-json\/wp\/v2\/types\/product"}],"replies":[{"embeddable":true,"href":"https:\/\/rothschenk.de\/cz\/wp-json\/wp\/v2\/comments?post=1315"}],"wp:featuredmedia":[{"embeddable":true,"href":"https:\/\/rothschenk.de\/cz\/wp-json\/wp\/v2\/media\/84295"}],"wp:attachment":[{"href":"https:\/\/rothschenk.de\/cz\/wp-json\/wp\/v2\/media?parent=1315"}],"wp:term":[{"taxonomy":"product_brand","embeddable":true,"href":"https:\/\/rothschenk.de\/cz\/wp-json\/wp\/v2\/product_brand?post=1315"},{"taxonomy":"product_cat","embeddable":true,"href":"https:\/\/rothschenk.de\/cz\/wp-json\/wp\/v2\/product_cat?post=1315"},{"taxonomy":"product_tag","embeddable":true,"href":"https:\/\/rothschenk.de\/cz\/wp-json\/wp\/v2\/product_tag?post=1315"}],"curies":[{"name":"wp","href":"https:\/\/api.w.org\/{rel}","templated":true}]}}