{"id":247089,"date":"2023-02-01T10:00:04","date_gmt":"2023-02-01T09:00:04","guid":{"rendered":"https:\/\/rothschenk.de\/?post_type=product&#038;p=247089"},"modified":"2026-04-18T15:01:39","modified_gmt":"2026-04-18T13:01:39","slug":"anfahrschutz-bumpy-800-x-150-x-80-mm-reifenstopper-und-schutz","status":"publish","type":"product","link":"https:\/\/rothschenk.de\/cz\/produkt\/anfahrschutz-bumpy-800-x-150-x-80-mm-reifenstopper-und-schutz\/","title":{"rendered":"Anfahrschutz Bumpy | 800 x 150 x 80 mm | Reifenstopper und Schutz"},"content":{"rendered":"<h3>Anfahrschutz Bumpy | 800 x 150 x 80 mm | Reifenstopper und Schutz<\/h3>\n<p>Der Anfahrpuffer PROFIMAT\u00ae Bumpy wird aus recyceltem Gummigranulat hergestellt. Wird er am Boden installiert, bremst er Fahrzeuge effizient ab und verhindert so, dass diese gegen W\u00e4nde fahren oder bestimmte Bereiche \u00fcberfahren. Besonders beim Einparken in engen und un\u00fcbersichtlichen Situationen erweist sich der Anfahrpuffer als n\u00fctzlich. Bei einer Montage an W\u00e4nden sch\u00fctzt Bumpy sowohl Autot\u00fcren vor Beulen und Lacksch\u00e4den als auch die W\u00e4nde vor abbl\u00e4tternder Farbe und Putz.<\/p>\n<p>Dank des verwendeten Werkstoffs und des leichten Hohlraums bleibt PROFIMAT\u00ae Bumpy dauerhaft elastisch. Dadurch werden Reifen beim Anfahren weniger stark beansprucht als bei harten Betonkanten. Frost, Hagel, Salzwasser und UV-Strahlung k\u00f6nnen dem Anfahrpuffer Bumpy nichts anhaben.<\/p>\n<p>Das dezente, harmonische Design des Anfahrpuffers integriert sich eleganter in Parkh\u00e4user, Tiefgaragen und Carports als sperrige Parkplatzbegrenzungen mit gelb-schwarzen Streifen. Dennoch ist dank der integrierten Aussparungen f\u00fcr Reflektoren (\u00d8 60 mm) eine ausreichende Sichtbarkeit gew\u00e4hrleistet (Reflektoren nicht im Lieferumfang enthalten). Passende Reflektoren sind in jedem Baumarkt erh\u00e4ltlich und erm\u00f6glichen die Anpassung an unterschiedliche Lichtverh\u00e4ltnisse und R\u00e4ume.<\/p>\n<p>PROFIMAT\u00ae Bumpy kann mittels zweier Metallschrauben (Betonschraube \u00d8 8 x 120 mm f\u00fcr die Bodenbefestigung und Befestigungsschraube \u00d8 8 x 120 mm mit D\u00fcbel f\u00fcr die Wandmontage) am Boden oder an W\u00e4nden befestigt werden. Daf\u00fcr sind bereits zwei L\u00f6cher vorgebohrt. Alternativ ist auch eine Verklebung m\u00f6glich. Die Schrauben sind nicht im Lieferumfang enthalten.<br \/>\nIm Gegensatz zu Produkten aus Hartplastik besteht PROFIMAT\u00ae Bumpy zu 100 % aus Recycling-Gummigranulat und kann am Ende seiner Lebensdauer vollst\u00e4ndig recycelt werden. Dies schont die Umwelt und reduziert den CO2-Aussto\u00df.<\/p>\n","protected":false},"excerpt":{"rendered":"<p>Anfahrschutz Bumpy | 800 x 150 x 80 mm | Reifenstopper und Schutz Der Anfahrpuffer PROFIMAT\u00ae Bumpy wird aus recyceltem Gummigranulat hergestellt. Wird er am Boden installiert, bremst er Fahrzeuge effizient ab und verhindert so, dass diese gegen W\u00e4nde fahren oder bestimmte Bereiche \u00fcberfahren. Besonders beim Einparken in engen und un\u00fcbersichtlichen Situationen erweist sich der [&hellip;]<\/p>\n","protected":false},"featured_media":247012,"comment_status":"open","ping_status":"closed","template":"","meta":{"_acf_changed":false},"product_brand":[],"product_cat":[772],"product_tag":[],"class_list":{"0":"post-247089","1":"product","2":"type-product","3":"status-publish","4":"has-post-thumbnail","6":"product_cat-reifenschutz","8":"first","9":"instock","10":"taxable","11":"shipping-taxable","12":"purchasable","13":"product-type-simple"},"acf":[],"yoast_head":"<!-- This site is optimized with the Yoast SEO plugin v27.4 - https:\/\/yoast.com\/product\/yoast-seo-wordpress\/ -->\n<title>Anfahrschutz Bumpy | 800 x 150 x 80 mm | Reifenstopper und Schutz - Rothschenk<\/title>\n<meta name=\"description\" content=\"Reifenstopper \u2714 Anfahrschutz \u2714 Garage, Parkplatz, Wand \u2714 800x150x80 mm \u2714 Gummigranulat \u2714 Hilfe beim Einparken in knappen oder un\u00fcbersichtlichen Situationen!\" \/>\n<meta name=\"robots\" content=\"index, follow, max-snippet:-1, max-image-preview:large, max-video-preview:-1\" \/>\n<link rel=\"canonical\" href=\"https:\/\/rothschenk.de\/cz\/produkt\/anfahrschutz-bumpy-800-x-150-x-80-mm-reifenstopper-und-schutz\/\" \/>\n<meta property=\"og:locale\" content=\"cs_CZ\" \/>\n<meta property=\"og:type\" content=\"article\" \/>\n<meta property=\"og:title\" content=\"Anfahrschutz Bumpy | 800 x 150 x 80 mm | Reifenstopper und Schutz - Rothschenk\" \/>\n<meta property=\"og:description\" content=\"Reifenstopper \u2714 Anfahrschutz \u2714 Garage, Parkplatz, Wand \u2714 800x150x80 mm \u2714 Gummigranulat \u2714 Hilfe beim Einparken in knappen oder un\u00fcbersichtlichen Situationen!\" \/>\n<meta property=\"og:url\" content=\"https:\/\/rothschenk.de\/cz\/produkt\/anfahrschutz-bumpy-800-x-150-x-80-mm-reifenstopper-und-schutz\/\" \/>\n<meta property=\"og:site_name\" content=\"Rothschenk\" \/>\n<meta property=\"article:publisher\" content=\"https:\/\/de-de.facebook.com\/FirmaRothschenk\/\" \/>\n<meta property=\"article:modified_time\" content=\"2026-04-18T13:01:39+00:00\" \/>\n<meta property=\"og:image\" content=\"https:\/\/rothschenk.de\/wp-content\/uploads\/2024\/07\/anfahrschutz-bumpy-reifen-auto.jpg\" \/>\n\t<meta property=\"og:image:width\" content=\"1024\" \/>\n\t<meta property=\"og:image:height\" content=\"1024\" \/>\n\t<meta property=\"og:image:type\" content=\"image\/jpeg\" \/>\n<meta name=\"twitter:card\" content=\"summary_large_image\" \/>\n<meta name=\"twitter:label1\" content=\"Cena\" \/>\n\t<meta name=\"twitter:data1\" content=\"30,92&nbsp;&euro;\" \/>\n\t<meta name=\"twitter:label2\" content=\"Dostupnost\" \/>\n\t<meta name=\"twitter:data2\" content=\"Skladem\" \/>\n<script type=\"application\/ld+json\" class=\"yoast-schema-graph\">{\"@context\":\"https:\\\/\\\/schema.org\",\"@graph\":[{\"@type\":\"WebPage\",\"@id\":\"https:\\\/\\\/rothschenk.de\\\/cz\\\/produkt\\\/anfahrschutz-bumpy-800-x-150-x-80-mm-reifenstopper-und-schutz\\\/\",\"url\":\"https:\\\/\\\/rothschenk.de\\\/cz\\\/produkt\\\/anfahrschutz-bumpy-800-x-150-x-80-mm-reifenstopper-und-schutz\\\/\",\"name\":\"Anfahrschutz Bumpy | 800 x 150 x 80 mm | Reifenstopper und Schutz - Rothschenk\",\"isPartOf\":{\"@id\":\"https:\\\/\\\/rothschenk.de\\\/cz\\\/#website\"},\"primaryImageOfPage\":{\"@id\":\"https:\\\/\\\/rothschenk.de\\\/cz\\\/produkt\\\/anfahrschutz-bumpy-800-x-150-x-80-mm-reifenstopper-und-schutz\\\/#primaryimage\"},\"image\":{\"@id\":\"https:\\\/\\\/rothschenk.de\\\/cz\\\/produkt\\\/anfahrschutz-bumpy-800-x-150-x-80-mm-reifenstopper-und-schutz\\\/#primaryimage\"},\"thumbnailUrl\":\"https:\\\/\\\/rothschenk.de\\\/wp-content\\\/uploads\\\/2024\\\/07\\\/anfahrschutz-bumpy-reifen-auto.jpg\",\"datePublished\":\"2023-02-01T09:00:04+00:00\",\"dateModified\":\"2026-04-18T13:01:39+00:00\",\"description\":\"Reifenstopper \u2714 Anfahrschutz \u2714 Garage, Parkplatz, Wand \u2714 800x150x80 mm \u2714 Gummigranulat \u2714 Hilfe beim Einparken in knappen oder un\u00fcbersichtlichen Situationen!\",\"breadcrumb\":{\"@id\":\"https:\\\/\\\/rothschenk.de\\\/cz\\\/produkt\\\/anfahrschutz-bumpy-800-x-150-x-80-mm-reifenstopper-und-schutz\\\/#breadcrumb\"},\"inLanguage\":\"cs\",\"potentialAction\":[{\"@type\":\"ReadAction\",\"target\":[\"https:\\\/\\\/rothschenk.de\\\/cz\\\/produkt\\\/anfahrschutz-bumpy-800-x-150-x-80-mm-reifenstopper-und-schutz\\\/\"]}]},{\"@type\":\"ImageObject\",\"inLanguage\":\"cs\",\"@id\":\"https:\\\/\\\/rothschenk.de\\\/cz\\\/produkt\\\/anfahrschutz-bumpy-800-x-150-x-80-mm-reifenstopper-und-schutz\\\/#primaryimage\",\"url\":\"https:\\\/\\\/rothschenk.de\\\/wp-content\\\/uploads\\\/2024\\\/07\\\/anfahrschutz-bumpy-reifen-auto.jpg\",\"contentUrl\":\"https:\\\/\\\/rothschenk.de\\\/wp-content\\\/uploads\\\/2024\\\/07\\\/anfahrschutz-bumpy-reifen-auto.jpg\",\"width\":1024,\"height\":1024,\"caption\":\"Anfahrschutz Bumpy Produktansicht\"},{\"@type\":\"BreadcrumbList\",\"@id\":\"https:\\\/\\\/rothschenk.de\\\/cz\\\/produkt\\\/anfahrschutz-bumpy-800-x-150-x-80-mm-reifenstopper-und-schutz\\\/#breadcrumb\",\"itemListElement\":[{\"@type\":\"ListItem\",\"position\":1,\"name\":\"Domovsk\u00e1 str\u00e1nka\",\"item\":\"https:\\\/\\\/rothschenk.de\\\/cz\\\/domovska-stranka\\\/\"},{\"@type\":\"ListItem\",\"position\":2,\"name\":\"Shop\",\"item\":\"https:\\\/\\\/rothschenk.de\\\/shop\\\/\"},{\"@type\":\"ListItem\",\"position\":3,\"name\":\"Anfahrschutz Bumpy | 800 x 150 x 80 mm | Reifenstopper und Schutz\"}]},{\"@type\":\"WebSite\",\"@id\":\"https:\\\/\\\/rothschenk.de\\\/cz\\\/#website\",\"url\":\"https:\\\/\\\/rothschenk.de\\\/cz\\\/\",\"name\":\"Rothschenk - Der Online Shop f\u00fcr Ladungssicherung\",\"description\":\"Der Online Shop f\u00fcr Ladungssicherung\",\"potentialAction\":[{\"@type\":\"SearchAction\",\"target\":{\"@type\":\"EntryPoint\",\"urlTemplate\":\"https:\\\/\\\/rothschenk.de\\\/cz\\\/?s={search_term_string}\"},\"query-input\":{\"@type\":\"PropertyValueSpecification\",\"valueRequired\":true,\"valueName\":\"search_term_string\"}}],\"inLanguage\":\"cs\"}]}<\/script>\n<meta property=\"product:price:amount\" content=\"30.92\" \/>\n<meta property=\"product:price:currency\" content=\"EUR\" \/>\n<meta property=\"og:availability\" content=\"instock\" \/>\n<meta property=\"product:availability\" content=\"instock\" \/>\n<meta property=\"product:retailer_item_id\" content=\"26342\" \/>\n<meta property=\"product:condition\" content=\"new\" \/>\n<!-- \/ Yoast SEO plugin. -->","yoast_head_json":{"title":"Anfahrschutz Bumpy | 800 x 150 x 80 mm | Reifenstopper und Schutz - Rothschenk","description":"Reifenstopper \u2714 Anfahrschutz \u2714 Garage, Parkplatz, Wand \u2714 800x150x80 mm \u2714 Gummigranulat \u2714 Hilfe beim Einparken in knappen oder un\u00fcbersichtlichen Situationen!","robots":{"index":"index","follow":"follow","max-snippet":"max-snippet:-1","max-image-preview":"max-image-preview:large","max-video-preview":"max-video-preview:-1"},"canonical":"https:\/\/rothschenk.de\/cz\/produkt\/anfahrschutz-bumpy-800-x-150-x-80-mm-reifenstopper-und-schutz\/","og_locale":"cs_CZ","og_type":"article","og_title":"Anfahrschutz Bumpy | 800 x 150 x 80 mm | Reifenstopper und Schutz - Rothschenk","og_description":"Reifenstopper \u2714 Anfahrschutz \u2714 Garage, Parkplatz, Wand \u2714 800x150x80 mm \u2714 Gummigranulat \u2714 Hilfe beim Einparken in knappen oder un\u00fcbersichtlichen Situationen!","og_url":"https:\/\/rothschenk.de\/cz\/produkt\/anfahrschutz-bumpy-800-x-150-x-80-mm-reifenstopper-und-schutz\/","og_site_name":"Rothschenk","article_publisher":"https:\/\/de-de.facebook.com\/FirmaRothschenk\/","article_modified_time":"2026-04-18T13:01:39+00:00","og_image":[{"width":1024,"height":1024,"url":"https:\/\/rothschenk.de\/wp-content\/uploads\/2024\/07\/anfahrschutz-bumpy-reifen-auto.jpg","type":"image\/jpeg"}],"twitter_card":"summary_large_image","twitter_misc":{"Cena":"30,92&nbsp;&euro;","Dostupnost":"Skladem"},"schema":{"@context":"https:\/\/schema.org","@graph":[{"@type":"WebPage","@id":"https:\/\/rothschenk.de\/cz\/produkt\/anfahrschutz-bumpy-800-x-150-x-80-mm-reifenstopper-und-schutz\/","url":"https:\/\/rothschenk.de\/cz\/produkt\/anfahrschutz-bumpy-800-x-150-x-80-mm-reifenstopper-und-schutz\/","name":"Anfahrschutz Bumpy | 800 x 150 x 80 mm | Reifenstopper und Schutz - Rothschenk","isPartOf":{"@id":"https:\/\/rothschenk.de\/cz\/#website"},"primaryImageOfPage":{"@id":"https:\/\/rothschenk.de\/cz\/produkt\/anfahrschutz-bumpy-800-x-150-x-80-mm-reifenstopper-und-schutz\/#primaryimage"},"image":{"@id":"https:\/\/rothschenk.de\/cz\/produkt\/anfahrschutz-bumpy-800-x-150-x-80-mm-reifenstopper-und-schutz\/#primaryimage"},"thumbnailUrl":"https:\/\/rothschenk.de\/wp-content\/uploads\/2024\/07\/anfahrschutz-bumpy-reifen-auto.jpg","datePublished":"2023-02-01T09:00:04+00:00","dateModified":"2026-04-18T13:01:39+00:00","description":"Reifenstopper \u2714 Anfahrschutz \u2714 Garage, Parkplatz, Wand \u2714 800x150x80 mm \u2714 Gummigranulat \u2714 Hilfe beim Einparken in knappen oder un\u00fcbersichtlichen Situationen!","breadcrumb":{"@id":"https:\/\/rothschenk.de\/cz\/produkt\/anfahrschutz-bumpy-800-x-150-x-80-mm-reifenstopper-und-schutz\/#breadcrumb"},"inLanguage":"cs","potentialAction":[{"@type":"ReadAction","target":["https:\/\/rothschenk.de\/cz\/produkt\/anfahrschutz-bumpy-800-x-150-x-80-mm-reifenstopper-und-schutz\/"]}]},{"@type":"ImageObject","inLanguage":"cs","@id":"https:\/\/rothschenk.de\/cz\/produkt\/anfahrschutz-bumpy-800-x-150-x-80-mm-reifenstopper-und-schutz\/#primaryimage","url":"https:\/\/rothschenk.de\/wp-content\/uploads\/2024\/07\/anfahrschutz-bumpy-reifen-auto.jpg","contentUrl":"https:\/\/rothschenk.de\/wp-content\/uploads\/2024\/07\/anfahrschutz-bumpy-reifen-auto.jpg","width":1024,"height":1024,"caption":"Anfahrschutz Bumpy Produktansicht"},{"@type":"BreadcrumbList","@id":"https:\/\/rothschenk.de\/cz\/produkt\/anfahrschutz-bumpy-800-x-150-x-80-mm-reifenstopper-und-schutz\/#breadcrumb","itemListElement":[{"@type":"ListItem","position":1,"name":"Domovsk\u00e1 str\u00e1nka","item":"https:\/\/rothschenk.de\/cz\/domovska-stranka\/"},{"@type":"ListItem","position":2,"name":"Shop","item":"https:\/\/rothschenk.de\/shop\/"},{"@type":"ListItem","position":3,"name":"Anfahrschutz Bumpy | 800 x 150 x 80 mm | Reifenstopper und Schutz"}]},{"@type":"WebSite","@id":"https:\/\/rothschenk.de\/cz\/#website","url":"https:\/\/rothschenk.de\/cz\/","name":"Rothschenk - Der Online Shop f\u00fcr Ladungssicherung","description":"Der Online Shop f\u00fcr Ladungssicherung","potentialAction":[{"@type":"SearchAction","target":{"@type":"EntryPoint","urlTemplate":"https:\/\/rothschenk.de\/cz\/?s={search_term_string}"},"query-input":{"@type":"PropertyValueSpecification","valueRequired":true,"valueName":"search_term_string"}}],"inLanguage":"cs"}]},"product_price_amount":"30.92","product_price_currency":"EUR","og_availability":"instock","product_availability":"instock","product_retailer_item_id":"26342","product_condition":"new"},"_links":{"self":[{"href":"https:\/\/rothschenk.de\/cz\/wp-json\/wp\/v2\/product\/247089","targetHints":{"allow":["GET"]}}],"collection":[{"href":"https:\/\/rothschenk.de\/cz\/wp-json\/wp\/v2\/product"}],"about":[{"href":"https:\/\/rothschenk.de\/cz\/wp-json\/wp\/v2\/types\/product"}],"replies":[{"embeddable":true,"href":"https:\/\/rothschenk.de\/cz\/wp-json\/wp\/v2\/comments?post=247089"}],"wp:featuredmedia":[{"embeddable":true,"href":"https:\/\/rothschenk.de\/cz\/wp-json\/wp\/v2\/media\/247012"}],"wp:attachment":[{"href":"https:\/\/rothschenk.de\/cz\/wp-json\/wp\/v2\/media?parent=247089"}],"wp:term":[{"taxonomy":"product_brand","embeddable":true,"href":"https:\/\/rothschenk.de\/cz\/wp-json\/wp\/v2\/product_brand?post=247089"},{"taxonomy":"product_cat","embeddable":true,"href":"https:\/\/rothschenk.de\/cz\/wp-json\/wp\/v2\/product_cat?post=247089"},{"taxonomy":"product_tag","embeddable":true,"href":"https:\/\/rothschenk.de\/cz\/wp-json\/wp\/v2\/product_tag?post=247089"}],"curies":[{"name":"wp","href":"https:\/\/api.w.org\/{rel}","templated":true}]}}