{"id":4086,"date":"2023-03-01T09:05:58","date_gmt":"2023-03-01T08:05:58","guid":{"rendered":"https:\/\/rothschenk.de\/rothschenk-shop\/?post_type=product&#038;p=4086"},"modified":"2026-02-20T10:59:40","modified_gmt":"2026-02-20T09:59:40","slug":"zurrgurt-1-teilig-mit-ratsche","status":"publish","type":"product","link":"https:\/\/rothschenk.de\/cz\/produkt\/zurrgurt-1-teilig-mit-ratsche\/","title":{"rendered":"Zurrgurt | 1-teilig | Ratsche | 2,50 m x 35 mm"},"content":{"rendered":"<h3>Zurrgurt mit Ratsche | 1-teilig | 2,50 m x 35 mm | STF 480 | orange<\/h3>\n<p>Die robuste Profiqualit\u00e4t des Spanngurtes macht Ihn zu einem Allrounder f\u00fcr viele Bereiche der Ladungssicherung im LKW- und auch privaten Anh\u00e4ngerbereich.<\/p>\n<p>Der Zurrgurt ist universell einsetzbar, aber auch die ideale Erweiterung f\u00fcr unsere Fassverzurrung. Statt eines Einweg-Kompositbands verwenden Sie einfach unseren Zurrgurt mit hochwertiger Druckratsche. Dadurch wird die Fassverzurrung zum nachhaltigen Mehrwegsystem und spart zus\u00e4tzlich bares Geld. Mit einer stabilen Bandbreite von 35 mm bilden Sie aus Fass und Europalette im Handumdrehen eine verl\u00e4ssliche, zertifizierte Ladeeinheit.<\/p>\n<p>Weitere Infos zu Zurrgurten finden Sie in unserem <a href=\"https:\/\/rothschenk.de\/folge-29-ablegereife-von-zurrgurten-die-kriterien\/\">Blog-Bereich.<\/a><\/p>\n","protected":false},"excerpt":{"rendered":"<p>Zurrgurt mit Ratsche | 1-teilig | 2,50 m x 35 mm | STF 480 | orange Die robuste Profiqualit\u00e4t des Spanngurtes macht Ihn zu einem Allrounder f\u00fcr viele Bereiche der Ladungssicherung im LKW- und auch privaten Anh\u00e4ngerbereich. Der Zurrgurt ist universell einsetzbar, aber auch die ideale Erweiterung f\u00fcr unsere Fassverzurrung. Statt eines Einweg-Kompositbands verwenden Sie [&hellip;]<\/p>\n","protected":false},"featured_media":33299,"comment_status":"open","ping_status":"closed","template":"","meta":{"_acf_changed":false},"product_brand":[],"product_cat":[64,69,67],"product_tag":[],"class_list":{"0":"post-4086","1":"product","2":"type-product","3":"status-publish","4":"has-post-thumbnail","6":"product_cat-fasssicherung","7":"product_cat-standard-druckratsche","8":"product_cat-zurrgurte","10":"first","11":"instock","12":"sale","13":"taxable","14":"shipping-taxable","15":"purchasable","16":"product-type-variable"},"acf":[],"yoast_head":"<!-- This site is optimized with the Yoast SEO plugin v27.3 - https:\/\/yoast.com\/product\/yoast-seo-wordpress\/ -->\n<title>Zurrgurt | 1-teilig | Ratsche | 2,50 m x 35 mm - Rothschenk<\/title>\n<meta name=\"description\" content=\"Zurrgurt \u25b6 Gesamtl\u00e4nge: 2,5 m \u2713 Bandbreite: 35 mm \u2713 Bandmaterial: Polyester \u2713 Vorspannkraft: STF 480 daN \u25b6 Online bestellen!\" \/>\n<meta name=\"robots\" content=\"index, follow, max-snippet:-1, max-image-preview:large, max-video-preview:-1\" \/>\n<link rel=\"canonical\" href=\"https:\/\/rothschenk.de\/produkt\/zurrgurt-1-teilig-mit-ratsche\/\" \/>\n<meta property=\"og:locale\" content=\"cs_CZ\" \/>\n<meta property=\"og:type\" content=\"article\" \/>\n<meta property=\"og:title\" content=\"Zurrgurt | 1-teilig | Ratsche | 2,50 m x 35 mm - Rothschenk\" \/>\n<meta property=\"og:description\" content=\"Zurrgurt \u25b6 Gesamtl\u00e4nge: 2,5 m \u2713 Bandbreite: 35 mm \u2713 Bandmaterial: Polyester \u2713 Vorspannkraft: STF 480 daN \u25b6 Online bestellen!\" \/>\n<meta property=\"og:url\" content=\"https:\/\/rothschenk.de\/produkt\/zurrgurt-1-teilig-mit-ratsche\/\" \/>\n<meta property=\"og:site_name\" content=\"Rothschenk\" \/>\n<meta property=\"article:publisher\" content=\"https:\/\/de-de.facebook.com\/FirmaRothschenk\/\" \/>\n<meta property=\"article:modified_time\" content=\"2026-02-20T09:59:40+00:00\" \/>\n<meta property=\"og:image\" content=\"https:\/\/rothschenk.de\/wp-content\/uploads\/2023\/09\/20524_Zurrgurt-einteilig-2.jpg\" \/>\n\t<meta property=\"og:image:width\" content=\"1024\" \/>\n\t<meta property=\"og:image:height\" content=\"1024\" \/>\n\t<meta property=\"og:image:type\" content=\"image\/jpeg\" \/>\n<meta name=\"twitter:card\" content=\"summary_large_image\" \/>\n<meta name=\"twitter:label1\" content=\"Dostupnost\" \/>\n\t<meta name=\"twitter:data1\" content=\"Skladem\" \/>\n<script type=\"application\/ld+json\" class=\"yoast-schema-graph\">{\"@context\":\"https:\\\/\\\/schema.org\",\"@graph\":[{\"@type\":\"WebPage\",\"@id\":\"https:\\\/\\\/rothschenk.de\\\/produkt\\\/zurrgurt-1-teilig-mit-ratsche\\\/\",\"url\":\"https:\\\/\\\/rothschenk.de\\\/produkt\\\/zurrgurt-1-teilig-mit-ratsche\\\/\",\"name\":\"Zurrgurt | 1-teilig | Ratsche | 2,50 m x 35 mm - Rothschenk\",\"isPartOf\":{\"@id\":\"https:\\\/\\\/rothschenk.de\\\/#website\"},\"primaryImageOfPage\":{\"@id\":\"https:\\\/\\\/rothschenk.de\\\/produkt\\\/zurrgurt-1-teilig-mit-ratsche\\\/#primaryimage\"},\"image\":{\"@id\":\"https:\\\/\\\/rothschenk.de\\\/produkt\\\/zurrgurt-1-teilig-mit-ratsche\\\/#primaryimage\"},\"thumbnailUrl\":\"https:\\\/\\\/rothschenk.de\\\/wp-content\\\/uploads\\\/2023\\\/09\\\/20524_Zurrgurt-einteilig-2.jpg\",\"datePublished\":\"2023-03-01T08:05:58+00:00\",\"dateModified\":\"2026-02-20T09:59:40+00:00\",\"description\":\"Zurrgurt \u25b6 Gesamtl\u00e4nge: 2,5 m \u2713 Bandbreite: 35 mm \u2713 Bandmaterial: Polyester \u2713 Vorspannkraft: STF 480 daN \u25b6 Online bestellen!\",\"breadcrumb\":{\"@id\":\"https:\\\/\\\/rothschenk.de\\\/produkt\\\/zurrgurt-1-teilig-mit-ratsche\\\/#breadcrumb\"},\"inLanguage\":\"cs\",\"potentialAction\":[{\"@type\":\"ReadAction\",\"target\":[\"https:\\\/\\\/rothschenk.de\\\/produkt\\\/zurrgurt-1-teilig-mit-ratsche\\\/\"]}]},{\"@type\":\"ImageObject\",\"inLanguage\":\"cs\",\"@id\":\"https:\\\/\\\/rothschenk.de\\\/produkt\\\/zurrgurt-1-teilig-mit-ratsche\\\/#primaryimage\",\"url\":\"https:\\\/\\\/rothschenk.de\\\/wp-content\\\/uploads\\\/2023\\\/09\\\/20524_Zurrgurt-einteilig-2.jpg\",\"contentUrl\":\"https:\\\/\\\/rothschenk.de\\\/wp-content\\\/uploads\\\/2023\\\/09\\\/20524_Zurrgurt-einteilig-2.jpg\",\"width\":1024,\"height\":1024,\"caption\":\"orangener Zurrgurt einteilig\"},{\"@type\":\"BreadcrumbList\",\"@id\":\"https:\\\/\\\/rothschenk.de\\\/produkt\\\/zurrgurt-1-teilig-mit-ratsche\\\/#breadcrumb\",\"itemListElement\":[{\"@type\":\"ListItem\",\"position\":1,\"name\":\"Domovsk\u00e1 str\u00e1nka\",\"item\":\"https:\\\/\\\/rothschenk.de\\\/cz\\\/domovska-stranka\\\/\"},{\"@type\":\"ListItem\",\"position\":2,\"name\":\"Shop\",\"item\":\"https:\\\/\\\/rothschenk.de\\\/shop\\\/\"},{\"@type\":\"ListItem\",\"position\":3,\"name\":\"Zurrgurt | 1-teilig | Ratsche | 2,50 m x 35 mm\"}]},{\"@type\":\"WebSite\",\"@id\":\"https:\\\/\\\/rothschenk.de\\\/#website\",\"url\":\"https:\\\/\\\/rothschenk.de\\\/\",\"name\":\"Rothschenk - Der Online Shop f\u00fcr Ladungssicherung\",\"description\":\"Der Online Shop f\u00fcr Ladungssicherung\",\"potentialAction\":[{\"@type\":\"SearchAction\",\"target\":{\"@type\":\"EntryPoint\",\"urlTemplate\":\"https:\\\/\\\/rothschenk.de\\\/?s={search_term_string}\"},\"query-input\":{\"@type\":\"PropertyValueSpecification\",\"valueRequired\":true,\"valueName\":\"search_term_string\"}}],\"inLanguage\":\"cs\"}]}<\/script>\n<meta property=\"og:availability\" content=\"instock\" \/>\n<meta property=\"product:availability\" content=\"instock\" \/>\n<meta property=\"product:condition\" content=\"new\" \/>\n<!-- \/ Yoast SEO plugin. -->","yoast_head_json":{"title":"Zurrgurt | 1-teilig | Ratsche | 2,50 m x 35 mm - Rothschenk","description":"Zurrgurt \u25b6 Gesamtl\u00e4nge: 2,5 m \u2713 Bandbreite: 35 mm \u2713 Bandmaterial: Polyester \u2713 Vorspannkraft: STF 480 daN \u25b6 Online bestellen!","robots":{"index":"index","follow":"follow","max-snippet":"max-snippet:-1","max-image-preview":"max-image-preview:large","max-video-preview":"max-video-preview:-1"},"canonical":"https:\/\/rothschenk.de\/produkt\/zurrgurt-1-teilig-mit-ratsche\/","og_locale":"cs_CZ","og_type":"article","og_title":"Zurrgurt | 1-teilig | Ratsche | 2,50 m x 35 mm - Rothschenk","og_description":"Zurrgurt \u25b6 Gesamtl\u00e4nge: 2,5 m \u2713 Bandbreite: 35 mm \u2713 Bandmaterial: Polyester \u2713 Vorspannkraft: STF 480 daN \u25b6 Online bestellen!","og_url":"https:\/\/rothschenk.de\/produkt\/zurrgurt-1-teilig-mit-ratsche\/","og_site_name":"Rothschenk","article_publisher":"https:\/\/de-de.facebook.com\/FirmaRothschenk\/","article_modified_time":"2026-02-20T09:59:40+00:00","og_image":[{"width":1024,"height":1024,"url":"https:\/\/rothschenk.de\/wp-content\/uploads\/2023\/09\/20524_Zurrgurt-einteilig-2.jpg","type":"image\/jpeg"}],"twitter_card":"summary_large_image","twitter_misc":{"Dostupnost":"Skladem"},"schema":{"@context":"https:\/\/schema.org","@graph":[{"@type":"WebPage","@id":"https:\/\/rothschenk.de\/produkt\/zurrgurt-1-teilig-mit-ratsche\/","url":"https:\/\/rothschenk.de\/produkt\/zurrgurt-1-teilig-mit-ratsche\/","name":"Zurrgurt | 1-teilig | Ratsche | 2,50 m x 35 mm - Rothschenk","isPartOf":{"@id":"https:\/\/rothschenk.de\/#website"},"primaryImageOfPage":{"@id":"https:\/\/rothschenk.de\/produkt\/zurrgurt-1-teilig-mit-ratsche\/#primaryimage"},"image":{"@id":"https:\/\/rothschenk.de\/produkt\/zurrgurt-1-teilig-mit-ratsche\/#primaryimage"},"thumbnailUrl":"https:\/\/rothschenk.de\/wp-content\/uploads\/2023\/09\/20524_Zurrgurt-einteilig-2.jpg","datePublished":"2023-03-01T08:05:58+00:00","dateModified":"2026-02-20T09:59:40+00:00","description":"Zurrgurt \u25b6 Gesamtl\u00e4nge: 2,5 m \u2713 Bandbreite: 35 mm \u2713 Bandmaterial: Polyester \u2713 Vorspannkraft: STF 480 daN \u25b6 Online bestellen!","breadcrumb":{"@id":"https:\/\/rothschenk.de\/produkt\/zurrgurt-1-teilig-mit-ratsche\/#breadcrumb"},"inLanguage":"cs","potentialAction":[{"@type":"ReadAction","target":["https:\/\/rothschenk.de\/produkt\/zurrgurt-1-teilig-mit-ratsche\/"]}]},{"@type":"ImageObject","inLanguage":"cs","@id":"https:\/\/rothschenk.de\/produkt\/zurrgurt-1-teilig-mit-ratsche\/#primaryimage","url":"https:\/\/rothschenk.de\/wp-content\/uploads\/2023\/09\/20524_Zurrgurt-einteilig-2.jpg","contentUrl":"https:\/\/rothschenk.de\/wp-content\/uploads\/2023\/09\/20524_Zurrgurt-einteilig-2.jpg","width":1024,"height":1024,"caption":"orangener Zurrgurt einteilig"},{"@type":"BreadcrumbList","@id":"https:\/\/rothschenk.de\/produkt\/zurrgurt-1-teilig-mit-ratsche\/#breadcrumb","itemListElement":[{"@type":"ListItem","position":1,"name":"Domovsk\u00e1 str\u00e1nka","item":"https:\/\/rothschenk.de\/cz\/domovska-stranka\/"},{"@type":"ListItem","position":2,"name":"Shop","item":"https:\/\/rothschenk.de\/shop\/"},{"@type":"ListItem","position":3,"name":"Zurrgurt | 1-teilig | Ratsche | 2,50 m x 35 mm"}]},{"@type":"WebSite","@id":"https:\/\/rothschenk.de\/#website","url":"https:\/\/rothschenk.de\/","name":"Rothschenk - Der Online Shop f\u00fcr Ladungssicherung","description":"Der Online Shop f\u00fcr Ladungssicherung","potentialAction":[{"@type":"SearchAction","target":{"@type":"EntryPoint","urlTemplate":"https:\/\/rothschenk.de\/?s={search_term_string}"},"query-input":{"@type":"PropertyValueSpecification","valueRequired":true,"valueName":"search_term_string"}}],"inLanguage":"cs"}]},"og_availability":"instock","product_availability":"instock","product_condition":"new"},"_links":{"self":[{"href":"https:\/\/rothschenk.de\/cz\/wp-json\/wp\/v2\/product\/4086","targetHints":{"allow":["GET"]}}],"collection":[{"href":"https:\/\/rothschenk.de\/cz\/wp-json\/wp\/v2\/product"}],"about":[{"href":"https:\/\/rothschenk.de\/cz\/wp-json\/wp\/v2\/types\/product"}],"replies":[{"embeddable":true,"href":"https:\/\/rothschenk.de\/cz\/wp-json\/wp\/v2\/comments?post=4086"}],"wp:featuredmedia":[{"embeddable":true,"href":"https:\/\/rothschenk.de\/cz\/wp-json\/wp\/v2\/media\/33299"}],"wp:attachment":[{"href":"https:\/\/rothschenk.de\/cz\/wp-json\/wp\/v2\/media?parent=4086"}],"wp:term":[{"taxonomy":"product_brand","embeddable":true,"href":"https:\/\/rothschenk.de\/cz\/wp-json\/wp\/v2\/product_brand?post=4086"},{"taxonomy":"product_cat","embeddable":true,"href":"https:\/\/rothschenk.de\/cz\/wp-json\/wp\/v2\/product_cat?post=4086"},{"taxonomy":"product_tag","embeddable":true,"href":"https:\/\/rothschenk.de\/cz\/wp-json\/wp\/v2\/product_tag?post=4086"}],"curies":[{"name":"wp","href":"https:\/\/api.w.org\/{rel}","templated":true}]}}