{"id":4240,"date":"2023-03-01T09:50:51","date_gmt":"2023-03-01T08:50:51","guid":{"rendered":"https:\/\/rothschenk.de\/rothschenk-shop\/?post_type=product&#038;p=4240"},"modified":"2026-01-14T12:54:25","modified_gmt":"2026-01-14T11:54:25","slug":"zurrgurt-2-teilig-ergo","status":"publish","type":"product","link":"https:\/\/rothschenk.de\/cz\/produkt\/zurrgurt-2-teilig-ergo\/","title":{"rendered":"Zurrgurt | 2-teilig | Ergo Zugratsche | 8 m x 50 mm"},"content":{"rendered":"<h3>Zurrgurt Ergo mit Langhebelzugratsche | 2-teilig | 8 m x 50 mm | STF 500 | blau<\/h3>\n<p>Der Zurrgurt Ergo verf\u00fcgt \u00fcber einen l\u00e4ngeren Hebel, wodurch sich die Vorspannkr\u00e4fte bei der Ladungssicherung wesentlich leichter erreichen lassen. Entgegengesetzt zu einer herk\u00f6mmlichen Druckratsche wird diese Ratsche auf Zug bet\u00e4tigt. Durch den verl\u00e4ngerten Hebelgriff ist die aufzubringende Handkraft von 50 daN wesentlich leichter zu erreichen.<\/p>\n<p>Herk\u00f6mmliche Druckratschen spannen mit einer Aufw\u00e4rtsbewegung des Hebels. Langhebelzugratschen dagegen werden nach unten bet\u00e4tigt. Da dies der Ergonomie viel besser entgegenkommt, ergeben sich handfeste Vorteile. Die Kraft\u00fcbertragung ist deutlich erh\u00f6ht und die Sicherung der Ladung kann leichter erfolgen. Der Anwender kann durch den verl\u00e4ngerten Hebel, in Kombination mit der erleichterten Bedienung wesentlich r\u00fcckenschonender die notwendigen Vorspannkr\u00e4fte erreichen.<\/p>\n<p>Die Bandbreite von 50 mm, besonders stabile Ratschen und Spitzhaken sowie eine geringe Gebrauchsdehnung unterstreichen den professionellen Anspruch unserer Zurrgurte.<\/p>\n<p>Weitere Infos zu Zurrgurten finden Sie in unserem <a href=\"https:\/\/rothschenk.de\/folge-29-ablegereife-von-zurrgurten-die-kriterien\/\">Blog-Bereich.<\/a><\/p>\n","protected":false},"excerpt":{"rendered":"<p>Zurrgurt Ergo mit Langhebelzugratsche | 2-teilig | 8 m x 50 mm | STF 500 | blau Der Zurrgurt Ergo verf\u00fcgt \u00fcber einen l\u00e4ngeren Hebel, wodurch sich die Vorspannkr\u00e4fte bei der Ladungssicherung wesentlich leichter erreichen lassen. Entgegengesetzt zu einer herk\u00f6mmlichen Druckratsche wird diese Ratsche auf Zug bet\u00e4tigt. Durch den verl\u00e4ngerten Hebelgriff ist die aufzubringende Handkraft [&hellip;]<\/p>\n","protected":false},"featured_media":33322,"comment_status":"open","ping_status":"closed","template":"","meta":{"_acf_changed":false},"product_brand":[],"product_cat":[70,67],"product_tag":[],"class_list":{"0":"post-4240","1":"product","2":"type-product","3":"status-publish","4":"has-post-thumbnail","6":"product_cat-ergo-langhebel-zugratsche","7":"product_cat-zurrgurte","9":"first","10":"instock","11":"sale","12":"taxable","13":"shipping-taxable","14":"purchasable","15":"product-type-variable"},"acf":[],"yoast_head":"<!-- This site is optimized with the Yoast SEO plugin v27.3 - https:\/\/yoast.com\/product\/yoast-seo-wordpress\/ -->\n<title>Zurrgurt | 2-teilig | Ergo Zugratsche | 8 m x 50 mm - Rothschenk<\/title>\n<meta name=\"description\" content=\"Zurrgurt \u25b6 L\u00e4nge Festende: 0,40 m \u2713 L\u00e4nge Losende: 7,60 m \u2713 Bandmaterial: Polyester \u2713 Belastbarkeit im geraden Zug: 2.500 daN \u25b6 Jetzt bestellen!\" \/>\n<meta name=\"robots\" content=\"index, follow, max-snippet:-1, max-image-preview:large, max-video-preview:-1\" \/>\n<link rel=\"canonical\" href=\"https:\/\/rothschenk.de\/produkt\/zurrgurt-2-teilig-ergo\/\" \/>\n<meta property=\"og:locale\" content=\"cs_CZ\" \/>\n<meta property=\"og:type\" content=\"article\" \/>\n<meta property=\"og:title\" content=\"Zurrgurt | 2-teilig | Ergo Zugratsche | 8 m x 50 mm - Rothschenk\" \/>\n<meta property=\"og:description\" content=\"Zurrgurt \u25b6 L\u00e4nge Festende: 0,40 m \u2713 L\u00e4nge Losende: 7,60 m \u2713 Bandmaterial: Polyester \u2713 Belastbarkeit im geraden Zug: 2.500 daN \u25b6 Jetzt bestellen!\" \/>\n<meta property=\"og:url\" content=\"https:\/\/rothschenk.de\/produkt\/zurrgurt-2-teilig-ergo\/\" \/>\n<meta property=\"og:site_name\" content=\"Rothschenk\" \/>\n<meta property=\"article:publisher\" content=\"https:\/\/de-de.facebook.com\/FirmaRothschenk\/\" \/>\n<meta property=\"article:modified_time\" content=\"2026-01-14T11:54:25+00:00\" \/>\n<meta property=\"og:image\" content=\"https:\/\/rothschenk.de\/wp-content\/uploads\/2023\/09\/12036_Zurrgurt-Ergo-Langhebelratsche-blau-1-1.jpg\" \/>\n\t<meta property=\"og:image:width\" content=\"1024\" \/>\n\t<meta property=\"og:image:height\" content=\"1024\" \/>\n\t<meta property=\"og:image:type\" content=\"image\/jpeg\" \/>\n<meta name=\"twitter:card\" content=\"summary_large_image\" \/>\n<meta name=\"twitter:label1\" content=\"Dostupnost\" \/>\n\t<meta name=\"twitter:data1\" content=\"Skladem\" \/>\n<script type=\"application\/ld+json\" class=\"yoast-schema-graph\">{\"@context\":\"https:\\\/\\\/schema.org\",\"@graph\":[{\"@type\":\"WebPage\",\"@id\":\"https:\\\/\\\/rothschenk.de\\\/produkt\\\/zurrgurt-2-teilig-ergo\\\/\",\"url\":\"https:\\\/\\\/rothschenk.de\\\/produkt\\\/zurrgurt-2-teilig-ergo\\\/\",\"name\":\"Zurrgurt | 2-teilig | Ergo Zugratsche | 8 m x 50 mm - Rothschenk\",\"isPartOf\":{\"@id\":\"https:\\\/\\\/rothschenk.de\\\/#website\"},\"primaryImageOfPage\":{\"@id\":\"https:\\\/\\\/rothschenk.de\\\/produkt\\\/zurrgurt-2-teilig-ergo\\\/#primaryimage\"},\"image\":{\"@id\":\"https:\\\/\\\/rothschenk.de\\\/produkt\\\/zurrgurt-2-teilig-ergo\\\/#primaryimage\"},\"thumbnailUrl\":\"https:\\\/\\\/rothschenk.de\\\/wp-content\\\/uploads\\\/2023\\\/09\\\/12036_Zurrgurt-Ergo-Langhebelratsche-blau-1-1.jpg\",\"datePublished\":\"2023-03-01T08:50:51+00:00\",\"dateModified\":\"2026-01-14T11:54:25+00:00\",\"description\":\"Zurrgurt \u25b6 L\u00e4nge Festende: 0,40 m \u2713 L\u00e4nge Losende: 7,60 m \u2713 Bandmaterial: Polyester \u2713 Belastbarkeit im geraden Zug: 2.500 daN \u25b6 Jetzt bestellen!\",\"breadcrumb\":{\"@id\":\"https:\\\/\\\/rothschenk.de\\\/produkt\\\/zurrgurt-2-teilig-ergo\\\/#breadcrumb\"},\"inLanguage\":\"cs\",\"potentialAction\":[{\"@type\":\"ReadAction\",\"target\":[\"https:\\\/\\\/rothschenk.de\\\/produkt\\\/zurrgurt-2-teilig-ergo\\\/\"]}]},{\"@type\":\"ImageObject\",\"inLanguage\":\"cs\",\"@id\":\"https:\\\/\\\/rothschenk.de\\\/produkt\\\/zurrgurt-2-teilig-ergo\\\/#primaryimage\",\"url\":\"https:\\\/\\\/rothschenk.de\\\/wp-content\\\/uploads\\\/2023\\\/09\\\/12036_Zurrgurt-Ergo-Langhebelratsche-blau-1-1.jpg\",\"contentUrl\":\"https:\\\/\\\/rothschenk.de\\\/wp-content\\\/uploads\\\/2023\\\/09\\\/12036_Zurrgurt-Ergo-Langhebelratsche-blau-1-1.jpg\",\"width\":1024,\"height\":1024,\"caption\":\"blauer Zurrgurt mit Ergo Langhebelratsche\"},{\"@type\":\"BreadcrumbList\",\"@id\":\"https:\\\/\\\/rothschenk.de\\\/produkt\\\/zurrgurt-2-teilig-ergo\\\/#breadcrumb\",\"itemListElement\":[{\"@type\":\"ListItem\",\"position\":1,\"name\":\"Domovsk\u00e1 str\u00e1nka\",\"item\":\"https:\\\/\\\/rothschenk.de\\\/cz\\\/domovska-stranka\\\/\"},{\"@type\":\"ListItem\",\"position\":2,\"name\":\"Shop\",\"item\":\"https:\\\/\\\/rothschenk.de\\\/shop\\\/\"},{\"@type\":\"ListItem\",\"position\":3,\"name\":\"Zurrgurt | 2-teilig | Ergo Zugratsche | 8 m x 50 mm\"}]},{\"@type\":\"WebSite\",\"@id\":\"https:\\\/\\\/rothschenk.de\\\/#website\",\"url\":\"https:\\\/\\\/rothschenk.de\\\/\",\"name\":\"Rothschenk - Der Online Shop f\u00fcr Ladungssicherung\",\"description\":\"Der Online Shop f\u00fcr Ladungssicherung\",\"potentialAction\":[{\"@type\":\"SearchAction\",\"target\":{\"@type\":\"EntryPoint\",\"urlTemplate\":\"https:\\\/\\\/rothschenk.de\\\/?s={search_term_string}\"},\"query-input\":{\"@type\":\"PropertyValueSpecification\",\"valueRequired\":true,\"valueName\":\"search_term_string\"}}],\"inLanguage\":\"cs\"}]}<\/script>\n<meta property=\"og:availability\" content=\"instock\" \/>\n<meta property=\"product:availability\" content=\"instock\" \/>\n<meta property=\"product:condition\" content=\"new\" \/>\n<!-- \/ Yoast SEO plugin. -->","yoast_head_json":{"title":"Zurrgurt | 2-teilig | Ergo Zugratsche | 8 m x 50 mm - Rothschenk","description":"Zurrgurt \u25b6 L\u00e4nge Festende: 0,40 m \u2713 L\u00e4nge Losende: 7,60 m \u2713 Bandmaterial: Polyester \u2713 Belastbarkeit im geraden Zug: 2.500 daN \u25b6 Jetzt bestellen!","robots":{"index":"index","follow":"follow","max-snippet":"max-snippet:-1","max-image-preview":"max-image-preview:large","max-video-preview":"max-video-preview:-1"},"canonical":"https:\/\/rothschenk.de\/produkt\/zurrgurt-2-teilig-ergo\/","og_locale":"cs_CZ","og_type":"article","og_title":"Zurrgurt | 2-teilig | Ergo Zugratsche | 8 m x 50 mm - Rothschenk","og_description":"Zurrgurt \u25b6 L\u00e4nge Festende: 0,40 m \u2713 L\u00e4nge Losende: 7,60 m \u2713 Bandmaterial: Polyester \u2713 Belastbarkeit im geraden Zug: 2.500 daN \u25b6 Jetzt bestellen!","og_url":"https:\/\/rothschenk.de\/produkt\/zurrgurt-2-teilig-ergo\/","og_site_name":"Rothschenk","article_publisher":"https:\/\/de-de.facebook.com\/FirmaRothschenk\/","article_modified_time":"2026-01-14T11:54:25+00:00","og_image":[{"width":1024,"height":1024,"url":"https:\/\/rothschenk.de\/wp-content\/uploads\/2023\/09\/12036_Zurrgurt-Ergo-Langhebelratsche-blau-1-1.jpg","type":"image\/jpeg"}],"twitter_card":"summary_large_image","twitter_misc":{"Dostupnost":"Skladem"},"schema":{"@context":"https:\/\/schema.org","@graph":[{"@type":"WebPage","@id":"https:\/\/rothschenk.de\/produkt\/zurrgurt-2-teilig-ergo\/","url":"https:\/\/rothschenk.de\/produkt\/zurrgurt-2-teilig-ergo\/","name":"Zurrgurt | 2-teilig | Ergo Zugratsche | 8 m x 50 mm - Rothschenk","isPartOf":{"@id":"https:\/\/rothschenk.de\/#website"},"primaryImageOfPage":{"@id":"https:\/\/rothschenk.de\/produkt\/zurrgurt-2-teilig-ergo\/#primaryimage"},"image":{"@id":"https:\/\/rothschenk.de\/produkt\/zurrgurt-2-teilig-ergo\/#primaryimage"},"thumbnailUrl":"https:\/\/rothschenk.de\/wp-content\/uploads\/2023\/09\/12036_Zurrgurt-Ergo-Langhebelratsche-blau-1-1.jpg","datePublished":"2023-03-01T08:50:51+00:00","dateModified":"2026-01-14T11:54:25+00:00","description":"Zurrgurt \u25b6 L\u00e4nge Festende: 0,40 m \u2713 L\u00e4nge Losende: 7,60 m \u2713 Bandmaterial: Polyester \u2713 Belastbarkeit im geraden Zug: 2.500 daN \u25b6 Jetzt bestellen!","breadcrumb":{"@id":"https:\/\/rothschenk.de\/produkt\/zurrgurt-2-teilig-ergo\/#breadcrumb"},"inLanguage":"cs","potentialAction":[{"@type":"ReadAction","target":["https:\/\/rothschenk.de\/produkt\/zurrgurt-2-teilig-ergo\/"]}]},{"@type":"ImageObject","inLanguage":"cs","@id":"https:\/\/rothschenk.de\/produkt\/zurrgurt-2-teilig-ergo\/#primaryimage","url":"https:\/\/rothschenk.de\/wp-content\/uploads\/2023\/09\/12036_Zurrgurt-Ergo-Langhebelratsche-blau-1-1.jpg","contentUrl":"https:\/\/rothschenk.de\/wp-content\/uploads\/2023\/09\/12036_Zurrgurt-Ergo-Langhebelratsche-blau-1-1.jpg","width":1024,"height":1024,"caption":"blauer Zurrgurt mit Ergo Langhebelratsche"},{"@type":"BreadcrumbList","@id":"https:\/\/rothschenk.de\/produkt\/zurrgurt-2-teilig-ergo\/#breadcrumb","itemListElement":[{"@type":"ListItem","position":1,"name":"Domovsk\u00e1 str\u00e1nka","item":"https:\/\/rothschenk.de\/cz\/domovska-stranka\/"},{"@type":"ListItem","position":2,"name":"Shop","item":"https:\/\/rothschenk.de\/shop\/"},{"@type":"ListItem","position":3,"name":"Zurrgurt | 2-teilig | Ergo Zugratsche | 8 m x 50 mm"}]},{"@type":"WebSite","@id":"https:\/\/rothschenk.de\/#website","url":"https:\/\/rothschenk.de\/","name":"Rothschenk - Der Online Shop f\u00fcr Ladungssicherung","description":"Der Online Shop f\u00fcr Ladungssicherung","potentialAction":[{"@type":"SearchAction","target":{"@type":"EntryPoint","urlTemplate":"https:\/\/rothschenk.de\/?s={search_term_string}"},"query-input":{"@type":"PropertyValueSpecification","valueRequired":true,"valueName":"search_term_string"}}],"inLanguage":"cs"}]},"og_availability":"instock","product_availability":"instock","product_condition":"new"},"_links":{"self":[{"href":"https:\/\/rothschenk.de\/cz\/wp-json\/wp\/v2\/product\/4240","targetHints":{"allow":["GET"]}}],"collection":[{"href":"https:\/\/rothschenk.de\/cz\/wp-json\/wp\/v2\/product"}],"about":[{"href":"https:\/\/rothschenk.de\/cz\/wp-json\/wp\/v2\/types\/product"}],"replies":[{"embeddable":true,"href":"https:\/\/rothschenk.de\/cz\/wp-json\/wp\/v2\/comments?post=4240"}],"wp:featuredmedia":[{"embeddable":true,"href":"https:\/\/rothschenk.de\/cz\/wp-json\/wp\/v2\/media\/33322"}],"wp:attachment":[{"href":"https:\/\/rothschenk.de\/cz\/wp-json\/wp\/v2\/media?parent=4240"}],"wp:term":[{"taxonomy":"product_brand","embeddable":true,"href":"https:\/\/rothschenk.de\/cz\/wp-json\/wp\/v2\/product_brand?post=4240"},{"taxonomy":"product_cat","embeddable":true,"href":"https:\/\/rothschenk.de\/cz\/wp-json\/wp\/v2\/product_cat?post=4240"},{"taxonomy":"product_tag","embeddable":true,"href":"https:\/\/rothschenk.de\/cz\/wp-json\/wp\/v2\/product_tag?post=4240"}],"curies":[{"name":"wp","href":"https:\/\/api.w.org\/{rel}","templated":true}]}}