{"id":4383,"date":"2023-03-13T16:44:11","date_gmt":"2023-03-13T15:44:11","guid":{"rendered":"https:\/\/rothschenk.de\/rothschenk-shop\/?post_type=product&#038;p=4383"},"modified":"2025-12-02T13:32:12","modified_gmt":"2025-12-02T12:32:12","slug":"y-cover-set-niederhalteplane","status":"publish","type":"product","link":"https:\/\/rothschenk.de\/cz\/produkt\/y-cover-set-niederhalteplane\/","title":{"rendered":"Y-Cover Set Niederhalteplane"},"content":{"rendered":"<h3>Y-Cover Set | PP-Niederhalteplane<\/h3>\n<p>Unser Rothschenk Y-Cover ist ideal zum Niederhalten von weichen Baustoffen geeignet und wurde speziell f\u00fcr den regionalen Kurzstreckenverkehr entwickelt. Die PP-Plane mit Gurtband h\u00e4lt die Ware sicher an seinem Platz und ist schnell ge\u00f6ffnet und neu positioniert.<\/p>\n<p>Konzipiert wurde das Set f\u00fcr Weichverpackungen oder Baustoffe (z.B. D\u00e4mmstoffe) die schnell aber effizient gesichert werden m\u00fcssen und wenig Eigengewicht mitbringen.\u00a0Durch die innovative Bauart ist eine sehr schnelle aber wirksame Fixierung der Ladung m\u00f6glich. Das spart Kosten und bietet ein hohes Ma\u00df an Flexibilit\u00e4t f\u00fcr den Verlader.<\/p>\n<p><button class=\"product_button\"><a href=\"https:\/\/rothschenk.de\/rothschenk-shop\/kontakt\/\">Jetzt unverbindlich anfragen!<\/a><\/button><\/p>\n","protected":false},"excerpt":{"rendered":"<p>Bei Interesse und Fragen zum Produkt k\u00f6nnen Sie uns jederzeit kontaktieren!<br \/>\n** Mindestabnahmemenge 5 Stk.<\/p>\n<p><button class=\"product_button\"><a href=\"https:\/\/rothschenk.de\/rothschenk-shop\/kontakt\/\">Jetzt unverbindlich anfragen!<\/a><\/button><\/p>\n","protected":false},"featured_media":117410,"comment_status":"open","ping_status":"closed","template":"","meta":{"_acf_changed":false},"product_brand":[],"product_cat":[71,67],"product_tag":[],"class_list":{"0":"post-4383","1":"product","2":"type-product","3":"status-publish","4":"has-post-thumbnail","6":"product_cat-zurrgurt-sets","7":"product_cat-zurrgurte","9":"first","10":"outofstock","11":"taxable","12":"shipping-taxable","13":"purchasable","14":"product-type-variable"},"acf":[],"yoast_head":"<!-- This site is optimized with the Yoast SEO plugin v27.3 - https:\/\/yoast.com\/product\/yoast-seo-wordpress\/ -->\n<title>Y-Cover Set Niederhalteplane - Rothschenk<\/title>\n<meta name=\"description\" content=\"Y-Cover \u25b6 2 Festenden Ergo-Ratsche mit Spitzhaken \u2713 Pr\u00fcfzertifikat \u2713 Niederhalteplane \u2713 Format: 1.200 x\u00a0 2.300 mm \u25b6 Jetzt bestellen!\" \/>\n<meta name=\"robots\" content=\"index, follow, max-snippet:-1, max-image-preview:large, max-video-preview:-1\" \/>\n<link rel=\"canonical\" href=\"https:\/\/rothschenk.de\/produkt\/y-cover-set-niederhalteplane\/\" \/>\n<meta property=\"og:locale\" content=\"cs_CZ\" \/>\n<meta property=\"og:type\" content=\"article\" \/>\n<meta property=\"og:title\" content=\"Y-Cover Set Niederhalteplane - Rothschenk\" \/>\n<meta property=\"og:description\" content=\"Y-Cover \u25b6 2 Festenden Ergo-Ratsche mit Spitzhaken \u2713 Pr\u00fcfzertifikat \u2713 Niederhalteplane \u2713 Format: 1.200 x\u00a0 2.300 mm \u25b6 Jetzt bestellen!\" \/>\n<meta property=\"og:url\" content=\"https:\/\/rothschenk.de\/produkt\/y-cover-set-niederhalteplane\/\" \/>\n<meta property=\"og:site_name\" content=\"Rothschenk\" \/>\n<meta property=\"article:publisher\" content=\"https:\/\/de-de.facebook.com\/FirmaRothschenk\/\" \/>\n<meta property=\"article:modified_time\" content=\"2025-12-02T12:32:12+00:00\" \/>\n<meta property=\"og:image\" content=\"https:\/\/rothschenk.de\/wp-content\/uploads\/2023\/03\/Y-Cover_Niederhalteplane_21040_21041-6.jpg\" \/>\n\t<meta property=\"og:image:width\" content=\"1024\" \/>\n\t<meta property=\"og:image:height\" content=\"1024\" \/>\n\t<meta property=\"og:image:type\" content=\"image\/jpeg\" \/>\n<meta name=\"twitter:card\" content=\"summary_large_image\" \/>\n<meta name=\"twitter:label1\" content=\"Dostupnost\" \/>\n\t<meta name=\"twitter:data1\" content=\"Vyprod\u00e1no\" \/>\n<script type=\"application\/ld+json\" class=\"yoast-schema-graph\">{\"@context\":\"https:\\\/\\\/schema.org\",\"@graph\":[{\"@type\":\"WebPage\",\"@id\":\"https:\\\/\\\/rothschenk.de\\\/produkt\\\/y-cover-set-niederhalteplane\\\/\",\"url\":\"https:\\\/\\\/rothschenk.de\\\/produkt\\\/y-cover-set-niederhalteplane\\\/\",\"name\":\"Y-Cover Set Niederhalteplane - Rothschenk\",\"isPartOf\":{\"@id\":\"https:\\\/\\\/rothschenk.de\\\/#website\"},\"primaryImageOfPage\":{\"@id\":\"https:\\\/\\\/rothschenk.de\\\/produkt\\\/y-cover-set-niederhalteplane\\\/#primaryimage\"},\"image\":{\"@id\":\"https:\\\/\\\/rothschenk.de\\\/produkt\\\/y-cover-set-niederhalteplane\\\/#primaryimage\"},\"thumbnailUrl\":\"https:\\\/\\\/rothschenk.de\\\/wp-content\\\/uploads\\\/2023\\\/03\\\/Y-Cover_Niederhalteplane_21040_21041-6.jpg\",\"datePublished\":\"2023-03-13T15:44:11+00:00\",\"dateModified\":\"2025-12-02T12:32:12+00:00\",\"description\":\"Y-Cover \u25b6 2 Festenden Ergo-Ratsche mit Spitzhaken \u2713 Pr\u00fcfzertifikat \u2713 Niederhalteplane \u2713 Format: 1.200 x\u00a0 2.300 mm \u25b6 Jetzt bestellen!\",\"breadcrumb\":{\"@id\":\"https:\\\/\\\/rothschenk.de\\\/produkt\\\/y-cover-set-niederhalteplane\\\/#breadcrumb\"},\"inLanguage\":\"cs\",\"potentialAction\":[{\"@type\":\"ReadAction\",\"target\":[\"https:\\\/\\\/rothschenk.de\\\/produkt\\\/y-cover-set-niederhalteplane\\\/\"]}]},{\"@type\":\"ImageObject\",\"inLanguage\":\"cs\",\"@id\":\"https:\\\/\\\/rothschenk.de\\\/produkt\\\/y-cover-set-niederhalteplane\\\/#primaryimage\",\"url\":\"https:\\\/\\\/rothschenk.de\\\/wp-content\\\/uploads\\\/2023\\\/03\\\/Y-Cover_Niederhalteplane_21040_21041-6.jpg\",\"contentUrl\":\"https:\\\/\\\/rothschenk.de\\\/wp-content\\\/uploads\\\/2023\\\/03\\\/Y-Cover_Niederhalteplane_21040_21041-6.jpg\",\"width\":1024,\"height\":1024,\"caption\":\"Y-Cover Niederhalteplane am LKW\"},{\"@type\":\"BreadcrumbList\",\"@id\":\"https:\\\/\\\/rothschenk.de\\\/produkt\\\/y-cover-set-niederhalteplane\\\/#breadcrumb\",\"itemListElement\":[{\"@type\":\"ListItem\",\"position\":1,\"name\":\"Domovsk\u00e1 str\u00e1nka\",\"item\":\"https:\\\/\\\/rothschenk.de\\\/cz\\\/domovska-stranka\\\/\"},{\"@type\":\"ListItem\",\"position\":2,\"name\":\"Shop\",\"item\":\"https:\\\/\\\/rothschenk.de\\\/shop\\\/\"},{\"@type\":\"ListItem\",\"position\":3,\"name\":\"Y-Cover Set Niederhalteplane\"}]},{\"@type\":\"WebSite\",\"@id\":\"https:\\\/\\\/rothschenk.de\\\/#website\",\"url\":\"https:\\\/\\\/rothschenk.de\\\/\",\"name\":\"Rothschenk - Der Online Shop f\u00fcr Ladungssicherung\",\"description\":\"Der Online Shop f\u00fcr Ladungssicherung\",\"potentialAction\":[{\"@type\":\"SearchAction\",\"target\":{\"@type\":\"EntryPoint\",\"urlTemplate\":\"https:\\\/\\\/rothschenk.de\\\/?s={search_term_string}\"},\"query-input\":{\"@type\":\"PropertyValueSpecification\",\"valueRequired\":true,\"valueName\":\"search_term_string\"}}],\"inLanguage\":\"cs\"}]}<\/script>\n<meta property=\"og:availability\" content=\"out of stock\" \/>\n<meta property=\"product:availability\" content=\"out of stock\" \/>\n<meta property=\"product:condition\" content=\"new\" \/>\n<!-- \/ Yoast SEO plugin. -->","yoast_head_json":{"title":"Y-Cover Set Niederhalteplane - Rothschenk","description":"Y-Cover \u25b6 2 Festenden Ergo-Ratsche mit Spitzhaken \u2713 Pr\u00fcfzertifikat \u2713 Niederhalteplane \u2713 Format: 1.200 x\u00a0 2.300 mm \u25b6 Jetzt bestellen!","robots":{"index":"index","follow":"follow","max-snippet":"max-snippet:-1","max-image-preview":"max-image-preview:large","max-video-preview":"max-video-preview:-1"},"canonical":"https:\/\/rothschenk.de\/produkt\/y-cover-set-niederhalteplane\/","og_locale":"cs_CZ","og_type":"article","og_title":"Y-Cover Set Niederhalteplane - Rothschenk","og_description":"Y-Cover \u25b6 2 Festenden Ergo-Ratsche mit Spitzhaken \u2713 Pr\u00fcfzertifikat \u2713 Niederhalteplane \u2713 Format: 1.200 x\u00a0 2.300 mm \u25b6 Jetzt bestellen!","og_url":"https:\/\/rothschenk.de\/produkt\/y-cover-set-niederhalteplane\/","og_site_name":"Rothschenk","article_publisher":"https:\/\/de-de.facebook.com\/FirmaRothschenk\/","article_modified_time":"2025-12-02T12:32:12+00:00","og_image":[{"width":1024,"height":1024,"url":"https:\/\/rothschenk.de\/wp-content\/uploads\/2023\/03\/Y-Cover_Niederhalteplane_21040_21041-6.jpg","type":"image\/jpeg"}],"twitter_card":"summary_large_image","twitter_misc":{"Dostupnost":"Vyprod\u00e1no"},"schema":{"@context":"https:\/\/schema.org","@graph":[{"@type":"WebPage","@id":"https:\/\/rothschenk.de\/produkt\/y-cover-set-niederhalteplane\/","url":"https:\/\/rothschenk.de\/produkt\/y-cover-set-niederhalteplane\/","name":"Y-Cover Set Niederhalteplane - Rothschenk","isPartOf":{"@id":"https:\/\/rothschenk.de\/#website"},"primaryImageOfPage":{"@id":"https:\/\/rothschenk.de\/produkt\/y-cover-set-niederhalteplane\/#primaryimage"},"image":{"@id":"https:\/\/rothschenk.de\/produkt\/y-cover-set-niederhalteplane\/#primaryimage"},"thumbnailUrl":"https:\/\/rothschenk.de\/wp-content\/uploads\/2023\/03\/Y-Cover_Niederhalteplane_21040_21041-6.jpg","datePublished":"2023-03-13T15:44:11+00:00","dateModified":"2025-12-02T12:32:12+00:00","description":"Y-Cover \u25b6 2 Festenden Ergo-Ratsche mit Spitzhaken \u2713 Pr\u00fcfzertifikat \u2713 Niederhalteplane \u2713 Format: 1.200 x\u00a0 2.300 mm \u25b6 Jetzt bestellen!","breadcrumb":{"@id":"https:\/\/rothschenk.de\/produkt\/y-cover-set-niederhalteplane\/#breadcrumb"},"inLanguage":"cs","potentialAction":[{"@type":"ReadAction","target":["https:\/\/rothschenk.de\/produkt\/y-cover-set-niederhalteplane\/"]}]},{"@type":"ImageObject","inLanguage":"cs","@id":"https:\/\/rothschenk.de\/produkt\/y-cover-set-niederhalteplane\/#primaryimage","url":"https:\/\/rothschenk.de\/wp-content\/uploads\/2023\/03\/Y-Cover_Niederhalteplane_21040_21041-6.jpg","contentUrl":"https:\/\/rothschenk.de\/wp-content\/uploads\/2023\/03\/Y-Cover_Niederhalteplane_21040_21041-6.jpg","width":1024,"height":1024,"caption":"Y-Cover Niederhalteplane am LKW"},{"@type":"BreadcrumbList","@id":"https:\/\/rothschenk.de\/produkt\/y-cover-set-niederhalteplane\/#breadcrumb","itemListElement":[{"@type":"ListItem","position":1,"name":"Domovsk\u00e1 str\u00e1nka","item":"https:\/\/rothschenk.de\/cz\/domovska-stranka\/"},{"@type":"ListItem","position":2,"name":"Shop","item":"https:\/\/rothschenk.de\/shop\/"},{"@type":"ListItem","position":3,"name":"Y-Cover Set Niederhalteplane"}]},{"@type":"WebSite","@id":"https:\/\/rothschenk.de\/#website","url":"https:\/\/rothschenk.de\/","name":"Rothschenk - Der Online Shop f\u00fcr Ladungssicherung","description":"Der Online Shop f\u00fcr Ladungssicherung","potentialAction":[{"@type":"SearchAction","target":{"@type":"EntryPoint","urlTemplate":"https:\/\/rothschenk.de\/?s={search_term_string}"},"query-input":{"@type":"PropertyValueSpecification","valueRequired":true,"valueName":"search_term_string"}}],"inLanguage":"cs"}]},"og_availability":"out of stock","product_availability":"out of stock","product_condition":"new"},"_links":{"self":[{"href":"https:\/\/rothschenk.de\/cz\/wp-json\/wp\/v2\/product\/4383","targetHints":{"allow":["GET"]}}],"collection":[{"href":"https:\/\/rothschenk.de\/cz\/wp-json\/wp\/v2\/product"}],"about":[{"href":"https:\/\/rothschenk.de\/cz\/wp-json\/wp\/v2\/types\/product"}],"replies":[{"embeddable":true,"href":"https:\/\/rothschenk.de\/cz\/wp-json\/wp\/v2\/comments?post=4383"}],"wp:featuredmedia":[{"embeddable":true,"href":"https:\/\/rothschenk.de\/cz\/wp-json\/wp\/v2\/media\/117410"}],"wp:attachment":[{"href":"https:\/\/rothschenk.de\/cz\/wp-json\/wp\/v2\/media?parent=4383"}],"wp:term":[{"taxonomy":"product_brand","embeddable":true,"href":"https:\/\/rothschenk.de\/cz\/wp-json\/wp\/v2\/product_brand?post=4383"},{"taxonomy":"product_cat","embeddable":true,"href":"https:\/\/rothschenk.de\/cz\/wp-json\/wp\/v2\/product_cat?post=4383"},{"taxonomy":"product_tag","embeddable":true,"href":"https:\/\/rothschenk.de\/cz\/wp-json\/wp\/v2\/product_tag?post=4383"}],"curies":[{"name":"wp","href":"https:\/\/api.w.org\/{rel}","templated":true}]}}