{"id":5040,"date":"2023-01-01T08:40:24","date_gmt":"2023-01-01T07:40:24","guid":{"rendered":"https:\/\/rothschenk.de\/rothschenk-shop\/?post_type=product&#038;p=5040"},"modified":"2026-03-25T09:03:57","modified_gmt":"2026-03-25T08:03:57","slug":"antirutschpapier-1-200-x-800-x-04-mm","status":"publish","type":"product","link":"https:\/\/rothschenk.de\/cz\/produkt\/antirutschpapier-1-200-x-800-x-04-mm\/","title":{"rendered":"Antirutschpapier | 1.200 x 800 x 0,4 mm"},"content":{"rendered":"<h3>Antirutschpapier | 1.200 x 800 x 0,4 mm<\/h3>\n<p>Unser Antirutschpapier ist ein spezielles Kraftpapier, welches mit einer reibwert-erh\u00f6henden Beschichtung versehen wurde. Rothschenk Antirutschpapier findet seinen Einsatz haupts\u00e4chlich als Auf- oder Zwischenlage bei der Verpackung von Ware auf der Palette. Positioniert zwischen Palette und Ware erh\u00f6ht sich der Reibwert deutlich.<\/p>\n<p>Dadurch sind weniger zus\u00e4tzliche Ladungssicherungsmittel n\u00f6tig und die Bildung verl\u00e4sslicher Ladeeinheiten ist deutlich leichter. Mit einer St\u00e4rke von 0,4 mm haben wir zudem darauf geachtet, dass unser Antirutschpapier ausreichend robust und abriebfest f\u00fcr den harten Einsatz im Container geeignet ist.<\/p>\n<p>Das Format ist ideal f\u00fcr Anwendungen mit Europaletten geeignet.<\/p>\n","protected":false},"excerpt":{"rendered":"<p>Antirutschpapier | 1.200 x 800 x 0,4 mm Unser Antirutschpapier ist ein spezielles Kraftpapier, welches mit einer reibwert-erh\u00f6henden Beschichtung versehen wurde. Rothschenk Antirutschpapier findet seinen Einsatz haupts\u00e4chlich als Auf- oder Zwischenlage bei der Verpackung von Ware auf der Palette. Positioniert zwischen Palette und Ware erh\u00f6ht sich der Reibwert deutlich. Dadurch sind weniger zus\u00e4tzliche Ladungssicherungsmittel n\u00f6tig [&hellip;]<\/p>\n","protected":false},"featured_media":84285,"comment_status":"open","ping_status":"closed","template":"","meta":{"_acf_changed":false},"product_brand":[],"product_cat":[76,78],"product_tag":[],"class_list":{"0":"post-5040","1":"product","2":"type-product","3":"status-publish","4":"has-post-thumbnail","6":"product_cat-antirutsch","7":"product_cat-antirutschpapier","9":"first","10":"onbackorder","11":"sale","12":"taxable","13":"shipping-taxable","14":"purchasable","15":"product-type-variable"},"acf":[],"yoast_head":"<!-- This site is optimized with the Yoast SEO plugin v27.3 - https:\/\/yoast.com\/product\/yoast-seo-wordpress\/ -->\n<title>Antirutschpapier | 1.200 x 800 x 0,4 mm - Rothschenk<\/title>\n<meta name=\"description\" content=\"Antirutschpapier in verschiedenen Gr\u00f6\u00dfen \u27a4 Profi-Qualit\u00e4t \u2713 F\u00fcr Gewichte bis zu 1.000 kg\/qm \u2713 Aus Karton \u2713 Tiefpreise \u2713 Schnelle Lieferung!\" \/>\n<meta name=\"robots\" content=\"index, follow, max-snippet:-1, max-image-preview:large, max-video-preview:-1\" \/>\n<link rel=\"canonical\" href=\"https:\/\/rothschenk.de\/produkt\/antirutschpapier-1-200-x-800-x-04-mm\/\" \/>\n<meta property=\"og:locale\" content=\"cs_CZ\" \/>\n<meta property=\"og:type\" content=\"article\" \/>\n<meta property=\"og:title\" content=\"Antirutschpapier | 1.200 x 800 x 0,4 mm - Rothschenk\" \/>\n<meta property=\"og:description\" content=\"Antirutschpapier in verschiedenen Gr\u00f6\u00dfen \u27a4 Profi-Qualit\u00e4t \u2713 F\u00fcr Gewichte bis zu 1.000 kg\/qm \u2713 Aus Karton \u2713 Tiefpreise \u2713 Schnelle Lieferung!\" \/>\n<meta property=\"og:url\" content=\"https:\/\/rothschenk.de\/produkt\/antirutschpapier-1-200-x-800-x-04-mm\/\" \/>\n<meta property=\"og:site_name\" content=\"Rothschenk\" \/>\n<meta property=\"article:publisher\" content=\"https:\/\/de-de.facebook.com\/FirmaRothschenk\/\" \/>\n<meta property=\"article:modified_time\" content=\"2026-03-25T08:03:57+00:00\" \/>\n<meta property=\"og:image\" content=\"https:\/\/rothschenk.de\/wp-content\/uploads\/2023\/11\/16968_Antirutschpapier-1200x800-1.jpg\" \/>\n\t<meta property=\"og:image:width\" content=\"1024\" \/>\n\t<meta property=\"og:image:height\" content=\"1024\" \/>\n\t<meta property=\"og:image:type\" content=\"image\/jpeg\" \/>\n<meta name=\"twitter:card\" content=\"summary_large_image\" \/>\n<meta name=\"twitter:label1\" content=\"Dostupnost\" \/>\n\t<meta name=\"twitter:data1\" content=\"V extern\u00edm sklad\u011b\" \/>\n<script type=\"application\/ld+json\" class=\"yoast-schema-graph\">{\"@context\":\"https:\\\/\\\/schema.org\",\"@graph\":[{\"@type\":\"WebPage\",\"@id\":\"https:\\\/\\\/rothschenk.de\\\/produkt\\\/antirutschpapier-1-200-x-800-x-04-mm\\\/\",\"url\":\"https:\\\/\\\/rothschenk.de\\\/produkt\\\/antirutschpapier-1-200-x-800-x-04-mm\\\/\",\"name\":\"Antirutschpapier | 1.200 x 800 x 0,4 mm - Rothschenk\",\"isPartOf\":{\"@id\":\"https:\\\/\\\/rothschenk.de\\\/#website\"},\"primaryImageOfPage\":{\"@id\":\"https:\\\/\\\/rothschenk.de\\\/produkt\\\/antirutschpapier-1-200-x-800-x-04-mm\\\/#primaryimage\"},\"image\":{\"@id\":\"https:\\\/\\\/rothschenk.de\\\/produkt\\\/antirutschpapier-1-200-x-800-x-04-mm\\\/#primaryimage\"},\"thumbnailUrl\":\"https:\\\/\\\/rothschenk.de\\\/wp-content\\\/uploads\\\/2023\\\/11\\\/16968_Antirutschpapier-1200x800-1.jpg\",\"datePublished\":\"2023-01-01T07:40:24+00:00\",\"dateModified\":\"2026-03-25T08:03:57+00:00\",\"description\":\"Antirutschpapier in verschiedenen Gr\u00f6\u00dfen \u27a4 Profi-Qualit\u00e4t \u2713 F\u00fcr Gewichte bis zu 1.000 kg\\\/qm \u2713 Aus Karton \u2713 Tiefpreise \u2713 Schnelle Lieferung!\",\"breadcrumb\":{\"@id\":\"https:\\\/\\\/rothschenk.de\\\/produkt\\\/antirutschpapier-1-200-x-800-x-04-mm\\\/#breadcrumb\"},\"inLanguage\":\"cs\",\"potentialAction\":[{\"@type\":\"ReadAction\",\"target\":[\"https:\\\/\\\/rothschenk.de\\\/produkt\\\/antirutschpapier-1-200-x-800-x-04-mm\\\/\"]}]},{\"@type\":\"ImageObject\",\"inLanguage\":\"cs\",\"@id\":\"https:\\\/\\\/rothschenk.de\\\/produkt\\\/antirutschpapier-1-200-x-800-x-04-mm\\\/#primaryimage\",\"url\":\"https:\\\/\\\/rothschenk.de\\\/wp-content\\\/uploads\\\/2023\\\/11\\\/16968_Antirutschpapier-1200x800-1.jpg\",\"contentUrl\":\"https:\\\/\\\/rothschenk.de\\\/wp-content\\\/uploads\\\/2023\\\/11\\\/16968_Antirutschpapier-1200x800-1.jpg\",\"width\":1024,\"height\":1024,\"caption\":\"Antirutschpapier auf Palette\"},{\"@type\":\"BreadcrumbList\",\"@id\":\"https:\\\/\\\/rothschenk.de\\\/produkt\\\/antirutschpapier-1-200-x-800-x-04-mm\\\/#breadcrumb\",\"itemListElement\":[{\"@type\":\"ListItem\",\"position\":1,\"name\":\"Domovsk\u00e1 str\u00e1nka\",\"item\":\"https:\\\/\\\/rothschenk.de\\\/cz\\\/domovska-stranka\\\/\"},{\"@type\":\"ListItem\",\"position\":2,\"name\":\"Shop\",\"item\":\"https:\\\/\\\/rothschenk.de\\\/shop\\\/\"},{\"@type\":\"ListItem\",\"position\":3,\"name\":\"Antirutschpapier | 1.200 x 800 x 0,4 mm\"}]},{\"@type\":\"WebSite\",\"@id\":\"https:\\\/\\\/rothschenk.de\\\/#website\",\"url\":\"https:\\\/\\\/rothschenk.de\\\/\",\"name\":\"Rothschenk - Der Online Shop f\u00fcr Ladungssicherung\",\"description\":\"Der Online Shop f\u00fcr Ladungssicherung\",\"potentialAction\":[{\"@type\":\"SearchAction\",\"target\":{\"@type\":\"EntryPoint\",\"urlTemplate\":\"https:\\\/\\\/rothschenk.de\\\/?s={search_term_string}\"},\"query-input\":{\"@type\":\"PropertyValueSpecification\",\"valueRequired\":true,\"valueName\":\"search_term_string\"}}],\"inLanguage\":\"cs\"}]}<\/script>\n<meta property=\"og:availability\" content=\"backorder\" \/>\n<meta property=\"product:availability\" content=\"available for order\" \/>\n<meta property=\"product:condition\" content=\"new\" \/>\n<!-- \/ Yoast SEO plugin. -->","yoast_head_json":{"title":"Antirutschpapier | 1.200 x 800 x 0,4 mm - Rothschenk","description":"Antirutschpapier in verschiedenen Gr\u00f6\u00dfen \u27a4 Profi-Qualit\u00e4t \u2713 F\u00fcr Gewichte bis zu 1.000 kg\/qm \u2713 Aus Karton \u2713 Tiefpreise \u2713 Schnelle Lieferung!","robots":{"index":"index","follow":"follow","max-snippet":"max-snippet:-1","max-image-preview":"max-image-preview:large","max-video-preview":"max-video-preview:-1"},"canonical":"https:\/\/rothschenk.de\/produkt\/antirutschpapier-1-200-x-800-x-04-mm\/","og_locale":"cs_CZ","og_type":"article","og_title":"Antirutschpapier | 1.200 x 800 x 0,4 mm - Rothschenk","og_description":"Antirutschpapier in verschiedenen Gr\u00f6\u00dfen \u27a4 Profi-Qualit\u00e4t \u2713 F\u00fcr Gewichte bis zu 1.000 kg\/qm \u2713 Aus Karton \u2713 Tiefpreise \u2713 Schnelle Lieferung!","og_url":"https:\/\/rothschenk.de\/produkt\/antirutschpapier-1-200-x-800-x-04-mm\/","og_site_name":"Rothschenk","article_publisher":"https:\/\/de-de.facebook.com\/FirmaRothschenk\/","article_modified_time":"2026-03-25T08:03:57+00:00","og_image":[{"width":1024,"height":1024,"url":"https:\/\/rothschenk.de\/wp-content\/uploads\/2023\/11\/16968_Antirutschpapier-1200x800-1.jpg","type":"image\/jpeg"}],"twitter_card":"summary_large_image","twitter_misc":{"Dostupnost":"V extern\u00edm sklad\u011b"},"schema":{"@context":"https:\/\/schema.org","@graph":[{"@type":"WebPage","@id":"https:\/\/rothschenk.de\/produkt\/antirutschpapier-1-200-x-800-x-04-mm\/","url":"https:\/\/rothschenk.de\/produkt\/antirutschpapier-1-200-x-800-x-04-mm\/","name":"Antirutschpapier | 1.200 x 800 x 0,4 mm - Rothschenk","isPartOf":{"@id":"https:\/\/rothschenk.de\/#website"},"primaryImageOfPage":{"@id":"https:\/\/rothschenk.de\/produkt\/antirutschpapier-1-200-x-800-x-04-mm\/#primaryimage"},"image":{"@id":"https:\/\/rothschenk.de\/produkt\/antirutschpapier-1-200-x-800-x-04-mm\/#primaryimage"},"thumbnailUrl":"https:\/\/rothschenk.de\/wp-content\/uploads\/2023\/11\/16968_Antirutschpapier-1200x800-1.jpg","datePublished":"2023-01-01T07:40:24+00:00","dateModified":"2026-03-25T08:03:57+00:00","description":"Antirutschpapier in verschiedenen Gr\u00f6\u00dfen \u27a4 Profi-Qualit\u00e4t \u2713 F\u00fcr Gewichte bis zu 1.000 kg\/qm \u2713 Aus Karton \u2713 Tiefpreise \u2713 Schnelle Lieferung!","breadcrumb":{"@id":"https:\/\/rothschenk.de\/produkt\/antirutschpapier-1-200-x-800-x-04-mm\/#breadcrumb"},"inLanguage":"cs","potentialAction":[{"@type":"ReadAction","target":["https:\/\/rothschenk.de\/produkt\/antirutschpapier-1-200-x-800-x-04-mm\/"]}]},{"@type":"ImageObject","inLanguage":"cs","@id":"https:\/\/rothschenk.de\/produkt\/antirutschpapier-1-200-x-800-x-04-mm\/#primaryimage","url":"https:\/\/rothschenk.de\/wp-content\/uploads\/2023\/11\/16968_Antirutschpapier-1200x800-1.jpg","contentUrl":"https:\/\/rothschenk.de\/wp-content\/uploads\/2023\/11\/16968_Antirutschpapier-1200x800-1.jpg","width":1024,"height":1024,"caption":"Antirutschpapier auf Palette"},{"@type":"BreadcrumbList","@id":"https:\/\/rothschenk.de\/produkt\/antirutschpapier-1-200-x-800-x-04-mm\/#breadcrumb","itemListElement":[{"@type":"ListItem","position":1,"name":"Domovsk\u00e1 str\u00e1nka","item":"https:\/\/rothschenk.de\/cz\/domovska-stranka\/"},{"@type":"ListItem","position":2,"name":"Shop","item":"https:\/\/rothschenk.de\/shop\/"},{"@type":"ListItem","position":3,"name":"Antirutschpapier | 1.200 x 800 x 0,4 mm"}]},{"@type":"WebSite","@id":"https:\/\/rothschenk.de\/#website","url":"https:\/\/rothschenk.de\/","name":"Rothschenk - Der Online Shop f\u00fcr Ladungssicherung","description":"Der Online Shop f\u00fcr Ladungssicherung","potentialAction":[{"@type":"SearchAction","target":{"@type":"EntryPoint","urlTemplate":"https:\/\/rothschenk.de\/?s={search_term_string}"},"query-input":{"@type":"PropertyValueSpecification","valueRequired":true,"valueName":"search_term_string"}}],"inLanguage":"cs"}]},"og_availability":"backorder","product_availability":"available for order","product_condition":"new"},"_links":{"self":[{"href":"https:\/\/rothschenk.de\/cz\/wp-json\/wp\/v2\/product\/5040","targetHints":{"allow":["GET"]}}],"collection":[{"href":"https:\/\/rothschenk.de\/cz\/wp-json\/wp\/v2\/product"}],"about":[{"href":"https:\/\/rothschenk.de\/cz\/wp-json\/wp\/v2\/types\/product"}],"replies":[{"embeddable":true,"href":"https:\/\/rothschenk.de\/cz\/wp-json\/wp\/v2\/comments?post=5040"}],"wp:featuredmedia":[{"embeddable":true,"href":"https:\/\/rothschenk.de\/cz\/wp-json\/wp\/v2\/media\/84285"}],"wp:attachment":[{"href":"https:\/\/rothschenk.de\/cz\/wp-json\/wp\/v2\/media?parent=5040"}],"wp:term":[{"taxonomy":"product_brand","embeddable":true,"href":"https:\/\/rothschenk.de\/cz\/wp-json\/wp\/v2\/product_brand?post=5040"},{"taxonomy":"product_cat","embeddable":true,"href":"https:\/\/rothschenk.de\/cz\/wp-json\/wp\/v2\/product_cat?post=5040"},{"taxonomy":"product_tag","embeddable":true,"href":"https:\/\/rothschenk.de\/cz\/wp-json\/wp\/v2\/product_tag?post=5040"}],"curies":[{"name":"wp","href":"https:\/\/api.w.org\/{rel}","templated":true}]}}