{"id":50612,"date":"2023-05-04T16:10:23","date_gmt":"2023-05-04T14:10:23","guid":{"rendered":"https:\/\/rothschenk.de\/rothschenk-shop\/?post_type=product&#038;p=50612"},"modified":"2026-03-09T09:02:31","modified_gmt":"2026-03-09T08:02:31","slug":"spitzhaken-mit-knopfsicherung-wh-3530","status":"publish","type":"product","link":"https:\/\/rothschenk.de\/cz\/produkt\/spitzhaken-mit-knopfsicherung-wh-3530\/","title":{"rendered":"Spitzhaken | mit Knopfsicherung | WH 3530"},"content":{"rendered":"<h3>Spitzhaken | mit Knopfsicherung | WH 3530<\/h3>\n<p>Unser Spitzhaken mit Knopfsicherung bietet maximale Sicherheit f\u00fcr Ihre Fracht. Passend f\u00fcr Gurtb\u00e4nder bis zu einer Breite von 35 mm, gew\u00e4hrleistet er eine Belastbarkeit von 1.500 daN. Einfach einzuhaken und zu sichern, ist dieser Spitzhaken die ideale L\u00f6sung f\u00fcr zuverl\u00e4ssige Ladungssicherung.<\/p>\n<p>Einzelne Haken bieten Flexibilit\u00e4t bei der Anordnung und Positionierung von Ladungssicherungselementen.<\/p>\n","protected":false},"excerpt":{"rendered":"<p>Spitzhaken | mit Knopfsicherung | WH 3530 Unser Spitzhaken mit Knopfsicherung bietet maximale Sicherheit f\u00fcr Ihre Fracht. Passend f\u00fcr Gurtb\u00e4nder bis zu einer Breite von 35 mm, gew\u00e4hrleistet er eine Belastbarkeit von 1.500 daN. Einfach einzuhaken und zu sichern, ist dieser Spitzhaken die ideale L\u00f6sung f\u00fcr zuverl\u00e4ssige Ladungssicherung. Einzelne Haken bieten Flexibilit\u00e4t bei der Anordnung [&hellip;]<\/p>\n","protected":false},"featured_media":50639,"comment_status":"open","ping_status":"closed","template":"","meta":{"_acf_changed":false},"product_brand":[],"product_cat":[80,104,57,79],"product_tag":[],"class_list":{"0":"post-50612","1":"product","2":"type-product","3":"status-publish","4":"has-post-thumbnail","6":"product_cat-ladungssicherungs-tools","7":"product_cat-lashing","8":"product_cat-verschluesse-haken","9":"product_cat-zubehoer","11":"first","12":"instock","13":"sale","14":"taxable","15":"shipping-taxable","16":"purchasable","17":"product-type-variable"},"acf":[],"yoast_head":"<!-- This site is optimized with the Yoast SEO plugin v27.4 - https:\/\/yoast.com\/product\/yoast-seo-wordpress\/ -->\n<title>Spitzhaken | mit Knopfsicherung | WH 3530 - Rothschenk<\/title>\n<meta name=\"description\" content=\"Spitzhaken - Knopfsicherung mit Federmechanismus\u2713 f\u00fcr B\u00e4nder bis 35 mm Breite \u2713 Stahl verzinkt \u2713 maximale Sicherheit \u27a4 Jetzt bestellen!\" \/>\n<meta name=\"robots\" content=\"index, follow, max-snippet:-1, max-image-preview:large, max-video-preview:-1\" \/>\n<link rel=\"canonical\" href=\"https:\/\/rothschenk.de\/produkt\/spitzhaken-mit-knopfsicherung-wh-3530\/\" \/>\n<meta property=\"og:locale\" content=\"cs_CZ\" \/>\n<meta property=\"og:type\" content=\"article\" \/>\n<meta property=\"og:title\" content=\"Spitzhaken | mit Knopfsicherung | WH 3530 - Rothschenk\" \/>\n<meta property=\"og:description\" content=\"Spitzhaken - Knopfsicherung mit Federmechanismus\u2713 f\u00fcr B\u00e4nder bis 35 mm Breite \u2713 Stahl verzinkt \u2713 maximale Sicherheit \u27a4 Jetzt bestellen!\" \/>\n<meta property=\"og:url\" content=\"https:\/\/rothschenk.de\/produkt\/spitzhaken-mit-knopfsicherung-wh-3530\/\" \/>\n<meta property=\"og:site_name\" content=\"Rothschenk\" \/>\n<meta property=\"article:publisher\" content=\"https:\/\/de-de.facebook.com\/FirmaRothschenk\/\" \/>\n<meta property=\"article:modified_time\" content=\"2026-03-09T08:02:31+00:00\" \/>\n<meta property=\"og:image\" content=\"https:\/\/rothschenk.de\/wp-content\/uploads\/2023\/10\/24941-2.jpg\" \/>\n\t<meta property=\"og:image:width\" content=\"1024\" \/>\n\t<meta property=\"og:image:height\" content=\"1024\" \/>\n\t<meta property=\"og:image:type\" content=\"image\/jpeg\" \/>\n<meta name=\"twitter:card\" content=\"summary_large_image\" \/>\n<meta name=\"twitter:label1\" content=\"Dostupnost\" \/>\n\t<meta name=\"twitter:data1\" content=\"Skladem\" \/>\n<script type=\"application\/ld+json\" class=\"yoast-schema-graph\">{\"@context\":\"https:\\\/\\\/schema.org\",\"@graph\":[{\"@type\":\"WebPage\",\"@id\":\"https:\\\/\\\/rothschenk.de\\\/produkt\\\/spitzhaken-mit-knopfsicherung-wh-3530\\\/\",\"url\":\"https:\\\/\\\/rothschenk.de\\\/produkt\\\/spitzhaken-mit-knopfsicherung-wh-3530\\\/\",\"name\":\"Spitzhaken | mit Knopfsicherung | WH 3530 - Rothschenk\",\"isPartOf\":{\"@id\":\"https:\\\/\\\/rothschenk.de\\\/#website\"},\"primaryImageOfPage\":{\"@id\":\"https:\\\/\\\/rothschenk.de\\\/produkt\\\/spitzhaken-mit-knopfsicherung-wh-3530\\\/#primaryimage\"},\"image\":{\"@id\":\"https:\\\/\\\/rothschenk.de\\\/produkt\\\/spitzhaken-mit-knopfsicherung-wh-3530\\\/#primaryimage\"},\"thumbnailUrl\":\"https:\\\/\\\/rothschenk.de\\\/wp-content\\\/uploads\\\/2023\\\/10\\\/24941-2.jpg\",\"datePublished\":\"2023-05-04T14:10:23+00:00\",\"dateModified\":\"2026-03-09T08:02:31+00:00\",\"description\":\"Spitzhaken - Knopfsicherung mit Federmechanismus\u2713 f\u00fcr B\u00e4nder bis 35 mm Breite \u2713 Stahl verzinkt \u2713 maximale Sicherheit \u27a4 Jetzt bestellen!\",\"breadcrumb\":{\"@id\":\"https:\\\/\\\/rothschenk.de\\\/produkt\\\/spitzhaken-mit-knopfsicherung-wh-3530\\\/#breadcrumb\"},\"inLanguage\":\"cs\",\"potentialAction\":[{\"@type\":\"ReadAction\",\"target\":[\"https:\\\/\\\/rothschenk.de\\\/produkt\\\/spitzhaken-mit-knopfsicherung-wh-3530\\\/\"]}]},{\"@type\":\"ImageObject\",\"inLanguage\":\"cs\",\"@id\":\"https:\\\/\\\/rothschenk.de\\\/produkt\\\/spitzhaken-mit-knopfsicherung-wh-3530\\\/#primaryimage\",\"url\":\"https:\\\/\\\/rothschenk.de\\\/wp-content\\\/uploads\\\/2023\\\/10\\\/24941-2.jpg\",\"contentUrl\":\"https:\\\/\\\/rothschenk.de\\\/wp-content\\\/uploads\\\/2023\\\/10\\\/24941-2.jpg\",\"width\":1024,\"height\":1024,\"caption\":\"Spitzhaken mit Gurtbandsicherung\"},{\"@type\":\"BreadcrumbList\",\"@id\":\"https:\\\/\\\/rothschenk.de\\\/produkt\\\/spitzhaken-mit-knopfsicherung-wh-3530\\\/#breadcrumb\",\"itemListElement\":[{\"@type\":\"ListItem\",\"position\":1,\"name\":\"Domovsk\u00e1 str\u00e1nka\",\"item\":\"https:\\\/\\\/rothschenk.de\\\/cz\\\/domovska-stranka\\\/\"},{\"@type\":\"ListItem\",\"position\":2,\"name\":\"Shop\",\"item\":\"https:\\\/\\\/rothschenk.de\\\/shop\\\/\"},{\"@type\":\"ListItem\",\"position\":3,\"name\":\"Spitzhaken | mit Knopfsicherung | WH 3530\"}]},{\"@type\":\"WebSite\",\"@id\":\"https:\\\/\\\/rothschenk.de\\\/#website\",\"url\":\"https:\\\/\\\/rothschenk.de\\\/\",\"name\":\"Rothschenk - Der Online Shop f\u00fcr Ladungssicherung\",\"description\":\"Der Online Shop f\u00fcr Ladungssicherung\",\"potentialAction\":[{\"@type\":\"SearchAction\",\"target\":{\"@type\":\"EntryPoint\",\"urlTemplate\":\"https:\\\/\\\/rothschenk.de\\\/?s={search_term_string}\"},\"query-input\":{\"@type\":\"PropertyValueSpecification\",\"valueRequired\":true,\"valueName\":\"search_term_string\"}}],\"inLanguage\":\"cs\"}]}<\/script>\n<meta property=\"og:availability\" content=\"instock\" \/>\n<meta property=\"product:availability\" content=\"instock\" \/>\n<meta property=\"product:condition\" content=\"new\" \/>\n<!-- \/ Yoast SEO plugin. -->","yoast_head_json":{"title":"Spitzhaken | mit Knopfsicherung | WH 3530 - Rothschenk","description":"Spitzhaken - Knopfsicherung mit Federmechanismus\u2713 f\u00fcr B\u00e4nder bis 35 mm Breite \u2713 Stahl verzinkt \u2713 maximale Sicherheit \u27a4 Jetzt bestellen!","robots":{"index":"index","follow":"follow","max-snippet":"max-snippet:-1","max-image-preview":"max-image-preview:large","max-video-preview":"max-video-preview:-1"},"canonical":"https:\/\/rothschenk.de\/produkt\/spitzhaken-mit-knopfsicherung-wh-3530\/","og_locale":"cs_CZ","og_type":"article","og_title":"Spitzhaken | mit Knopfsicherung | WH 3530 - Rothschenk","og_description":"Spitzhaken - Knopfsicherung mit Federmechanismus\u2713 f\u00fcr B\u00e4nder bis 35 mm Breite \u2713 Stahl verzinkt \u2713 maximale Sicherheit \u27a4 Jetzt bestellen!","og_url":"https:\/\/rothschenk.de\/produkt\/spitzhaken-mit-knopfsicherung-wh-3530\/","og_site_name":"Rothschenk","article_publisher":"https:\/\/de-de.facebook.com\/FirmaRothschenk\/","article_modified_time":"2026-03-09T08:02:31+00:00","og_image":[{"width":1024,"height":1024,"url":"https:\/\/rothschenk.de\/wp-content\/uploads\/2023\/10\/24941-2.jpg","type":"image\/jpeg"}],"twitter_card":"summary_large_image","twitter_misc":{"Dostupnost":"Skladem"},"schema":{"@context":"https:\/\/schema.org","@graph":[{"@type":"WebPage","@id":"https:\/\/rothschenk.de\/produkt\/spitzhaken-mit-knopfsicherung-wh-3530\/","url":"https:\/\/rothschenk.de\/produkt\/spitzhaken-mit-knopfsicherung-wh-3530\/","name":"Spitzhaken | mit Knopfsicherung | WH 3530 - Rothschenk","isPartOf":{"@id":"https:\/\/rothschenk.de\/#website"},"primaryImageOfPage":{"@id":"https:\/\/rothschenk.de\/produkt\/spitzhaken-mit-knopfsicherung-wh-3530\/#primaryimage"},"image":{"@id":"https:\/\/rothschenk.de\/produkt\/spitzhaken-mit-knopfsicherung-wh-3530\/#primaryimage"},"thumbnailUrl":"https:\/\/rothschenk.de\/wp-content\/uploads\/2023\/10\/24941-2.jpg","datePublished":"2023-05-04T14:10:23+00:00","dateModified":"2026-03-09T08:02:31+00:00","description":"Spitzhaken - Knopfsicherung mit Federmechanismus\u2713 f\u00fcr B\u00e4nder bis 35 mm Breite \u2713 Stahl verzinkt \u2713 maximale Sicherheit \u27a4 Jetzt bestellen!","breadcrumb":{"@id":"https:\/\/rothschenk.de\/produkt\/spitzhaken-mit-knopfsicherung-wh-3530\/#breadcrumb"},"inLanguage":"cs","potentialAction":[{"@type":"ReadAction","target":["https:\/\/rothschenk.de\/produkt\/spitzhaken-mit-knopfsicherung-wh-3530\/"]}]},{"@type":"ImageObject","inLanguage":"cs","@id":"https:\/\/rothschenk.de\/produkt\/spitzhaken-mit-knopfsicherung-wh-3530\/#primaryimage","url":"https:\/\/rothschenk.de\/wp-content\/uploads\/2023\/10\/24941-2.jpg","contentUrl":"https:\/\/rothschenk.de\/wp-content\/uploads\/2023\/10\/24941-2.jpg","width":1024,"height":1024,"caption":"Spitzhaken mit Gurtbandsicherung"},{"@type":"BreadcrumbList","@id":"https:\/\/rothschenk.de\/produkt\/spitzhaken-mit-knopfsicherung-wh-3530\/#breadcrumb","itemListElement":[{"@type":"ListItem","position":1,"name":"Domovsk\u00e1 str\u00e1nka","item":"https:\/\/rothschenk.de\/cz\/domovska-stranka\/"},{"@type":"ListItem","position":2,"name":"Shop","item":"https:\/\/rothschenk.de\/shop\/"},{"@type":"ListItem","position":3,"name":"Spitzhaken | mit Knopfsicherung | WH 3530"}]},{"@type":"WebSite","@id":"https:\/\/rothschenk.de\/#website","url":"https:\/\/rothschenk.de\/","name":"Rothschenk - Der Online Shop f\u00fcr Ladungssicherung","description":"Der Online Shop f\u00fcr Ladungssicherung","potentialAction":[{"@type":"SearchAction","target":{"@type":"EntryPoint","urlTemplate":"https:\/\/rothschenk.de\/?s={search_term_string}"},"query-input":{"@type":"PropertyValueSpecification","valueRequired":true,"valueName":"search_term_string"}}],"inLanguage":"cs"}]},"og_availability":"instock","product_availability":"instock","product_condition":"new"},"_links":{"self":[{"href":"https:\/\/rothschenk.de\/cz\/wp-json\/wp\/v2\/product\/50612","targetHints":{"allow":["GET"]}}],"collection":[{"href":"https:\/\/rothschenk.de\/cz\/wp-json\/wp\/v2\/product"}],"about":[{"href":"https:\/\/rothschenk.de\/cz\/wp-json\/wp\/v2\/types\/product"}],"replies":[{"embeddable":true,"href":"https:\/\/rothschenk.de\/cz\/wp-json\/wp\/v2\/comments?post=50612"}],"wp:featuredmedia":[{"embeddable":true,"href":"https:\/\/rothschenk.de\/cz\/wp-json\/wp\/v2\/media\/50639"}],"wp:attachment":[{"href":"https:\/\/rothschenk.de\/cz\/wp-json\/wp\/v2\/media?parent=50612"}],"wp:term":[{"taxonomy":"product_brand","embeddable":true,"href":"https:\/\/rothschenk.de\/cz\/wp-json\/wp\/v2\/product_brand?post=50612"},{"taxonomy":"product_cat","embeddable":true,"href":"https:\/\/rothschenk.de\/cz\/wp-json\/wp\/v2\/product_cat?post=50612"},{"taxonomy":"product_tag","embeddable":true,"href":"https:\/\/rothschenk.de\/cz\/wp-json\/wp\/v2\/product_tag?post=50612"}],"curies":[{"name":"wp","href":"https:\/\/api.w.org\/{rel}","templated":true}]}}