{"id":50663,"date":"2023-05-04T16:05:45","date_gmt":"2023-05-04T14:05:45","guid":{"rendered":"https:\/\/rothschenk.de\/rothschenk-shop\/?post_type=product&#038;p=50663"},"modified":"2026-04-02T15:03:07","modified_gmt":"2026-04-02T13:03:07","slug":"spitzhaken-doppelfinger","status":"publish","type":"product","link":"https:\/\/rothschenk.de\/cz\/produkt\/spitzhaken-doppelfinger\/","title":{"rendered":"Spitzhaken | Doppelfinger"},"content":{"rendered":"<h3>Spitzhaken | Doppelfinger<\/h3>\n<p>Unser Spitzhaken bietet maximale Sicherheit f\u00fcr Ihre Fracht. Passend f\u00fcr Gurtb\u00e4nder bis zu einer Breite von 35 mm, gew\u00e4hrleistet er eine Belastbarkeit von 1.500 daN. Einfach einzuhaken und zu sichern, ist dieser Spitzhaken die ideale L\u00f6sung f\u00fcr zuverl\u00e4ssige Ladungssicherung.<\/p>\n<p>Einzelne Haken bieten Flexibilit\u00e4t bei der Anordnung und Positionierung von Ladungssicherungselementen.<\/p>\n","protected":false},"excerpt":{"rendered":"<p>Spitzhaken | Doppelfinger Unser Spitzhaken bietet maximale Sicherheit f\u00fcr Ihre Fracht. Passend f\u00fcr Gurtb\u00e4nder bis zu einer Breite von 35 mm, gew\u00e4hrleistet er eine Belastbarkeit von 1.500 daN. Einfach einzuhaken und zu sichern, ist dieser Spitzhaken die ideale L\u00f6sung f\u00fcr zuverl\u00e4ssige Ladungssicherung. Einzelne Haken bieten Flexibilit\u00e4t bei der Anordnung und Positionierung von Ladungssicherungselementen.<\/p>\n","protected":false},"featured_media":100257,"comment_status":"open","ping_status":"closed","template":"","meta":{"_acf_changed":false},"product_brand":[],"product_cat":[80,104,48,57,79],"product_tag":[],"class_list":{"0":"post-50663","1":"product","2":"type-product","3":"status-publish","4":"has-post-thumbnail","6":"product_cat-ladungssicherungs-tools","7":"product_cat-lashing","8":"product_cat-sale","9":"product_cat-verschluesse-haken","10":"product_cat-zubehoer","12":"first","13":"instock","14":"sale","15":"taxable","16":"shipping-taxable","17":"purchasable","18":"product-type-variable"},"acf":[],"yoast_head":"<!-- This site is optimized with the Yoast SEO plugin v27.3 - https:\/\/yoast.com\/product\/yoast-seo-wordpress\/ -->\n<title>Spitzhaken | Doppelfinger - Rothschenk<\/title>\n<meta name=\"description\" content=\"Doppelfinger Spitzhaken - F\u00fcr B\u00e4nder bis 35 mm Breite \u2713 Stahl verzinkt \u2713 maximale Sicherheit f\u00fcr Ihre Fracht \u25ba Jetzt online bestellen!\" \/>\n<meta name=\"robots\" content=\"index, follow, max-snippet:-1, max-image-preview:large, max-video-preview:-1\" \/>\n<link rel=\"canonical\" href=\"https:\/\/rothschenk.de\/produkt\/spitzhaken-doppelfinger\/\" \/>\n<meta property=\"og:locale\" content=\"cs_CZ\" \/>\n<meta property=\"og:type\" content=\"article\" \/>\n<meta property=\"og:title\" content=\"Spitzhaken | Doppelfinger - Rothschenk\" \/>\n<meta property=\"og:description\" content=\"Doppelfinger Spitzhaken - F\u00fcr B\u00e4nder bis 35 mm Breite \u2713 Stahl verzinkt \u2713 maximale Sicherheit f\u00fcr Ihre Fracht \u25ba Jetzt online bestellen!\" \/>\n<meta property=\"og:url\" content=\"https:\/\/rothschenk.de\/produkt\/spitzhaken-doppelfinger\/\" \/>\n<meta property=\"og:site_name\" content=\"Rothschenk\" \/>\n<meta property=\"article:publisher\" content=\"https:\/\/de-de.facebook.com\/FirmaRothschenk\/\" \/>\n<meta property=\"article:modified_time\" content=\"2026-04-02T13:03:07+00:00\" \/>\n<meta property=\"og:image\" content=\"https:\/\/rothschenk.de\/wp-content\/uploads\/2023\/12\/SALE-4.jpg\" \/>\n\t<meta property=\"og:image:width\" content=\"1024\" \/>\n\t<meta property=\"og:image:height\" content=\"1024\" \/>\n\t<meta property=\"og:image:type\" content=\"image\/jpeg\" \/>\n<meta name=\"twitter:card\" content=\"summary_large_image\" \/>\n<meta name=\"twitter:label1\" content=\"Dostupnost\" \/>\n\t<meta name=\"twitter:data1\" content=\"Skladem\" \/>\n<script type=\"application\/ld+json\" class=\"yoast-schema-graph\">{\"@context\":\"https:\\\/\\\/schema.org\",\"@graph\":[{\"@type\":\"WebPage\",\"@id\":\"https:\\\/\\\/rothschenk.de\\\/produkt\\\/spitzhaken-doppelfinger\\\/\",\"url\":\"https:\\\/\\\/rothschenk.de\\\/produkt\\\/spitzhaken-doppelfinger\\\/\",\"name\":\"Spitzhaken | Doppelfinger - Rothschenk\",\"isPartOf\":{\"@id\":\"https:\\\/\\\/rothschenk.de\\\/#website\"},\"primaryImageOfPage\":{\"@id\":\"https:\\\/\\\/rothschenk.de\\\/produkt\\\/spitzhaken-doppelfinger\\\/#primaryimage\"},\"image\":{\"@id\":\"https:\\\/\\\/rothschenk.de\\\/produkt\\\/spitzhaken-doppelfinger\\\/#primaryimage\"},\"thumbnailUrl\":\"https:\\\/\\\/rothschenk.de\\\/wp-content\\\/uploads\\\/2023\\\/12\\\/SALE-4.jpg\",\"datePublished\":\"2023-05-04T14:05:45+00:00\",\"dateModified\":\"2026-04-02T13:03:07+00:00\",\"description\":\"Doppelfinger Spitzhaken - F\u00fcr B\u00e4nder bis 35 mm Breite \u2713 Stahl verzinkt \u2713 maximale Sicherheit f\u00fcr Ihre Fracht \u25ba Jetzt online bestellen!\",\"breadcrumb\":{\"@id\":\"https:\\\/\\\/rothschenk.de\\\/produkt\\\/spitzhaken-doppelfinger\\\/#breadcrumb\"},\"inLanguage\":\"cs\",\"potentialAction\":[{\"@type\":\"ReadAction\",\"target\":[\"https:\\\/\\\/rothschenk.de\\\/produkt\\\/spitzhaken-doppelfinger\\\/\"]}]},{\"@type\":\"ImageObject\",\"inLanguage\":\"cs\",\"@id\":\"https:\\\/\\\/rothschenk.de\\\/produkt\\\/spitzhaken-doppelfinger\\\/#primaryimage\",\"url\":\"https:\\\/\\\/rothschenk.de\\\/wp-content\\\/uploads\\\/2023\\\/12\\\/SALE-4.jpg\",\"contentUrl\":\"https:\\\/\\\/rothschenk.de\\\/wp-content\\\/uploads\\\/2023\\\/12\\\/SALE-4.jpg\",\"width\":1024,\"height\":1024,\"caption\":\"Spitzhaken im Sale\"},{\"@type\":\"BreadcrumbList\",\"@id\":\"https:\\\/\\\/rothschenk.de\\\/produkt\\\/spitzhaken-doppelfinger\\\/#breadcrumb\",\"itemListElement\":[{\"@type\":\"ListItem\",\"position\":1,\"name\":\"Domovsk\u00e1 str\u00e1nka\",\"item\":\"https:\\\/\\\/rothschenk.de\\\/cz\\\/domovska-stranka\\\/\"},{\"@type\":\"ListItem\",\"position\":2,\"name\":\"Shop\",\"item\":\"https:\\\/\\\/rothschenk.de\\\/shop\\\/\"},{\"@type\":\"ListItem\",\"position\":3,\"name\":\"Spitzhaken | Doppelfinger\"}]},{\"@type\":\"WebSite\",\"@id\":\"https:\\\/\\\/rothschenk.de\\\/#website\",\"url\":\"https:\\\/\\\/rothschenk.de\\\/\",\"name\":\"Rothschenk - Der Online Shop f\u00fcr Ladungssicherung\",\"description\":\"Der Online Shop f\u00fcr Ladungssicherung\",\"potentialAction\":[{\"@type\":\"SearchAction\",\"target\":{\"@type\":\"EntryPoint\",\"urlTemplate\":\"https:\\\/\\\/rothschenk.de\\\/?s={search_term_string}\"},\"query-input\":{\"@type\":\"PropertyValueSpecification\",\"valueRequired\":true,\"valueName\":\"search_term_string\"}}],\"inLanguage\":\"cs\"}]}<\/script>\n<meta property=\"og:availability\" content=\"instock\" \/>\n<meta property=\"product:availability\" content=\"instock\" \/>\n<meta property=\"product:condition\" content=\"new\" \/>\n<!-- \/ Yoast SEO plugin. -->","yoast_head_json":{"title":"Spitzhaken | Doppelfinger - Rothschenk","description":"Doppelfinger Spitzhaken - F\u00fcr B\u00e4nder bis 35 mm Breite \u2713 Stahl verzinkt \u2713 maximale Sicherheit f\u00fcr Ihre Fracht \u25ba Jetzt online bestellen!","robots":{"index":"index","follow":"follow","max-snippet":"max-snippet:-1","max-image-preview":"max-image-preview:large","max-video-preview":"max-video-preview:-1"},"canonical":"https:\/\/rothschenk.de\/produkt\/spitzhaken-doppelfinger\/","og_locale":"cs_CZ","og_type":"article","og_title":"Spitzhaken | Doppelfinger - Rothschenk","og_description":"Doppelfinger Spitzhaken - F\u00fcr B\u00e4nder bis 35 mm Breite \u2713 Stahl verzinkt \u2713 maximale Sicherheit f\u00fcr Ihre Fracht \u25ba Jetzt online bestellen!","og_url":"https:\/\/rothschenk.de\/produkt\/spitzhaken-doppelfinger\/","og_site_name":"Rothschenk","article_publisher":"https:\/\/de-de.facebook.com\/FirmaRothschenk\/","article_modified_time":"2026-04-02T13:03:07+00:00","og_image":[{"width":1024,"height":1024,"url":"https:\/\/rothschenk.de\/wp-content\/uploads\/2023\/12\/SALE-4.jpg","type":"image\/jpeg"}],"twitter_card":"summary_large_image","twitter_misc":{"Dostupnost":"Skladem"},"schema":{"@context":"https:\/\/schema.org","@graph":[{"@type":"WebPage","@id":"https:\/\/rothschenk.de\/produkt\/spitzhaken-doppelfinger\/","url":"https:\/\/rothschenk.de\/produkt\/spitzhaken-doppelfinger\/","name":"Spitzhaken | Doppelfinger - Rothschenk","isPartOf":{"@id":"https:\/\/rothschenk.de\/#website"},"primaryImageOfPage":{"@id":"https:\/\/rothschenk.de\/produkt\/spitzhaken-doppelfinger\/#primaryimage"},"image":{"@id":"https:\/\/rothschenk.de\/produkt\/spitzhaken-doppelfinger\/#primaryimage"},"thumbnailUrl":"https:\/\/rothschenk.de\/wp-content\/uploads\/2023\/12\/SALE-4.jpg","datePublished":"2023-05-04T14:05:45+00:00","dateModified":"2026-04-02T13:03:07+00:00","description":"Doppelfinger Spitzhaken - F\u00fcr B\u00e4nder bis 35 mm Breite \u2713 Stahl verzinkt \u2713 maximale Sicherheit f\u00fcr Ihre Fracht \u25ba Jetzt online bestellen!","breadcrumb":{"@id":"https:\/\/rothschenk.de\/produkt\/spitzhaken-doppelfinger\/#breadcrumb"},"inLanguage":"cs","potentialAction":[{"@type":"ReadAction","target":["https:\/\/rothschenk.de\/produkt\/spitzhaken-doppelfinger\/"]}]},{"@type":"ImageObject","inLanguage":"cs","@id":"https:\/\/rothschenk.de\/produkt\/spitzhaken-doppelfinger\/#primaryimage","url":"https:\/\/rothschenk.de\/wp-content\/uploads\/2023\/12\/SALE-4.jpg","contentUrl":"https:\/\/rothschenk.de\/wp-content\/uploads\/2023\/12\/SALE-4.jpg","width":1024,"height":1024,"caption":"Spitzhaken im Sale"},{"@type":"BreadcrumbList","@id":"https:\/\/rothschenk.de\/produkt\/spitzhaken-doppelfinger\/#breadcrumb","itemListElement":[{"@type":"ListItem","position":1,"name":"Domovsk\u00e1 str\u00e1nka","item":"https:\/\/rothschenk.de\/cz\/domovska-stranka\/"},{"@type":"ListItem","position":2,"name":"Shop","item":"https:\/\/rothschenk.de\/shop\/"},{"@type":"ListItem","position":3,"name":"Spitzhaken | Doppelfinger"}]},{"@type":"WebSite","@id":"https:\/\/rothschenk.de\/#website","url":"https:\/\/rothschenk.de\/","name":"Rothschenk - Der Online Shop f\u00fcr Ladungssicherung","description":"Der Online Shop f\u00fcr Ladungssicherung","potentialAction":[{"@type":"SearchAction","target":{"@type":"EntryPoint","urlTemplate":"https:\/\/rothschenk.de\/?s={search_term_string}"},"query-input":{"@type":"PropertyValueSpecification","valueRequired":true,"valueName":"search_term_string"}}],"inLanguage":"cs"}]},"og_availability":"instock","product_availability":"instock","product_condition":"new"},"_links":{"self":[{"href":"https:\/\/rothschenk.de\/cz\/wp-json\/wp\/v2\/product\/50663","targetHints":{"allow":["GET"]}}],"collection":[{"href":"https:\/\/rothschenk.de\/cz\/wp-json\/wp\/v2\/product"}],"about":[{"href":"https:\/\/rothschenk.de\/cz\/wp-json\/wp\/v2\/types\/product"}],"replies":[{"embeddable":true,"href":"https:\/\/rothschenk.de\/cz\/wp-json\/wp\/v2\/comments?post=50663"}],"wp:featuredmedia":[{"embeddable":true,"href":"https:\/\/rothschenk.de\/cz\/wp-json\/wp\/v2\/media\/100257"}],"wp:attachment":[{"href":"https:\/\/rothschenk.de\/cz\/wp-json\/wp\/v2\/media?parent=50663"}],"wp:term":[{"taxonomy":"product_brand","embeddable":true,"href":"https:\/\/rothschenk.de\/cz\/wp-json\/wp\/v2\/product_brand?post=50663"},{"taxonomy":"product_cat","embeddable":true,"href":"https:\/\/rothschenk.de\/cz\/wp-json\/wp\/v2\/product_cat?post=50663"},{"taxonomy":"product_tag","embeddable":true,"href":"https:\/\/rothschenk.de\/cz\/wp-json\/wp\/v2\/product_tag?post=50663"}],"curies":[{"name":"wp","href":"https:\/\/api.w.org\/{rel}","templated":true}]}}