{"id":5590,"date":"2023-02-12T23:00:30","date_gmt":"2023-02-12T22:00:30","guid":{"rendered":"https:\/\/rothschenk.de\/rothschenk-shop\/?post_type=product&#038;p=5590"},"modified":"2026-04-22T15:05:14","modified_gmt":"2026-04-22T13:05:14","slug":"kantenschutz-700-mm-pappe","status":"publish","type":"product","link":"https:\/\/rothschenk.de\/cz\/produkt\/kantenschutz-700-mm-pappe\/","title":{"rendered":"Kantenschutz | 700 mm | Pappe | 45 x 45 x 4 mm"},"content":{"rendered":"<h3>Kantenschutz | 700 mm | Pappe | 45 x 45 x 4 mm<\/h3>\n<p>Der Kantenschutzwinkel aus Pappe eignet sich hervorragend, um eine verl\u00e4ssliche Ladeeinheit auf der Palette zu bilden. Kantenschutzwinkel \u00fcbertragen die auftretenden Vorspannkr\u00e4fte von der Kante der Ware auf deren Fl\u00e4che. Der Pappwinkel zeichnet sich trotz des vergleichsweise geringen Preises durch seine hohe Stabilit\u00e4t aus und ist ideal f\u00fcr den Einwegversand geeignet.<\/p>\n<p>Die Kantenschutzwinkel aus Pappe k\u00f6nnen horizontal eingesetzt werden, um die Stapelm\u00f6glichkeit einer Palette zu verbessern oder die Umreifung mit einem Metall- oder Kunststoffband zu erleichtern. Vertikal eingesetzt l\u00e4sst sich die Palette dank der Pappwinkel leichter mit Stretchfolie umwickeln.<\/p>\n<p>Zum Bilden von formschl\u00fcssigen Ladeeinheiten sind Kantenschutzwinkel aus Pappe oftmals unerl\u00e4sslich. Die Ware wird vor Besch\u00e4digungen gesch\u00fctzt und der Verladeprozess sowie der sp\u00e4tere Transport sind wesentlich leichter und schonender.<\/p>\n<p>Viele Unternehmen setzen zunehmend auf Nachhaltigkeit im Versandprozess. Kantenschutzwinkel aus Pappe werden aus recycelter Kartonage hergestellt, sind umweltfreundlich und zu 100% recycelbar.<\/p>\n","protected":false},"excerpt":{"rendered":"<p>Kantenschutz | 700 mm | Pappe | 45 x 45 x 4 mm Der Kantenschutzwinkel aus Pappe eignet sich hervorragend, um eine verl\u00e4ssliche Ladeeinheit auf der Palette zu bilden. Kantenschutzwinkel \u00fcbertragen die auftretenden Vorspannkr\u00e4fte von der Kante der Ware auf deren Fl\u00e4che. Der Pappwinkel zeichnet sich trotz des vergleichsweise geringen Preises durch seine hohe Stabilit\u00e4t [&hellip;]<\/p>\n","protected":false},"featured_media":37344,"comment_status":"open","ping_status":"closed","template":"","meta":{"_acf_changed":false},"product_brand":[],"product_cat":[73,75],"product_tag":[],"class_list":{"0":"post-5590","1":"product","2":"type-product","3":"status-publish","4":"has-post-thumbnail","6":"product_cat-kantenschutz","7":"product_cat-pappe","9":"first","10":"instock","11":"sale","12":"taxable","13":"shipping-taxable","14":"purchasable","15":"product-type-variable"},"acf":[],"yoast_head":"<!-- This site is optimized with the Yoast SEO plugin v27.4 - https:\/\/yoast.com\/product\/yoast-seo-wordpress\/ -->\n<title>Kantenschutz | 700 mm | Pappe | 45 x 45 x 4 mm - Rothschenk<\/title>\n<meta name=\"description\" content=\"Kantenschutz \u25b6 Online Shop \u2713 Material: Pappe \u2713 Gesamtl\u00e4nge: 700 mm \u2713 100% recyclebar \u2713 Schenkell\u00e4ngen: 45 x 45 x 4 mm \u2713 Jetzt Bestellen!\" \/>\n<meta name=\"robots\" content=\"index, follow, max-snippet:-1, max-image-preview:large, max-video-preview:-1\" \/>\n<link rel=\"canonical\" href=\"https:\/\/rothschenk.de\/produkt\/kantenschutz-700-mm-pappe\/\" \/>\n<meta property=\"og:locale\" content=\"cs_CZ\" \/>\n<meta property=\"og:type\" content=\"article\" \/>\n<meta property=\"og:title\" content=\"Kantenschutz | 700 mm | Pappe | 45 x 45 x 4 mm - Rothschenk\" \/>\n<meta property=\"og:description\" content=\"Kantenschutz \u25b6 Online Shop \u2713 Material: Pappe \u2713 Gesamtl\u00e4nge: 700 mm \u2713 100% recyclebar \u2713 Schenkell\u00e4ngen: 45 x 45 x 4 mm \u2713 Jetzt Bestellen!\" \/>\n<meta property=\"og:url\" content=\"https:\/\/rothschenk.de\/produkt\/kantenschutz-700-mm-pappe\/\" \/>\n<meta property=\"og:site_name\" content=\"Rothschenk\" \/>\n<meta property=\"article:publisher\" content=\"https:\/\/de-de.facebook.com\/FirmaRothschenk\/\" \/>\n<meta property=\"article:modified_time\" content=\"2026-04-22T13:05:14+00:00\" \/>\n<meta property=\"og:image\" content=\"https:\/\/rothschenk.de\/wp-content\/uploads\/2023\/03\/14097_Kantenschutz-Pappe-1.jpg\" \/>\n\t<meta property=\"og:image:width\" content=\"1024\" \/>\n\t<meta property=\"og:image:height\" content=\"1024\" \/>\n\t<meta property=\"og:image:type\" content=\"image\/jpeg\" \/>\n<meta name=\"twitter:card\" content=\"summary_large_image\" \/>\n<meta name=\"twitter:label1\" content=\"Dostupnost\" \/>\n\t<meta name=\"twitter:data1\" content=\"Skladem\" \/>\n<script type=\"application\/ld+json\" class=\"yoast-schema-graph\">{\"@context\":\"https:\\\/\\\/schema.org\",\"@graph\":[{\"@type\":\"WebPage\",\"@id\":\"https:\\\/\\\/rothschenk.de\\\/produkt\\\/kantenschutz-700-mm-pappe\\\/\",\"url\":\"https:\\\/\\\/rothschenk.de\\\/produkt\\\/kantenschutz-700-mm-pappe\\\/\",\"name\":\"Kantenschutz | 700 mm | Pappe | 45 x 45 x 4 mm - Rothschenk\",\"isPartOf\":{\"@id\":\"https:\\\/\\\/rothschenk.de\\\/#website\"},\"primaryImageOfPage\":{\"@id\":\"https:\\\/\\\/rothschenk.de\\\/produkt\\\/kantenschutz-700-mm-pappe\\\/#primaryimage\"},\"image\":{\"@id\":\"https:\\\/\\\/rothschenk.de\\\/produkt\\\/kantenschutz-700-mm-pappe\\\/#primaryimage\"},\"thumbnailUrl\":\"https:\\\/\\\/rothschenk.de\\\/wp-content\\\/uploads\\\/2023\\\/03\\\/14097_Kantenschutz-Pappe-1.jpg\",\"datePublished\":\"2023-02-12T22:00:30+00:00\",\"dateModified\":\"2026-04-22T13:05:14+00:00\",\"description\":\"Kantenschutz \u25b6 Online Shop \u2713 Material: Pappe \u2713 Gesamtl\u00e4nge: 700 mm \u2713 100% recyclebar \u2713 Schenkell\u00e4ngen: 45 x 45 x 4 mm \u2713 Jetzt Bestellen!\",\"breadcrumb\":{\"@id\":\"https:\\\/\\\/rothschenk.de\\\/produkt\\\/kantenschutz-700-mm-pappe\\\/#breadcrumb\"},\"inLanguage\":\"cs\",\"potentialAction\":[{\"@type\":\"ReadAction\",\"target\":[\"https:\\\/\\\/rothschenk.de\\\/produkt\\\/kantenschutz-700-mm-pappe\\\/\"]}]},{\"@type\":\"ImageObject\",\"inLanguage\":\"cs\",\"@id\":\"https:\\\/\\\/rothschenk.de\\\/produkt\\\/kantenschutz-700-mm-pappe\\\/#primaryimage\",\"url\":\"https:\\\/\\\/rothschenk.de\\\/wp-content\\\/uploads\\\/2023\\\/03\\\/14097_Kantenschutz-Pappe-1.jpg\",\"contentUrl\":\"https:\\\/\\\/rothschenk.de\\\/wp-content\\\/uploads\\\/2023\\\/03\\\/14097_Kantenschutz-Pappe-1.jpg\",\"width\":1024,\"height\":1024,\"caption\":\"Kantenschutzwinkel aus Pappe\"},{\"@type\":\"BreadcrumbList\",\"@id\":\"https:\\\/\\\/rothschenk.de\\\/produkt\\\/kantenschutz-700-mm-pappe\\\/#breadcrumb\",\"itemListElement\":[{\"@type\":\"ListItem\",\"position\":1,\"name\":\"Domovsk\u00e1 str\u00e1nka\",\"item\":\"https:\\\/\\\/rothschenk.de\\\/cz\\\/domovska-stranka\\\/\"},{\"@type\":\"ListItem\",\"position\":2,\"name\":\"Shop\",\"item\":\"https:\\\/\\\/rothschenk.de\\\/shop\\\/\"},{\"@type\":\"ListItem\",\"position\":3,\"name\":\"Kantenschutz | 700 mm | Pappe | 45 x 45 x 4 mm\"}]},{\"@type\":\"WebSite\",\"@id\":\"https:\\\/\\\/rothschenk.de\\\/#website\",\"url\":\"https:\\\/\\\/rothschenk.de\\\/\",\"name\":\"Rothschenk - Der Online Shop f\u00fcr Ladungssicherung\",\"description\":\"Der Online Shop f\u00fcr Ladungssicherung\",\"potentialAction\":[{\"@type\":\"SearchAction\",\"target\":{\"@type\":\"EntryPoint\",\"urlTemplate\":\"https:\\\/\\\/rothschenk.de\\\/?s={search_term_string}\"},\"query-input\":{\"@type\":\"PropertyValueSpecification\",\"valueRequired\":true,\"valueName\":\"search_term_string\"}}],\"inLanguage\":\"cs\"}]}<\/script>\n<meta property=\"og:availability\" content=\"instock\" \/>\n<meta property=\"product:availability\" content=\"instock\" \/>\n<meta property=\"product:condition\" content=\"new\" \/>\n<!-- \/ Yoast SEO plugin. -->","yoast_head_json":{"title":"Kantenschutz | 700 mm | Pappe | 45 x 45 x 4 mm - Rothschenk","description":"Kantenschutz \u25b6 Online Shop \u2713 Material: Pappe \u2713 Gesamtl\u00e4nge: 700 mm \u2713 100% recyclebar \u2713 Schenkell\u00e4ngen: 45 x 45 x 4 mm \u2713 Jetzt Bestellen!","robots":{"index":"index","follow":"follow","max-snippet":"max-snippet:-1","max-image-preview":"max-image-preview:large","max-video-preview":"max-video-preview:-1"},"canonical":"https:\/\/rothschenk.de\/produkt\/kantenschutz-700-mm-pappe\/","og_locale":"cs_CZ","og_type":"article","og_title":"Kantenschutz | 700 mm | Pappe | 45 x 45 x 4 mm - Rothschenk","og_description":"Kantenschutz \u25b6 Online Shop \u2713 Material: Pappe \u2713 Gesamtl\u00e4nge: 700 mm \u2713 100% recyclebar \u2713 Schenkell\u00e4ngen: 45 x 45 x 4 mm \u2713 Jetzt Bestellen!","og_url":"https:\/\/rothschenk.de\/produkt\/kantenschutz-700-mm-pappe\/","og_site_name":"Rothschenk","article_publisher":"https:\/\/de-de.facebook.com\/FirmaRothschenk\/","article_modified_time":"2026-04-22T13:05:14+00:00","og_image":[{"width":1024,"height":1024,"url":"https:\/\/rothschenk.de\/wp-content\/uploads\/2023\/03\/14097_Kantenschutz-Pappe-1.jpg","type":"image\/jpeg"}],"twitter_card":"summary_large_image","twitter_misc":{"Dostupnost":"Skladem"},"schema":{"@context":"https:\/\/schema.org","@graph":[{"@type":"WebPage","@id":"https:\/\/rothschenk.de\/produkt\/kantenschutz-700-mm-pappe\/","url":"https:\/\/rothschenk.de\/produkt\/kantenschutz-700-mm-pappe\/","name":"Kantenschutz | 700 mm | Pappe | 45 x 45 x 4 mm - Rothschenk","isPartOf":{"@id":"https:\/\/rothschenk.de\/#website"},"primaryImageOfPage":{"@id":"https:\/\/rothschenk.de\/produkt\/kantenschutz-700-mm-pappe\/#primaryimage"},"image":{"@id":"https:\/\/rothschenk.de\/produkt\/kantenschutz-700-mm-pappe\/#primaryimage"},"thumbnailUrl":"https:\/\/rothschenk.de\/wp-content\/uploads\/2023\/03\/14097_Kantenschutz-Pappe-1.jpg","datePublished":"2023-02-12T22:00:30+00:00","dateModified":"2026-04-22T13:05:14+00:00","description":"Kantenschutz \u25b6 Online Shop \u2713 Material: Pappe \u2713 Gesamtl\u00e4nge: 700 mm \u2713 100% recyclebar \u2713 Schenkell\u00e4ngen: 45 x 45 x 4 mm \u2713 Jetzt Bestellen!","breadcrumb":{"@id":"https:\/\/rothschenk.de\/produkt\/kantenschutz-700-mm-pappe\/#breadcrumb"},"inLanguage":"cs","potentialAction":[{"@type":"ReadAction","target":["https:\/\/rothschenk.de\/produkt\/kantenschutz-700-mm-pappe\/"]}]},{"@type":"ImageObject","inLanguage":"cs","@id":"https:\/\/rothschenk.de\/produkt\/kantenschutz-700-mm-pappe\/#primaryimage","url":"https:\/\/rothschenk.de\/wp-content\/uploads\/2023\/03\/14097_Kantenschutz-Pappe-1.jpg","contentUrl":"https:\/\/rothschenk.de\/wp-content\/uploads\/2023\/03\/14097_Kantenschutz-Pappe-1.jpg","width":1024,"height":1024,"caption":"Kantenschutzwinkel aus Pappe"},{"@type":"BreadcrumbList","@id":"https:\/\/rothschenk.de\/produkt\/kantenschutz-700-mm-pappe\/#breadcrumb","itemListElement":[{"@type":"ListItem","position":1,"name":"Domovsk\u00e1 str\u00e1nka","item":"https:\/\/rothschenk.de\/cz\/domovska-stranka\/"},{"@type":"ListItem","position":2,"name":"Shop","item":"https:\/\/rothschenk.de\/shop\/"},{"@type":"ListItem","position":3,"name":"Kantenschutz | 700 mm | Pappe | 45 x 45 x 4 mm"}]},{"@type":"WebSite","@id":"https:\/\/rothschenk.de\/#website","url":"https:\/\/rothschenk.de\/","name":"Rothschenk - Der Online Shop f\u00fcr Ladungssicherung","description":"Der Online Shop f\u00fcr Ladungssicherung","potentialAction":[{"@type":"SearchAction","target":{"@type":"EntryPoint","urlTemplate":"https:\/\/rothschenk.de\/?s={search_term_string}"},"query-input":{"@type":"PropertyValueSpecification","valueRequired":true,"valueName":"search_term_string"}}],"inLanguage":"cs"}]},"og_availability":"instock","product_availability":"instock","product_condition":"new"},"_links":{"self":[{"href":"https:\/\/rothschenk.de\/cz\/wp-json\/wp\/v2\/product\/5590","targetHints":{"allow":["GET"]}}],"collection":[{"href":"https:\/\/rothschenk.de\/cz\/wp-json\/wp\/v2\/product"}],"about":[{"href":"https:\/\/rothschenk.de\/cz\/wp-json\/wp\/v2\/types\/product"}],"replies":[{"embeddable":true,"href":"https:\/\/rothschenk.de\/cz\/wp-json\/wp\/v2\/comments?post=5590"}],"wp:featuredmedia":[{"embeddable":true,"href":"https:\/\/rothschenk.de\/cz\/wp-json\/wp\/v2\/media\/37344"}],"wp:attachment":[{"href":"https:\/\/rothschenk.de\/cz\/wp-json\/wp\/v2\/media?parent=5590"}],"wp:term":[{"taxonomy":"product_brand","embeddable":true,"href":"https:\/\/rothschenk.de\/cz\/wp-json\/wp\/v2\/product_brand?post=5590"},{"taxonomy":"product_cat","embeddable":true,"href":"https:\/\/rothschenk.de\/cz\/wp-json\/wp\/v2\/product_cat?post=5590"},{"taxonomy":"product_tag","embeddable":true,"href":"https:\/\/rothschenk.de\/cz\/wp-json\/wp\/v2\/product_tag?post=5590"}],"curies":[{"name":"wp","href":"https:\/\/api.w.org\/{rel}","templated":true}]}}