{"id":5633,"date":"2023-02-12T21:00:30","date_gmt":"2023-02-12T20:00:30","guid":{"rendered":"https:\/\/rothschenk.de\/rothschenk-shop\/?post_type=product&#038;p=5633"},"modified":"2026-04-16T10:43:33","modified_gmt":"2026-04-16T08:43:33","slug":"kantenschutz-1-000-mm-viertelschale","status":"publish","type":"product","link":"https:\/\/rothschenk.de\/cz\/produkt\/kantenschutz-1-000-mm-viertelschale\/","title":{"rendered":"Kantenschutz | 1.000 mm | Viertelschale 200 x 10 mm"},"content":{"rendered":"<h3>Kantenschutz | 1.000 mm | Pappe | Viertelschale 200 x 10 mm<\/h3>\n<p>Unser Kantenschutz Viertelschale aus Pappe ist f\u00fcr den Versand von IBCs unerl\u00e4sslich. Sie sch\u00fctzen vor Verformungen und leiten au\u00dferdem die Spannkr\u00e4fte zuverl\u00e4ssig um die Rundung der Ware. Das Kantenschutzsegment 1.000 x 200 x 10 mm ist ideal zur Sicherung von z.B. IBCs oder Sackware geeignet. Die Viertelschalen werden dabei prim\u00e4r f\u00fcr den Einsatz im Container und in Verbindung mit Containerlashings verwendet.<\/p>\n<p>Viele Unternehmen setzen zunehmend auf Nachhaltigkeit im Versandprozess. Kantenschutzwinkel aus Pappe werden aus recycelter Kartonage hergestellt, sind umweltfreundlich und zu 100% recycelbar.<\/p>\n","protected":false},"excerpt":{"rendered":"<p>Kantenschutz | 1.000 mm | Pappe | Viertelschale 200 x 10 mm Unser Kantenschutz Viertelschale aus Pappe ist f\u00fcr den Versand von IBCs unerl\u00e4sslich. Sie sch\u00fctzen vor Verformungen und leiten au\u00dferdem die Spannkr\u00e4fte zuverl\u00e4ssig um die Rundung der Ware. Das Kantenschutzsegment 1.000 x 200 x 10 mm ist ideal zur Sicherung von z.B. IBCs oder [&hellip;]<\/p>\n","protected":false},"featured_media":37428,"comment_status":"open","ping_status":"closed","template":"","meta":{"_acf_changed":false},"product_brand":[],"product_cat":[73,75],"product_tag":[],"class_list":{"0":"post-5633","1":"product","2":"type-product","3":"status-publish","4":"has-post-thumbnail","6":"product_cat-kantenschutz","7":"product_cat-pappe","9":"first","10":"onbackorder","11":"sale","12":"taxable","13":"shipping-taxable","14":"purchasable","15":"product-type-variable"},"acf":[],"yoast_head":"<!-- This site is optimized with the Yoast SEO plugin v27.4 - https:\/\/yoast.com\/product\/yoast-seo-wordpress\/ -->\n<title>Kantenschutz | 1.000 mm | Viertelschale 200 x 10 mm<\/title>\n<meta name=\"description\" content=\"Kantenschutz \u25b6 Durchmesser: 200 mm \u2713 St\u00e4rke: 10 mm \u2713 Material: Pappe \u2713 100% recyclebar \u2713 L\u00e4nge: 1.000 mm \u25b6 Bei Rothschenk bestellen!\" \/>\n<meta name=\"robots\" content=\"index, follow, max-snippet:-1, max-image-preview:large, max-video-preview:-1\" \/>\n<link rel=\"canonical\" href=\"https:\/\/rothschenk.de\/produkt\/kantenschutz-1-000-mm-viertelschale\/\" \/>\n<meta property=\"og:locale\" content=\"cs_CZ\" \/>\n<meta property=\"og:type\" content=\"article\" \/>\n<meta property=\"og:title\" content=\"Kantenschutz | 1.000 mm | Viertelschale 200 x 10 mm\" \/>\n<meta property=\"og:description\" content=\"Kantenschutz \u25b6 Durchmesser: 200 mm \u2713 St\u00e4rke: 10 mm \u2713 Material: Pappe \u2713 100% recyclebar \u2713 L\u00e4nge: 1.000 mm \u25b6 Bei Rothschenk bestellen!\" \/>\n<meta property=\"og:url\" content=\"https:\/\/rothschenk.de\/produkt\/kantenschutz-1-000-mm-viertelschale\/\" \/>\n<meta property=\"og:site_name\" content=\"Rothschenk\" \/>\n<meta property=\"article:publisher\" content=\"https:\/\/de-de.facebook.com\/FirmaRothschenk\/\" \/>\n<meta property=\"article:modified_time\" content=\"2026-04-16T08:43:33+00:00\" \/>\n<meta property=\"og:image\" content=\"https:\/\/rothschenk.de\/wp-content\/uploads\/2023\/03\/22972.jpg\" \/>\n\t<meta property=\"og:image:width\" content=\"1024\" \/>\n\t<meta property=\"og:image:height\" content=\"1024\" \/>\n\t<meta property=\"og:image:type\" content=\"image\/jpeg\" \/>\n<meta name=\"twitter:card\" content=\"summary_large_image\" \/>\n<meta name=\"twitter:label1\" content=\"Dostupnost\" \/>\n\t<meta name=\"twitter:data1\" content=\"V extern\u00edm sklad\u011b\" \/>\n<script type=\"application\/ld+json\" class=\"yoast-schema-graph\">{\"@context\":\"https:\\\/\\\/schema.org\",\"@graph\":[{\"@type\":\"WebPage\",\"@id\":\"https:\\\/\\\/rothschenk.de\\\/produkt\\\/kantenschutz-1-000-mm-viertelschale\\\/\",\"url\":\"https:\\\/\\\/rothschenk.de\\\/produkt\\\/kantenschutz-1-000-mm-viertelschale\\\/\",\"name\":\"Kantenschutz | 1.000 mm | Viertelschale 200 x 10 mm\",\"isPartOf\":{\"@id\":\"https:\\\/\\\/rothschenk.de\\\/#website\"},\"primaryImageOfPage\":{\"@id\":\"https:\\\/\\\/rothschenk.de\\\/produkt\\\/kantenschutz-1-000-mm-viertelschale\\\/#primaryimage\"},\"image\":{\"@id\":\"https:\\\/\\\/rothschenk.de\\\/produkt\\\/kantenschutz-1-000-mm-viertelschale\\\/#primaryimage\"},\"thumbnailUrl\":\"https:\\\/\\\/rothschenk.de\\\/wp-content\\\/uploads\\\/2023\\\/03\\\/22972.jpg\",\"datePublished\":\"2023-02-12T20:00:30+00:00\",\"dateModified\":\"2026-04-16T08:43:33+00:00\",\"description\":\"Kantenschutz \u25b6 Durchmesser: 200 mm \u2713 St\u00e4rke: 10 mm \u2713 Material: Pappe \u2713 100% recyclebar \u2713 L\u00e4nge: 1.000 mm \u25b6 Bei Rothschenk bestellen!\",\"breadcrumb\":{\"@id\":\"https:\\\/\\\/rothschenk.de\\\/produkt\\\/kantenschutz-1-000-mm-viertelschale\\\/#breadcrumb\"},\"inLanguage\":\"cs\",\"potentialAction\":[{\"@type\":\"ReadAction\",\"target\":[\"https:\\\/\\\/rothschenk.de\\\/produkt\\\/kantenschutz-1-000-mm-viertelschale\\\/\"]}]},{\"@type\":\"ImageObject\",\"inLanguage\":\"cs\",\"@id\":\"https:\\\/\\\/rothschenk.de\\\/produkt\\\/kantenschutz-1-000-mm-viertelschale\\\/#primaryimage\",\"url\":\"https:\\\/\\\/rothschenk.de\\\/wp-content\\\/uploads\\\/2023\\\/03\\\/22972.jpg\",\"contentUrl\":\"https:\\\/\\\/rothschenk.de\\\/wp-content\\\/uploads\\\/2023\\\/03\\\/22972.jpg\",\"width\":1024,\"height\":1024,\"caption\":\"Kantenschutzwinkel Viertelschale aus Pappe\"},{\"@type\":\"BreadcrumbList\",\"@id\":\"https:\\\/\\\/rothschenk.de\\\/produkt\\\/kantenschutz-1-000-mm-viertelschale\\\/#breadcrumb\",\"itemListElement\":[{\"@type\":\"ListItem\",\"position\":1,\"name\":\"Domovsk\u00e1 str\u00e1nka\",\"item\":\"https:\\\/\\\/rothschenk.de\\\/cz\\\/domovska-stranka\\\/\"},{\"@type\":\"ListItem\",\"position\":2,\"name\":\"Shop\",\"item\":\"https:\\\/\\\/rothschenk.de\\\/shop\\\/\"},{\"@type\":\"ListItem\",\"position\":3,\"name\":\"Kantenschutz | 1.000 mm | Viertelschale 200 x 10 mm\"}]},{\"@type\":\"WebSite\",\"@id\":\"https:\\\/\\\/rothschenk.de\\\/#website\",\"url\":\"https:\\\/\\\/rothschenk.de\\\/\",\"name\":\"Rothschenk - Der Online Shop f\u00fcr Ladungssicherung\",\"description\":\"Der Online Shop f\u00fcr Ladungssicherung\",\"potentialAction\":[{\"@type\":\"SearchAction\",\"target\":{\"@type\":\"EntryPoint\",\"urlTemplate\":\"https:\\\/\\\/rothschenk.de\\\/?s={search_term_string}\"},\"query-input\":{\"@type\":\"PropertyValueSpecification\",\"valueRequired\":true,\"valueName\":\"search_term_string\"}}],\"inLanguage\":\"cs\"}]}<\/script>\n<meta property=\"og:availability\" content=\"backorder\" \/>\n<meta property=\"product:availability\" content=\"available for order\" \/>\n<meta property=\"product:condition\" content=\"new\" \/>\n<!-- \/ Yoast SEO plugin. -->","yoast_head_json":{"title":"Kantenschutz | 1.000 mm | Viertelschale 200 x 10 mm","description":"Kantenschutz \u25b6 Durchmesser: 200 mm \u2713 St\u00e4rke: 10 mm \u2713 Material: Pappe \u2713 100% recyclebar \u2713 L\u00e4nge: 1.000 mm \u25b6 Bei Rothschenk bestellen!","robots":{"index":"index","follow":"follow","max-snippet":"max-snippet:-1","max-image-preview":"max-image-preview:large","max-video-preview":"max-video-preview:-1"},"canonical":"https:\/\/rothschenk.de\/produkt\/kantenschutz-1-000-mm-viertelschale\/","og_locale":"cs_CZ","og_type":"article","og_title":"Kantenschutz | 1.000 mm | Viertelschale 200 x 10 mm","og_description":"Kantenschutz \u25b6 Durchmesser: 200 mm \u2713 St\u00e4rke: 10 mm \u2713 Material: Pappe \u2713 100% recyclebar \u2713 L\u00e4nge: 1.000 mm \u25b6 Bei Rothschenk bestellen!","og_url":"https:\/\/rothschenk.de\/produkt\/kantenschutz-1-000-mm-viertelschale\/","og_site_name":"Rothschenk","article_publisher":"https:\/\/de-de.facebook.com\/FirmaRothschenk\/","article_modified_time":"2026-04-16T08:43:33+00:00","og_image":[{"width":1024,"height":1024,"url":"https:\/\/rothschenk.de\/wp-content\/uploads\/2023\/03\/22972.jpg","type":"image\/jpeg"}],"twitter_card":"summary_large_image","twitter_misc":{"Dostupnost":"V extern\u00edm sklad\u011b"},"schema":{"@context":"https:\/\/schema.org","@graph":[{"@type":"WebPage","@id":"https:\/\/rothschenk.de\/produkt\/kantenschutz-1-000-mm-viertelschale\/","url":"https:\/\/rothschenk.de\/produkt\/kantenschutz-1-000-mm-viertelschale\/","name":"Kantenschutz | 1.000 mm | Viertelschale 200 x 10 mm","isPartOf":{"@id":"https:\/\/rothschenk.de\/#website"},"primaryImageOfPage":{"@id":"https:\/\/rothschenk.de\/produkt\/kantenschutz-1-000-mm-viertelschale\/#primaryimage"},"image":{"@id":"https:\/\/rothschenk.de\/produkt\/kantenschutz-1-000-mm-viertelschale\/#primaryimage"},"thumbnailUrl":"https:\/\/rothschenk.de\/wp-content\/uploads\/2023\/03\/22972.jpg","datePublished":"2023-02-12T20:00:30+00:00","dateModified":"2026-04-16T08:43:33+00:00","description":"Kantenschutz \u25b6 Durchmesser: 200 mm \u2713 St\u00e4rke: 10 mm \u2713 Material: Pappe \u2713 100% recyclebar \u2713 L\u00e4nge: 1.000 mm \u25b6 Bei Rothschenk bestellen!","breadcrumb":{"@id":"https:\/\/rothschenk.de\/produkt\/kantenschutz-1-000-mm-viertelschale\/#breadcrumb"},"inLanguage":"cs","potentialAction":[{"@type":"ReadAction","target":["https:\/\/rothschenk.de\/produkt\/kantenschutz-1-000-mm-viertelschale\/"]}]},{"@type":"ImageObject","inLanguage":"cs","@id":"https:\/\/rothschenk.de\/produkt\/kantenschutz-1-000-mm-viertelschale\/#primaryimage","url":"https:\/\/rothschenk.de\/wp-content\/uploads\/2023\/03\/22972.jpg","contentUrl":"https:\/\/rothschenk.de\/wp-content\/uploads\/2023\/03\/22972.jpg","width":1024,"height":1024,"caption":"Kantenschutzwinkel Viertelschale aus Pappe"},{"@type":"BreadcrumbList","@id":"https:\/\/rothschenk.de\/produkt\/kantenschutz-1-000-mm-viertelschale\/#breadcrumb","itemListElement":[{"@type":"ListItem","position":1,"name":"Domovsk\u00e1 str\u00e1nka","item":"https:\/\/rothschenk.de\/cz\/domovska-stranka\/"},{"@type":"ListItem","position":2,"name":"Shop","item":"https:\/\/rothschenk.de\/shop\/"},{"@type":"ListItem","position":3,"name":"Kantenschutz | 1.000 mm | Viertelschale 200 x 10 mm"}]},{"@type":"WebSite","@id":"https:\/\/rothschenk.de\/#website","url":"https:\/\/rothschenk.de\/","name":"Rothschenk - Der Online Shop f\u00fcr Ladungssicherung","description":"Der Online Shop f\u00fcr Ladungssicherung","potentialAction":[{"@type":"SearchAction","target":{"@type":"EntryPoint","urlTemplate":"https:\/\/rothschenk.de\/?s={search_term_string}"},"query-input":{"@type":"PropertyValueSpecification","valueRequired":true,"valueName":"search_term_string"}}],"inLanguage":"cs"}]},"og_availability":"backorder","product_availability":"available for order","product_condition":"new"},"_links":{"self":[{"href":"https:\/\/rothschenk.de\/cz\/wp-json\/wp\/v2\/product\/5633","targetHints":{"allow":["GET"]}}],"collection":[{"href":"https:\/\/rothschenk.de\/cz\/wp-json\/wp\/v2\/product"}],"about":[{"href":"https:\/\/rothschenk.de\/cz\/wp-json\/wp\/v2\/types\/product"}],"replies":[{"embeddable":true,"href":"https:\/\/rothschenk.de\/cz\/wp-json\/wp\/v2\/comments?post=5633"}],"wp:featuredmedia":[{"embeddable":true,"href":"https:\/\/rothschenk.de\/cz\/wp-json\/wp\/v2\/media\/37428"}],"wp:attachment":[{"href":"https:\/\/rothschenk.de\/cz\/wp-json\/wp\/v2\/media?parent=5633"}],"wp:term":[{"taxonomy":"product_brand","embeddable":true,"href":"https:\/\/rothschenk.de\/cz\/wp-json\/wp\/v2\/product_brand?post=5633"},{"taxonomy":"product_cat","embeddable":true,"href":"https:\/\/rothschenk.de\/cz\/wp-json\/wp\/v2\/product_cat?post=5633"},{"taxonomy":"product_tag","embeddable":true,"href":"https:\/\/rothschenk.de\/cz\/wp-json\/wp\/v2\/product_tag?post=5633"}],"curies":[{"name":"wp","href":"https:\/\/api.w.org\/{rel}","templated":true}]}}