{"id":570844,"date":"2025-04-07T15:12:57","date_gmt":"2025-04-07T13:12:57","guid":{"rendered":"https:\/\/rothschenk.de\/?post_type=product&#038;p=570844"},"modified":"2026-03-30T08:35:42","modified_gmt":"2026-03-30T06:35:42","slug":"zurrgurt-1-teilig-radsicherung-distanzhalter-50mm-set-4-stk","status":"publish","type":"product","link":"https:\/\/rothschenk.de\/cz\/produkt\/zurrgurt-1-teilig-radsicherung-distanzhalter-50mm-set-4-stk\/","title":{"rendered":"Zurrgurt | 1-teilig | Radsicherung | Distanzhalter | 50 mm | SET 4 Stk."},"content":{"rendered":"<h3>Zurrgurt | 1-teilig | Radsicherung | Distanzhalter | 50 mm | SET 4 Stk.<\/h3>\n<p>Der Zurrgurt mit verschiebbaren Distanzhalter ist die ideale Wahl f\u00fcr den sicheren und professionellen Autotransport. Entwickelt f\u00fcr maximale Stabilit\u00e4t und einfache Handhabung, sorgt dieser Zurrgurt durch drei individuell positionierbare Distanzhalter f\u00fcr eine optimale Anpassung an den Reifen. Die Bl\u00f6cke verhindern ein Verrutschen und verbessern den Halt w\u00e4hrend der Fahrt \u2013 f\u00fcr zus\u00e4tzliche Sicherheit bei jedem Transport.<\/p>\n<p>Ausgestattet mit drei drehbaren Haken l\u00e4sst sich der Gurt schnell und m\u00fchelos an gelochten Ladefl\u00e4chen oder Anh\u00e4ngern befestigen. Die breite Ratsche mit Komfortgriff erm\u00f6glicht ein kraftvolles, zugleich angenehmes Spannen des Gurts. Ganz gleich, ob im gewerblichen Bereich oder im privaten Einsatz \u2013 dieser Zurrgurt bietet zuverl\u00e4ssige Fixierung und optimale Kontrolle beim Fahrzeugtransport.<\/p>\n<p>Aufgrund ihrer Metallgriffe sind diese Radsicherungsgurte sehr langlebig. Sie sollten aber generell darauf achten, dass Sie benutzte Gurte entsorgen, sobald Risse, starke Abnutzungen oder andere Sch\u00e4den auftreten, da sie zu gef\u00e4hrlichen Sach- und Personensch\u00e4den f\u00fchren k\u00f6nnen.<\/p>\n","protected":false},"excerpt":{"rendered":"<p>Zurrgurt | 1-teilig | Radsicherung | Distanzhalter | 50 mm | SET 4 Stk. Der Zurrgurt mit verschiebbaren Distanzhalter ist die ideale Wahl f\u00fcr den sicheren und professionellen Autotransport. Entwickelt f\u00fcr maximale Stabilit\u00e4t und einfache Handhabung, sorgt dieser Zurrgurt durch drei individuell positionierbare Distanzhalter f\u00fcr eine optimale Anpassung an den Reifen. Die Bl\u00f6cke verhindern ein [&hellip;]<\/p>\n","protected":false},"featured_media":788901,"comment_status":"open","ping_status":"closed","template":"","meta":{"_acf_changed":false},"product_brand":[],"product_cat":[71,67],"product_tag":[],"class_list":{"0":"post-570844","1":"product","2":"type-product","3":"status-publish","4":"has-post-thumbnail","6":"product_cat-zurrgurt-sets","7":"product_cat-zurrgurte","9":"first","10":"instock","11":"taxable","12":"shipping-taxable","13":"purchasable","14":"product-type-simple"},"acf":[],"yoast_head":"<!-- This site is optimized with the Yoast SEO plugin v27.4 - https:\/\/yoast.com\/product\/yoast-seo-wordpress\/ -->\n<title>Zurrgurt | 1-teilig | Radsicherung | Distanzhalter | 50 mm | SET 4 Stk. - Rothschenk<\/title>\n<meta name=\"description\" content=\"Zurrgurt \u25b6 Autotransport Reifengurt \u2713 Gesamtl\u00e4nge: 1,8 m \u2713 Bandbreite: 35 mm \u2713 Vorspannkraft: STF 180 daNc \u25b6 Jetzt online bei Rothschenk bestellen!\" \/>\n<meta name=\"robots\" content=\"index, follow, max-snippet:-1, max-image-preview:large, max-video-preview:-1\" \/>\n<link rel=\"canonical\" href=\"https:\/\/rothschenk.de\/produkt\/zurrgurt-1-teilig-radsicherung-distanzhalter-50mm-set-4-stk\/\" \/>\n<meta property=\"og:locale\" content=\"cs_CZ\" \/>\n<meta property=\"og:type\" content=\"article\" \/>\n<meta property=\"og:title\" content=\"Zurrgurt | 1-teilig | Radsicherung | Distanzhalter | 50 mm | SET 4 Stk. - Rothschenk\" \/>\n<meta property=\"og:description\" content=\"Zurrgurt \u25b6 Autotransport Reifengurt \u2713 Gesamtl\u00e4nge: 1,8 m \u2713 Bandbreite: 35 mm \u2713 Vorspannkraft: STF 180 daNc \u25b6 Jetzt online bei Rothschenk bestellen!\" \/>\n<meta property=\"og:url\" content=\"https:\/\/rothschenk.de\/produkt\/zurrgurt-1-teilig-radsicherung-distanzhalter-50mm-set-4-stk\/\" \/>\n<meta property=\"og:site_name\" content=\"Rothschenk\" \/>\n<meta property=\"article:publisher\" content=\"https:\/\/de-de.facebook.com\/FirmaRothschenk\/\" \/>\n<meta property=\"article:modified_time\" content=\"2026-03-30T06:35:42+00:00\" \/>\n<meta property=\"og:image\" content=\"https:\/\/rothschenk.de\/wp-content\/uploads\/2023\/03\/zurrgurt-radsicherung-distanzahlter-autotransport-ladungssicherung-6.jpg\" \/>\n\t<meta property=\"og:image:width\" content=\"1024\" \/>\n\t<meta property=\"og:image:height\" content=\"1024\" \/>\n\t<meta property=\"og:image:type\" content=\"image\/jpeg\" \/>\n<meta name=\"twitter:card\" content=\"summary_large_image\" \/>\n<meta name=\"twitter:label1\" content=\"Cena\" \/>\n\t<meta name=\"twitter:data1\" content=\"31,71&nbsp;&euro;\" \/>\n\t<meta name=\"twitter:label2\" content=\"Dostupnost\" \/>\n\t<meta name=\"twitter:data2\" content=\"Skladem\" \/>\n<script type=\"application\/ld+json\" class=\"yoast-schema-graph\">{\"@context\":\"https:\\\/\\\/schema.org\",\"@graph\":[{\"@type\":\"WebPage\",\"@id\":\"https:\\\/\\\/rothschenk.de\\\/produkt\\\/zurrgurt-1-teilig-radsicherung-distanzhalter-50mm-set-4-stk\\\/\",\"url\":\"https:\\\/\\\/rothschenk.de\\\/produkt\\\/zurrgurt-1-teilig-radsicherung-distanzhalter-50mm-set-4-stk\\\/\",\"name\":\"Zurrgurt | 1-teilig | Radsicherung | Distanzhalter | 50 mm | SET 4 Stk. - Rothschenk\",\"isPartOf\":{\"@id\":\"https:\\\/\\\/rothschenk.de\\\/#website\"},\"primaryImageOfPage\":{\"@id\":\"https:\\\/\\\/rothschenk.de\\\/produkt\\\/zurrgurt-1-teilig-radsicherung-distanzhalter-50mm-set-4-stk\\\/#primaryimage\"},\"image\":{\"@id\":\"https:\\\/\\\/rothschenk.de\\\/produkt\\\/zurrgurt-1-teilig-radsicherung-distanzhalter-50mm-set-4-stk\\\/#primaryimage\"},\"thumbnailUrl\":\"https:\\\/\\\/rothschenk.de\\\/wp-content\\\/uploads\\\/2023\\\/03\\\/zurrgurt-radsicherung-distanzahlter-autotransport-ladungssicherung-6.jpg\",\"datePublished\":\"2025-04-07T13:12:57+00:00\",\"dateModified\":\"2026-03-30T06:35:42+00:00\",\"description\":\"Zurrgurt \u25b6 Autotransport Reifengurt \u2713 Gesamtl\u00e4nge: 1,8 m \u2713 Bandbreite: 35 mm \u2713 Vorspannkraft: STF 180 daNc \u25b6 Jetzt online bei Rothschenk bestellen!\",\"breadcrumb\":{\"@id\":\"https:\\\/\\\/rothschenk.de\\\/produkt\\\/zurrgurt-1-teilig-radsicherung-distanzhalter-50mm-set-4-stk\\\/#breadcrumb\"},\"inLanguage\":\"cs\",\"potentialAction\":[{\"@type\":\"ReadAction\",\"target\":[\"https:\\\/\\\/rothschenk.de\\\/produkt\\\/zurrgurt-1-teilig-radsicherung-distanzhalter-50mm-set-4-stk\\\/\"]}]},{\"@type\":\"ImageObject\",\"inLanguage\":\"cs\",\"@id\":\"https:\\\/\\\/rothschenk.de\\\/produkt\\\/zurrgurt-1-teilig-radsicherung-distanzhalter-50mm-set-4-stk\\\/#primaryimage\",\"url\":\"https:\\\/\\\/rothschenk.de\\\/wp-content\\\/uploads\\\/2023\\\/03\\\/zurrgurt-radsicherung-distanzahlter-autotransport-ladungssicherung-6.jpg\",\"contentUrl\":\"https:\\\/\\\/rothschenk.de\\\/wp-content\\\/uploads\\\/2023\\\/03\\\/zurrgurt-radsicherung-distanzahlter-autotransport-ladungssicherung-6.jpg\",\"width\":1024,\"height\":1024,\"caption\":\"Radsicherung zum Autotransport als 4er Set\"},{\"@type\":\"BreadcrumbList\",\"@id\":\"https:\\\/\\\/rothschenk.de\\\/produkt\\\/zurrgurt-1-teilig-radsicherung-distanzhalter-50mm-set-4-stk\\\/#breadcrumb\",\"itemListElement\":[{\"@type\":\"ListItem\",\"position\":1,\"name\":\"Domovsk\u00e1 str\u00e1nka\",\"item\":\"https:\\\/\\\/rothschenk.de\\\/cz\\\/domovska-stranka\\\/\"},{\"@type\":\"ListItem\",\"position\":2,\"name\":\"Shop\",\"item\":\"https:\\\/\\\/rothschenk.de\\\/shop\\\/\"},{\"@type\":\"ListItem\",\"position\":3,\"name\":\"Zurrgurt | 1-teilig | Radsicherung | Distanzhalter | 50 mm | SET 4 Stk.\"}]},{\"@type\":\"WebSite\",\"@id\":\"https:\\\/\\\/rothschenk.de\\\/#website\",\"url\":\"https:\\\/\\\/rothschenk.de\\\/\",\"name\":\"Rothschenk - Der Online Shop f\u00fcr Ladungssicherung\",\"description\":\"Der Online Shop f\u00fcr Ladungssicherung\",\"potentialAction\":[{\"@type\":\"SearchAction\",\"target\":{\"@type\":\"EntryPoint\",\"urlTemplate\":\"https:\\\/\\\/rothschenk.de\\\/?s={search_term_string}\"},\"query-input\":{\"@type\":\"PropertyValueSpecification\",\"valueRequired\":true,\"valueName\":\"search_term_string\"}}],\"inLanguage\":\"cs\"}]}<\/script>\n<meta property=\"product:price:amount\" content=\"31.71\" \/>\n<meta property=\"product:price:currency\" content=\"EUR\" \/>\n<meta property=\"og:availability\" content=\"instock\" \/>\n<meta property=\"product:availability\" content=\"instock\" \/>\n<meta property=\"product:retailer_item_id\" content=\"26589\" \/>\n<meta property=\"product:condition\" content=\"new\" \/>\n<!-- \/ Yoast SEO plugin. -->","yoast_head_json":{"title":"Zurrgurt | 1-teilig | Radsicherung | Distanzhalter | 50 mm | SET 4 Stk. - Rothschenk","description":"Zurrgurt \u25b6 Autotransport Reifengurt \u2713 Gesamtl\u00e4nge: 1,8 m \u2713 Bandbreite: 35 mm \u2713 Vorspannkraft: STF 180 daNc \u25b6 Jetzt online bei Rothschenk bestellen!","robots":{"index":"index","follow":"follow","max-snippet":"max-snippet:-1","max-image-preview":"max-image-preview:large","max-video-preview":"max-video-preview:-1"},"canonical":"https:\/\/rothschenk.de\/produkt\/zurrgurt-1-teilig-radsicherung-distanzhalter-50mm-set-4-stk\/","og_locale":"cs_CZ","og_type":"article","og_title":"Zurrgurt | 1-teilig | Radsicherung | Distanzhalter | 50 mm | SET 4 Stk. - Rothschenk","og_description":"Zurrgurt \u25b6 Autotransport Reifengurt \u2713 Gesamtl\u00e4nge: 1,8 m \u2713 Bandbreite: 35 mm \u2713 Vorspannkraft: STF 180 daNc \u25b6 Jetzt online bei Rothschenk bestellen!","og_url":"https:\/\/rothschenk.de\/produkt\/zurrgurt-1-teilig-radsicherung-distanzhalter-50mm-set-4-stk\/","og_site_name":"Rothschenk","article_publisher":"https:\/\/de-de.facebook.com\/FirmaRothschenk\/","article_modified_time":"2026-03-30T06:35:42+00:00","og_image":[{"width":1024,"height":1024,"url":"https:\/\/rothschenk.de\/wp-content\/uploads\/2023\/03\/zurrgurt-radsicherung-distanzahlter-autotransport-ladungssicherung-6.jpg","type":"image\/jpeg"}],"twitter_card":"summary_large_image","twitter_misc":{"Cena":"31,71&nbsp;&euro;","Dostupnost":"Skladem"},"schema":{"@context":"https:\/\/schema.org","@graph":[{"@type":"WebPage","@id":"https:\/\/rothschenk.de\/produkt\/zurrgurt-1-teilig-radsicherung-distanzhalter-50mm-set-4-stk\/","url":"https:\/\/rothschenk.de\/produkt\/zurrgurt-1-teilig-radsicherung-distanzhalter-50mm-set-4-stk\/","name":"Zurrgurt | 1-teilig | Radsicherung | Distanzhalter | 50 mm | SET 4 Stk. - Rothschenk","isPartOf":{"@id":"https:\/\/rothschenk.de\/#website"},"primaryImageOfPage":{"@id":"https:\/\/rothschenk.de\/produkt\/zurrgurt-1-teilig-radsicherung-distanzhalter-50mm-set-4-stk\/#primaryimage"},"image":{"@id":"https:\/\/rothschenk.de\/produkt\/zurrgurt-1-teilig-radsicherung-distanzhalter-50mm-set-4-stk\/#primaryimage"},"thumbnailUrl":"https:\/\/rothschenk.de\/wp-content\/uploads\/2023\/03\/zurrgurt-radsicherung-distanzahlter-autotransport-ladungssicherung-6.jpg","datePublished":"2025-04-07T13:12:57+00:00","dateModified":"2026-03-30T06:35:42+00:00","description":"Zurrgurt \u25b6 Autotransport Reifengurt \u2713 Gesamtl\u00e4nge: 1,8 m \u2713 Bandbreite: 35 mm \u2713 Vorspannkraft: STF 180 daNc \u25b6 Jetzt online bei Rothschenk bestellen!","breadcrumb":{"@id":"https:\/\/rothschenk.de\/produkt\/zurrgurt-1-teilig-radsicherung-distanzhalter-50mm-set-4-stk\/#breadcrumb"},"inLanguage":"cs","potentialAction":[{"@type":"ReadAction","target":["https:\/\/rothschenk.de\/produkt\/zurrgurt-1-teilig-radsicherung-distanzhalter-50mm-set-4-stk\/"]}]},{"@type":"ImageObject","inLanguage":"cs","@id":"https:\/\/rothschenk.de\/produkt\/zurrgurt-1-teilig-radsicherung-distanzhalter-50mm-set-4-stk\/#primaryimage","url":"https:\/\/rothschenk.de\/wp-content\/uploads\/2023\/03\/zurrgurt-radsicherung-distanzahlter-autotransport-ladungssicherung-6.jpg","contentUrl":"https:\/\/rothschenk.de\/wp-content\/uploads\/2023\/03\/zurrgurt-radsicherung-distanzahlter-autotransport-ladungssicherung-6.jpg","width":1024,"height":1024,"caption":"Radsicherung zum Autotransport als 4er Set"},{"@type":"BreadcrumbList","@id":"https:\/\/rothschenk.de\/produkt\/zurrgurt-1-teilig-radsicherung-distanzhalter-50mm-set-4-stk\/#breadcrumb","itemListElement":[{"@type":"ListItem","position":1,"name":"Domovsk\u00e1 str\u00e1nka","item":"https:\/\/rothschenk.de\/cz\/domovska-stranka\/"},{"@type":"ListItem","position":2,"name":"Shop","item":"https:\/\/rothschenk.de\/shop\/"},{"@type":"ListItem","position":3,"name":"Zurrgurt | 1-teilig | Radsicherung | Distanzhalter | 50 mm | SET 4 Stk."}]},{"@type":"WebSite","@id":"https:\/\/rothschenk.de\/#website","url":"https:\/\/rothschenk.de\/","name":"Rothschenk - Der Online Shop f\u00fcr Ladungssicherung","description":"Der Online Shop f\u00fcr Ladungssicherung","potentialAction":[{"@type":"SearchAction","target":{"@type":"EntryPoint","urlTemplate":"https:\/\/rothschenk.de\/?s={search_term_string}"},"query-input":{"@type":"PropertyValueSpecification","valueRequired":true,"valueName":"search_term_string"}}],"inLanguage":"cs"}]},"product_price_amount":"31.71","product_price_currency":"EUR","og_availability":"instock","product_availability":"instock","product_retailer_item_id":"26589","product_condition":"new"},"_links":{"self":[{"href":"https:\/\/rothschenk.de\/cz\/wp-json\/wp\/v2\/product\/570844","targetHints":{"allow":["GET"]}}],"collection":[{"href":"https:\/\/rothschenk.de\/cz\/wp-json\/wp\/v2\/product"}],"about":[{"href":"https:\/\/rothschenk.de\/cz\/wp-json\/wp\/v2\/types\/product"}],"replies":[{"embeddable":true,"href":"https:\/\/rothschenk.de\/cz\/wp-json\/wp\/v2\/comments?post=570844"}],"wp:featuredmedia":[{"embeddable":true,"href":"https:\/\/rothschenk.de\/cz\/wp-json\/wp\/v2\/media\/788901"}],"wp:attachment":[{"href":"https:\/\/rothschenk.de\/cz\/wp-json\/wp\/v2\/media?parent=570844"}],"wp:term":[{"taxonomy":"product_brand","embeddable":true,"href":"https:\/\/rothschenk.de\/cz\/wp-json\/wp\/v2\/product_brand?post=570844"},{"taxonomy":"product_cat","embeddable":true,"href":"https:\/\/rothschenk.de\/cz\/wp-json\/wp\/v2\/product_cat?post=570844"},{"taxonomy":"product_tag","embeddable":true,"href":"https:\/\/rothschenk.de\/cz\/wp-json\/wp\/v2\/product_tag?post=570844"}],"curies":[{"name":"wp","href":"https:\/\/api.w.org\/{rel}","templated":true}]}}