{"id":6360,"date":"2023-06-18T22:00:17","date_gmt":"2023-06-18T20:00:17","guid":{"rendered":"https:\/\/rothschenk.de\/rothschenk-shop\/?post_type=product&#038;p=6360"},"modified":"2026-03-09T09:02:46","modified_gmt":"2026-03-09T08:02:46","slug":"gurtband-35-mm-sackware-mit-250-m","status":"publish","type":"product","link":"https:\/\/rothschenk.de\/cz\/produkt\/gurtband-35-mm-sackware-mit-250-m\/","title":{"rendered":"Gurtband 35 mm | Sackware mit 250 m"},"content":{"rendered":"<h3>White Lash Gurtband\/ Lashband 35 mm | Sackware mit 250 m<\/h3>\n<p>Mit unserem Gurtband als Meterware sind Sie maximal flexibel bei der Gestaltung Ihrer Ladungssicherung. Das Einweg-Gurtband ist eine g\u00fcnstige Alternative zu den klassischen Mehrwegsystemen und anpassbar f\u00fcr jedes Verladeschema. Schneiden Sie das Gurtband (auch Lashband genannt) am besten mit einer Gurtbandschere auf das richtige Ma\u00df zu und verschlie\u00dfen Sie es danach mit den passenden Gurtschnallen.<\/p>\n<p>Unser White Lash Gurtband ist zertifiziert von der T\u00dcV Rheinland Akademie, CTU Code konform und geeignet f\u00fcr Container, Eisenbahnwaggons oder z.B. Flat Racks.<\/p>\n<p>Das Gurtband ist in verschiedenen Breiten und L\u00e4ngen erh\u00e4ltlich. Kombinieren Sie es unbedingt mit den jeweils passenden Verschl\u00fcssen (siehe technische Daten).<\/p>\n<p>Die Kombination aus diesem Gurtband mit 35 mm und der <a href=\"https:\/\/rothschenk.de\/produkt\/gurtschnalle-owb-3516-p\/\">Gurtschnalle 3516<\/a> erreicht in der Umreifung eine Systemfestigkeit von 3.620 daN. In Kombination mit der <a href=\"https:\/\/rothschenk.de\/produkt\/gurtschnalle-owb-4040-df\/\">Gurtschnalle 4040<\/a> eine Systemfestigkeit von 4.640 daN.<\/p>\n","protected":false},"excerpt":{"rendered":"<p>White Lash Gurtband\/ Lashband 35 mm | Sackware mit 250 m Mit unserem Gurtband als Meterware sind Sie maximal flexibel bei der Gestaltung Ihrer Ladungssicherung. Das Einweg-Gurtband ist eine g\u00fcnstige Alternative zu den klassischen Mehrwegsystemen und anpassbar f\u00fcr jedes Verladeschema. Schneiden Sie das Gurtband (auch Lashband genannt) am besten mit einer Gurtbandschere auf das richtige [&hellip;]<\/p>\n","protected":false},"featured_media":21054,"comment_status":"open","ping_status":"closed","template":"","meta":{"_acf_changed":false},"product_brand":[],"product_cat":[56,104],"product_tag":[],"class_list":{"0":"post-6360","1":"product","2":"type-product","3":"status-publish","4":"has-post-thumbnail","6":"product_cat-gurtband","7":"product_cat-lashing","9":"first","10":"onbackorder","11":"sale","12":"taxable","13":"shipping-taxable","14":"purchasable","15":"product-type-variable"},"acf":[],"yoast_head":"<!-- This site is optimized with the Yoast SEO plugin v27.3 - https:\/\/yoast.com\/product\/yoast-seo-wordpress\/ -->\n<title>Gurtband 35 mm | Sackware mit 250 m - Rothschenk<\/title>\n<meta name=\"description\" content=\"Gurtband zur Ladungssicherung als Sackware \u27a4 In verschiedenen Breiten und Rei\u00dffestigkeiten \u2713 Flexible Meterware \u25b6 Jetzt bestellen!\" \/>\n<meta name=\"robots\" content=\"index, follow, max-snippet:-1, max-image-preview:large, max-video-preview:-1\" \/>\n<link rel=\"canonical\" href=\"https:\/\/rothschenk.de\/produkt\/gurtband-35-mm-sackware-mit-250-m\/\" \/>\n<meta property=\"og:locale\" content=\"cs_CZ\" \/>\n<meta property=\"og:type\" content=\"article\" \/>\n<meta property=\"og:title\" content=\"Gurtband 35 mm | Sackware mit 250 m - Rothschenk\" \/>\n<meta property=\"og:description\" content=\"Gurtband zur Ladungssicherung als Sackware \u27a4 In verschiedenen Breiten und Rei\u00dffestigkeiten \u2713 Flexible Meterware \u25b6 Jetzt bestellen!\" \/>\n<meta property=\"og:url\" content=\"https:\/\/rothschenk.de\/produkt\/gurtband-35-mm-sackware-mit-250-m\/\" \/>\n<meta property=\"og:site_name\" content=\"Rothschenk\" \/>\n<meta property=\"article:publisher\" content=\"https:\/\/de-de.facebook.com\/FirmaRothschenk\/\" \/>\n<meta property=\"article:modified_time\" content=\"2026-03-09T08:02:46+00:00\" \/>\n<meta property=\"og:image\" content=\"https:\/\/rothschenk.de\/wp-content\/uploads\/2023\/04\/Gurtband-Sackware-allgemein.jpg\" \/>\n\t<meta property=\"og:image:width\" content=\"1024\" \/>\n\t<meta property=\"og:image:height\" content=\"1024\" \/>\n\t<meta property=\"og:image:type\" content=\"image\/jpeg\" \/>\n<meta name=\"twitter:card\" content=\"summary_large_image\" \/>\n<meta name=\"twitter:label1\" content=\"Dostupnost\" \/>\n\t<meta name=\"twitter:data1\" content=\"V extern\u00edm sklad\u011b\" \/>\n<script type=\"application\/ld+json\" class=\"yoast-schema-graph\">{\"@context\":\"https:\\\/\\\/schema.org\",\"@graph\":[{\"@type\":\"WebPage\",\"@id\":\"https:\\\/\\\/rothschenk.de\\\/produkt\\\/gurtband-35-mm-sackware-mit-250-m\\\/\",\"url\":\"https:\\\/\\\/rothschenk.de\\\/produkt\\\/gurtband-35-mm-sackware-mit-250-m\\\/\",\"name\":\"Gurtband 35 mm | Sackware mit 250 m - Rothschenk\",\"isPartOf\":{\"@id\":\"https:\\\/\\\/rothschenk.de\\\/#website\"},\"primaryImageOfPage\":{\"@id\":\"https:\\\/\\\/rothschenk.de\\\/produkt\\\/gurtband-35-mm-sackware-mit-250-m\\\/#primaryimage\"},\"image\":{\"@id\":\"https:\\\/\\\/rothschenk.de\\\/produkt\\\/gurtband-35-mm-sackware-mit-250-m\\\/#primaryimage\"},\"thumbnailUrl\":\"https:\\\/\\\/rothschenk.de\\\/wp-content\\\/uploads\\\/2023\\\/04\\\/Gurtband-Sackware-allgemein.jpg\",\"datePublished\":\"2023-06-18T20:00:17+00:00\",\"dateModified\":\"2026-03-09T08:02:46+00:00\",\"description\":\"Gurtband zur Ladungssicherung als Sackware \u27a4 In verschiedenen Breiten und Rei\u00dffestigkeiten \u2713 Flexible Meterware \u25b6 Jetzt bestellen!\",\"breadcrumb\":{\"@id\":\"https:\\\/\\\/rothschenk.de\\\/produkt\\\/gurtband-35-mm-sackware-mit-250-m\\\/#breadcrumb\"},\"inLanguage\":\"cs\",\"potentialAction\":[{\"@type\":\"ReadAction\",\"target\":[\"https:\\\/\\\/rothschenk.de\\\/produkt\\\/gurtband-35-mm-sackware-mit-250-m\\\/\"]}]},{\"@type\":\"ImageObject\",\"inLanguage\":\"cs\",\"@id\":\"https:\\\/\\\/rothschenk.de\\\/produkt\\\/gurtband-35-mm-sackware-mit-250-m\\\/#primaryimage\",\"url\":\"https:\\\/\\\/rothschenk.de\\\/wp-content\\\/uploads\\\/2023\\\/04\\\/Gurtband-Sackware-allgemein.jpg\",\"contentUrl\":\"https:\\\/\\\/rothschenk.de\\\/wp-content\\\/uploads\\\/2023\\\/04\\\/Gurtband-Sackware-allgemein.jpg\",\"width\":1024,\"height\":1024,\"caption\":\"Gurtband Sackware\"},{\"@type\":\"BreadcrumbList\",\"@id\":\"https:\\\/\\\/rothschenk.de\\\/produkt\\\/gurtband-35-mm-sackware-mit-250-m\\\/#breadcrumb\",\"itemListElement\":[{\"@type\":\"ListItem\",\"position\":1,\"name\":\"Domovsk\u00e1 str\u00e1nka\",\"item\":\"https:\\\/\\\/rothschenk.de\\\/cz\\\/domovska-stranka\\\/\"},{\"@type\":\"ListItem\",\"position\":2,\"name\":\"Shop\",\"item\":\"https:\\\/\\\/rothschenk.de\\\/shop\\\/\"},{\"@type\":\"ListItem\",\"position\":3,\"name\":\"Gurtband 35 mm | Sackware mit 250 m\"}]},{\"@type\":\"WebSite\",\"@id\":\"https:\\\/\\\/rothschenk.de\\\/#website\",\"url\":\"https:\\\/\\\/rothschenk.de\\\/\",\"name\":\"Rothschenk - Der Online Shop f\u00fcr Ladungssicherung\",\"description\":\"Der Online Shop f\u00fcr Ladungssicherung\",\"potentialAction\":[{\"@type\":\"SearchAction\",\"target\":{\"@type\":\"EntryPoint\",\"urlTemplate\":\"https:\\\/\\\/rothschenk.de\\\/?s={search_term_string}\"},\"query-input\":{\"@type\":\"PropertyValueSpecification\",\"valueRequired\":true,\"valueName\":\"search_term_string\"}}],\"inLanguage\":\"cs\"}]}<\/script>\n<meta property=\"og:availability\" content=\"backorder\" \/>\n<meta property=\"product:availability\" content=\"available for order\" \/>\n<meta property=\"product:condition\" content=\"new\" \/>\n<!-- \/ Yoast SEO plugin. -->","yoast_head_json":{"title":"Gurtband 35 mm | Sackware mit 250 m - Rothschenk","description":"Gurtband zur Ladungssicherung als Sackware \u27a4 In verschiedenen Breiten und Rei\u00dffestigkeiten \u2713 Flexible Meterware \u25b6 Jetzt bestellen!","robots":{"index":"index","follow":"follow","max-snippet":"max-snippet:-1","max-image-preview":"max-image-preview:large","max-video-preview":"max-video-preview:-1"},"canonical":"https:\/\/rothschenk.de\/produkt\/gurtband-35-mm-sackware-mit-250-m\/","og_locale":"cs_CZ","og_type":"article","og_title":"Gurtband 35 mm | Sackware mit 250 m - Rothschenk","og_description":"Gurtband zur Ladungssicherung als Sackware \u27a4 In verschiedenen Breiten und Rei\u00dffestigkeiten \u2713 Flexible Meterware \u25b6 Jetzt bestellen!","og_url":"https:\/\/rothschenk.de\/produkt\/gurtband-35-mm-sackware-mit-250-m\/","og_site_name":"Rothschenk","article_publisher":"https:\/\/de-de.facebook.com\/FirmaRothschenk\/","article_modified_time":"2026-03-09T08:02:46+00:00","og_image":[{"width":1024,"height":1024,"url":"https:\/\/rothschenk.de\/wp-content\/uploads\/2023\/04\/Gurtband-Sackware-allgemein.jpg","type":"image\/jpeg"}],"twitter_card":"summary_large_image","twitter_misc":{"Dostupnost":"V extern\u00edm sklad\u011b"},"schema":{"@context":"https:\/\/schema.org","@graph":[{"@type":"WebPage","@id":"https:\/\/rothschenk.de\/produkt\/gurtband-35-mm-sackware-mit-250-m\/","url":"https:\/\/rothschenk.de\/produkt\/gurtband-35-mm-sackware-mit-250-m\/","name":"Gurtband 35 mm | Sackware mit 250 m - Rothschenk","isPartOf":{"@id":"https:\/\/rothschenk.de\/#website"},"primaryImageOfPage":{"@id":"https:\/\/rothschenk.de\/produkt\/gurtband-35-mm-sackware-mit-250-m\/#primaryimage"},"image":{"@id":"https:\/\/rothschenk.de\/produkt\/gurtband-35-mm-sackware-mit-250-m\/#primaryimage"},"thumbnailUrl":"https:\/\/rothschenk.de\/wp-content\/uploads\/2023\/04\/Gurtband-Sackware-allgemein.jpg","datePublished":"2023-06-18T20:00:17+00:00","dateModified":"2026-03-09T08:02:46+00:00","description":"Gurtband zur Ladungssicherung als Sackware \u27a4 In verschiedenen Breiten und Rei\u00dffestigkeiten \u2713 Flexible Meterware \u25b6 Jetzt bestellen!","breadcrumb":{"@id":"https:\/\/rothschenk.de\/produkt\/gurtband-35-mm-sackware-mit-250-m\/#breadcrumb"},"inLanguage":"cs","potentialAction":[{"@type":"ReadAction","target":["https:\/\/rothschenk.de\/produkt\/gurtband-35-mm-sackware-mit-250-m\/"]}]},{"@type":"ImageObject","inLanguage":"cs","@id":"https:\/\/rothschenk.de\/produkt\/gurtband-35-mm-sackware-mit-250-m\/#primaryimage","url":"https:\/\/rothschenk.de\/wp-content\/uploads\/2023\/04\/Gurtband-Sackware-allgemein.jpg","contentUrl":"https:\/\/rothschenk.de\/wp-content\/uploads\/2023\/04\/Gurtband-Sackware-allgemein.jpg","width":1024,"height":1024,"caption":"Gurtband Sackware"},{"@type":"BreadcrumbList","@id":"https:\/\/rothschenk.de\/produkt\/gurtband-35-mm-sackware-mit-250-m\/#breadcrumb","itemListElement":[{"@type":"ListItem","position":1,"name":"Domovsk\u00e1 str\u00e1nka","item":"https:\/\/rothschenk.de\/cz\/domovska-stranka\/"},{"@type":"ListItem","position":2,"name":"Shop","item":"https:\/\/rothschenk.de\/shop\/"},{"@type":"ListItem","position":3,"name":"Gurtband 35 mm | Sackware mit 250 m"}]},{"@type":"WebSite","@id":"https:\/\/rothschenk.de\/#website","url":"https:\/\/rothschenk.de\/","name":"Rothschenk - Der Online Shop f\u00fcr Ladungssicherung","description":"Der Online Shop f\u00fcr Ladungssicherung","potentialAction":[{"@type":"SearchAction","target":{"@type":"EntryPoint","urlTemplate":"https:\/\/rothschenk.de\/?s={search_term_string}"},"query-input":{"@type":"PropertyValueSpecification","valueRequired":true,"valueName":"search_term_string"}}],"inLanguage":"cs"}]},"og_availability":"backorder","product_availability":"available for order","product_condition":"new"},"_links":{"self":[{"href":"https:\/\/rothschenk.de\/cz\/wp-json\/wp\/v2\/product\/6360","targetHints":{"allow":["GET"]}}],"collection":[{"href":"https:\/\/rothschenk.de\/cz\/wp-json\/wp\/v2\/product"}],"about":[{"href":"https:\/\/rothschenk.de\/cz\/wp-json\/wp\/v2\/types\/product"}],"replies":[{"embeddable":true,"href":"https:\/\/rothschenk.de\/cz\/wp-json\/wp\/v2\/comments?post=6360"}],"wp:featuredmedia":[{"embeddable":true,"href":"https:\/\/rothschenk.de\/cz\/wp-json\/wp\/v2\/media\/21054"}],"wp:attachment":[{"href":"https:\/\/rothschenk.de\/cz\/wp-json\/wp\/v2\/media?parent=6360"}],"wp:term":[{"taxonomy":"product_brand","embeddable":true,"href":"https:\/\/rothschenk.de\/cz\/wp-json\/wp\/v2\/product_brand?post=6360"},{"taxonomy":"product_cat","embeddable":true,"href":"https:\/\/rothschenk.de\/cz\/wp-json\/wp\/v2\/product_cat?post=6360"},{"taxonomy":"product_tag","embeddable":true,"href":"https:\/\/rothschenk.de\/cz\/wp-json\/wp\/v2\/product_tag?post=6360"}],"curies":[{"name":"wp","href":"https:\/\/api.w.org\/{rel}","templated":true}]}}