{"id":6520,"date":"2022-12-30T20:00:57","date_gmt":"2022-12-30T19:00:57","guid":{"rendered":"https:\/\/rothschenk.de\/rothschenk-shop\/?post_type=product&#038;p=6520"},"modified":"2026-04-12T15:01:56","modified_gmt":"2026-04-12T13:01:56","slug":"gurtbandschere-edelstahl","status":"publish","type":"product","link":"https:\/\/rothschenk.de\/cz\/produkt\/gurtbandschere-edelstahl\/","title":{"rendered":"Gurtbandschere | Edelstahl"},"content":{"rendered":"<h3>Gurtbandschere | Edelstahl<\/h3>\n<p>Gurtb\u00e4nder k\u00f6nnen sehr hohe Kr\u00e4fte aufnehmen und sind daher entsprechend dicht gewebt. Das Durchtrennen von bspw. Querb\u00e4ndern eines Containerlashings ist somit nur mit gutem Werkzeug m\u00f6glich. Unsere Gurtbandschere ist messerscharf und zus\u00e4tzlich ergonomisch geformt, um Verletzungen zu vermeiden.<\/p>\n<p>Ein weiterer Vorteil der Edelstahlklingen ist der extrem genaue Schnitt. So wird beim Zurechtschneiden von neuem Gurtband ein Ausfransen der Enden bestm\u00f6glich verhindert.<\/p>\n<p><strong>TIPP:<\/strong> Schneiden Sie Gurtband immer leicht quer und nicht winklig ab, dann l\u00e4sst sich dieses leichter einf\u00e4deln.<\/p>\n","protected":false},"excerpt":{"rendered":"<p>Gurtbandschere | Edelstahl Gurtb\u00e4nder k\u00f6nnen sehr hohe Kr\u00e4fte aufnehmen und sind daher entsprechend dicht gewebt. Das Durchtrennen von bspw. Querb\u00e4ndern eines Containerlashings ist somit nur mit gutem Werkzeug m\u00f6glich. Unsere Gurtbandschere ist messerscharf und zus\u00e4tzlich ergonomisch geformt, um Verletzungen zu vermeiden. Ein weiterer Vorteil der Edelstahlklingen ist der extrem genaue Schnitt. So wird beim Zurechtschneiden [&hellip;]<\/p>\n","protected":false},"featured_media":21267,"comment_status":"open","ping_status":"closed","template":"","meta":{"_acf_changed":false},"product_brand":[],"product_cat":[56,80,104,55,79],"product_tag":[],"class_list":{"0":"post-6520","1":"product","2":"type-product","3":"status-publish","4":"has-post-thumbnail","6":"product_cat-gurtband","7":"product_cat-ladungssicherungs-tools","8":"product_cat-lashing","9":"product_cat-lashing-container","10":"product_cat-zubehoer","12":"first","13":"instock","14":"taxable","15":"shipping-taxable","16":"purchasable","17":"product-type-simple"},"acf":[],"yoast_head":"<!-- This site is optimized with the Yoast SEO plugin v27.4 - https:\/\/yoast.com\/product\/yoast-seo-wordpress\/ -->\n<title>Gurtbandschere | Edelstahl - Rothschenk<\/title>\n<meta name=\"description\" content=\"Gurtbandschere \u27a4 Stabiles Material aus Edelstahl \u2713 Ergonomisch abgewinkelt \u2713 Leichte Handhabung \u2713 Blitzschnelle Lieferung \u2713 Sofort online bestellen!\" \/>\n<meta name=\"robots\" content=\"index, follow, max-snippet:-1, max-image-preview:large, max-video-preview:-1\" \/>\n<link rel=\"canonical\" href=\"https:\/\/rothschenk.de\/produkt\/gurtbandschere-edelstahl\/\" \/>\n<meta property=\"og:locale\" content=\"cs_CZ\" \/>\n<meta property=\"og:type\" content=\"article\" \/>\n<meta property=\"og:title\" content=\"Gurtbandschere | Edelstahl - Rothschenk\" \/>\n<meta property=\"og:description\" content=\"Gurtbandschere \u27a4 Stabiles Material aus Edelstahl \u2713 Ergonomisch abgewinkelt \u2713 Leichte Handhabung \u2713 Blitzschnelle Lieferung \u2713 Sofort online bestellen!\" \/>\n<meta property=\"og:url\" content=\"https:\/\/rothschenk.de\/produkt\/gurtbandschere-edelstahl\/\" \/>\n<meta property=\"og:site_name\" content=\"Rothschenk\" \/>\n<meta property=\"article:publisher\" content=\"https:\/\/de-de.facebook.com\/FirmaRothschenk\/\" \/>\n<meta property=\"article:modified_time\" content=\"2026-04-12T13:01:56+00:00\" \/>\n<meta property=\"og:image\" content=\"https:\/\/rothschenk.de\/wp-content\/uploads\/2023\/04\/17426_Gurtbandschere-7.jpg\" \/>\n\t<meta property=\"og:image:width\" content=\"1024\" \/>\n\t<meta property=\"og:image:height\" content=\"1024\" \/>\n\t<meta property=\"og:image:type\" content=\"image\/jpeg\" \/>\n<meta name=\"twitter:card\" content=\"summary_large_image\" \/>\n<meta name=\"twitter:label1\" content=\"Cena\" \/>\n\t<meta name=\"twitter:data1\" content=\"14,10&nbsp;&euro;\" \/>\n\t<meta name=\"twitter:label2\" content=\"Dostupnost\" \/>\n\t<meta name=\"twitter:data2\" content=\"Skladem\" \/>\n<script type=\"application\/ld+json\" class=\"yoast-schema-graph\">{\"@context\":\"https:\\\/\\\/schema.org\",\"@graph\":[{\"@type\":\"WebPage\",\"@id\":\"https:\\\/\\\/rothschenk.de\\\/produkt\\\/gurtbandschere-edelstahl\\\/\",\"url\":\"https:\\\/\\\/rothschenk.de\\\/produkt\\\/gurtbandschere-edelstahl\\\/\",\"name\":\"Gurtbandschere | Edelstahl - Rothschenk\",\"isPartOf\":{\"@id\":\"https:\\\/\\\/rothschenk.de\\\/#website\"},\"primaryImageOfPage\":{\"@id\":\"https:\\\/\\\/rothschenk.de\\\/produkt\\\/gurtbandschere-edelstahl\\\/#primaryimage\"},\"image\":{\"@id\":\"https:\\\/\\\/rothschenk.de\\\/produkt\\\/gurtbandschere-edelstahl\\\/#primaryimage\"},\"thumbnailUrl\":\"https:\\\/\\\/rothschenk.de\\\/wp-content\\\/uploads\\\/2023\\\/04\\\/17426_Gurtbandschere-7.jpg\",\"datePublished\":\"2022-12-30T19:00:57+00:00\",\"dateModified\":\"2026-04-12T13:01:56+00:00\",\"description\":\"Gurtbandschere \u27a4 Stabiles Material aus Edelstahl \u2713 Ergonomisch abgewinkelt \u2713 Leichte Handhabung \u2713 Blitzschnelle Lieferung \u2713 Sofort online bestellen!\",\"breadcrumb\":{\"@id\":\"https:\\\/\\\/rothschenk.de\\\/produkt\\\/gurtbandschere-edelstahl\\\/#breadcrumb\"},\"inLanguage\":\"cs\",\"potentialAction\":[{\"@type\":\"ReadAction\",\"target\":[\"https:\\\/\\\/rothschenk.de\\\/produkt\\\/gurtbandschere-edelstahl\\\/\"]}]},{\"@type\":\"ImageObject\",\"inLanguage\":\"cs\",\"@id\":\"https:\\\/\\\/rothschenk.de\\\/produkt\\\/gurtbandschere-edelstahl\\\/#primaryimage\",\"url\":\"https:\\\/\\\/rothschenk.de\\\/wp-content\\\/uploads\\\/2023\\\/04\\\/17426_Gurtbandschere-7.jpg\",\"contentUrl\":\"https:\\\/\\\/rothschenk.de\\\/wp-content\\\/uploads\\\/2023\\\/04\\\/17426_Gurtbandschere-7.jpg\",\"width\":1024,\"height\":1024,\"caption\":\"Gurtbandschere\"},{\"@type\":\"BreadcrumbList\",\"@id\":\"https:\\\/\\\/rothschenk.de\\\/produkt\\\/gurtbandschere-edelstahl\\\/#breadcrumb\",\"itemListElement\":[{\"@type\":\"ListItem\",\"position\":1,\"name\":\"Domovsk\u00e1 str\u00e1nka\",\"item\":\"https:\\\/\\\/rothschenk.de\\\/cz\\\/domovska-stranka\\\/\"},{\"@type\":\"ListItem\",\"position\":2,\"name\":\"Shop\",\"item\":\"https:\\\/\\\/rothschenk.de\\\/shop\\\/\"},{\"@type\":\"ListItem\",\"position\":3,\"name\":\"Gurtbandschere | Edelstahl\"}]},{\"@type\":\"WebSite\",\"@id\":\"https:\\\/\\\/rothschenk.de\\\/#website\",\"url\":\"https:\\\/\\\/rothschenk.de\\\/\",\"name\":\"Rothschenk - Der Online Shop f\u00fcr Ladungssicherung\",\"description\":\"Der Online Shop f\u00fcr Ladungssicherung\",\"potentialAction\":[{\"@type\":\"SearchAction\",\"target\":{\"@type\":\"EntryPoint\",\"urlTemplate\":\"https:\\\/\\\/rothschenk.de\\\/?s={search_term_string}\"},\"query-input\":{\"@type\":\"PropertyValueSpecification\",\"valueRequired\":true,\"valueName\":\"search_term_string\"}}],\"inLanguage\":\"cs\"}]}<\/script>\n<meta property=\"product:price:amount\" content=\"14.10\" \/>\n<meta property=\"product:price:currency\" content=\"EUR\" \/>\n<meta property=\"og:availability\" content=\"instock\" \/>\n<meta property=\"product:availability\" content=\"instock\" \/>\n<meta property=\"product:retailer_item_id\" content=\"17426\" \/>\n<meta property=\"product:condition\" content=\"new\" \/>\n<!-- \/ Yoast SEO plugin. -->","yoast_head_json":{"title":"Gurtbandschere | Edelstahl - Rothschenk","description":"Gurtbandschere \u27a4 Stabiles Material aus Edelstahl \u2713 Ergonomisch abgewinkelt \u2713 Leichte Handhabung \u2713 Blitzschnelle Lieferung \u2713 Sofort online bestellen!","robots":{"index":"index","follow":"follow","max-snippet":"max-snippet:-1","max-image-preview":"max-image-preview:large","max-video-preview":"max-video-preview:-1"},"canonical":"https:\/\/rothschenk.de\/produkt\/gurtbandschere-edelstahl\/","og_locale":"cs_CZ","og_type":"article","og_title":"Gurtbandschere | Edelstahl - Rothschenk","og_description":"Gurtbandschere \u27a4 Stabiles Material aus Edelstahl \u2713 Ergonomisch abgewinkelt \u2713 Leichte Handhabung \u2713 Blitzschnelle Lieferung \u2713 Sofort online bestellen!","og_url":"https:\/\/rothschenk.de\/produkt\/gurtbandschere-edelstahl\/","og_site_name":"Rothschenk","article_publisher":"https:\/\/de-de.facebook.com\/FirmaRothschenk\/","article_modified_time":"2026-04-12T13:01:56+00:00","og_image":[{"width":1024,"height":1024,"url":"https:\/\/rothschenk.de\/wp-content\/uploads\/2023\/04\/17426_Gurtbandschere-7.jpg","type":"image\/jpeg"}],"twitter_card":"summary_large_image","twitter_misc":{"Cena":"14,10&nbsp;&euro;","Dostupnost":"Skladem"},"schema":{"@context":"https:\/\/schema.org","@graph":[{"@type":"WebPage","@id":"https:\/\/rothschenk.de\/produkt\/gurtbandschere-edelstahl\/","url":"https:\/\/rothschenk.de\/produkt\/gurtbandschere-edelstahl\/","name":"Gurtbandschere | Edelstahl - Rothschenk","isPartOf":{"@id":"https:\/\/rothschenk.de\/#website"},"primaryImageOfPage":{"@id":"https:\/\/rothschenk.de\/produkt\/gurtbandschere-edelstahl\/#primaryimage"},"image":{"@id":"https:\/\/rothschenk.de\/produkt\/gurtbandschere-edelstahl\/#primaryimage"},"thumbnailUrl":"https:\/\/rothschenk.de\/wp-content\/uploads\/2023\/04\/17426_Gurtbandschere-7.jpg","datePublished":"2022-12-30T19:00:57+00:00","dateModified":"2026-04-12T13:01:56+00:00","description":"Gurtbandschere \u27a4 Stabiles Material aus Edelstahl \u2713 Ergonomisch abgewinkelt \u2713 Leichte Handhabung \u2713 Blitzschnelle Lieferung \u2713 Sofort online bestellen!","breadcrumb":{"@id":"https:\/\/rothschenk.de\/produkt\/gurtbandschere-edelstahl\/#breadcrumb"},"inLanguage":"cs","potentialAction":[{"@type":"ReadAction","target":["https:\/\/rothschenk.de\/produkt\/gurtbandschere-edelstahl\/"]}]},{"@type":"ImageObject","inLanguage":"cs","@id":"https:\/\/rothschenk.de\/produkt\/gurtbandschere-edelstahl\/#primaryimage","url":"https:\/\/rothschenk.de\/wp-content\/uploads\/2023\/04\/17426_Gurtbandschere-7.jpg","contentUrl":"https:\/\/rothschenk.de\/wp-content\/uploads\/2023\/04\/17426_Gurtbandschere-7.jpg","width":1024,"height":1024,"caption":"Gurtbandschere"},{"@type":"BreadcrumbList","@id":"https:\/\/rothschenk.de\/produkt\/gurtbandschere-edelstahl\/#breadcrumb","itemListElement":[{"@type":"ListItem","position":1,"name":"Domovsk\u00e1 str\u00e1nka","item":"https:\/\/rothschenk.de\/cz\/domovska-stranka\/"},{"@type":"ListItem","position":2,"name":"Shop","item":"https:\/\/rothschenk.de\/shop\/"},{"@type":"ListItem","position":3,"name":"Gurtbandschere | Edelstahl"}]},{"@type":"WebSite","@id":"https:\/\/rothschenk.de\/#website","url":"https:\/\/rothschenk.de\/","name":"Rothschenk - Der Online Shop f\u00fcr Ladungssicherung","description":"Der Online Shop f\u00fcr Ladungssicherung","potentialAction":[{"@type":"SearchAction","target":{"@type":"EntryPoint","urlTemplate":"https:\/\/rothschenk.de\/?s={search_term_string}"},"query-input":{"@type":"PropertyValueSpecification","valueRequired":true,"valueName":"search_term_string"}}],"inLanguage":"cs"}]},"product_price_amount":"14.10","product_price_currency":"EUR","og_availability":"instock","product_availability":"instock","product_retailer_item_id":"17426","product_condition":"new"},"_links":{"self":[{"href":"https:\/\/rothschenk.de\/cz\/wp-json\/wp\/v2\/product\/6520","targetHints":{"allow":["GET"]}}],"collection":[{"href":"https:\/\/rothschenk.de\/cz\/wp-json\/wp\/v2\/product"}],"about":[{"href":"https:\/\/rothschenk.de\/cz\/wp-json\/wp\/v2\/types\/product"}],"replies":[{"embeddable":true,"href":"https:\/\/rothschenk.de\/cz\/wp-json\/wp\/v2\/comments?post=6520"}],"wp:featuredmedia":[{"embeddable":true,"href":"https:\/\/rothschenk.de\/cz\/wp-json\/wp\/v2\/media\/21267"}],"wp:attachment":[{"href":"https:\/\/rothschenk.de\/cz\/wp-json\/wp\/v2\/media?parent=6520"}],"wp:term":[{"taxonomy":"product_brand","embeddable":true,"href":"https:\/\/rothschenk.de\/cz\/wp-json\/wp\/v2\/product_brand?post=6520"},{"taxonomy":"product_cat","embeddable":true,"href":"https:\/\/rothschenk.de\/cz\/wp-json\/wp\/v2\/product_cat?post=6520"},{"taxonomy":"product_tag","embeddable":true,"href":"https:\/\/rothschenk.de\/cz\/wp-json\/wp\/v2\/product_tag?post=6520"}],"curies":[{"name":"wp","href":"https:\/\/api.w.org\/{rel}","templated":true}]}}