{"id":709894,"date":"2025-07-15T13:23:19","date_gmt":"2025-07-15T11:23:19","guid":{"rendered":"https:\/\/rothschenk.de\/?post_type=product&#038;p=709894"},"modified":"2026-03-16T09:01:19","modified_gmt":"2026-03-16T08:01:19","slug":"dynello-akku-winder-xl-aufroller-fuer-akkuschrauber","status":"publish","type":"product","link":"https:\/\/rothschenk.de\/cz\/produkt\/dynello-akku-winder-xl-aufroller-fuer-akkuschrauber\/","title":{"rendered":"Dynello\u00ae Akku Winder XL | Aufroller f\u00fcr Akkuschrauber"},"content":{"rendered":"<h3>Dynello Akku Winder XL | Zurrgurtaufroller f\u00fcr Akkuschrauber<\/h3>\n<p>Der Dynello\u00ae Spanngurtaufroller ist die perfekte L\u00f6sung f\u00fcr das schnelle und effiziente Aufrollen schwerer Zurrgurte \u2013 ideal f\u00fcr den industriellen Einsatz und kompatibel mit allen g\u00e4ngigen Akku-Bohrern (\u00d810 mm Schaft). Diese verbesserte Version wurde speziell f\u00fcr breite, bis zu 30 Meter lange Gurtb\u00e4nder (50\u201375 mm) entwickelt und \u00fcberzeugt durch eine robuste, langlebige Bauweise aus Edelstahl und Aluminium.<\/p>\n<p>Die Geschwindigkeit mit der Sie Ihre Zurrgurte aufrollen, wird \u00fcber Drehzahl und Drehmoment der Bohrmaschine eingestellt. Passend f\u00fcr \u00d810mm Bohrfutter.<\/p>\n<ul>\n<li>Wir empfehlen beim Einsatz des Fastwinders das Tragen von Handschuhen.<\/li>\n<li>Unzerbrechliche F\u00fchrungsstifte aus Edelstahl f\u00fcr den schweren Einsatz<\/li>\n<li>Neue \u2018Entenschnabel\u2019-Aufwickelwelle f\u00fcr leichtes Einf\u00fchren des Gurtes<\/li>\n<li>Mit zwei ultra-niedrig reibenden igus\u00ae-Scheiben f\u00fcr reibungsloses Aufwickeln ausgestattet<\/li>\n<\/ul>\n<p>Lieferumfang: Gurtbandaufwickler (Akku-Bohrer nicht enthalten)<br \/>\n+ Gratis dazu: Dynello Kunststoffclip f\u00fcr 50 mm Gurtband<\/p>\n","protected":false},"excerpt":{"rendered":"<p>Dynello Akku Winder XL | Zurrgurtaufroller f\u00fcr Akkuschrauber Der Dynello\u00ae Spanngurtaufroller ist die perfekte L\u00f6sung f\u00fcr das schnelle und effiziente Aufrollen schwerer Zurrgurte \u2013 ideal f\u00fcr den industriellen Einsatz und kompatibel mit allen g\u00e4ngigen Akku-Bohrern (\u00d810 mm Schaft). Diese verbesserte Version wurde speziell f\u00fcr breite, bis zu 30 Meter lange Gurtb\u00e4nder (50\u201375 mm) entwickelt und [&hellip;]<\/p>\n","protected":false},"featured_media":710006,"comment_status":"open","ping_status":"closed","template":"","meta":{"_acf_changed":false},"product_brand":[],"product_cat":[79,168],"product_tag":[],"class_list":{"0":"post-709894","1":"product","2":"type-product","3":"status-publish","4":"has-post-thumbnail","6":"product_cat-zubehoer","7":"product_cat-zurrgurt-zubehoer","9":"first","10":"instock","11":"taxable","12":"shipping-taxable","13":"purchasable","14":"product-type-simple"},"acf":[],"yoast_head":"<!-- This site is optimized with the Yoast SEO plugin v27.3 - https:\/\/yoast.com\/product\/yoast-seo-wordpress\/ -->\n<title>Dynello\u00ae Akku Winder XL | Aufroller f\u00fcr Akkuschrauber<\/title>\n<meta name=\"description\" content=\"Dynello Fastwinder Aufroller f\u00fcr Spanngurte \u2713 Schnelles Aufwickeln von Zurrgurten \u2714 F\u00fcr Zurrgurte 50 - 75 mm Breite \u25ba Jetzt bei Rothschenk bestellen!\" \/>\n<meta name=\"robots\" content=\"index, follow, max-snippet:-1, max-image-preview:large, max-video-preview:-1\" \/>\n<link rel=\"canonical\" href=\"https:\/\/rothschenk.de\/produkt\/dynello-akku-winder-xl-aufroller-fuer-akkuschrauber\/\" \/>\n<meta property=\"og:locale\" content=\"cs_CZ\" \/>\n<meta property=\"og:type\" content=\"article\" \/>\n<meta property=\"og:title\" content=\"Dynello\u00ae Akku Winder XL | Aufroller f\u00fcr Akkuschrauber\" \/>\n<meta property=\"og:description\" content=\"Dynello Fastwinder Aufroller f\u00fcr Spanngurte \u2713 Schnelles Aufwickeln von Zurrgurten \u2714 F\u00fcr Zurrgurte 50 - 75 mm Breite \u25ba Jetzt bei Rothschenk bestellen!\" \/>\n<meta property=\"og:url\" content=\"https:\/\/rothschenk.de\/produkt\/dynello-akku-winder-xl-aufroller-fuer-akkuschrauber\/\" \/>\n<meta property=\"og:site_name\" content=\"Rothschenk\" \/>\n<meta property=\"article:publisher\" content=\"https:\/\/de-de.facebook.com\/FirmaRothschenk\/\" \/>\n<meta property=\"article:modified_time\" content=\"2026-03-16T08:01:19+00:00\" \/>\n<meta property=\"og:image\" content=\"https:\/\/rothschenk.de\/wp-content\/uploads\/2025\/07\/dynello-accu-winder-xl_05.jpg\" \/>\n\t<meta property=\"og:image:width\" content=\"600\" \/>\n\t<meta property=\"og:image:height\" content=\"600\" \/>\n\t<meta property=\"og:image:type\" content=\"image\/jpeg\" \/>\n<meta name=\"twitter:card\" content=\"summary_large_image\" \/>\n<meta name=\"twitter:label1\" content=\"Cena\" \/>\n\t<meta name=\"twitter:data1\" content=\"54,55&nbsp;&euro;\" \/>\n\t<meta name=\"twitter:label2\" content=\"Dostupnost\" \/>\n\t<meta name=\"twitter:data2\" content=\"Skladem\" \/>\n<script type=\"application\/ld+json\" class=\"yoast-schema-graph\">{\"@context\":\"https:\\\/\\\/schema.org\",\"@graph\":[{\"@type\":\"WebPage\",\"@id\":\"https:\\\/\\\/rothschenk.de\\\/produkt\\\/dynello-akku-winder-xl-aufroller-fuer-akkuschrauber\\\/\",\"url\":\"https:\\\/\\\/rothschenk.de\\\/produkt\\\/dynello-akku-winder-xl-aufroller-fuer-akkuschrauber\\\/\",\"name\":\"Dynello\u00ae Akku Winder XL | Aufroller f\u00fcr Akkuschrauber\",\"isPartOf\":{\"@id\":\"https:\\\/\\\/rothschenk.de\\\/#website\"},\"primaryImageOfPage\":{\"@id\":\"https:\\\/\\\/rothschenk.de\\\/produkt\\\/dynello-akku-winder-xl-aufroller-fuer-akkuschrauber\\\/#primaryimage\"},\"image\":{\"@id\":\"https:\\\/\\\/rothschenk.de\\\/produkt\\\/dynello-akku-winder-xl-aufroller-fuer-akkuschrauber\\\/#primaryimage\"},\"thumbnailUrl\":\"https:\\\/\\\/rothschenk.de\\\/wp-content\\\/uploads\\\/2025\\\/07\\\/dynello-accu-winder-xl_05.jpg\",\"datePublished\":\"2025-07-15T11:23:19+00:00\",\"dateModified\":\"2026-03-16T08:01:19+00:00\",\"description\":\"Dynello Fastwinder Aufroller f\u00fcr Spanngurte \u2713 Schnelles Aufwickeln von Zurrgurten \u2714 F\u00fcr Zurrgurte 50 - 75 mm Breite \u25ba Jetzt bei Rothschenk bestellen!\",\"breadcrumb\":{\"@id\":\"https:\\\/\\\/rothschenk.de\\\/produkt\\\/dynello-akku-winder-xl-aufroller-fuer-akkuschrauber\\\/#breadcrumb\"},\"inLanguage\":\"cs\",\"potentialAction\":[{\"@type\":\"ReadAction\",\"target\":[\"https:\\\/\\\/rothschenk.de\\\/produkt\\\/dynello-akku-winder-xl-aufroller-fuer-akkuschrauber\\\/\"]}]},{\"@type\":\"ImageObject\",\"inLanguage\":\"cs\",\"@id\":\"https:\\\/\\\/rothschenk.de\\\/produkt\\\/dynello-akku-winder-xl-aufroller-fuer-akkuschrauber\\\/#primaryimage\",\"url\":\"https:\\\/\\\/rothschenk.de\\\/wp-content\\\/uploads\\\/2025\\\/07\\\/dynello-accu-winder-xl_05.jpg\",\"contentUrl\":\"https:\\\/\\\/rothschenk.de\\\/wp-content\\\/uploads\\\/2025\\\/07\\\/dynello-accu-winder-xl_05.jpg\",\"width\":600,\"height\":600,\"caption\":\"Zurrgurtaufroller mit Akkuschrauber\"},{\"@type\":\"BreadcrumbList\",\"@id\":\"https:\\\/\\\/rothschenk.de\\\/produkt\\\/dynello-akku-winder-xl-aufroller-fuer-akkuschrauber\\\/#breadcrumb\",\"itemListElement\":[{\"@type\":\"ListItem\",\"position\":1,\"name\":\"Domovsk\u00e1 str\u00e1nka\",\"item\":\"https:\\\/\\\/rothschenk.de\\\/cz\\\/domovska-stranka\\\/\"},{\"@type\":\"ListItem\",\"position\":2,\"name\":\"Shop\",\"item\":\"https:\\\/\\\/rothschenk.de\\\/shop\\\/\"},{\"@type\":\"ListItem\",\"position\":3,\"name\":\"Dynello\u00ae Akku Winder XL | Aufroller f\u00fcr Akkuschrauber\"}]},{\"@type\":\"WebSite\",\"@id\":\"https:\\\/\\\/rothschenk.de\\\/#website\",\"url\":\"https:\\\/\\\/rothschenk.de\\\/\",\"name\":\"Rothschenk - Der Online Shop f\u00fcr Ladungssicherung\",\"description\":\"Der Online Shop f\u00fcr Ladungssicherung\",\"potentialAction\":[{\"@type\":\"SearchAction\",\"target\":{\"@type\":\"EntryPoint\",\"urlTemplate\":\"https:\\\/\\\/rothschenk.de\\\/?s={search_term_string}\"},\"query-input\":{\"@type\":\"PropertyValueSpecification\",\"valueRequired\":true,\"valueName\":\"search_term_string\"}}],\"inLanguage\":\"cs\"}]}<\/script>\n<meta property=\"product:price:amount\" content=\"54.55\" \/>\n<meta property=\"product:price:currency\" content=\"EUR\" \/>\n<meta property=\"og:availability\" content=\"instock\" \/>\n<meta property=\"product:availability\" content=\"instock\" \/>\n<meta property=\"product:retailer_item_id\" content=\"26670\" \/>\n<meta property=\"product:condition\" content=\"new\" \/>\n<!-- \/ Yoast SEO plugin. -->","yoast_head_json":{"title":"Dynello\u00ae Akku Winder XL | Aufroller f\u00fcr Akkuschrauber","description":"Dynello Fastwinder Aufroller f\u00fcr Spanngurte \u2713 Schnelles Aufwickeln von Zurrgurten \u2714 F\u00fcr Zurrgurte 50 - 75 mm Breite \u25ba Jetzt bei Rothschenk bestellen!","robots":{"index":"index","follow":"follow","max-snippet":"max-snippet:-1","max-image-preview":"max-image-preview:large","max-video-preview":"max-video-preview:-1"},"canonical":"https:\/\/rothschenk.de\/produkt\/dynello-akku-winder-xl-aufroller-fuer-akkuschrauber\/","og_locale":"cs_CZ","og_type":"article","og_title":"Dynello\u00ae Akku Winder XL | Aufroller f\u00fcr Akkuschrauber","og_description":"Dynello Fastwinder Aufroller f\u00fcr Spanngurte \u2713 Schnelles Aufwickeln von Zurrgurten \u2714 F\u00fcr Zurrgurte 50 - 75 mm Breite \u25ba Jetzt bei Rothschenk bestellen!","og_url":"https:\/\/rothschenk.de\/produkt\/dynello-akku-winder-xl-aufroller-fuer-akkuschrauber\/","og_site_name":"Rothschenk","article_publisher":"https:\/\/de-de.facebook.com\/FirmaRothschenk\/","article_modified_time":"2026-03-16T08:01:19+00:00","og_image":[{"width":600,"height":600,"url":"https:\/\/rothschenk.de\/wp-content\/uploads\/2025\/07\/dynello-accu-winder-xl_05.jpg","type":"image\/jpeg"}],"twitter_card":"summary_large_image","twitter_misc":{"Cena":"54,55&nbsp;&euro;","Dostupnost":"Skladem"},"schema":{"@context":"https:\/\/schema.org","@graph":[{"@type":"WebPage","@id":"https:\/\/rothschenk.de\/produkt\/dynello-akku-winder-xl-aufroller-fuer-akkuschrauber\/","url":"https:\/\/rothschenk.de\/produkt\/dynello-akku-winder-xl-aufroller-fuer-akkuschrauber\/","name":"Dynello\u00ae Akku Winder XL | Aufroller f\u00fcr Akkuschrauber","isPartOf":{"@id":"https:\/\/rothschenk.de\/#website"},"primaryImageOfPage":{"@id":"https:\/\/rothschenk.de\/produkt\/dynello-akku-winder-xl-aufroller-fuer-akkuschrauber\/#primaryimage"},"image":{"@id":"https:\/\/rothschenk.de\/produkt\/dynello-akku-winder-xl-aufroller-fuer-akkuschrauber\/#primaryimage"},"thumbnailUrl":"https:\/\/rothschenk.de\/wp-content\/uploads\/2025\/07\/dynello-accu-winder-xl_05.jpg","datePublished":"2025-07-15T11:23:19+00:00","dateModified":"2026-03-16T08:01:19+00:00","description":"Dynello Fastwinder Aufroller f\u00fcr Spanngurte \u2713 Schnelles Aufwickeln von Zurrgurten \u2714 F\u00fcr Zurrgurte 50 - 75 mm Breite \u25ba Jetzt bei Rothschenk bestellen!","breadcrumb":{"@id":"https:\/\/rothschenk.de\/produkt\/dynello-akku-winder-xl-aufroller-fuer-akkuschrauber\/#breadcrumb"},"inLanguage":"cs","potentialAction":[{"@type":"ReadAction","target":["https:\/\/rothschenk.de\/produkt\/dynello-akku-winder-xl-aufroller-fuer-akkuschrauber\/"]}]},{"@type":"ImageObject","inLanguage":"cs","@id":"https:\/\/rothschenk.de\/produkt\/dynello-akku-winder-xl-aufroller-fuer-akkuschrauber\/#primaryimage","url":"https:\/\/rothschenk.de\/wp-content\/uploads\/2025\/07\/dynello-accu-winder-xl_05.jpg","contentUrl":"https:\/\/rothschenk.de\/wp-content\/uploads\/2025\/07\/dynello-accu-winder-xl_05.jpg","width":600,"height":600,"caption":"Zurrgurtaufroller mit Akkuschrauber"},{"@type":"BreadcrumbList","@id":"https:\/\/rothschenk.de\/produkt\/dynello-akku-winder-xl-aufroller-fuer-akkuschrauber\/#breadcrumb","itemListElement":[{"@type":"ListItem","position":1,"name":"Domovsk\u00e1 str\u00e1nka","item":"https:\/\/rothschenk.de\/cz\/domovska-stranka\/"},{"@type":"ListItem","position":2,"name":"Shop","item":"https:\/\/rothschenk.de\/shop\/"},{"@type":"ListItem","position":3,"name":"Dynello\u00ae Akku Winder XL | Aufroller f\u00fcr Akkuschrauber"}]},{"@type":"WebSite","@id":"https:\/\/rothschenk.de\/#website","url":"https:\/\/rothschenk.de\/","name":"Rothschenk - Der Online Shop f\u00fcr Ladungssicherung","description":"Der Online Shop f\u00fcr Ladungssicherung","potentialAction":[{"@type":"SearchAction","target":{"@type":"EntryPoint","urlTemplate":"https:\/\/rothschenk.de\/?s={search_term_string}"},"query-input":{"@type":"PropertyValueSpecification","valueRequired":true,"valueName":"search_term_string"}}],"inLanguage":"cs"}]},"product_price_amount":"54.55","product_price_currency":"EUR","og_availability":"instock","product_availability":"instock","product_retailer_item_id":"26670","product_condition":"new"},"_links":{"self":[{"href":"https:\/\/rothschenk.de\/cz\/wp-json\/wp\/v2\/product\/709894","targetHints":{"allow":["GET"]}}],"collection":[{"href":"https:\/\/rothschenk.de\/cz\/wp-json\/wp\/v2\/product"}],"about":[{"href":"https:\/\/rothschenk.de\/cz\/wp-json\/wp\/v2\/types\/product"}],"replies":[{"embeddable":true,"href":"https:\/\/rothschenk.de\/cz\/wp-json\/wp\/v2\/comments?post=709894"}],"wp:featuredmedia":[{"embeddable":true,"href":"https:\/\/rothschenk.de\/cz\/wp-json\/wp\/v2\/media\/710006"}],"wp:attachment":[{"href":"https:\/\/rothschenk.de\/cz\/wp-json\/wp\/v2\/media?parent=709894"}],"wp:term":[{"taxonomy":"product_brand","embeddable":true,"href":"https:\/\/rothschenk.de\/cz\/wp-json\/wp\/v2\/product_brand?post=709894"},{"taxonomy":"product_cat","embeddable":true,"href":"https:\/\/rothschenk.de\/cz\/wp-json\/wp\/v2\/product_cat?post=709894"},{"taxonomy":"product_tag","embeddable":true,"href":"https:\/\/rothschenk.de\/cz\/wp-json\/wp\/v2\/product_tag?post=709894"}],"curies":[{"name":"wp","href":"https:\/\/api.w.org\/{rel}","templated":true}]}}