{"id":7445,"date":"2023-06-18T23:02:46","date_gmt":"2023-06-18T21:02:46","guid":{"rendered":"https:\/\/rothschenk.de\/rothschenk-shop\/?post_type=product&#038;p=7445"},"modified":"2026-03-20T10:28:59","modified_gmt":"2026-03-20T09:28:59","slug":"haspelspanner-bis-40-mm-bandbreite","status":"publish","type":"product","link":"https:\/\/rothschenk.de\/cz\/produkt\/haspelspanner-bis-40-mm-bandbreite\/","title":{"rendered":"Haspelspanner | bis 40 mm Bandbreite"},"content":{"rendered":"<h3>Haspelspanner | bis 40 mm Bandbreite<\/h3>\n<p>Der Haspelspanner ist ein hochwertiges Werkzeug, das speziell f\u00fcr die Ladungssicherung und den Einsatz bei Lashing-Systemen entwickelt wurde. Mit seiner Hilfe k\u00f6nnen Gurtb\u00e4nder bis zu einer Breite von 40 mm m\u00fchelos auf die erforderliche Vorspannkraft gebracht werden.<\/p>\n<p>Das an der Ware anliegende Gurtband wird seitlich eingespannt und sicher fixiert. Das freie Ende des Lashings wird in die drehbare Welle eingespannt und durch den Hebel mit Ratschenfunktion auf die gew\u00fcnschte Spannung gebracht. Anschlie\u00dfend kann der Haspelspanner bequem entfernt und f\u00fcr das n\u00e4chste Lashing verwendet werden.<\/p>\n<p>Dank seiner zuverl\u00e4ssigen Funktionalit\u00e4t ist der Haspelspanner ein unentbehrliches Werkzeug f\u00fcr den Transport von G\u00fctern in Containern, auf Lastwagen oder anderen Transportmitteln. Er gew\u00e4hrleistet, dass Ihre Fracht fest und sicher fixiert ist, was das Risiko von Sch\u00e4den w\u00e4hrend des Transports minimiert. Der Haspelspanner ist ein vielseitiges und langlebiges Werkzeug, das Ihnen bei der Ladungssicherung eine wertvolle Unterst\u00fctzung bietet.<\/p>\n","protected":false},"excerpt":{"rendered":"<p>Haspelspanner | bis 40 mm Bandbreite Der Haspelspanner ist ein hochwertiges Werkzeug, das speziell f\u00fcr die Ladungssicherung und den Einsatz bei Lashing-Systemen entwickelt wurde. Mit seiner Hilfe k\u00f6nnen Gurtb\u00e4nder bis zu einer Breite von 40 mm m\u00fchelos auf die erforderliche Vorspannkraft gebracht werden. Das an der Ware anliegende Gurtband wird seitlich eingespannt und sicher fixiert. [&hellip;]<\/p>\n","protected":false},"featured_media":84305,"comment_status":"open","ping_status":"closed","template":"","meta":{"_acf_changed":false},"product_brand":[],"product_cat":[80,104,58,61,46,79],"product_tag":[],"class_list":{"0":"post-7445","1":"product","2":"type-product","3":"status-publish","4":"has-post-thumbnail","6":"product_cat-ladungssicherungs-tools","7":"product_cat-lashing","8":"product_cat-spanngeraete","9":"product_cat-spanngeraete-umreifung","10":"product_cat-umreifung","11":"product_cat-zubehoer","13":"first","14":"instock","15":"taxable","16":"shipping-taxable","17":"purchasable","18":"product-type-simple"},"acf":[],"yoast_head":"<!-- This site is optimized with the Yoast SEO plugin v27.4 - https:\/\/yoast.com\/product\/yoast-seo-wordpress\/ -->\n<title>Haspelspanner | bis 40 mm Bandbreite - Rothschenk<\/title>\n<meta name=\"description\" content=\"Haspelspanner - bis 40 mm Bandbreite \u2713 Schneidevorrichtung \u2713 Ratschenfunktion \u2713 Geeignet f\u00fcr Gurtb\u00e4nder bis 40 mm Breite \u27a4 Jetzt bestellen!\" \/>\n<meta name=\"robots\" content=\"index, follow, max-snippet:-1, max-image-preview:large, max-video-preview:-1\" \/>\n<link rel=\"canonical\" href=\"https:\/\/rothschenk.de\/produkt\/haspelspanner-bis-40-mm-bandbreite\/\" \/>\n<meta property=\"og:locale\" content=\"cs_CZ\" \/>\n<meta property=\"og:type\" content=\"article\" \/>\n<meta property=\"og:title\" content=\"Haspelspanner | bis 40 mm Bandbreite - Rothschenk\" \/>\n<meta property=\"og:description\" content=\"Haspelspanner - bis 40 mm Bandbreite \u2713 Schneidevorrichtung \u2713 Ratschenfunktion \u2713 Geeignet f\u00fcr Gurtb\u00e4nder bis 40 mm Breite \u27a4 Jetzt bestellen!\" \/>\n<meta property=\"og:url\" content=\"https:\/\/rothschenk.de\/produkt\/haspelspanner-bis-40-mm-bandbreite\/\" \/>\n<meta property=\"og:site_name\" content=\"Rothschenk\" \/>\n<meta property=\"article:publisher\" content=\"https:\/\/de-de.facebook.com\/FirmaRothschenk\/\" \/>\n<meta property=\"article:modified_time\" content=\"2026-03-20T09:28:59+00:00\" \/>\n<meta property=\"og:image\" content=\"https:\/\/rothschenk.de\/wp-content\/uploads\/2023\/11\/Haspelspanner-bis-40-und-50-mm_11441_16075-6.jpg\" \/>\n\t<meta property=\"og:image:width\" content=\"1024\" \/>\n\t<meta property=\"og:image:height\" content=\"1024\" \/>\n\t<meta property=\"og:image:type\" content=\"image\/jpeg\" \/>\n<meta name=\"twitter:card\" content=\"summary_large_image\" \/>\n<meta name=\"twitter:label1\" content=\"Cena\" \/>\n\t<meta name=\"twitter:data1\" content=\"330,00&nbsp;&euro;\" \/>\n\t<meta name=\"twitter:label2\" content=\"Dostupnost\" \/>\n\t<meta name=\"twitter:data2\" content=\"Skladem\" \/>\n<script type=\"application\/ld+json\" class=\"yoast-schema-graph\">{\"@context\":\"https:\\\/\\\/schema.org\",\"@graph\":[{\"@type\":\"WebPage\",\"@id\":\"https:\\\/\\\/rothschenk.de\\\/produkt\\\/haspelspanner-bis-40-mm-bandbreite\\\/\",\"url\":\"https:\\\/\\\/rothschenk.de\\\/produkt\\\/haspelspanner-bis-40-mm-bandbreite\\\/\",\"name\":\"Haspelspanner | bis 40 mm Bandbreite - Rothschenk\",\"isPartOf\":{\"@id\":\"https:\\\/\\\/rothschenk.de\\\/#website\"},\"primaryImageOfPage\":{\"@id\":\"https:\\\/\\\/rothschenk.de\\\/produkt\\\/haspelspanner-bis-40-mm-bandbreite\\\/#primaryimage\"},\"image\":{\"@id\":\"https:\\\/\\\/rothschenk.de\\\/produkt\\\/haspelspanner-bis-40-mm-bandbreite\\\/#primaryimage\"},\"thumbnailUrl\":\"https:\\\/\\\/rothschenk.de\\\/wp-content\\\/uploads\\\/2023\\\/11\\\/Haspelspanner-bis-40-und-50-mm_11441_16075-6.jpg\",\"datePublished\":\"2023-06-18T21:02:46+00:00\",\"dateModified\":\"2026-03-20T09:28:59+00:00\",\"description\":\"Haspelspanner - bis 40 mm Bandbreite \u2713 Schneidevorrichtung \u2713 Ratschenfunktion \u2713 Geeignet f\u00fcr Gurtb\u00e4nder bis 40 mm Breite \u27a4 Jetzt bestellen!\",\"breadcrumb\":{\"@id\":\"https:\\\/\\\/rothschenk.de\\\/produkt\\\/haspelspanner-bis-40-mm-bandbreite\\\/#breadcrumb\"},\"inLanguage\":\"cs\",\"potentialAction\":[{\"@type\":\"ReadAction\",\"target\":[\"https:\\\/\\\/rothschenk.de\\\/produkt\\\/haspelspanner-bis-40-mm-bandbreite\\\/\"]}]},{\"@type\":\"ImageObject\",\"inLanguage\":\"cs\",\"@id\":\"https:\\\/\\\/rothschenk.de\\\/produkt\\\/haspelspanner-bis-40-mm-bandbreite\\\/#primaryimage\",\"url\":\"https:\\\/\\\/rothschenk.de\\\/wp-content\\\/uploads\\\/2023\\\/11\\\/Haspelspanner-bis-40-und-50-mm_11441_16075-6.jpg\",\"contentUrl\":\"https:\\\/\\\/rothschenk.de\\\/wp-content\\\/uploads\\\/2023\\\/11\\\/Haspelspanner-bis-40-und-50-mm_11441_16075-6.jpg\",\"width\":1024,\"height\":1024,\"caption\":\"Haspelspanner f\u00fcr Gurtband\"},{\"@type\":\"BreadcrumbList\",\"@id\":\"https:\\\/\\\/rothschenk.de\\\/produkt\\\/haspelspanner-bis-40-mm-bandbreite\\\/#breadcrumb\",\"itemListElement\":[{\"@type\":\"ListItem\",\"position\":1,\"name\":\"Domovsk\u00e1 str\u00e1nka\",\"item\":\"https:\\\/\\\/rothschenk.de\\\/cz\\\/domovska-stranka\\\/\"},{\"@type\":\"ListItem\",\"position\":2,\"name\":\"Shop\",\"item\":\"https:\\\/\\\/rothschenk.de\\\/shop\\\/\"},{\"@type\":\"ListItem\",\"position\":3,\"name\":\"Haspelspanner | bis 40 mm Bandbreite\"}]},{\"@type\":\"WebSite\",\"@id\":\"https:\\\/\\\/rothschenk.de\\\/#website\",\"url\":\"https:\\\/\\\/rothschenk.de\\\/\",\"name\":\"Rothschenk - Der Online Shop f\u00fcr Ladungssicherung\",\"description\":\"Der Online Shop f\u00fcr Ladungssicherung\",\"potentialAction\":[{\"@type\":\"SearchAction\",\"target\":{\"@type\":\"EntryPoint\",\"urlTemplate\":\"https:\\\/\\\/rothschenk.de\\\/?s={search_term_string}\"},\"query-input\":{\"@type\":\"PropertyValueSpecification\",\"valueRequired\":true,\"valueName\":\"search_term_string\"}}],\"inLanguage\":\"cs\"}]}<\/script>\n<meta property=\"product:price:amount\" content=\"330.00\" \/>\n<meta property=\"product:price:currency\" content=\"EUR\" \/>\n<meta property=\"og:availability\" content=\"instock\" \/>\n<meta property=\"product:availability\" content=\"instock\" \/>\n<meta property=\"product:retailer_item_id\" content=\"16075\" \/>\n<meta property=\"product:condition\" content=\"new\" \/>\n<!-- \/ Yoast SEO plugin. -->","yoast_head_json":{"title":"Haspelspanner | bis 40 mm Bandbreite - Rothschenk","description":"Haspelspanner - bis 40 mm Bandbreite \u2713 Schneidevorrichtung \u2713 Ratschenfunktion \u2713 Geeignet f\u00fcr Gurtb\u00e4nder bis 40 mm Breite \u27a4 Jetzt bestellen!","robots":{"index":"index","follow":"follow","max-snippet":"max-snippet:-1","max-image-preview":"max-image-preview:large","max-video-preview":"max-video-preview:-1"},"canonical":"https:\/\/rothschenk.de\/produkt\/haspelspanner-bis-40-mm-bandbreite\/","og_locale":"cs_CZ","og_type":"article","og_title":"Haspelspanner | bis 40 mm Bandbreite - Rothschenk","og_description":"Haspelspanner - bis 40 mm Bandbreite \u2713 Schneidevorrichtung \u2713 Ratschenfunktion \u2713 Geeignet f\u00fcr Gurtb\u00e4nder bis 40 mm Breite \u27a4 Jetzt bestellen!","og_url":"https:\/\/rothschenk.de\/produkt\/haspelspanner-bis-40-mm-bandbreite\/","og_site_name":"Rothschenk","article_publisher":"https:\/\/de-de.facebook.com\/FirmaRothschenk\/","article_modified_time":"2026-03-20T09:28:59+00:00","og_image":[{"width":1024,"height":1024,"url":"https:\/\/rothschenk.de\/wp-content\/uploads\/2023\/11\/Haspelspanner-bis-40-und-50-mm_11441_16075-6.jpg","type":"image\/jpeg"}],"twitter_card":"summary_large_image","twitter_misc":{"Cena":"330,00&nbsp;&euro;","Dostupnost":"Skladem"},"schema":{"@context":"https:\/\/schema.org","@graph":[{"@type":"WebPage","@id":"https:\/\/rothschenk.de\/produkt\/haspelspanner-bis-40-mm-bandbreite\/","url":"https:\/\/rothschenk.de\/produkt\/haspelspanner-bis-40-mm-bandbreite\/","name":"Haspelspanner | bis 40 mm Bandbreite - Rothschenk","isPartOf":{"@id":"https:\/\/rothschenk.de\/#website"},"primaryImageOfPage":{"@id":"https:\/\/rothschenk.de\/produkt\/haspelspanner-bis-40-mm-bandbreite\/#primaryimage"},"image":{"@id":"https:\/\/rothschenk.de\/produkt\/haspelspanner-bis-40-mm-bandbreite\/#primaryimage"},"thumbnailUrl":"https:\/\/rothschenk.de\/wp-content\/uploads\/2023\/11\/Haspelspanner-bis-40-und-50-mm_11441_16075-6.jpg","datePublished":"2023-06-18T21:02:46+00:00","dateModified":"2026-03-20T09:28:59+00:00","description":"Haspelspanner - bis 40 mm Bandbreite \u2713 Schneidevorrichtung \u2713 Ratschenfunktion \u2713 Geeignet f\u00fcr Gurtb\u00e4nder bis 40 mm Breite \u27a4 Jetzt bestellen!","breadcrumb":{"@id":"https:\/\/rothschenk.de\/produkt\/haspelspanner-bis-40-mm-bandbreite\/#breadcrumb"},"inLanguage":"cs","potentialAction":[{"@type":"ReadAction","target":["https:\/\/rothschenk.de\/produkt\/haspelspanner-bis-40-mm-bandbreite\/"]}]},{"@type":"ImageObject","inLanguage":"cs","@id":"https:\/\/rothschenk.de\/produkt\/haspelspanner-bis-40-mm-bandbreite\/#primaryimage","url":"https:\/\/rothschenk.de\/wp-content\/uploads\/2023\/11\/Haspelspanner-bis-40-und-50-mm_11441_16075-6.jpg","contentUrl":"https:\/\/rothschenk.de\/wp-content\/uploads\/2023\/11\/Haspelspanner-bis-40-und-50-mm_11441_16075-6.jpg","width":1024,"height":1024,"caption":"Haspelspanner f\u00fcr Gurtband"},{"@type":"BreadcrumbList","@id":"https:\/\/rothschenk.de\/produkt\/haspelspanner-bis-40-mm-bandbreite\/#breadcrumb","itemListElement":[{"@type":"ListItem","position":1,"name":"Domovsk\u00e1 str\u00e1nka","item":"https:\/\/rothschenk.de\/cz\/domovska-stranka\/"},{"@type":"ListItem","position":2,"name":"Shop","item":"https:\/\/rothschenk.de\/shop\/"},{"@type":"ListItem","position":3,"name":"Haspelspanner | bis 40 mm Bandbreite"}]},{"@type":"WebSite","@id":"https:\/\/rothschenk.de\/#website","url":"https:\/\/rothschenk.de\/","name":"Rothschenk - Der Online Shop f\u00fcr Ladungssicherung","description":"Der Online Shop f\u00fcr Ladungssicherung","potentialAction":[{"@type":"SearchAction","target":{"@type":"EntryPoint","urlTemplate":"https:\/\/rothschenk.de\/?s={search_term_string}"},"query-input":{"@type":"PropertyValueSpecification","valueRequired":true,"valueName":"search_term_string"}}],"inLanguage":"cs"}]},"product_price_amount":"330.00","product_price_currency":"EUR","og_availability":"instock","product_availability":"instock","product_retailer_item_id":"16075","product_condition":"new"},"_links":{"self":[{"href":"https:\/\/rothschenk.de\/cz\/wp-json\/wp\/v2\/product\/7445","targetHints":{"allow":["GET"]}}],"collection":[{"href":"https:\/\/rothschenk.de\/cz\/wp-json\/wp\/v2\/product"}],"about":[{"href":"https:\/\/rothschenk.de\/cz\/wp-json\/wp\/v2\/types\/product"}],"replies":[{"embeddable":true,"href":"https:\/\/rothschenk.de\/cz\/wp-json\/wp\/v2\/comments?post=7445"}],"wp:featuredmedia":[{"embeddable":true,"href":"https:\/\/rothschenk.de\/cz\/wp-json\/wp\/v2\/media\/84305"}],"wp:attachment":[{"href":"https:\/\/rothschenk.de\/cz\/wp-json\/wp\/v2\/media?parent=7445"}],"wp:term":[{"taxonomy":"product_brand","embeddable":true,"href":"https:\/\/rothschenk.de\/cz\/wp-json\/wp\/v2\/product_brand?post=7445"},{"taxonomy":"product_cat","embeddable":true,"href":"https:\/\/rothschenk.de\/cz\/wp-json\/wp\/v2\/product_cat?post=7445"},{"taxonomy":"product_tag","embeddable":true,"href":"https:\/\/rothschenk.de\/cz\/wp-json\/wp\/v2\/product_tag?post=7445"}],"curies":[{"name":"wp","href":"https:\/\/api.w.org\/{rel}","templated":true}]}}