{"id":7542,"date":"2023-06-18T16:00:54","date_gmt":"2023-06-18T14:00:54","guid":{"rendered":"https:\/\/rothschenk.de\/rothschenk-shop\/?post_type=product&#038;p=7542"},"modified":"2026-03-20T10:29:11","modified_gmt":"2026-03-20T09:29:11","slug":"magnet-mit-schlaufe","status":"publish","type":"product","link":"https:\/\/rothschenk.de\/cz\/produkt\/magnet-mit-schlaufe\/","title":{"rendered":"Magnet | mit Schlaufe"},"content":{"rendered":"<h3>Magnet mit Schlaufe<\/h3>\n<p>Universell einsetzbar, aber mit einer klaren Mission: Den Verladealltag erleichtern. Besonders beim Anbringen von Containerlashings spielen unsere Haltemagnete ihre Vorteile aus. Mit einer beeindruckenden Haltekraft von 41 kg sind sie extrem stark und halten z.B. die Querb\u00e4nder zuverl\u00e4ssig an Ort und Stelle, bis die Ware vollst\u00e4ndig verladen ist. Dank der kleinen Schlaufe lassen sich die Magnete m\u00fchelos wieder l\u00f6sen.<\/p>\n<p>Ob zur Befestigung von Lashband an der Containert\u00fcr, allgemein im Lager oder im privaten Bereich, die Magnete eignen sich sowohl f\u00fcr den Innen- als auch f\u00fcr den Au\u00dfenbereich. Gerade auch in der Garage, Werkstatt oder beim Camping finden sie viele Anwendungen. Kein Bohren, keine klebrigen R\u00fcckst\u00e4nde, keine Bolzen oder Schrauben. Magnete sind auf jeder Metalloberfl\u00e4che leicht anzubringen, zu entfernen und nat\u00fcrlich wiederverwendbar.<\/p>\n","protected":false},"excerpt":{"rendered":"<p>Magnet mit Schlaufe Universell einsetzbar, aber mit einer klaren Mission: Den Verladealltag erleichtern. Besonders beim Anbringen von Containerlashings spielen unsere Haltemagnete ihre Vorteile aus. Mit einer beeindruckenden Haltekraft von 41 kg sind sie extrem stark und halten z.B. die Querb\u00e4nder zuverl\u00e4ssig an Ort und Stelle, bis die Ware vollst\u00e4ndig verladen ist. Dank der kleinen Schlaufe [&hellip;]<\/p>\n","protected":false},"featured_media":22794,"comment_status":"open","ping_status":"closed","template":"","meta":{"_acf_changed":false},"product_brand":[],"product_cat":[56,80,104,79],"product_tag":[],"class_list":{"0":"post-7542","1":"product","2":"type-product","3":"status-publish","4":"has-post-thumbnail","6":"product_cat-gurtband","7":"product_cat-ladungssicherungs-tools","8":"product_cat-lashing","9":"product_cat-zubehoer","11":"first","12":"instock","13":"sale","14":"taxable","15":"shipping-taxable","16":"purchasable","17":"product-type-variable"},"acf":[],"yoast_head":"<!-- This site is optimized with the Yoast SEO plugin v27.4 - https:\/\/yoast.com\/product\/yoast-seo-wordpress\/ -->\n<title>Magnet | mit Schlaufe - Rothschenk<\/title>\n<meta name=\"description\" content=\"Magnet mit Schlaufe - Haltekraft: ca. 41 kg \u2713 mit \u00d6senschraube \u2713 Schlaufe: \u00d8 150 mm \u2713 Schlaufe Farbe: Rot \u27a4 Jetzt online bestellen!\" \/>\n<meta name=\"robots\" content=\"index, follow, max-snippet:-1, max-image-preview:large, max-video-preview:-1\" \/>\n<link rel=\"canonical\" href=\"https:\/\/rothschenk.de\/produkt\/magnet-mit-schlaufe\/\" \/>\n<meta property=\"og:locale\" content=\"cs_CZ\" \/>\n<meta property=\"og:type\" content=\"article\" \/>\n<meta property=\"og:title\" content=\"Magnet | mit Schlaufe - Rothschenk\" \/>\n<meta property=\"og:description\" content=\"Magnet mit Schlaufe - Haltekraft: ca. 41 kg \u2713 mit \u00d6senschraube \u2713 Schlaufe: \u00d8 150 mm \u2713 Schlaufe Farbe: Rot \u27a4 Jetzt online bestellen!\" \/>\n<meta property=\"og:url\" content=\"https:\/\/rothschenk.de\/produkt\/magnet-mit-schlaufe\/\" \/>\n<meta property=\"og:site_name\" content=\"Rothschenk\" \/>\n<meta property=\"article:publisher\" content=\"https:\/\/de-de.facebook.com\/FirmaRothschenk\/\" \/>\n<meta property=\"article:modified_time\" content=\"2026-03-20T09:29:11+00:00\" \/>\n<meta property=\"og:image\" content=\"https:\/\/rothschenk.de\/wp-content\/uploads\/2023\/05\/quadratisch-neu-10.jpg\" \/>\n\t<meta property=\"og:image:width\" content=\"1024\" \/>\n\t<meta property=\"og:image:height\" content=\"1024\" \/>\n\t<meta property=\"og:image:type\" content=\"image\/jpeg\" \/>\n<meta name=\"twitter:card\" content=\"summary_large_image\" \/>\n<meta name=\"twitter:label1\" content=\"Dostupnost\" \/>\n\t<meta name=\"twitter:data1\" content=\"Skladem\" \/>\n<script type=\"application\/ld+json\" class=\"yoast-schema-graph\">{\"@context\":\"https:\\\/\\\/schema.org\",\"@graph\":[{\"@type\":\"WebPage\",\"@id\":\"https:\\\/\\\/rothschenk.de\\\/produkt\\\/magnet-mit-schlaufe\\\/\",\"url\":\"https:\\\/\\\/rothschenk.de\\\/produkt\\\/magnet-mit-schlaufe\\\/\",\"name\":\"Magnet | mit Schlaufe - Rothschenk\",\"isPartOf\":{\"@id\":\"https:\\\/\\\/rothschenk.de\\\/#website\"},\"primaryImageOfPage\":{\"@id\":\"https:\\\/\\\/rothschenk.de\\\/produkt\\\/magnet-mit-schlaufe\\\/#primaryimage\"},\"image\":{\"@id\":\"https:\\\/\\\/rothschenk.de\\\/produkt\\\/magnet-mit-schlaufe\\\/#primaryimage\"},\"thumbnailUrl\":\"https:\\\/\\\/rothschenk.de\\\/wp-content\\\/uploads\\\/2023\\\/05\\\/quadratisch-neu-10.jpg\",\"datePublished\":\"2023-06-18T14:00:54+00:00\",\"dateModified\":\"2026-03-20T09:29:11+00:00\",\"description\":\"Magnet mit Schlaufe - Haltekraft: ca. 41 kg \u2713 mit \u00d6senschraube \u2713 Schlaufe: \u00d8 150 mm \u2713 Schlaufe Farbe: Rot \u27a4 Jetzt online bestellen!\",\"breadcrumb\":{\"@id\":\"https:\\\/\\\/rothschenk.de\\\/produkt\\\/magnet-mit-schlaufe\\\/#breadcrumb\"},\"inLanguage\":\"cs\",\"potentialAction\":[{\"@type\":\"ReadAction\",\"target\":[\"https:\\\/\\\/rothschenk.de\\\/produkt\\\/magnet-mit-schlaufe\\\/\"]}]},{\"@type\":\"ImageObject\",\"inLanguage\":\"cs\",\"@id\":\"https:\\\/\\\/rothschenk.de\\\/produkt\\\/magnet-mit-schlaufe\\\/#primaryimage\",\"url\":\"https:\\\/\\\/rothschenk.de\\\/wp-content\\\/uploads\\\/2023\\\/05\\\/quadratisch-neu-10.jpg\",\"contentUrl\":\"https:\\\/\\\/rothschenk.de\\\/wp-content\\\/uploads\\\/2023\\\/05\\\/quadratisch-neu-10.jpg\",\"width\":1024,\"height\":1024,\"caption\":\"Magnet mit Halteschlaufe\"},{\"@type\":\"BreadcrumbList\",\"@id\":\"https:\\\/\\\/rothschenk.de\\\/produkt\\\/magnet-mit-schlaufe\\\/#breadcrumb\",\"itemListElement\":[{\"@type\":\"ListItem\",\"position\":1,\"name\":\"Domovsk\u00e1 str\u00e1nka\",\"item\":\"https:\\\/\\\/rothschenk.de\\\/cz\\\/domovska-stranka\\\/\"},{\"@type\":\"ListItem\",\"position\":2,\"name\":\"Shop\",\"item\":\"https:\\\/\\\/rothschenk.de\\\/shop\\\/\"},{\"@type\":\"ListItem\",\"position\":3,\"name\":\"Magnet | mit Schlaufe\"}]},{\"@type\":\"WebSite\",\"@id\":\"https:\\\/\\\/rothschenk.de\\\/#website\",\"url\":\"https:\\\/\\\/rothschenk.de\\\/\",\"name\":\"Rothschenk - Der Online Shop f\u00fcr Ladungssicherung\",\"description\":\"Der Online Shop f\u00fcr Ladungssicherung\",\"potentialAction\":[{\"@type\":\"SearchAction\",\"target\":{\"@type\":\"EntryPoint\",\"urlTemplate\":\"https:\\\/\\\/rothschenk.de\\\/?s={search_term_string}\"},\"query-input\":{\"@type\":\"PropertyValueSpecification\",\"valueRequired\":true,\"valueName\":\"search_term_string\"}}],\"inLanguage\":\"cs\"}]}<\/script>\n<meta property=\"og:availability\" content=\"instock\" \/>\n<meta property=\"product:availability\" content=\"instock\" \/>\n<meta property=\"product:condition\" content=\"new\" \/>\n<!-- \/ Yoast SEO plugin. -->","yoast_head_json":{"title":"Magnet | mit Schlaufe - Rothschenk","description":"Magnet mit Schlaufe - Haltekraft: ca. 41 kg \u2713 mit \u00d6senschraube \u2713 Schlaufe: \u00d8 150 mm \u2713 Schlaufe Farbe: Rot \u27a4 Jetzt online bestellen!","robots":{"index":"index","follow":"follow","max-snippet":"max-snippet:-1","max-image-preview":"max-image-preview:large","max-video-preview":"max-video-preview:-1"},"canonical":"https:\/\/rothschenk.de\/produkt\/magnet-mit-schlaufe\/","og_locale":"cs_CZ","og_type":"article","og_title":"Magnet | mit Schlaufe - Rothschenk","og_description":"Magnet mit Schlaufe - Haltekraft: ca. 41 kg \u2713 mit \u00d6senschraube \u2713 Schlaufe: \u00d8 150 mm \u2713 Schlaufe Farbe: Rot \u27a4 Jetzt online bestellen!","og_url":"https:\/\/rothschenk.de\/produkt\/magnet-mit-schlaufe\/","og_site_name":"Rothschenk","article_publisher":"https:\/\/de-de.facebook.com\/FirmaRothschenk\/","article_modified_time":"2026-03-20T09:29:11+00:00","og_image":[{"width":1024,"height":1024,"url":"https:\/\/rothschenk.de\/wp-content\/uploads\/2023\/05\/quadratisch-neu-10.jpg","type":"image\/jpeg"}],"twitter_card":"summary_large_image","twitter_misc":{"Dostupnost":"Skladem"},"schema":{"@context":"https:\/\/schema.org","@graph":[{"@type":"WebPage","@id":"https:\/\/rothschenk.de\/produkt\/magnet-mit-schlaufe\/","url":"https:\/\/rothschenk.de\/produkt\/magnet-mit-schlaufe\/","name":"Magnet | mit Schlaufe - Rothschenk","isPartOf":{"@id":"https:\/\/rothschenk.de\/#website"},"primaryImageOfPage":{"@id":"https:\/\/rothschenk.de\/produkt\/magnet-mit-schlaufe\/#primaryimage"},"image":{"@id":"https:\/\/rothschenk.de\/produkt\/magnet-mit-schlaufe\/#primaryimage"},"thumbnailUrl":"https:\/\/rothschenk.de\/wp-content\/uploads\/2023\/05\/quadratisch-neu-10.jpg","datePublished":"2023-06-18T14:00:54+00:00","dateModified":"2026-03-20T09:29:11+00:00","description":"Magnet mit Schlaufe - Haltekraft: ca. 41 kg \u2713 mit \u00d6senschraube \u2713 Schlaufe: \u00d8 150 mm \u2713 Schlaufe Farbe: Rot \u27a4 Jetzt online bestellen!","breadcrumb":{"@id":"https:\/\/rothschenk.de\/produkt\/magnet-mit-schlaufe\/#breadcrumb"},"inLanguage":"cs","potentialAction":[{"@type":"ReadAction","target":["https:\/\/rothschenk.de\/produkt\/magnet-mit-schlaufe\/"]}]},{"@type":"ImageObject","inLanguage":"cs","@id":"https:\/\/rothschenk.de\/produkt\/magnet-mit-schlaufe\/#primaryimage","url":"https:\/\/rothschenk.de\/wp-content\/uploads\/2023\/05\/quadratisch-neu-10.jpg","contentUrl":"https:\/\/rothschenk.de\/wp-content\/uploads\/2023\/05\/quadratisch-neu-10.jpg","width":1024,"height":1024,"caption":"Magnet mit Halteschlaufe"},{"@type":"BreadcrumbList","@id":"https:\/\/rothschenk.de\/produkt\/magnet-mit-schlaufe\/#breadcrumb","itemListElement":[{"@type":"ListItem","position":1,"name":"Domovsk\u00e1 str\u00e1nka","item":"https:\/\/rothschenk.de\/cz\/domovska-stranka\/"},{"@type":"ListItem","position":2,"name":"Shop","item":"https:\/\/rothschenk.de\/shop\/"},{"@type":"ListItem","position":3,"name":"Magnet | mit Schlaufe"}]},{"@type":"WebSite","@id":"https:\/\/rothschenk.de\/#website","url":"https:\/\/rothschenk.de\/","name":"Rothschenk - Der Online Shop f\u00fcr Ladungssicherung","description":"Der Online Shop f\u00fcr Ladungssicherung","potentialAction":[{"@type":"SearchAction","target":{"@type":"EntryPoint","urlTemplate":"https:\/\/rothschenk.de\/?s={search_term_string}"},"query-input":{"@type":"PropertyValueSpecification","valueRequired":true,"valueName":"search_term_string"}}],"inLanguage":"cs"}]},"og_availability":"instock","product_availability":"instock","product_condition":"new"},"_links":{"self":[{"href":"https:\/\/rothschenk.de\/cz\/wp-json\/wp\/v2\/product\/7542","targetHints":{"allow":["GET"]}}],"collection":[{"href":"https:\/\/rothschenk.de\/cz\/wp-json\/wp\/v2\/product"}],"about":[{"href":"https:\/\/rothschenk.de\/cz\/wp-json\/wp\/v2\/types\/product"}],"replies":[{"embeddable":true,"href":"https:\/\/rothschenk.de\/cz\/wp-json\/wp\/v2\/comments?post=7542"}],"wp:featuredmedia":[{"embeddable":true,"href":"https:\/\/rothschenk.de\/cz\/wp-json\/wp\/v2\/media\/22794"}],"wp:attachment":[{"href":"https:\/\/rothschenk.de\/cz\/wp-json\/wp\/v2\/media?parent=7542"}],"wp:term":[{"taxonomy":"product_brand","embeddable":true,"href":"https:\/\/rothschenk.de\/cz\/wp-json\/wp\/v2\/product_brand?post=7542"},{"taxonomy":"product_cat","embeddable":true,"href":"https:\/\/rothschenk.de\/cz\/wp-json\/wp\/v2\/product_cat?post=7542"},{"taxonomy":"product_tag","embeddable":true,"href":"https:\/\/rothschenk.de\/cz\/wp-json\/wp\/v2\/product_tag?post=7542"}],"curies":[{"name":"wp","href":"https:\/\/api.w.org\/{rel}","templated":true}]}}