{"id":7793,"date":"2023-05-20T20:00:34","date_gmt":"2023-05-20T18:00:34","guid":{"rendered":"https:\/\/rothschenk.de\/rothschenk-shop\/?post_type=product&#038;p=7793"},"modified":"2026-04-08T09:02:12","modified_gmt":"2026-04-08T07:02:12","slug":"polyester-kompositband-16-mm","status":"publish","type":"product","link":"https:\/\/rothschenk.de\/cz\/produkt\/polyester-kompositband-16-mm\/","title":{"rendered":"Polyester-Kompositband | 16 mm"},"content":{"rendered":"<h3>Polyester-Kompositband | 16 mm<\/h3>\n<p>Polyester-Kompositband (Umreifungsband) wird haupts\u00e4chlich zur Sicherung von Paletten oder zur Verbindung von Packst\u00fccken eingesetzt. Als kosteng\u00fcnstiges Verpackungsmaterial und mit seiner hohen Festigkeit unterst\u00fctzt das Umreifungsband effizient bei der B\u00fcndelung kleiner Einheiten zu gr\u00f6\u00dferen Packst\u00fccken. So ist gew\u00e4hrleistet, dass Ihre Ladeeinheiten immer sicher am Bestimmungsort ankommen.<\/p>\n<p>Unser Umreifungsband l\u00e4sst sich einfach und schnell mit einer Drahtverschlussklemme verschlie\u00dfen, mit einem Haspelspanner spannen und anschlie\u00dfend pr\u00e4zise abschneiden. F\u00fcr eine Komplettl\u00f6sung bieten wir in unserem Online-Shop auch die passenden Drahtverschlussklemmen und Spannger\u00e4te an. So erhalten Sie alles, was Sie f\u00fcr eine zuverl\u00e4ssige und professionelle Umreifung ben\u00f6tigen.<\/p>\n","protected":false},"excerpt":{"rendered":"<p>Polyester-Kompositband | 16 mm Polyester-Kompositband (Umreifungsband) wird haupts\u00e4chlich zur Sicherung von Paletten oder zur Verbindung von Packst\u00fccken eingesetzt. Als kosteng\u00fcnstiges Verpackungsmaterial und mit seiner hohen Festigkeit unterst\u00fctzt das Umreifungsband effizient bei der B\u00fcndelung kleiner Einheiten zu gr\u00f6\u00dferen Packst\u00fccken. So ist gew\u00e4hrleistet, dass Ihre Ladeeinheiten immer sicher am Bestimmungsort ankommen. Unser Umreifungsband l\u00e4sst sich einfach und [&hellip;]<\/p>\n","protected":false},"featured_media":34945,"comment_status":"open","ping_status":"closed","template":"","meta":{"_acf_changed":false},"product_brand":[],"product_cat":[46,59],"product_tag":[],"class_list":{"0":"post-7793","1":"product","2":"type-product","3":"status-publish","4":"has-post-thumbnail","6":"product_cat-umreifung","7":"product_cat-umreifungsband","9":"first","10":"instock","11":"taxable","12":"shipping-taxable","13":"purchasable","14":"product-type-simple"},"acf":[],"yoast_head":"<!-- This site is optimized with the Yoast SEO plugin v27.3 - https:\/\/yoast.com\/product\/yoast-seo-wordpress\/ -->\n<title>Polyester-Kompositband | 16 mm - Rothschenk<\/title>\n<meta name=\"description\" content=\"Gewebeband \u27a4 16 mm Umreifungsband \u2713 Top-Qualit\u00e4t \u2713 Ladungssicherung \u2713 Polyester \u2713 750 m pro Rolle \u25ba Jetzt online bestellen!\" \/>\n<meta name=\"robots\" content=\"index, follow, max-snippet:-1, max-image-preview:large, max-video-preview:-1\" \/>\n<link rel=\"canonical\" href=\"https:\/\/rothschenk.de\/produkt\/polyester-kompositband-16-mm\/\" \/>\n<meta property=\"og:locale\" content=\"cs_CZ\" \/>\n<meta property=\"og:type\" content=\"article\" \/>\n<meta property=\"og:title\" content=\"Polyester-Kompositband | 16 mm - Rothschenk\" \/>\n<meta property=\"og:description\" content=\"Gewebeband \u27a4 16 mm Umreifungsband \u2713 Top-Qualit\u00e4t \u2713 Ladungssicherung \u2713 Polyester \u2713 750 m pro Rolle \u25ba Jetzt online bestellen!\" \/>\n<meta property=\"og:url\" content=\"https:\/\/rothschenk.de\/produkt\/polyester-kompositband-16-mm\/\" \/>\n<meta property=\"og:site_name\" content=\"Rothschenk\" \/>\n<meta property=\"article:publisher\" content=\"https:\/\/de-de.facebook.com\/FirmaRothschenk\/\" \/>\n<meta property=\"article:modified_time\" content=\"2026-04-08T07:02:12+00:00\" \/>\n<meta property=\"og:image\" content=\"https:\/\/rothschenk.de\/wp-content\/uploads\/2023\/09\/Polyester-Kompositband-2.jpg\" \/>\n\t<meta property=\"og:image:width\" content=\"1024\" \/>\n\t<meta property=\"og:image:height\" content=\"1024\" \/>\n\t<meta property=\"og:image:type\" content=\"image\/jpeg\" \/>\n<meta name=\"twitter:card\" content=\"summary_large_image\" \/>\n<meta name=\"twitter:label1\" content=\"Cena\" \/>\n\t<meta name=\"twitter:data1\" content=\"46,27&nbsp;&euro;\" \/>\n\t<meta name=\"twitter:label2\" content=\"Dostupnost\" \/>\n\t<meta name=\"twitter:data2\" content=\"Skladem\" \/>\n<script type=\"application\/ld+json\" class=\"yoast-schema-graph\">{\"@context\":\"https:\\\/\\\/schema.org\",\"@graph\":[{\"@type\":\"WebPage\",\"@id\":\"https:\\\/\\\/rothschenk.de\\\/produkt\\\/polyester-kompositband-16-mm\\\/\",\"url\":\"https:\\\/\\\/rothschenk.de\\\/produkt\\\/polyester-kompositband-16-mm\\\/\",\"name\":\"Polyester-Kompositband | 16 mm - Rothschenk\",\"isPartOf\":{\"@id\":\"https:\\\/\\\/rothschenk.de\\\/#website\"},\"primaryImageOfPage\":{\"@id\":\"https:\\\/\\\/rothschenk.de\\\/produkt\\\/polyester-kompositband-16-mm\\\/#primaryimage\"},\"image\":{\"@id\":\"https:\\\/\\\/rothschenk.de\\\/produkt\\\/polyester-kompositband-16-mm\\\/#primaryimage\"},\"thumbnailUrl\":\"https:\\\/\\\/rothschenk.de\\\/wp-content\\\/uploads\\\/2023\\\/09\\\/Polyester-Kompositband-2.jpg\",\"datePublished\":\"2023-05-20T18:00:34+00:00\",\"dateModified\":\"2026-04-08T07:02:12+00:00\",\"description\":\"Gewebeband \u27a4 16 mm Umreifungsband \u2713 Top-Qualit\u00e4t \u2713 Ladungssicherung \u2713 Polyester \u2713 750 m pro Rolle \u25ba Jetzt online bestellen!\",\"breadcrumb\":{\"@id\":\"https:\\\/\\\/rothschenk.de\\\/produkt\\\/polyester-kompositband-16-mm\\\/#breadcrumb\"},\"inLanguage\":\"cs\",\"potentialAction\":[{\"@type\":\"ReadAction\",\"target\":[\"https:\\\/\\\/rothschenk.de\\\/produkt\\\/polyester-kompositband-16-mm\\\/\"]}]},{\"@type\":\"ImageObject\",\"inLanguage\":\"cs\",\"@id\":\"https:\\\/\\\/rothschenk.de\\\/produkt\\\/polyester-kompositband-16-mm\\\/#primaryimage\",\"url\":\"https:\\\/\\\/rothschenk.de\\\/wp-content\\\/uploads\\\/2023\\\/09\\\/Polyester-Kompositband-2.jpg\",\"contentUrl\":\"https:\\\/\\\/rothschenk.de\\\/wp-content\\\/uploads\\\/2023\\\/09\\\/Polyester-Kompositband-2.jpg\",\"width\":1024,\"height\":1024,\"caption\":\"Polyester Kompositband\"},{\"@type\":\"BreadcrumbList\",\"@id\":\"https:\\\/\\\/rothschenk.de\\\/produkt\\\/polyester-kompositband-16-mm\\\/#breadcrumb\",\"itemListElement\":[{\"@type\":\"ListItem\",\"position\":1,\"name\":\"Domovsk\u00e1 str\u00e1nka\",\"item\":\"https:\\\/\\\/rothschenk.de\\\/cz\\\/domovska-stranka\\\/\"},{\"@type\":\"ListItem\",\"position\":2,\"name\":\"Shop\",\"item\":\"https:\\\/\\\/rothschenk.de\\\/shop\\\/\"},{\"@type\":\"ListItem\",\"position\":3,\"name\":\"Polyester-Kompositband | 16 mm\"}]},{\"@type\":\"WebSite\",\"@id\":\"https:\\\/\\\/rothschenk.de\\\/#website\",\"url\":\"https:\\\/\\\/rothschenk.de\\\/\",\"name\":\"Rothschenk - Der Online Shop f\u00fcr Ladungssicherung\",\"description\":\"Der Online Shop f\u00fcr Ladungssicherung\",\"potentialAction\":[{\"@type\":\"SearchAction\",\"target\":{\"@type\":\"EntryPoint\",\"urlTemplate\":\"https:\\\/\\\/rothschenk.de\\\/?s={search_term_string}\"},\"query-input\":{\"@type\":\"PropertyValueSpecification\",\"valueRequired\":true,\"valueName\":\"search_term_string\"}}],\"inLanguage\":\"cs\"}]}<\/script>\n<meta property=\"product:price:amount\" content=\"46.27\" \/>\n<meta property=\"product:price:currency\" content=\"EUR\" \/>\n<meta property=\"og:availability\" content=\"instock\" \/>\n<meta property=\"product:availability\" content=\"instock\" \/>\n<meta property=\"product:retailer_item_id\" content=\"25377\" \/>\n<meta property=\"product:condition\" content=\"new\" \/>\n<!-- \/ Yoast SEO plugin. -->","yoast_head_json":{"title":"Polyester-Kompositband | 16 mm - Rothschenk","description":"Gewebeband \u27a4 16 mm Umreifungsband \u2713 Top-Qualit\u00e4t \u2713 Ladungssicherung \u2713 Polyester \u2713 750 m pro Rolle \u25ba Jetzt online bestellen!","robots":{"index":"index","follow":"follow","max-snippet":"max-snippet:-1","max-image-preview":"max-image-preview:large","max-video-preview":"max-video-preview:-1"},"canonical":"https:\/\/rothschenk.de\/produkt\/polyester-kompositband-16-mm\/","og_locale":"cs_CZ","og_type":"article","og_title":"Polyester-Kompositband | 16 mm - Rothschenk","og_description":"Gewebeband \u27a4 16 mm Umreifungsband \u2713 Top-Qualit\u00e4t \u2713 Ladungssicherung \u2713 Polyester \u2713 750 m pro Rolle \u25ba Jetzt online bestellen!","og_url":"https:\/\/rothschenk.de\/produkt\/polyester-kompositband-16-mm\/","og_site_name":"Rothschenk","article_publisher":"https:\/\/de-de.facebook.com\/FirmaRothschenk\/","article_modified_time":"2026-04-08T07:02:12+00:00","og_image":[{"width":1024,"height":1024,"url":"https:\/\/rothschenk.de\/wp-content\/uploads\/2023\/09\/Polyester-Kompositband-2.jpg","type":"image\/jpeg"}],"twitter_card":"summary_large_image","twitter_misc":{"Cena":"46,27&nbsp;&euro;","Dostupnost":"Skladem"},"schema":{"@context":"https:\/\/schema.org","@graph":[{"@type":"WebPage","@id":"https:\/\/rothschenk.de\/produkt\/polyester-kompositband-16-mm\/","url":"https:\/\/rothschenk.de\/produkt\/polyester-kompositband-16-mm\/","name":"Polyester-Kompositband | 16 mm - Rothschenk","isPartOf":{"@id":"https:\/\/rothschenk.de\/#website"},"primaryImageOfPage":{"@id":"https:\/\/rothschenk.de\/produkt\/polyester-kompositband-16-mm\/#primaryimage"},"image":{"@id":"https:\/\/rothschenk.de\/produkt\/polyester-kompositband-16-mm\/#primaryimage"},"thumbnailUrl":"https:\/\/rothschenk.de\/wp-content\/uploads\/2023\/09\/Polyester-Kompositband-2.jpg","datePublished":"2023-05-20T18:00:34+00:00","dateModified":"2026-04-08T07:02:12+00:00","description":"Gewebeband \u27a4 16 mm Umreifungsband \u2713 Top-Qualit\u00e4t \u2713 Ladungssicherung \u2713 Polyester \u2713 750 m pro Rolle \u25ba Jetzt online bestellen!","breadcrumb":{"@id":"https:\/\/rothschenk.de\/produkt\/polyester-kompositband-16-mm\/#breadcrumb"},"inLanguage":"cs","potentialAction":[{"@type":"ReadAction","target":["https:\/\/rothschenk.de\/produkt\/polyester-kompositband-16-mm\/"]}]},{"@type":"ImageObject","inLanguage":"cs","@id":"https:\/\/rothschenk.de\/produkt\/polyester-kompositband-16-mm\/#primaryimage","url":"https:\/\/rothschenk.de\/wp-content\/uploads\/2023\/09\/Polyester-Kompositband-2.jpg","contentUrl":"https:\/\/rothschenk.de\/wp-content\/uploads\/2023\/09\/Polyester-Kompositband-2.jpg","width":1024,"height":1024,"caption":"Polyester Kompositband"},{"@type":"BreadcrumbList","@id":"https:\/\/rothschenk.de\/produkt\/polyester-kompositband-16-mm\/#breadcrumb","itemListElement":[{"@type":"ListItem","position":1,"name":"Domovsk\u00e1 str\u00e1nka","item":"https:\/\/rothschenk.de\/cz\/domovska-stranka\/"},{"@type":"ListItem","position":2,"name":"Shop","item":"https:\/\/rothschenk.de\/shop\/"},{"@type":"ListItem","position":3,"name":"Polyester-Kompositband | 16 mm"}]},{"@type":"WebSite","@id":"https:\/\/rothschenk.de\/#website","url":"https:\/\/rothschenk.de\/","name":"Rothschenk - Der Online Shop f\u00fcr Ladungssicherung","description":"Der Online Shop f\u00fcr Ladungssicherung","potentialAction":[{"@type":"SearchAction","target":{"@type":"EntryPoint","urlTemplate":"https:\/\/rothschenk.de\/?s={search_term_string}"},"query-input":{"@type":"PropertyValueSpecification","valueRequired":true,"valueName":"search_term_string"}}],"inLanguage":"cs"}]},"product_price_amount":"46.27","product_price_currency":"EUR","og_availability":"instock","product_availability":"instock","product_retailer_item_id":"25377","product_condition":"new"},"_links":{"self":[{"href":"https:\/\/rothschenk.de\/cz\/wp-json\/wp\/v2\/product\/7793","targetHints":{"allow":["GET"]}}],"collection":[{"href":"https:\/\/rothschenk.de\/cz\/wp-json\/wp\/v2\/product"}],"about":[{"href":"https:\/\/rothschenk.de\/cz\/wp-json\/wp\/v2\/types\/product"}],"replies":[{"embeddable":true,"href":"https:\/\/rothschenk.de\/cz\/wp-json\/wp\/v2\/comments?post=7793"}],"wp:featuredmedia":[{"embeddable":true,"href":"https:\/\/rothschenk.de\/cz\/wp-json\/wp\/v2\/media\/34945"}],"wp:attachment":[{"href":"https:\/\/rothschenk.de\/cz\/wp-json\/wp\/v2\/media?parent=7793"}],"wp:term":[{"taxonomy":"product_brand","embeddable":true,"href":"https:\/\/rothschenk.de\/cz\/wp-json\/wp\/v2\/product_brand?post=7793"},{"taxonomy":"product_cat","embeddable":true,"href":"https:\/\/rothschenk.de\/cz\/wp-json\/wp\/v2\/product_cat?post=7793"},{"taxonomy":"product_tag","embeddable":true,"href":"https:\/\/rothschenk.de\/cz\/wp-json\/wp\/v2\/product_tag?post=7793"}],"curies":[{"name":"wp","href":"https:\/\/api.w.org\/{rel}","templated":true}]}}