{"id":78312,"date":"2023-03-01T11:30:57","date_gmt":"2023-03-01T10:30:57","guid":{"rendered":"https:\/\/rothschenk.de\/rothschenk-shop\/?post_type=product&#038;p=78312"},"modified":"2026-04-08T16:00:47","modified_gmt":"2026-04-08T14:00:47","slug":"ergolash-zurrgurt-2-teilig-matty-e60-6-m","status":"publish","type":"product","link":"https:\/\/rothschenk.de\/cz\/produkt\/ergolash-zurrgurt-2-teilig-matty-e60-6-m\/","title":{"rendered":"Ergolash\u00ae Zurrgurt | 2-teilig | Matty E60 | 6 m x 35 mm"},"content":{"rendered":"<h3>Ergolash Zurrgurt | 2-teilig | Matty E60 | 6 m x 35 mm<\/h3>\n<p>Der Zurrgurt aus der Matty-Serie eignet sich perfekt f\u00fcr Sie als Handwerker, wenn Sie einen etwas gr\u00f6\u00dferen und st\u00e4rkeren Zurrgurt ben\u00f6tigen.<\/p>\n<p><strong>Die Besonderheit bei Ergolash Zurrgurten:<\/strong><\/p>\n<p>Die neue innovative Welle in der Ratsche erm\u00f6glicht ein schnelles seitliches Einf\u00fchren des Gurtbandes und spart bis zu 35% Ihrer Zeit beim Verzurren. Sie m\u00fcssen nicht mehr den gesamten Gurt durch die Ratsche ziehen, sondern k\u00f6nnen das Band ganz einfach seitlich an der offenen Wickelwelle einf\u00fchren. Diese Funktion ist patentiert und nur bei ERGOLASH Zurrgurten verbaut. Eine echte Innovation bei Spanngurten.<\/p>\n","protected":false},"excerpt":{"rendered":"<p>Ergolash Zurrgurt | 2-teilig | Matty E60 | 6 m x 35 mm Der Zurrgurt aus der Matty-Serie eignet sich perfekt f\u00fcr Sie als Handwerker, wenn Sie einen etwas gr\u00f6\u00dferen und st\u00e4rkeren Zurrgurt ben\u00f6tigen. Die Besonderheit bei Ergolash Zurrgurten: Die neue innovative Welle in der Ratsche erm\u00f6glicht ein schnelles seitliches Einf\u00fchren des Gurtbandes und spart [&hellip;]<\/p>\n","protected":false},"featured_media":78693,"comment_status":"open","ping_status":"closed","template":"","meta":{"_acf_changed":false},"product_brand":[],"product_cat":[167,67],"product_tag":[],"class_list":{"0":"post-78312","1":"product","2":"type-product","3":"status-publish","4":"has-post-thumbnail","6":"product_cat-ergolash","7":"product_cat-zurrgurte","9":"first","10":"outofstock","11":"taxable","12":"shipping-taxable","13":"purchasable","14":"product-type-simple"},"acf":[],"yoast_head":"<!-- This site is optimized with the Yoast SEO plugin v27.4 - https:\/\/yoast.com\/product\/yoast-seo-wordpress\/ -->\n<title>Ergolash\u00ae Zurrgurt | 2-teilig | Matty E60 | 6 m x 35 mm - Rothschenk<\/title>\n<meta name=\"description\" content=\"Zurrgurt \u25b6 L\u00e4nge Festende: 0,30 m \u2713 L\u00e4nge Losende: 5,70 m \u2713 Belastbarkeit in der Umreifung LC: 2.000 daN \u2713 Seitliches Einf\u00fchren \u25b6 Jetzt bestellen!\" \/>\n<meta name=\"robots\" content=\"index, follow, max-snippet:-1, max-image-preview:large, max-video-preview:-1\" \/>\n<link rel=\"canonical\" href=\"https:\/\/rothschenk.de\/produkt\/ergolash-zurrgurt-2-teilig-matty-e60-6-m\/\" \/>\n<meta property=\"og:locale\" content=\"cs_CZ\" \/>\n<meta property=\"og:type\" content=\"article\" \/>\n<meta property=\"og:title\" content=\"Ergolash\u00ae Zurrgurt | 2-teilig | Matty E60 | 6 m x 35 mm - Rothschenk\" \/>\n<meta property=\"og:description\" content=\"Zurrgurt \u25b6 L\u00e4nge Festende: 0,30 m \u2713 L\u00e4nge Losende: 5,70 m \u2713 Belastbarkeit in der Umreifung LC: 2.000 daN \u2713 Seitliches Einf\u00fchren \u25b6 Jetzt bestellen!\" \/>\n<meta property=\"og:url\" content=\"https:\/\/rothschenk.de\/produkt\/ergolash-zurrgurt-2-teilig-matty-e60-6-m\/\" \/>\n<meta property=\"og:site_name\" content=\"Rothschenk\" \/>\n<meta property=\"article:publisher\" content=\"https:\/\/de-de.facebook.com\/FirmaRothschenk\/\" \/>\n<meta property=\"article:modified_time\" content=\"2026-04-08T14:00:47+00:00\" \/>\n<meta property=\"og:image\" content=\"https:\/\/rothschenk.de\/wp-content\/uploads\/2023\/11\/Ergolash-Matty.jpg\" \/>\n\t<meta property=\"og:image:width\" content=\"1024\" \/>\n\t<meta property=\"og:image:height\" content=\"1024\" \/>\n\t<meta property=\"og:image:type\" content=\"image\/jpeg\" \/>\n<meta name=\"twitter:card\" content=\"summary_large_image\" \/>\n<meta name=\"twitter:label1\" content=\"Cena\" \/>\n\t<meta name=\"twitter:data1\" content=\"9,87&nbsp;&euro;\" \/>\n\t<meta name=\"twitter:label2\" content=\"Dostupnost\" \/>\n\t<meta name=\"twitter:data2\" content=\"Vyprod\u00e1no\" \/>\n<script type=\"application\/ld+json\" class=\"yoast-schema-graph\">{\"@context\":\"https:\\\/\\\/schema.org\",\"@graph\":[{\"@type\":\"WebPage\",\"@id\":\"https:\\\/\\\/rothschenk.de\\\/produkt\\\/ergolash-zurrgurt-2-teilig-matty-e60-6-m\\\/\",\"url\":\"https:\\\/\\\/rothschenk.de\\\/produkt\\\/ergolash-zurrgurt-2-teilig-matty-e60-6-m\\\/\",\"name\":\"Ergolash\u00ae Zurrgurt | 2-teilig | Matty E60 | 6 m x 35 mm - Rothschenk\",\"isPartOf\":{\"@id\":\"https:\\\/\\\/rothschenk.de\\\/#website\"},\"primaryImageOfPage\":{\"@id\":\"https:\\\/\\\/rothschenk.de\\\/produkt\\\/ergolash-zurrgurt-2-teilig-matty-e60-6-m\\\/#primaryimage\"},\"image\":{\"@id\":\"https:\\\/\\\/rothschenk.de\\\/produkt\\\/ergolash-zurrgurt-2-teilig-matty-e60-6-m\\\/#primaryimage\"},\"thumbnailUrl\":\"https:\\\/\\\/rothschenk.de\\\/wp-content\\\/uploads\\\/2023\\\/11\\\/Ergolash-Matty.jpg\",\"datePublished\":\"2023-03-01T10:30:57+00:00\",\"dateModified\":\"2026-04-08T14:00:47+00:00\",\"description\":\"Zurrgurt \u25b6 L\u00e4nge Festende: 0,30 m \u2713 L\u00e4nge Losende: 5,70 m \u2713 Belastbarkeit in der Umreifung LC: 2.000 daN \u2713 Seitliches Einf\u00fchren \u25b6 Jetzt bestellen!\",\"breadcrumb\":{\"@id\":\"https:\\\/\\\/rothschenk.de\\\/produkt\\\/ergolash-zurrgurt-2-teilig-matty-e60-6-m\\\/#breadcrumb\"},\"inLanguage\":\"cs\",\"potentialAction\":[{\"@type\":\"ReadAction\",\"target\":[\"https:\\\/\\\/rothschenk.de\\\/produkt\\\/ergolash-zurrgurt-2-teilig-matty-e60-6-m\\\/\"]}]},{\"@type\":\"ImageObject\",\"inLanguage\":\"cs\",\"@id\":\"https:\\\/\\\/rothschenk.de\\\/produkt\\\/ergolash-zurrgurt-2-teilig-matty-e60-6-m\\\/#primaryimage\",\"url\":\"https:\\\/\\\/rothschenk.de\\\/wp-content\\\/uploads\\\/2023\\\/11\\\/Ergolash-Matty.jpg\",\"contentUrl\":\"https:\\\/\\\/rothschenk.de\\\/wp-content\\\/uploads\\\/2023\\\/11\\\/Ergolash-Matty.jpg\",\"width\":1024,\"height\":1024,\"caption\":\"gr\u00fcner Zurrgurt Ergolash Matty\"},{\"@type\":\"BreadcrumbList\",\"@id\":\"https:\\\/\\\/rothschenk.de\\\/produkt\\\/ergolash-zurrgurt-2-teilig-matty-e60-6-m\\\/#breadcrumb\",\"itemListElement\":[{\"@type\":\"ListItem\",\"position\":1,\"name\":\"Domovsk\u00e1 str\u00e1nka\",\"item\":\"https:\\\/\\\/rothschenk.de\\\/cz\\\/domovska-stranka\\\/\"},{\"@type\":\"ListItem\",\"position\":2,\"name\":\"Shop\",\"item\":\"https:\\\/\\\/rothschenk.de\\\/shop\\\/\"},{\"@type\":\"ListItem\",\"position\":3,\"name\":\"Ergolash\u00ae Zurrgurt | 2-teilig | Matty E60 | 6 m x 35 mm\"}]},{\"@type\":\"WebSite\",\"@id\":\"https:\\\/\\\/rothschenk.de\\\/#website\",\"url\":\"https:\\\/\\\/rothschenk.de\\\/\",\"name\":\"Rothschenk - Der Online Shop f\u00fcr Ladungssicherung\",\"description\":\"Der Online Shop f\u00fcr Ladungssicherung\",\"potentialAction\":[{\"@type\":\"SearchAction\",\"target\":{\"@type\":\"EntryPoint\",\"urlTemplate\":\"https:\\\/\\\/rothschenk.de\\\/?s={search_term_string}\"},\"query-input\":{\"@type\":\"PropertyValueSpecification\",\"valueRequired\":true,\"valueName\":\"search_term_string\"}}],\"inLanguage\":\"cs\"}]}<\/script>\n<meta property=\"product:price:amount\" content=\"9.87\" \/>\n<meta property=\"product:price:currency\" content=\"EUR\" \/>\n<meta property=\"og:availability\" content=\"out of stock\" \/>\n<meta property=\"product:availability\" content=\"out of stock\" \/>\n<meta property=\"product:retailer_item_id\" content=\"26085\" \/>\n<meta property=\"product:condition\" content=\"new\" \/>\n<!-- \/ Yoast SEO plugin. -->","yoast_head_json":{"title":"Ergolash\u00ae Zurrgurt | 2-teilig | Matty E60 | 6 m x 35 mm - Rothschenk","description":"Zurrgurt \u25b6 L\u00e4nge Festende: 0,30 m \u2713 L\u00e4nge Losende: 5,70 m \u2713 Belastbarkeit in der Umreifung LC: 2.000 daN \u2713 Seitliches Einf\u00fchren \u25b6 Jetzt bestellen!","robots":{"index":"index","follow":"follow","max-snippet":"max-snippet:-1","max-image-preview":"max-image-preview:large","max-video-preview":"max-video-preview:-1"},"canonical":"https:\/\/rothschenk.de\/produkt\/ergolash-zurrgurt-2-teilig-matty-e60-6-m\/","og_locale":"cs_CZ","og_type":"article","og_title":"Ergolash\u00ae Zurrgurt | 2-teilig | Matty E60 | 6 m x 35 mm - Rothschenk","og_description":"Zurrgurt \u25b6 L\u00e4nge Festende: 0,30 m \u2713 L\u00e4nge Losende: 5,70 m \u2713 Belastbarkeit in der Umreifung LC: 2.000 daN \u2713 Seitliches Einf\u00fchren \u25b6 Jetzt bestellen!","og_url":"https:\/\/rothschenk.de\/produkt\/ergolash-zurrgurt-2-teilig-matty-e60-6-m\/","og_site_name":"Rothschenk","article_publisher":"https:\/\/de-de.facebook.com\/FirmaRothschenk\/","article_modified_time":"2026-04-08T14:00:47+00:00","og_image":[{"width":1024,"height":1024,"url":"https:\/\/rothschenk.de\/wp-content\/uploads\/2023\/11\/Ergolash-Matty.jpg","type":"image\/jpeg"}],"twitter_card":"summary_large_image","twitter_misc":{"Cena":"9,87&nbsp;&euro;","Dostupnost":"Vyprod\u00e1no"},"schema":{"@context":"https:\/\/schema.org","@graph":[{"@type":"WebPage","@id":"https:\/\/rothschenk.de\/produkt\/ergolash-zurrgurt-2-teilig-matty-e60-6-m\/","url":"https:\/\/rothschenk.de\/produkt\/ergolash-zurrgurt-2-teilig-matty-e60-6-m\/","name":"Ergolash\u00ae Zurrgurt | 2-teilig | Matty E60 | 6 m x 35 mm - Rothschenk","isPartOf":{"@id":"https:\/\/rothschenk.de\/#website"},"primaryImageOfPage":{"@id":"https:\/\/rothschenk.de\/produkt\/ergolash-zurrgurt-2-teilig-matty-e60-6-m\/#primaryimage"},"image":{"@id":"https:\/\/rothschenk.de\/produkt\/ergolash-zurrgurt-2-teilig-matty-e60-6-m\/#primaryimage"},"thumbnailUrl":"https:\/\/rothschenk.de\/wp-content\/uploads\/2023\/11\/Ergolash-Matty.jpg","datePublished":"2023-03-01T10:30:57+00:00","dateModified":"2026-04-08T14:00:47+00:00","description":"Zurrgurt \u25b6 L\u00e4nge Festende: 0,30 m \u2713 L\u00e4nge Losende: 5,70 m \u2713 Belastbarkeit in der Umreifung LC: 2.000 daN \u2713 Seitliches Einf\u00fchren \u25b6 Jetzt bestellen!","breadcrumb":{"@id":"https:\/\/rothschenk.de\/produkt\/ergolash-zurrgurt-2-teilig-matty-e60-6-m\/#breadcrumb"},"inLanguage":"cs","potentialAction":[{"@type":"ReadAction","target":["https:\/\/rothschenk.de\/produkt\/ergolash-zurrgurt-2-teilig-matty-e60-6-m\/"]}]},{"@type":"ImageObject","inLanguage":"cs","@id":"https:\/\/rothschenk.de\/produkt\/ergolash-zurrgurt-2-teilig-matty-e60-6-m\/#primaryimage","url":"https:\/\/rothschenk.de\/wp-content\/uploads\/2023\/11\/Ergolash-Matty.jpg","contentUrl":"https:\/\/rothschenk.de\/wp-content\/uploads\/2023\/11\/Ergolash-Matty.jpg","width":1024,"height":1024,"caption":"gr\u00fcner Zurrgurt Ergolash Matty"},{"@type":"BreadcrumbList","@id":"https:\/\/rothschenk.de\/produkt\/ergolash-zurrgurt-2-teilig-matty-e60-6-m\/#breadcrumb","itemListElement":[{"@type":"ListItem","position":1,"name":"Domovsk\u00e1 str\u00e1nka","item":"https:\/\/rothschenk.de\/cz\/domovska-stranka\/"},{"@type":"ListItem","position":2,"name":"Shop","item":"https:\/\/rothschenk.de\/shop\/"},{"@type":"ListItem","position":3,"name":"Ergolash\u00ae Zurrgurt | 2-teilig | Matty E60 | 6 m x 35 mm"}]},{"@type":"WebSite","@id":"https:\/\/rothschenk.de\/#website","url":"https:\/\/rothschenk.de\/","name":"Rothschenk - Der Online Shop f\u00fcr Ladungssicherung","description":"Der Online Shop f\u00fcr Ladungssicherung","potentialAction":[{"@type":"SearchAction","target":{"@type":"EntryPoint","urlTemplate":"https:\/\/rothschenk.de\/?s={search_term_string}"},"query-input":{"@type":"PropertyValueSpecification","valueRequired":true,"valueName":"search_term_string"}}],"inLanguage":"cs"}]},"product_price_amount":"9.87","product_price_currency":"EUR","og_availability":"out of stock","product_availability":"out of stock","product_retailer_item_id":"26085","product_condition":"new"},"_links":{"self":[{"href":"https:\/\/rothschenk.de\/cz\/wp-json\/wp\/v2\/product\/78312","targetHints":{"allow":["GET"]}}],"collection":[{"href":"https:\/\/rothschenk.de\/cz\/wp-json\/wp\/v2\/product"}],"about":[{"href":"https:\/\/rothschenk.de\/cz\/wp-json\/wp\/v2\/types\/product"}],"replies":[{"embeddable":true,"href":"https:\/\/rothschenk.de\/cz\/wp-json\/wp\/v2\/comments?post=78312"}],"wp:featuredmedia":[{"embeddable":true,"href":"https:\/\/rothschenk.de\/cz\/wp-json\/wp\/v2\/media\/78693"}],"wp:attachment":[{"href":"https:\/\/rothschenk.de\/cz\/wp-json\/wp\/v2\/media?parent=78312"}],"wp:term":[{"taxonomy":"product_brand","embeddable":true,"href":"https:\/\/rothschenk.de\/cz\/wp-json\/wp\/v2\/product_brand?post=78312"},{"taxonomy":"product_cat","embeddable":true,"href":"https:\/\/rothschenk.de\/cz\/wp-json\/wp\/v2\/product_cat?post=78312"},{"taxonomy":"product_tag","embeddable":true,"href":"https:\/\/rothschenk.de\/cz\/wp-json\/wp\/v2\/product_tag?post=78312"}],"curies":[{"name":"wp","href":"https:\/\/api.w.org\/{rel}","templated":true}]}}