{"id":7994,"date":"2022-12-29T22:00:36","date_gmt":"2022-12-29T21:00:36","guid":{"rendered":"https:\/\/rothschenk.de\/rothschenk-shop\/?post_type=product&#038;p=7994"},"modified":"2026-04-18T07:01:56","modified_gmt":"2026-04-18T05:01:56","slug":"einweg-containersiegel-stahlplombe-weiss-10er-set","status":"publish","type":"product","link":"https:\/\/rothschenk.de\/cz\/produkt\/einweg-containersiegel-stahlplombe-weiss-10er-set\/","title":{"rendered":"Einweg-Containersiegel | Stahlplombe | wei\u00df | 10er Set"},"content":{"rendered":"<h3>Einweg-Containersiegel | Stahlplombe | wei\u00df | 10er Set<\/h3>\n<p>Unsere Einweg-Containersiegel (Stahlplombe) in wei\u00df sind in einem 10er-Set erh\u00e4ltlich und werden f\u00fcr den Containerversand eingesetzt. Sie dienen dazu, die verschlossenen Containert\u00fcren zus\u00e4tzlich zu versiegeln und ein unbefugtes \u00d6ffnen w\u00e4hrend des Transports zu verhindern.<\/p>\n<p>F\u00fcr den Zoll am Zielort ist durch die Stahlplombe ersichtlich, dass der Container am Versandort gepr\u00fcft, bzw. dort offiziell angemeldet wurde. Unsere Einweg-Containersiegel sind ISO-zertifiziert und garantieren eine sichere Qualit\u00e4t.<\/p>\n","protected":false},"excerpt":{"rendered":"<p>Einweg-Containersiegel | Stahlplombe | wei\u00df | 10er Set Unsere Einweg-Containersiegel (Stahlplombe) in wei\u00df sind in einem 10er-Set erh\u00e4ltlich und werden f\u00fcr den Containerversand eingesetzt. Sie dienen dazu, die verschlossenen Containert\u00fcren zus\u00e4tzlich zu versiegeln und ein unbefugtes \u00d6ffnen w\u00e4hrend des Transports zu verhindern. F\u00fcr den Zoll am Zielort ist durch die Stahlplombe ersichtlich, dass der Container [&hellip;]<\/p>\n","protected":false},"featured_media":84287,"comment_status":"open","ping_status":"closed","template":"","meta":{"_acf_changed":false},"product_brand":[],"product_cat":[81,79],"product_tag":[],"class_list":{"0":"post-7994","1":"product","2":"type-product","3":"status-publish","4":"has-post-thumbnail","6":"product_cat-plomben-containersiegel","7":"product_cat-zubehoer","9":"first","10":"instock","11":"taxable","12":"shipping-taxable","13":"purchasable","14":"product-type-simple"},"acf":[],"yoast_head":"<!-- This site is optimized with the Yoast SEO plugin v27.4 - https:\/\/yoast.com\/product\/yoast-seo-wordpress\/ -->\n<title>Einweg-Containersiegel | Stahlplombe | wei\u00df | 10er Set - Rothschenk<\/title>\n<meta name=\"description\" content=\"Stahlplombe Einweg Containersiegel \u2713 ISO-Zertifiziert \u2713 Tiefstpreis \u27a4 Lagerware \u2713 Onlineshop \u2713 Kundenservice \u2713 Diebstahlschutz\" \/>\n<meta name=\"robots\" content=\"index, follow, max-snippet:-1, max-image-preview:large, max-video-preview:-1\" \/>\n<link rel=\"canonical\" href=\"https:\/\/rothschenk.de\/produkt\/einweg-containersiegel-stahlplombe-weiss-10er-set\/\" \/>\n<meta property=\"og:locale\" content=\"cs_CZ\" \/>\n<meta property=\"og:type\" content=\"article\" \/>\n<meta property=\"og:title\" content=\"Einweg-Containersiegel | Stahlplombe | wei\u00df | 10er Set - Rothschenk\" \/>\n<meta property=\"og:description\" content=\"Stahlplombe Einweg Containersiegel \u2713 ISO-Zertifiziert \u2713 Tiefstpreis \u27a4 Lagerware \u2713 Onlineshop \u2713 Kundenservice \u2713 Diebstahlschutz\" \/>\n<meta property=\"og:url\" content=\"https:\/\/rothschenk.de\/produkt\/einweg-containersiegel-stahlplombe-weiss-10er-set\/\" \/>\n<meta property=\"og:site_name\" content=\"Rothschenk\" \/>\n<meta property=\"article:publisher\" content=\"https:\/\/de-de.facebook.com\/FirmaRothschenk\/\" \/>\n<meta property=\"article:modified_time\" content=\"2026-04-18T05:01:56+00:00\" \/>\n<meta property=\"og:image\" content=\"https:\/\/rothschenk.de\/wp-content\/uploads\/2023\/11\/17105_Einweg-Containersiegel-weiss-5.jpg\" \/>\n\t<meta property=\"og:image:width\" content=\"1024\" \/>\n\t<meta property=\"og:image:height\" content=\"1024\" \/>\n\t<meta property=\"og:image:type\" content=\"image\/jpeg\" \/>\n<meta name=\"twitter:card\" content=\"summary_large_image\" \/>\n<meta name=\"twitter:label1\" content=\"Cena\" \/>\n\t<meta name=\"twitter:data1\" content=\"8,52&nbsp;&euro;\" \/>\n\t<meta name=\"twitter:label2\" content=\"Dostupnost\" \/>\n\t<meta name=\"twitter:data2\" content=\"Skladem\" \/>\n<script type=\"application\/ld+json\" class=\"yoast-schema-graph\">{\"@context\":\"https:\\\/\\\/schema.org\",\"@graph\":[{\"@type\":\"WebPage\",\"@id\":\"https:\\\/\\\/rothschenk.de\\\/produkt\\\/einweg-containersiegel-stahlplombe-weiss-10er-set\\\/\",\"url\":\"https:\\\/\\\/rothschenk.de\\\/produkt\\\/einweg-containersiegel-stahlplombe-weiss-10er-set\\\/\",\"name\":\"Einweg-Containersiegel | Stahlplombe | wei\u00df | 10er Set - Rothschenk\",\"isPartOf\":{\"@id\":\"https:\\\/\\\/rothschenk.de\\\/#website\"},\"primaryImageOfPage\":{\"@id\":\"https:\\\/\\\/rothschenk.de\\\/produkt\\\/einweg-containersiegel-stahlplombe-weiss-10er-set\\\/#primaryimage\"},\"image\":{\"@id\":\"https:\\\/\\\/rothschenk.de\\\/produkt\\\/einweg-containersiegel-stahlplombe-weiss-10er-set\\\/#primaryimage\"},\"thumbnailUrl\":\"https:\\\/\\\/rothschenk.de\\\/wp-content\\\/uploads\\\/2023\\\/11\\\/17105_Einweg-Containersiegel-weiss-5.jpg\",\"datePublished\":\"2022-12-29T21:00:36+00:00\",\"dateModified\":\"2026-04-18T05:01:56+00:00\",\"description\":\"Stahlplombe Einweg Containersiegel \u2713 ISO-Zertifiziert \u2713 Tiefstpreis \u27a4 Lagerware \u2713 Onlineshop \u2713 Kundenservice \u2713 Diebstahlschutz\",\"breadcrumb\":{\"@id\":\"https:\\\/\\\/rothschenk.de\\\/produkt\\\/einweg-containersiegel-stahlplombe-weiss-10er-set\\\/#breadcrumb\"},\"inLanguage\":\"cs\",\"potentialAction\":[{\"@type\":\"ReadAction\",\"target\":[\"https:\\\/\\\/rothschenk.de\\\/produkt\\\/einweg-containersiegel-stahlplombe-weiss-10er-set\\\/\"]}]},{\"@type\":\"ImageObject\",\"inLanguage\":\"cs\",\"@id\":\"https:\\\/\\\/rothschenk.de\\\/produkt\\\/einweg-containersiegel-stahlplombe-weiss-10er-set\\\/#primaryimage\",\"url\":\"https:\\\/\\\/rothschenk.de\\\/wp-content\\\/uploads\\\/2023\\\/11\\\/17105_Einweg-Containersiegel-weiss-5.jpg\",\"contentUrl\":\"https:\\\/\\\/rothschenk.de\\\/wp-content\\\/uploads\\\/2023\\\/11\\\/17105_Einweg-Containersiegel-weiss-5.jpg\",\"width\":1024,\"height\":1024,\"caption\":\"Einwegcontainerplombe wei\u00df\"},{\"@type\":\"BreadcrumbList\",\"@id\":\"https:\\\/\\\/rothschenk.de\\\/produkt\\\/einweg-containersiegel-stahlplombe-weiss-10er-set\\\/#breadcrumb\",\"itemListElement\":[{\"@type\":\"ListItem\",\"position\":1,\"name\":\"Domovsk\u00e1 str\u00e1nka\",\"item\":\"https:\\\/\\\/rothschenk.de\\\/cz\\\/domovska-stranka\\\/\"},{\"@type\":\"ListItem\",\"position\":2,\"name\":\"Shop\",\"item\":\"https:\\\/\\\/rothschenk.de\\\/shop\\\/\"},{\"@type\":\"ListItem\",\"position\":3,\"name\":\"Einweg-Containersiegel | Stahlplombe | wei\u00df | 10er Set\"}]},{\"@type\":\"WebSite\",\"@id\":\"https:\\\/\\\/rothschenk.de\\\/#website\",\"url\":\"https:\\\/\\\/rothschenk.de\\\/\",\"name\":\"Rothschenk - Der Online Shop f\u00fcr Ladungssicherung\",\"description\":\"Der Online Shop f\u00fcr Ladungssicherung\",\"potentialAction\":[{\"@type\":\"SearchAction\",\"target\":{\"@type\":\"EntryPoint\",\"urlTemplate\":\"https:\\\/\\\/rothschenk.de\\\/?s={search_term_string}\"},\"query-input\":{\"@type\":\"PropertyValueSpecification\",\"valueRequired\":true,\"valueName\":\"search_term_string\"}}],\"inLanguage\":\"cs\"}]}<\/script>\n<meta property=\"product:price:amount\" content=\"8.52\" \/>\n<meta property=\"product:price:currency\" content=\"EUR\" \/>\n<meta property=\"og:availability\" content=\"instock\" \/>\n<meta property=\"product:availability\" content=\"instock\" \/>\n<meta property=\"product:retailer_item_id\" content=\"17105\" \/>\n<meta property=\"product:condition\" content=\"new\" \/>\n<!-- \/ Yoast SEO plugin. -->","yoast_head_json":{"title":"Einweg-Containersiegel | Stahlplombe | wei\u00df | 10er Set - Rothschenk","description":"Stahlplombe Einweg Containersiegel \u2713 ISO-Zertifiziert \u2713 Tiefstpreis \u27a4 Lagerware \u2713 Onlineshop \u2713 Kundenservice \u2713 Diebstahlschutz","robots":{"index":"index","follow":"follow","max-snippet":"max-snippet:-1","max-image-preview":"max-image-preview:large","max-video-preview":"max-video-preview:-1"},"canonical":"https:\/\/rothschenk.de\/produkt\/einweg-containersiegel-stahlplombe-weiss-10er-set\/","og_locale":"cs_CZ","og_type":"article","og_title":"Einweg-Containersiegel | Stahlplombe | wei\u00df | 10er Set - Rothschenk","og_description":"Stahlplombe Einweg Containersiegel \u2713 ISO-Zertifiziert \u2713 Tiefstpreis \u27a4 Lagerware \u2713 Onlineshop \u2713 Kundenservice \u2713 Diebstahlschutz","og_url":"https:\/\/rothschenk.de\/produkt\/einweg-containersiegel-stahlplombe-weiss-10er-set\/","og_site_name":"Rothschenk","article_publisher":"https:\/\/de-de.facebook.com\/FirmaRothschenk\/","article_modified_time":"2026-04-18T05:01:56+00:00","og_image":[{"width":1024,"height":1024,"url":"https:\/\/rothschenk.de\/wp-content\/uploads\/2023\/11\/17105_Einweg-Containersiegel-weiss-5.jpg","type":"image\/jpeg"}],"twitter_card":"summary_large_image","twitter_misc":{"Cena":"8,52&nbsp;&euro;","Dostupnost":"Skladem"},"schema":{"@context":"https:\/\/schema.org","@graph":[{"@type":"WebPage","@id":"https:\/\/rothschenk.de\/produkt\/einweg-containersiegel-stahlplombe-weiss-10er-set\/","url":"https:\/\/rothschenk.de\/produkt\/einweg-containersiegel-stahlplombe-weiss-10er-set\/","name":"Einweg-Containersiegel | Stahlplombe | wei\u00df | 10er Set - Rothschenk","isPartOf":{"@id":"https:\/\/rothschenk.de\/#website"},"primaryImageOfPage":{"@id":"https:\/\/rothschenk.de\/produkt\/einweg-containersiegel-stahlplombe-weiss-10er-set\/#primaryimage"},"image":{"@id":"https:\/\/rothschenk.de\/produkt\/einweg-containersiegel-stahlplombe-weiss-10er-set\/#primaryimage"},"thumbnailUrl":"https:\/\/rothschenk.de\/wp-content\/uploads\/2023\/11\/17105_Einweg-Containersiegel-weiss-5.jpg","datePublished":"2022-12-29T21:00:36+00:00","dateModified":"2026-04-18T05:01:56+00:00","description":"Stahlplombe Einweg Containersiegel \u2713 ISO-Zertifiziert \u2713 Tiefstpreis \u27a4 Lagerware \u2713 Onlineshop \u2713 Kundenservice \u2713 Diebstahlschutz","breadcrumb":{"@id":"https:\/\/rothschenk.de\/produkt\/einweg-containersiegel-stahlplombe-weiss-10er-set\/#breadcrumb"},"inLanguage":"cs","potentialAction":[{"@type":"ReadAction","target":["https:\/\/rothschenk.de\/produkt\/einweg-containersiegel-stahlplombe-weiss-10er-set\/"]}]},{"@type":"ImageObject","inLanguage":"cs","@id":"https:\/\/rothschenk.de\/produkt\/einweg-containersiegel-stahlplombe-weiss-10er-set\/#primaryimage","url":"https:\/\/rothschenk.de\/wp-content\/uploads\/2023\/11\/17105_Einweg-Containersiegel-weiss-5.jpg","contentUrl":"https:\/\/rothschenk.de\/wp-content\/uploads\/2023\/11\/17105_Einweg-Containersiegel-weiss-5.jpg","width":1024,"height":1024,"caption":"Einwegcontainerplombe wei\u00df"},{"@type":"BreadcrumbList","@id":"https:\/\/rothschenk.de\/produkt\/einweg-containersiegel-stahlplombe-weiss-10er-set\/#breadcrumb","itemListElement":[{"@type":"ListItem","position":1,"name":"Domovsk\u00e1 str\u00e1nka","item":"https:\/\/rothschenk.de\/cz\/domovska-stranka\/"},{"@type":"ListItem","position":2,"name":"Shop","item":"https:\/\/rothschenk.de\/shop\/"},{"@type":"ListItem","position":3,"name":"Einweg-Containersiegel | Stahlplombe | wei\u00df | 10er Set"}]},{"@type":"WebSite","@id":"https:\/\/rothschenk.de\/#website","url":"https:\/\/rothschenk.de\/","name":"Rothschenk - Der Online Shop f\u00fcr Ladungssicherung","description":"Der Online Shop f\u00fcr Ladungssicherung","potentialAction":[{"@type":"SearchAction","target":{"@type":"EntryPoint","urlTemplate":"https:\/\/rothschenk.de\/?s={search_term_string}"},"query-input":{"@type":"PropertyValueSpecification","valueRequired":true,"valueName":"search_term_string"}}],"inLanguage":"cs"}]},"product_price_amount":"8.52","product_price_currency":"EUR","og_availability":"instock","product_availability":"instock","product_retailer_item_id":"17105","product_condition":"new"},"_links":{"self":[{"href":"https:\/\/rothschenk.de\/cz\/wp-json\/wp\/v2\/product\/7994","targetHints":{"allow":["GET"]}}],"collection":[{"href":"https:\/\/rothschenk.de\/cz\/wp-json\/wp\/v2\/product"}],"about":[{"href":"https:\/\/rothschenk.de\/cz\/wp-json\/wp\/v2\/types\/product"}],"replies":[{"embeddable":true,"href":"https:\/\/rothschenk.de\/cz\/wp-json\/wp\/v2\/comments?post=7994"}],"wp:featuredmedia":[{"embeddable":true,"href":"https:\/\/rothschenk.de\/cz\/wp-json\/wp\/v2\/media\/84287"}],"wp:attachment":[{"href":"https:\/\/rothschenk.de\/cz\/wp-json\/wp\/v2\/media?parent=7994"}],"wp:term":[{"taxonomy":"product_brand","embeddable":true,"href":"https:\/\/rothschenk.de\/cz\/wp-json\/wp\/v2\/product_brand?post=7994"},{"taxonomy":"product_cat","embeddable":true,"href":"https:\/\/rothschenk.de\/cz\/wp-json\/wp\/v2\/product_cat?post=7994"},{"taxonomy":"product_tag","embeddable":true,"href":"https:\/\/rothschenk.de\/cz\/wp-json\/wp\/v2\/product_tag?post=7994"}],"curies":[{"name":"wp","href":"https:\/\/api.w.org\/{rel}","templated":true}]}}