{"id":82022,"date":"2023-06-23T10:20:01","date_gmt":"2023-06-23T08:20:01","guid":{"rendered":"https:\/\/rothschenk.de\/rothschenk-shop\/?post_type=product&#038;p=82022"},"modified":"2026-04-04T07:05:14","modified_gmt":"2026-04-04T05:05:14","slug":"dynello-fastwinder-aufroller-fuer-akkuschrauber","status":"publish","type":"product","link":"https:\/\/rothschenk.de\/cz\/produkt\/dynello-fastwinder-aufroller-fuer-akkuschrauber\/","title":{"rendered":"Dynello\u00ae Fastwinder | Aufroller f\u00fcr Akkuschrauber"},"content":{"rendered":"<h3>Dynello Fastwinder | Zurrgurtaufroller f\u00fcr Akkuschrauber<\/h3>\n<p class=\"cvGsUA direction-ltr align-start para-style-body\"><span class=\"OYPEnA text-decoration-none text-strikethrough-none\">Der DYNELLO\u00ae Fastwinder ist eine innovative L\u00f6sung zum Aufrollen von Spanngurten, speziell entwickelt f\u00fcr den Einsatz mit Akkuschraubern. Mit seinem patentierten Design bietet er herausragende Stabilit\u00e4t und Kontrolle beim Gurtaufrollen. Ideal f\u00fcr Gurte mit einer Breite bis 50 mm und einer L\u00e4nge von bis zu 20 m. Das bew\u00e4hrte Produktdesign besteht aus unzerbrechlichen Aluminium- und Edelstahlkomponenten, die auch schwere Gurte problemlos aufnehmen k\u00f6nnen.\u00a0<\/span><\/p>\n<p class=\"cvGsUA direction-ltr align-start para-style-body\"><span class=\"OYPEnA text-decoration-none text-strikethrough-none\">Die Geschwindigkeit mit der Sie Ihre Zurrgurte aufrollen, wird \u00fcber Drehzahl und Drehmoment der Bohrmaschine eingestellt. <\/span>Passend f\u00fcr \u00d810mm Bohrfutter<\/p>\n<p class=\"cvGsUA direction-ltr align-start para-style-body\">Der Fastwinder wurde mit einer Trockenlagertechnologie f\u00fcr den kontinuierlichen Trockenlauf entwickelt. Die neue Polymermischung mit PFTE (auch bekannt als Teflon) sorgt f\u00fcr eine extrem geringe Reibung.<\/p>\n<p class=\"cvGsUA direction-ltr align-start para-style-body\"><span class=\"OYPEnA text-decoration-none text-strikethrough-none\">Bitte beachten: Der Dynello Fastwinder wird zur Selbstmontage geliefert. F\u00fcr die Montage wird ein 10-mm-Schl\u00fcssel ben\u00f6tigt. <\/span><\/p>\n<p class=\"cvGsUA direction-ltr align-start para-style-body\"><span class=\"OYPEnA text-decoration-none text-strikethrough-none\">Wir empfehlen beim Einsatz des Fastwinders das Tragen von Handschuhen.<\/span><\/p>\n","protected":false},"excerpt":{"rendered":"<p>Dynello Fastwinder | Zurrgurtaufroller f\u00fcr Akkuschrauber Der DYNELLO\u00ae Fastwinder ist eine innovative L\u00f6sung zum Aufrollen von Spanngurten, speziell entwickelt f\u00fcr den Einsatz mit Akkuschraubern. Mit seinem patentierten Design bietet er herausragende Stabilit\u00e4t und Kontrolle beim Gurtaufrollen. Ideal f\u00fcr Gurte mit einer Breite bis 50 mm und einer L\u00e4nge von bis zu 20 m. Das bew\u00e4hrte [&hellip;]<\/p>\n","protected":false},"featured_media":82481,"comment_status":"open","ping_status":"closed","template":"","meta":{"_acf_changed":false},"product_brand":[],"product_cat":[79,168],"product_tag":[],"class_list":{"0":"post-82022","1":"product","2":"type-product","3":"status-publish","4":"has-post-thumbnail","6":"product_cat-zubehoer","7":"product_cat-zurrgurt-zubehoer","9":"first","10":"instock","11":"taxable","12":"shipping-taxable","13":"purchasable","14":"product-type-simple"},"acf":[],"yoast_head":"<!-- This site is optimized with the Yoast SEO plugin v27.3 - https:\/\/yoast.com\/product\/yoast-seo-wordpress\/ -->\n<title>Dynello\u00ae Fastwinder | Aufroller f\u00fcr Akkuschrauber<\/title>\n<meta name=\"description\" content=\"Dynello Fastwinder Aufroller f\u00fcr Spanngurte \u2713 Schnelles Aufwickeln von Zurrgurten \u2714 F\u00fcr Zurrgurte bis 50 mm Breite \u25ba Jetzt bei Rothschenk bestellen!\" \/>\n<meta name=\"robots\" content=\"index, follow, max-snippet:-1, max-image-preview:large, max-video-preview:-1\" \/>\n<link rel=\"canonical\" href=\"https:\/\/rothschenk.de\/produkt\/dynello-fastwinder-aufroller-fuer-akkuschrauber\/\" \/>\n<meta property=\"og:locale\" content=\"cs_CZ\" \/>\n<meta property=\"og:type\" content=\"article\" \/>\n<meta property=\"og:title\" content=\"Dynello\u00ae Fastwinder | Aufroller f\u00fcr Akkuschrauber\" \/>\n<meta property=\"og:description\" content=\"Dynello Fastwinder Aufroller f\u00fcr Spanngurte \u2713 Schnelles Aufwickeln von Zurrgurten \u2714 F\u00fcr Zurrgurte bis 50 mm Breite \u25ba Jetzt bei Rothschenk bestellen!\" \/>\n<meta property=\"og:url\" content=\"https:\/\/rothschenk.de\/produkt\/dynello-fastwinder-aufroller-fuer-akkuschrauber\/\" \/>\n<meta property=\"og:site_name\" content=\"Rothschenk\" \/>\n<meta property=\"article:publisher\" content=\"https:\/\/de-de.facebook.com\/FirmaRothschenk\/\" \/>\n<meta property=\"article:modified_time\" content=\"2026-04-04T05:05:14+00:00\" \/>\n<meta property=\"og:image\" content=\"https:\/\/rothschenk.de\/wp-content\/uploads\/2023\/11\/Dynello-Fastwinder-1.webp\" \/>\n\t<meta property=\"og:image:width\" content=\"1280\" \/>\n\t<meta property=\"og:image:height\" content=\"1280\" \/>\n\t<meta property=\"og:image:type\" content=\"image\/webp\" \/>\n<meta name=\"twitter:card\" content=\"summary_large_image\" \/>\n<meta name=\"twitter:label1\" content=\"Cena\" \/>\n\t<meta name=\"twitter:data1\" content=\"33,11&nbsp;&euro;\" \/>\n\t<meta name=\"twitter:label2\" content=\"Dostupnost\" \/>\n\t<meta name=\"twitter:data2\" content=\"Skladem\" \/>\n<script type=\"application\/ld+json\" class=\"yoast-schema-graph\">{\"@context\":\"https:\\\/\\\/schema.org\",\"@graph\":[{\"@type\":\"WebPage\",\"@id\":\"https:\\\/\\\/rothschenk.de\\\/produkt\\\/dynello-fastwinder-aufroller-fuer-akkuschrauber\\\/\",\"url\":\"https:\\\/\\\/rothschenk.de\\\/produkt\\\/dynello-fastwinder-aufroller-fuer-akkuschrauber\\\/\",\"name\":\"Dynello\u00ae Fastwinder | Aufroller f\u00fcr Akkuschrauber\",\"isPartOf\":{\"@id\":\"https:\\\/\\\/rothschenk.de\\\/#website\"},\"primaryImageOfPage\":{\"@id\":\"https:\\\/\\\/rothschenk.de\\\/produkt\\\/dynello-fastwinder-aufroller-fuer-akkuschrauber\\\/#primaryimage\"},\"image\":{\"@id\":\"https:\\\/\\\/rothschenk.de\\\/produkt\\\/dynello-fastwinder-aufroller-fuer-akkuschrauber\\\/#primaryimage\"},\"thumbnailUrl\":\"https:\\\/\\\/rothschenk.de\\\/wp-content\\\/uploads\\\/2023\\\/11\\\/Dynello-Fastwinder-1.webp\",\"datePublished\":\"2023-06-23T08:20:01+00:00\",\"dateModified\":\"2026-04-04T05:05:14+00:00\",\"description\":\"Dynello Fastwinder Aufroller f\u00fcr Spanngurte \u2713 Schnelles Aufwickeln von Zurrgurten \u2714 F\u00fcr Zurrgurte bis 50 mm Breite \u25ba Jetzt bei Rothschenk bestellen!\",\"breadcrumb\":{\"@id\":\"https:\\\/\\\/rothschenk.de\\\/produkt\\\/dynello-fastwinder-aufroller-fuer-akkuschrauber\\\/#breadcrumb\"},\"inLanguage\":\"cs\",\"potentialAction\":[{\"@type\":\"ReadAction\",\"target\":[\"https:\\\/\\\/rothschenk.de\\\/produkt\\\/dynello-fastwinder-aufroller-fuer-akkuschrauber\\\/\"]}]},{\"@type\":\"ImageObject\",\"inLanguage\":\"cs\",\"@id\":\"https:\\\/\\\/rothschenk.de\\\/produkt\\\/dynello-fastwinder-aufroller-fuer-akkuschrauber\\\/#primaryimage\",\"url\":\"https:\\\/\\\/rothschenk.de\\\/wp-content\\\/uploads\\\/2023\\\/11\\\/Dynello-Fastwinder-1.webp\",\"contentUrl\":\"https:\\\/\\\/rothschenk.de\\\/wp-content\\\/uploads\\\/2023\\\/11\\\/Dynello-Fastwinder-1.webp\",\"width\":1280,\"height\":1280,\"caption\":\"Fastwinder automatischer Zurrgurtaufroller\"},{\"@type\":\"BreadcrumbList\",\"@id\":\"https:\\\/\\\/rothschenk.de\\\/produkt\\\/dynello-fastwinder-aufroller-fuer-akkuschrauber\\\/#breadcrumb\",\"itemListElement\":[{\"@type\":\"ListItem\",\"position\":1,\"name\":\"Domovsk\u00e1 str\u00e1nka\",\"item\":\"https:\\\/\\\/rothschenk.de\\\/cz\\\/domovska-stranka\\\/\"},{\"@type\":\"ListItem\",\"position\":2,\"name\":\"Shop\",\"item\":\"https:\\\/\\\/rothschenk.de\\\/shop\\\/\"},{\"@type\":\"ListItem\",\"position\":3,\"name\":\"Dynello\u00ae Fastwinder | Aufroller f\u00fcr Akkuschrauber\"}]},{\"@type\":\"WebSite\",\"@id\":\"https:\\\/\\\/rothschenk.de\\\/#website\",\"url\":\"https:\\\/\\\/rothschenk.de\\\/\",\"name\":\"Rothschenk - Der Online Shop f\u00fcr Ladungssicherung\",\"description\":\"Der Online Shop f\u00fcr Ladungssicherung\",\"potentialAction\":[{\"@type\":\"SearchAction\",\"target\":{\"@type\":\"EntryPoint\",\"urlTemplate\":\"https:\\\/\\\/rothschenk.de\\\/?s={search_term_string}\"},\"query-input\":{\"@type\":\"PropertyValueSpecification\",\"valueRequired\":true,\"valueName\":\"search_term_string\"}}],\"inLanguage\":\"cs\"}]}<\/script>\n<meta property=\"product:price:amount\" content=\"33.11\" \/>\n<meta property=\"product:price:currency\" content=\"EUR\" \/>\n<meta property=\"og:availability\" content=\"instock\" \/>\n<meta property=\"product:availability\" content=\"instock\" \/>\n<meta property=\"product:retailer_item_id\" content=\"26091\" \/>\n<meta property=\"product:condition\" content=\"new\" \/>\n<!-- \/ Yoast SEO plugin. -->","yoast_head_json":{"title":"Dynello\u00ae Fastwinder | Aufroller f\u00fcr Akkuschrauber","description":"Dynello Fastwinder Aufroller f\u00fcr Spanngurte \u2713 Schnelles Aufwickeln von Zurrgurten \u2714 F\u00fcr Zurrgurte bis 50 mm Breite \u25ba Jetzt bei Rothschenk bestellen!","robots":{"index":"index","follow":"follow","max-snippet":"max-snippet:-1","max-image-preview":"max-image-preview:large","max-video-preview":"max-video-preview:-1"},"canonical":"https:\/\/rothschenk.de\/produkt\/dynello-fastwinder-aufroller-fuer-akkuschrauber\/","og_locale":"cs_CZ","og_type":"article","og_title":"Dynello\u00ae Fastwinder | Aufroller f\u00fcr Akkuschrauber","og_description":"Dynello Fastwinder Aufroller f\u00fcr Spanngurte \u2713 Schnelles Aufwickeln von Zurrgurten \u2714 F\u00fcr Zurrgurte bis 50 mm Breite \u25ba Jetzt bei Rothschenk bestellen!","og_url":"https:\/\/rothschenk.de\/produkt\/dynello-fastwinder-aufroller-fuer-akkuschrauber\/","og_site_name":"Rothschenk","article_publisher":"https:\/\/de-de.facebook.com\/FirmaRothschenk\/","article_modified_time":"2026-04-04T05:05:14+00:00","og_image":[{"width":1280,"height":1280,"url":"https:\/\/rothschenk.de\/wp-content\/uploads\/2023\/11\/Dynello-Fastwinder-1.webp","type":"image\/webp"}],"twitter_card":"summary_large_image","twitter_misc":{"Cena":"33,11&nbsp;&euro;","Dostupnost":"Skladem"},"schema":{"@context":"https:\/\/schema.org","@graph":[{"@type":"WebPage","@id":"https:\/\/rothschenk.de\/produkt\/dynello-fastwinder-aufroller-fuer-akkuschrauber\/","url":"https:\/\/rothschenk.de\/produkt\/dynello-fastwinder-aufroller-fuer-akkuschrauber\/","name":"Dynello\u00ae Fastwinder | Aufroller f\u00fcr Akkuschrauber","isPartOf":{"@id":"https:\/\/rothschenk.de\/#website"},"primaryImageOfPage":{"@id":"https:\/\/rothschenk.de\/produkt\/dynello-fastwinder-aufroller-fuer-akkuschrauber\/#primaryimage"},"image":{"@id":"https:\/\/rothschenk.de\/produkt\/dynello-fastwinder-aufroller-fuer-akkuschrauber\/#primaryimage"},"thumbnailUrl":"https:\/\/rothschenk.de\/wp-content\/uploads\/2023\/11\/Dynello-Fastwinder-1.webp","datePublished":"2023-06-23T08:20:01+00:00","dateModified":"2026-04-04T05:05:14+00:00","description":"Dynello Fastwinder Aufroller f\u00fcr Spanngurte \u2713 Schnelles Aufwickeln von Zurrgurten \u2714 F\u00fcr Zurrgurte bis 50 mm Breite \u25ba Jetzt bei Rothschenk bestellen!","breadcrumb":{"@id":"https:\/\/rothschenk.de\/produkt\/dynello-fastwinder-aufroller-fuer-akkuschrauber\/#breadcrumb"},"inLanguage":"cs","potentialAction":[{"@type":"ReadAction","target":["https:\/\/rothschenk.de\/produkt\/dynello-fastwinder-aufroller-fuer-akkuschrauber\/"]}]},{"@type":"ImageObject","inLanguage":"cs","@id":"https:\/\/rothschenk.de\/produkt\/dynello-fastwinder-aufroller-fuer-akkuschrauber\/#primaryimage","url":"https:\/\/rothschenk.de\/wp-content\/uploads\/2023\/11\/Dynello-Fastwinder-1.webp","contentUrl":"https:\/\/rothschenk.de\/wp-content\/uploads\/2023\/11\/Dynello-Fastwinder-1.webp","width":1280,"height":1280,"caption":"Fastwinder automatischer Zurrgurtaufroller"},{"@type":"BreadcrumbList","@id":"https:\/\/rothschenk.de\/produkt\/dynello-fastwinder-aufroller-fuer-akkuschrauber\/#breadcrumb","itemListElement":[{"@type":"ListItem","position":1,"name":"Domovsk\u00e1 str\u00e1nka","item":"https:\/\/rothschenk.de\/cz\/domovska-stranka\/"},{"@type":"ListItem","position":2,"name":"Shop","item":"https:\/\/rothschenk.de\/shop\/"},{"@type":"ListItem","position":3,"name":"Dynello\u00ae Fastwinder | Aufroller f\u00fcr Akkuschrauber"}]},{"@type":"WebSite","@id":"https:\/\/rothschenk.de\/#website","url":"https:\/\/rothschenk.de\/","name":"Rothschenk - Der Online Shop f\u00fcr Ladungssicherung","description":"Der Online Shop f\u00fcr Ladungssicherung","potentialAction":[{"@type":"SearchAction","target":{"@type":"EntryPoint","urlTemplate":"https:\/\/rothschenk.de\/?s={search_term_string}"},"query-input":{"@type":"PropertyValueSpecification","valueRequired":true,"valueName":"search_term_string"}}],"inLanguage":"cs"}]},"product_price_amount":"33.11","product_price_currency":"EUR","og_availability":"instock","product_availability":"instock","product_retailer_item_id":"26091","product_condition":"new"},"_links":{"self":[{"href":"https:\/\/rothschenk.de\/cz\/wp-json\/wp\/v2\/product\/82022","targetHints":{"allow":["GET"]}}],"collection":[{"href":"https:\/\/rothschenk.de\/cz\/wp-json\/wp\/v2\/product"}],"about":[{"href":"https:\/\/rothschenk.de\/cz\/wp-json\/wp\/v2\/types\/product"}],"replies":[{"embeddable":true,"href":"https:\/\/rothschenk.de\/cz\/wp-json\/wp\/v2\/comments?post=82022"}],"wp:featuredmedia":[{"embeddable":true,"href":"https:\/\/rothschenk.de\/cz\/wp-json\/wp\/v2\/media\/82481"}],"wp:attachment":[{"href":"https:\/\/rothschenk.de\/cz\/wp-json\/wp\/v2\/media?parent=82022"}],"wp:term":[{"taxonomy":"product_brand","embeddable":true,"href":"https:\/\/rothschenk.de\/cz\/wp-json\/wp\/v2\/product_brand?post=82022"},{"taxonomy":"product_cat","embeddable":true,"href":"https:\/\/rothschenk.de\/cz\/wp-json\/wp\/v2\/product_cat?post=82022"},{"taxonomy":"product_tag","embeddable":true,"href":"https:\/\/rothschenk.de\/cz\/wp-json\/wp\/v2\/product_tag?post=82022"}],"curies":[{"name":"wp","href":"https:\/\/api.w.org\/{rel}","templated":true}]}}