{"id":89768,"date":"2023-06-17T19:30:52","date_gmt":"2023-06-17T17:30:52","guid":{"rendered":"https:\/\/rothschenk.de\/rothschenk-shop\/?post_type=product&#038;p=89768"},"modified":"2026-02-06T15:02:59","modified_gmt":"2026-02-06T14:02:59","slug":"gurtschnalle-wls-5016-5020","status":"publish","type":"product","link":"https:\/\/rothschenk.de\/cz\/produkt\/gurtschnalle-wls-5016-5020\/","title":{"rendered":"Gurtschnalle | WLS 5016 \/ 5020"},"content":{"rendered":"<h3>Gurtschnalle | WLS 5016\/ 5020<\/h3>\n<p>Gurtschnallen sind ein unverzichtbarer Bestandteil von Lashingsystemen und dienen dazu, Gurtb\u00e4nder sicher zu verschlie\u00dfen. Dabei ist es wichtig, dass die Gurtschnallen auf die richtige Gurtbandbreite angepasst werden, um ein Verrutschen oder ein Versagen der Sicherung zu verhindern. Beim Auswahlprozess der passenden Gurtschnalle sind das Ladungsgewicht sowie die Gurtbandbreiten zu ber\u00fccksichtigen, um eine sichere und zuverl\u00e4ssige Befestigung zu gew\u00e4hrleisten.<\/p>\n<p>Die Kr\u00e4fte, die w\u00e4hrend des Transports auf Gurtschnallen wirken, sind enorm hoch. Die Qualit\u00e4t der Verschl\u00fcsse kann somit dar\u00fcber entscheiden, ob Ihre Ware sicher ihr Ziel erreicht. Unsere Gurtschnallen sind speziell f\u00fcr den anspruchsvollen Einsatz in der Ladungssicherung entwickelt worden und bieten h\u00f6chste Zuverl\u00e4ssigkeit und Sicherheit.<\/p>\n","protected":false},"excerpt":{"rendered":"<p>Gurtschnalle | WLS 5016\/ 5020 Gurtschnallen sind ein unverzichtbarer Bestandteil von Lashingsystemen und dienen dazu, Gurtb\u00e4nder sicher zu verschlie\u00dfen. Dabei ist es wichtig, dass die Gurtschnallen auf die richtige Gurtbandbreite angepasst werden, um ein Verrutschen oder ein Versagen der Sicherung zu verhindern. Beim Auswahlprozess der passenden Gurtschnalle sind das Ladungsgewicht sowie die Gurtbandbreiten zu ber\u00fccksichtigen, [&hellip;]<\/p>\n","protected":false},"featured_media":100261,"comment_status":"open","ping_status":"closed","template":"","meta":{"_acf_changed":false},"product_brand":[],"product_cat":[104,48,57],"product_tag":[],"class_list":{"0":"post-89768","1":"product","2":"type-product","3":"status-publish","4":"has-post-thumbnail","6":"product_cat-lashing","7":"product_cat-sale","8":"product_cat-verschluesse-haken","10":"first","11":"instock","12":"sale","13":"taxable","14":"shipping-taxable","15":"purchasable","16":"product-type-variable"},"acf":[],"yoast_head":"<!-- This site is optimized with the Yoast SEO plugin v27.4 - https:\/\/yoast.com\/product\/yoast-seo-wordpress\/ -->\n<title>Gurtschnalle | WLS 5016 \/ 5020 - Rothschenk<\/title>\n<meta name=\"description\" content=\"Gurtschnalle WLS 5020 P - Rundstahl gekantet \u2714 Hochfester Stahl \u2714 erh\u00f6ht Leistungsf\u00e4higkeit Lashingsystem \u2714 zus\u00e4tzlicher Schutz \u00bb Jetzt online bestellen!\" \/>\n<meta name=\"robots\" content=\"index, follow, max-snippet:-1, max-image-preview:large, max-video-preview:-1\" \/>\n<link rel=\"canonical\" href=\"https:\/\/rothschenk.de\/produkt\/gurtschnalle-wls-5016-5020\/\" \/>\n<meta property=\"og:locale\" content=\"cs_CZ\" \/>\n<meta property=\"og:type\" content=\"article\" \/>\n<meta property=\"og:title\" content=\"Gurtschnalle | WLS 5016 \/ 5020 - Rothschenk\" \/>\n<meta property=\"og:description\" content=\"Gurtschnalle WLS 5020 P - Rundstahl gekantet \u2714 Hochfester Stahl \u2714 erh\u00f6ht Leistungsf\u00e4higkeit Lashingsystem \u2714 zus\u00e4tzlicher Schutz \u00bb Jetzt online bestellen!\" \/>\n<meta property=\"og:url\" content=\"https:\/\/rothschenk.de\/produkt\/gurtschnalle-wls-5016-5020\/\" \/>\n<meta property=\"og:site_name\" content=\"Rothschenk\" \/>\n<meta property=\"article:publisher\" content=\"https:\/\/de-de.facebook.com\/FirmaRothschenk\/\" \/>\n<meta property=\"article:modified_time\" content=\"2026-02-06T14:02:59+00:00\" \/>\n<meta property=\"og:image\" content=\"https:\/\/rothschenk.de\/wp-content\/uploads\/2023\/12\/SALE-6.jpg\" \/>\n\t<meta property=\"og:image:width\" content=\"1024\" \/>\n\t<meta property=\"og:image:height\" content=\"1024\" \/>\n\t<meta property=\"og:image:type\" content=\"image\/jpeg\" \/>\n<meta name=\"twitter:card\" content=\"summary_large_image\" \/>\n<meta name=\"twitter:label1\" content=\"Dostupnost\" \/>\n\t<meta name=\"twitter:data1\" content=\"Skladem\" \/>\n<script type=\"application\/ld+json\" class=\"yoast-schema-graph\">{\"@context\":\"https:\\\/\\\/schema.org\",\"@graph\":[{\"@type\":\"WebPage\",\"@id\":\"https:\\\/\\\/rothschenk.de\\\/produkt\\\/gurtschnalle-wls-5016-5020\\\/\",\"url\":\"https:\\\/\\\/rothschenk.de\\\/produkt\\\/gurtschnalle-wls-5016-5020\\\/\",\"name\":\"Gurtschnalle | WLS 5016 \\\/ 5020 - Rothschenk\",\"isPartOf\":{\"@id\":\"https:\\\/\\\/rothschenk.de\\\/#website\"},\"primaryImageOfPage\":{\"@id\":\"https:\\\/\\\/rothschenk.de\\\/produkt\\\/gurtschnalle-wls-5016-5020\\\/#primaryimage\"},\"image\":{\"@id\":\"https:\\\/\\\/rothschenk.de\\\/produkt\\\/gurtschnalle-wls-5016-5020\\\/#primaryimage\"},\"thumbnailUrl\":\"https:\\\/\\\/rothschenk.de\\\/wp-content\\\/uploads\\\/2023\\\/12\\\/SALE-6.jpg\",\"datePublished\":\"2023-06-17T17:30:52+00:00\",\"dateModified\":\"2026-02-06T14:02:59+00:00\",\"description\":\"Gurtschnalle WLS 5020 P - Rundstahl gekantet \u2714 Hochfester Stahl \u2714 erh\u00f6ht Leistungsf\u00e4higkeit Lashingsystem \u2714 zus\u00e4tzlicher Schutz \u00bb Jetzt online bestellen!\",\"breadcrumb\":{\"@id\":\"https:\\\/\\\/rothschenk.de\\\/produkt\\\/gurtschnalle-wls-5016-5020\\\/#breadcrumb\"},\"inLanguage\":\"cs\",\"potentialAction\":[{\"@type\":\"ReadAction\",\"target\":[\"https:\\\/\\\/rothschenk.de\\\/produkt\\\/gurtschnalle-wls-5016-5020\\\/\"]}]},{\"@type\":\"ImageObject\",\"inLanguage\":\"cs\",\"@id\":\"https:\\\/\\\/rothschenk.de\\\/produkt\\\/gurtschnalle-wls-5016-5020\\\/#primaryimage\",\"url\":\"https:\\\/\\\/rothschenk.de\\\/wp-content\\\/uploads\\\/2023\\\/12\\\/SALE-6.jpg\",\"contentUrl\":\"https:\\\/\\\/rothschenk.de\\\/wp-content\\\/uploads\\\/2023\\\/12\\\/SALE-6.jpg\",\"width\":1024,\"height\":1024,\"caption\":\"Gurtschnalle im Sale\"},{\"@type\":\"BreadcrumbList\",\"@id\":\"https:\\\/\\\/rothschenk.de\\\/produkt\\\/gurtschnalle-wls-5016-5020\\\/#breadcrumb\",\"itemListElement\":[{\"@type\":\"ListItem\",\"position\":1,\"name\":\"Domovsk\u00e1 str\u00e1nka\",\"item\":\"https:\\\/\\\/rothschenk.de\\\/cz\\\/domovska-stranka\\\/\"},{\"@type\":\"ListItem\",\"position\":2,\"name\":\"Shop\",\"item\":\"https:\\\/\\\/rothschenk.de\\\/shop\\\/\"},{\"@type\":\"ListItem\",\"position\":3,\"name\":\"Gurtschnalle | WLS 5016 \\\/ 5020\"}]},{\"@type\":\"WebSite\",\"@id\":\"https:\\\/\\\/rothschenk.de\\\/#website\",\"url\":\"https:\\\/\\\/rothschenk.de\\\/\",\"name\":\"Rothschenk - Der Online Shop f\u00fcr Ladungssicherung\",\"description\":\"Der Online Shop f\u00fcr Ladungssicherung\",\"potentialAction\":[{\"@type\":\"SearchAction\",\"target\":{\"@type\":\"EntryPoint\",\"urlTemplate\":\"https:\\\/\\\/rothschenk.de\\\/?s={search_term_string}\"},\"query-input\":{\"@type\":\"PropertyValueSpecification\",\"valueRequired\":true,\"valueName\":\"search_term_string\"}}],\"inLanguage\":\"cs\"}]}<\/script>\n<meta property=\"og:availability\" content=\"instock\" \/>\n<meta property=\"product:availability\" content=\"instock\" \/>\n<meta property=\"product:condition\" content=\"new\" \/>\n<!-- \/ Yoast SEO plugin. -->","yoast_head_json":{"title":"Gurtschnalle | WLS 5016 \/ 5020 - Rothschenk","description":"Gurtschnalle WLS 5020 P - Rundstahl gekantet \u2714 Hochfester Stahl \u2714 erh\u00f6ht Leistungsf\u00e4higkeit Lashingsystem \u2714 zus\u00e4tzlicher Schutz \u00bb Jetzt online bestellen!","robots":{"index":"index","follow":"follow","max-snippet":"max-snippet:-1","max-image-preview":"max-image-preview:large","max-video-preview":"max-video-preview:-1"},"canonical":"https:\/\/rothschenk.de\/produkt\/gurtschnalle-wls-5016-5020\/","og_locale":"cs_CZ","og_type":"article","og_title":"Gurtschnalle | WLS 5016 \/ 5020 - Rothschenk","og_description":"Gurtschnalle WLS 5020 P - Rundstahl gekantet \u2714 Hochfester Stahl \u2714 erh\u00f6ht Leistungsf\u00e4higkeit Lashingsystem \u2714 zus\u00e4tzlicher Schutz \u00bb Jetzt online bestellen!","og_url":"https:\/\/rothschenk.de\/produkt\/gurtschnalle-wls-5016-5020\/","og_site_name":"Rothschenk","article_publisher":"https:\/\/de-de.facebook.com\/FirmaRothschenk\/","article_modified_time":"2026-02-06T14:02:59+00:00","og_image":[{"width":1024,"height":1024,"url":"https:\/\/rothschenk.de\/wp-content\/uploads\/2023\/12\/SALE-6.jpg","type":"image\/jpeg"}],"twitter_card":"summary_large_image","twitter_misc":{"Dostupnost":"Skladem"},"schema":{"@context":"https:\/\/schema.org","@graph":[{"@type":"WebPage","@id":"https:\/\/rothschenk.de\/produkt\/gurtschnalle-wls-5016-5020\/","url":"https:\/\/rothschenk.de\/produkt\/gurtschnalle-wls-5016-5020\/","name":"Gurtschnalle | WLS 5016 \/ 5020 - Rothschenk","isPartOf":{"@id":"https:\/\/rothschenk.de\/#website"},"primaryImageOfPage":{"@id":"https:\/\/rothschenk.de\/produkt\/gurtschnalle-wls-5016-5020\/#primaryimage"},"image":{"@id":"https:\/\/rothschenk.de\/produkt\/gurtschnalle-wls-5016-5020\/#primaryimage"},"thumbnailUrl":"https:\/\/rothschenk.de\/wp-content\/uploads\/2023\/12\/SALE-6.jpg","datePublished":"2023-06-17T17:30:52+00:00","dateModified":"2026-02-06T14:02:59+00:00","description":"Gurtschnalle WLS 5020 P - Rundstahl gekantet \u2714 Hochfester Stahl \u2714 erh\u00f6ht Leistungsf\u00e4higkeit Lashingsystem \u2714 zus\u00e4tzlicher Schutz \u00bb Jetzt online bestellen!","breadcrumb":{"@id":"https:\/\/rothschenk.de\/produkt\/gurtschnalle-wls-5016-5020\/#breadcrumb"},"inLanguage":"cs","potentialAction":[{"@type":"ReadAction","target":["https:\/\/rothschenk.de\/produkt\/gurtschnalle-wls-5016-5020\/"]}]},{"@type":"ImageObject","inLanguage":"cs","@id":"https:\/\/rothschenk.de\/produkt\/gurtschnalle-wls-5016-5020\/#primaryimage","url":"https:\/\/rothschenk.de\/wp-content\/uploads\/2023\/12\/SALE-6.jpg","contentUrl":"https:\/\/rothschenk.de\/wp-content\/uploads\/2023\/12\/SALE-6.jpg","width":1024,"height":1024,"caption":"Gurtschnalle im Sale"},{"@type":"BreadcrumbList","@id":"https:\/\/rothschenk.de\/produkt\/gurtschnalle-wls-5016-5020\/#breadcrumb","itemListElement":[{"@type":"ListItem","position":1,"name":"Domovsk\u00e1 str\u00e1nka","item":"https:\/\/rothschenk.de\/cz\/domovska-stranka\/"},{"@type":"ListItem","position":2,"name":"Shop","item":"https:\/\/rothschenk.de\/shop\/"},{"@type":"ListItem","position":3,"name":"Gurtschnalle | WLS 5016 \/ 5020"}]},{"@type":"WebSite","@id":"https:\/\/rothschenk.de\/#website","url":"https:\/\/rothschenk.de\/","name":"Rothschenk - Der Online Shop f\u00fcr Ladungssicherung","description":"Der Online Shop f\u00fcr Ladungssicherung","potentialAction":[{"@type":"SearchAction","target":{"@type":"EntryPoint","urlTemplate":"https:\/\/rothschenk.de\/?s={search_term_string}"},"query-input":{"@type":"PropertyValueSpecification","valueRequired":true,"valueName":"search_term_string"}}],"inLanguage":"cs"}]},"og_availability":"instock","product_availability":"instock","product_condition":"new"},"_links":{"self":[{"href":"https:\/\/rothschenk.de\/cz\/wp-json\/wp\/v2\/product\/89768","targetHints":{"allow":["GET"]}}],"collection":[{"href":"https:\/\/rothschenk.de\/cz\/wp-json\/wp\/v2\/product"}],"about":[{"href":"https:\/\/rothschenk.de\/cz\/wp-json\/wp\/v2\/types\/product"}],"replies":[{"embeddable":true,"href":"https:\/\/rothschenk.de\/cz\/wp-json\/wp\/v2\/comments?post=89768"}],"wp:featuredmedia":[{"embeddable":true,"href":"https:\/\/rothschenk.de\/cz\/wp-json\/wp\/v2\/media\/100261"}],"wp:attachment":[{"href":"https:\/\/rothschenk.de\/cz\/wp-json\/wp\/v2\/media?parent=89768"}],"wp:term":[{"taxonomy":"product_brand","embeddable":true,"href":"https:\/\/rothschenk.de\/cz\/wp-json\/wp\/v2\/product_brand?post=89768"},{"taxonomy":"product_cat","embeddable":true,"href":"https:\/\/rothschenk.de\/cz\/wp-json\/wp\/v2\/product_cat?post=89768"},{"taxonomy":"product_tag","embeddable":true,"href":"https:\/\/rothschenk.de\/cz\/wp-json\/wp\/v2\/product_tag?post=89768"}],"curies":[{"name":"wp","href":"https:\/\/api.w.org\/{rel}","templated":true}]}}