{"id":64165,"date":"2023-07-16T20:00:39","date_gmt":"2023-07-16T18:00:39","guid":{"rendered":"https:\/\/rothschenk.de\/rothschenk-shop\/produkt\/battery-blower-complete-set-plastic-adapter-for-smart-valve\/"},"modified":"2026-01-22T15:22:32","modified_gmt":"2026-01-22T14:22:32","slug":"battery-blower-complete-set-plastic-adapter-for-smart-valve","status":"publish","type":"product","link":"https:\/\/rothschenk.de\/en\/product\/battery-blower-complete-set-plastic-adapter-for-smart-valve\/","title":{"rendered":"Battery blower PAM complete set | plastic adapter for SMART valve"},"content":{"rendered":"<h3>Battery blower PAM complete set incl. Plastic adapter for SMART valve<\/h3>\n<p>Included in the set:<\/p>\n<ul>\n<li style=\"list-style-type: none;\">\n<ul>\n<li>Hand blower<\/li>\n<li>flexible filling hose 700 mm<\/li>\n<li>Adapter: Plastic Quick Connect for SMART valves<\/li>\n<li>Adjustable shoulder strap<\/li>\n<li>2x battery (18 V, 6,600 mAh)<\/li>\n<li>Quick charger<\/li>\n<\/ul>\n<\/li>\n<\/ul>\n<p>We have created an attractive mobile battery blower set, with the most important components of modern load securing. This set is equipped with the Quick Connect plastic adapter for our Smart valve. You can attach the adapter directly to the cordless blower or use the included fill hose for more flexibility.<\/p>\n<p>The powerful motor combined with the powerful battery makes inflating our dunnage bags child&#8217;s play. Thanks to the second battery included and the short charging times, you always have enough power in alternation for everyday life at the loading ramp. You can also use the battery blower to empty\/vacuum stowage pads. To do this, they simply plug the hose onto the middle connection on the base body.<\/p>\n<p>With our mobile battery blower you have more freedom in contrast to stationary compressed air systems. There are no cables in the way and tripping hazards are avoided in terms of work safety. The shoulder strap also allows you to have both hands free if necessary to attach the load restraint, e.g. the lashing.<\/p>\n","protected":false},"excerpt":{"rendered":"<p>Battery blower PAM complete set incl. Plastic adapter for SMART valve Included in the set: Hand blower flexible filling hose 700 mm Adapter: Plastic Quick Connect for SMART valves Adjustable shoulder strap 2x battery (18 V, 6,600 mAh) Quick charger We have created an attractive mobile battery blower set, with the most important components of [&hellip;]<\/p>\n","protected":false},"featured_media":63778,"comment_status":"open","ping_status":"closed","template":"","meta":{"_acf_changed":false},"product_brand":[],"product_cat":[117,122],"product_tag":[],"class_list":{"0":"post-64165","1":"product","2":"type-product","3":"status-publish","4":"has-post-thumbnail","6":"product_cat-dunnage-bags","7":"product_cat-filling-technology","9":"first","10":"instock","11":"taxable","12":"shipping-taxable","13":"purchasable","14":"product-type-simple"},"acf":[],"yoast_head":"<!-- This site is optimized with the Yoast SEO plugin v27.4 - https:\/\/yoast.com\/product\/yoast-seo-wordpress\/ -->\n<title>Battery blower PAM complete set | plastic adapter for SMART valve<\/title>\n<meta name=\"description\" content=\"Battery blower PAM complete set - incl. Plastic adapter for SMART valve \u2713 Adjustable shoulder strap \u27a4 Order online now!\" \/>\n<meta name=\"robots\" content=\"index, follow, max-snippet:-1, max-image-preview:large, max-video-preview:-1\" \/>\n<link rel=\"canonical\" href=\"https:\/\/rothschenk.de\/en\/product\/battery-blower-complete-set-plastic-adapter-for-smart-valve\/\" \/>\n<meta property=\"og:locale\" content=\"en_US\" \/>\n<meta property=\"og:type\" content=\"article\" \/>\n<meta property=\"og:title\" content=\"Battery blower PAM complete set | plastic adapter for SMART valve\" \/>\n<meta property=\"og:description\" content=\"Battery blower PAM complete set - incl. Plastic adapter for SMART valve \u2713 Adjustable shoulder strap \u27a4 Order online now!\" \/>\n<meta property=\"og:url\" content=\"https:\/\/rothschenk.de\/en\/product\/battery-blower-complete-set-plastic-adapter-for-smart-valve\/\" \/>\n<meta property=\"og:site_name\" content=\"Rothschenk\" \/>\n<meta property=\"article:publisher\" content=\"https:\/\/de-de.facebook.com\/FirmaRothschenk\/\" \/>\n<meta property=\"article:modified_time\" content=\"2026-01-22T14:22:32+00:00\" \/>\n<meta property=\"og:image\" content=\"https:\/\/rothschenk.de\/wp-content\/uploads\/2023\/02\/24320_PAM-Akkugeblaese-6.jpg\" \/>\n\t<meta property=\"og:image:width\" content=\"1024\" \/>\n\t<meta property=\"og:image:height\" content=\"1024\" \/>\n\t<meta property=\"og:image:type\" content=\"image\/jpeg\" \/>\n<meta name=\"twitter:card\" content=\"summary_large_image\" \/>\n<meta name=\"twitter:label1\" content=\"Price\" \/>\n\t<meta name=\"twitter:data1\" content=\"429,00&nbsp;&euro;\" \/>\n\t<meta name=\"twitter:label2\" content=\"Availability\" \/>\n\t<meta name=\"twitter:data2\" content=\"In stock\" \/>\n<script type=\"application\/ld+json\" class=\"yoast-schema-graph\">{\"@context\":\"https:\\\/\\\/schema.org\",\"@graph\":[{\"@type\":\"WebPage\",\"@id\":\"https:\\\/\\\/rothschenk.de\\\/en\\\/product\\\/battery-blower-complete-set-plastic-adapter-for-smart-valve\\\/\",\"url\":\"https:\\\/\\\/rothschenk.de\\\/en\\\/product\\\/battery-blower-complete-set-plastic-adapter-for-smart-valve\\\/\",\"name\":\"Battery blower PAM complete set | plastic adapter for SMART valve\",\"isPartOf\":{\"@id\":\"https:\\\/\\\/rothschenk.de\\\/#website\"},\"primaryImageOfPage\":{\"@id\":\"https:\\\/\\\/rothschenk.de\\\/en\\\/product\\\/battery-blower-complete-set-plastic-adapter-for-smart-valve\\\/#primaryimage\"},\"image\":{\"@id\":\"https:\\\/\\\/rothschenk.de\\\/en\\\/product\\\/battery-blower-complete-set-plastic-adapter-for-smart-valve\\\/#primaryimage\"},\"thumbnailUrl\":\"https:\\\/\\\/rothschenk.de\\\/wp-content\\\/uploads\\\/2023\\\/02\\\/24320_PAM-Akkugeblaese-6.jpg\",\"datePublished\":\"2023-07-16T18:00:39+00:00\",\"dateModified\":\"2026-01-22T14:22:32+00:00\",\"description\":\"Battery blower PAM complete set - incl. Plastic adapter for SMART valve \u2713 Adjustable shoulder strap \u27a4 Order online now!\",\"breadcrumb\":{\"@id\":\"https:\\\/\\\/rothschenk.de\\\/en\\\/product\\\/battery-blower-complete-set-plastic-adapter-for-smart-valve\\\/#breadcrumb\"},\"inLanguage\":\"en-US\",\"potentialAction\":[{\"@type\":\"ReadAction\",\"target\":[\"https:\\\/\\\/rothschenk.de\\\/en\\\/product\\\/battery-blower-complete-set-plastic-adapter-for-smart-valve\\\/\"]}]},{\"@type\":\"ImageObject\",\"inLanguage\":\"en-US\",\"@id\":\"https:\\\/\\\/rothschenk.de\\\/en\\\/product\\\/battery-blower-complete-set-plastic-adapter-for-smart-valve\\\/#primaryimage\",\"url\":\"https:\\\/\\\/rothschenk.de\\\/wp-content\\\/uploads\\\/2023\\\/02\\\/24320_PAM-Akkugeblaese-6.jpg\",\"contentUrl\":\"https:\\\/\\\/rothschenk.de\\\/wp-content\\\/uploads\\\/2023\\\/02\\\/24320_PAM-Akkugeblaese-6.jpg\",\"width\":1024,\"height\":1024,\"caption\":\"Akkugebl\u00e4se_PAM_Cargo Tuff_Bef\u00fclltecnik_Staupolster_Stausack_Smart Ventil_Quick Connect_Ladeger\u00e4t_Akku_Gebl\u00e4se_Ladungssicherung_Rothschenk\"},{\"@type\":\"BreadcrumbList\",\"@id\":\"https:\\\/\\\/rothschenk.de\\\/en\\\/product\\\/battery-blower-complete-set-plastic-adapter-for-smart-valve\\\/#breadcrumb\",\"itemListElement\":[{\"@type\":\"ListItem\",\"position\":1,\"name\":\"Home page\",\"item\":\"https:\\\/\\\/rothschenk.de\\\/en\\\/homepage-2\\\/\"},{\"@type\":\"ListItem\",\"position\":2,\"name\":\"Shop\",\"item\":\"https:\\\/\\\/rothschenk.de\\\/en\\\/shop-2\\\/\"},{\"@type\":\"ListItem\",\"position\":3,\"name\":\"Battery blower PAM complete set | plastic adapter for SMART valve\"}]},{\"@type\":\"WebSite\",\"@id\":\"https:\\\/\\\/rothschenk.de\\\/#website\",\"url\":\"https:\\\/\\\/rothschenk.de\\\/\",\"name\":\"Rothschenk - Der Online Shop f\u00fcr Ladungssicherung\",\"description\":\"Der Online Shop f\u00fcr Ladungssicherung\",\"potentialAction\":[{\"@type\":\"SearchAction\",\"target\":{\"@type\":\"EntryPoint\",\"urlTemplate\":\"https:\\\/\\\/rothschenk.de\\\/?s={search_term_string}\"},\"query-input\":{\"@type\":\"PropertyValueSpecification\",\"valueRequired\":true,\"valueName\":\"search_term_string\"}}],\"inLanguage\":\"en-US\"}]}<\/script>\n<meta property=\"product:price:amount\" content=\"429.00\" \/>\n<meta property=\"product:price:currency\" content=\"EUR\" \/>\n<meta property=\"og:availability\" content=\"instock\" \/>\n<meta property=\"product:availability\" content=\"instock\" \/>\n<meta property=\"product:retailer_item_id\" content=\"24320\" \/>\n<meta property=\"product:condition\" content=\"new\" \/>\n<!-- \/ Yoast SEO plugin. -->","yoast_head_json":{"title":"Battery blower PAM complete set | plastic adapter for SMART valve","description":"Battery blower PAM complete set - incl. Plastic adapter for SMART valve \u2713 Adjustable shoulder strap \u27a4 Order online now!","robots":{"index":"index","follow":"follow","max-snippet":"max-snippet:-1","max-image-preview":"max-image-preview:large","max-video-preview":"max-video-preview:-1"},"canonical":"https:\/\/rothschenk.de\/en\/product\/battery-blower-complete-set-plastic-adapter-for-smart-valve\/","og_locale":"en_US","og_type":"article","og_title":"Battery blower PAM complete set | plastic adapter for SMART valve","og_description":"Battery blower PAM complete set - incl. Plastic adapter for SMART valve \u2713 Adjustable shoulder strap \u27a4 Order online now!","og_url":"https:\/\/rothschenk.de\/en\/product\/battery-blower-complete-set-plastic-adapter-for-smart-valve\/","og_site_name":"Rothschenk","article_publisher":"https:\/\/de-de.facebook.com\/FirmaRothschenk\/","article_modified_time":"2026-01-22T14:22:32+00:00","og_image":[{"width":1024,"height":1024,"url":"https:\/\/rothschenk.de\/wp-content\/uploads\/2023\/02\/24320_PAM-Akkugeblaese-6.jpg","type":"image\/jpeg"}],"twitter_card":"summary_large_image","twitter_misc":{"Price":"429,00&nbsp;&euro;","Availability":"In stock"},"schema":{"@context":"https:\/\/schema.org","@graph":[{"@type":"WebPage","@id":"https:\/\/rothschenk.de\/en\/product\/battery-blower-complete-set-plastic-adapter-for-smart-valve\/","url":"https:\/\/rothschenk.de\/en\/product\/battery-blower-complete-set-plastic-adapter-for-smart-valve\/","name":"Battery blower PAM complete set | plastic adapter for SMART valve","isPartOf":{"@id":"https:\/\/rothschenk.de\/#website"},"primaryImageOfPage":{"@id":"https:\/\/rothschenk.de\/en\/product\/battery-blower-complete-set-plastic-adapter-for-smart-valve\/#primaryimage"},"image":{"@id":"https:\/\/rothschenk.de\/en\/product\/battery-blower-complete-set-plastic-adapter-for-smart-valve\/#primaryimage"},"thumbnailUrl":"https:\/\/rothschenk.de\/wp-content\/uploads\/2023\/02\/24320_PAM-Akkugeblaese-6.jpg","datePublished":"2023-07-16T18:00:39+00:00","dateModified":"2026-01-22T14:22:32+00:00","description":"Battery blower PAM complete set - incl. Plastic adapter for SMART valve \u2713 Adjustable shoulder strap \u27a4 Order online now!","breadcrumb":{"@id":"https:\/\/rothschenk.de\/en\/product\/battery-blower-complete-set-plastic-adapter-for-smart-valve\/#breadcrumb"},"inLanguage":"en-US","potentialAction":[{"@type":"ReadAction","target":["https:\/\/rothschenk.de\/en\/product\/battery-blower-complete-set-plastic-adapter-for-smart-valve\/"]}]},{"@type":"ImageObject","inLanguage":"en-US","@id":"https:\/\/rothschenk.de\/en\/product\/battery-blower-complete-set-plastic-adapter-for-smart-valve\/#primaryimage","url":"https:\/\/rothschenk.de\/wp-content\/uploads\/2023\/02\/24320_PAM-Akkugeblaese-6.jpg","contentUrl":"https:\/\/rothschenk.de\/wp-content\/uploads\/2023\/02\/24320_PAM-Akkugeblaese-6.jpg","width":1024,"height":1024,"caption":"Akkugebl\u00e4se_PAM_Cargo Tuff_Bef\u00fclltecnik_Staupolster_Stausack_Smart Ventil_Quick Connect_Ladeger\u00e4t_Akku_Gebl\u00e4se_Ladungssicherung_Rothschenk"},{"@type":"BreadcrumbList","@id":"https:\/\/rothschenk.de\/en\/product\/battery-blower-complete-set-plastic-adapter-for-smart-valve\/#breadcrumb","itemListElement":[{"@type":"ListItem","position":1,"name":"Home page","item":"https:\/\/rothschenk.de\/en\/homepage-2\/"},{"@type":"ListItem","position":2,"name":"Shop","item":"https:\/\/rothschenk.de\/en\/shop-2\/"},{"@type":"ListItem","position":3,"name":"Battery blower PAM complete set | plastic adapter for SMART valve"}]},{"@type":"WebSite","@id":"https:\/\/rothschenk.de\/#website","url":"https:\/\/rothschenk.de\/","name":"Rothschenk - Der Online Shop f\u00fcr Ladungssicherung","description":"Der Online Shop f\u00fcr Ladungssicherung","potentialAction":[{"@type":"SearchAction","target":{"@type":"EntryPoint","urlTemplate":"https:\/\/rothschenk.de\/?s={search_term_string}"},"query-input":{"@type":"PropertyValueSpecification","valueRequired":true,"valueName":"search_term_string"}}],"inLanguage":"en-US"}]},"product_price_amount":"429.00","product_price_currency":"EUR","og_availability":"instock","product_availability":"instock","product_retailer_item_id":"24320","product_condition":"new"},"_links":{"self":[{"href":"https:\/\/rothschenk.de\/en\/wp-json\/wp\/v2\/product\/64165","targetHints":{"allow":["GET"]}}],"collection":[{"href":"https:\/\/rothschenk.de\/en\/wp-json\/wp\/v2\/product"}],"about":[{"href":"https:\/\/rothschenk.de\/en\/wp-json\/wp\/v2\/types\/product"}],"replies":[{"embeddable":true,"href":"https:\/\/rothschenk.de\/en\/wp-json\/wp\/v2\/comments?post=64165"}],"wp:featuredmedia":[{"embeddable":true,"href":"https:\/\/rothschenk.de\/en\/wp-json\/wp\/v2\/media\/63778"}],"wp:attachment":[{"href":"https:\/\/rothschenk.de\/en\/wp-json\/wp\/v2\/media?parent=64165"}],"wp:term":[{"taxonomy":"product_brand","embeddable":true,"href":"https:\/\/rothschenk.de\/en\/wp-json\/wp\/v2\/product_brand?post=64165"},{"taxonomy":"product_cat","embeddable":true,"href":"https:\/\/rothschenk.de\/en\/wp-json\/wp\/v2\/product_cat?post=64165"},{"taxonomy":"product_tag","embeddable":true,"href":"https:\/\/rothschenk.de\/en\/wp-json\/wp\/v2\/product_tag?post=64165"}],"curies":[{"name":"wp","href":"https:\/\/api.w.org\/{rel}","templated":true}]}}