{"id":112648,"date":"2022-01-29T15:49:35","date_gmt":"2022-01-29T14:49:35","guid":{"rendered":"https:\/\/rothschenk.de\/winkelmandje\/"},"modified":"2024-01-05T09:44:04","modified_gmt":"2024-01-05T08:44:04","slug":"winkelmandje","status":"publish","type":"page","link":"https:\/\/rothschenk.de\/nl\/winkelmandje\/","title":{"rendered":"Winkelmandje"},"content":{"rendered":"\t\t<div data-elementor-type=\"wp-page\" data-elementor-id=\"112648\" class=\"elementor elementor-112648 elementor-443\" data-elementor-post-type=\"page\">\n\t\t\t\t\t\t<section data-particle_enable=\"false\" data-particle-mobile-disabled=\"false\" class=\"elementor-section elementor-top-section elementor-element elementor-element-74f837c5 elementor-section-boxed elementor-section-height-default elementor-section-height-default\" data-id=\"74f837c5\" data-element_type=\"section\" data-e-type=\"section\" data-settings=\"{&quot;background_background&quot;:&quot;classic&quot;}\">\n\t\t\t\t\t\t<div class=\"elementor-container elementor-column-gap-default\">\n\t\t\t\t\t<div class=\"elementor-column elementor-col-100 elementor-top-column elementor-element elementor-element-2782ef62\" data-id=\"2782ef62\" data-element_type=\"column\" data-e-type=\"column\">\n\t\t\t<div class=\"elementor-widget-wrap elementor-element-populated\">\n\t\t\t\t\t\t<div class=\"elementor-element elementor-element-e2ed021 elementor-widget elementor-widget-heading\" data-id=\"e2ed021\" data-element_type=\"widget\" data-e-type=\"widget\" data-widget_type=\"heading.default\">\n\t\t\t\t<div class=\"elementor-widget-container\">\n\t\t\t\t\t<h1 class=\"elementor-heading-title elementor-size-default\">Winkelmandje<\/h1>\t\t\t\t<\/div>\n\t\t\t\t<\/div>\n\t\t\t\t<div class=\"elementor-element elementor-element-469d823 elementor-widget elementor-widget-eael-woo-cart\" data-id=\"469d823\" data-element_type=\"widget\" data-e-type=\"widget\" data-settings=\"{&quot;eael_woo_cart_components_continue_shopping_icon&quot;:{&quot;value&quot;:&quot;fas fa-chevron-left&quot;,&quot;library&quot;:&quot;fa-solid&quot;}}\" data-widget_type=\"eael-woo-cart.default\">\n\t\t\t\t<div class=\"elementor-widget-container\">\n\t\t\t\t\t\t\t\t\t<div class=\"eael-woo-cart-wrapper eael-woo-cart-empty eael-woo-default eael-auto-update33\">\n\t\t\t\t<div class=\"woocommerce-notices-wrapper\"><\/div><div class=\"wc-empty-cart-message\">\n\t<div class=\"cart-empty woocommerce-info\" role=\"status\">\n\t\tDein Warenkorb ist leer.\t<\/div>\n<\/div>\t<p class=\"return-to-shop\">\n\t\t<a class=\"button wc-backward\" href=\"https:\/\/rothschenk.de\/nl\/winkel-op\/\">\n\t\t\tTerug naar winkel\t\t<\/a>\n\t<\/p>\n                <\/div>\n\t\t\t\t        <script>document.body.classList.add(\"eael-woo-cart\");<\/script>\n\t\t\t\t\t\t<\/div>\n\t\t\t\t<\/div>\n\t\t\t\t\t<\/div>\n\t\t<\/div>\n\t\t\t\t\t<\/div>\n\t\t<\/section>\n\t\t\t\t<\/div>\n\t\t","protected":false},"excerpt":{"rendered":"<p>Winkelmandje Product Prijs Hoeveelheid Totaal Schnellf\u00fcllpistole | Aluminiumadapter f\u00fcr SMART Ventil 127,33&nbsp;&euro; Schnellf\u00fcllpistole | Aluminiumadapter f\u00fcr SMART Ventil Menge 254,66&nbsp;&euro;Zzgl. 48,39&nbsp;&euro; MwSt. (19%) Hier erf\u00e4hrst du mehr zu den Versandkosten, Zahlungsweisen und unserer Widerrufsbelehrung. Coupon: Voucher inwisselen Weiter einkaufen Winkelmandje bijwerken Subtotal 254,66&nbsp;&euro; Verzending Versandkosten (Kostenlos) Versand nach Teststr. 12, 97340 Testort. Adresse \u00e4ndern Land\/Region: [&hellip;]<\/p>\n","protected":false},"author":1,"featured_media":0,"parent":0,"menu_order":0,"comment_status":"closed","ping_status":"closed","template":"","meta":{"_acf_changed":false,"footnotes":""},"class_list":["post-112648","page","type-page","status-publish","hentry"],"acf":[],"yoast_head":"<!-- This site is optimized with the Yoast SEO plugin v27.4 - https:\/\/yoast.com\/product\/yoast-seo-wordpress\/ -->\n<title>Winkelmandje - Rothschenk<\/title>\n<meta name=\"robots\" content=\"index, follow, max-snippet:-1, max-image-preview:large, max-video-preview:-1\" \/>\n<link rel=\"canonical\" href=\"https:\/\/rothschenk.de\/nl\/winkelmandje\/\" \/>\n<meta property=\"og:locale\" content=\"nl_NL\" \/>\n<meta property=\"og:type\" content=\"article\" \/>\n<meta property=\"og:title\" content=\"Winkelmandje - Rothschenk\" \/>\n<meta property=\"og:description\" content=\"Winkelmandje Product Prijs Hoeveelheid Totaal Schnellf\u00fcllpistole | Aluminiumadapter f\u00fcr SMART Ventil 127,33&nbsp;&euro; Schnellf\u00fcllpistole | Aluminiumadapter f\u00fcr SMART Ventil Menge 254,66&nbsp;&euro;Zzgl. 48,39&nbsp;&euro; MwSt. (19%) Hier erf\u00e4hrst du mehr zu den Versandkosten, Zahlungsweisen und unserer Widerrufsbelehrung. Coupon: Voucher inwisselen Weiter einkaufen Winkelmandje bijwerken Subtotal 254,66&nbsp;&euro; Verzending Versandkosten (Kostenlos) Versand nach Teststr. 12, 97340 Testort. Adresse \u00e4ndern Land\/Region: [&hellip;]\" \/>\n<meta property=\"og:url\" content=\"https:\/\/rothschenk.de\/nl\/winkelmandje\/\" \/>\n<meta property=\"og:site_name\" content=\"Rothschenk\" \/>\n<meta property=\"article:publisher\" content=\"https:\/\/de-de.facebook.com\/FirmaRothschenk\/\" \/>\n<meta property=\"article:modified_time\" content=\"2024-01-05T08:44:04+00:00\" \/>\n<meta property=\"og:image\" content=\"https:\/\/rothschenk.de\/wp-content\/uploads\/2023\/02\/23826_Schnellfuellpistole_Smart-Ventile_Aluminium-Quick-Connect-2-300x300.jpg\" \/>\n<meta name=\"twitter:card\" content=\"summary_large_image\" \/>\n<meta name=\"twitter:label1\" content=\"Geschatte leestijd\" \/>\n\t<meta name=\"twitter:data1\" content=\"1 minuut\" \/>\n<script type=\"application\/ld+json\" class=\"yoast-schema-graph\">{\"@context\":\"https:\\\/\\\/schema.org\",\"@graph\":[{\"@type\":\"WebPage\",\"@id\":\"https:\\\/\\\/rothschenk.de\\\/nl\\\/winkelmandje\\\/\",\"url\":\"https:\\\/\\\/rothschenk.de\\\/nl\\\/winkelmandje\\\/\",\"name\":\"Winkelmandje - Rothschenk\",\"isPartOf\":{\"@id\":\"https:\\\/\\\/rothschenk.de\\\/#website\"},\"primaryImageOfPage\":{\"@id\":\"https:\\\/\\\/rothschenk.de\\\/nl\\\/winkelmandje\\\/#primaryimage\"},\"image\":{\"@id\":\"https:\\\/\\\/rothschenk.de\\\/nl\\\/winkelmandje\\\/#primaryimage\"},\"thumbnailUrl\":\"https:\\\/\\\/rothschenk.de\\\/wp-content\\\/uploads\\\/2023\\\/02\\\/23826_Schnellfuellpistole_Smart-Ventile_Aluminium-Quick-Connect-2-300x300.jpg\",\"datePublished\":\"2022-01-29T14:49:35+00:00\",\"dateModified\":\"2024-01-05T08:44:04+00:00\",\"breadcrumb\":{\"@id\":\"https:\\\/\\\/rothschenk.de\\\/nl\\\/winkelmandje\\\/#breadcrumb\"},\"inLanguage\":\"nl-NL\",\"potentialAction\":[{\"@type\":\"ReadAction\",\"target\":[\"https:\\\/\\\/rothschenk.de\\\/nl\\\/winkelmandje\\\/\"]}]},{\"@type\":\"ImageObject\",\"inLanguage\":\"nl-NL\",\"@id\":\"https:\\\/\\\/rothschenk.de\\\/nl\\\/winkelmandje\\\/#primaryimage\",\"url\":\"https:\\\/\\\/rothschenk.de\\\/wp-content\\\/uploads\\\/2023\\\/02\\\/23826_Schnellfuellpistole_Smart-Ventile_Aluminium-Quick-Connect-2-300x300.jpg\",\"contentUrl\":\"https:\\\/\\\/rothschenk.de\\\/wp-content\\\/uploads\\\/2023\\\/02\\\/23826_Schnellfuellpistole_Smart-Ventile_Aluminium-Quick-Connect-2-300x300.jpg\"},{\"@type\":\"BreadcrumbList\",\"@id\":\"https:\\\/\\\/rothschenk.de\\\/nl\\\/winkelmandje\\\/#breadcrumb\",\"itemListElement\":[{\"@type\":\"ListItem\",\"position\":1,\"name\":\"Startpagina\",\"item\":\"https:\\\/\\\/rothschenk.de\\\/nl\\\/startpagina\\\/\"},{\"@type\":\"ListItem\",\"position\":2,\"name\":\"Winkelmandje\"}]},{\"@type\":\"WebSite\",\"@id\":\"https:\\\/\\\/rothschenk.de\\\/#website\",\"url\":\"https:\\\/\\\/rothschenk.de\\\/\",\"name\":\"Rothschenk - Der Online Shop f\u00fcr Ladungssicherung\",\"description\":\"Der Online Shop f\u00fcr Ladungssicherung\",\"potentialAction\":[{\"@type\":\"SearchAction\",\"target\":{\"@type\":\"EntryPoint\",\"urlTemplate\":\"https:\\\/\\\/rothschenk.de\\\/?s={search_term_string}\"},\"query-input\":{\"@type\":\"PropertyValueSpecification\",\"valueRequired\":true,\"valueName\":\"search_term_string\"}}],\"inLanguage\":\"nl-NL\"}]}<\/script>\n<!-- \/ Yoast SEO plugin. -->","yoast_head_json":{"title":"Winkelmandje - Rothschenk","robots":{"index":"index","follow":"follow","max-snippet":"max-snippet:-1","max-image-preview":"max-image-preview:large","max-video-preview":"max-video-preview:-1"},"canonical":"https:\/\/rothschenk.de\/nl\/winkelmandje\/","og_locale":"nl_NL","og_type":"article","og_title":"Winkelmandje - Rothschenk","og_description":"Winkelmandje Product Prijs Hoeveelheid Totaal Schnellf\u00fcllpistole | Aluminiumadapter f\u00fcr SMART Ventil 127,33&nbsp;&euro; Schnellf\u00fcllpistole | Aluminiumadapter f\u00fcr SMART Ventil Menge 254,66&nbsp;&euro;Zzgl. 48,39&nbsp;&euro; MwSt. (19%) Hier erf\u00e4hrst du mehr zu den Versandkosten, Zahlungsweisen und unserer Widerrufsbelehrung. Coupon: Voucher inwisselen Weiter einkaufen Winkelmandje bijwerken Subtotal 254,66&nbsp;&euro; Verzending Versandkosten (Kostenlos) Versand nach Teststr. 12, 97340 Testort. Adresse \u00e4ndern Land\/Region: [&hellip;]","og_url":"https:\/\/rothschenk.de\/nl\/winkelmandje\/","og_site_name":"Rothschenk","article_publisher":"https:\/\/de-de.facebook.com\/FirmaRothschenk\/","article_modified_time":"2024-01-05T08:44:04+00:00","og_image":[{"url":"https:\/\/rothschenk.de\/wp-content\/uploads\/2023\/02\/23826_Schnellfuellpistole_Smart-Ventile_Aluminium-Quick-Connect-2-300x300.jpg","type":"","width":"","height":""}],"twitter_card":"summary_large_image","twitter_misc":{"Geschatte leestijd":"1 minuut"},"schema":{"@context":"https:\/\/schema.org","@graph":[{"@type":"WebPage","@id":"https:\/\/rothschenk.de\/nl\/winkelmandje\/","url":"https:\/\/rothschenk.de\/nl\/winkelmandje\/","name":"Winkelmandje - Rothschenk","isPartOf":{"@id":"https:\/\/rothschenk.de\/#website"},"primaryImageOfPage":{"@id":"https:\/\/rothschenk.de\/nl\/winkelmandje\/#primaryimage"},"image":{"@id":"https:\/\/rothschenk.de\/nl\/winkelmandje\/#primaryimage"},"thumbnailUrl":"https:\/\/rothschenk.de\/wp-content\/uploads\/2023\/02\/23826_Schnellfuellpistole_Smart-Ventile_Aluminium-Quick-Connect-2-300x300.jpg","datePublished":"2022-01-29T14:49:35+00:00","dateModified":"2024-01-05T08:44:04+00:00","breadcrumb":{"@id":"https:\/\/rothschenk.de\/nl\/winkelmandje\/#breadcrumb"},"inLanguage":"nl-NL","potentialAction":[{"@type":"ReadAction","target":["https:\/\/rothschenk.de\/nl\/winkelmandje\/"]}]},{"@type":"ImageObject","inLanguage":"nl-NL","@id":"https:\/\/rothschenk.de\/nl\/winkelmandje\/#primaryimage","url":"https:\/\/rothschenk.de\/wp-content\/uploads\/2023\/02\/23826_Schnellfuellpistole_Smart-Ventile_Aluminium-Quick-Connect-2-300x300.jpg","contentUrl":"https:\/\/rothschenk.de\/wp-content\/uploads\/2023\/02\/23826_Schnellfuellpistole_Smart-Ventile_Aluminium-Quick-Connect-2-300x300.jpg"},{"@type":"BreadcrumbList","@id":"https:\/\/rothschenk.de\/nl\/winkelmandje\/#breadcrumb","itemListElement":[{"@type":"ListItem","position":1,"name":"Startpagina","item":"https:\/\/rothschenk.de\/nl\/startpagina\/"},{"@type":"ListItem","position":2,"name":"Winkelmandje"}]},{"@type":"WebSite","@id":"https:\/\/rothschenk.de\/#website","url":"https:\/\/rothschenk.de\/","name":"Rothschenk - Der Online Shop f\u00fcr Ladungssicherung","description":"Der Online Shop f\u00fcr Ladungssicherung","potentialAction":[{"@type":"SearchAction","target":{"@type":"EntryPoint","urlTemplate":"https:\/\/rothschenk.de\/?s={search_term_string}"},"query-input":{"@type":"PropertyValueSpecification","valueRequired":true,"valueName":"search_term_string"}}],"inLanguage":"nl-NL"}]}},"_links":{"self":[{"href":"https:\/\/rothschenk.de\/nl\/wp-json\/wp\/v2\/pages\/112648","targetHints":{"allow":["GET"]}}],"collection":[{"href":"https:\/\/rothschenk.de\/nl\/wp-json\/wp\/v2\/pages"}],"about":[{"href":"https:\/\/rothschenk.de\/nl\/wp-json\/wp\/v2\/types\/page"}],"author":[{"embeddable":true,"href":"https:\/\/rothschenk.de\/nl\/wp-json\/wp\/v2\/users\/1"}],"replies":[{"embeddable":true,"href":"https:\/\/rothschenk.de\/nl\/wp-json\/wp\/v2\/comments?post=112648"}],"version-history":[{"count":3,"href":"https:\/\/rothschenk.de\/nl\/wp-json\/wp\/v2\/pages\/112648\/revisions"}],"predecessor-version":[{"id":112659,"href":"https:\/\/rothschenk.de\/nl\/wp-json\/wp\/v2\/pages\/112648\/revisions\/112659"}],"wp:attachment":[{"href":"https:\/\/rothschenk.de\/nl\/wp-json\/wp\/v2\/media?parent=112648"}],"curies":[{"name":"wp","href":"https:\/\/api.w.org\/{rel}","templated":true}]}}