{"id":112650,"date":"2022-01-29T16:28:27","date_gmt":"2022-01-29T15:28:27","guid":{"rendered":"https:\/\/rothschenk.de\/verzending-levering\/"},"modified":"2024-10-09T11:19:21","modified_gmt":"2024-10-09T09:19:21","slug":"verzending-levering","status":"publish","type":"page","link":"https:\/\/rothschenk.de\/nl\/verzending-levering\/","title":{"rendered":"Verzending &amp; levering"},"content":{"rendered":"\t\t<div data-elementor-type=\"wp-page\" data-elementor-id=\"112650\" class=\"elementor elementor-112650 elementor-452\" data-elementor-post-type=\"page\">\n\t\t\t\t\t\t<section data-particle_enable=\"false\" data-particle-mobile-disabled=\"false\" class=\"elementor-section elementor-top-section elementor-element elementor-element-c0e1e19 elementor-section-boxed elementor-section-height-default elementor-section-height-default\" data-id=\"c0e1e19\" data-element_type=\"section\" data-e-type=\"section\">\n\t\t\t\t\t\t<div class=\"elementor-container elementor-column-gap-default\">\n\t\t\t\t\t<div class=\"elementor-column elementor-col-100 elementor-top-column elementor-element elementor-element-7954994\" data-id=\"7954994\" data-element_type=\"column\" data-e-type=\"column\">\n\t\t\t<div class=\"elementor-widget-wrap elementor-element-populated\">\n\t\t\t\t\t\t<div class=\"elementor-element elementor-element-389c1678 elementor-widget elementor-widget-text-editor\" data-id=\"389c1678\" data-element_type=\"widget\" data-e-type=\"widget\" data-widget_type=\"text-editor.default\">\n\t\t\t\t<div class=\"elementor-widget-container\">\n\t\t\t\t\t\t\t\t\t<h1 style=\"font-family: Rajdhani, sans-serif; font-weight: var( --e-global-typography-secondary-font-weight ); line-height: var( --e-global-typography-secondary-line-height ); color: #000000; font-size: var( --e-global-typography-secondary-font-size );\"><span style=\"color: inherit; font-family: var( --e-global-typography-secondary-font-family ), Sans-serif; font-size: var( --e-global-typography-secondary-font-size ); font-weight: var( --e-global-typography-secondary-font-weight );\">Verzending en levering<\/span><\/h1>\n<p>De verzendkosten worden automatisch berekend in het winkelmandje op basis van gewicht en zone.&nbsp;<\/p>\n<p><\/p>\t\t\t\t\t\t\t\t<\/div>\n\t\t\t\t<\/div>\n\t\t\t\t<div class=\"elementor-element elementor-element-950c2ce elementor-widget elementor-widget-text-editor\" data-id=\"950c2ce\" data-element_type=\"widget\" data-e-type=\"widget\" data-widget_type=\"text-editor.default\">\n\t\t\t\t<div class=\"elementor-widget-container\">\n\t\t\t\t\t\t\t\t\t<h2>Duitsland (zonder eilanden)<\/h2>\n<ul>\n \t<li>Gewicht tot 30 kg: \u20ac 6,90<\/li>\n \t<li>van 30 &#8211; 60 kg (2 verpakkingen): 12,20 \u20ac netto<\/li>\n \t<li>van 60 &#8211; 90 kg (3 pakketten): \u20ac 19,90 netto<\/li>\n \t<li>Verzending per pallet: 60 \u20ac netto<\/li>\n \t<li>Gratis verzending vanaf \u20ac100<\/li>\n<\/ul>\t\t\t\t\t\t\t\t<\/div>\n\t\t\t\t<\/div>\n\t\t\t\t<div class=\"elementor-element elementor-element-bb7f29c elementor-widget elementor-widget-text-editor\" data-id=\"bb7f29c\" data-element_type=\"widget\" data-e-type=\"widget\" data-widget_type=\"text-editor.default\">\n\t\t\t\t<div class=\"elementor-widget-container\">\n\t\t\t\t\t\t\t\t\t<h2>Zone 1<\/h2>\n<p>Oostenrijk, Belgi\u00eb, Tsjechi\u00eb, Denemarken, Frankrijk, Luxemburg, Nederland, Polen<\/p>\n<ul>\n<li>Gewicht tot 5 kg: \u20ac 11,50<\/li>\n<li>van 5 &#8211; 20 kg: 17,90 \u20ac netto<\/li>\n<li>van 20 &#8211; 30 kg: 25,90 \u20ac netto<\/li>\n<li>van 30 &#8211; 60 kg: 49,90 \u20ac netto<\/li>\n<li style=\"font-size: 18px;\">van 60 &#8211; 90 kg: \u20ac 74,70 netto<\/li>\n<li>van 90 &#8211; 120 kg: \u20ac 89,90 netto<\/li>\n<li>van 120 &#8211; 150 kg: 99,90 \u20ac netto<\/li>\n<li>Verzending per pallet: 100 \u20ac netto<\/li>\n<\/ul>\n\t\t\t\t\t\t\t\t<\/div>\n\t\t\t\t<\/div>\n\t\t\t\t<div class=\"elementor-element elementor-element-4e1644a elementor-widget elementor-widget-text-editor\" data-id=\"4e1644a\" data-element_type=\"widget\" data-e-type=\"widget\" data-widget_type=\"text-editor.default\">\n\t\t\t\t<div class=\"elementor-widget-container\">\n\t\t\t\t\t\t\t\t\t<h2>Zone 2 en 3<\/h2>\n<p>Itali\u00eb, Zweden, Slowakije, Sloveni\u00eb, Spanje, Hongarije, Bulgarije, Estland, Finland, Griekenland, Ierland, Kroati\u00eb, Letland, Litouwen, Malta, Portugal, Roemeni\u00eb, Cyprus<\/p>\n<ul>\n<li>Gewicht tot 5 kg: \u20ac 16,75<\/li>\n<li>van 5 &#8211; 20 kg: 22,50 \u20ac netto<\/li>\n<li>van 20 &#8211; 30 kg: 29,90 \u20ac netto<\/li>\n<li>van 30 &#8211; 60 kg: 53,90 \u20ac netto<\/li>\n<li style=\"font-size: 18px;\">van 60 &#8211; 90 kg: \u20ac 78,70 netto<\/li>\n<li>van 90 &#8211; 120 kg: \u20ac 91,90 netto<\/li>\n<li>van 120 &#8211; 150 kg: \u20ac 103,90 netto<\/li>\n<li>Verzending per pallet: 120 \u20ac netto<\/li>\n<\/ul>\n\t\t\t\t\t\t\t\t<\/div>\n\t\t\t\t<\/div>\n\t\t\t\t\t<\/div>\n\t\t<\/div>\n\t\t\t\t\t<\/div>\n\t\t<\/section>\n\t\t\t\t<\/div>\n\t\t","protected":false},"excerpt":{"rendered":"<p>Verzending en levering De verzendkosten worden automatisch berekend in het winkelmandje op basis van gewicht en zone.&nbsp; Duitsland (zonder eilanden) Gewicht tot 30 kg: \u20ac 6,90 van 30 &#8211; 60 kg (2 verpakkingen): 12,20 \u20ac netto van 60 &#8211; 90 kg (3 pakketten): \u20ac 19,90 netto Verzending per pallet: 60 \u20ac netto Gratis verzending vanaf [&hellip;]<\/p>\n","protected":false},"author":1,"featured_media":0,"parent":0,"menu_order":0,"comment_status":"closed","ping_status":"closed","template":"","meta":{"_acf_changed":false,"footnotes":""},"class_list":["post-112650","page","type-page","status-publish","hentry"],"acf":[],"yoast_head":"<!-- This site is optimized with the Yoast SEO plugin v27.4 - https:\/\/yoast.com\/product\/yoast-seo-wordpress\/ -->\n<title>Verzending &amp; levering - Rothschenk<\/title>\n<meta name=\"robots\" content=\"index, follow, max-snippet:-1, max-image-preview:large, max-video-preview:-1\" \/>\n<link rel=\"canonical\" href=\"https:\/\/rothschenk.de\/nl\/verzending-levering\/\" \/>\n<meta property=\"og:locale\" content=\"nl_NL\" \/>\n<meta property=\"og:type\" content=\"article\" \/>\n<meta property=\"og:title\" content=\"Verzending &amp; levering - Rothschenk\" \/>\n<meta property=\"og:description\" content=\"Verzending en levering De verzendkosten worden automatisch berekend in het winkelmandje op basis van gewicht en zone.&nbsp; Duitsland (zonder eilanden) Gewicht tot 30 kg: \u20ac 6,90 van 30 &#8211; 60 kg (2 verpakkingen): 12,20 \u20ac netto van 60 &#8211; 90 kg (3 pakketten): \u20ac 19,90 netto Verzending per pallet: 60 \u20ac netto Gratis verzending vanaf [&hellip;]\" \/>\n<meta property=\"og:url\" content=\"https:\/\/rothschenk.de\/nl\/verzending-levering\/\" \/>\n<meta property=\"og:site_name\" content=\"Rothschenk\" \/>\n<meta property=\"article:publisher\" content=\"https:\/\/de-de.facebook.com\/FirmaRothschenk\/\" \/>\n<meta property=\"article:modified_time\" content=\"2024-10-09T09:19:21+00:00\" \/>\n<meta name=\"twitter:card\" content=\"summary_large_image\" \/>\n<meta name=\"twitter:label1\" content=\"Geschatte leestijd\" \/>\n\t<meta name=\"twitter:data1\" content=\"1 minuut\" \/>\n<script type=\"application\/ld+json\" class=\"yoast-schema-graph\">{\"@context\":\"https:\\\/\\\/schema.org\",\"@graph\":[{\"@type\":\"WebPage\",\"@id\":\"https:\\\/\\\/rothschenk.de\\\/nl\\\/verzending-levering\\\/\",\"url\":\"https:\\\/\\\/rothschenk.de\\\/nl\\\/verzending-levering\\\/\",\"name\":\"Verzending &amp; levering - Rothschenk\",\"isPartOf\":{\"@id\":\"https:\\\/\\\/rothschenk.de\\\/#website\"},\"datePublished\":\"2022-01-29T15:28:27+00:00\",\"dateModified\":\"2024-10-09T09:19:21+00:00\",\"breadcrumb\":{\"@id\":\"https:\\\/\\\/rothschenk.de\\\/nl\\\/verzending-levering\\\/#breadcrumb\"},\"inLanguage\":\"nl-NL\",\"potentialAction\":[{\"@type\":\"ReadAction\",\"target\":[\"https:\\\/\\\/rothschenk.de\\\/nl\\\/verzending-levering\\\/\"]}]},{\"@type\":\"BreadcrumbList\",\"@id\":\"https:\\\/\\\/rothschenk.de\\\/nl\\\/verzending-levering\\\/#breadcrumb\",\"itemListElement\":[{\"@type\":\"ListItem\",\"position\":1,\"name\":\"Startpagina\",\"item\":\"https:\\\/\\\/rothschenk.de\\\/nl\\\/startpagina\\\/\"},{\"@type\":\"ListItem\",\"position\":2,\"name\":\"Verzending &amp; levering\"}]},{\"@type\":\"WebSite\",\"@id\":\"https:\\\/\\\/rothschenk.de\\\/#website\",\"url\":\"https:\\\/\\\/rothschenk.de\\\/\",\"name\":\"Rothschenk - Der Online Shop f\u00fcr Ladungssicherung\",\"description\":\"Der Online Shop f\u00fcr Ladungssicherung\",\"potentialAction\":[{\"@type\":\"SearchAction\",\"target\":{\"@type\":\"EntryPoint\",\"urlTemplate\":\"https:\\\/\\\/rothschenk.de\\\/?s={search_term_string}\"},\"query-input\":{\"@type\":\"PropertyValueSpecification\",\"valueRequired\":true,\"valueName\":\"search_term_string\"}}],\"inLanguage\":\"nl-NL\"}]}<\/script>\n<!-- \/ Yoast SEO plugin. -->","yoast_head_json":{"title":"Verzending &amp; levering - Rothschenk","robots":{"index":"index","follow":"follow","max-snippet":"max-snippet:-1","max-image-preview":"max-image-preview:large","max-video-preview":"max-video-preview:-1"},"canonical":"https:\/\/rothschenk.de\/nl\/verzending-levering\/","og_locale":"nl_NL","og_type":"article","og_title":"Verzending &amp; levering - Rothschenk","og_description":"Verzending en levering De verzendkosten worden automatisch berekend in het winkelmandje op basis van gewicht en zone.&nbsp; Duitsland (zonder eilanden) Gewicht tot 30 kg: \u20ac 6,90 van 30 &#8211; 60 kg (2 verpakkingen): 12,20 \u20ac netto van 60 &#8211; 90 kg (3 pakketten): \u20ac 19,90 netto Verzending per pallet: 60 \u20ac netto Gratis verzending vanaf [&hellip;]","og_url":"https:\/\/rothschenk.de\/nl\/verzending-levering\/","og_site_name":"Rothschenk","article_publisher":"https:\/\/de-de.facebook.com\/FirmaRothschenk\/","article_modified_time":"2024-10-09T09:19:21+00:00","twitter_card":"summary_large_image","twitter_misc":{"Geschatte leestijd":"1 minuut"},"schema":{"@context":"https:\/\/schema.org","@graph":[{"@type":"WebPage","@id":"https:\/\/rothschenk.de\/nl\/verzending-levering\/","url":"https:\/\/rothschenk.de\/nl\/verzending-levering\/","name":"Verzending &amp; levering - Rothschenk","isPartOf":{"@id":"https:\/\/rothschenk.de\/#website"},"datePublished":"2022-01-29T15:28:27+00:00","dateModified":"2024-10-09T09:19:21+00:00","breadcrumb":{"@id":"https:\/\/rothschenk.de\/nl\/verzending-levering\/#breadcrumb"},"inLanguage":"nl-NL","potentialAction":[{"@type":"ReadAction","target":["https:\/\/rothschenk.de\/nl\/verzending-levering\/"]}]},{"@type":"BreadcrumbList","@id":"https:\/\/rothschenk.de\/nl\/verzending-levering\/#breadcrumb","itemListElement":[{"@type":"ListItem","position":1,"name":"Startpagina","item":"https:\/\/rothschenk.de\/nl\/startpagina\/"},{"@type":"ListItem","position":2,"name":"Verzending &amp; levering"}]},{"@type":"WebSite","@id":"https:\/\/rothschenk.de\/#website","url":"https:\/\/rothschenk.de\/","name":"Rothschenk - Der Online Shop f\u00fcr Ladungssicherung","description":"Der Online Shop f\u00fcr Ladungssicherung","potentialAction":[{"@type":"SearchAction","target":{"@type":"EntryPoint","urlTemplate":"https:\/\/rothschenk.de\/?s={search_term_string}"},"query-input":{"@type":"PropertyValueSpecification","valueRequired":true,"valueName":"search_term_string"}}],"inLanguage":"nl-NL"}]}},"_links":{"self":[{"href":"https:\/\/rothschenk.de\/nl\/wp-json\/wp\/v2\/pages\/112650","targetHints":{"allow":["GET"]}}],"collection":[{"href":"https:\/\/rothschenk.de\/nl\/wp-json\/wp\/v2\/pages"}],"about":[{"href":"https:\/\/rothschenk.de\/nl\/wp-json\/wp\/v2\/types\/page"}],"author":[{"embeddable":true,"href":"https:\/\/rothschenk.de\/nl\/wp-json\/wp\/v2\/users\/1"}],"replies":[{"embeddable":true,"href":"https:\/\/rothschenk.de\/nl\/wp-json\/wp\/v2\/comments?post=112650"}],"version-history":[{"count":2,"href":"https:\/\/rothschenk.de\/nl\/wp-json\/wp\/v2\/pages\/112650\/revisions"}],"predecessor-version":[{"id":341109,"href":"https:\/\/rothschenk.de\/nl\/wp-json\/wp\/v2\/pages\/112650\/revisions\/341109"}],"wp:attachment":[{"href":"https:\/\/rothschenk.de\/nl\/wp-json\/wp\/v2\/media?parent=112650"}],"curies":[{"name":"wp","href":"https:\/\/api.w.org\/{rel}","templated":true}]}}