{"id":111953,"date":"2023-07-16T20:00:39","date_gmt":"2023-07-16T18:00:39","guid":{"rendered":"https:\/\/rothschenk.de\/rothschenk-shop\/produkt\/complete-batterijblaasset-plastic-adapter-voor-smart-ventiel\/"},"modified":"2024-10-09T13:12:33","modified_gmt":"2024-10-09T11:12:33","slug":"complete-batterijblaasset-plastic-adapter-voor-smart-ventiel","status":"publish","type":"product","link":"https:\/\/rothschenk.de\/nl\/product\/complete-batterijblaasset-plastic-adapter-voor-smart-ventiel\/","title":{"rendered":"Batterijblazer PAM complete set | kunststof adapter voor SMART ventiel"},"content":{"rendered":"<h3>Batterijblazer PAM complete set incl. Kunststof adapter voor SMART ventiel<\/h3>\n<p>Inbegrepen in de set:<\/p>\n<ul>\n<li style=\"list-style-type: none;\">\n<ul>\n<li>Handblazer<\/li>\n<li>Flexibele vulslang 700 mm<\/li>\n<li>Adapter: Plastic snelkoppeling voor SMART-kleppen<\/li>\n<li>Verstelbare schouderriem<\/li>\n<li>2x oplaadbare batterij (18 V, 6.600 mAh)<\/li>\n<li>Snellader<\/li>\n<\/ul>\n<\/li>\n<\/ul>\n<p>We hebben een aantrekkelijke mobiele accublaasset gemaakt met de belangrijkste onderdelen van moderne ladingbeveiliging. Deze set is uitgerust met de Quick Connect plastic adapter voor ons Smart-ventiel. Je kunt de adapter rechtstreeks op de batterijblazer aansluiten of de meegeleverde vulslang gebruiken voor meer flexibiliteit.<\/p>\n<p>De krachtige motor in combinatie met de krachtige accu maakt het opblazen van onze stuwzakken kinderspel. Dankzij de meegeleverde tweede accu en de korte oplaadtijden heb je altijd genoeg stroom voor dagelijks gebruik op het laadperron. Je kunt de blazer op batterijen ook gebruiken om bekleding te legen\/stofzuigen. Sluit hiervoor de slang aan op de middelste aansluiting op de basisbehuizing.<\/p>\n<p>In tegenstelling tot stationaire persluchtsystemen geeft onze mobiele batterijblazer je meer vrijheid. Er liggen geen kabels in de weg en struikelgevaar wordt vermeden in het belang van de werkveiligheid. De schouderriem betekent ook dat je beide handen vrij hebt om de lading vast te zetten, zoals de spanbanden, als dat nodig is.<\/p>\n","protected":false},"excerpt":{"rendered":"<p>Batterijblazer PAM complete set incl. Kunststof adapter voor SMART ventiel Inbegrepen in de set: Handblazer Flexibele vulslang 700 mm Adapter: Plastic snelkoppeling voor SMART-kleppen Verstelbare schouderriem 2x oplaadbare batterij (18 V, 6.600 mAh) Snellader We hebben een aantrekkelijke mobiele accublaasset gemaakt met de belangrijkste onderdelen van moderne ladingbeveiliging. Deze set is uitgerust met de Quick [&hellip;]<\/p>\n","protected":false},"featured_media":111956,"comment_status":"open","ping_status":"closed","template":"","meta":{"_acf_changed":false},"product_brand":[],"product_cat":[179,186],"product_tag":[],"class_list":{"0":"post-111953","1":"product","2":"type-product","3":"status-publish","4":"has-post-thumbnail","6":"product_cat-stuwzakken","7":"product_cat-vultechnologie","9":"first","10":"instock","11":"taxable","12":"shipping-taxable","13":"purchasable","14":"product-type-simple"},"acf":[],"yoast_head":"<!-- This site is optimized with the Yoast SEO plugin v27.4 - https:\/\/yoast.com\/product\/yoast-seo-wordpress\/ -->\n<title>%pagina%%<\/title>\n<meta name=\"description\" content=\"Accublazer PAM complete set - incl. Plastic adapter voor SMART ventiel \u2713 Verstelbare schouderriem \u27a4 Bestel nu online!\" \/>\n<meta name=\"robots\" content=\"index, follow, max-snippet:-1, max-image-preview:large, max-video-preview:-1\" \/>\n<link rel=\"canonical\" href=\"https:\/\/rothschenk.de\/nl\/product\/complete-batterijblaasset-plastic-adapter-voor-smart-ventiel\/\" \/>\n<meta property=\"og:locale\" content=\"nl_NL\" \/>\n<meta property=\"og:type\" content=\"article\" \/>\n<meta property=\"og:title\" content=\"%pagina%%\" \/>\n<meta property=\"og:description\" content=\"Accublazer PAM complete set - incl. Plastic adapter voor SMART ventiel \u2713 Verstelbare schouderriem \u27a4 Bestel nu online!\" \/>\n<meta property=\"og:url\" content=\"https:\/\/rothschenk.de\/nl\/product\/complete-batterijblaasset-plastic-adapter-voor-smart-ventiel\/\" \/>\n<meta property=\"og:site_name\" content=\"Rothschenk\" \/>\n<meta property=\"article:publisher\" content=\"https:\/\/de-de.facebook.com\/FirmaRothschenk\/\" \/>\n<meta property=\"article:modified_time\" content=\"2024-10-09T11:12:33+00:00\" \/>\n<meta property=\"og:image\" content=\"https:\/\/rothschenk.de\/wp-content\/uploads\/2023\/02\/24320_PAM-Akkugeblaese-6.jpg\" \/>\n\t<meta property=\"og:image:width\" content=\"1024\" \/>\n\t<meta property=\"og:image:height\" content=\"1024\" \/>\n\t<meta property=\"og:image:type\" content=\"image\/jpeg\" \/>\n<meta name=\"twitter:card\" content=\"summary_large_image\" \/>\n<meta name=\"twitter:label1\" content=\"Prijs\" \/>\n\t<meta name=\"twitter:data1\" content=\"429,00&nbsp;&euro;\" \/>\n\t<meta name=\"twitter:label2\" content=\"Beschikbaarheid\" \/>\n\t<meta name=\"twitter:data2\" content=\"Op voorraad\" \/>\n<script type=\"application\/ld+json\" class=\"yoast-schema-graph\">{\"@context\":\"https:\\\/\\\/schema.org\",\"@graph\":[{\"@type\":\"WebPage\",\"@id\":\"https:\\\/\\\/rothschenk.de\\\/nl\\\/product\\\/complete-batterijblaasset-plastic-adapter-voor-smart-ventiel\\\/\",\"url\":\"https:\\\/\\\/rothschenk.de\\\/nl\\\/product\\\/complete-batterijblaasset-plastic-adapter-voor-smart-ventiel\\\/\",\"name\":\"%pagina%%\",\"isPartOf\":{\"@id\":\"https:\\\/\\\/rothschenk.de\\\/#website\"},\"primaryImageOfPage\":{\"@id\":\"https:\\\/\\\/rothschenk.de\\\/nl\\\/product\\\/complete-batterijblaasset-plastic-adapter-voor-smart-ventiel\\\/#primaryimage\"},\"image\":{\"@id\":\"https:\\\/\\\/rothschenk.de\\\/nl\\\/product\\\/complete-batterijblaasset-plastic-adapter-voor-smart-ventiel\\\/#primaryimage\"},\"thumbnailUrl\":\"https:\\\/\\\/rothschenk.de\\\/wp-content\\\/uploads\\\/2023\\\/02\\\/24320_PAM-Akkugeblaese-6.jpg\",\"datePublished\":\"2023-07-16T18:00:39+00:00\",\"dateModified\":\"2024-10-09T11:12:33+00:00\",\"description\":\"Accublazer PAM complete set - incl. Plastic adapter voor SMART ventiel \u2713 Verstelbare schouderriem \u27a4 Bestel nu online!\",\"breadcrumb\":{\"@id\":\"https:\\\/\\\/rothschenk.de\\\/nl\\\/product\\\/complete-batterijblaasset-plastic-adapter-voor-smart-ventiel\\\/#breadcrumb\"},\"inLanguage\":\"nl-NL\",\"potentialAction\":[{\"@type\":\"ReadAction\",\"target\":[\"https:\\\/\\\/rothschenk.de\\\/nl\\\/product\\\/complete-batterijblaasset-plastic-adapter-voor-smart-ventiel\\\/\"]}]},{\"@type\":\"ImageObject\",\"inLanguage\":\"nl-NL\",\"@id\":\"https:\\\/\\\/rothschenk.de\\\/nl\\\/product\\\/complete-batterijblaasset-plastic-adapter-voor-smart-ventiel\\\/#primaryimage\",\"url\":\"https:\\\/\\\/rothschenk.de\\\/wp-content\\\/uploads\\\/2023\\\/02\\\/24320_PAM-Akkugeblaese-6.jpg\",\"contentUrl\":\"https:\\\/\\\/rothschenk.de\\\/wp-content\\\/uploads\\\/2023\\\/02\\\/24320_PAM-Akkugeblaese-6.jpg\",\"width\":1024,\"height\":1024,\"caption\":\"Akkugebl\u00e4se_PAM_Cargo Tuff_Bef\u00fclltecnik_Staupolster_Stausack_Smart Ventil_Quick Connect_Ladeger\u00e4t_Akku_Gebl\u00e4se_Ladungssicherung_Rothschenk\"},{\"@type\":\"BreadcrumbList\",\"@id\":\"https:\\\/\\\/rothschenk.de\\\/nl\\\/product\\\/complete-batterijblaasset-plastic-adapter-voor-smart-ventiel\\\/#breadcrumb\",\"itemListElement\":[{\"@type\":\"ListItem\",\"position\":1,\"name\":\"Startpagina\",\"item\":\"https:\\\/\\\/rothschenk.de\\\/nl\\\/startpagina\\\/\"},{\"@type\":\"ListItem\",\"position\":2,\"name\":\"Winkel op\",\"item\":\"https:\\\/\\\/rothschenk.de\\\/nl\\\/winkel-op\\\/\"},{\"@type\":\"ListItem\",\"position\":3,\"name\":\"Batterijblazer PAM complete set | kunststof adapter voor SMART ventiel\"}]},{\"@type\":\"WebSite\",\"@id\":\"https:\\\/\\\/rothschenk.de\\\/#website\",\"url\":\"https:\\\/\\\/rothschenk.de\\\/\",\"name\":\"Rothschenk - Der Online Shop f\u00fcr Ladungssicherung\",\"description\":\"Der Online Shop f\u00fcr Ladungssicherung\",\"potentialAction\":[{\"@type\":\"SearchAction\",\"target\":{\"@type\":\"EntryPoint\",\"urlTemplate\":\"https:\\\/\\\/rothschenk.de\\\/?s={search_term_string}\"},\"query-input\":{\"@type\":\"PropertyValueSpecification\",\"valueRequired\":true,\"valueName\":\"search_term_string\"}}],\"inLanguage\":\"nl-NL\"}]}<\/script>\n<meta property=\"product:price:amount\" content=\"429.00\" \/>\n<meta property=\"product:price:currency\" content=\"EUR\" \/>\n<meta property=\"og:availability\" content=\"instock\" \/>\n<meta property=\"product:availability\" content=\"instock\" \/>\n<meta property=\"product:retailer_item_id\" content=\"24320\" \/>\n<meta property=\"product:condition\" content=\"new\" \/>\n<!-- \/ Yoast SEO plugin. -->","yoast_head_json":{"title":"%pagina%%","description":"Accublazer PAM complete set - incl. Plastic adapter voor SMART ventiel \u2713 Verstelbare schouderriem \u27a4 Bestel nu online!","robots":{"index":"index","follow":"follow","max-snippet":"max-snippet:-1","max-image-preview":"max-image-preview:large","max-video-preview":"max-video-preview:-1"},"canonical":"https:\/\/rothschenk.de\/nl\/product\/complete-batterijblaasset-plastic-adapter-voor-smart-ventiel\/","og_locale":"nl_NL","og_type":"article","og_title":"%pagina%%","og_description":"Accublazer PAM complete set - incl. Plastic adapter voor SMART ventiel \u2713 Verstelbare schouderriem \u27a4 Bestel nu online!","og_url":"https:\/\/rothschenk.de\/nl\/product\/complete-batterijblaasset-plastic-adapter-voor-smart-ventiel\/","og_site_name":"Rothschenk","article_publisher":"https:\/\/de-de.facebook.com\/FirmaRothschenk\/","article_modified_time":"2024-10-09T11:12:33+00:00","og_image":[{"width":1024,"height":1024,"url":"https:\/\/rothschenk.de\/wp-content\/uploads\/2023\/02\/24320_PAM-Akkugeblaese-6.jpg","type":"image\/jpeg"}],"twitter_card":"summary_large_image","twitter_misc":{"Prijs":"429,00&nbsp;&euro;","Beschikbaarheid":"Op voorraad"},"schema":{"@context":"https:\/\/schema.org","@graph":[{"@type":"WebPage","@id":"https:\/\/rothschenk.de\/nl\/product\/complete-batterijblaasset-plastic-adapter-voor-smart-ventiel\/","url":"https:\/\/rothschenk.de\/nl\/product\/complete-batterijblaasset-plastic-adapter-voor-smart-ventiel\/","name":"%pagina%%","isPartOf":{"@id":"https:\/\/rothschenk.de\/#website"},"primaryImageOfPage":{"@id":"https:\/\/rothschenk.de\/nl\/product\/complete-batterijblaasset-plastic-adapter-voor-smart-ventiel\/#primaryimage"},"image":{"@id":"https:\/\/rothschenk.de\/nl\/product\/complete-batterijblaasset-plastic-adapter-voor-smart-ventiel\/#primaryimage"},"thumbnailUrl":"https:\/\/rothschenk.de\/wp-content\/uploads\/2023\/02\/24320_PAM-Akkugeblaese-6.jpg","datePublished":"2023-07-16T18:00:39+00:00","dateModified":"2024-10-09T11:12:33+00:00","description":"Accublazer PAM complete set - incl. Plastic adapter voor SMART ventiel \u2713 Verstelbare schouderriem \u27a4 Bestel nu online!","breadcrumb":{"@id":"https:\/\/rothschenk.de\/nl\/product\/complete-batterijblaasset-plastic-adapter-voor-smart-ventiel\/#breadcrumb"},"inLanguage":"nl-NL","potentialAction":[{"@type":"ReadAction","target":["https:\/\/rothschenk.de\/nl\/product\/complete-batterijblaasset-plastic-adapter-voor-smart-ventiel\/"]}]},{"@type":"ImageObject","inLanguage":"nl-NL","@id":"https:\/\/rothschenk.de\/nl\/product\/complete-batterijblaasset-plastic-adapter-voor-smart-ventiel\/#primaryimage","url":"https:\/\/rothschenk.de\/wp-content\/uploads\/2023\/02\/24320_PAM-Akkugeblaese-6.jpg","contentUrl":"https:\/\/rothschenk.de\/wp-content\/uploads\/2023\/02\/24320_PAM-Akkugeblaese-6.jpg","width":1024,"height":1024,"caption":"Akkugebl\u00e4se_PAM_Cargo Tuff_Bef\u00fclltecnik_Staupolster_Stausack_Smart Ventil_Quick Connect_Ladeger\u00e4t_Akku_Gebl\u00e4se_Ladungssicherung_Rothschenk"},{"@type":"BreadcrumbList","@id":"https:\/\/rothschenk.de\/nl\/product\/complete-batterijblaasset-plastic-adapter-voor-smart-ventiel\/#breadcrumb","itemListElement":[{"@type":"ListItem","position":1,"name":"Startpagina","item":"https:\/\/rothschenk.de\/nl\/startpagina\/"},{"@type":"ListItem","position":2,"name":"Winkel op","item":"https:\/\/rothschenk.de\/nl\/winkel-op\/"},{"@type":"ListItem","position":3,"name":"Batterijblazer PAM complete set | kunststof adapter voor SMART ventiel"}]},{"@type":"WebSite","@id":"https:\/\/rothschenk.de\/#website","url":"https:\/\/rothschenk.de\/","name":"Rothschenk - Der Online Shop f\u00fcr Ladungssicherung","description":"Der Online Shop f\u00fcr Ladungssicherung","potentialAction":[{"@type":"SearchAction","target":{"@type":"EntryPoint","urlTemplate":"https:\/\/rothschenk.de\/?s={search_term_string}"},"query-input":{"@type":"PropertyValueSpecification","valueRequired":true,"valueName":"search_term_string"}}],"inLanguage":"nl-NL"}]},"product_price_amount":"429.00","product_price_currency":"EUR","og_availability":"instock","product_availability":"instock","product_retailer_item_id":"24320","product_condition":"new"},"_links":{"self":[{"href":"https:\/\/rothschenk.de\/nl\/wp-json\/wp\/v2\/product\/111953","targetHints":{"allow":["GET"]}}],"collection":[{"href":"https:\/\/rothschenk.de\/nl\/wp-json\/wp\/v2\/product"}],"about":[{"href":"https:\/\/rothschenk.de\/nl\/wp-json\/wp\/v2\/types\/product"}],"replies":[{"embeddable":true,"href":"https:\/\/rothschenk.de\/nl\/wp-json\/wp\/v2\/comments?post=111953"}],"wp:featuredmedia":[{"embeddable":true,"href":"https:\/\/rothschenk.de\/nl\/wp-json\/wp\/v2\/media\/111956"}],"wp:attachment":[{"href":"https:\/\/rothschenk.de\/nl\/wp-json\/wp\/v2\/media?parent=111953"}],"wp:term":[{"taxonomy":"product_brand","embeddable":true,"href":"https:\/\/rothschenk.de\/nl\/wp-json\/wp\/v2\/product_brand?post=111953"},{"taxonomy":"product_cat","embeddable":true,"href":"https:\/\/rothschenk.de\/nl\/wp-json\/wp\/v2\/product_cat?post=111953"},{"taxonomy":"product_tag","embeddable":true,"href":"https:\/\/rothschenk.de\/nl\/wp-json\/wp\/v2\/product_tag?post=111953"}],"curies":[{"name":"wp","href":"https:\/\/api.w.org\/{rel}","templated":true}]}}