{"id":112177,"date":"2023-03-01T11:30:57","date_gmt":"2023-03-01T10:30:57","guid":{"rendered":"https:\/\/rothschenk.de\/rothschenk-shop\/produkt\/ergolash-spanband-2-delig-matty-e60-6-m\/"},"modified":"2026-03-30T09:12:16","modified_gmt":"2026-03-30T07:12:16","slug":"ergolash-spanband-2-delig-matty-e60-6-m","status":"publish","type":"product","link":"https:\/\/rothschenk.de\/nl\/product\/ergolash-spanband-2-delig-matty-e60-6-m\/","title":{"rendered":"Ergolash\u00ae spanband | 2-delig | Matty E60 | 6 m x 35 mm"},"content":{"rendered":"<h3>Ergolash\u00ae spanband | 2-delig | Matty E60 | 6 m x 35 mm<\/h3>\n<p>Der Zurrgurt aus der Matty-Serie eignet sich perfekt f\u00fcr Sie als Handwerker, wenn Sie einen etwas gr\u00f6\u00dferen und st\u00e4rkeren Zurrgurt ben\u00f6tigen.<\/p>\n<p><strong>De speciale eigenschap van Ergolash spanbanden:<\/strong><\/p>\n<p>De nieuwe innovatieve schacht in de ratel maakt het mogelijk om de spanbanden snel vanaf de zijkant in te brengen en bespaart tot 35% van je tijd bij het vastsjorren. Je hoeft niet langer de hele band door de ratel te trekken, maar kunt de band gewoon aan de zijkant van de open wikkelas inbrengen. Deze functie is gepatenteerd en alleen beschikbaar voor ERGOLASH spanbanden. Een echte innovatie op het gebied van spanriemen.<\/p>\n","protected":false},"excerpt":{"rendered":"<p>Ergolash\u00ae spanband | 2-delig | Matty E60 | 6 m x 35 mm Der Zurrgurt aus der Matty-Serie eignet sich perfekt f\u00fcr Sie als Handwerker, wenn Sie einen etwas gr\u00f6\u00dferen und st\u00e4rkeren Zurrgurt ben\u00f6tigen. De speciale eigenschap van Ergolash spanbanden: De nieuwe innovatieve schacht in de ratel maakt het mogelijk om de spanbanden snel vanaf [&hellip;]<\/p>\n","protected":false},"featured_media":112079,"comment_status":"open","ping_status":"closed","template":"","meta":{"_acf_changed":false},"product_brand":[],"product_cat":[203,197],"product_tag":[],"class_list":{"0":"post-112177","1":"product","2":"type-product","3":"status-publish","4":"has-post-thumbnail","6":"product_cat-ergolash-nl","7":"product_cat-spanbanden","9":"first","10":"outofstock","11":"taxable","12":"shipping-taxable","13":"purchasable","14":"product-type-simple"},"acf":[],"yoast_head":"<!-- This site is optimized with the Yoast SEO plugin v27.4 - https:\/\/yoast.com\/product\/yoast-seo-wordpress\/ -->\n<title>Ergolash\u00ae spanband | 2-delig | Matty E60 | 6 m x 35 mm - Rothschenk<\/title>\n<meta name=\"description\" content=\"Spanband \u25b6 Lengte vast uiteinde: 0,30 m \u2713 Lengte los uiteinde: 5,70 m \u2713 Draagvermogen bij omsnoering LC: 2.000 daN \u2713 Zijdelingse invoer \u25b6 Nu bestellen!\" \/>\n<meta name=\"robots\" content=\"index, follow, max-snippet:-1, max-image-preview:large, max-video-preview:-1\" \/>\n<link rel=\"canonical\" href=\"https:\/\/rothschenk.de\/nl\/produkt\/ergolash-spanband-2-delig-matty-e60-6-m\/\" \/>\n<meta property=\"og:locale\" content=\"nl_NL\" \/>\n<meta property=\"og:type\" content=\"article\" \/>\n<meta property=\"og:title\" content=\"Ergolash\u00ae spanband | 2-delig | Matty E60 | 6 m x 35 mm - Rothschenk\" \/>\n<meta property=\"og:description\" content=\"Spanband \u25b6 Lengte vast uiteinde: 0,30 m \u2713 Lengte los uiteinde: 5,70 m \u2713 Draagvermogen bij omsnoering LC: 2.000 daN \u2713 Zijdelingse invoer \u25b6 Nu bestellen!\" \/>\n<meta property=\"og:url\" content=\"https:\/\/rothschenk.de\/nl\/produkt\/ergolash-spanband-2-delig-matty-e60-6-m\/\" \/>\n<meta property=\"og:site_name\" content=\"Rothschenk\" \/>\n<meta property=\"article:publisher\" content=\"https:\/\/de-de.facebook.com\/FirmaRothschenk\/\" \/>\n<meta property=\"article:modified_time\" content=\"2026-03-30T07:12:16+00:00\" \/>\n<meta property=\"og:image\" content=\"https:\/\/rothschenk.de\/wp-content\/uploads\/2023\/11\/Ergolash-Matty.jpg\" \/>\n\t<meta property=\"og:image:width\" content=\"1024\" \/>\n\t<meta property=\"og:image:height\" content=\"1024\" \/>\n\t<meta property=\"og:image:type\" content=\"image\/jpeg\" \/>\n<meta name=\"twitter:card\" content=\"summary_large_image\" \/>\n<meta name=\"twitter:label1\" content=\"Prijs\" \/>\n\t<meta name=\"twitter:data1\" content=\"9,87&nbsp;&euro;\" \/>\n\t<meta name=\"twitter:label2\" content=\"Beschikbaarheid\" \/>\n\t<meta name=\"twitter:data2\" content=\"Uitverkocht\" \/>\n<script type=\"application\/ld+json\" class=\"yoast-schema-graph\">{\"@context\":\"https:\\\/\\\/schema.org\",\"@graph\":[{\"@type\":\"WebPage\",\"@id\":\"https:\\\/\\\/rothschenk.de\\\/nl\\\/produkt\\\/ergolash-spanband-2-delig-matty-e60-6-m\\\/\",\"url\":\"https:\\\/\\\/rothschenk.de\\\/nl\\\/produkt\\\/ergolash-spanband-2-delig-matty-e60-6-m\\\/\",\"name\":\"Ergolash\u00ae spanband | 2-delig | Matty E60 | 6 m x 35 mm - Rothschenk\",\"isPartOf\":{\"@id\":\"https:\\\/\\\/rothschenk.de\\\/#website\"},\"primaryImageOfPage\":{\"@id\":\"https:\\\/\\\/rothschenk.de\\\/nl\\\/produkt\\\/ergolash-spanband-2-delig-matty-e60-6-m\\\/#primaryimage\"},\"image\":{\"@id\":\"https:\\\/\\\/rothschenk.de\\\/nl\\\/produkt\\\/ergolash-spanband-2-delig-matty-e60-6-m\\\/#primaryimage\"},\"thumbnailUrl\":\"https:\\\/\\\/rothschenk.de\\\/wp-content\\\/uploads\\\/2023\\\/11\\\/Ergolash-Matty.jpg\",\"datePublished\":\"2023-03-01T10:30:57+00:00\",\"dateModified\":\"2026-03-30T07:12:16+00:00\",\"description\":\"Spanband \u25b6 Lengte vast uiteinde: 0,30 m \u2713 Lengte los uiteinde: 5,70 m \u2713 Draagvermogen bij omsnoering LC: 2.000 daN \u2713 Zijdelingse invoer \u25b6 Nu bestellen!\",\"breadcrumb\":{\"@id\":\"https:\\\/\\\/rothschenk.de\\\/nl\\\/produkt\\\/ergolash-spanband-2-delig-matty-e60-6-m\\\/#breadcrumb\"},\"inLanguage\":\"nl-NL\",\"potentialAction\":[{\"@type\":\"ReadAction\",\"target\":[\"https:\\\/\\\/rothschenk.de\\\/nl\\\/produkt\\\/ergolash-spanband-2-delig-matty-e60-6-m\\\/\"]}]},{\"@type\":\"ImageObject\",\"inLanguage\":\"nl-NL\",\"@id\":\"https:\\\/\\\/rothschenk.de\\\/nl\\\/produkt\\\/ergolash-spanband-2-delig-matty-e60-6-m\\\/#primaryimage\",\"url\":\"https:\\\/\\\/rothschenk.de\\\/wp-content\\\/uploads\\\/2023\\\/11\\\/Ergolash-Matty.jpg\",\"contentUrl\":\"https:\\\/\\\/rothschenk.de\\\/wp-content\\\/uploads\\\/2023\\\/11\\\/Ergolash-Matty.jpg\",\"width\":1024,\"height\":1024,\"caption\":\"groene spanband Ergolash Matty\"},{\"@type\":\"BreadcrumbList\",\"@id\":\"https:\\\/\\\/rothschenk.de\\\/nl\\\/produkt\\\/ergolash-spanband-2-delig-matty-e60-6-m\\\/#breadcrumb\",\"itemListElement\":[{\"@type\":\"ListItem\",\"position\":1,\"name\":\"Startpagina\",\"item\":\"https:\\\/\\\/rothschenk.de\\\/nl\\\/startpagina\\\/\"},{\"@type\":\"ListItem\",\"position\":2,\"name\":\"Winkel op\",\"item\":\"https:\\\/\\\/rothschenk.de\\\/nl\\\/winkel-op\\\/\"},{\"@type\":\"ListItem\",\"position\":3,\"name\":\"Ergolash\u00ae spanband | 2-delig | Matty E60 | 6 m x 35 mm\"}]},{\"@type\":\"WebSite\",\"@id\":\"https:\\\/\\\/rothschenk.de\\\/#website\",\"url\":\"https:\\\/\\\/rothschenk.de\\\/\",\"name\":\"Rothschenk - Der Online Shop f\u00fcr Ladungssicherung\",\"description\":\"Der Online Shop f\u00fcr Ladungssicherung\",\"potentialAction\":[{\"@type\":\"SearchAction\",\"target\":{\"@type\":\"EntryPoint\",\"urlTemplate\":\"https:\\\/\\\/rothschenk.de\\\/?s={search_term_string}\"},\"query-input\":{\"@type\":\"PropertyValueSpecification\",\"valueRequired\":true,\"valueName\":\"search_term_string\"}}],\"inLanguage\":\"nl-NL\"}]}<\/script>\n<meta property=\"product:price:amount\" content=\"9.87\" \/>\n<meta property=\"product:price:currency\" content=\"EUR\" \/>\n<meta property=\"og:availability\" content=\"out of stock\" \/>\n<meta property=\"product:availability\" content=\"out of stock\" \/>\n<meta property=\"product:retailer_item_id\" content=\"26085\" \/>\n<meta property=\"product:condition\" content=\"new\" \/>\n<!-- \/ Yoast SEO plugin. -->","yoast_head_json":{"title":"Ergolash\u00ae spanband | 2-delig | Matty E60 | 6 m x 35 mm - Rothschenk","description":"Spanband \u25b6 Lengte vast uiteinde: 0,30 m \u2713 Lengte los uiteinde: 5,70 m \u2713 Draagvermogen bij omsnoering LC: 2.000 daN \u2713 Zijdelingse invoer \u25b6 Nu bestellen!","robots":{"index":"index","follow":"follow","max-snippet":"max-snippet:-1","max-image-preview":"max-image-preview:large","max-video-preview":"max-video-preview:-1"},"canonical":"https:\/\/rothschenk.de\/nl\/produkt\/ergolash-spanband-2-delig-matty-e60-6-m\/","og_locale":"nl_NL","og_type":"article","og_title":"Ergolash\u00ae spanband | 2-delig | Matty E60 | 6 m x 35 mm - Rothschenk","og_description":"Spanband \u25b6 Lengte vast uiteinde: 0,30 m \u2713 Lengte los uiteinde: 5,70 m \u2713 Draagvermogen bij omsnoering LC: 2.000 daN \u2713 Zijdelingse invoer \u25b6 Nu bestellen!","og_url":"https:\/\/rothschenk.de\/nl\/produkt\/ergolash-spanband-2-delig-matty-e60-6-m\/","og_site_name":"Rothschenk","article_publisher":"https:\/\/de-de.facebook.com\/FirmaRothschenk\/","article_modified_time":"2026-03-30T07:12:16+00:00","og_image":[{"width":1024,"height":1024,"url":"https:\/\/rothschenk.de\/wp-content\/uploads\/2023\/11\/Ergolash-Matty.jpg","type":"image\/jpeg"}],"twitter_card":"summary_large_image","twitter_misc":{"Prijs":"9,87&nbsp;&euro;","Beschikbaarheid":"Uitverkocht"},"schema":{"@context":"https:\/\/schema.org","@graph":[{"@type":"WebPage","@id":"https:\/\/rothschenk.de\/nl\/produkt\/ergolash-spanband-2-delig-matty-e60-6-m\/","url":"https:\/\/rothschenk.de\/nl\/produkt\/ergolash-spanband-2-delig-matty-e60-6-m\/","name":"Ergolash\u00ae spanband | 2-delig | Matty E60 | 6 m x 35 mm - Rothschenk","isPartOf":{"@id":"https:\/\/rothschenk.de\/#website"},"primaryImageOfPage":{"@id":"https:\/\/rothschenk.de\/nl\/produkt\/ergolash-spanband-2-delig-matty-e60-6-m\/#primaryimage"},"image":{"@id":"https:\/\/rothschenk.de\/nl\/produkt\/ergolash-spanband-2-delig-matty-e60-6-m\/#primaryimage"},"thumbnailUrl":"https:\/\/rothschenk.de\/wp-content\/uploads\/2023\/11\/Ergolash-Matty.jpg","datePublished":"2023-03-01T10:30:57+00:00","dateModified":"2026-03-30T07:12:16+00:00","description":"Spanband \u25b6 Lengte vast uiteinde: 0,30 m \u2713 Lengte los uiteinde: 5,70 m \u2713 Draagvermogen bij omsnoering LC: 2.000 daN \u2713 Zijdelingse invoer \u25b6 Nu bestellen!","breadcrumb":{"@id":"https:\/\/rothschenk.de\/nl\/produkt\/ergolash-spanband-2-delig-matty-e60-6-m\/#breadcrumb"},"inLanguage":"nl-NL","potentialAction":[{"@type":"ReadAction","target":["https:\/\/rothschenk.de\/nl\/produkt\/ergolash-spanband-2-delig-matty-e60-6-m\/"]}]},{"@type":"ImageObject","inLanguage":"nl-NL","@id":"https:\/\/rothschenk.de\/nl\/produkt\/ergolash-spanband-2-delig-matty-e60-6-m\/#primaryimage","url":"https:\/\/rothschenk.de\/wp-content\/uploads\/2023\/11\/Ergolash-Matty.jpg","contentUrl":"https:\/\/rothschenk.de\/wp-content\/uploads\/2023\/11\/Ergolash-Matty.jpg","width":1024,"height":1024,"caption":"groene spanband Ergolash Matty"},{"@type":"BreadcrumbList","@id":"https:\/\/rothschenk.de\/nl\/produkt\/ergolash-spanband-2-delig-matty-e60-6-m\/#breadcrumb","itemListElement":[{"@type":"ListItem","position":1,"name":"Startpagina","item":"https:\/\/rothschenk.de\/nl\/startpagina\/"},{"@type":"ListItem","position":2,"name":"Winkel op","item":"https:\/\/rothschenk.de\/nl\/winkel-op\/"},{"@type":"ListItem","position":3,"name":"Ergolash\u00ae spanband | 2-delig | Matty E60 | 6 m x 35 mm"}]},{"@type":"WebSite","@id":"https:\/\/rothschenk.de\/#website","url":"https:\/\/rothschenk.de\/","name":"Rothschenk - Der Online Shop f\u00fcr Ladungssicherung","description":"Der Online Shop f\u00fcr Ladungssicherung","potentialAction":[{"@type":"SearchAction","target":{"@type":"EntryPoint","urlTemplate":"https:\/\/rothschenk.de\/?s={search_term_string}"},"query-input":{"@type":"PropertyValueSpecification","valueRequired":true,"valueName":"search_term_string"}}],"inLanguage":"nl-NL"}]},"product_price_amount":"9.87","product_price_currency":"EUR","og_availability":"out of stock","product_availability":"out of stock","product_retailer_item_id":"26085","product_condition":"new"},"_links":{"self":[{"href":"https:\/\/rothschenk.de\/nl\/wp-json\/wp\/v2\/product\/112177","targetHints":{"allow":["GET"]}}],"collection":[{"href":"https:\/\/rothschenk.de\/nl\/wp-json\/wp\/v2\/product"}],"about":[{"href":"https:\/\/rothschenk.de\/nl\/wp-json\/wp\/v2\/types\/product"}],"replies":[{"embeddable":true,"href":"https:\/\/rothschenk.de\/nl\/wp-json\/wp\/v2\/comments?post=112177"}],"wp:featuredmedia":[{"embeddable":true,"href":"https:\/\/rothschenk.de\/nl\/wp-json\/wp\/v2\/media\/112079"}],"wp:attachment":[{"href":"https:\/\/rothschenk.de\/nl\/wp-json\/wp\/v2\/media?parent=112177"}],"wp:term":[{"taxonomy":"product_brand","embeddable":true,"href":"https:\/\/rothschenk.de\/nl\/wp-json\/wp\/v2\/product_brand?post=112177"},{"taxonomy":"product_cat","embeddable":true,"href":"https:\/\/rothschenk.de\/nl\/wp-json\/wp\/v2\/product_cat?post=112177"},{"taxonomy":"product_tag","embeddable":true,"href":"https:\/\/rothschenk.de\/nl\/wp-json\/wp\/v2\/product_tag?post=112177"}],"curies":[{"name":"wp","href":"https:\/\/api.w.org\/{rel}","templated":true}]}}