{"id":112393,"date":"2023-01-01T09:30:47","date_gmt":"2023-01-01T08:30:47","guid":{"rendered":"https:\/\/rothschenk.de\/rothschenk-shop\/produkt\/antislipmat-5-000-x-250-x-8-mm\/"},"modified":"2024-10-09T13:13:19","modified_gmt":"2024-10-09T11:13:19","slug":"antislipmat-5-000-x-250-x-8-mm","status":"publish","type":"product","link":"https:\/\/rothschenk.de\/nl\/product\/antislipmat-5-000-x-250-x-8-mm\/","title":{"rendered":"Antislipmat | 5.000 x 250 x 8 mm"},"content":{"rendered":"<h3>Antislipmat | 5.000 x 250 x 8 mm<\/h3>\n<p>Rubberen antislipmatten zijn een eenvoudige maar effectieve manier om de wrijvingsco\u00ebffici\u00ebnt te verhogen bij het vastzetten van ladingen. Het op kwaliteit geteste materiaal wordt onder de goederen bevestigd en vermindert het aantal spanbanden dat nodig is. Antisliprubber wordt daarom aanbevolen als een kosteneffectief en relatief zeer effici\u00ebnt hulpmiddel voor het vastzetten van ladingen in containers en vrachtwagentransporten.<\/p>\n<p>De wrijving tussen twee materialen &#8211; bijvoorbeeld tussen een europallet en de vrachtwagenvloer (ruw\/glad) &#8211; wordt gedefinieerd als de wrijvingsco\u00ebffici\u00ebnt. Het gebruik van antislipmatten verhoogt de wrijvingsco\u00ebffici\u00ebnt, waardoor de goederen minder snel wegglijden. De krachten die moeten worden vastgezet volgens de CTU-code zijn daarom aanzienlijk lager en de verlader kan gunstigere apparatuur voor het vastzetten van de lading gebruiken (bijvoorbeeld spanbanden, stuwzakken, enz.). Vooral in de vrachtsector kan dit ertoe bijdragen dat hogere laadgewichten mogelijk zijn.<\/p>\n<p>Het PU-gebonden rubber heeft een glijwrijvingsco\u00ebffici\u00ebnt van 0,6 \u00b5 tot 0,9 \u00b5 (afhankelijk van de materiaalcombinatie), is temperatuurbestendig van -30 tot 100 \u00b0C en is ook geschikt voor onbeschermde weersomstandigheden.<\/p>\n<p>Meer informatie over antislipmatten vind je in onze <a href=\"https:\/\/rothschenk.de\/folge-12-wie-funktioniert-eine-antirutschmatte\/\">blogsectie<\/a>.<\/p>\n","protected":false},"excerpt":{"rendered":"<p>Antislipmat | 5.000 x 250 x 8 mm Rubberen antislipmatten zijn een eenvoudige maar effectieve manier om de wrijvingsco\u00ebffici\u00ebnt te verhogen bij het vastzetten van ladingen. Het op kwaliteit geteste materiaal wordt onder de goederen bevestigd en vermindert het aantal spanbanden dat nodig is. Antisliprubber wordt daarom aanbevolen als een kosteneffectief en relatief zeer effici\u00ebnt [&hellip;]<\/p>\n","protected":false},"featured_media":112398,"comment_status":"open","ping_status":"closed","template":"","meta":{"_acf_changed":false},"product_brand":[],"product_cat":[210,216],"product_tag":[],"class_list":{"0":"post-112393","1":"product","2":"type-product","3":"status-publish","4":"has-post-thumbnail","6":"product_cat-antislip","7":"product_cat-antislipmatten-op-rol","9":"first","10":"instock","11":"sale","12":"taxable","13":"shipping-taxable","14":"purchasable","15":"product-type-variable"},"acf":[],"yoast_head":"<!-- This site is optimized with the Yoast SEO plugin v27.3 - https:\/\/yoast.com\/product\/yoast-seo-wordpress\/ -->\n<title>Antislipmat | 5.000 x 250 x 8 mm - Rothschenk<\/title>\n<meta name=\"description\" content=\"Rubberen antislipmat voor ladingbeveiliging - Made in Germany \u2713 Snelle verzending \u2713 Kopen op rekening \u25ba Bestel nu!\" \/>\n<meta name=\"robots\" content=\"index, follow, max-snippet:-1, max-image-preview:large, max-video-preview:-1\" \/>\n<link rel=\"canonical\" href=\"https:\/\/rothschenk.de\/nl\/product\/antislipmat-5-000-x-250-x-8-mm\/\" \/>\n<meta property=\"og:locale\" content=\"nl_NL\" \/>\n<meta property=\"og:type\" content=\"article\" \/>\n<meta property=\"og:title\" content=\"Antislipmat | 5.000 x 250 x 8 mm - Rothschenk\" \/>\n<meta property=\"og:description\" content=\"Rubberen antislipmat voor ladingbeveiliging - Made in Germany \u2713 Snelle verzending \u2713 Kopen op rekening \u25ba Bestel nu!\" \/>\n<meta property=\"og:url\" content=\"https:\/\/rothschenk.de\/nl\/product\/antislipmat-5-000-x-250-x-8-mm\/\" \/>\n<meta property=\"og:site_name\" content=\"Rothschenk\" \/>\n<meta property=\"article:publisher\" content=\"https:\/\/de-de.facebook.com\/FirmaRothschenk\/\" \/>\n<meta property=\"article:modified_time\" content=\"2024-10-09T11:13:19+00:00\" \/>\n<meta property=\"og:image\" content=\"https:\/\/rothschenk.de\/wp-content\/uploads\/2023\/11\/10898_Antirutschmatte-5000x250x8-1.jpg\" \/>\n\t<meta property=\"og:image:width\" content=\"1024\" \/>\n\t<meta property=\"og:image:height\" content=\"1024\" \/>\n\t<meta property=\"og:image:type\" content=\"image\/jpeg\" \/>\n<meta name=\"twitter:card\" content=\"summary_large_image\" \/>\n<meta name=\"twitter:label1\" content=\"Beschikbaarheid\" \/>\n\t<meta name=\"twitter:data1\" content=\"Op voorraad\" \/>\n<script type=\"application\/ld+json\" class=\"yoast-schema-graph\">{\"@context\":\"https:\\\/\\\/schema.org\",\"@graph\":[{\"@type\":\"WebPage\",\"@id\":\"https:\\\/\\\/rothschenk.de\\\/nl\\\/product\\\/antislipmat-5-000-x-250-x-8-mm\\\/\",\"url\":\"https:\\\/\\\/rothschenk.de\\\/nl\\\/product\\\/antislipmat-5-000-x-250-x-8-mm\\\/\",\"name\":\"Antislipmat | 5.000 x 250 x 8 mm - Rothschenk\",\"isPartOf\":{\"@id\":\"https:\\\/\\\/rothschenk.de\\\/#website\"},\"primaryImageOfPage\":{\"@id\":\"https:\\\/\\\/rothschenk.de\\\/nl\\\/product\\\/antislipmat-5-000-x-250-x-8-mm\\\/#primaryimage\"},\"image\":{\"@id\":\"https:\\\/\\\/rothschenk.de\\\/nl\\\/product\\\/antislipmat-5-000-x-250-x-8-mm\\\/#primaryimage\"},\"thumbnailUrl\":\"https:\\\/\\\/rothschenk.de\\\/wp-content\\\/uploads\\\/2023\\\/11\\\/10898_Antirutschmatte-5000x250x8-1.jpg\",\"datePublished\":\"2023-01-01T08:30:47+00:00\",\"dateModified\":\"2024-10-09T11:13:19+00:00\",\"description\":\"Rubberen antislipmat voor ladingbeveiliging - Made in Germany \u2713 Snelle verzending \u2713 Kopen op rekening \u25ba Bestel nu!\",\"breadcrumb\":{\"@id\":\"https:\\\/\\\/rothschenk.de\\\/nl\\\/product\\\/antislipmat-5-000-x-250-x-8-mm\\\/#breadcrumb\"},\"inLanguage\":\"nl-NL\",\"potentialAction\":[{\"@type\":\"ReadAction\",\"target\":[\"https:\\\/\\\/rothschenk.de\\\/nl\\\/product\\\/antislipmat-5-000-x-250-x-8-mm\\\/\"]}]},{\"@type\":\"ImageObject\",\"inLanguage\":\"nl-NL\",\"@id\":\"https:\\\/\\\/rothschenk.de\\\/nl\\\/product\\\/antislipmat-5-000-x-250-x-8-mm\\\/#primaryimage\",\"url\":\"https:\\\/\\\/rothschenk.de\\\/wp-content\\\/uploads\\\/2023\\\/11\\\/10898_Antirutschmatte-5000x250x8-1.jpg\",\"contentUrl\":\"https:\\\/\\\/rothschenk.de\\\/wp-content\\\/uploads\\\/2023\\\/11\\\/10898_Antirutschmatte-5000x250x8-1.jpg\",\"width\":1024,\"height\":1024,\"caption\":\"Antirutsch_Antirutschmatte_Antirutschrolle_Antirutschpads_Ladungssicherung_Rothschenk\"},{\"@type\":\"BreadcrumbList\",\"@id\":\"https:\\\/\\\/rothschenk.de\\\/nl\\\/product\\\/antislipmat-5-000-x-250-x-8-mm\\\/#breadcrumb\",\"itemListElement\":[{\"@type\":\"ListItem\",\"position\":1,\"name\":\"Startpagina\",\"item\":\"https:\\\/\\\/rothschenk.de\\\/nl\\\/startpagina\\\/\"},{\"@type\":\"ListItem\",\"position\":2,\"name\":\"Winkel op\",\"item\":\"https:\\\/\\\/rothschenk.de\\\/nl\\\/winkel-op\\\/\"},{\"@type\":\"ListItem\",\"position\":3,\"name\":\"Antislipmat | 5.000 x 250 x 8 mm\"}]},{\"@type\":\"WebSite\",\"@id\":\"https:\\\/\\\/rothschenk.de\\\/#website\",\"url\":\"https:\\\/\\\/rothschenk.de\\\/\",\"name\":\"Rothschenk - Der Online Shop f\u00fcr Ladungssicherung\",\"description\":\"Der Online Shop f\u00fcr Ladungssicherung\",\"potentialAction\":[{\"@type\":\"SearchAction\",\"target\":{\"@type\":\"EntryPoint\",\"urlTemplate\":\"https:\\\/\\\/rothschenk.de\\\/?s={search_term_string}\"},\"query-input\":{\"@type\":\"PropertyValueSpecification\",\"valueRequired\":true,\"valueName\":\"search_term_string\"}}],\"inLanguage\":\"nl-NL\"}]}<\/script>\n<meta property=\"og:availability\" content=\"instock\" \/>\n<meta property=\"product:availability\" content=\"instock\" \/>\n<meta property=\"product:condition\" content=\"new\" \/>\n<!-- \/ Yoast SEO plugin. -->","yoast_head_json":{"title":"Antislipmat | 5.000 x 250 x 8 mm - Rothschenk","description":"Rubberen antislipmat voor ladingbeveiliging - Made in Germany \u2713 Snelle verzending \u2713 Kopen op rekening \u25ba Bestel nu!","robots":{"index":"index","follow":"follow","max-snippet":"max-snippet:-1","max-image-preview":"max-image-preview:large","max-video-preview":"max-video-preview:-1"},"canonical":"https:\/\/rothschenk.de\/nl\/product\/antislipmat-5-000-x-250-x-8-mm\/","og_locale":"nl_NL","og_type":"article","og_title":"Antislipmat | 5.000 x 250 x 8 mm - Rothschenk","og_description":"Rubberen antislipmat voor ladingbeveiliging - Made in Germany \u2713 Snelle verzending \u2713 Kopen op rekening \u25ba Bestel nu!","og_url":"https:\/\/rothschenk.de\/nl\/product\/antislipmat-5-000-x-250-x-8-mm\/","og_site_name":"Rothschenk","article_publisher":"https:\/\/de-de.facebook.com\/FirmaRothschenk\/","article_modified_time":"2024-10-09T11:13:19+00:00","og_image":[{"width":1024,"height":1024,"url":"https:\/\/rothschenk.de\/wp-content\/uploads\/2023\/11\/10898_Antirutschmatte-5000x250x8-1.jpg","type":"image\/jpeg"}],"twitter_card":"summary_large_image","twitter_misc":{"Beschikbaarheid":"Op voorraad"},"schema":{"@context":"https:\/\/schema.org","@graph":[{"@type":"WebPage","@id":"https:\/\/rothschenk.de\/nl\/product\/antislipmat-5-000-x-250-x-8-mm\/","url":"https:\/\/rothschenk.de\/nl\/product\/antislipmat-5-000-x-250-x-8-mm\/","name":"Antislipmat | 5.000 x 250 x 8 mm - Rothschenk","isPartOf":{"@id":"https:\/\/rothschenk.de\/#website"},"primaryImageOfPage":{"@id":"https:\/\/rothschenk.de\/nl\/product\/antislipmat-5-000-x-250-x-8-mm\/#primaryimage"},"image":{"@id":"https:\/\/rothschenk.de\/nl\/product\/antislipmat-5-000-x-250-x-8-mm\/#primaryimage"},"thumbnailUrl":"https:\/\/rothschenk.de\/wp-content\/uploads\/2023\/11\/10898_Antirutschmatte-5000x250x8-1.jpg","datePublished":"2023-01-01T08:30:47+00:00","dateModified":"2024-10-09T11:13:19+00:00","description":"Rubberen antislipmat voor ladingbeveiliging - Made in Germany \u2713 Snelle verzending \u2713 Kopen op rekening \u25ba Bestel nu!","breadcrumb":{"@id":"https:\/\/rothschenk.de\/nl\/product\/antislipmat-5-000-x-250-x-8-mm\/#breadcrumb"},"inLanguage":"nl-NL","potentialAction":[{"@type":"ReadAction","target":["https:\/\/rothschenk.de\/nl\/product\/antislipmat-5-000-x-250-x-8-mm\/"]}]},{"@type":"ImageObject","inLanguage":"nl-NL","@id":"https:\/\/rothschenk.de\/nl\/product\/antislipmat-5-000-x-250-x-8-mm\/#primaryimage","url":"https:\/\/rothschenk.de\/wp-content\/uploads\/2023\/11\/10898_Antirutschmatte-5000x250x8-1.jpg","contentUrl":"https:\/\/rothschenk.de\/wp-content\/uploads\/2023\/11\/10898_Antirutschmatte-5000x250x8-1.jpg","width":1024,"height":1024,"caption":"Antirutsch_Antirutschmatte_Antirutschrolle_Antirutschpads_Ladungssicherung_Rothschenk"},{"@type":"BreadcrumbList","@id":"https:\/\/rothschenk.de\/nl\/product\/antislipmat-5-000-x-250-x-8-mm\/#breadcrumb","itemListElement":[{"@type":"ListItem","position":1,"name":"Startpagina","item":"https:\/\/rothschenk.de\/nl\/startpagina\/"},{"@type":"ListItem","position":2,"name":"Winkel op","item":"https:\/\/rothschenk.de\/nl\/winkel-op\/"},{"@type":"ListItem","position":3,"name":"Antislipmat | 5.000 x 250 x 8 mm"}]},{"@type":"WebSite","@id":"https:\/\/rothschenk.de\/#website","url":"https:\/\/rothschenk.de\/","name":"Rothschenk - Der Online Shop f\u00fcr Ladungssicherung","description":"Der Online Shop f\u00fcr Ladungssicherung","potentialAction":[{"@type":"SearchAction","target":{"@type":"EntryPoint","urlTemplate":"https:\/\/rothschenk.de\/?s={search_term_string}"},"query-input":{"@type":"PropertyValueSpecification","valueRequired":true,"valueName":"search_term_string"}}],"inLanguage":"nl-NL"}]},"og_availability":"instock","product_availability":"instock","product_condition":"new"},"_links":{"self":[{"href":"https:\/\/rothschenk.de\/nl\/wp-json\/wp\/v2\/product\/112393","targetHints":{"allow":["GET"]}}],"collection":[{"href":"https:\/\/rothschenk.de\/nl\/wp-json\/wp\/v2\/product"}],"about":[{"href":"https:\/\/rothschenk.de\/nl\/wp-json\/wp\/v2\/types\/product"}],"replies":[{"embeddable":true,"href":"https:\/\/rothschenk.de\/nl\/wp-json\/wp\/v2\/comments?post=112393"}],"wp:featuredmedia":[{"embeddable":true,"href":"https:\/\/rothschenk.de\/nl\/wp-json\/wp\/v2\/media\/112398"}],"wp:attachment":[{"href":"https:\/\/rothschenk.de\/nl\/wp-json\/wp\/v2\/media?parent=112393"}],"wp:term":[{"taxonomy":"product_brand","embeddable":true,"href":"https:\/\/rothschenk.de\/nl\/wp-json\/wp\/v2\/product_brand?post=112393"},{"taxonomy":"product_cat","embeddable":true,"href":"https:\/\/rothschenk.de\/nl\/wp-json\/wp\/v2\/product_cat?post=112393"},{"taxonomy":"product_tag","embeddable":true,"href":"https:\/\/rothschenk.de\/nl\/wp-json\/wp\/v2\/product_tag?post=112393"}],"curies":[{"name":"wp","href":"https:\/\/api.w.org\/{rel}","templated":true}]}}