{"id":112484,"date":"2023-01-01T09:20:25","date_gmt":"2023-01-01T08:20:25","guid":{"rendered":"https:\/\/rothschenk.de\/rothschenk-shop\/produkt\/antislipmat-13-600-x-150-x-3-mm\/"},"modified":"2026-02-12T11:15:42","modified_gmt":"2026-02-12T10:15:42","slug":"antislipmat-13-600-x-150-x-3-mm","status":"publish","type":"product","link":"https:\/\/rothschenk.de\/nl\/product\/antislipmat-13-600-x-150-x-3-mm\/","title":{"rendered":"Antislipmat | 13.600 x 150 x 3 mm"},"content":{"rendered":"<h3>Antislipmat | 13.600 x 150 x 3 mm<\/h3>\n<p>Rubberen antislipmatten zijn een eenvoudige maar effectieve manier om de wrijvingsco\u00ebffici\u00ebnt te verhogen bij het vastzetten van ladingen. Het op kwaliteit geteste materiaal wordt onder de goederen bevestigd en vermindert het aantal spanbanden dat nodig is. Antisliprubber wordt daarom aanbevolen als een kosteneffectief en relatief zeer effici\u00ebnt hulpmiddel voor het vastzetten van ladingen in containers en vrachtwagentransporten.<\/p>\n<p>De wrijving tussen twee materialen &#8211; bijvoorbeeld tussen een europallet en de vrachtwagenvloer (ruw\/glad) &#8211; wordt gedefinieerd als de wrijvingsco\u00ebffici\u00ebnt. Het gebruik van antislipmatten verhoogt de wrijvingsco\u00ebffici\u00ebnt, waardoor de goederen minder snel wegglijden. De krachten die moeten worden vastgezet volgens de CTU-code zijn daarom aanzienlijk lager en de verlader kan gunstigere apparatuur voor het vastzetten van de lading gebruiken (bijvoorbeeld spanbanden, stuwzakken, enz.). Vooral in de vrachtsector kan dit ertoe bijdragen dat hogere laadgewichten mogelijk zijn.<\/p>\n<p>Het PU-gebonden rubber heeft een glijwrijvingsco\u00ebffici\u00ebnt van 0,6 \u00b5 tot 0,9 \u00b5 (afhankelijk van de materiaalcombinatie), is temperatuurbestendig van -30 tot 100 \u00b0C en is ook geschikt voor onbeschermde weersomstandigheden.<\/p>\n<p>Meer informatie over antislipmatten vind je in onze <a href=\"https:\/\/rothschenk.de\/folge-12-wie-funktioniert-eine-antirutschmatte\/\">blogsectie<\/a>.<\/p>\n<p>&nbsp;<\/p>\n","protected":false},"excerpt":{"rendered":"<p>Antislipmat | 13.600 x 150 x 3 mm Rubberen antislipmatten zijn een eenvoudige maar effectieve manier om de wrijvingsco\u00ebffici\u00ebnt te verhogen bij het vastzetten van ladingen. Het op kwaliteit geteste materiaal wordt onder de goederen bevestigd en vermindert het aantal spanbanden dat nodig is. Antisliprubber wordt daarom aanbevolen als een kosteneffectief en relatief zeer effici\u00ebnt [&hellip;]<\/p>\n","protected":false},"featured_media":112495,"comment_status":"open","ping_status":"closed","template":"","meta":{"_acf_changed":false},"product_brand":[],"product_cat":[210,216],"product_tag":[],"class_list":{"0":"post-112484","1":"product","2":"type-product","3":"status-publish","4":"has-post-thumbnail","6":"product_cat-antislip","7":"product_cat-antislipmatten-op-rol","9":"first","10":"instock","11":"sale","12":"taxable","13":"shipping-taxable","14":"purchasable","15":"product-type-variable"},"acf":[],"yoast_head":"<!-- This site is optimized with the Yoast SEO plugin v27.3 - https:\/\/yoast.com\/product\/yoast-seo-wordpress\/ -->\n<title>Antislipmat | 13.600 x 150 x 3 mm - Rothschenk<\/title>\n<meta name=\"description\" content=\"Antislipmatten van professionele kwaliteit! Groothandelsprijzen \u2705 Gecertificeerd \u2705 Nu toeslaan bij Rothschenk! Online winkel \u27a4 24\/7\" \/>\n<meta name=\"robots\" content=\"index, follow, max-snippet:-1, max-image-preview:large, max-video-preview:-1\" \/>\n<link rel=\"canonical\" href=\"https:\/\/rothschenk.de\/nl\/product\/antislipmat-13-600-x-150-x-3-mm\/\" \/>\n<meta property=\"og:locale\" content=\"nl_NL\" \/>\n<meta property=\"og:type\" content=\"article\" \/>\n<meta property=\"og:title\" content=\"Antislipmat | 13.600 x 150 x 3 mm - Rothschenk\" \/>\n<meta property=\"og:description\" content=\"Antislipmatten van professionele kwaliteit! Groothandelsprijzen \u2705 Gecertificeerd \u2705 Nu toeslaan bij Rothschenk! Online winkel \u27a4 24\/7\" \/>\n<meta property=\"og:url\" content=\"https:\/\/rothschenk.de\/nl\/product\/antislipmat-13-600-x-150-x-3-mm\/\" \/>\n<meta property=\"og:site_name\" content=\"Rothschenk\" \/>\n<meta property=\"article:publisher\" content=\"https:\/\/de-de.facebook.com\/FirmaRothschenk\/\" \/>\n<meta property=\"article:modified_time\" content=\"2026-02-12T10:15:42+00:00\" \/>\n<meta property=\"og:image\" content=\"https:\/\/rothschenk.de\/wp-content\/uploads\/2023\/11\/12135_Antirutschmatte-13600x150x3-1.jpg\" \/>\n\t<meta property=\"og:image:width\" content=\"1024\" \/>\n\t<meta property=\"og:image:height\" content=\"1024\" \/>\n\t<meta property=\"og:image:type\" content=\"image\/jpeg\" \/>\n<meta name=\"twitter:card\" content=\"summary_large_image\" \/>\n<meta name=\"twitter:label1\" content=\"Beschikbaarheid\" \/>\n\t<meta name=\"twitter:data1\" content=\"Op voorraad\" \/>\n<script type=\"application\/ld+json\" class=\"yoast-schema-graph\">{\"@context\":\"https:\\\/\\\/schema.org\",\"@graph\":[{\"@type\":\"WebPage\",\"@id\":\"https:\\\/\\\/rothschenk.de\\\/nl\\\/product\\\/antislipmat-13-600-x-150-x-3-mm\\\/\",\"url\":\"https:\\\/\\\/rothschenk.de\\\/nl\\\/product\\\/antislipmat-13-600-x-150-x-3-mm\\\/\",\"name\":\"Antislipmat | 13.600 x 150 x 3 mm - Rothschenk\",\"isPartOf\":{\"@id\":\"https:\\\/\\\/rothschenk.de\\\/#website\"},\"primaryImageOfPage\":{\"@id\":\"https:\\\/\\\/rothschenk.de\\\/nl\\\/product\\\/antislipmat-13-600-x-150-x-3-mm\\\/#primaryimage\"},\"image\":{\"@id\":\"https:\\\/\\\/rothschenk.de\\\/nl\\\/product\\\/antislipmat-13-600-x-150-x-3-mm\\\/#primaryimage\"},\"thumbnailUrl\":\"https:\\\/\\\/rothschenk.de\\\/wp-content\\\/uploads\\\/2023\\\/11\\\/12135_Antirutschmatte-13600x150x3-1.jpg\",\"datePublished\":\"2023-01-01T08:20:25+00:00\",\"dateModified\":\"2026-02-12T10:15:42+00:00\",\"description\":\"Antislipmatten van professionele kwaliteit! Groothandelsprijzen \u2705 Gecertificeerd \u2705 Nu toeslaan bij Rothschenk! Online winkel \u27a4 24\\\/7\",\"breadcrumb\":{\"@id\":\"https:\\\/\\\/rothschenk.de\\\/nl\\\/product\\\/antislipmat-13-600-x-150-x-3-mm\\\/#breadcrumb\"},\"inLanguage\":\"nl-NL\",\"potentialAction\":[{\"@type\":\"ReadAction\",\"target\":[\"https:\\\/\\\/rothschenk.de\\\/nl\\\/product\\\/antislipmat-13-600-x-150-x-3-mm\\\/\"]}]},{\"@type\":\"ImageObject\",\"inLanguage\":\"nl-NL\",\"@id\":\"https:\\\/\\\/rothschenk.de\\\/nl\\\/product\\\/antislipmat-13-600-x-150-x-3-mm\\\/#primaryimage\",\"url\":\"https:\\\/\\\/rothschenk.de\\\/wp-content\\\/uploads\\\/2023\\\/11\\\/12135_Antirutschmatte-13600x150x3-1.jpg\",\"contentUrl\":\"https:\\\/\\\/rothschenk.de\\\/wp-content\\\/uploads\\\/2023\\\/11\\\/12135_Antirutschmatte-13600x150x3-1.jpg\",\"width\":1024,\"height\":1024,\"caption\":\"Antirutsch_Antirutschmatte_Antirutschrolle_Antirutschpads_Ladungssicherung_Rothschenk\"},{\"@type\":\"BreadcrumbList\",\"@id\":\"https:\\\/\\\/rothschenk.de\\\/nl\\\/product\\\/antislipmat-13-600-x-150-x-3-mm\\\/#breadcrumb\",\"itemListElement\":[{\"@type\":\"ListItem\",\"position\":1,\"name\":\"Startpagina\",\"item\":\"https:\\\/\\\/rothschenk.de\\\/nl\\\/startpagina\\\/\"},{\"@type\":\"ListItem\",\"position\":2,\"name\":\"Winkel op\",\"item\":\"https:\\\/\\\/rothschenk.de\\\/nl\\\/winkel-op\\\/\"},{\"@type\":\"ListItem\",\"position\":3,\"name\":\"Antislipmat | 13.600 x 150 x 3 mm\"}]},{\"@type\":\"WebSite\",\"@id\":\"https:\\\/\\\/rothschenk.de\\\/#website\",\"url\":\"https:\\\/\\\/rothschenk.de\\\/\",\"name\":\"Rothschenk - Der Online Shop f\u00fcr Ladungssicherung\",\"description\":\"Der Online Shop f\u00fcr Ladungssicherung\",\"potentialAction\":[{\"@type\":\"SearchAction\",\"target\":{\"@type\":\"EntryPoint\",\"urlTemplate\":\"https:\\\/\\\/rothschenk.de\\\/?s={search_term_string}\"},\"query-input\":{\"@type\":\"PropertyValueSpecification\",\"valueRequired\":true,\"valueName\":\"search_term_string\"}}],\"inLanguage\":\"nl-NL\"}]}<\/script>\n<meta property=\"og:availability\" content=\"instock\" \/>\n<meta property=\"product:availability\" content=\"instock\" \/>\n<meta property=\"product:condition\" content=\"new\" \/>\n<!-- \/ Yoast SEO plugin. -->","yoast_head_json":{"title":"Antislipmat | 13.600 x 150 x 3 mm - Rothschenk","description":"Antislipmatten van professionele kwaliteit! Groothandelsprijzen \u2705 Gecertificeerd \u2705 Nu toeslaan bij Rothschenk! Online winkel \u27a4 24\/7","robots":{"index":"index","follow":"follow","max-snippet":"max-snippet:-1","max-image-preview":"max-image-preview:large","max-video-preview":"max-video-preview:-1"},"canonical":"https:\/\/rothschenk.de\/nl\/product\/antislipmat-13-600-x-150-x-3-mm\/","og_locale":"nl_NL","og_type":"article","og_title":"Antislipmat | 13.600 x 150 x 3 mm - Rothschenk","og_description":"Antislipmatten van professionele kwaliteit! Groothandelsprijzen \u2705 Gecertificeerd \u2705 Nu toeslaan bij Rothschenk! Online winkel \u27a4 24\/7","og_url":"https:\/\/rothschenk.de\/nl\/product\/antislipmat-13-600-x-150-x-3-mm\/","og_site_name":"Rothschenk","article_publisher":"https:\/\/de-de.facebook.com\/FirmaRothschenk\/","article_modified_time":"2026-02-12T10:15:42+00:00","og_image":[{"width":1024,"height":1024,"url":"https:\/\/rothschenk.de\/wp-content\/uploads\/2023\/11\/12135_Antirutschmatte-13600x150x3-1.jpg","type":"image\/jpeg"}],"twitter_card":"summary_large_image","twitter_misc":{"Beschikbaarheid":"Op voorraad"},"schema":{"@context":"https:\/\/schema.org","@graph":[{"@type":"WebPage","@id":"https:\/\/rothschenk.de\/nl\/product\/antislipmat-13-600-x-150-x-3-mm\/","url":"https:\/\/rothschenk.de\/nl\/product\/antislipmat-13-600-x-150-x-3-mm\/","name":"Antislipmat | 13.600 x 150 x 3 mm - Rothschenk","isPartOf":{"@id":"https:\/\/rothschenk.de\/#website"},"primaryImageOfPage":{"@id":"https:\/\/rothschenk.de\/nl\/product\/antislipmat-13-600-x-150-x-3-mm\/#primaryimage"},"image":{"@id":"https:\/\/rothschenk.de\/nl\/product\/antislipmat-13-600-x-150-x-3-mm\/#primaryimage"},"thumbnailUrl":"https:\/\/rothschenk.de\/wp-content\/uploads\/2023\/11\/12135_Antirutschmatte-13600x150x3-1.jpg","datePublished":"2023-01-01T08:20:25+00:00","dateModified":"2026-02-12T10:15:42+00:00","description":"Antislipmatten van professionele kwaliteit! Groothandelsprijzen \u2705 Gecertificeerd \u2705 Nu toeslaan bij Rothschenk! Online winkel \u27a4 24\/7","breadcrumb":{"@id":"https:\/\/rothschenk.de\/nl\/product\/antislipmat-13-600-x-150-x-3-mm\/#breadcrumb"},"inLanguage":"nl-NL","potentialAction":[{"@type":"ReadAction","target":["https:\/\/rothschenk.de\/nl\/product\/antislipmat-13-600-x-150-x-3-mm\/"]}]},{"@type":"ImageObject","inLanguage":"nl-NL","@id":"https:\/\/rothschenk.de\/nl\/product\/antislipmat-13-600-x-150-x-3-mm\/#primaryimage","url":"https:\/\/rothschenk.de\/wp-content\/uploads\/2023\/11\/12135_Antirutschmatte-13600x150x3-1.jpg","contentUrl":"https:\/\/rothschenk.de\/wp-content\/uploads\/2023\/11\/12135_Antirutschmatte-13600x150x3-1.jpg","width":1024,"height":1024,"caption":"Antirutsch_Antirutschmatte_Antirutschrolle_Antirutschpads_Ladungssicherung_Rothschenk"},{"@type":"BreadcrumbList","@id":"https:\/\/rothschenk.de\/nl\/product\/antislipmat-13-600-x-150-x-3-mm\/#breadcrumb","itemListElement":[{"@type":"ListItem","position":1,"name":"Startpagina","item":"https:\/\/rothschenk.de\/nl\/startpagina\/"},{"@type":"ListItem","position":2,"name":"Winkel op","item":"https:\/\/rothschenk.de\/nl\/winkel-op\/"},{"@type":"ListItem","position":3,"name":"Antislipmat | 13.600 x 150 x 3 mm"}]},{"@type":"WebSite","@id":"https:\/\/rothschenk.de\/#website","url":"https:\/\/rothschenk.de\/","name":"Rothschenk - Der Online Shop f\u00fcr Ladungssicherung","description":"Der Online Shop f\u00fcr Ladungssicherung","potentialAction":[{"@type":"SearchAction","target":{"@type":"EntryPoint","urlTemplate":"https:\/\/rothschenk.de\/?s={search_term_string}"},"query-input":{"@type":"PropertyValueSpecification","valueRequired":true,"valueName":"search_term_string"}}],"inLanguage":"nl-NL"}]},"og_availability":"instock","product_availability":"instock","product_condition":"new"},"_links":{"self":[{"href":"https:\/\/rothschenk.de\/nl\/wp-json\/wp\/v2\/product\/112484","targetHints":{"allow":["GET"]}}],"collection":[{"href":"https:\/\/rothschenk.de\/nl\/wp-json\/wp\/v2\/product"}],"about":[{"href":"https:\/\/rothschenk.de\/nl\/wp-json\/wp\/v2\/types\/product"}],"replies":[{"embeddable":true,"href":"https:\/\/rothschenk.de\/nl\/wp-json\/wp\/v2\/comments?post=112484"}],"wp:featuredmedia":[{"embeddable":true,"href":"https:\/\/rothschenk.de\/nl\/wp-json\/wp\/v2\/media\/112495"}],"wp:attachment":[{"href":"https:\/\/rothschenk.de\/nl\/wp-json\/wp\/v2\/media?parent=112484"}],"wp:term":[{"taxonomy":"product_brand","embeddable":true,"href":"https:\/\/rothschenk.de\/nl\/wp-json\/wp\/v2\/product_brand?post=112484"},{"taxonomy":"product_cat","embeddable":true,"href":"https:\/\/rothschenk.de\/nl\/wp-json\/wp\/v2\/product_cat?post=112484"},{"taxonomy":"product_tag","embeddable":true,"href":"https:\/\/rothschenk.de\/nl\/wp-json\/wp\/v2\/product_tag?post=112484"}],"curies":[{"name":"wp","href":"https:\/\/api.w.org\/{rel}","templated":true}]}}