{"id":248663,"date":"2023-02-01T10:00:04","date_gmt":"2023-02-01T09:00:04","guid":{"rendered":"https:\/\/rothschenk.de\/produkt\/bumpstop-bumpy-800-x-150-x-80-mm-bandenstopper-en-bescherming\/"},"modified":"2024-10-09T13:10:26","modified_gmt":"2024-10-09T11:10:26","slug":"bumpstop-bumpy-800-x-150-x-80-mm-bandenstopper-en-bescherming","status":"publish","type":"product","link":"https:\/\/rothschenk.de\/nl\/product\/bumpstop-bumpy-800-x-150-x-80-mm-bandenstopper-en-bescherming\/","title":{"rendered":"Bumpstop Bumpy | 800 x 150 x 80 mm | Bandenstopper en bescherming"},"content":{"rendered":"<h3>Bumpstop Bumpy | 800 x 150 x 80 mm | Bandenstopper en bescherming<\/h3>\n<p>De PROFIMAT\u00ae Bumpy bumper is gemaakt van gerecycled rubbergranulaat. Wanneer hij op de grond wordt ge\u00efnstalleerd, remt hij voertuigen doeltreffend af en voorkomt hij dat ze tegen muren botsen of over bepaalde zones rijden. De bumper is vooral nuttig bij het parkeren in smalle en onoverzichtelijke situaties. Bij montage op muren beschermt Bumpy autodeuren tegen deuken en lakschade en muren tegen afbladderende verf en pleisterwerk. Dankzij het gebruikte materiaal en de lichtgewicht holte blijft PROFIMAT\u00ae Bumpy permanent elastisch. Daardoor worden banden bij het wegrijden minder belast dan bij harde betonranden. Vorst, hagel, zout water en UV-straling kunnen de Bumpy bumper niet beschadigen. Het discrete, harmonieuze ontwerp van de bumper integreert zich eleganter in parkeergarages, ondergrondse garages en carports dan lompe parkeerbarri\u00e8res met gele en zwarte strepen. Toch is dankzij de ge\u00efntegreerde uitsparingen voor reflectoren (\u00d8 60 mm) voldoende zichtbaarheid gegarandeerd (reflectoren niet inbegrepen). Bijpassende reflectoren zijn verkrijgbaar in elke bouwmarkt en maken aanpassing aan verschillende lichtomstandigheden en ruimtes mogelijk. PROFIMAT\u00ae Bumpy kan op de vloer of op de muur worden bevestigd met twee metalen schroeven (betonschroef \u00d8 8 x 120 mm voor vloerbevestiging en bevestigingsschroef \u00d8 8 x 120 mm met plug voor muurbevestiging). Hiervoor zijn twee gaten voorgeboord. Als alternatief is lijmen ook mogelijk.<br \/>\nDe schroeven zijn niet bij de levering inbegrepen. In tegenstelling tot producten van harde kunststof is PROFIMAT\u00ae Bumpy gemaakt van 100% gerecycled rubbergranulaat en kan aan het einde van zijn levensduur volledig worden gerecycled. Dit beschermt het milieu en vermindert de CO2-uitstoot.   <\/p>\n","protected":false},"excerpt":{"rendered":"<p>Bumpstop Bumpy | 800 x 150 x 80 mm | Bandenstopper en bescherming De PROFIMAT\u00ae Bumpy bumper is gemaakt van gerecycled rubbergranulaat. Wanneer hij op de grond wordt ge\u00efnstalleerd, remt hij voertuigen doeltreffend af en voorkomt hij dat ze tegen muren botsen of over bepaalde zones rijden. De bumper is vooral nuttig bij het parkeren [&hellip;]<\/p>\n","protected":false},"featured_media":247013,"comment_status":"open","ping_status":"closed","template":"","meta":{"_acf_changed":false},"product_brand":[],"product_cat":[773],"product_tag":[],"class_list":{"0":"post-248663","1":"product","2":"type-product","3":"status-publish","4":"has-post-thumbnail","6":"product_cat-bescherming-van-banden","8":"first","9":"instock","10":"taxable","11":"shipping-taxable","12":"purchasable","13":"product-type-simple"},"acf":[],"yoast_head":"<!-- This site is optimized with the Yoast SEO plugin v27.3 - https:\/\/yoast.com\/product\/yoast-seo-wordpress\/ -->\n<title>Bumpstop Bumpy | 800 x 150 x 80 mm | Bandenstopper en bescherming - Rothschenk<\/title>\n<meta name=\"description\" content=\"Bandenstop \u2714 Bescherming tegen aanrijdingen \u2714 Garage, parkeerplaats, muur \u2714 800x150x80 mm \u2714 Rubbergranulaat \u2714 Hulp bij parkeren in krappe of onoverzichtelijke situaties!\" \/>\n<meta name=\"robots\" content=\"index, follow, max-snippet:-1, max-image-preview:large, max-video-preview:-1\" \/>\n<link rel=\"canonical\" href=\"https:\/\/rothschenk.de\/nl\/product\/bumpstop-bumpy-800-x-150-x-80-mm-bandenstopper-en-bescherming\/\" \/>\n<meta property=\"og:locale\" content=\"nl_NL\" \/>\n<meta property=\"og:type\" content=\"article\" \/>\n<meta property=\"og:title\" content=\"Bumpstop Bumpy | 800 x 150 x 80 mm | Bandenstopper en bescherming - Rothschenk\" \/>\n<meta property=\"og:description\" content=\"Bandenstop \u2714 Bescherming tegen aanrijdingen \u2714 Garage, parkeerplaats, muur \u2714 800x150x80 mm \u2714 Rubbergranulaat \u2714 Hulp bij parkeren in krappe of onoverzichtelijke situaties!\" \/>\n<meta property=\"og:url\" content=\"https:\/\/rothschenk.de\/nl\/product\/bumpstop-bumpy-800-x-150-x-80-mm-bandenstopper-en-bescherming\/\" \/>\n<meta property=\"og:site_name\" content=\"Rothschenk\" \/>\n<meta property=\"article:publisher\" content=\"https:\/\/de-de.facebook.com\/FirmaRothschenk\/\" \/>\n<meta property=\"article:modified_time\" content=\"2024-10-09T11:10:26+00:00\" \/>\n<meta property=\"og:image\" content=\"https:\/\/rothschenk.de\/wp-content\/uploads\/2024\/07\/anfahrschutz-bumpy-reifen-auto.jpg\" \/>\n\t<meta property=\"og:image:width\" content=\"1024\" \/>\n\t<meta property=\"og:image:height\" content=\"1024\" \/>\n\t<meta property=\"og:image:type\" content=\"image\/jpeg\" \/>\n<meta name=\"twitter:card\" content=\"summary_large_image\" \/>\n<meta name=\"twitter:label1\" content=\"Prijs\" \/>\n\t<meta name=\"twitter:data1\" content=\"30,92&nbsp;&euro;\" \/>\n\t<meta name=\"twitter:label2\" content=\"Beschikbaarheid\" \/>\n\t<meta name=\"twitter:data2\" content=\"Op voorraad\" \/>\n<script type=\"application\/ld+json\" class=\"yoast-schema-graph\">{\"@context\":\"https:\\\/\\\/schema.org\",\"@graph\":[{\"@type\":\"WebPage\",\"@id\":\"https:\\\/\\\/rothschenk.de\\\/nl\\\/product\\\/bumpstop-bumpy-800-x-150-x-80-mm-bandenstopper-en-bescherming\\\/\",\"url\":\"https:\\\/\\\/rothschenk.de\\\/nl\\\/product\\\/bumpstop-bumpy-800-x-150-x-80-mm-bandenstopper-en-bescherming\\\/\",\"name\":\"Bumpstop Bumpy | 800 x 150 x 80 mm | Bandenstopper en bescherming - Rothschenk\",\"isPartOf\":{\"@id\":\"https:\\\/\\\/rothschenk.de\\\/#website\"},\"primaryImageOfPage\":{\"@id\":\"https:\\\/\\\/rothschenk.de\\\/nl\\\/product\\\/bumpstop-bumpy-800-x-150-x-80-mm-bandenstopper-en-bescherming\\\/#primaryimage\"},\"image\":{\"@id\":\"https:\\\/\\\/rothschenk.de\\\/nl\\\/product\\\/bumpstop-bumpy-800-x-150-x-80-mm-bandenstopper-en-bescherming\\\/#primaryimage\"},\"thumbnailUrl\":\"https:\\\/\\\/rothschenk.de\\\/wp-content\\\/uploads\\\/2024\\\/07\\\/anfahrschutz-bumpy-reifen-auto.jpg\",\"datePublished\":\"2023-02-01T09:00:04+00:00\",\"dateModified\":\"2024-10-09T11:10:26+00:00\",\"description\":\"Bandenstop \u2714 Bescherming tegen aanrijdingen \u2714 Garage, parkeerplaats, muur \u2714 800x150x80 mm \u2714 Rubbergranulaat \u2714 Hulp bij parkeren in krappe of onoverzichtelijke situaties!\",\"breadcrumb\":{\"@id\":\"https:\\\/\\\/rothschenk.de\\\/nl\\\/product\\\/bumpstop-bumpy-800-x-150-x-80-mm-bandenstopper-en-bescherming\\\/#breadcrumb\"},\"inLanguage\":\"nl-NL\",\"potentialAction\":[{\"@type\":\"ReadAction\",\"target\":[\"https:\\\/\\\/rothschenk.de\\\/nl\\\/product\\\/bumpstop-bumpy-800-x-150-x-80-mm-bandenstopper-en-bescherming\\\/\"]}]},{\"@type\":\"ImageObject\",\"inLanguage\":\"nl-NL\",\"@id\":\"https:\\\/\\\/rothschenk.de\\\/nl\\\/product\\\/bumpstop-bumpy-800-x-150-x-80-mm-bandenstopper-en-bescherming\\\/#primaryimage\",\"url\":\"https:\\\/\\\/rothschenk.de\\\/wp-content\\\/uploads\\\/2024\\\/07\\\/anfahrschutz-bumpy-reifen-auto.jpg\",\"contentUrl\":\"https:\\\/\\\/rothschenk.de\\\/wp-content\\\/uploads\\\/2024\\\/07\\\/anfahrschutz-bumpy-reifen-auto.jpg\",\"width\":1024,\"height\":1024,\"caption\":\"Anfahrschutz Bumpy Produktansicht\"},{\"@type\":\"BreadcrumbList\",\"@id\":\"https:\\\/\\\/rothschenk.de\\\/nl\\\/product\\\/bumpstop-bumpy-800-x-150-x-80-mm-bandenstopper-en-bescherming\\\/#breadcrumb\",\"itemListElement\":[{\"@type\":\"ListItem\",\"position\":1,\"name\":\"Startpagina\",\"item\":\"https:\\\/\\\/rothschenk.de\\\/nl\\\/startpagina\\\/\"},{\"@type\":\"ListItem\",\"position\":2,\"name\":\"Winkel op\",\"item\":\"https:\\\/\\\/rothschenk.de\\\/nl\\\/winkel-op\\\/\"},{\"@type\":\"ListItem\",\"position\":3,\"name\":\"Bumpstop Bumpy | 800 x 150 x 80 mm | Bandenstopper en bescherming\"}]},{\"@type\":\"WebSite\",\"@id\":\"https:\\\/\\\/rothschenk.de\\\/#website\",\"url\":\"https:\\\/\\\/rothschenk.de\\\/\",\"name\":\"Rothschenk - Der Online Shop f\u00fcr Ladungssicherung\",\"description\":\"Der Online Shop f\u00fcr Ladungssicherung\",\"potentialAction\":[{\"@type\":\"SearchAction\",\"target\":{\"@type\":\"EntryPoint\",\"urlTemplate\":\"https:\\\/\\\/rothschenk.de\\\/?s={search_term_string}\"},\"query-input\":{\"@type\":\"PropertyValueSpecification\",\"valueRequired\":true,\"valueName\":\"search_term_string\"}}],\"inLanguage\":\"nl-NL\"}]}<\/script>\n<meta property=\"product:price:amount\" content=\"30.92\" \/>\n<meta property=\"product:price:currency\" content=\"EUR\" \/>\n<meta property=\"og:availability\" content=\"instock\" \/>\n<meta property=\"product:availability\" content=\"instock\" \/>\n<meta property=\"product:retailer_item_id\" content=\"26342\" \/>\n<meta property=\"product:condition\" content=\"new\" \/>\n<!-- \/ Yoast SEO plugin. -->","yoast_head_json":{"title":"Bumpstop Bumpy | 800 x 150 x 80 mm | Bandenstopper en bescherming - Rothschenk","description":"Bandenstop \u2714 Bescherming tegen aanrijdingen \u2714 Garage, parkeerplaats, muur \u2714 800x150x80 mm \u2714 Rubbergranulaat \u2714 Hulp bij parkeren in krappe of onoverzichtelijke situaties!","robots":{"index":"index","follow":"follow","max-snippet":"max-snippet:-1","max-image-preview":"max-image-preview:large","max-video-preview":"max-video-preview:-1"},"canonical":"https:\/\/rothschenk.de\/nl\/product\/bumpstop-bumpy-800-x-150-x-80-mm-bandenstopper-en-bescherming\/","og_locale":"nl_NL","og_type":"article","og_title":"Bumpstop Bumpy | 800 x 150 x 80 mm | Bandenstopper en bescherming - Rothschenk","og_description":"Bandenstop \u2714 Bescherming tegen aanrijdingen \u2714 Garage, parkeerplaats, muur \u2714 800x150x80 mm \u2714 Rubbergranulaat \u2714 Hulp bij parkeren in krappe of onoverzichtelijke situaties!","og_url":"https:\/\/rothschenk.de\/nl\/product\/bumpstop-bumpy-800-x-150-x-80-mm-bandenstopper-en-bescherming\/","og_site_name":"Rothschenk","article_publisher":"https:\/\/de-de.facebook.com\/FirmaRothschenk\/","article_modified_time":"2024-10-09T11:10:26+00:00","og_image":[{"width":1024,"height":1024,"url":"https:\/\/rothschenk.de\/wp-content\/uploads\/2024\/07\/anfahrschutz-bumpy-reifen-auto.jpg","type":"image\/jpeg"}],"twitter_card":"summary_large_image","twitter_misc":{"Prijs":"30,92&nbsp;&euro;","Beschikbaarheid":"Op voorraad"},"schema":{"@context":"https:\/\/schema.org","@graph":[{"@type":"WebPage","@id":"https:\/\/rothschenk.de\/nl\/product\/bumpstop-bumpy-800-x-150-x-80-mm-bandenstopper-en-bescherming\/","url":"https:\/\/rothschenk.de\/nl\/product\/bumpstop-bumpy-800-x-150-x-80-mm-bandenstopper-en-bescherming\/","name":"Bumpstop Bumpy | 800 x 150 x 80 mm | Bandenstopper en bescherming - Rothschenk","isPartOf":{"@id":"https:\/\/rothschenk.de\/#website"},"primaryImageOfPage":{"@id":"https:\/\/rothschenk.de\/nl\/product\/bumpstop-bumpy-800-x-150-x-80-mm-bandenstopper-en-bescherming\/#primaryimage"},"image":{"@id":"https:\/\/rothschenk.de\/nl\/product\/bumpstop-bumpy-800-x-150-x-80-mm-bandenstopper-en-bescherming\/#primaryimage"},"thumbnailUrl":"https:\/\/rothschenk.de\/wp-content\/uploads\/2024\/07\/anfahrschutz-bumpy-reifen-auto.jpg","datePublished":"2023-02-01T09:00:04+00:00","dateModified":"2024-10-09T11:10:26+00:00","description":"Bandenstop \u2714 Bescherming tegen aanrijdingen \u2714 Garage, parkeerplaats, muur \u2714 800x150x80 mm \u2714 Rubbergranulaat \u2714 Hulp bij parkeren in krappe of onoverzichtelijke situaties!","breadcrumb":{"@id":"https:\/\/rothschenk.de\/nl\/product\/bumpstop-bumpy-800-x-150-x-80-mm-bandenstopper-en-bescherming\/#breadcrumb"},"inLanguage":"nl-NL","potentialAction":[{"@type":"ReadAction","target":["https:\/\/rothschenk.de\/nl\/product\/bumpstop-bumpy-800-x-150-x-80-mm-bandenstopper-en-bescherming\/"]}]},{"@type":"ImageObject","inLanguage":"nl-NL","@id":"https:\/\/rothschenk.de\/nl\/product\/bumpstop-bumpy-800-x-150-x-80-mm-bandenstopper-en-bescherming\/#primaryimage","url":"https:\/\/rothschenk.de\/wp-content\/uploads\/2024\/07\/anfahrschutz-bumpy-reifen-auto.jpg","contentUrl":"https:\/\/rothschenk.de\/wp-content\/uploads\/2024\/07\/anfahrschutz-bumpy-reifen-auto.jpg","width":1024,"height":1024,"caption":"Anfahrschutz Bumpy Produktansicht"},{"@type":"BreadcrumbList","@id":"https:\/\/rothschenk.de\/nl\/product\/bumpstop-bumpy-800-x-150-x-80-mm-bandenstopper-en-bescherming\/#breadcrumb","itemListElement":[{"@type":"ListItem","position":1,"name":"Startpagina","item":"https:\/\/rothschenk.de\/nl\/startpagina\/"},{"@type":"ListItem","position":2,"name":"Winkel op","item":"https:\/\/rothschenk.de\/nl\/winkel-op\/"},{"@type":"ListItem","position":3,"name":"Bumpstop Bumpy | 800 x 150 x 80 mm | Bandenstopper en bescherming"}]},{"@type":"WebSite","@id":"https:\/\/rothschenk.de\/#website","url":"https:\/\/rothschenk.de\/","name":"Rothschenk - Der Online Shop f\u00fcr Ladungssicherung","description":"Der Online Shop f\u00fcr Ladungssicherung","potentialAction":[{"@type":"SearchAction","target":{"@type":"EntryPoint","urlTemplate":"https:\/\/rothschenk.de\/?s={search_term_string}"},"query-input":{"@type":"PropertyValueSpecification","valueRequired":true,"valueName":"search_term_string"}}],"inLanguage":"nl-NL"}]},"product_price_amount":"30.92","product_price_currency":"EUR","og_availability":"instock","product_availability":"instock","product_retailer_item_id":"26342","product_condition":"new"},"_links":{"self":[{"href":"https:\/\/rothschenk.de\/nl\/wp-json\/wp\/v2\/product\/248663","targetHints":{"allow":["GET"]}}],"collection":[{"href":"https:\/\/rothschenk.de\/nl\/wp-json\/wp\/v2\/product"}],"about":[{"href":"https:\/\/rothschenk.de\/nl\/wp-json\/wp\/v2\/types\/product"}],"replies":[{"embeddable":true,"href":"https:\/\/rothschenk.de\/nl\/wp-json\/wp\/v2\/comments?post=248663"}],"wp:featuredmedia":[{"embeddable":true,"href":"https:\/\/rothschenk.de\/nl\/wp-json\/wp\/v2\/media\/247013"}],"wp:attachment":[{"href":"https:\/\/rothschenk.de\/nl\/wp-json\/wp\/v2\/media?parent=248663"}],"wp:term":[{"taxonomy":"product_brand","embeddable":true,"href":"https:\/\/rothschenk.de\/nl\/wp-json\/wp\/v2\/product_brand?post=248663"},{"taxonomy":"product_cat","embeddable":true,"href":"https:\/\/rothschenk.de\/nl\/wp-json\/wp\/v2\/product_cat?post=248663"},{"taxonomy":"product_tag","embeddable":true,"href":"https:\/\/rothschenk.de\/nl\/wp-json\/wp\/v2\/product_tag?post=248663"}],"curies":[{"name":"wp","href":"https:\/\/api.w.org\/{rel}","templated":true}]}}