{"id":676792,"date":"2025-06-20T16:39:49","date_gmt":"2025-06-20T14:39:49","guid":{"rendered":"https:\/\/rothschenk.de\/deklaracja-dostepnosci\/"},"modified":"2025-06-30T14:50:51","modified_gmt":"2025-06-30T12:50:51","slug":"deklaracja-dostepnosci","status":"publish","type":"page","link":"https:\/\/rothschenk.de\/pl\/deklaracja-dostepnosci\/","title":{"rendered":"Deklaracja dost\u0119pno\u015bci"},"content":{"rendered":"\t\t<div data-elementor-type=\"wp-page\" data-elementor-id=\"676792\" class=\"elementor elementor-676792 elementor-663038\" data-elementor-post-type=\"page\">\n\t\t\t\t\t\t<section data-particle_enable=\"false\" data-particle-mobile-disabled=\"false\" class=\"elementor-section elementor-top-section elementor-element elementor-element-4a13d94 elementor-section-boxed elementor-section-height-default elementor-section-height-default\" data-id=\"4a13d94\" data-element_type=\"section\" data-e-type=\"section\" data-settings=\"{&quot;background_background&quot;:&quot;classic&quot;}\">\n\t\t\t\t\t\t<div class=\"elementor-container elementor-column-gap-default\">\n\t\t\t\t\t<div class=\"elementor-column elementor-col-100 elementor-top-column elementor-element elementor-element-845e63f\" data-id=\"845e63f\" data-element_type=\"column\" data-e-type=\"column\">\n\t\t\t<div class=\"elementor-widget-wrap elementor-element-populated\">\n\t\t\t\t\t\t<div class=\"elementor-element elementor-element-4a3e290 elementor-widget elementor-widget-heading\" data-id=\"4a3e290\" data-element_type=\"widget\" data-e-type=\"widget\" data-widget_type=\"heading.default\">\n\t\t\t\t<div class=\"elementor-widget-container\">\n\t\t\t\t\t<h1 class=\"elementor-heading-title elementor-size-default\">Deklaracja dost\u0119pno\u015bci<\/h1>\t\t\t\t<\/div>\n\t\t\t\t<\/div>\n\t\t\t\t<div class=\"elementor-element elementor-element-d4c38c3 elementor-widget elementor-widget-text-editor\" data-id=\"d4c38c3\" data-element_type=\"widget\" data-e-type=\"widget\" data-widget_type=\"text-editor.default\">\n\t\t\t\t<div class=\"elementor-widget-container\">\n\t\t\t\t\t\t\t\t\t<p>G&amp;H GmbH Rothschenk zobowi\u0105zuje si\u0119 do zapewnienia dost\u0119pno\u015bci cyfrowej dla os\u00f3b niepe\u0142nosprawnych. Stale poprawiamy przyjazno\u015b\u0107 dla u\u017cytkownika i stosujemy odpowiednie standardy (WCAG 2.2, BITV i norma EN 301 549) w zakresie dost\u0119pno\u015bci. Niniejsza deklaracja dotycz\u0105ca dost\u0119pno\u015bci cyfrowej ma zastosowanie do strony internetowej G&amp;H GmbH Rothschenk opublikowanej pod adresem https:\/\/rothschenk.de\/.  <\/p><br><h2>Status zgodno\u015bci z wymaganiami<\/h2><br><p>Strona internetowa nie jest obecnie w pe\u0142ni zgodna z wymaganiami technicznymi Web Content Accessibility Guidelines (WCAG) 2.2 i Barrierefreie-Informationstechnik-Verordnung (BITV 2.0).<\/p><br><h2>Niedost\u0119pna zawarto\u015b\u0107<\/h2><br><p><b>Poni\u017csze tre\u015bci nie s\u0105 dost\u0119pne, poniewa\u017c nie s\u0105 zgodne z podstawow\u0105 norm\u0105 zharmonizowan\u0105 EN 301 549:<br><br><\/b><\/p>\n<ul>\n    <li style=\"list-style-position: outside; margin-left: 1em;\">Na wszystkich stronach znajduj\u0105 si\u0119 linki bez tekstu linku. | WCAG: 4.1.2 <br><\/li>\n<\/ul>\n<ul>\n    <li style=\"list-style-position: outside; margin-left: 1em;\">Kontrast mi\u0119dzy tekstem a t\u0142em jest zbyt niski na prawie wszystkich stronach. | WCAG: 1.4.3 <br><\/li>\n<\/ul>\n<ul>\n    <li style=\"list-style-position: outside; margin-left: 1em;\">Na niekt\u00f3rych stronach znajduj\u0105 si\u0119 pola formularzy bez oznacze\u0144. Trudno jest nawigowa\u0107 do p\u00f3l formularza za pomoc\u0105 czytnik\u00f3w ekranu. | WCAG: 4.1.2  <br><\/li>\n<\/ul>\n<ul>\n    <li style=\"list-style-position: outside; margin-left: 1em;\">Istniej\u0105 elementy z atrybutem Aria-hidden na wszystkich stronach, kt\u00f3re mog\u0105 by\u0107 zogniskowane w tym samym czasie. Oznacza to, \u017ce elementy te s\u0105 dost\u0119pne dla technologii wspomagaj\u0105cych, mimo \u017ce powinny by\u0107 ukryte. | WCAG: 4.1.2  <br><\/li>\n<\/ul>\n<ul>\n    <li style=\"list-style-position: outside; margin-left: 1em;\">Na poszczeg\u00f3lnych stronach nie mo\u017cna odr\u00f3\u017cni\u0107 link\u00f3w od otaczaj\u0105cego je tekstu. | WCAG: 1.4.1 <br><\/li>\n<\/ul>\n<ul>\n    <li style=\"list-style-position: outside; margin-left: 1em;\">Na kilku stronach znajduj\u0105 si\u0119 elementy, kt\u00f3rych Aria ID pojawia si\u0119 kilka razy. Utrudnia to poruszanie si\u0119 po witrynie za pomoc\u0105 czytnik\u00f3w ekranu. | WCAG: 4.1.2  <br><\/li>\n<\/ul><br><br><span>Niniejsze o\u015bwiadczenie zosta\u0142o utworzone w dniu <b>20\/06\/2025<\/b>. O\u015bwiadczenie zosta\u0142o utworzone przy u\u017cyciu technologii Eye-Able\u00ae firmy <b>Web In<\/b> clusion GmbH. Wi\u0119cej informacji na temat Web Inclusion GmbH mo\u017cna znale\u017a\u0107 na stronie https:\/\/eye-able.com\/. Firma Web Inclusion GmbH przesz\u0142a wszystkie etapy test\u00f3w, kt\u00f3re mo\u017cna zweryfikowa\u0107 maszynowo.     <\/span><br><br><h2>Informacje zwrotne i dane kontaktowe<\/h2><br><p>Czy masz komentarz lub uwag\u0119 na temat barier na tej stronie? Skontaktuj si\u0119 z nami. Wyja\u015bnimy Ci, jakie bariery istniej\u0105. Mo\u017cesz dowiedzie\u0107 si\u0119, jakie wyj\u0105tki wprowadzili\u015bmy. Odpowiemy na Twoje pytania tak szybko, jak to mo\u017cliwe, ale najp\u00f3\u017aniej w ustawowym terminie sze\u015bciu tygodni. Dzi\u0119kujemy za informacje zwrotne. Mo\u017cna si\u0119 z nami skontaktowa\u0107 pod nast\u0119puj\u0105cym adresem:        <br><br>  Industriestrasse 5 &amp; 7-10<br> 97239<br> Aub<br>info@rothschenk.de<br> +49 9335 97 15 0<\/p><br><h2>Centrum arbitra\u017cowe<\/h2><br><p>Uwaga dotycz\u0105ca \u00a7 36 VSBG: Nie uczestniczymy w post\u0119powaniach rozstrzygaj\u0105cych spory przed komisj\u0105 arbitra\u017cow\u0105 konsument\u00f3w i nie jeste\u015bmy do tego zobowi\u0105zani.<\/p>\t\t\t\t\t\t\t\t<\/div>\n\t\t\t\t<\/div>\n\t\t\t\t\t<\/div>\n\t\t<\/div>\n\t\t\t\t\t<\/div>\n\t\t<\/section>\n\t\t\t\t<\/div>\n\t\t","protected":false},"excerpt":{"rendered":"<p>Deklaracja dost\u0119pno\u015bci G&amp;H GmbH Rothschenk zobowi\u0105zuje si\u0119 do zapewnienia dost\u0119pno\u015bci cyfrowej dla os\u00f3b niepe\u0142nosprawnych. Stale poprawiamy przyjazno\u015b\u0107 dla u\u017cytkownika i stosujemy odpowiednie standardy (WCAG 2.2, BITV i norma EN 301 549) w zakresie dost\u0119pno\u015bci. Niniejsza deklaracja dotycz\u0105ca dost\u0119pno\u015bci cyfrowej ma zastosowanie do strony internetowej G&amp;H GmbH Rothschenk opublikowanej pod adresem https:\/\/rothschenk.de\/. Status zgodno\u015bci z wymaganiami [&hellip;]<\/p>\n","protected":false},"author":1,"featured_media":0,"parent":0,"menu_order":0,"comment_status":"closed","ping_status":"closed","template":"","meta":{"_acf_changed":false,"footnotes":""},"class_list":["post-676792","page","type-page","status-publish","hentry"],"acf":[],"yoast_head":"<!-- This site is optimized with the Yoast SEO plugin v27.3 - https:\/\/yoast.com\/product\/yoast-seo-wordpress\/ -->\n<title>Deklaracja dost\u0119pno\u015bci - Rothschenk<\/title>\n<meta name=\"robots\" content=\"noindex, follow\" \/>\n<meta property=\"og:locale\" content=\"pl_PL\" \/>\n<meta property=\"og:type\" content=\"article\" \/>\n<meta property=\"og:title\" content=\"Deklaracja dost\u0119pno\u015bci - Rothschenk\" \/>\n<meta property=\"og:description\" content=\"Deklaracja dost\u0119pno\u015bci G&amp;H GmbH Rothschenk zobowi\u0105zuje si\u0119 do zapewnienia dost\u0119pno\u015bci cyfrowej dla os\u00f3b niepe\u0142nosprawnych. Stale poprawiamy przyjazno\u015b\u0107 dla u\u017cytkownika i stosujemy odpowiednie standardy (WCAG 2.2, BITV i norma EN 301 549) w zakresie dost\u0119pno\u015bci. Niniejsza deklaracja dotycz\u0105ca dost\u0119pno\u015bci cyfrowej ma zastosowanie do strony internetowej G&amp;H GmbH Rothschenk opublikowanej pod adresem https:\/\/rothschenk.de\/. Status zgodno\u015bci z wymaganiami [&hellip;]\" \/>\n<meta property=\"og:url\" content=\"https:\/\/rothschenk.de\/pl\/deklaracja-dostepnosci\/\" \/>\n<meta property=\"og:site_name\" content=\"Rothschenk\" \/>\n<meta property=\"article:publisher\" content=\"https:\/\/de-de.facebook.com\/FirmaRothschenk\/\" \/>\n<meta property=\"article:modified_time\" content=\"2025-06-30T12:50:51+00:00\" \/>\n<meta name=\"twitter:card\" content=\"summary_large_image\" \/>\n<meta name=\"twitter:label1\" content=\"Szacowany czas czytania\" \/>\n\t<meta name=\"twitter:data1\" content=\"2 minuty\" \/>\n<script type=\"application\/ld+json\" class=\"yoast-schema-graph\">{\"@context\":\"https:\\\/\\\/schema.org\",\"@graph\":[{\"@type\":\"WebPage\",\"@id\":\"https:\\\/\\\/rothschenk.de\\\/pl\\\/deklaracja-dostepnosci\\\/\",\"url\":\"https:\\\/\\\/rothschenk.de\\\/pl\\\/deklaracja-dostepnosci\\\/\",\"name\":\"Deklaracja dost\u0119pno\u015bci - Rothschenk\",\"isPartOf\":{\"@id\":\"https:\\\/\\\/rothschenk.de\\\/#website\"},\"datePublished\":\"2025-06-20T14:39:49+00:00\",\"dateModified\":\"2025-06-30T12:50:51+00:00\",\"breadcrumb\":{\"@id\":\"https:\\\/\\\/rothschenk.de\\\/pl\\\/deklaracja-dostepnosci\\\/#breadcrumb\"},\"inLanguage\":\"pl-PL\",\"potentialAction\":[{\"@type\":\"ReadAction\",\"target\":[\"https:\\\/\\\/rothschenk.de\\\/pl\\\/deklaracja-dostepnosci\\\/\"]}]},{\"@type\":\"BreadcrumbList\",\"@id\":\"https:\\\/\\\/rothschenk.de\\\/pl\\\/deklaracja-dostepnosci\\\/#breadcrumb\",\"itemListElement\":[{\"@type\":\"ListItem\",\"position\":1,\"name\":\"Strona g\u0142\u00f3wna\",\"item\":\"https:\\\/\\\/rothschenk.de\\\/pl\\\/strona-glowna\\\/\"},{\"@type\":\"ListItem\",\"position\":2,\"name\":\"Deklaracja dost\u0119pno\u015bci\"}]},{\"@type\":\"WebSite\",\"@id\":\"https:\\\/\\\/rothschenk.de\\\/#website\",\"url\":\"https:\\\/\\\/rothschenk.de\\\/\",\"name\":\"Rothschenk - Der Online Shop f\u00fcr Ladungssicherung\",\"description\":\"Der Online Shop f\u00fcr Ladungssicherung\",\"potentialAction\":[{\"@type\":\"SearchAction\",\"target\":{\"@type\":\"EntryPoint\",\"urlTemplate\":\"https:\\\/\\\/rothschenk.de\\\/?s={search_term_string}\"},\"query-input\":{\"@type\":\"PropertyValueSpecification\",\"valueRequired\":true,\"valueName\":\"search_term_string\"}}],\"inLanguage\":\"pl-PL\"}]}<\/script>\n<!-- \/ Yoast SEO plugin. -->","yoast_head_json":{"title":"Deklaracja dost\u0119pno\u015bci - Rothschenk","robots":{"index":"noindex","follow":"follow"},"og_locale":"pl_PL","og_type":"article","og_title":"Deklaracja dost\u0119pno\u015bci - Rothschenk","og_description":"Deklaracja dost\u0119pno\u015bci G&amp;H GmbH Rothschenk zobowi\u0105zuje si\u0119 do zapewnienia dost\u0119pno\u015bci cyfrowej dla os\u00f3b niepe\u0142nosprawnych. Stale poprawiamy przyjazno\u015b\u0107 dla u\u017cytkownika i stosujemy odpowiednie standardy (WCAG 2.2, BITV i norma EN 301 549) w zakresie dost\u0119pno\u015bci. Niniejsza deklaracja dotycz\u0105ca dost\u0119pno\u015bci cyfrowej ma zastosowanie do strony internetowej G&amp;H GmbH Rothschenk opublikowanej pod adresem https:\/\/rothschenk.de\/. Status zgodno\u015bci z wymaganiami [&hellip;]","og_url":"https:\/\/rothschenk.de\/pl\/deklaracja-dostepnosci\/","og_site_name":"Rothschenk","article_publisher":"https:\/\/de-de.facebook.com\/FirmaRothschenk\/","article_modified_time":"2025-06-30T12:50:51+00:00","twitter_card":"summary_large_image","twitter_misc":{"Szacowany czas czytania":"2 minuty"},"schema":{"@context":"https:\/\/schema.org","@graph":[{"@type":"WebPage","@id":"https:\/\/rothschenk.de\/pl\/deklaracja-dostepnosci\/","url":"https:\/\/rothschenk.de\/pl\/deklaracja-dostepnosci\/","name":"Deklaracja dost\u0119pno\u015bci - Rothschenk","isPartOf":{"@id":"https:\/\/rothschenk.de\/#website"},"datePublished":"2025-06-20T14:39:49+00:00","dateModified":"2025-06-30T12:50:51+00:00","breadcrumb":{"@id":"https:\/\/rothschenk.de\/pl\/deklaracja-dostepnosci\/#breadcrumb"},"inLanguage":"pl-PL","potentialAction":[{"@type":"ReadAction","target":["https:\/\/rothschenk.de\/pl\/deklaracja-dostepnosci\/"]}]},{"@type":"BreadcrumbList","@id":"https:\/\/rothschenk.de\/pl\/deklaracja-dostepnosci\/#breadcrumb","itemListElement":[{"@type":"ListItem","position":1,"name":"Strona g\u0142\u00f3wna","item":"https:\/\/rothschenk.de\/pl\/strona-glowna\/"},{"@type":"ListItem","position":2,"name":"Deklaracja dost\u0119pno\u015bci"}]},{"@type":"WebSite","@id":"https:\/\/rothschenk.de\/#website","url":"https:\/\/rothschenk.de\/","name":"Rothschenk - Der Online Shop f\u00fcr Ladungssicherung","description":"Der Online Shop f\u00fcr Ladungssicherung","potentialAction":[{"@type":"SearchAction","target":{"@type":"EntryPoint","urlTemplate":"https:\/\/rothschenk.de\/?s={search_term_string}"},"query-input":{"@type":"PropertyValueSpecification","valueRequired":true,"valueName":"search_term_string"}}],"inLanguage":"pl-PL"}]}},"_links":{"self":[{"href":"https:\/\/rothschenk.de\/pl\/wp-json\/wp\/v2\/pages\/676792","targetHints":{"allow":["GET"]}}],"collection":[{"href":"https:\/\/rothschenk.de\/pl\/wp-json\/wp\/v2\/pages"}],"about":[{"href":"https:\/\/rothschenk.de\/pl\/wp-json\/wp\/v2\/types\/page"}],"author":[{"embeddable":true,"href":"https:\/\/rothschenk.de\/pl\/wp-json\/wp\/v2\/users\/1"}],"replies":[{"embeddable":true,"href":"https:\/\/rothschenk.de\/pl\/wp-json\/wp\/v2\/comments?post=676792"}],"version-history":[{"count":1,"href":"https:\/\/rothschenk.de\/pl\/wp-json\/wp\/v2\/pages\/676792\/revisions"}],"predecessor-version":[{"id":676797,"href":"https:\/\/rothschenk.de\/pl\/wp-json\/wp\/v2\/pages\/676792\/revisions\/676797"}],"wp:attachment":[{"href":"https:\/\/rothschenk.de\/pl\/wp-json\/wp\/v2\/media?parent=676792"}],"curies":[{"name":"wp","href":"https:\/\/api.w.org\/{rel}","templated":true}]}}