{"id":679277,"date":"2024-03-15T10:13:36","date_gmt":"2024-03-15T09:13:36","guid":{"rendered":"https:\/\/rothschenk.de\/wiadomosci-o-firmie\/"},"modified":"2025-10-02T14:14:06","modified_gmt":"2025-10-02T12:14:06","slug":"wiadomosci-o-firmie","status":"publish","type":"page","link":"https:\/\/rothschenk.de\/pl\/wiadomosci-o-firmie\/","title":{"rendered":"Wiadomo\u015bci o firmie"},"content":{"rendered":"\t\t<div data-elementor-type=\"wp-page\" data-elementor-id=\"679277\" class=\"elementor elementor-679277 elementor-157377\" data-elementor-post-type=\"page\">\n\t\t\t\t\t\t<section data-particle_enable=\"false\" data-particle-mobile-disabled=\"false\" class=\"elementor-section elementor-top-section elementor-element elementor-element-7fc2703 elementor-section-height-min-height elementor-section-boxed elementor-section-height-default elementor-section-items-middle\" data-id=\"7fc2703\" data-element_type=\"section\" data-e-type=\"section\" data-settings=\"{&quot;background_background&quot;:&quot;classic&quot;}\">\n\t\t\t\t\t\t\t<div class=\"elementor-background-overlay\"><\/div>\n\t\t\t\t\t\t\t<div class=\"elementor-container elementor-column-gap-default\">\n\t\t\t\t\t<div class=\"elementor-column elementor-col-100 elementor-top-column elementor-element elementor-element-ef03c53\" data-id=\"ef03c53\" data-element_type=\"column\" data-e-type=\"column\">\n\t\t\t<div class=\"elementor-widget-wrap elementor-element-populated\">\n\t\t\t\t\t\t<div class=\"elementor-element elementor-element-8c92123 elementor-widget elementor-widget-heading\" data-id=\"8c92123\" data-element_type=\"widget\" data-e-type=\"widget\" data-widget_type=\"heading.default\">\n\t\t\t\t<div class=\"elementor-widget-container\">\n\t\t\t\t\t<h1 class=\"elementor-heading-title elementor-size-default\">Wiadomo\u015bci o firmie<\/h1>\t\t\t\t<\/div>\n\t\t\t\t<\/div>\n\t\t\t\t<div class=\"elementor-element elementor-element-9cdb6ff elementor-widget elementor-widget-heading\" data-id=\"9cdb6ff\" data-element_type=\"widget\" data-e-type=\"widget\" data-widget_type=\"heading.default\">\n\t\t\t\t<div class=\"elementor-widget-container\">\n\t\t\t\t\t<h2 class=\"elementor-heading-title elementor-size-default\">Wiadomo\u015bci z uniwersum Rothschenk<\/h2>\t\t\t\t<\/div>\n\t\t\t\t<\/div>\n\t\t\t\t<div class=\"elementor-element elementor-element-86208f2 elementor-widget elementor-widget-text-editor\" data-id=\"86208f2\" data-element_type=\"widget\" data-e-type=\"widget\" data-widget_type=\"text-editor.default\">\n\t\t\t\t<div class=\"elementor-widget-container\">\n\t\t\t\t\t\t\t\t\tCo nowego w Rothschenk? Co nas charakteryzuje i za czym si\u0119 opowiadamy? Jakie s\u0105 nasze cele jako punkt odniesienia w bran\u017cy i co robimy dla zr\u00f3wnowa\u017conego rozwoju? Mamy wiele do powiedzenia. Po\u015bwi\u0119\u0107 nam chwil\u0119&#8230;    \t\t\t\t\t\t\t\t<\/div>\n\t\t\t\t<\/div>\n\t\t\t\t<div class=\"elementor-element elementor-element-105aec1 elementor-widget elementor-widget-eael-creative-button\" data-id=\"105aec1\" data-element_type=\"widget\" data-e-type=\"widget\" data-widget_type=\"eael-creative-button.default\">\n\t\t\t\t<div class=\"elementor-widget-container\">\n\t\t\t\t\t        <div class=\"eael-creative-button-wrapper\">\n\n            <a class=\"eael-creative-button eael-creative-button--aylen eael-cb-icon-position-left\" href=\"#firmen-news\" data-text=\"\">\n            \t    \n                <div class=\"creative-button-inner\">\n\n                                            <span class=\"eael-creative-button-icon-left\"><i aria-hidden=\"true\" class=\"fas fa-chevron-right\"><\/i><\/span>                    \n                    <span class=\"cretive-button-text\">Odkryj wiadomo\u015bci o firmie<\/span>\n\n                                    <\/div>\n\t                        <\/a>\n        <\/div>\n        \t\t\t\t<\/div>\n\t\t\t\t<\/div>\n\t\t\t\t\t<\/div>\n\t\t<\/div>\n\t\t\t\t\t<\/div>\n\t\t<\/section>\n\t\t\t\t<section data-particle_enable=\"false\" data-particle-mobile-disabled=\"false\" class=\"elementor-section elementor-top-section elementor-element elementor-element-59a5593 elementor-section-boxed elementor-section-height-default elementor-section-height-default\" data-id=\"59a5593\" data-element_type=\"section\" data-e-type=\"section\" id=\"firmen-news\" data-settings=\"{&quot;background_background&quot;:&quot;classic&quot;}\">\n\t\t\t\t\t\t<div class=\"elementor-container elementor-column-gap-default\">\n\t\t\t\t\t<div class=\"elementor-column elementor-col-100 elementor-top-column elementor-element elementor-element-7f3ff1f\" data-id=\"7f3ff1f\" data-element_type=\"column\" data-e-type=\"column\">\n\t\t\t<div class=\"elementor-widget-wrap elementor-element-populated\">\n\t\t\t\t\t\t\t<\/div>\n\t\t<\/div>\n\t\t\t\t\t<\/div>\n\t\t<\/section>\n\t\t\t\t<section data-particle_enable=\"false\" data-particle-mobile-disabled=\"false\" class=\"elementor-section elementor-top-section elementor-element elementor-element-69b4ef5 elementor-section-boxed elementor-section-height-default elementor-section-height-default\" data-id=\"69b4ef5\" data-element_type=\"section\" data-e-type=\"section\" data-settings=\"{&quot;background_background&quot;:&quot;classic&quot;}\">\n\t\t\t\t\t\t<div class=\"elementor-container elementor-column-gap-default\">\n\t\t\t\t\t<div class=\"elementor-column elementor-col-100 elementor-top-column elementor-element elementor-element-85af55f\" data-id=\"85af55f\" data-element_type=\"column\" data-e-type=\"column\">\n\t\t\t<div class=\"elementor-widget-wrap elementor-element-populated\">\n\t\t\t\t\t\t\t<\/div>\n\t\t<\/div>\n\t\t\t\t\t<\/div>\n\t\t<\/section>\n\t\t\t\t<\/div>\n\t\t","protected":false},"excerpt":{"rendered":"<p>Wiadomo\u015bci o firmie Wiadomo\u015bci z uniwersum Rothschenk Co nowego w Rothschenk? Co nas charakteryzuje i za czym si\u0119 opowiadamy? Jakie s\u0105 nasze cele jako punkt odniesienia w bran\u017cy i co robimy dla zr\u00f3wnowa\u017conego rozwoju? Mamy wiele do powiedzenia. Po\u015bwi\u0119\u0107 nam chwil\u0119&#8230; Odkryj wiadomo\u015bci o firmie<\/p>\n","protected":false},"author":1,"featured_media":678422,"parent":0,"menu_order":0,"comment_status":"closed","ping_status":"closed","template":"","meta":{"_acf_changed":false,"footnotes":""},"class_list":["post-679277","page","type-page","status-publish","has-post-thumbnail","hentry"],"acf":[],"yoast_head":"<!-- This site is optimized with the Yoast SEO plugin v27.4 - https:\/\/yoast.com\/product\/yoast-seo-wordpress\/ -->\n<title>Wiadomo\u015bci firmowe | Rothschenk<\/title>\n<meta name=\"description\" content=\"B\u0105d\u017a na bie\u017c\u0105co z najnowszymi wiadomo\u015bciami o firmie Rothschenk! Dowiedz si\u0119 wszystkiego o najnowszych osi\u0105gni\u0119ciach i innowacjach \u2714\ufe0f\" \/>\n<meta name=\"robots\" content=\"index, follow, max-snippet:-1, max-image-preview:large, max-video-preview:-1\" \/>\n<link rel=\"canonical\" href=\"https:\/\/rothschenk.de\/pl\/wiadomosci-o-firmie\/\" \/>\n<meta property=\"og:locale\" content=\"pl_PL\" \/>\n<meta property=\"og:type\" content=\"article\" \/>\n<meta property=\"og:title\" content=\"Wiadomo\u015bci firmowe | Rothschenk\" \/>\n<meta property=\"og:description\" content=\"B\u0105d\u017a na bie\u017c\u0105co z najnowszymi wiadomo\u015bciami o firmie Rothschenk! Dowiedz si\u0119 wszystkiego o najnowszych osi\u0105gni\u0119ciach i innowacjach \u2714\ufe0f\" \/>\n<meta property=\"og:url\" content=\"https:\/\/rothschenk.de\/pl\/wiadomosci-o-firmie\/\" \/>\n<meta property=\"og:site_name\" content=\"Rothschenk\" \/>\n<meta property=\"article:publisher\" content=\"https:\/\/de-de.facebook.com\/FirmaRothschenk\/\" \/>\n<meta property=\"article:modified_time\" content=\"2025-10-02T12:14:06+00:00\" \/>\n<meta property=\"og:image\" content=\"https:\/\/rothschenk.de\/wp-content\/uploads\/2024\/06\/ihk-interview-rothschenk-ladungssicherung-nachhaltigkeit-pionier-nachhaltiges-wachstum-iwm-magazin.webp\" \/>\n\t<meta property=\"og:image:width\" content=\"1500\" \/>\n\t<meta property=\"og:image:height\" content=\"1498\" \/>\n\t<meta property=\"og:image:type\" content=\"image\/webp\" \/>\n<meta name=\"twitter:card\" content=\"summary_large_image\" \/>\n<meta name=\"twitter:label1\" content=\"Szacowany czas czytania\" \/>\n\t<meta name=\"twitter:data1\" content=\"1 minuta\" \/>\n<script type=\"application\/ld+json\" class=\"yoast-schema-graph\">{\"@context\":\"https:\\\/\\\/schema.org\",\"@graph\":[{\"@type\":\"WebPage\",\"@id\":\"https:\\\/\\\/rothschenk.de\\\/pl\\\/wiadomosci-o-firmie\\\/\",\"url\":\"https:\\\/\\\/rothschenk.de\\\/pl\\\/wiadomosci-o-firmie\\\/\",\"name\":\"Wiadomo\u015bci firmowe | Rothschenk\",\"isPartOf\":{\"@id\":\"https:\\\/\\\/rothschenk.de\\\/pl\\\/#website\"},\"primaryImageOfPage\":{\"@id\":\"https:\\\/\\\/rothschenk.de\\\/pl\\\/wiadomosci-o-firmie\\\/#primaryimage\"},\"image\":{\"@id\":\"https:\\\/\\\/rothschenk.de\\\/pl\\\/wiadomosci-o-firmie\\\/#primaryimage\"},\"thumbnailUrl\":\"https:\\\/\\\/rothschenk.de\\\/wp-content\\\/uploads\\\/2024\\\/06\\\/ihk-interview-rothschenk-ladungssicherung-nachhaltigkeit-pionier-nachhaltiges-wachstum-iwm-magazin.webp\",\"datePublished\":\"2024-03-15T09:13:36+00:00\",\"dateModified\":\"2025-10-02T12:14:06+00:00\",\"description\":\"B\u0105d\u017a na bie\u017c\u0105co z najnowszymi wiadomo\u015bciami o firmie Rothschenk! Dowiedz si\u0119 wszystkiego o najnowszych osi\u0105gni\u0119ciach i innowacjach \u2714\ufe0f\",\"breadcrumb\":{\"@id\":\"https:\\\/\\\/rothschenk.de\\\/pl\\\/wiadomosci-o-firmie\\\/#breadcrumb\"},\"inLanguage\":\"pl-PL\",\"potentialAction\":[{\"@type\":\"ReadAction\",\"target\":[\"https:\\\/\\\/rothschenk.de\\\/pl\\\/wiadomosci-o-firmie\\\/\"]}]},{\"@type\":\"ImageObject\",\"inLanguage\":\"pl-PL\",\"@id\":\"https:\\\/\\\/rothschenk.de\\\/pl\\\/wiadomosci-o-firmie\\\/#primaryimage\",\"url\":\"https:\\\/\\\/rothschenk.de\\\/wp-content\\\/uploads\\\/2024\\\/06\\\/ihk-interview-rothschenk-ladungssicherung-nachhaltigkeit-pionier-nachhaltiges-wachstum-iwm-magazin.webp\",\"contentUrl\":\"https:\\\/\\\/rothschenk.de\\\/wp-content\\\/uploads\\\/2024\\\/06\\\/ihk-interview-rothschenk-ladungssicherung-nachhaltigkeit-pionier-nachhaltiges-wachstum-iwm-magazin.webp\",\"width\":1500,\"height\":1498,\"caption\":\"ihk-interview-rothschenk-ladungssicherung-nachhaltigkeit-pionier-nachhaltiges-wachstum-iwm-magazin\"},{\"@type\":\"BreadcrumbList\",\"@id\":\"https:\\\/\\\/rothschenk.de\\\/pl\\\/wiadomosci-o-firmie\\\/#breadcrumb\",\"itemListElement\":[{\"@type\":\"ListItem\",\"position\":1,\"name\":\"Strona g\u0142\u00f3wna\",\"item\":\"https:\\\/\\\/rothschenk.de\\\/pl\\\/strona-glowna\\\/\"},{\"@type\":\"ListItem\",\"position\":2,\"name\":\"Wiadomo\u015bci o firmie\"}]},{\"@type\":\"WebSite\",\"@id\":\"https:\\\/\\\/rothschenk.de\\\/pl\\\/#website\",\"url\":\"https:\\\/\\\/rothschenk.de\\\/pl\\\/\",\"name\":\"Rothschenk - Der Online Shop f\u00fcr Ladungssicherung\",\"description\":\"Der Online Shop f\u00fcr Ladungssicherung\",\"potentialAction\":[{\"@type\":\"SearchAction\",\"target\":{\"@type\":\"EntryPoint\",\"urlTemplate\":\"https:\\\/\\\/rothschenk.de\\\/pl\\\/?s={search_term_string}\"},\"query-input\":{\"@type\":\"PropertyValueSpecification\",\"valueRequired\":true,\"valueName\":\"search_term_string\"}}],\"inLanguage\":\"pl-PL\"}]}<\/script>\n<!-- \/ Yoast SEO plugin. -->","yoast_head_json":{"title":"Wiadomo\u015bci firmowe | Rothschenk","description":"B\u0105d\u017a na bie\u017c\u0105co z najnowszymi wiadomo\u015bciami o firmie Rothschenk! Dowiedz si\u0119 wszystkiego o najnowszych osi\u0105gni\u0119ciach i innowacjach \u2714\ufe0f","robots":{"index":"index","follow":"follow","max-snippet":"max-snippet:-1","max-image-preview":"max-image-preview:large","max-video-preview":"max-video-preview:-1"},"canonical":"https:\/\/rothschenk.de\/pl\/wiadomosci-o-firmie\/","og_locale":"pl_PL","og_type":"article","og_title":"Wiadomo\u015bci firmowe | Rothschenk","og_description":"B\u0105d\u017a na bie\u017c\u0105co z najnowszymi wiadomo\u015bciami o firmie Rothschenk! Dowiedz si\u0119 wszystkiego o najnowszych osi\u0105gni\u0119ciach i innowacjach \u2714\ufe0f","og_url":"https:\/\/rothschenk.de\/pl\/wiadomosci-o-firmie\/","og_site_name":"Rothschenk","article_publisher":"https:\/\/de-de.facebook.com\/FirmaRothschenk\/","article_modified_time":"2025-10-02T12:14:06+00:00","og_image":[{"width":1500,"height":1498,"url":"https:\/\/rothschenk.de\/wp-content\/uploads\/2024\/06\/ihk-interview-rothschenk-ladungssicherung-nachhaltigkeit-pionier-nachhaltiges-wachstum-iwm-magazin.webp","type":"image\/webp"}],"twitter_card":"summary_large_image","twitter_misc":{"Szacowany czas czytania":"1 minuta"},"schema":{"@context":"https:\/\/schema.org","@graph":[{"@type":"WebPage","@id":"https:\/\/rothschenk.de\/pl\/wiadomosci-o-firmie\/","url":"https:\/\/rothschenk.de\/pl\/wiadomosci-o-firmie\/","name":"Wiadomo\u015bci firmowe | Rothschenk","isPartOf":{"@id":"https:\/\/rothschenk.de\/pl\/#website"},"primaryImageOfPage":{"@id":"https:\/\/rothschenk.de\/pl\/wiadomosci-o-firmie\/#primaryimage"},"image":{"@id":"https:\/\/rothschenk.de\/pl\/wiadomosci-o-firmie\/#primaryimage"},"thumbnailUrl":"https:\/\/rothschenk.de\/wp-content\/uploads\/2024\/06\/ihk-interview-rothschenk-ladungssicherung-nachhaltigkeit-pionier-nachhaltiges-wachstum-iwm-magazin.webp","datePublished":"2024-03-15T09:13:36+00:00","dateModified":"2025-10-02T12:14:06+00:00","description":"B\u0105d\u017a na bie\u017c\u0105co z najnowszymi wiadomo\u015bciami o firmie Rothschenk! Dowiedz si\u0119 wszystkiego o najnowszych osi\u0105gni\u0119ciach i innowacjach \u2714\ufe0f","breadcrumb":{"@id":"https:\/\/rothschenk.de\/pl\/wiadomosci-o-firmie\/#breadcrumb"},"inLanguage":"pl-PL","potentialAction":[{"@type":"ReadAction","target":["https:\/\/rothschenk.de\/pl\/wiadomosci-o-firmie\/"]}]},{"@type":"ImageObject","inLanguage":"pl-PL","@id":"https:\/\/rothschenk.de\/pl\/wiadomosci-o-firmie\/#primaryimage","url":"https:\/\/rothschenk.de\/wp-content\/uploads\/2024\/06\/ihk-interview-rothschenk-ladungssicherung-nachhaltigkeit-pionier-nachhaltiges-wachstum-iwm-magazin.webp","contentUrl":"https:\/\/rothschenk.de\/wp-content\/uploads\/2024\/06\/ihk-interview-rothschenk-ladungssicherung-nachhaltigkeit-pionier-nachhaltiges-wachstum-iwm-magazin.webp","width":1500,"height":1498,"caption":"ihk-interview-rothschenk-ladungssicherung-nachhaltigkeit-pionier-nachhaltiges-wachstum-iwm-magazin"},{"@type":"BreadcrumbList","@id":"https:\/\/rothschenk.de\/pl\/wiadomosci-o-firmie\/#breadcrumb","itemListElement":[{"@type":"ListItem","position":1,"name":"Strona g\u0142\u00f3wna","item":"https:\/\/rothschenk.de\/pl\/strona-glowna\/"},{"@type":"ListItem","position":2,"name":"Wiadomo\u015bci o firmie"}]},{"@type":"WebSite","@id":"https:\/\/rothschenk.de\/pl\/#website","url":"https:\/\/rothschenk.de\/pl\/","name":"Rothschenk - Der Online Shop f\u00fcr Ladungssicherung","description":"Der Online Shop f\u00fcr Ladungssicherung","potentialAction":[{"@type":"SearchAction","target":{"@type":"EntryPoint","urlTemplate":"https:\/\/rothschenk.de\/pl\/?s={search_term_string}"},"query-input":{"@type":"PropertyValueSpecification","valueRequired":true,"valueName":"search_term_string"}}],"inLanguage":"pl-PL"}]}},"_links":{"self":[{"href":"https:\/\/rothschenk.de\/pl\/wp-json\/wp\/v2\/pages\/679277","targetHints":{"allow":["GET"]}}],"collection":[{"href":"https:\/\/rothschenk.de\/pl\/wp-json\/wp\/v2\/pages"}],"about":[{"href":"https:\/\/rothschenk.de\/pl\/wp-json\/wp\/v2\/types\/page"}],"author":[{"embeddable":true,"href":"https:\/\/rothschenk.de\/pl\/wp-json\/wp\/v2\/users\/1"}],"replies":[{"embeddable":true,"href":"https:\/\/rothschenk.de\/pl\/wp-json\/wp\/v2\/comments?post=679277"}],"version-history":[{"count":1,"href":"https:\/\/rothschenk.de\/pl\/wp-json\/wp\/v2\/pages\/679277\/revisions"}],"predecessor-version":[{"id":679279,"href":"https:\/\/rothschenk.de\/pl\/wp-json\/wp\/v2\/pages\/679277\/revisions\/679279"}],"wp:featuredmedia":[{"embeddable":true,"href":"https:\/\/rothschenk.de\/pl\/wp-json\/wp\/v2\/media\/678422"}],"wp:attachment":[{"href":"https:\/\/rothschenk.de\/pl\/wp-json\/wp\/v2\/media?parent=679277"}],"curies":[{"name":"wp","href":"https:\/\/api.w.org\/{rel}","templated":true}]}}