{"id":727204,"date":"2025-07-24T13:40:46","date_gmt":"2025-07-24T11:40:46","guid":{"rendered":"https:\/\/rothschenk.de\/?page_id=727204"},"modified":"2025-07-24T14:01:09","modified_gmt":"2025-07-24T12:01:09","slug":"testpage-123-dla-polskiego-tlumaczenia","status":"publish","type":"page","link":"https:\/\/rothschenk.de\/pl\/testpage-123-dla-polskiego-tlumaczenia\/","title":{"rendered":"Testpage 123 dla polskiego t\u0142umaczenia"},"content":{"rendered":"\t\t<div data-elementor-type=\"wp-page\" data-elementor-id=\"727204\" class=\"elementor elementor-727204 elementor-727156\" data-elementor-post-type=\"page\">\n\t\t\t\t<div data-particle_enable=\"false\" data-particle-mobile-disabled=\"false\" class=\"elementor-element elementor-element-abe0176 e-flex e-con-boxed e-con e-parent\" data-id=\"abe0176\" data-element_type=\"container\" data-e-type=\"container\">\n\t\t\t\t\t<div class=\"e-con-inner\">\n\t\t\t\t<div class=\"elementor-element elementor-element-4c0a432 elementor-widget elementor-widget-heading\" data-id=\"4c0a432\" data-element_type=\"widget\" data-e-type=\"widget\" data-widget_type=\"heading.default\">\n\t\t\t\t<div class=\"elementor-widget-container\">\n\t\t\t\t\t<h2 class=\"elementor-heading-title elementor-size-default\">Lis nie jest gugu<\/h2>\t\t\t\t<\/div>\n\t\t\t\t<\/div>\n\t\t\t\t<div class=\"elementor-element elementor-element-ba21cca elementor-widget elementor-widget-heading\" data-id=\"ba21cca\" data-element_type=\"widget\" data-e-type=\"widget\" data-widget_type=\"heading.default\">\n\t\t\t\t<div class=\"elementor-widget-container\">\n\t\t\t\t\t<h2 class=\"elementor-heading-title elementor-size-default\">Znacz\u0105ce my\u015bli<\/h2>\t\t\t\t<\/div>\n\t\t\t\t<\/div>\n\t\t\t\t<div class=\"elementor-element elementor-element-0960ef0 elementor-widget elementor-widget-heading\" data-id=\"0960ef0\" data-element_type=\"widget\" data-e-type=\"widget\" data-widget_type=\"heading.default\">\n\t\t\t\t<div class=\"elementor-widget-container\">\n\t\t\t\t\t<h2 class=\"elementor-heading-title elementor-size-default\">Jest to r\u00f3wnie\u017c praca<\/h2>\t\t\t\t<\/div>\n\t\t\t\t<\/div>\n\t\t\t\t\t<\/div>\n\t\t\t\t<\/div>\n\t\t\t\t<\/div>\n\t\t","protected":false},"excerpt":{"rendered":"<p>Lis nie jest gugu Znacz\u0105ce my\u015bli Jest to r\u00f3wnie\u017c praca<\/p>\n","protected":false},"author":1,"featured_media":0,"parent":0,"menu_order":0,"comment_status":"closed","ping_status":"closed","template":"","meta":{"_acf_changed":false,"footnotes":""},"class_list":["post-727204","page","type-page","status-publish","hentry"],"acf":[],"yoast_head":"<!-- This site is optimized with the Yoast SEO plugin v27.4 - https:\/\/yoast.com\/product\/yoast-seo-wordpress\/ -->\n<title>Testpage 123 dla polskiego t\u0142umaczenia - Rothschenk<\/title>\n<meta name=\"robots\" content=\"index, follow, max-snippet:-1, max-image-preview:large, max-video-preview:-1\" \/>\n<link rel=\"canonical\" href=\"https:\/\/rothschenk.de\/pl\/testpage-123-dla-polskiego-tlumaczenia\/\" \/>\n<meta property=\"og:locale\" content=\"pl_PL\" \/>\n<meta property=\"og:type\" content=\"article\" \/>\n<meta property=\"og:title\" content=\"Testpage 123 dla polskiego t\u0142umaczenia - Rothschenk\" \/>\n<meta property=\"og:description\" content=\"Lis nie jest gugu Znacz\u0105ce my\u015bli Jest to r\u00f3wnie\u017c praca\" \/>\n<meta property=\"og:url\" content=\"https:\/\/rothschenk.de\/pl\/testpage-123-dla-polskiego-tlumaczenia\/\" \/>\n<meta property=\"og:site_name\" content=\"Rothschenk\" \/>\n<meta property=\"article:publisher\" content=\"https:\/\/de-de.facebook.com\/FirmaRothschenk\/\" \/>\n<meta property=\"article:modified_time\" content=\"2025-07-24T12:01:09+00:00\" \/>\n<meta name=\"twitter:card\" content=\"summary_large_image\" \/>\n<script type=\"application\/ld+json\" class=\"yoast-schema-graph\">{\"@context\":\"https:\\\/\\\/schema.org\",\"@graph\":[{\"@type\":\"WebPage\",\"@id\":\"https:\\\/\\\/rothschenk.de\\\/pl\\\/testpage-123-dla-polskiego-tlumaczenia\\\/\",\"url\":\"https:\\\/\\\/rothschenk.de\\\/pl\\\/testpage-123-dla-polskiego-tlumaczenia\\\/\",\"name\":\"Testpage 123 dla polskiego t\u0142umaczenia - Rothschenk\",\"isPartOf\":{\"@id\":\"https:\\\/\\\/rothschenk.de\\\/#website\"},\"datePublished\":\"2025-07-24T11:40:46+00:00\",\"dateModified\":\"2025-07-24T12:01:09+00:00\",\"breadcrumb\":{\"@id\":\"https:\\\/\\\/rothschenk.de\\\/pl\\\/testpage-123-dla-polskiego-tlumaczenia\\\/#breadcrumb\"},\"inLanguage\":\"pl-PL\",\"potentialAction\":[{\"@type\":\"ReadAction\",\"target\":[\"https:\\\/\\\/rothschenk.de\\\/pl\\\/testpage-123-dla-polskiego-tlumaczenia\\\/\"]}]},{\"@type\":\"BreadcrumbList\",\"@id\":\"https:\\\/\\\/rothschenk.de\\\/pl\\\/testpage-123-dla-polskiego-tlumaczenia\\\/#breadcrumb\",\"itemListElement\":[{\"@type\":\"ListItem\",\"position\":1,\"name\":\"Strona g\u0142\u00f3wna\",\"item\":\"https:\\\/\\\/rothschenk.de\\\/pl\\\/strona-glowna\\\/\"},{\"@type\":\"ListItem\",\"position\":2,\"name\":\"Testpage 123 dla polskiego t\u0142umaczenia\"}]},{\"@type\":\"WebSite\",\"@id\":\"https:\\\/\\\/rothschenk.de\\\/#website\",\"url\":\"https:\\\/\\\/rothschenk.de\\\/\",\"name\":\"Rothschenk - Der Online Shop f\u00fcr Ladungssicherung\",\"description\":\"Der Online Shop f\u00fcr Ladungssicherung\",\"potentialAction\":[{\"@type\":\"SearchAction\",\"target\":{\"@type\":\"EntryPoint\",\"urlTemplate\":\"https:\\\/\\\/rothschenk.de\\\/?s={search_term_string}\"},\"query-input\":{\"@type\":\"PropertyValueSpecification\",\"valueRequired\":true,\"valueName\":\"search_term_string\"}}],\"inLanguage\":\"pl-PL\"}]}<\/script>\n<!-- \/ Yoast SEO plugin. -->","yoast_head_json":{"title":"Testpage 123 dla polskiego t\u0142umaczenia - Rothschenk","robots":{"index":"index","follow":"follow","max-snippet":"max-snippet:-1","max-image-preview":"max-image-preview:large","max-video-preview":"max-video-preview:-1"},"canonical":"https:\/\/rothschenk.de\/pl\/testpage-123-dla-polskiego-tlumaczenia\/","og_locale":"pl_PL","og_type":"article","og_title":"Testpage 123 dla polskiego t\u0142umaczenia - Rothschenk","og_description":"Lis nie jest gugu Znacz\u0105ce my\u015bli Jest to r\u00f3wnie\u017c praca","og_url":"https:\/\/rothschenk.de\/pl\/testpage-123-dla-polskiego-tlumaczenia\/","og_site_name":"Rothschenk","article_publisher":"https:\/\/de-de.facebook.com\/FirmaRothschenk\/","article_modified_time":"2025-07-24T12:01:09+00:00","twitter_card":"summary_large_image","schema":{"@context":"https:\/\/schema.org","@graph":[{"@type":"WebPage","@id":"https:\/\/rothschenk.de\/pl\/testpage-123-dla-polskiego-tlumaczenia\/","url":"https:\/\/rothschenk.de\/pl\/testpage-123-dla-polskiego-tlumaczenia\/","name":"Testpage 123 dla polskiego t\u0142umaczenia - Rothschenk","isPartOf":{"@id":"https:\/\/rothschenk.de\/#website"},"datePublished":"2025-07-24T11:40:46+00:00","dateModified":"2025-07-24T12:01:09+00:00","breadcrumb":{"@id":"https:\/\/rothschenk.de\/pl\/testpage-123-dla-polskiego-tlumaczenia\/#breadcrumb"},"inLanguage":"pl-PL","potentialAction":[{"@type":"ReadAction","target":["https:\/\/rothschenk.de\/pl\/testpage-123-dla-polskiego-tlumaczenia\/"]}]},{"@type":"BreadcrumbList","@id":"https:\/\/rothschenk.de\/pl\/testpage-123-dla-polskiego-tlumaczenia\/#breadcrumb","itemListElement":[{"@type":"ListItem","position":1,"name":"Strona g\u0142\u00f3wna","item":"https:\/\/rothschenk.de\/pl\/strona-glowna\/"},{"@type":"ListItem","position":2,"name":"Testpage 123 dla polskiego t\u0142umaczenia"}]},{"@type":"WebSite","@id":"https:\/\/rothschenk.de\/#website","url":"https:\/\/rothschenk.de\/","name":"Rothschenk - Der Online Shop f\u00fcr Ladungssicherung","description":"Der Online Shop f\u00fcr Ladungssicherung","potentialAction":[{"@type":"SearchAction","target":{"@type":"EntryPoint","urlTemplate":"https:\/\/rothschenk.de\/?s={search_term_string}"},"query-input":{"@type":"PropertyValueSpecification","valueRequired":true,"valueName":"search_term_string"}}],"inLanguage":"pl-PL"}]}},"_links":{"self":[{"href":"https:\/\/rothschenk.de\/pl\/wp-json\/wp\/v2\/pages\/727204","targetHints":{"allow":["GET"]}}],"collection":[{"href":"https:\/\/rothschenk.de\/pl\/wp-json\/wp\/v2\/pages"}],"about":[{"href":"https:\/\/rothschenk.de\/pl\/wp-json\/wp\/v2\/types\/page"}],"author":[{"embeddable":true,"href":"https:\/\/rothschenk.de\/pl\/wp-json\/wp\/v2\/users\/1"}],"replies":[{"embeddable":true,"href":"https:\/\/rothschenk.de\/pl\/wp-json\/wp\/v2\/comments?post=727204"}],"version-history":[{"count":4,"href":"https:\/\/rothschenk.de\/pl\/wp-json\/wp\/v2\/pages\/727204\/revisions"}],"predecessor-version":[{"id":727392,"href":"https:\/\/rothschenk.de\/pl\/wp-json\/wp\/v2\/pages\/727204\/revisions\/727392"}],"wp:attachment":[{"href":"https:\/\/rothschenk.de\/pl\/wp-json\/wp\/v2\/media?parent=727204"}],"curies":[{"name":"wp","href":"https:\/\/api.w.org\/{rel}","templated":true}]}}