{"id":1236,"date":"2023-07-19T22:00:28","date_gmt":"2023-07-19T20:00:28","guid":{"rendered":"https:\/\/rothschenk.de\/rothschenk-shop\/?post_type=product&#038;p=1236"},"modified":"2026-03-26T09:43:40","modified_gmt":"2026-03-26T08:43:40","slug":"white-line-600-x-1-200-mm","status":"publish","type":"product","link":"https:\/\/rothschenk.de\/pl\/produkt\/white-line-600-x-1-200-mm\/","title":{"rendered":"White Line | 600 x 1.200 mm | Stausack"},"content":{"rendered":"<h3>White Line | 600 x 1.200 mm | Stausack<\/h3>\n<p>Rothschenk White Line Staus\u00e4cke bzw. Staupolster erf\u00fcllen die Anforderungen vieler Verladesituationen. Unsere DEKRA zertifzierten [R] White Line Staupolster finden z.B. im LKW Versand Anwendung.<\/p>\n<p>Die Rothschenk White Line Staus\u00e4cke wurden mit Fokus auf die Kostenersparnis f\u00fcr den Kunden entwickelt. Dies zeigt sich durch die gewichtsoptimierten Materialst\u00e4rken und einen konstruktiv ver\u00e4nderten Aufbau des Ladungssicherungsmittels. Unsere White Line Staupolster sind die richtige Wahl bei Waren, welche eine glatte Oberfl\u00e4che der Verpackung, z.B. Kartonagen oder wei\u00dfe Waren aufweisen. Zudem sind sie durch einen reduzierten Materialeinsatz ideal f\u00fcr den Einsatz im Einwegversand. Es k\u00f6nnen Staul\u00fccken innerhalb k\u00fcrzester Zeit ausgef\u00fcllt werden.<\/p>\n<p>Mit dem millionenfach bew\u00e4hrten Rothschenk SMART-Ventil ist das Bef\u00fcllen mit einem station\u00e4ren Druckluftanschluss, oder \u00fcber ein mobiles Akkugebl\u00e4se schnell erledigt. Das Smart-Ventil verf\u00fcgt zus\u00e4tzlich \u00fcber eine Bef\u00fcll- und Ablassfunktion f\u00fcr ein nachtr\u00e4gliches Justieren des Polsters in der L\u00fccke. Das Ventil ist in der Falzkante zur Ecke hin positioniert uns somit bei ge\u00f6ffneter Containert\u00fcr f\u00fcr den Anwender frei zug\u00e4nglich.<\/p>\n<p>Weitere Infos zu Staus\u00e4cken finden Sie in unserer <a href=\"https:\/\/rothschenk.de\/folge-20-stausack-ladungssicherung-teil-1\/\">Blogfolge 20<\/a> und <a href=\"https:\/\/rothschenk.de\/folge-21-stausack-ladungssicherung-teil-2\/\">21.<\/a><\/p>\n","protected":false},"excerpt":{"rendered":"<p>White Line | 600 x 1.200 mm | Stausack Rothschenk White Line Staus\u00e4cke bzw. Staupolster erf\u00fcllen die Anforderungen vieler Verladesituationen. Unsere DEKRA zertifzierten [R] White Line Staupolster finden z.B. im LKW Versand Anwendung. Die Rothschenk White Line Staus\u00e4cke wurden mit Fokus auf die Kostenersparnis f\u00fcr den Kunden entwickelt. Dies zeigt sich durch die gewichtsoptimierten Materialst\u00e4rken [&hellip;]<\/p>\n","protected":false},"featured_media":48159,"comment_status":"open","ping_status":"closed","template":"","meta":{"_acf_changed":false},"product_brand":[],"product_cat":[20,50],"product_tag":[],"class_list":{"0":"post-1236","1":"product","2":"type-product","3":"status-publish","4":"has-post-thumbnail","6":"product_cat-stausack","7":"product_cat-white-line","9":"first","10":"instock","11":"sale","12":"taxable","13":"shipping-taxable","14":"purchasable","15":"product-type-variable"},"acf":[],"yoast_head":"<!-- This site is optimized with the Yoast SEO plugin v27.3 - https:\/\/yoast.com\/product\/yoast-seo-wordpress\/ -->\n<title>White Line | 600 x 1.200 mm | Stausack - Rothschenk<\/title>\n<meta name=\"description\" content=\"White Line Stausack \u27a4 Schnelle Bef\u00fcllung \u27a4 100 % recyclingf\u00e4hig \u27a4 Direkt vom Hersteller \u27a4 Tiefpreise \u2713 Jetzt online bestellen!\" \/>\n<meta name=\"robots\" content=\"index, follow, max-snippet:-1, max-image-preview:large, max-video-preview:-1\" \/>\n<link rel=\"canonical\" href=\"https:\/\/rothschenk.de\/rothschenk-shop\/produkt\/white-line-600-x-900-mm\/\" \/>\n<meta property=\"og:locale\" content=\"pl_PL\" \/>\n<meta property=\"og:type\" content=\"article\" \/>\n<meta property=\"og:title\" content=\"White Line | 600 x 1.200 mm | Stausack - Rothschenk\" \/>\n<meta property=\"og:description\" content=\"White Line Stausack \u27a4 Schnelle Bef\u00fcllung \u27a4 100 % recyclingf\u00e4hig \u27a4 Direkt vom Hersteller \u27a4 Tiefpreise \u2713 Jetzt online bestellen!\" \/>\n<meta property=\"og:url\" content=\"https:\/\/rothschenk.de\/rothschenk-shop\/produkt\/white-line-600-x-900-mm\/\" \/>\n<meta property=\"og:site_name\" content=\"Rothschenk\" \/>\n<meta property=\"article:publisher\" content=\"https:\/\/de-de.facebook.com\/FirmaRothschenk\/\" \/>\n<meta property=\"article:modified_time\" content=\"2026-03-26T08:43:40+00:00\" \/>\n<meta property=\"og:image\" content=\"https:\/\/rothschenk.de\/wp-content\/uploads\/2023\/10\/White-Line-Dekra-2.jpg\" \/>\n\t<meta property=\"og:image:width\" content=\"1024\" \/>\n\t<meta property=\"og:image:height\" content=\"1024\" \/>\n\t<meta property=\"og:image:type\" content=\"image\/jpeg\" \/>\n<meta name=\"twitter:card\" content=\"summary_large_image\" \/>\n<meta name=\"twitter:label1\" content=\"Dost\u0119pno\u015b\u0107\" \/>\n\t<meta name=\"twitter:data1\" content=\"Dost\u0119pny\" \/>\n<script type=\"application\/ld+json\" class=\"yoast-schema-graph\">{\"@context\":\"https:\\\/\\\/schema.org\",\"@graph\":[{\"@type\":\"WebPage\",\"@id\":\"https:\\\/\\\/rothschenk.de\\\/produkt\\\/white-line-600-x-1-200-mm\\\/\",\"url\":\"https:\\\/\\\/rothschenk.de\\\/rothschenk-shop\\\/produkt\\\/white-line-600-x-900-mm\\\/\",\"name\":\"White Line | 600 x 1.200 mm | Stausack - Rothschenk\",\"isPartOf\":{\"@id\":\"https:\\\/\\\/rothschenk.de\\\/#website\"},\"primaryImageOfPage\":{\"@id\":\"https:\\\/\\\/rothschenk.de\\\/rothschenk-shop\\\/produkt\\\/white-line-600-x-900-mm\\\/#primaryimage\"},\"image\":{\"@id\":\"https:\\\/\\\/rothschenk.de\\\/rothschenk-shop\\\/produkt\\\/white-line-600-x-900-mm\\\/#primaryimage\"},\"thumbnailUrl\":\"https:\\\/\\\/rothschenk.de\\\/wp-content\\\/uploads\\\/2023\\\/10\\\/White-Line-Dekra-2.jpg\",\"datePublished\":\"2023-07-19T20:00:28+00:00\",\"dateModified\":\"2026-03-26T08:43:40+00:00\",\"description\":\"White Line Stausack \u27a4 Schnelle Bef\u00fcllung \u27a4 100 % recyclingf\u00e4hig \u27a4 Direkt vom Hersteller \u27a4 Tiefpreise \u2713 Jetzt online bestellen!\",\"breadcrumb\":{\"@id\":\"https:\\\/\\\/rothschenk.de\\\/rothschenk-shop\\\/produkt\\\/white-line-600-x-900-mm\\\/#breadcrumb\"},\"inLanguage\":\"pl-PL\",\"potentialAction\":[{\"@type\":\"ReadAction\",\"target\":[\"https:\\\/\\\/rothschenk.de\\\/rothschenk-shop\\\/produkt\\\/white-line-600-x-900-mm\\\/\"]}]},{\"@type\":\"ImageObject\",\"inLanguage\":\"pl-PL\",\"@id\":\"https:\\\/\\\/rothschenk.de\\\/rothschenk-shop\\\/produkt\\\/white-line-600-x-900-mm\\\/#primaryimage\",\"url\":\"https:\\\/\\\/rothschenk.de\\\/wp-content\\\/uploads\\\/2023\\\/10\\\/White-Line-Dekra-2.jpg\",\"contentUrl\":\"https:\\\/\\\/rothschenk.de\\\/wp-content\\\/uploads\\\/2023\\\/10\\\/White-Line-Dekra-2.jpg\",\"width\":1024,\"height\":1024,\"caption\":\"White Line Stausack zertifiziert\"},{\"@type\":\"BreadcrumbList\",\"@id\":\"https:\\\/\\\/rothschenk.de\\\/rothschenk-shop\\\/produkt\\\/white-line-600-x-900-mm\\\/#breadcrumb\",\"itemListElement\":[{\"@type\":\"ListItem\",\"position\":1,\"name\":\"Strona g\u0142\u00f3wna\",\"item\":\"https:\\\/\\\/rothschenk.de\\\/pl\\\/strona-glowna\\\/\"},{\"@type\":\"ListItem\",\"position\":2,\"name\":\"Shop\",\"item\":\"https:\\\/\\\/rothschenk.de\\\/shop\\\/\"},{\"@type\":\"ListItem\",\"position\":3,\"name\":\"White Line | 600 x 1.200 mm | Stausack\"}]},{\"@type\":\"WebSite\",\"@id\":\"https:\\\/\\\/rothschenk.de\\\/#website\",\"url\":\"https:\\\/\\\/rothschenk.de\\\/\",\"name\":\"Rothschenk - Der Online Shop f\u00fcr Ladungssicherung\",\"description\":\"Der Online Shop f\u00fcr Ladungssicherung\",\"potentialAction\":[{\"@type\":\"SearchAction\",\"target\":{\"@type\":\"EntryPoint\",\"urlTemplate\":\"https:\\\/\\\/rothschenk.de\\\/?s={search_term_string}\"},\"query-input\":{\"@type\":\"PropertyValueSpecification\",\"valueRequired\":true,\"valueName\":\"search_term_string\"}}],\"inLanguage\":\"pl-PL\"}]}<\/script>\n<meta property=\"og:availability\" content=\"instock\" \/>\n<meta property=\"product:availability\" content=\"instock\" \/>\n<meta property=\"product:condition\" content=\"new\" \/>\n<!-- \/ Yoast SEO plugin. -->","yoast_head_json":{"title":"White Line | 600 x 1.200 mm | Stausack - Rothschenk","description":"White Line Stausack \u27a4 Schnelle Bef\u00fcllung \u27a4 100 % recyclingf\u00e4hig \u27a4 Direkt vom Hersteller \u27a4 Tiefpreise \u2713 Jetzt online bestellen!","robots":{"index":"index","follow":"follow","max-snippet":"max-snippet:-1","max-image-preview":"max-image-preview:large","max-video-preview":"max-video-preview:-1"},"canonical":"https:\/\/rothschenk.de\/rothschenk-shop\/produkt\/white-line-600-x-900-mm\/","og_locale":"pl_PL","og_type":"article","og_title":"White Line | 600 x 1.200 mm | Stausack - Rothschenk","og_description":"White Line Stausack \u27a4 Schnelle Bef\u00fcllung \u27a4 100 % recyclingf\u00e4hig \u27a4 Direkt vom Hersteller \u27a4 Tiefpreise \u2713 Jetzt online bestellen!","og_url":"https:\/\/rothschenk.de\/rothschenk-shop\/produkt\/white-line-600-x-900-mm\/","og_site_name":"Rothschenk","article_publisher":"https:\/\/de-de.facebook.com\/FirmaRothschenk\/","article_modified_time":"2026-03-26T08:43:40+00:00","og_image":[{"width":1024,"height":1024,"url":"https:\/\/rothschenk.de\/wp-content\/uploads\/2023\/10\/White-Line-Dekra-2.jpg","type":"image\/jpeg"}],"twitter_card":"summary_large_image","twitter_misc":{"Dost\u0119pno\u015b\u0107":"Dost\u0119pny"},"schema":{"@context":"https:\/\/schema.org","@graph":[{"@type":"WebPage","@id":"https:\/\/rothschenk.de\/produkt\/white-line-600-x-1-200-mm\/","url":"https:\/\/rothschenk.de\/rothschenk-shop\/produkt\/white-line-600-x-900-mm\/","name":"White Line | 600 x 1.200 mm | Stausack - Rothschenk","isPartOf":{"@id":"https:\/\/rothschenk.de\/#website"},"primaryImageOfPage":{"@id":"https:\/\/rothschenk.de\/rothschenk-shop\/produkt\/white-line-600-x-900-mm\/#primaryimage"},"image":{"@id":"https:\/\/rothschenk.de\/rothschenk-shop\/produkt\/white-line-600-x-900-mm\/#primaryimage"},"thumbnailUrl":"https:\/\/rothschenk.de\/wp-content\/uploads\/2023\/10\/White-Line-Dekra-2.jpg","datePublished":"2023-07-19T20:00:28+00:00","dateModified":"2026-03-26T08:43:40+00:00","description":"White Line Stausack \u27a4 Schnelle Bef\u00fcllung \u27a4 100 % recyclingf\u00e4hig \u27a4 Direkt vom Hersteller \u27a4 Tiefpreise \u2713 Jetzt online bestellen!","breadcrumb":{"@id":"https:\/\/rothschenk.de\/rothschenk-shop\/produkt\/white-line-600-x-900-mm\/#breadcrumb"},"inLanguage":"pl-PL","potentialAction":[{"@type":"ReadAction","target":["https:\/\/rothschenk.de\/rothschenk-shop\/produkt\/white-line-600-x-900-mm\/"]}]},{"@type":"ImageObject","inLanguage":"pl-PL","@id":"https:\/\/rothschenk.de\/rothschenk-shop\/produkt\/white-line-600-x-900-mm\/#primaryimage","url":"https:\/\/rothschenk.de\/wp-content\/uploads\/2023\/10\/White-Line-Dekra-2.jpg","contentUrl":"https:\/\/rothschenk.de\/wp-content\/uploads\/2023\/10\/White-Line-Dekra-2.jpg","width":1024,"height":1024,"caption":"White Line Stausack zertifiziert"},{"@type":"BreadcrumbList","@id":"https:\/\/rothschenk.de\/rothschenk-shop\/produkt\/white-line-600-x-900-mm\/#breadcrumb","itemListElement":[{"@type":"ListItem","position":1,"name":"Strona g\u0142\u00f3wna","item":"https:\/\/rothschenk.de\/pl\/strona-glowna\/"},{"@type":"ListItem","position":2,"name":"Shop","item":"https:\/\/rothschenk.de\/shop\/"},{"@type":"ListItem","position":3,"name":"White Line | 600 x 1.200 mm | Stausack"}]},{"@type":"WebSite","@id":"https:\/\/rothschenk.de\/#website","url":"https:\/\/rothschenk.de\/","name":"Rothschenk - Der Online Shop f\u00fcr Ladungssicherung","description":"Der Online Shop f\u00fcr Ladungssicherung","potentialAction":[{"@type":"SearchAction","target":{"@type":"EntryPoint","urlTemplate":"https:\/\/rothschenk.de\/?s={search_term_string}"},"query-input":{"@type":"PropertyValueSpecification","valueRequired":true,"valueName":"search_term_string"}}],"inLanguage":"pl-PL"}]},"og_availability":"instock","product_availability":"instock","product_condition":"new"},"_links":{"self":[{"href":"https:\/\/rothschenk.de\/pl\/wp-json\/wp\/v2\/product\/1236","targetHints":{"allow":["GET"]}}],"collection":[{"href":"https:\/\/rothschenk.de\/pl\/wp-json\/wp\/v2\/product"}],"about":[{"href":"https:\/\/rothschenk.de\/pl\/wp-json\/wp\/v2\/types\/product"}],"replies":[{"embeddable":true,"href":"https:\/\/rothschenk.de\/pl\/wp-json\/wp\/v2\/comments?post=1236"}],"wp:featuredmedia":[{"embeddable":true,"href":"https:\/\/rothschenk.de\/pl\/wp-json\/wp\/v2\/media\/48159"}],"wp:attachment":[{"href":"https:\/\/rothschenk.de\/pl\/wp-json\/wp\/v2\/media?parent=1236"}],"wp:term":[{"taxonomy":"product_brand","embeddable":true,"href":"https:\/\/rothschenk.de\/pl\/wp-json\/wp\/v2\/product_brand?post=1236"},{"taxonomy":"product_cat","embeddable":true,"href":"https:\/\/rothschenk.de\/pl\/wp-json\/wp\/v2\/product_cat?post=1236"},{"taxonomy":"product_tag","embeddable":true,"href":"https:\/\/rothschenk.de\/pl\/wp-json\/wp\/v2\/product_tag?post=1236"}],"curies":[{"name":"wp","href":"https:\/\/api.w.org\/{rel}","templated":true}]}}