{"id":123820,"date":"2024-01-19T10:11:27","date_gmt":"2024-01-19T09:11:27","guid":{"rendered":"https:\/\/rothschenk.de\/rothschenk-shop\/?post_type=product&#038;p=123820"},"modified":"2026-04-20T12:21:33","modified_gmt":"2026-04-20T10:21:33","slug":"ladungssicherungsset-pkw-transporter","status":"publish","type":"product","link":"https:\/\/rothschenk.de\/pl\/produkt\/ladungssicherungsset-pkw-transporter\/","title":{"rendered":"Ladungssicherungsset f\u00fcr PKW | Transporter | Anh\u00e4nger"},"content":{"rendered":"<h3>Ladungssicherungsset f\u00fcr PKW | Transporter | Anh\u00e4nger<\/h3>\n<p>Set Inhalt:<br \/>\n1x PKW Kofferraumnetz 1.100 x 1.100 mm<br \/>\n4x Zurrgurt mit Aufrollmechanik 1,80 m<br \/>\n2x Klemmschlossgurt 5,00 m<br \/>\n4x Kantenschutzwinkel 95 x 95 mm<br \/>\n6x Antirutsch Pads 200 x 100 x 8 mm<br \/>\n1 x Antirutschmatte 1200 x 800 x 3 mm<\/p>\n<p>Dieses Set wurde sorgf\u00e4ltig zusammengestellt, um Ihnen eine zuverl\u00e4ssige L\u00f6sung f\u00fcr die Sicherung Ihrer Ladung w\u00e4hrend der Fahrt zu bieten.<\/p>\n<p>Herzst\u00fcck des Sets ist das robuste Kofferraumnetz mit den Ma\u00dfen 1.100 x 1.100 mm. Das flexible Netz l\u00e4sst sich einfach im Kofferraum befestigen und h\u00e4lt lose Gegenst\u00e4nde sicher fest. Durch seine gro\u00dfz\u00fcgigen Abmessungen bietet es eine optimale Abdeckung und sorgt daf\u00fcr, dass Ihre Ladung auch in anspruchsvollen Fahrsituationen gesichert ist.<\/p>\n<p>Zus\u00e4tzliche Flexibilit\u00e4t bei der Ladungssicherung bieten die beiden Klemmschlossgurte. Die Spannschl\u00f6sser erm\u00f6glichen eine schnelle und sichere Befestigung Ihrer Ladung und sorgen daf\u00fcr, dass alles an seinem Platz bleibt.<\/p>\n<p>F\u00fcr ein schnelles Verzurren von Gegenst\u00e4nden im Kofferraum oder Transporter, sind vier Zurrgurte mit praktischem Aufrollmechanismus im Set enthalten. Diese Gurte bieten eine hervorragende Zugfestigkeit, sind leicht zu handhaben und schnell anzubringen.<\/p>\n<p>Um empfindliche Ware vor Besch\u00e4digungen zu sch\u00fctzen, enth\u00e4lt das Set au\u00dferdem vier robuste Kantenschutzwinkel.<\/p>\n<p>Die mitgelieferte Antirutschmatte (1200 x 800 mm) bietet eine gro\u00dffl\u00e4chige Haftung auf dem Kofferraumboden. Unsere Antirutschmatten Pads (200 x 100 x 8 mm) k\u00f6nnen alternativ oder zus\u00e4tzlich unter die Ladung gelegt werden. Die Antirutschmatten verhindern ein ungewolltes Verrutschen der Ladung in Kurven oder bei pl\u00f6tzlichen Bremsman\u00f6vern.<\/p>\n<p>Investieren Sie in die Sicherheit Ihrer Transporte! Mit unserem Set sind Sie bestens ger\u00fcstet, um Ihre Ladung sicher und unbeschadet ans Ziel zu bringen.<\/p>\n","protected":false},"excerpt":{"rendered":"<p>Ladungssicherungsset f\u00fcr PKW | Transporter | Anh\u00e4nger Set Inhalt: 1x PKW Kofferraumnetz 1.100 x 1.100 mm 4x Zurrgurt mit Aufrollmechanik 1,80 m 2x Klemmschlossgurt 5,00 m 4x Kantenschutzwinkel 95 x 95 mm 6x Antirutsch Pads 200 x 100 x 8 mm 1 x Antirutschmatte 1200 x 800 x 3 mm Dieses Set wurde sorgf\u00e4ltig zusammengestellt, [&hellip;]<\/p>\n","protected":false},"featured_media":123865,"comment_status":"open","ping_status":"closed","template":"","meta":{"_acf_changed":false},"product_brand":[],"product_cat":[101,77,68,102,80,48,79,71],"product_tag":[],"class_list":{"0":"post-123820","1":"product","2":"type-product","3":"status-publish","4":"has-post-thumbnail","6":"product_cat-antirutschmatten-pads","7":"product_cat-antirutschmatte-rollenware","8":"product_cat-klemmschloss","9":"product_cat-kunststoff","10":"product_cat-ladungssicherungs-tools","11":"product_cat-sale","12":"product_cat-zubehoer","13":"product_cat-zurrgurt-sets","15":"first","16":"onbackorder","17":"sale","18":"taxable","19":"shipping-taxable","20":"purchasable","21":"product-type-simple"},"acf":[],"yoast_head":"<!-- This site is optimized with the Yoast SEO plugin v27.4 - https:\/\/yoast.com\/product\/yoast-seo-wordpress\/ -->\n<title>Ladungssicherungsset f\u00fcr PKW | Transporter | Anh\u00e4nger - Rothschenk<\/title>\n<meta name=\"description\" content=\"Ladungssicherungsset - PKW - Transporter - Anh\u00e4nger \u2713 Made in Germany \u2713 Schneller Versand \u2713 Zurrgurte \u25ba Jetzt bei Rothschenk bestellen!\" \/>\n<meta name=\"robots\" content=\"index, follow, max-snippet:-1, max-image-preview:large, max-video-preview:-1\" \/>\n<link rel=\"canonical\" href=\"https:\/\/rothschenk.de\/produkt\/ladungssicherungsset-pkw-transporter\/\" \/>\n<meta property=\"og:locale\" content=\"pl_PL\" \/>\n<meta property=\"og:type\" content=\"article\" \/>\n<meta property=\"og:title\" content=\"Ladungssicherungsset f\u00fcr PKW | Transporter | Anh\u00e4nger - Rothschenk\" \/>\n<meta property=\"og:description\" content=\"Ladungssicherungsset - PKW - Transporter - Anh\u00e4nger \u2713 Made in Germany \u2713 Schneller Versand \u2713 Zurrgurte \u25ba Jetzt bei Rothschenk bestellen!\" \/>\n<meta property=\"og:url\" content=\"https:\/\/rothschenk.de\/produkt\/ladungssicherungsset-pkw-transporter\/\" \/>\n<meta property=\"og:site_name\" content=\"Rothschenk\" \/>\n<meta property=\"article:publisher\" content=\"https:\/\/de-de.facebook.com\/FirmaRothschenk\/\" \/>\n<meta property=\"article:modified_time\" content=\"2026-04-20T10:21:33+00:00\" \/>\n<meta property=\"og:image\" content=\"https:\/\/rothschenk.de\/wp-content\/uploads\/2024\/01\/Ladungssicherungsset-PKW.jpg\" \/>\n\t<meta property=\"og:image:width\" content=\"1024\" \/>\n\t<meta property=\"og:image:height\" content=\"1024\" \/>\n\t<meta property=\"og:image:type\" content=\"image\/jpeg\" \/>\n<meta name=\"twitter:card\" content=\"summary_large_image\" \/>\n<meta name=\"twitter:label1\" content=\"Cena\" \/>\n\t<meta name=\"twitter:data1\" content=\"66,68&nbsp;&euro;\" \/>\n\t<meta name=\"twitter:label2\" content=\"Dost\u0119pno\u015b\u0107\" \/>\n\t<meta name=\"twitter:data2\" content=\"Na zam\u00f3wienie\" \/>\n<script type=\"application\/ld+json\" class=\"yoast-schema-graph\">{\"@context\":\"https:\\\/\\\/schema.org\",\"@graph\":[{\"@type\":\"WebPage\",\"@id\":\"https:\\\/\\\/rothschenk.de\\\/produkt\\\/ladungssicherungsset-pkw-transporter\\\/\",\"url\":\"https:\\\/\\\/rothschenk.de\\\/produkt\\\/ladungssicherungsset-pkw-transporter\\\/\",\"name\":\"Ladungssicherungsset f\u00fcr PKW | Transporter | Anh\u00e4nger - Rothschenk\",\"isPartOf\":{\"@id\":\"https:\\\/\\\/rothschenk.de\\\/#website\"},\"primaryImageOfPage\":{\"@id\":\"https:\\\/\\\/rothschenk.de\\\/produkt\\\/ladungssicherungsset-pkw-transporter\\\/#primaryimage\"},\"image\":{\"@id\":\"https:\\\/\\\/rothschenk.de\\\/produkt\\\/ladungssicherungsset-pkw-transporter\\\/#primaryimage\"},\"thumbnailUrl\":\"https:\\\/\\\/rothschenk.de\\\/wp-content\\\/uploads\\\/2024\\\/01\\\/Ladungssicherungsset-PKW.jpg\",\"datePublished\":\"2024-01-19T09:11:27+00:00\",\"dateModified\":\"2026-04-20T10:21:33+00:00\",\"description\":\"Ladungssicherungsset - PKW - Transporter - Anh\u00e4nger \u2713 Made in Germany \u2713 Schneller Versand \u2713 Zurrgurte \u25ba Jetzt bei Rothschenk bestellen!\",\"breadcrumb\":{\"@id\":\"https:\\\/\\\/rothschenk.de\\\/produkt\\\/ladungssicherungsset-pkw-transporter\\\/#breadcrumb\"},\"inLanguage\":\"pl-PL\",\"potentialAction\":[{\"@type\":\"ReadAction\",\"target\":[\"https:\\\/\\\/rothschenk.de\\\/produkt\\\/ladungssicherungsset-pkw-transporter\\\/\"]}]},{\"@type\":\"ImageObject\",\"inLanguage\":\"pl-PL\",\"@id\":\"https:\\\/\\\/rothschenk.de\\\/produkt\\\/ladungssicherungsset-pkw-transporter\\\/#primaryimage\",\"url\":\"https:\\\/\\\/rothschenk.de\\\/wp-content\\\/uploads\\\/2024\\\/01\\\/Ladungssicherungsset-PKW.jpg\",\"contentUrl\":\"https:\\\/\\\/rothschenk.de\\\/wp-content\\\/uploads\\\/2024\\\/01\\\/Ladungssicherungsset-PKW.jpg\",\"width\":1024,\"height\":1024,\"caption\":\"Ladungssicherungsset f\u00fcr PKW\"},{\"@type\":\"BreadcrumbList\",\"@id\":\"https:\\\/\\\/rothschenk.de\\\/produkt\\\/ladungssicherungsset-pkw-transporter\\\/#breadcrumb\",\"itemListElement\":[{\"@type\":\"ListItem\",\"position\":1,\"name\":\"Strona g\u0142\u00f3wna\",\"item\":\"https:\\\/\\\/rothschenk.de\\\/pl\\\/strona-glowna\\\/\"},{\"@type\":\"ListItem\",\"position\":2,\"name\":\"Shop\",\"item\":\"https:\\\/\\\/rothschenk.de\\\/shop\\\/\"},{\"@type\":\"ListItem\",\"position\":3,\"name\":\"Ladungssicherungsset f\u00fcr PKW | Transporter | Anh\u00e4nger\"}]},{\"@type\":\"WebSite\",\"@id\":\"https:\\\/\\\/rothschenk.de\\\/#website\",\"url\":\"https:\\\/\\\/rothschenk.de\\\/\",\"name\":\"Rothschenk - Der Online Shop f\u00fcr Ladungssicherung\",\"description\":\"Der Online Shop f\u00fcr Ladungssicherung\",\"potentialAction\":[{\"@type\":\"SearchAction\",\"target\":{\"@type\":\"EntryPoint\",\"urlTemplate\":\"https:\\\/\\\/rothschenk.de\\\/?s={search_term_string}\"},\"query-input\":{\"@type\":\"PropertyValueSpecification\",\"valueRequired\":true,\"valueName\":\"search_term_string\"}}],\"inLanguage\":\"pl-PL\"}]}<\/script>\n<meta property=\"product:price:amount\" content=\"66.68\" \/>\n<meta property=\"product:price:currency\" content=\"EUR\" \/>\n<meta property=\"og:availability\" content=\"backorder\" \/>\n<meta property=\"product:availability\" content=\"available for order\" \/>\n<meta property=\"product:retailer_item_id\" content=\"LaSi-Set-PKW\" \/>\n<meta property=\"product:condition\" content=\"new\" \/>\n<!-- \/ Yoast SEO plugin. -->","yoast_head_json":{"title":"Ladungssicherungsset f\u00fcr PKW | Transporter | Anh\u00e4nger - Rothschenk","description":"Ladungssicherungsset - PKW - Transporter - Anh\u00e4nger \u2713 Made in Germany \u2713 Schneller Versand \u2713 Zurrgurte \u25ba Jetzt bei Rothschenk bestellen!","robots":{"index":"index","follow":"follow","max-snippet":"max-snippet:-1","max-image-preview":"max-image-preview:large","max-video-preview":"max-video-preview:-1"},"canonical":"https:\/\/rothschenk.de\/produkt\/ladungssicherungsset-pkw-transporter\/","og_locale":"pl_PL","og_type":"article","og_title":"Ladungssicherungsset f\u00fcr PKW | Transporter | Anh\u00e4nger - Rothschenk","og_description":"Ladungssicherungsset - PKW - Transporter - Anh\u00e4nger \u2713 Made in Germany \u2713 Schneller Versand \u2713 Zurrgurte \u25ba Jetzt bei Rothschenk bestellen!","og_url":"https:\/\/rothschenk.de\/produkt\/ladungssicherungsset-pkw-transporter\/","og_site_name":"Rothschenk","article_publisher":"https:\/\/de-de.facebook.com\/FirmaRothschenk\/","article_modified_time":"2026-04-20T10:21:33+00:00","og_image":[{"width":1024,"height":1024,"url":"https:\/\/rothschenk.de\/wp-content\/uploads\/2024\/01\/Ladungssicherungsset-PKW.jpg","type":"image\/jpeg"}],"twitter_card":"summary_large_image","twitter_misc":{"Cena":"66,68&nbsp;&euro;","Dost\u0119pno\u015b\u0107":"Na zam\u00f3wienie"},"schema":{"@context":"https:\/\/schema.org","@graph":[{"@type":"WebPage","@id":"https:\/\/rothschenk.de\/produkt\/ladungssicherungsset-pkw-transporter\/","url":"https:\/\/rothschenk.de\/produkt\/ladungssicherungsset-pkw-transporter\/","name":"Ladungssicherungsset f\u00fcr PKW | Transporter | Anh\u00e4nger - Rothschenk","isPartOf":{"@id":"https:\/\/rothschenk.de\/#website"},"primaryImageOfPage":{"@id":"https:\/\/rothschenk.de\/produkt\/ladungssicherungsset-pkw-transporter\/#primaryimage"},"image":{"@id":"https:\/\/rothschenk.de\/produkt\/ladungssicherungsset-pkw-transporter\/#primaryimage"},"thumbnailUrl":"https:\/\/rothschenk.de\/wp-content\/uploads\/2024\/01\/Ladungssicherungsset-PKW.jpg","datePublished":"2024-01-19T09:11:27+00:00","dateModified":"2026-04-20T10:21:33+00:00","description":"Ladungssicherungsset - PKW - Transporter - Anh\u00e4nger \u2713 Made in Germany \u2713 Schneller Versand \u2713 Zurrgurte \u25ba Jetzt bei Rothschenk bestellen!","breadcrumb":{"@id":"https:\/\/rothschenk.de\/produkt\/ladungssicherungsset-pkw-transporter\/#breadcrumb"},"inLanguage":"pl-PL","potentialAction":[{"@type":"ReadAction","target":["https:\/\/rothschenk.de\/produkt\/ladungssicherungsset-pkw-transporter\/"]}]},{"@type":"ImageObject","inLanguage":"pl-PL","@id":"https:\/\/rothschenk.de\/produkt\/ladungssicherungsset-pkw-transporter\/#primaryimage","url":"https:\/\/rothschenk.de\/wp-content\/uploads\/2024\/01\/Ladungssicherungsset-PKW.jpg","contentUrl":"https:\/\/rothschenk.de\/wp-content\/uploads\/2024\/01\/Ladungssicherungsset-PKW.jpg","width":1024,"height":1024,"caption":"Ladungssicherungsset f\u00fcr PKW"},{"@type":"BreadcrumbList","@id":"https:\/\/rothschenk.de\/produkt\/ladungssicherungsset-pkw-transporter\/#breadcrumb","itemListElement":[{"@type":"ListItem","position":1,"name":"Strona g\u0142\u00f3wna","item":"https:\/\/rothschenk.de\/pl\/strona-glowna\/"},{"@type":"ListItem","position":2,"name":"Shop","item":"https:\/\/rothschenk.de\/shop\/"},{"@type":"ListItem","position":3,"name":"Ladungssicherungsset f\u00fcr PKW | Transporter | Anh\u00e4nger"}]},{"@type":"WebSite","@id":"https:\/\/rothschenk.de\/#website","url":"https:\/\/rothschenk.de\/","name":"Rothschenk - Der Online Shop f\u00fcr Ladungssicherung","description":"Der Online Shop f\u00fcr Ladungssicherung","potentialAction":[{"@type":"SearchAction","target":{"@type":"EntryPoint","urlTemplate":"https:\/\/rothschenk.de\/?s={search_term_string}"},"query-input":{"@type":"PropertyValueSpecification","valueRequired":true,"valueName":"search_term_string"}}],"inLanguage":"pl-PL"}]},"product_price_amount":"66.68","product_price_currency":"EUR","og_availability":"backorder","product_availability":"available for order","product_retailer_item_id":"LaSi-Set-PKW","product_condition":"new"},"_links":{"self":[{"href":"https:\/\/rothschenk.de\/pl\/wp-json\/wp\/v2\/product\/123820","targetHints":{"allow":["GET"]}}],"collection":[{"href":"https:\/\/rothschenk.de\/pl\/wp-json\/wp\/v2\/product"}],"about":[{"href":"https:\/\/rothschenk.de\/pl\/wp-json\/wp\/v2\/types\/product"}],"replies":[{"embeddable":true,"href":"https:\/\/rothschenk.de\/pl\/wp-json\/wp\/v2\/comments?post=123820"}],"wp:featuredmedia":[{"embeddable":true,"href":"https:\/\/rothschenk.de\/pl\/wp-json\/wp\/v2\/media\/123865"}],"wp:attachment":[{"href":"https:\/\/rothschenk.de\/pl\/wp-json\/wp\/v2\/media?parent=123820"}],"wp:term":[{"taxonomy":"product_brand","embeddable":true,"href":"https:\/\/rothschenk.de\/pl\/wp-json\/wp\/v2\/product_brand?post=123820"},{"taxonomy":"product_cat","embeddable":true,"href":"https:\/\/rothschenk.de\/pl\/wp-json\/wp\/v2\/product_cat?post=123820"},{"taxonomy":"product_tag","embeddable":true,"href":"https:\/\/rothschenk.de\/pl\/wp-json\/wp\/v2\/product_tag?post=123820"}],"curies":[{"name":"wp","href":"https:\/\/api.w.org\/{rel}","templated":true}]}}