{"id":1261,"date":"2023-07-17T20:00:31","date_gmt":"2023-07-17T18:00:31","guid":{"rendered":"https:\/\/rothschenk.de\/rothschenk-shop\/?post_type=product&#038;p=1261"},"modified":"2026-02-17T10:19:21","modified_gmt":"2026-02-17T09:19:21","slug":"s-a-m-bag-850-x-2-300-mm","status":"publish","type":"product","link":"https:\/\/rothschenk.de\/pl\/produkt\/s-a-m-bag-850-x-2-300-mm\/","title":{"rendered":"S.A.M. Bag | 850 x 2.300 mm | Stausack"},"content":{"rendered":"<h3>S.A.M. Bag | 850 x 2.300 mm | Staupolster R\u00fcckhaltesystem<\/h3>\n<p>Exklusiv von Rothschenk entwickelt und eine Innovation auf dem Markt: S.A.M. ist ein R\u00fcckhaltesystem mit au\u00dfenliegendem Staupolster. Unser S.A.M. l\u00f6st auf einfachste Weise ein elementares Problem im Container, n\u00e4mlich fehlende Zurrpunkte. Egal ob es sich um einen Reefer-Container handelt oder keine Zurrpunkte in einem 20&#8242;- oder High-Cube-Container vorhanden sind, mit S.A.M. haben Sie maximale Freiheit.<\/p>\n<p>S.A.M. steht f\u00fcr System of Anti-slip Material. Das speziell f\u00fcr temperaturgef\u00fchrte Transporte entwickelte und auf Standard-Frachtcontainer, Reefer-Container und feste Fahrzeugaufbauten abgestimmte R\u00fcckhaltesystem kommt immer dann zum Einsatz, wenn glatte W\u00e4nde und fehlende Zurrpunkte die Ladungssicherung erheblich erschweren. Die Ladung wird durch zwei seitliche Staupolster und zwei Planen sicher umschlossen. Die absolute Besonderheit ist dabei die spezielle Anti-Rutsch-Beschichtung der beiden Staupolster, die eine R\u00fcckhaltekraft von bis zu 5.000 daN erm\u00f6glicht &#8211; und das ganz ohne den Einsatz von Zurrpunkten!<\/p>\n<p>Standardm\u00e4\u00dfig erhalten Sie unseren S.A.M. f\u00fcr den Einsatz von Warenbl\u00f6cken im Grundma\u00df 2 x 2,40 m. Dar\u00fcber hinaus fertigen wir an unserem Standort in Deutschland auch eine gr\u00f6\u00dfere Variante. Sprechen Sie uns an.<\/p>\n<p>Weitere Infos zu Staus\u00e4cken finden Sie in unserer <a href=\"https:\/\/rothschenk.de\/folge-20-stausack-ladungssicherung-teil-1\/\">Blogfolge 20<\/a> und <a href=\"https:\/\/rothschenk.de\/folge-21-stausack-ladungssicherung-teil-2\/\">21.<\/a><\/p>\n","protected":false},"excerpt":{"rendered":"<p>S.A.M. Bag | 850 x 2.300 mm | Staupolster R\u00fcckhaltesystem Exklusiv von Rothschenk entwickelt und eine Innovation auf dem Markt: S.A.M. ist ein R\u00fcckhaltesystem mit au\u00dfenliegendem Staupolster. Unser S.A.M. l\u00f6st auf einfachste Weise ein elementares Problem im Container, n\u00e4mlich fehlende Zurrpunkte. Egal ob es sich um einen Reefer-Container handelt oder keine Zurrpunkte in einem 20&#8242;- [&hellip;]<\/p>\n","protected":false},"featured_media":47960,"comment_status":"open","ping_status":"closed","template":"","meta":{"_acf_changed":false},"product_brand":[],"product_cat":[53,20],"product_tag":[],"class_list":{"0":"post-1261","1":"product","2":"type-product","3":"status-publish","4":"has-post-thumbnail","6":"product_cat-sam-rueckhaltesystem","7":"product_cat-stausack","9":"first","10":"onbackorder","11":"sale","12":"taxable","13":"shipping-taxable","14":"purchasable","15":"product-type-variable"},"acf":[],"yoast_head":"<!-- This site is optimized with the Yoast SEO plugin v27.4 - https:\/\/yoast.com\/product\/yoast-seo-wordpress\/ -->\n<title>S.A.M. Bag | 850 x 2.300 mm | Stausack - Rothschenk<\/title>\n<meta name=\"description\" content=\"Staupolster Bag S.A.M - f\u00fcr Container \u2714 T\u00dcV zertifiziert \u2714 keine Zurrmittel erforderlich \u2714 individuell anpassbar \u00bb Jetzt online bestellen!\" \/>\n<meta name=\"robots\" content=\"index, follow, max-snippet:-1, max-image-preview:large, max-video-preview:-1\" \/>\n<link rel=\"canonical\" href=\"https:\/\/rothschenk.de\/produkt\/s-a-m-bag-850-x-2-300-mm\/\" \/>\n<meta property=\"og:locale\" content=\"pl_PL\" \/>\n<meta property=\"og:type\" content=\"article\" \/>\n<meta property=\"og:title\" content=\"S.A.M. Bag | 850 x 2.300 mm | Stausack - Rothschenk\" \/>\n<meta property=\"og:description\" content=\"Staupolster Bag S.A.M - f\u00fcr Container \u2714 T\u00dcV zertifiziert \u2714 keine Zurrmittel erforderlich \u2714 individuell anpassbar \u00bb Jetzt online bestellen!\" \/>\n<meta property=\"og:url\" content=\"https:\/\/rothschenk.de\/produkt\/s-a-m-bag-850-x-2-300-mm\/\" \/>\n<meta property=\"og:site_name\" content=\"Rothschenk\" \/>\n<meta property=\"article:publisher\" content=\"https:\/\/de-de.facebook.com\/FirmaRothschenk\/\" \/>\n<meta property=\"article:modified_time\" content=\"2026-02-17T09:19:21+00:00\" \/>\n<meta property=\"og:image\" content=\"https:\/\/rothschenk.de\/wp-content\/uploads\/2023\/07\/quadratisch-neu-22.jpg\" \/>\n\t<meta property=\"og:image:width\" content=\"1024\" \/>\n\t<meta property=\"og:image:height\" content=\"1024\" \/>\n\t<meta property=\"og:image:type\" content=\"image\/jpeg\" \/>\n<meta name=\"twitter:card\" content=\"summary_large_image\" \/>\n<meta name=\"twitter:label1\" content=\"Dost\u0119pno\u015b\u0107\" \/>\n\t<meta name=\"twitter:data1\" content=\"Na zam\u00f3wienie\" \/>\n<script type=\"application\/ld+json\" class=\"yoast-schema-graph\">{\"@context\":\"https:\\\/\\\/schema.org\",\"@graph\":[{\"@type\":\"WebPage\",\"@id\":\"https:\\\/\\\/rothschenk.de\\\/produkt\\\/s-a-m-bag-850-x-2-300-mm\\\/\",\"url\":\"https:\\\/\\\/rothschenk.de\\\/produkt\\\/s-a-m-bag-850-x-2-300-mm\\\/\",\"name\":\"S.A.M. Bag | 850 x 2.300 mm | Stausack - Rothschenk\",\"isPartOf\":{\"@id\":\"https:\\\/\\\/rothschenk.de\\\/#website\"},\"primaryImageOfPage\":{\"@id\":\"https:\\\/\\\/rothschenk.de\\\/produkt\\\/s-a-m-bag-850-x-2-300-mm\\\/#primaryimage\"},\"image\":{\"@id\":\"https:\\\/\\\/rothschenk.de\\\/produkt\\\/s-a-m-bag-850-x-2-300-mm\\\/#primaryimage\"},\"thumbnailUrl\":\"https:\\\/\\\/rothschenk.de\\\/wp-content\\\/uploads\\\/2023\\\/07\\\/quadratisch-neu-22.jpg\",\"datePublished\":\"2023-07-17T18:00:31+00:00\",\"dateModified\":\"2026-02-17T09:19:21+00:00\",\"description\":\"Staupolster Bag S.A.M - f\u00fcr Container \u2714 T\u00dcV zertifiziert \u2714 keine Zurrmittel erforderlich \u2714 individuell anpassbar \u00bb Jetzt online bestellen!\",\"breadcrumb\":{\"@id\":\"https:\\\/\\\/rothschenk.de\\\/produkt\\\/s-a-m-bag-850-x-2-300-mm\\\/#breadcrumb\"},\"inLanguage\":\"pl-PL\",\"potentialAction\":[{\"@type\":\"ReadAction\",\"target\":[\"https:\\\/\\\/rothschenk.de\\\/produkt\\\/s-a-m-bag-850-x-2-300-mm\\\/\"]}]},{\"@type\":\"ImageObject\",\"inLanguage\":\"pl-PL\",\"@id\":\"https:\\\/\\\/rothschenk.de\\\/produkt\\\/s-a-m-bag-850-x-2-300-mm\\\/#primaryimage\",\"url\":\"https:\\\/\\\/rothschenk.de\\\/wp-content\\\/uploads\\\/2023\\\/07\\\/quadratisch-neu-22.jpg\",\"contentUrl\":\"https:\\\/\\\/rothschenk.de\\\/wp-content\\\/uploads\\\/2023\\\/07\\\/quadratisch-neu-22.jpg\",\"width\":1024,\"height\":1024,\"caption\":\"SAM Bag an Palette\"},{\"@type\":\"BreadcrumbList\",\"@id\":\"https:\\\/\\\/rothschenk.de\\\/produkt\\\/s-a-m-bag-850-x-2-300-mm\\\/#breadcrumb\",\"itemListElement\":[{\"@type\":\"ListItem\",\"position\":1,\"name\":\"Strona g\u0142\u00f3wna\",\"item\":\"https:\\\/\\\/rothschenk.de\\\/pl\\\/strona-glowna\\\/\"},{\"@type\":\"ListItem\",\"position\":2,\"name\":\"Shop\",\"item\":\"https:\\\/\\\/rothschenk.de\\\/shop\\\/\"},{\"@type\":\"ListItem\",\"position\":3,\"name\":\"S.A.M. Bag | 850 x 2.300 mm | Stausack\"}]},{\"@type\":\"WebSite\",\"@id\":\"https:\\\/\\\/rothschenk.de\\\/#website\",\"url\":\"https:\\\/\\\/rothschenk.de\\\/\",\"name\":\"Rothschenk - Der Online Shop f\u00fcr Ladungssicherung\",\"description\":\"Der Online Shop f\u00fcr Ladungssicherung\",\"potentialAction\":[{\"@type\":\"SearchAction\",\"target\":{\"@type\":\"EntryPoint\",\"urlTemplate\":\"https:\\\/\\\/rothschenk.de\\\/?s={search_term_string}\"},\"query-input\":{\"@type\":\"PropertyValueSpecification\",\"valueRequired\":true,\"valueName\":\"search_term_string\"}}],\"inLanguage\":\"pl-PL\"}]}<\/script>\n<meta property=\"og:availability\" content=\"backorder\" \/>\n<meta property=\"product:availability\" content=\"available for order\" \/>\n<meta property=\"product:condition\" content=\"new\" \/>\n<!-- \/ Yoast SEO plugin. -->","yoast_head_json":{"title":"S.A.M. Bag | 850 x 2.300 mm | Stausack - Rothschenk","description":"Staupolster Bag S.A.M - f\u00fcr Container \u2714 T\u00dcV zertifiziert \u2714 keine Zurrmittel erforderlich \u2714 individuell anpassbar \u00bb Jetzt online bestellen!","robots":{"index":"index","follow":"follow","max-snippet":"max-snippet:-1","max-image-preview":"max-image-preview:large","max-video-preview":"max-video-preview:-1"},"canonical":"https:\/\/rothschenk.de\/produkt\/s-a-m-bag-850-x-2-300-mm\/","og_locale":"pl_PL","og_type":"article","og_title":"S.A.M. Bag | 850 x 2.300 mm | Stausack - Rothschenk","og_description":"Staupolster Bag S.A.M - f\u00fcr Container \u2714 T\u00dcV zertifiziert \u2714 keine Zurrmittel erforderlich \u2714 individuell anpassbar \u00bb Jetzt online bestellen!","og_url":"https:\/\/rothschenk.de\/produkt\/s-a-m-bag-850-x-2-300-mm\/","og_site_name":"Rothschenk","article_publisher":"https:\/\/de-de.facebook.com\/FirmaRothschenk\/","article_modified_time":"2026-02-17T09:19:21+00:00","og_image":[{"width":1024,"height":1024,"url":"https:\/\/rothschenk.de\/wp-content\/uploads\/2023\/07\/quadratisch-neu-22.jpg","type":"image\/jpeg"}],"twitter_card":"summary_large_image","twitter_misc":{"Dost\u0119pno\u015b\u0107":"Na zam\u00f3wienie"},"schema":{"@context":"https:\/\/schema.org","@graph":[{"@type":"WebPage","@id":"https:\/\/rothschenk.de\/produkt\/s-a-m-bag-850-x-2-300-mm\/","url":"https:\/\/rothschenk.de\/produkt\/s-a-m-bag-850-x-2-300-mm\/","name":"S.A.M. Bag | 850 x 2.300 mm | Stausack - Rothschenk","isPartOf":{"@id":"https:\/\/rothschenk.de\/#website"},"primaryImageOfPage":{"@id":"https:\/\/rothschenk.de\/produkt\/s-a-m-bag-850-x-2-300-mm\/#primaryimage"},"image":{"@id":"https:\/\/rothschenk.de\/produkt\/s-a-m-bag-850-x-2-300-mm\/#primaryimage"},"thumbnailUrl":"https:\/\/rothschenk.de\/wp-content\/uploads\/2023\/07\/quadratisch-neu-22.jpg","datePublished":"2023-07-17T18:00:31+00:00","dateModified":"2026-02-17T09:19:21+00:00","description":"Staupolster Bag S.A.M - f\u00fcr Container \u2714 T\u00dcV zertifiziert \u2714 keine Zurrmittel erforderlich \u2714 individuell anpassbar \u00bb Jetzt online bestellen!","breadcrumb":{"@id":"https:\/\/rothschenk.de\/produkt\/s-a-m-bag-850-x-2-300-mm\/#breadcrumb"},"inLanguage":"pl-PL","potentialAction":[{"@type":"ReadAction","target":["https:\/\/rothschenk.de\/produkt\/s-a-m-bag-850-x-2-300-mm\/"]}]},{"@type":"ImageObject","inLanguage":"pl-PL","@id":"https:\/\/rothschenk.de\/produkt\/s-a-m-bag-850-x-2-300-mm\/#primaryimage","url":"https:\/\/rothschenk.de\/wp-content\/uploads\/2023\/07\/quadratisch-neu-22.jpg","contentUrl":"https:\/\/rothschenk.de\/wp-content\/uploads\/2023\/07\/quadratisch-neu-22.jpg","width":1024,"height":1024,"caption":"SAM Bag an Palette"},{"@type":"BreadcrumbList","@id":"https:\/\/rothschenk.de\/produkt\/s-a-m-bag-850-x-2-300-mm\/#breadcrumb","itemListElement":[{"@type":"ListItem","position":1,"name":"Strona g\u0142\u00f3wna","item":"https:\/\/rothschenk.de\/pl\/strona-glowna\/"},{"@type":"ListItem","position":2,"name":"Shop","item":"https:\/\/rothschenk.de\/shop\/"},{"@type":"ListItem","position":3,"name":"S.A.M. Bag | 850 x 2.300 mm | Stausack"}]},{"@type":"WebSite","@id":"https:\/\/rothschenk.de\/#website","url":"https:\/\/rothschenk.de\/","name":"Rothschenk - Der Online Shop f\u00fcr Ladungssicherung","description":"Der Online Shop f\u00fcr Ladungssicherung","potentialAction":[{"@type":"SearchAction","target":{"@type":"EntryPoint","urlTemplate":"https:\/\/rothschenk.de\/?s={search_term_string}"},"query-input":{"@type":"PropertyValueSpecification","valueRequired":true,"valueName":"search_term_string"}}],"inLanguage":"pl-PL"}]},"og_availability":"backorder","product_availability":"available for order","product_condition":"new"},"_links":{"self":[{"href":"https:\/\/rothschenk.de\/pl\/wp-json\/wp\/v2\/product\/1261","targetHints":{"allow":["GET"]}}],"collection":[{"href":"https:\/\/rothschenk.de\/pl\/wp-json\/wp\/v2\/product"}],"about":[{"href":"https:\/\/rothschenk.de\/pl\/wp-json\/wp\/v2\/types\/product"}],"replies":[{"embeddable":true,"href":"https:\/\/rothschenk.de\/pl\/wp-json\/wp\/v2\/comments?post=1261"}],"wp:featuredmedia":[{"embeddable":true,"href":"https:\/\/rothschenk.de\/pl\/wp-json\/wp\/v2\/media\/47960"}],"wp:attachment":[{"href":"https:\/\/rothschenk.de\/pl\/wp-json\/wp\/v2\/media?parent=1261"}],"wp:term":[{"taxonomy":"product_brand","embeddable":true,"href":"https:\/\/rothschenk.de\/pl\/wp-json\/wp\/v2\/product_brand?post=1261"},{"taxonomy":"product_cat","embeddable":true,"href":"https:\/\/rothschenk.de\/pl\/wp-json\/wp\/v2\/product_cat?post=1261"},{"taxonomy":"product_tag","embeddable":true,"href":"https:\/\/rothschenk.de\/pl\/wp-json\/wp\/v2\/product_tag?post=1261"}],"curies":[{"name":"wp","href":"https:\/\/api.w.org\/{rel}","templated":true}]}}