{"id":1280,"date":"2023-07-16T16:00:51","date_gmt":"2023-07-16T14:00:51","guid":{"rendered":"https:\/\/rothschenk.de\/rothschenk-shop\/?post_type=product&#038;p=1280"},"modified":"2026-04-04T07:05:39","modified_gmt":"2026-04-04T05:05:39","slug":"druckluftpistole-easy-steckadapter-fuer-smart-ventil","status":"publish","type":"product","link":"https:\/\/rothschenk.de\/pl\/produkt\/druckluftpistole-easy-steckadapter-fuer-smart-ventil\/","title":{"rendered":"Druckluftpistole &#8222;Easy&#8221; | Steckadapter f\u00fcr SMART Ventil"},"content":{"rendered":"<h3>Druckluftpistole | Steckadapter f\u00fcr SMART Ventil<\/h3>\n<p>Die Druckluftpistole \u201cEasy\u201d wurde f\u00fcr leichte Anwendungszwecke entwickelt. Ausger\u00fcstet mit einem Steckadapter f\u00fcr die Rothschenk SMART Ventile kann ein Staupolster innerhalb k\u00fcrzester Zeit mit Hilfe eines Kompressors bef\u00fcllt werden. Der erforderliche Druckluftanschluss ist in 1\/4\u201c Ausf\u00fchrung bereits integriert.<\/p>\n<p>Wir bei Rothschenk verf\u00fcgen \u00fcber mobile Akkugebl\u00e4se, station\u00e4re Druckluftsysteme und zahlreiche Innovationen im Bereich der Adapter und Zubeh\u00f6rtechnik. Alle Pistolen haben gemein, dass sie \u00fcber ein integriertes <strong>Venturi-Prinzip<\/strong> verf\u00fcgen. Dabei wird zus\u00e4tzliche Luft angesaugt und der Bef\u00fcllvorgang wesentlich beschleunigt. Au\u00dferdem kann dank dieses Prinzips \u00fcbersch\u00fcssige Luft nach hinten entweichen und ein \u00dcberf\u00fcllen des Staupolsters verhindert werden.<\/p>\n<p>Vorteile des Venturi-Prinzips im \u00dcberblick:<\/p>\n<ul>\n<li><strong>Schnellere Bef\u00fcllung:<\/strong> Bis zu 2\/3 Umgebungsluft wird zus\u00e4tzlich angesaugt (siehe Zeichnung)<\/li>\n<li><strong>Hoher Sicherheitsaspekt:<\/strong> Kein \u00dcberf\u00fcllen m\u00f6glich. Die Pistole bl\u00e4st bei drohender \u00dcberf\u00fcllung des Staupolsters nach hinten ab.<\/li>\n<li><strong>Spart Druckluft<\/strong> und somit bares Geld: Unterhalt von Druckluftsystemen ist ein gro\u00dfer Kostenfaktor<\/li>\n<\/ul>\n","protected":false},"excerpt":{"rendered":"<p>Druckluftpistole | Steckadapter f\u00fcr SMART Ventil Die Druckluftpistole \u201cEasy\u201d wurde f\u00fcr leichte Anwendungszwecke entwickelt. Ausger\u00fcstet mit einem Steckadapter f\u00fcr die Rothschenk SMART Ventile kann ein Staupolster innerhalb k\u00fcrzester Zeit mit Hilfe eines Kompressors bef\u00fcllt werden. Der erforderliche Druckluftanschluss ist in 1\/4\u201c Ausf\u00fchrung bereits integriert. Wir bei Rothschenk verf\u00fcgen \u00fcber mobile Akkugebl\u00e4se, station\u00e4re Druckluftsysteme und zahlreiche [&hellip;]<\/p>\n","protected":false},"featured_media":85582,"comment_status":"open","ping_status":"closed","template":"","meta":{"_acf_changed":false},"product_brand":[],"product_cat":[54,20],"product_tag":[],"class_list":{"0":"post-1280","1":"product","2":"type-product","3":"status-publish","4":"has-post-thumbnail","6":"product_cat-befuelltechnik","7":"product_cat-stausack","9":"first","10":"instock","11":"taxable","12":"shipping-taxable","13":"purchasable","14":"product-type-simple"},"acf":[],"yoast_head":"<!-- This site is optimized with the Yoast SEO plugin v27.3 - https:\/\/yoast.com\/product\/yoast-seo-wordpress\/ -->\n<title>Druckluftpistole &quot;Easy&quot; | Steckadapter f\u00fcr SMART Ventil<\/title>\n<meta name=\"description\" content=\"Druckluftpistole Easy - Steckadapter f\u00fcr SMART Ventil \u2713 Schnellere Bef\u00fcllung \u2713 Hohe Sicherheit \u2713 Aluminium \u25ba Jetzt online bestellen!\" \/>\n<meta name=\"robots\" content=\"index, follow, max-snippet:-1, max-image-preview:large, max-video-preview:-1\" \/>\n<link rel=\"canonical\" href=\"https:\/\/rothschenk.de\/produkt\/druckluftpistole-easy-steckadapter-fuer-smart-ventil\/\" \/>\n<meta property=\"og:locale\" content=\"pl_PL\" \/>\n<meta property=\"og:type\" content=\"article\" \/>\n<meta property=\"og:title\" content=\"Druckluftpistole &quot;Easy&quot; | Steckadapter f\u00fcr SMART Ventil\" \/>\n<meta property=\"og:description\" content=\"Druckluftpistole Easy - Steckadapter f\u00fcr SMART Ventil \u2713 Schnellere Bef\u00fcllung \u2713 Hohe Sicherheit \u2713 Aluminium \u25ba Jetzt online bestellen!\" \/>\n<meta property=\"og:url\" content=\"https:\/\/rothschenk.de\/produkt\/druckluftpistole-easy-steckadapter-fuer-smart-ventil\/\" \/>\n<meta property=\"og:site_name\" content=\"Rothschenk\" \/>\n<meta property=\"article:publisher\" content=\"https:\/\/de-de.facebook.com\/FirmaRothschenk\/\" \/>\n<meta property=\"article:modified_time\" content=\"2026-04-04T05:05:39+00:00\" \/>\n<meta property=\"og:image\" content=\"https:\/\/rothschenk.de\/wp-content\/uploads\/2023\/07\/quadratisch-neu-32.jpg\" \/>\n\t<meta property=\"og:image:width\" content=\"1024\" \/>\n\t<meta property=\"og:image:height\" content=\"1024\" \/>\n\t<meta property=\"og:image:type\" content=\"image\/jpeg\" \/>\n<meta name=\"twitter:card\" content=\"summary_large_image\" \/>\n<meta name=\"twitter:label1\" content=\"Cena\" \/>\n\t<meta name=\"twitter:data1\" content=\"27,95&nbsp;&euro;\" \/>\n\t<meta name=\"twitter:label2\" content=\"Dost\u0119pno\u015b\u0107\" \/>\n\t<meta name=\"twitter:data2\" content=\"Dost\u0119pny\" \/>\n<script type=\"application\/ld+json\" class=\"yoast-schema-graph\">{\"@context\":\"https:\\\/\\\/schema.org\",\"@graph\":[{\"@type\":\"WebPage\",\"@id\":\"https:\\\/\\\/rothschenk.de\\\/produkt\\\/druckluftpistole-easy-steckadapter-fuer-smart-ventil\\\/\",\"url\":\"https:\\\/\\\/rothschenk.de\\\/produkt\\\/druckluftpistole-easy-steckadapter-fuer-smart-ventil\\\/\",\"name\":\"Druckluftpistole \\\"Easy\\\" | Steckadapter f\u00fcr SMART Ventil\",\"isPartOf\":{\"@id\":\"https:\\\/\\\/rothschenk.de\\\/#website\"},\"primaryImageOfPage\":{\"@id\":\"https:\\\/\\\/rothschenk.de\\\/produkt\\\/druckluftpistole-easy-steckadapter-fuer-smart-ventil\\\/#primaryimage\"},\"image\":{\"@id\":\"https:\\\/\\\/rothschenk.de\\\/produkt\\\/druckluftpistole-easy-steckadapter-fuer-smart-ventil\\\/#primaryimage\"},\"thumbnailUrl\":\"https:\\\/\\\/rothschenk.de\\\/wp-content\\\/uploads\\\/2023\\\/07\\\/quadratisch-neu-32.jpg\",\"datePublished\":\"2023-07-16T14:00:51+00:00\",\"dateModified\":\"2026-04-04T05:05:39+00:00\",\"description\":\"Druckluftpistole Easy - Steckadapter f\u00fcr SMART Ventil \u2713 Schnellere Bef\u00fcllung \u2713 Hohe Sicherheit \u2713 Aluminium \u25ba Jetzt online bestellen!\",\"breadcrumb\":{\"@id\":\"https:\\\/\\\/rothschenk.de\\\/produkt\\\/druckluftpistole-easy-steckadapter-fuer-smart-ventil\\\/#breadcrumb\"},\"inLanguage\":\"pl-PL\",\"potentialAction\":[{\"@type\":\"ReadAction\",\"target\":[\"https:\\\/\\\/rothschenk.de\\\/produkt\\\/druckluftpistole-easy-steckadapter-fuer-smart-ventil\\\/\"]}]},{\"@type\":\"ImageObject\",\"inLanguage\":\"pl-PL\",\"@id\":\"https:\\\/\\\/rothschenk.de\\\/produkt\\\/druckluftpistole-easy-steckadapter-fuer-smart-ventil\\\/#primaryimage\",\"url\":\"https:\\\/\\\/rothschenk.de\\\/wp-content\\\/uploads\\\/2023\\\/07\\\/quadratisch-neu-32.jpg\",\"contentUrl\":\"https:\\\/\\\/rothschenk.de\\\/wp-content\\\/uploads\\\/2023\\\/07\\\/quadratisch-neu-32.jpg\",\"width\":1024,\"height\":1024,\"caption\":\"Druckluftpistole Easy mit Steckadapter f\u00fcr Smart Ventil\"},{\"@type\":\"BreadcrumbList\",\"@id\":\"https:\\\/\\\/rothschenk.de\\\/produkt\\\/druckluftpistole-easy-steckadapter-fuer-smart-ventil\\\/#breadcrumb\",\"itemListElement\":[{\"@type\":\"ListItem\",\"position\":1,\"name\":\"Strona g\u0142\u00f3wna\",\"item\":\"https:\\\/\\\/rothschenk.de\\\/pl\\\/strona-glowna\\\/\"},{\"@type\":\"ListItem\",\"position\":2,\"name\":\"Shop\",\"item\":\"https:\\\/\\\/rothschenk.de\\\/shop\\\/\"},{\"@type\":\"ListItem\",\"position\":3,\"name\":\"Druckluftpistole &#8222;Easy&#8220; | Steckadapter f\u00fcr SMART Ventil\"}]},{\"@type\":\"WebSite\",\"@id\":\"https:\\\/\\\/rothschenk.de\\\/#website\",\"url\":\"https:\\\/\\\/rothschenk.de\\\/\",\"name\":\"Rothschenk - Der Online Shop f\u00fcr Ladungssicherung\",\"description\":\"Der Online Shop f\u00fcr Ladungssicherung\",\"potentialAction\":[{\"@type\":\"SearchAction\",\"target\":{\"@type\":\"EntryPoint\",\"urlTemplate\":\"https:\\\/\\\/rothschenk.de\\\/?s={search_term_string}\"},\"query-input\":{\"@type\":\"PropertyValueSpecification\",\"valueRequired\":true,\"valueName\":\"search_term_string\"}}],\"inLanguage\":\"pl-PL\"}]}<\/script>\n<meta property=\"product:price:amount\" content=\"27.95\" \/>\n<meta property=\"product:price:currency\" content=\"EUR\" \/>\n<meta property=\"og:availability\" content=\"instock\" \/>\n<meta property=\"product:availability\" content=\"instock\" \/>\n<meta property=\"product:retailer_item_id\" content=\"25181\" \/>\n<meta property=\"product:condition\" content=\"new\" \/>\n<!-- \/ Yoast SEO plugin. -->","yoast_head_json":{"title":"Druckluftpistole \"Easy\" | Steckadapter f\u00fcr SMART Ventil","description":"Druckluftpistole Easy - Steckadapter f\u00fcr SMART Ventil \u2713 Schnellere Bef\u00fcllung \u2713 Hohe Sicherheit \u2713 Aluminium \u25ba Jetzt online bestellen!","robots":{"index":"index","follow":"follow","max-snippet":"max-snippet:-1","max-image-preview":"max-image-preview:large","max-video-preview":"max-video-preview:-1"},"canonical":"https:\/\/rothschenk.de\/produkt\/druckluftpistole-easy-steckadapter-fuer-smart-ventil\/","og_locale":"pl_PL","og_type":"article","og_title":"Druckluftpistole \"Easy\" | Steckadapter f\u00fcr SMART Ventil","og_description":"Druckluftpistole Easy - Steckadapter f\u00fcr SMART Ventil \u2713 Schnellere Bef\u00fcllung \u2713 Hohe Sicherheit \u2713 Aluminium \u25ba Jetzt online bestellen!","og_url":"https:\/\/rothschenk.de\/produkt\/druckluftpistole-easy-steckadapter-fuer-smart-ventil\/","og_site_name":"Rothschenk","article_publisher":"https:\/\/de-de.facebook.com\/FirmaRothschenk\/","article_modified_time":"2026-04-04T05:05:39+00:00","og_image":[{"width":1024,"height":1024,"url":"https:\/\/rothschenk.de\/wp-content\/uploads\/2023\/07\/quadratisch-neu-32.jpg","type":"image\/jpeg"}],"twitter_card":"summary_large_image","twitter_misc":{"Cena":"27,95&nbsp;&euro;","Dost\u0119pno\u015b\u0107":"Dost\u0119pny"},"schema":{"@context":"https:\/\/schema.org","@graph":[{"@type":"WebPage","@id":"https:\/\/rothschenk.de\/produkt\/druckluftpistole-easy-steckadapter-fuer-smart-ventil\/","url":"https:\/\/rothschenk.de\/produkt\/druckluftpistole-easy-steckadapter-fuer-smart-ventil\/","name":"Druckluftpistole \"Easy\" | Steckadapter f\u00fcr SMART Ventil","isPartOf":{"@id":"https:\/\/rothschenk.de\/#website"},"primaryImageOfPage":{"@id":"https:\/\/rothschenk.de\/produkt\/druckluftpistole-easy-steckadapter-fuer-smart-ventil\/#primaryimage"},"image":{"@id":"https:\/\/rothschenk.de\/produkt\/druckluftpistole-easy-steckadapter-fuer-smart-ventil\/#primaryimage"},"thumbnailUrl":"https:\/\/rothschenk.de\/wp-content\/uploads\/2023\/07\/quadratisch-neu-32.jpg","datePublished":"2023-07-16T14:00:51+00:00","dateModified":"2026-04-04T05:05:39+00:00","description":"Druckluftpistole Easy - Steckadapter f\u00fcr SMART Ventil \u2713 Schnellere Bef\u00fcllung \u2713 Hohe Sicherheit \u2713 Aluminium \u25ba Jetzt online bestellen!","breadcrumb":{"@id":"https:\/\/rothschenk.de\/produkt\/druckluftpistole-easy-steckadapter-fuer-smart-ventil\/#breadcrumb"},"inLanguage":"pl-PL","potentialAction":[{"@type":"ReadAction","target":["https:\/\/rothschenk.de\/produkt\/druckluftpistole-easy-steckadapter-fuer-smart-ventil\/"]}]},{"@type":"ImageObject","inLanguage":"pl-PL","@id":"https:\/\/rothschenk.de\/produkt\/druckluftpistole-easy-steckadapter-fuer-smart-ventil\/#primaryimage","url":"https:\/\/rothschenk.de\/wp-content\/uploads\/2023\/07\/quadratisch-neu-32.jpg","contentUrl":"https:\/\/rothschenk.de\/wp-content\/uploads\/2023\/07\/quadratisch-neu-32.jpg","width":1024,"height":1024,"caption":"Druckluftpistole Easy mit Steckadapter f\u00fcr Smart Ventil"},{"@type":"BreadcrumbList","@id":"https:\/\/rothschenk.de\/produkt\/druckluftpistole-easy-steckadapter-fuer-smart-ventil\/#breadcrumb","itemListElement":[{"@type":"ListItem","position":1,"name":"Strona g\u0142\u00f3wna","item":"https:\/\/rothschenk.de\/pl\/strona-glowna\/"},{"@type":"ListItem","position":2,"name":"Shop","item":"https:\/\/rothschenk.de\/shop\/"},{"@type":"ListItem","position":3,"name":"Druckluftpistole &#8222;Easy&#8220; | Steckadapter f\u00fcr SMART Ventil"}]},{"@type":"WebSite","@id":"https:\/\/rothschenk.de\/#website","url":"https:\/\/rothschenk.de\/","name":"Rothschenk - Der Online Shop f\u00fcr Ladungssicherung","description":"Der Online Shop f\u00fcr Ladungssicherung","potentialAction":[{"@type":"SearchAction","target":{"@type":"EntryPoint","urlTemplate":"https:\/\/rothschenk.de\/?s={search_term_string}"},"query-input":{"@type":"PropertyValueSpecification","valueRequired":true,"valueName":"search_term_string"}}],"inLanguage":"pl-PL"}]},"product_price_amount":"27.95","product_price_currency":"EUR","og_availability":"instock","product_availability":"instock","product_retailer_item_id":"25181","product_condition":"new"},"_links":{"self":[{"href":"https:\/\/rothschenk.de\/pl\/wp-json\/wp\/v2\/product\/1280","targetHints":{"allow":["GET"]}}],"collection":[{"href":"https:\/\/rothschenk.de\/pl\/wp-json\/wp\/v2\/product"}],"about":[{"href":"https:\/\/rothschenk.de\/pl\/wp-json\/wp\/v2\/types\/product"}],"replies":[{"embeddable":true,"href":"https:\/\/rothschenk.de\/pl\/wp-json\/wp\/v2\/comments?post=1280"}],"wp:featuredmedia":[{"embeddable":true,"href":"https:\/\/rothschenk.de\/pl\/wp-json\/wp\/v2\/media\/85582"}],"wp:attachment":[{"href":"https:\/\/rothschenk.de\/pl\/wp-json\/wp\/v2\/media?parent=1280"}],"wp:term":[{"taxonomy":"product_brand","embeddable":true,"href":"https:\/\/rothschenk.de\/pl\/wp-json\/wp\/v2\/product_brand?post=1280"},{"taxonomy":"product_cat","embeddable":true,"href":"https:\/\/rothschenk.de\/pl\/wp-json\/wp\/v2\/product_cat?post=1280"},{"taxonomy":"product_tag","embeddable":true,"href":"https:\/\/rothschenk.de\/pl\/wp-json\/wp\/v2\/product_tag?post=1280"}],"curies":[{"name":"wp","href":"https:\/\/api.w.org\/{rel}","templated":true}]}}