{"id":143611,"date":"2023-06-18T23:10:05","date_gmt":"2023-06-18T21:10:05","guid":{"rendered":"https:\/\/rothschenk.de\/rothschenk-shop\/?post_type=product&#038;p=143611"},"modified":"2024-02-29T09:40:48","modified_gmt":"2024-02-29T08:40:48","slug":"akkubetriebenes-spanngeraet-lt38e-performance-lashband","status":"publish","type":"product","link":"https:\/\/rothschenk.de\/pl\/produkt\/akkubetriebenes-spanngeraet-lt38e-performance-lashband\/","title":{"rendered":"Akkubetriebenes Spannger\u00e4t | LT38e Performance | Lashband"},"content":{"rendered":"<h3>Akkubetriebenes Spannger\u00e4t | LT38e Performance | Lashband<\/h3>\n<p><strong>Gr\u00f6\u00dfere Vorspannkraft und h\u00f6here Drehmomentstufen mit dem Performance Modell!<\/strong><br \/>\nUnser akkubetriebenes Spannger\u00e4t ist die automatisierte Variante eines herk\u00f6mmlichen Haspelspanners. Das akkubetriebene Spannger\u00e4t wird als Lashband-Spanner eingesetzt und dient demnach dazu, die Gurtb\u00e4nder eines Lashings nach dem Einf\u00e4deln der Gurtschnallen zu spannen.<\/p>\n<p>Die Vorteile? Durch den mobilen Akkubetrieb wird das m\u00fchsame Spannen von Hand und damit die Arbeit an der Rampe erheblich erleichtert. Die am Markt bekannten Ger\u00e4te sind mit 4-5 kg extrem schwer. Unser akkubetriebenes Spannger\u00e4t \u00fcberzeugt mit einem unschlagbaren Gewicht von nur 3,0 kg.<\/p>\n<p>Die Funktionsweise ist wie die eines herk\u00f6mmlichen manuellen Haspelspanners. Das Gurtband wird eingelegt und dann durch die Drehbewegung der Welle um diese gewickelt. Die Erleichterung durch ein Akkusystem liegt in der automatisierten Drehbewegung der Welle. Bei handels\u00fcblichen Haspelspannern muss dies konventionell und kr\u00e4ftezehrend von Hand erfolgen. Zudem kann das gew\u00fcnschte Drehmoment und damit die Vorspannkraft vorgew\u00e4hlt werden.<\/p>\n<p>Unser Akku-Spannger\u00e4t ist mit einem flexiblen Akkuwechselsystem ausgestattet. So k\u00f6nnen Sie wie gewohnt kabellos arbeiten. Durch die zwei mitgelieferten Akkus und die kurzen Ladezeiten haben Sie im Wechsel immer gen\u00fcgend Kapazit\u00e4t f\u00fcr den Alltag an der Laderampe. \u00dcbrigens: Lithium-Ionen-Akkus haben keinen Selbstentladungseffekt!<\/p>\n<p>Unser akkubetriebenes Spannger\u00e4t ist ausschlie\u00dflich f\u00fcr die [R] Rothschenk Zurrsysteme White\/Red und Pro Lash sowie unsere Gurtb\u00e4nder 32, 35 und 38 geeignet. Bei Nichtbeachtung \u00fcbernehmen wir keine Haftung.<\/p>\n<p>Sprechen Sie uns an f\u00fcr weitere Informationen!<\/p>\n<p><button class=\"product_button\"><a href=\"https:\/\/rothschenk.de\/rothschenk-shop\/kontakt\/\">Jetzt unverbindlich anfragen!<\/a><\/button><\/p>\n","protected":false},"excerpt":{"rendered":"<p><button class=\"product_button\"><a href=\"https:\/\/rothschenk.de\/rothschenk-shop\/kontakt\/\">Jetzt unverbindlich anfragen!<\/a><\/button><\/p>\n","protected":false},"featured_media":143678,"comment_status":"open","ping_status":"closed","template":"","meta":{"_acf_changed":false},"product_brand":[],"product_cat":[],"product_tag":[],"class_list":{"0":"post-143611","1":"product","2":"type-product","3":"status-publish","4":"has-post-thumbnail","7":"first","8":"outofstock","9":"product-type-simple"},"acf":[],"yoast_head":"<!-- This site is optimized with the Yoast SEO plugin v27.3 - https:\/\/yoast.com\/product\/yoast-seo-wordpress\/ -->\n<title>Akkubetriebenes Spannger\u00e4t | LT38e Performance | Lashband - Rothschenk<\/title>\n<meta name=\"description\" content=\"Spannger\u00e4t \u25b6 Akkubetrieben \u2713 Performance \u2714 Gesamtgewicht: 3,0 kg \u2713 Schnell-Ladeger\u00e4t \u2713 2 Akkus mit 2,0 Ah inklusive \u25b6 Jetzt online bestellen!\" \/>\n<meta name=\"robots\" content=\"index, follow, max-snippet:-1, max-image-preview:large, max-video-preview:-1\" \/>\n<link rel=\"canonical\" href=\"https:\/\/rothschenk.de\/produkt\/akkubetriebenes-spanngeraet-lt38e-performance-lashband\/\" \/>\n<meta property=\"og:locale\" content=\"pl_PL\" \/>\n<meta property=\"og:type\" content=\"article\" \/>\n<meta property=\"og:title\" content=\"Akkubetriebenes Spannger\u00e4t | LT38e Performance | Lashband - Rothschenk\" \/>\n<meta property=\"og:description\" content=\"Spannger\u00e4t \u25b6 Akkubetrieben \u2713 Performance \u2714 Gesamtgewicht: 3,0 kg \u2713 Schnell-Ladeger\u00e4t \u2713 2 Akkus mit 2,0 Ah inklusive \u25b6 Jetzt online bestellen!\" \/>\n<meta property=\"og:url\" content=\"https:\/\/rothschenk.de\/produkt\/akkubetriebenes-spanngeraet-lt38e-performance-lashband\/\" \/>\n<meta property=\"og:site_name\" content=\"Rothschenk\" \/>\n<meta property=\"article:publisher\" content=\"https:\/\/de-de.facebook.com\/FirmaRothschenk\/\" \/>\n<meta property=\"article:modified_time\" content=\"2024-02-29T08:40:48+00:00\" \/>\n<meta name=\"twitter:card\" content=\"summary_large_image\" \/>\n<meta name=\"twitter:label1\" content=\"Cena\" \/>\n\t<meta name=\"twitter:data1\" content=\"\" \/>\n\t<meta name=\"twitter:label2\" content=\"Dost\u0119pno\u015b\u0107\" \/>\n\t<meta name=\"twitter:data2\" content=\"Brak w magazynie\" \/>\n<script type=\"application\/ld+json\" class=\"yoast-schema-graph\">{\"@context\":\"https:\\\/\\\/schema.org\",\"@graph\":[{\"@type\":\"WebPage\",\"@id\":\"https:\\\/\\\/rothschenk.de\\\/produkt\\\/akkubetriebenes-spanngeraet-lt38e-performance-lashband\\\/\",\"url\":\"https:\\\/\\\/rothschenk.de\\\/produkt\\\/akkubetriebenes-spanngeraet-lt38e-performance-lashband\\\/\",\"name\":\"Akkubetriebenes Spannger\u00e4t | LT38e Performance | Lashband - Rothschenk\",\"isPartOf\":{\"@id\":\"https:\\\/\\\/rothschenk.de\\\/#website\"},\"primaryImageOfPage\":{\"@id\":\"https:\\\/\\\/rothschenk.de\\\/produkt\\\/akkubetriebenes-spanngeraet-lt38e-performance-lashband\\\/#primaryimage\"},\"image\":{\"@id\":\"https:\\\/\\\/rothschenk.de\\\/produkt\\\/akkubetriebenes-spanngeraet-lt38e-performance-lashband\\\/#primaryimage\"},\"thumbnailUrl\":\"\",\"datePublished\":\"2023-06-18T21:10:05+00:00\",\"dateModified\":\"2024-02-29T08:40:48+00:00\",\"description\":\"Spannger\u00e4t \u25b6 Akkubetrieben \u2713 Performance \u2714 Gesamtgewicht: 3,0 kg \u2713 Schnell-Ladeger\u00e4t \u2713 2 Akkus mit 2,0 Ah inklusive \u25b6 Jetzt online bestellen!\",\"breadcrumb\":{\"@id\":\"https:\\\/\\\/rothschenk.de\\\/produkt\\\/akkubetriebenes-spanngeraet-lt38e-performance-lashband\\\/#breadcrumb\"},\"inLanguage\":\"pl-PL\",\"potentialAction\":[{\"@type\":\"ReadAction\",\"target\":[\"https:\\\/\\\/rothschenk.de\\\/produkt\\\/akkubetriebenes-spanngeraet-lt38e-performance-lashband\\\/\"]}]},{\"@type\":\"ImageObject\",\"inLanguage\":\"pl-PL\",\"@id\":\"https:\\\/\\\/rothschenk.de\\\/produkt\\\/akkubetriebenes-spanngeraet-lt38e-performance-lashband\\\/#primaryimage\",\"url\":\"\",\"contentUrl\":\"\"},{\"@type\":\"BreadcrumbList\",\"@id\":\"https:\\\/\\\/rothschenk.de\\\/produkt\\\/akkubetriebenes-spanngeraet-lt38e-performance-lashband\\\/#breadcrumb\",\"itemListElement\":[{\"@type\":\"ListItem\",\"position\":1,\"name\":\"Strona g\u0142\u00f3wna\",\"item\":\"https:\\\/\\\/rothschenk.de\\\/pl\\\/strona-glowna\\\/\"},{\"@type\":\"ListItem\",\"position\":2,\"name\":\"Shop\",\"item\":\"https:\\\/\\\/rothschenk.de\\\/shop\\\/\"},{\"@type\":\"ListItem\",\"position\":3,\"name\":\"Akkubetriebenes Spannger\u00e4t | LT38e Performance | Lashband\"}]},{\"@type\":\"WebSite\",\"@id\":\"https:\\\/\\\/rothschenk.de\\\/#website\",\"url\":\"https:\\\/\\\/rothschenk.de\\\/\",\"name\":\"Rothschenk - Der Online Shop f\u00fcr Ladungssicherung\",\"description\":\"Der Online Shop f\u00fcr Ladungssicherung\",\"potentialAction\":[{\"@type\":\"SearchAction\",\"target\":{\"@type\":\"EntryPoint\",\"urlTemplate\":\"https:\\\/\\\/rothschenk.de\\\/?s={search_term_string}\"},\"query-input\":{\"@type\":\"PropertyValueSpecification\",\"valueRequired\":true,\"valueName\":\"search_term_string\"}}],\"inLanguage\":\"pl-PL\"}]}<\/script>\n<meta property=\"product:price:currency\" content=\"EUR\" \/>\n<meta property=\"og:availability\" content=\"out of stock\" \/>\n<meta property=\"product:availability\" content=\"out of stock\" \/>\n<meta property=\"product:retailer_item_id\" content=\"26015\" \/>\n<meta property=\"product:condition\" content=\"new\" \/>\n<!-- \/ Yoast SEO plugin. -->","yoast_head_json":{"title":"Akkubetriebenes Spannger\u00e4t | LT38e Performance | Lashband - Rothschenk","description":"Spannger\u00e4t \u25b6 Akkubetrieben \u2713 Performance \u2714 Gesamtgewicht: 3,0 kg \u2713 Schnell-Ladeger\u00e4t \u2713 2 Akkus mit 2,0 Ah inklusive \u25b6 Jetzt online bestellen!","robots":{"index":"index","follow":"follow","max-snippet":"max-snippet:-1","max-image-preview":"max-image-preview:large","max-video-preview":"max-video-preview:-1"},"canonical":"https:\/\/rothschenk.de\/produkt\/akkubetriebenes-spanngeraet-lt38e-performance-lashband\/","og_locale":"pl_PL","og_type":"article","og_title":"Akkubetriebenes Spannger\u00e4t | LT38e Performance | Lashband - Rothschenk","og_description":"Spannger\u00e4t \u25b6 Akkubetrieben \u2713 Performance \u2714 Gesamtgewicht: 3,0 kg \u2713 Schnell-Ladeger\u00e4t \u2713 2 Akkus mit 2,0 Ah inklusive \u25b6 Jetzt online bestellen!","og_url":"https:\/\/rothschenk.de\/produkt\/akkubetriebenes-spanngeraet-lt38e-performance-lashband\/","og_site_name":"Rothschenk","article_publisher":"https:\/\/de-de.facebook.com\/FirmaRothschenk\/","article_modified_time":"2024-02-29T08:40:48+00:00","twitter_card":"summary_large_image","twitter_misc":{"Cena":"","Dost\u0119pno\u015b\u0107":"Brak w magazynie"},"schema":{"@context":"https:\/\/schema.org","@graph":[{"@type":"WebPage","@id":"https:\/\/rothschenk.de\/produkt\/akkubetriebenes-spanngeraet-lt38e-performance-lashband\/","url":"https:\/\/rothschenk.de\/produkt\/akkubetriebenes-spanngeraet-lt38e-performance-lashband\/","name":"Akkubetriebenes Spannger\u00e4t | LT38e Performance | Lashband - Rothschenk","isPartOf":{"@id":"https:\/\/rothschenk.de\/#website"},"primaryImageOfPage":{"@id":"https:\/\/rothschenk.de\/produkt\/akkubetriebenes-spanngeraet-lt38e-performance-lashband\/#primaryimage"},"image":{"@id":"https:\/\/rothschenk.de\/produkt\/akkubetriebenes-spanngeraet-lt38e-performance-lashband\/#primaryimage"},"thumbnailUrl":"","datePublished":"2023-06-18T21:10:05+00:00","dateModified":"2024-02-29T08:40:48+00:00","description":"Spannger\u00e4t \u25b6 Akkubetrieben \u2713 Performance \u2714 Gesamtgewicht: 3,0 kg \u2713 Schnell-Ladeger\u00e4t \u2713 2 Akkus mit 2,0 Ah inklusive \u25b6 Jetzt online bestellen!","breadcrumb":{"@id":"https:\/\/rothschenk.de\/produkt\/akkubetriebenes-spanngeraet-lt38e-performance-lashband\/#breadcrumb"},"inLanguage":"pl-PL","potentialAction":[{"@type":"ReadAction","target":["https:\/\/rothschenk.de\/produkt\/akkubetriebenes-spanngeraet-lt38e-performance-lashband\/"]}]},{"@type":"ImageObject","inLanguage":"pl-PL","@id":"https:\/\/rothschenk.de\/produkt\/akkubetriebenes-spanngeraet-lt38e-performance-lashband\/#primaryimage","url":"","contentUrl":""},{"@type":"BreadcrumbList","@id":"https:\/\/rothschenk.de\/produkt\/akkubetriebenes-spanngeraet-lt38e-performance-lashband\/#breadcrumb","itemListElement":[{"@type":"ListItem","position":1,"name":"Strona g\u0142\u00f3wna","item":"https:\/\/rothschenk.de\/pl\/strona-glowna\/"},{"@type":"ListItem","position":2,"name":"Shop","item":"https:\/\/rothschenk.de\/shop\/"},{"@type":"ListItem","position":3,"name":"Akkubetriebenes Spannger\u00e4t | LT38e Performance | Lashband"}]},{"@type":"WebSite","@id":"https:\/\/rothschenk.de\/#website","url":"https:\/\/rothschenk.de\/","name":"Rothschenk - Der Online Shop f\u00fcr Ladungssicherung","description":"Der Online Shop f\u00fcr Ladungssicherung","potentialAction":[{"@type":"SearchAction","target":{"@type":"EntryPoint","urlTemplate":"https:\/\/rothschenk.de\/?s={search_term_string}"},"query-input":{"@type":"PropertyValueSpecification","valueRequired":true,"valueName":"search_term_string"}}],"inLanguage":"pl-PL"}]},"product_price_currency":"EUR","og_availability":"out of stock","product_availability":"out of stock","product_retailer_item_id":"26015","product_condition":"new"},"_links":{"self":[{"href":"https:\/\/rothschenk.de\/pl\/wp-json\/wp\/v2\/product\/143611","targetHints":{"allow":["GET"]}}],"collection":[{"href":"https:\/\/rothschenk.de\/pl\/wp-json\/wp\/v2\/product"}],"about":[{"href":"https:\/\/rothschenk.de\/pl\/wp-json\/wp\/v2\/types\/product"}],"replies":[{"embeddable":true,"href":"https:\/\/rothschenk.de\/pl\/wp-json\/wp\/v2\/comments?post=143611"}],"wp:featuredmedia":[{"embeddable":true,"href":"https:\/\/rothschenk.de\/pl\/wp-json\/"}],"wp:attachment":[{"href":"https:\/\/rothschenk.de\/pl\/wp-json\/wp\/v2\/media?parent=143611"}],"wp:term":[{"taxonomy":"product_brand","embeddable":true,"href":"https:\/\/rothschenk.de\/pl\/wp-json\/wp\/v2\/product_brand?post=143611"},{"taxonomy":"product_cat","embeddable":true,"href":"https:\/\/rothschenk.de\/pl\/wp-json\/wp\/v2\/product_cat?post=143611"},{"taxonomy":"product_tag","embeddable":true,"href":"https:\/\/rothschenk.de\/pl\/wp-json\/wp\/v2\/product_tag?post=143611"}],"curies":[{"name":"wp","href":"https:\/\/api.w.org\/{rel}","templated":true}]}}