{"id":222431,"date":"2023-05-20T23:05:43","date_gmt":"2023-05-20T21:05:43","guid":{"rendered":"https:\/\/rothschenk.de\/?post_type=product&#038;p=222431"},"modified":"2026-01-30T07:03:24","modified_gmt":"2026-01-30T06:03:24","slug":"polyester-hotmeltband-25-mm","status":"publish","type":"product","link":"https:\/\/rothschenk.de\/pl\/produkt\/polyester-hotmeltband-25-mm\/","title":{"rendered":"Polyester-Hotmeltband | 25 mm"},"content":{"rendered":"<h3>Polyester-Hotmeltband | 25 mm<\/h3>\n<p>Unser Hotmelt Band ist die ideale L\u00f6sung zum Verschlie\u00dfen, Stabilisieren und B\u00fcndeln von Packst\u00fccken auf Paletten. Es ist besonders geeignet f\u00fcr den Transport schwerer Lasten und \u00fcberzeugt durch seine sehr hohe Bruchfestigkeit sowie seine hochelastische und flexible Beschaffenheit. Dank seiner Witterungs- und UV-Best\u00e4ndigkeit h\u00e4lt es selbst extremen Bedingungen stand. Dieses Produkt wird unter anderem in der Metall-, Chemie-, Glas-, Stein- und Ziegelindustrie sowie in der Holzprodukt- und Paketverpackungsbranche eingesetzt.<\/p>\n<p>Unser Umreifungsband l\u00e4sst sich einfach und schnell mit einer Drahtverschlussklemme verschlie\u00dfen, mit einem Haspelspanner spannen und anschlie\u00dfend pr\u00e4zise abschneiden. F\u00fcr eine Komplettl\u00f6sung bieten wir in unserem Online-Shop auch die passenden Drahtverschlussklemmen und Spannger\u00e4te an. So erhalten Sie alles, was Sie f\u00fcr eine zuverl\u00e4ssige und professionelle Umreifung ben\u00f6tigen.<\/p>\n","protected":false},"excerpt":{"rendered":"<p>Polyester-Hotmeltband | 25 mm Unser Hotmelt Band ist die ideale L\u00f6sung zum Verschlie\u00dfen, Stabilisieren und B\u00fcndeln von Packst\u00fccken auf Paletten. Es ist besonders geeignet f\u00fcr den Transport schwerer Lasten und \u00fcberzeugt durch seine sehr hohe Bruchfestigkeit sowie seine hochelastische und flexible Beschaffenheit. Dank seiner Witterungs- und UV-Best\u00e4ndigkeit h\u00e4lt es selbst extremen Bedingungen stand. Dieses Produkt [&hellip;]<\/p>\n","protected":false},"featured_media":222545,"comment_status":"open","ping_status":"closed","template":"","meta":{"_acf_changed":false},"product_brand":[],"product_cat":[48,46,59],"product_tag":[],"class_list":{"0":"post-222431","1":"product","2":"type-product","3":"status-publish","4":"has-post-thumbnail","6":"product_cat-sale","7":"product_cat-umreifung","8":"product_cat-umreifungsband","10":"first","11":"instock","12":"sale","13":"taxable","14":"shipping-taxable","15":"purchasable","16":"product-type-simple"},"acf":[],"yoast_head":"<!-- This site is optimized with the Yoast SEO plugin v27.4 - https:\/\/yoast.com\/product\/yoast-seo-wordpress\/ -->\n<title>Polyester-Hotmeltband | 25 mm - Rothschenk<\/title>\n<meta name=\"description\" content=\"Gewebeband \u27a4 25 mm Hotmeltband Umreifung \u2713 Top-Qualit\u00e4t \u2713 Ladungssicherung \u2713 Polyester \u2713 500 m pro Rolle \u25ba Jetzt online bestellen!\" \/>\n<meta name=\"robots\" content=\"index, follow, max-snippet:-1, max-image-preview:large, max-video-preview:-1\" \/>\n<link rel=\"canonical\" href=\"https:\/\/rothschenk.de\/produkt\/polyester-hotmeltband-25-mm\/\" \/>\n<meta property=\"og:locale\" content=\"pl_PL\" \/>\n<meta property=\"og:type\" content=\"article\" \/>\n<meta property=\"og:title\" content=\"Polyester-Hotmeltband | 25 mm - Rothschenk\" \/>\n<meta property=\"og:description\" content=\"Gewebeband \u27a4 25 mm Hotmeltband Umreifung \u2713 Top-Qualit\u00e4t \u2713 Ladungssicherung \u2713 Polyester \u2713 500 m pro Rolle \u25ba Jetzt online bestellen!\" \/>\n<meta property=\"og:url\" content=\"https:\/\/rothschenk.de\/produkt\/polyester-hotmeltband-25-mm\/\" \/>\n<meta property=\"og:site_name\" content=\"Rothschenk\" \/>\n<meta property=\"article:publisher\" content=\"https:\/\/de-de.facebook.com\/FirmaRothschenk\/\" \/>\n<meta property=\"article:modified_time\" content=\"2026-01-30T06:03:24+00:00\" \/>\n<meta property=\"og:image\" content=\"https:\/\/rothschenk.de\/wp-content\/uploads\/2024\/07\/Polyester-Hotmeltband-25-mm.jpg\" \/>\n\t<meta property=\"og:image:width\" content=\"1024\" \/>\n\t<meta property=\"og:image:height\" content=\"1024\" \/>\n\t<meta property=\"og:image:type\" content=\"image\/jpeg\" \/>\n<meta name=\"twitter:card\" content=\"summary_large_image\" \/>\n<meta name=\"twitter:label1\" content=\"Cena\" \/>\n\t<meta name=\"twitter:data1\" content=\"31,50&nbsp;&euro;\" \/>\n\t<meta name=\"twitter:label2\" content=\"Dost\u0119pno\u015b\u0107\" \/>\n\t<meta name=\"twitter:data2\" content=\"Dost\u0119pny\" \/>\n<script type=\"application\/ld+json\" class=\"yoast-schema-graph\">{\"@context\":\"https:\\\/\\\/schema.org\",\"@graph\":[{\"@type\":\"WebPage\",\"@id\":\"https:\\\/\\\/rothschenk.de\\\/produkt\\\/polyester-hotmeltband-25-mm\\\/\",\"url\":\"https:\\\/\\\/rothschenk.de\\\/produkt\\\/polyester-hotmeltband-25-mm\\\/\",\"name\":\"Polyester-Hotmeltband | 25 mm - Rothschenk\",\"isPartOf\":{\"@id\":\"https:\\\/\\\/rothschenk.de\\\/#website\"},\"primaryImageOfPage\":{\"@id\":\"https:\\\/\\\/rothschenk.de\\\/produkt\\\/polyester-hotmeltband-25-mm\\\/#primaryimage\"},\"image\":{\"@id\":\"https:\\\/\\\/rothschenk.de\\\/produkt\\\/polyester-hotmeltband-25-mm\\\/#primaryimage\"},\"thumbnailUrl\":\"https:\\\/\\\/rothschenk.de\\\/wp-content\\\/uploads\\\/2024\\\/07\\\/Polyester-Hotmeltband-25-mm.jpg\",\"datePublished\":\"2023-05-20T21:05:43+00:00\",\"dateModified\":\"2026-01-30T06:03:24+00:00\",\"description\":\"Gewebeband \u27a4 25 mm Hotmeltband Umreifung \u2713 Top-Qualit\u00e4t \u2713 Ladungssicherung \u2713 Polyester \u2713 500 m pro Rolle \u25ba Jetzt online bestellen!\",\"breadcrumb\":{\"@id\":\"https:\\\/\\\/rothschenk.de\\\/produkt\\\/polyester-hotmeltband-25-mm\\\/#breadcrumb\"},\"inLanguage\":\"pl-PL\",\"potentialAction\":[{\"@type\":\"ReadAction\",\"target\":[\"https:\\\/\\\/rothschenk.de\\\/produkt\\\/polyester-hotmeltband-25-mm\\\/\"]}]},{\"@type\":\"ImageObject\",\"inLanguage\":\"pl-PL\",\"@id\":\"https:\\\/\\\/rothschenk.de\\\/produkt\\\/polyester-hotmeltband-25-mm\\\/#primaryimage\",\"url\":\"https:\\\/\\\/rothschenk.de\\\/wp-content\\\/uploads\\\/2024\\\/07\\\/Polyester-Hotmeltband-25-mm.jpg\",\"contentUrl\":\"https:\\\/\\\/rothschenk.de\\\/wp-content\\\/uploads\\\/2024\\\/07\\\/Polyester-Hotmeltband-25-mm.jpg\",\"width\":1024,\"height\":1024,\"caption\":\"Polyester Hotmeltband auf Rolle\"},{\"@type\":\"BreadcrumbList\",\"@id\":\"https:\\\/\\\/rothschenk.de\\\/produkt\\\/polyester-hotmeltband-25-mm\\\/#breadcrumb\",\"itemListElement\":[{\"@type\":\"ListItem\",\"position\":1,\"name\":\"Strona g\u0142\u00f3wna\",\"item\":\"https:\\\/\\\/rothschenk.de\\\/pl\\\/strona-glowna\\\/\"},{\"@type\":\"ListItem\",\"position\":2,\"name\":\"Shop\",\"item\":\"https:\\\/\\\/rothschenk.de\\\/shop\\\/\"},{\"@type\":\"ListItem\",\"position\":3,\"name\":\"Polyester-Hotmeltband | 25 mm\"}]},{\"@type\":\"WebSite\",\"@id\":\"https:\\\/\\\/rothschenk.de\\\/#website\",\"url\":\"https:\\\/\\\/rothschenk.de\\\/\",\"name\":\"Rothschenk - Der Online Shop f\u00fcr Ladungssicherung\",\"description\":\"Der Online Shop f\u00fcr Ladungssicherung\",\"potentialAction\":[{\"@type\":\"SearchAction\",\"target\":{\"@type\":\"EntryPoint\",\"urlTemplate\":\"https:\\\/\\\/rothschenk.de\\\/?s={search_term_string}\"},\"query-input\":{\"@type\":\"PropertyValueSpecification\",\"valueRequired\":true,\"valueName\":\"search_term_string\"}}],\"inLanguage\":\"pl-PL\"}]}<\/script>\n<meta property=\"product:price:amount\" content=\"31.50\" \/>\n<meta property=\"product:price:currency\" content=\"EUR\" \/>\n<meta property=\"og:availability\" content=\"instock\" \/>\n<meta property=\"product:availability\" content=\"instock\" \/>\n<meta property=\"product:retailer_item_id\" content=\"25385\" \/>\n<meta property=\"product:condition\" content=\"new\" \/>\n<!-- \/ Yoast SEO plugin. -->","yoast_head_json":{"title":"Polyester-Hotmeltband | 25 mm - Rothschenk","description":"Gewebeband \u27a4 25 mm Hotmeltband Umreifung \u2713 Top-Qualit\u00e4t \u2713 Ladungssicherung \u2713 Polyester \u2713 500 m pro Rolle \u25ba Jetzt online bestellen!","robots":{"index":"index","follow":"follow","max-snippet":"max-snippet:-1","max-image-preview":"max-image-preview:large","max-video-preview":"max-video-preview:-1"},"canonical":"https:\/\/rothschenk.de\/produkt\/polyester-hotmeltband-25-mm\/","og_locale":"pl_PL","og_type":"article","og_title":"Polyester-Hotmeltband | 25 mm - Rothschenk","og_description":"Gewebeband \u27a4 25 mm Hotmeltband Umreifung \u2713 Top-Qualit\u00e4t \u2713 Ladungssicherung \u2713 Polyester \u2713 500 m pro Rolle \u25ba Jetzt online bestellen!","og_url":"https:\/\/rothschenk.de\/produkt\/polyester-hotmeltband-25-mm\/","og_site_name":"Rothschenk","article_publisher":"https:\/\/de-de.facebook.com\/FirmaRothschenk\/","article_modified_time":"2026-01-30T06:03:24+00:00","og_image":[{"width":1024,"height":1024,"url":"https:\/\/rothschenk.de\/wp-content\/uploads\/2024\/07\/Polyester-Hotmeltband-25-mm.jpg","type":"image\/jpeg"}],"twitter_card":"summary_large_image","twitter_misc":{"Cena":"31,50&nbsp;&euro;","Dost\u0119pno\u015b\u0107":"Dost\u0119pny"},"schema":{"@context":"https:\/\/schema.org","@graph":[{"@type":"WebPage","@id":"https:\/\/rothschenk.de\/produkt\/polyester-hotmeltband-25-mm\/","url":"https:\/\/rothschenk.de\/produkt\/polyester-hotmeltband-25-mm\/","name":"Polyester-Hotmeltband | 25 mm - Rothschenk","isPartOf":{"@id":"https:\/\/rothschenk.de\/#website"},"primaryImageOfPage":{"@id":"https:\/\/rothschenk.de\/produkt\/polyester-hotmeltband-25-mm\/#primaryimage"},"image":{"@id":"https:\/\/rothschenk.de\/produkt\/polyester-hotmeltband-25-mm\/#primaryimage"},"thumbnailUrl":"https:\/\/rothschenk.de\/wp-content\/uploads\/2024\/07\/Polyester-Hotmeltband-25-mm.jpg","datePublished":"2023-05-20T21:05:43+00:00","dateModified":"2026-01-30T06:03:24+00:00","description":"Gewebeband \u27a4 25 mm Hotmeltband Umreifung \u2713 Top-Qualit\u00e4t \u2713 Ladungssicherung \u2713 Polyester \u2713 500 m pro Rolle \u25ba Jetzt online bestellen!","breadcrumb":{"@id":"https:\/\/rothschenk.de\/produkt\/polyester-hotmeltband-25-mm\/#breadcrumb"},"inLanguage":"pl-PL","potentialAction":[{"@type":"ReadAction","target":["https:\/\/rothschenk.de\/produkt\/polyester-hotmeltband-25-mm\/"]}]},{"@type":"ImageObject","inLanguage":"pl-PL","@id":"https:\/\/rothschenk.de\/produkt\/polyester-hotmeltband-25-mm\/#primaryimage","url":"https:\/\/rothschenk.de\/wp-content\/uploads\/2024\/07\/Polyester-Hotmeltband-25-mm.jpg","contentUrl":"https:\/\/rothschenk.de\/wp-content\/uploads\/2024\/07\/Polyester-Hotmeltband-25-mm.jpg","width":1024,"height":1024,"caption":"Polyester Hotmeltband auf Rolle"},{"@type":"BreadcrumbList","@id":"https:\/\/rothschenk.de\/produkt\/polyester-hotmeltband-25-mm\/#breadcrumb","itemListElement":[{"@type":"ListItem","position":1,"name":"Strona g\u0142\u00f3wna","item":"https:\/\/rothschenk.de\/pl\/strona-glowna\/"},{"@type":"ListItem","position":2,"name":"Shop","item":"https:\/\/rothschenk.de\/shop\/"},{"@type":"ListItem","position":3,"name":"Polyester-Hotmeltband | 25 mm"}]},{"@type":"WebSite","@id":"https:\/\/rothschenk.de\/#website","url":"https:\/\/rothschenk.de\/","name":"Rothschenk - Der Online Shop f\u00fcr Ladungssicherung","description":"Der Online Shop f\u00fcr Ladungssicherung","potentialAction":[{"@type":"SearchAction","target":{"@type":"EntryPoint","urlTemplate":"https:\/\/rothschenk.de\/?s={search_term_string}"},"query-input":{"@type":"PropertyValueSpecification","valueRequired":true,"valueName":"search_term_string"}}],"inLanguage":"pl-PL"}]},"product_price_amount":"31.50","product_price_currency":"EUR","og_availability":"instock","product_availability":"instock","product_retailer_item_id":"25385","product_condition":"new"},"_links":{"self":[{"href":"https:\/\/rothschenk.de\/pl\/wp-json\/wp\/v2\/product\/222431","targetHints":{"allow":["GET"]}}],"collection":[{"href":"https:\/\/rothschenk.de\/pl\/wp-json\/wp\/v2\/product"}],"about":[{"href":"https:\/\/rothschenk.de\/pl\/wp-json\/wp\/v2\/types\/product"}],"replies":[{"embeddable":true,"href":"https:\/\/rothschenk.de\/pl\/wp-json\/wp\/v2\/comments?post=222431"}],"wp:featuredmedia":[{"embeddable":true,"href":"https:\/\/rothschenk.de\/pl\/wp-json\/wp\/v2\/media\/222545"}],"wp:attachment":[{"href":"https:\/\/rothschenk.de\/pl\/wp-json\/wp\/v2\/media?parent=222431"}],"wp:term":[{"taxonomy":"product_brand","embeddable":true,"href":"https:\/\/rothschenk.de\/pl\/wp-json\/wp\/v2\/product_brand?post=222431"},{"taxonomy":"product_cat","embeddable":true,"href":"https:\/\/rothschenk.de\/pl\/wp-json\/wp\/v2\/product_cat?post=222431"},{"taxonomy":"product_tag","embeddable":true,"href":"https:\/\/rothschenk.de\/pl\/wp-json\/wp\/v2\/product_tag?post=222431"}],"curies":[{"name":"wp","href":"https:\/\/api.w.org\/{rel}","templated":true}]}}