{"id":4029,"date":"2023-03-01T08:50:02","date_gmt":"2023-03-01T07:50:02","guid":{"rendered":"https:\/\/rothschenk.de\/rothschenk-shop\/?post_type=product&#038;p=4029"},"modified":"2026-03-10T01:06:08","modified_gmt":"2026-03-10T00:06:08","slug":"zurrgurt-mit-aufrollmechanik","status":"publish","type":"product","link":"https:\/\/rothschenk.de\/pl\/produkt\/zurrgurt-mit-aufrollmechanik\/","title":{"rendered":"Zurrgurt | Aufrollmechanik | 1,80 m x 25 mm"},"content":{"rendered":"<h3>Zurrgurt mit Aufrollmechanik | Zurrmatic | 1,80 m x 25 mm<\/h3>\n<p>Zurrgurte sind bew\u00e4hrte Klassiker in der Ladungssicherung &#8211; sowohl im gewerblichen als auch im privaten Bereich. Mit unserem Zurrmatic Zurrgurt mit Aufrollmechanik ersparen Sie sich das l\u00e4stige Aufwickeln des Zurrgurtes. Durch die hochwertige Aufrollautomatik brauchen Sie lediglich die Sperre zu l\u00f6sen und das Gurtband rollt sich selbstst\u00e4ndig auf einer Welle auf. Der Zurrgurt ist dadurch maximal platzsparend aufger\u00e4umt und Sie vermeiden au\u00dferdem ein Verdrehen oder Verknoten des Gurtbands.<\/p>\n<p>Die L\u00e4nge des gesamten Zurrgurtes betr\u00e4gt 1,80 m, die Bandbreite 25 mm. Sie haben somit ausreichend L\u00e4nge um auch gr\u00f6\u00dfere G\u00fcter im Kofferraum zu sichern. Die beidseitigen S-Haken aus Vollmetall lassen eine unkomplizierte und vielseitige Verwendung zu. Sie sind in Zurr\u00f6sen von Transportern und PKWs leicht einzuh\u00e4ngen.<\/p>\n<p>Weitere Infos zu Zurrgurten finden Sie in unserem <a href=\"https:\/\/rothschenk.de\/folge-29-ablegereife-von-zurrgurten-die-kriterien\/\">Blog-Bereich<\/a><\/p>\n","protected":false},"excerpt":{"rendered":"<p>Zurrgurt mit Aufrollmechanik | Zurrmatic | 1,80 m x 25 mm Zurrgurte sind bew\u00e4hrte Klassiker in der Ladungssicherung &#8211; sowohl im gewerblichen als auch im privaten Bereich. Mit unserem Zurrmatic Zurrgurt mit Aufrollmechanik ersparen Sie sich das l\u00e4stige Aufwickeln des Zurrgurtes. Durch die hochwertige Aufrollautomatik brauchen Sie lediglich die Sperre zu l\u00f6sen und das Gurtband [&hellip;]<\/p>\n","protected":false},"featured_media":33348,"comment_status":"open","ping_status":"closed","template":"","meta":{"_acf_changed":false},"product_brand":[],"product_cat":[71,67],"product_tag":[],"class_list":{"0":"post-4029","1":"product","2":"type-product","3":"status-publish","4":"has-post-thumbnail","6":"product_cat-zurrgurt-sets","7":"product_cat-zurrgurte","9":"first","10":"instock","11":"taxable","12":"shipping-taxable","13":"purchasable","14":"product-type-simple"},"acf":[],"yoast_head":"<!-- This site is optimized with the Yoast SEO plugin v27.4 - https:\/\/yoast.com\/product\/yoast-seo-wordpress\/ -->\n<title>Zurrgurt | Aufrollmechanik | 1,80 m x 25 mm - Rothschenk<\/title>\n<meta name=\"description\" content=\"Zurrgurt \u25b6 Aufrollmechanik \u2713 Gesamtl\u00e4nge: 1,80 m \u2713 Bandbreite: 25 mm \u2713 Belastbarkeit im geraden Zug: 300 \u25b6 Bei Rothschenk bestellen!\" \/>\n<meta name=\"robots\" content=\"index, follow, max-snippet:-1, max-image-preview:large, max-video-preview:-1\" \/>\n<link rel=\"canonical\" href=\"https:\/\/rothschenk.de\/produkt\/zurrgurt-mit-aufrollmechanik\/\" \/>\n<meta property=\"og:locale\" content=\"pl_PL\" \/>\n<meta property=\"og:type\" content=\"article\" \/>\n<meta property=\"og:title\" content=\"Zurrgurt | Aufrollmechanik | 1,80 m x 25 mm - Rothschenk\" \/>\n<meta property=\"og:description\" content=\"Zurrgurt \u25b6 Aufrollmechanik \u2713 Gesamtl\u00e4nge: 1,80 m \u2713 Bandbreite: 25 mm \u2713 Belastbarkeit im geraden Zug: 300 \u25b6 Bei Rothschenk bestellen!\" \/>\n<meta property=\"og:url\" content=\"https:\/\/rothschenk.de\/produkt\/zurrgurt-mit-aufrollmechanik\/\" \/>\n<meta property=\"og:site_name\" content=\"Rothschenk\" \/>\n<meta property=\"article:publisher\" content=\"https:\/\/de-de.facebook.com\/FirmaRothschenk\/\" \/>\n<meta property=\"article:modified_time\" content=\"2026-03-10T00:06:08+00:00\" \/>\n<meta property=\"og:image\" content=\"https:\/\/rothschenk.de\/wp-content\/uploads\/2023\/09\/15456_Zurrgurt-Aufrollmechanik-1.jpg\" \/>\n\t<meta property=\"og:image:width\" content=\"1024\" \/>\n\t<meta property=\"og:image:height\" content=\"1024\" \/>\n\t<meta property=\"og:image:type\" content=\"image\/jpeg\" \/>\n<meta name=\"twitter:card\" content=\"summary_large_image\" \/>\n<meta name=\"twitter:label1\" content=\"Cena\" \/>\n\t<meta name=\"twitter:data1\" content=\"9,60&nbsp;&euro;\" \/>\n\t<meta name=\"twitter:label2\" content=\"Dost\u0119pno\u015b\u0107\" \/>\n\t<meta name=\"twitter:data2\" content=\"Dost\u0119pny\" \/>\n<script type=\"application\/ld+json\" class=\"yoast-schema-graph\">{\"@context\":\"https:\\\/\\\/schema.org\",\"@graph\":[{\"@type\":\"WebPage\",\"@id\":\"https:\\\/\\\/rothschenk.de\\\/produkt\\\/zurrgurt-mit-aufrollmechanik\\\/\",\"url\":\"https:\\\/\\\/rothschenk.de\\\/produkt\\\/zurrgurt-mit-aufrollmechanik\\\/\",\"name\":\"Zurrgurt | Aufrollmechanik | 1,80 m x 25 mm - Rothschenk\",\"isPartOf\":{\"@id\":\"https:\\\/\\\/rothschenk.de\\\/#website\"},\"primaryImageOfPage\":{\"@id\":\"https:\\\/\\\/rothschenk.de\\\/produkt\\\/zurrgurt-mit-aufrollmechanik\\\/#primaryimage\"},\"image\":{\"@id\":\"https:\\\/\\\/rothschenk.de\\\/produkt\\\/zurrgurt-mit-aufrollmechanik\\\/#primaryimage\"},\"thumbnailUrl\":\"https:\\\/\\\/rothschenk.de\\\/wp-content\\\/uploads\\\/2023\\\/09\\\/15456_Zurrgurt-Aufrollmechanik-1.jpg\",\"datePublished\":\"2023-03-01T07:50:02+00:00\",\"dateModified\":\"2026-03-10T00:06:08+00:00\",\"description\":\"Zurrgurt \u25b6 Aufrollmechanik \u2713 Gesamtl\u00e4nge: 1,80 m \u2713 Bandbreite: 25 mm \u2713 Belastbarkeit im geraden Zug: 300 \u25b6 Bei Rothschenk bestellen!\",\"breadcrumb\":{\"@id\":\"https:\\\/\\\/rothschenk.de\\\/produkt\\\/zurrgurt-mit-aufrollmechanik\\\/#breadcrumb\"},\"inLanguage\":\"pl-PL\",\"potentialAction\":[{\"@type\":\"ReadAction\",\"target\":[\"https:\\\/\\\/rothschenk.de\\\/produkt\\\/zurrgurt-mit-aufrollmechanik\\\/\"]}]},{\"@type\":\"ImageObject\",\"inLanguage\":\"pl-PL\",\"@id\":\"https:\\\/\\\/rothschenk.de\\\/produkt\\\/zurrgurt-mit-aufrollmechanik\\\/#primaryimage\",\"url\":\"https:\\\/\\\/rothschenk.de\\\/wp-content\\\/uploads\\\/2023\\\/09\\\/15456_Zurrgurt-Aufrollmechanik-1.jpg\",\"contentUrl\":\"https:\\\/\\\/rothschenk.de\\\/wp-content\\\/uploads\\\/2023\\\/09\\\/15456_Zurrgurt-Aufrollmechanik-1.jpg\",\"width\":1024,\"height\":1024,\"caption\":\"Zurrgurt mit Aufrollmechanik\"},{\"@type\":\"BreadcrumbList\",\"@id\":\"https:\\\/\\\/rothschenk.de\\\/produkt\\\/zurrgurt-mit-aufrollmechanik\\\/#breadcrumb\",\"itemListElement\":[{\"@type\":\"ListItem\",\"position\":1,\"name\":\"Strona g\u0142\u00f3wna\",\"item\":\"https:\\\/\\\/rothschenk.de\\\/pl\\\/strona-glowna\\\/\"},{\"@type\":\"ListItem\",\"position\":2,\"name\":\"Shop\",\"item\":\"https:\\\/\\\/rothschenk.de\\\/shop\\\/\"},{\"@type\":\"ListItem\",\"position\":3,\"name\":\"Zurrgurt | Aufrollmechanik | 1,80 m x 25 mm\"}]},{\"@type\":\"WebSite\",\"@id\":\"https:\\\/\\\/rothschenk.de\\\/#website\",\"url\":\"https:\\\/\\\/rothschenk.de\\\/\",\"name\":\"Rothschenk - Der Online Shop f\u00fcr Ladungssicherung\",\"description\":\"Der Online Shop f\u00fcr Ladungssicherung\",\"potentialAction\":[{\"@type\":\"SearchAction\",\"target\":{\"@type\":\"EntryPoint\",\"urlTemplate\":\"https:\\\/\\\/rothschenk.de\\\/?s={search_term_string}\"},\"query-input\":{\"@type\":\"PropertyValueSpecification\",\"valueRequired\":true,\"valueName\":\"search_term_string\"}}],\"inLanguage\":\"pl-PL\"}]}<\/script>\n<meta property=\"product:price:amount\" content=\"9.60\" \/>\n<meta property=\"product:price:currency\" content=\"EUR\" \/>\n<meta property=\"og:availability\" content=\"instock\" \/>\n<meta property=\"product:availability\" content=\"instock\" \/>\n<meta property=\"product:retailer_item_id\" content=\"15456\" \/>\n<meta property=\"product:condition\" content=\"new\" \/>\n<!-- \/ Yoast SEO plugin. -->","yoast_head_json":{"title":"Zurrgurt | Aufrollmechanik | 1,80 m x 25 mm - Rothschenk","description":"Zurrgurt \u25b6 Aufrollmechanik \u2713 Gesamtl\u00e4nge: 1,80 m \u2713 Bandbreite: 25 mm \u2713 Belastbarkeit im geraden Zug: 300 \u25b6 Bei Rothschenk bestellen!","robots":{"index":"index","follow":"follow","max-snippet":"max-snippet:-1","max-image-preview":"max-image-preview:large","max-video-preview":"max-video-preview:-1"},"canonical":"https:\/\/rothschenk.de\/produkt\/zurrgurt-mit-aufrollmechanik\/","og_locale":"pl_PL","og_type":"article","og_title":"Zurrgurt | Aufrollmechanik | 1,80 m x 25 mm - Rothschenk","og_description":"Zurrgurt \u25b6 Aufrollmechanik \u2713 Gesamtl\u00e4nge: 1,80 m \u2713 Bandbreite: 25 mm \u2713 Belastbarkeit im geraden Zug: 300 \u25b6 Bei Rothschenk bestellen!","og_url":"https:\/\/rothschenk.de\/produkt\/zurrgurt-mit-aufrollmechanik\/","og_site_name":"Rothschenk","article_publisher":"https:\/\/de-de.facebook.com\/FirmaRothschenk\/","article_modified_time":"2026-03-10T00:06:08+00:00","og_image":[{"width":1024,"height":1024,"url":"https:\/\/rothschenk.de\/wp-content\/uploads\/2023\/09\/15456_Zurrgurt-Aufrollmechanik-1.jpg","type":"image\/jpeg"}],"twitter_card":"summary_large_image","twitter_misc":{"Cena":"9,60&nbsp;&euro;","Dost\u0119pno\u015b\u0107":"Dost\u0119pny"},"schema":{"@context":"https:\/\/schema.org","@graph":[{"@type":"WebPage","@id":"https:\/\/rothschenk.de\/produkt\/zurrgurt-mit-aufrollmechanik\/","url":"https:\/\/rothschenk.de\/produkt\/zurrgurt-mit-aufrollmechanik\/","name":"Zurrgurt | Aufrollmechanik | 1,80 m x 25 mm - Rothschenk","isPartOf":{"@id":"https:\/\/rothschenk.de\/#website"},"primaryImageOfPage":{"@id":"https:\/\/rothschenk.de\/produkt\/zurrgurt-mit-aufrollmechanik\/#primaryimage"},"image":{"@id":"https:\/\/rothschenk.de\/produkt\/zurrgurt-mit-aufrollmechanik\/#primaryimage"},"thumbnailUrl":"https:\/\/rothschenk.de\/wp-content\/uploads\/2023\/09\/15456_Zurrgurt-Aufrollmechanik-1.jpg","datePublished":"2023-03-01T07:50:02+00:00","dateModified":"2026-03-10T00:06:08+00:00","description":"Zurrgurt \u25b6 Aufrollmechanik \u2713 Gesamtl\u00e4nge: 1,80 m \u2713 Bandbreite: 25 mm \u2713 Belastbarkeit im geraden Zug: 300 \u25b6 Bei Rothschenk bestellen!","breadcrumb":{"@id":"https:\/\/rothschenk.de\/produkt\/zurrgurt-mit-aufrollmechanik\/#breadcrumb"},"inLanguage":"pl-PL","potentialAction":[{"@type":"ReadAction","target":["https:\/\/rothschenk.de\/produkt\/zurrgurt-mit-aufrollmechanik\/"]}]},{"@type":"ImageObject","inLanguage":"pl-PL","@id":"https:\/\/rothschenk.de\/produkt\/zurrgurt-mit-aufrollmechanik\/#primaryimage","url":"https:\/\/rothschenk.de\/wp-content\/uploads\/2023\/09\/15456_Zurrgurt-Aufrollmechanik-1.jpg","contentUrl":"https:\/\/rothschenk.de\/wp-content\/uploads\/2023\/09\/15456_Zurrgurt-Aufrollmechanik-1.jpg","width":1024,"height":1024,"caption":"Zurrgurt mit Aufrollmechanik"},{"@type":"BreadcrumbList","@id":"https:\/\/rothschenk.de\/produkt\/zurrgurt-mit-aufrollmechanik\/#breadcrumb","itemListElement":[{"@type":"ListItem","position":1,"name":"Strona g\u0142\u00f3wna","item":"https:\/\/rothschenk.de\/pl\/strona-glowna\/"},{"@type":"ListItem","position":2,"name":"Shop","item":"https:\/\/rothschenk.de\/shop\/"},{"@type":"ListItem","position":3,"name":"Zurrgurt | Aufrollmechanik | 1,80 m x 25 mm"}]},{"@type":"WebSite","@id":"https:\/\/rothschenk.de\/#website","url":"https:\/\/rothschenk.de\/","name":"Rothschenk - Der Online Shop f\u00fcr Ladungssicherung","description":"Der Online Shop f\u00fcr Ladungssicherung","potentialAction":[{"@type":"SearchAction","target":{"@type":"EntryPoint","urlTemplate":"https:\/\/rothschenk.de\/?s={search_term_string}"},"query-input":{"@type":"PropertyValueSpecification","valueRequired":true,"valueName":"search_term_string"}}],"inLanguage":"pl-PL"}]},"product_price_amount":"9.60","product_price_currency":"EUR","og_availability":"instock","product_availability":"instock","product_retailer_item_id":"15456","product_condition":"new"},"_links":{"self":[{"href":"https:\/\/rothschenk.de\/pl\/wp-json\/wp\/v2\/product\/4029","targetHints":{"allow":["GET"]}}],"collection":[{"href":"https:\/\/rothschenk.de\/pl\/wp-json\/wp\/v2\/product"}],"about":[{"href":"https:\/\/rothschenk.de\/pl\/wp-json\/wp\/v2\/types\/product"}],"replies":[{"embeddable":true,"href":"https:\/\/rothschenk.de\/pl\/wp-json\/wp\/v2\/comments?post=4029"}],"wp:featuredmedia":[{"embeddable":true,"href":"https:\/\/rothschenk.de\/pl\/wp-json\/wp\/v2\/media\/33348"}],"wp:attachment":[{"href":"https:\/\/rothschenk.de\/pl\/wp-json\/wp\/v2\/media?parent=4029"}],"wp:term":[{"taxonomy":"product_brand","embeddable":true,"href":"https:\/\/rothschenk.de\/pl\/wp-json\/wp\/v2\/product_brand?post=4029"},{"taxonomy":"product_cat","embeddable":true,"href":"https:\/\/rothschenk.de\/pl\/wp-json\/wp\/v2\/product_cat?post=4029"},{"taxonomy":"product_tag","embeddable":true,"href":"https:\/\/rothschenk.de\/pl\/wp-json\/wp\/v2\/product_tag?post=4029"}],"curies":[{"name":"wp","href":"https:\/\/api.w.org\/{rel}","templated":true}]}}