{"id":4295,"date":"2023-03-01T09:40:14","date_gmt":"2023-03-01T08:40:14","guid":{"rendered":"https:\/\/rothschenk.de\/rothschenk-shop\/?post_type=product&#038;p=4295"},"modified":"2026-03-09T07:02:14","modified_gmt":"2026-03-09T06:02:14","slug":"zurrgurt-2-teilig-druckratsche","status":"publish","type":"product","link":"https:\/\/rothschenk.de\/pl\/produkt\/zurrgurt-2-teilig-druckratsche\/","title":{"rendered":"Zurrgurt | 2-teilig | Druckratsche | 8 m x 50 mm"},"content":{"rendered":"<h3>Zurrgurt mit Druckratsche | 2-teilig | 8 m x 50 mm | STF 300 | gelb<\/h3>\n<p>Rothschenk Druckratschen sind die erste Wahl, wenn es um schnelle und effiziente Ladungssicherung geht.\u00a0Der Zurrgurt STF 300 ist unser Bestseller im Bereich der Ladungssicherung f\u00fcr LKW und privaten Anh\u00e4ngerbetrieb. Die besonders robuste Bauweise garantiert absolute Zuverl\u00e4ssigkeit und eine lange Lebensdauer.<\/p>\n<p>Mit Hilfe der stabilen Druckratsche k\u00f6nnen die gew\u00fcnschten Vorspannkr\u00e4fte von bis zu 2.500 \/ 5.000 daN erreicht werden. In Kombination mit den hochfesten Spitzhaken lassen sich so auch sehr schwere Waren zuverl\u00e4ssig auf der Ladefl\u00e4che von LKW\u00b4s bzw. PKW Anh\u00e4ngern sichern. F\u00fcr ein ergonomischeres Arbeiten empfehlen wir unsere Ergo Langhebelzugratsche.<\/p>\n<p>Weitere Infos zu Zurrgurten finden Sie in unserem <a href=\"https:\/\/rothschenk.de\/folge-29-ablegereife-von-zurrgurten-die-kriterien\/\">Blog-Bereich.<\/a><\/p>\n","protected":false},"excerpt":{"rendered":"<p>Zurrgurt mit Druckratsche | 2-teilig | 8 m x 50 mm | STF 300 | gelb Rothschenk Druckratschen sind die erste Wahl, wenn es um schnelle und effiziente Ladungssicherung geht.\u00a0Der Zurrgurt STF 300 ist unser Bestseller im Bereich der Ladungssicherung f\u00fcr LKW und privaten Anh\u00e4ngerbetrieb. Die besonders robuste Bauweise garantiert absolute Zuverl\u00e4ssigkeit und eine lange [&hellip;]<\/p>\n","protected":false},"featured_media":33316,"comment_status":"open","ping_status":"closed","template":"","meta":{"_acf_changed":false},"product_brand":[],"product_cat":[69,67],"product_tag":[],"class_list":{"0":"post-4295","1":"product","2":"type-product","3":"status-publish","4":"has-post-thumbnail","6":"product_cat-standard-druckratsche","7":"product_cat-zurrgurte","9":"first","10":"instock","11":"sale","12":"taxable","13":"shipping-taxable","14":"purchasable","15":"product-type-variable"},"acf":[],"yoast_head":"<!-- This site is optimized with the Yoast SEO plugin v27.4 - https:\/\/yoast.com\/product\/yoast-seo-wordpress\/ -->\n<title>Zurrgurt | 2-teilig | Druckratsche | 8 m x 50 mm - Rothschenk<\/title>\n<meta name=\"description\" content=\"Zurrgurt \u25b6 L\u00e4nge Festende: 0,40 m \u2713 L\u00e4nge Losende: 7,60 m \u2713 Spitzhaken \u2713 Bandbreite: 50 mm \u25b6 Jetzt bei Rothschenk bestellen!\" \/>\n<meta name=\"robots\" content=\"index, follow, max-snippet:-1, max-image-preview:large, max-video-preview:-1\" \/>\n<link rel=\"canonical\" href=\"https:\/\/rothschenk.de\/produkt\/zurrgurt-2-teilig-druckratsche\/\" \/>\n<meta property=\"og:locale\" content=\"pl_PL\" \/>\n<meta property=\"og:type\" content=\"article\" \/>\n<meta property=\"og:title\" content=\"Zurrgurt | 2-teilig | Druckratsche | 8 m x 50 mm - Rothschenk\" \/>\n<meta property=\"og:description\" content=\"Zurrgurt \u25b6 L\u00e4nge Festende: 0,40 m \u2713 L\u00e4nge Losende: 7,60 m \u2713 Spitzhaken \u2713 Bandbreite: 50 mm \u25b6 Jetzt bei Rothschenk bestellen!\" \/>\n<meta property=\"og:url\" content=\"https:\/\/rothschenk.de\/produkt\/zurrgurt-2-teilig-druckratsche\/\" \/>\n<meta property=\"og:site_name\" content=\"Rothschenk\" \/>\n<meta property=\"article:publisher\" content=\"https:\/\/de-de.facebook.com\/FirmaRothschenk\/\" \/>\n<meta property=\"article:modified_time\" content=\"2026-03-09T06:02:14+00:00\" \/>\n<meta property=\"og:image\" content=\"https:\/\/rothschenk.de\/wp-content\/uploads\/2023\/09\/11088_Zurrgurt-Druckratsche-3.jpg\" \/>\n\t<meta property=\"og:image:width\" content=\"1024\" \/>\n\t<meta property=\"og:image:height\" content=\"1024\" \/>\n\t<meta property=\"og:image:type\" content=\"image\/jpeg\" \/>\n<meta name=\"twitter:card\" content=\"summary_large_image\" \/>\n<meta name=\"twitter:label1\" content=\"Dost\u0119pno\u015b\u0107\" \/>\n\t<meta name=\"twitter:data1\" content=\"Dost\u0119pny\" \/>\n<script type=\"application\/ld+json\" class=\"yoast-schema-graph\">{\"@context\":\"https:\\\/\\\/schema.org\",\"@graph\":[{\"@type\":\"WebPage\",\"@id\":\"https:\\\/\\\/rothschenk.de\\\/produkt\\\/zurrgurt-2-teilig-druckratsche\\\/\",\"url\":\"https:\\\/\\\/rothschenk.de\\\/produkt\\\/zurrgurt-2-teilig-druckratsche\\\/\",\"name\":\"Zurrgurt | 2-teilig | Druckratsche | 8 m x 50 mm - Rothschenk\",\"isPartOf\":{\"@id\":\"https:\\\/\\\/rothschenk.de\\\/#website\"},\"primaryImageOfPage\":{\"@id\":\"https:\\\/\\\/rothschenk.de\\\/produkt\\\/zurrgurt-2-teilig-druckratsche\\\/#primaryimage\"},\"image\":{\"@id\":\"https:\\\/\\\/rothschenk.de\\\/produkt\\\/zurrgurt-2-teilig-druckratsche\\\/#primaryimage\"},\"thumbnailUrl\":\"https:\\\/\\\/rothschenk.de\\\/wp-content\\\/uploads\\\/2023\\\/09\\\/11088_Zurrgurt-Druckratsche-3.jpg\",\"datePublished\":\"2023-03-01T08:40:14+00:00\",\"dateModified\":\"2026-03-09T06:02:14+00:00\",\"description\":\"Zurrgurt \u25b6 L\u00e4nge Festende: 0,40 m \u2713 L\u00e4nge Losende: 7,60 m \u2713 Spitzhaken \u2713 Bandbreite: 50 mm \u25b6 Jetzt bei Rothschenk bestellen!\",\"breadcrumb\":{\"@id\":\"https:\\\/\\\/rothschenk.de\\\/produkt\\\/zurrgurt-2-teilig-druckratsche\\\/#breadcrumb\"},\"inLanguage\":\"pl-PL\",\"potentialAction\":[{\"@type\":\"ReadAction\",\"target\":[\"https:\\\/\\\/rothschenk.de\\\/produkt\\\/zurrgurt-2-teilig-druckratsche\\\/\"]}]},{\"@type\":\"ImageObject\",\"inLanguage\":\"pl-PL\",\"@id\":\"https:\\\/\\\/rothschenk.de\\\/produkt\\\/zurrgurt-2-teilig-druckratsche\\\/#primaryimage\",\"url\":\"https:\\\/\\\/rothschenk.de\\\/wp-content\\\/uploads\\\/2023\\\/09\\\/11088_Zurrgurt-Druckratsche-3.jpg\",\"contentUrl\":\"https:\\\/\\\/rothschenk.de\\\/wp-content\\\/uploads\\\/2023\\\/09\\\/11088_Zurrgurt-Druckratsche-3.jpg\",\"width\":1024,\"height\":1024,\"caption\":\"gelber Zurrgurt mit Druckratsche\"},{\"@type\":\"BreadcrumbList\",\"@id\":\"https:\\\/\\\/rothschenk.de\\\/produkt\\\/zurrgurt-2-teilig-druckratsche\\\/#breadcrumb\",\"itemListElement\":[{\"@type\":\"ListItem\",\"position\":1,\"name\":\"Strona g\u0142\u00f3wna\",\"item\":\"https:\\\/\\\/rothschenk.de\\\/pl\\\/strona-glowna\\\/\"},{\"@type\":\"ListItem\",\"position\":2,\"name\":\"Shop\",\"item\":\"https:\\\/\\\/rothschenk.de\\\/shop\\\/\"},{\"@type\":\"ListItem\",\"position\":3,\"name\":\"Zurrgurt | 2-teilig | Druckratsche | 8 m x 50 mm\"}]},{\"@type\":\"WebSite\",\"@id\":\"https:\\\/\\\/rothschenk.de\\\/#website\",\"url\":\"https:\\\/\\\/rothschenk.de\\\/\",\"name\":\"Rothschenk - Der Online Shop f\u00fcr Ladungssicherung\",\"description\":\"Der Online Shop f\u00fcr Ladungssicherung\",\"potentialAction\":[{\"@type\":\"SearchAction\",\"target\":{\"@type\":\"EntryPoint\",\"urlTemplate\":\"https:\\\/\\\/rothschenk.de\\\/?s={search_term_string}\"},\"query-input\":{\"@type\":\"PropertyValueSpecification\",\"valueRequired\":true,\"valueName\":\"search_term_string\"}}],\"inLanguage\":\"pl-PL\"}]}<\/script>\n<meta property=\"og:availability\" content=\"instock\" \/>\n<meta property=\"product:availability\" content=\"instock\" \/>\n<meta property=\"product:condition\" content=\"new\" \/>\n<!-- \/ Yoast SEO plugin. -->","yoast_head_json":{"title":"Zurrgurt | 2-teilig | Druckratsche | 8 m x 50 mm - Rothschenk","description":"Zurrgurt \u25b6 L\u00e4nge Festende: 0,40 m \u2713 L\u00e4nge Losende: 7,60 m \u2713 Spitzhaken \u2713 Bandbreite: 50 mm \u25b6 Jetzt bei Rothschenk bestellen!","robots":{"index":"index","follow":"follow","max-snippet":"max-snippet:-1","max-image-preview":"max-image-preview:large","max-video-preview":"max-video-preview:-1"},"canonical":"https:\/\/rothschenk.de\/produkt\/zurrgurt-2-teilig-druckratsche\/","og_locale":"pl_PL","og_type":"article","og_title":"Zurrgurt | 2-teilig | Druckratsche | 8 m x 50 mm - Rothschenk","og_description":"Zurrgurt \u25b6 L\u00e4nge Festende: 0,40 m \u2713 L\u00e4nge Losende: 7,60 m \u2713 Spitzhaken \u2713 Bandbreite: 50 mm \u25b6 Jetzt bei Rothschenk bestellen!","og_url":"https:\/\/rothschenk.de\/produkt\/zurrgurt-2-teilig-druckratsche\/","og_site_name":"Rothschenk","article_publisher":"https:\/\/de-de.facebook.com\/FirmaRothschenk\/","article_modified_time":"2026-03-09T06:02:14+00:00","og_image":[{"width":1024,"height":1024,"url":"https:\/\/rothschenk.de\/wp-content\/uploads\/2023\/09\/11088_Zurrgurt-Druckratsche-3.jpg","type":"image\/jpeg"}],"twitter_card":"summary_large_image","twitter_misc":{"Dost\u0119pno\u015b\u0107":"Dost\u0119pny"},"schema":{"@context":"https:\/\/schema.org","@graph":[{"@type":"WebPage","@id":"https:\/\/rothschenk.de\/produkt\/zurrgurt-2-teilig-druckratsche\/","url":"https:\/\/rothschenk.de\/produkt\/zurrgurt-2-teilig-druckratsche\/","name":"Zurrgurt | 2-teilig | Druckratsche | 8 m x 50 mm - Rothschenk","isPartOf":{"@id":"https:\/\/rothschenk.de\/#website"},"primaryImageOfPage":{"@id":"https:\/\/rothschenk.de\/produkt\/zurrgurt-2-teilig-druckratsche\/#primaryimage"},"image":{"@id":"https:\/\/rothschenk.de\/produkt\/zurrgurt-2-teilig-druckratsche\/#primaryimage"},"thumbnailUrl":"https:\/\/rothschenk.de\/wp-content\/uploads\/2023\/09\/11088_Zurrgurt-Druckratsche-3.jpg","datePublished":"2023-03-01T08:40:14+00:00","dateModified":"2026-03-09T06:02:14+00:00","description":"Zurrgurt \u25b6 L\u00e4nge Festende: 0,40 m \u2713 L\u00e4nge Losende: 7,60 m \u2713 Spitzhaken \u2713 Bandbreite: 50 mm \u25b6 Jetzt bei Rothschenk bestellen!","breadcrumb":{"@id":"https:\/\/rothschenk.de\/produkt\/zurrgurt-2-teilig-druckratsche\/#breadcrumb"},"inLanguage":"pl-PL","potentialAction":[{"@type":"ReadAction","target":["https:\/\/rothschenk.de\/produkt\/zurrgurt-2-teilig-druckratsche\/"]}]},{"@type":"ImageObject","inLanguage":"pl-PL","@id":"https:\/\/rothschenk.de\/produkt\/zurrgurt-2-teilig-druckratsche\/#primaryimage","url":"https:\/\/rothschenk.de\/wp-content\/uploads\/2023\/09\/11088_Zurrgurt-Druckratsche-3.jpg","contentUrl":"https:\/\/rothschenk.de\/wp-content\/uploads\/2023\/09\/11088_Zurrgurt-Druckratsche-3.jpg","width":1024,"height":1024,"caption":"gelber Zurrgurt mit Druckratsche"},{"@type":"BreadcrumbList","@id":"https:\/\/rothschenk.de\/produkt\/zurrgurt-2-teilig-druckratsche\/#breadcrumb","itemListElement":[{"@type":"ListItem","position":1,"name":"Strona g\u0142\u00f3wna","item":"https:\/\/rothschenk.de\/pl\/strona-glowna\/"},{"@type":"ListItem","position":2,"name":"Shop","item":"https:\/\/rothschenk.de\/shop\/"},{"@type":"ListItem","position":3,"name":"Zurrgurt | 2-teilig | Druckratsche | 8 m x 50 mm"}]},{"@type":"WebSite","@id":"https:\/\/rothschenk.de\/#website","url":"https:\/\/rothschenk.de\/","name":"Rothschenk - Der Online Shop f\u00fcr Ladungssicherung","description":"Der Online Shop f\u00fcr Ladungssicherung","potentialAction":[{"@type":"SearchAction","target":{"@type":"EntryPoint","urlTemplate":"https:\/\/rothschenk.de\/?s={search_term_string}"},"query-input":{"@type":"PropertyValueSpecification","valueRequired":true,"valueName":"search_term_string"}}],"inLanguage":"pl-PL"}]},"og_availability":"instock","product_availability":"instock","product_condition":"new"},"_links":{"self":[{"href":"https:\/\/rothschenk.de\/pl\/wp-json\/wp\/v2\/product\/4295","targetHints":{"allow":["GET"]}}],"collection":[{"href":"https:\/\/rothschenk.de\/pl\/wp-json\/wp\/v2\/product"}],"about":[{"href":"https:\/\/rothschenk.de\/pl\/wp-json\/wp\/v2\/types\/product"}],"replies":[{"embeddable":true,"href":"https:\/\/rothschenk.de\/pl\/wp-json\/wp\/v2\/comments?post=4295"}],"wp:featuredmedia":[{"embeddable":true,"href":"https:\/\/rothschenk.de\/pl\/wp-json\/wp\/v2\/media\/33316"}],"wp:attachment":[{"href":"https:\/\/rothschenk.de\/pl\/wp-json\/wp\/v2\/media?parent=4295"}],"wp:term":[{"taxonomy":"product_brand","embeddable":true,"href":"https:\/\/rothschenk.de\/pl\/wp-json\/wp\/v2\/product_brand?post=4295"},{"taxonomy":"product_cat","embeddable":true,"href":"https:\/\/rothschenk.de\/pl\/wp-json\/wp\/v2\/product_cat?post=4295"},{"taxonomy":"product_tag","embeddable":true,"href":"https:\/\/rothschenk.de\/pl\/wp-json\/wp\/v2\/product_tag?post=4295"}],"curies":[{"name":"wp","href":"https:\/\/api.w.org\/{rel}","templated":true}]}}