{"id":4905,"date":"2023-01-01T09:50:13","date_gmt":"2023-01-01T08:50:13","guid":{"rendered":"https:\/\/rothschenk.de\/rothschenk-shop\/?post_type=product&#038;p=4905"},"modified":"2026-03-23T09:21:10","modified_gmt":"2026-03-23T08:21:10","slug":"antirutschmatte-800-x-100-x-6-mm","status":"publish","type":"product","link":"https:\/\/rothschenk.de\/pl\/produkt\/antirutschmatte-800-x-100-x-6-mm\/","title":{"rendered":"Antirutschmatte | 800 x 100 x 6 mm"},"content":{"rendered":"<h3>Antirutschmatte | 800 x 100 x 6 mm<\/h3>\n<p>Antirutschmatten aus Gummi sind ein ebenso simples, wie effektives Mittel zur Reibwerterh\u00f6hung in der Ladungssicherung. Das qualit\u00e4tsgepr\u00fcfte Material wird unter der Ware bzw. Palette angebracht und reduziert die Anzahl der n\u00f6tigen Zurrgurte. Antirutschgummi empfiehlt sich demnach als kosteng\u00fcnstiges und dazu vergleichsweise sehr effizientes Hilfsmittel f\u00fcr die Ladungssicherung im Container und LKW Versand.<\/p>\n<p>Welche Reibung zwischen zwei Materialien &#8211; z.B. zwischen einer Europalette und der LKW Ladefl\u00e4che (rau\/glatt) &#8211; anliegt, wird als Reibwert definiert. Der Einsatz von Antirutschmatten erh\u00f6ht den Reibwert wodurch die Ware nicht so schnell verrutscht. Die nach CTU Code zu sichernden Kr\u00e4fte fallen somit deutlich geringer aus und der Verlader kann g\u00fcnstigere Ladungssicherungsmittel einsetzen (z.B. Zurrgurte, Staus\u00e4cke,&#8230;). Gerade im Frachtbereich kann dies dazu beitragen, dass h\u00f6here Verladegewichte m\u00f6glich sind.<\/p>\n<p>Der PU-gebundene Gummi bietet einen Gleitreibwert von 0,6 \u00b5 bis 0,9 \u00b5 (abh\u00e4ngig von der jeweiligen Materialpaarung), ist temperaturbest\u00e4ndig von -30 bis 100 \u00b0C und auch f\u00fcr ungesch\u00fctzte Witterungseinfl\u00fcsse geeignet. Das Format ist ideal f\u00fcr Anwendungen mit Europaletten geeignet.<\/p>\n<p>Weitere Infos zu Antirutschmatten finden Sie in unserem <a href=\"https:\/\/rothschenk.de\/folge-12-wie-funktioniert-eine-antirutschmatte\/\">Blog-Bereich.<\/a><\/p>\n","protected":false},"excerpt":{"rendered":"<p>Antirutschmatte | 800 x 100 x 6 mm Antirutschmatten aus Gummi sind ein ebenso simples, wie effektives Mittel zur Reibwerterh\u00f6hung in der Ladungssicherung. Das qualit\u00e4tsgepr\u00fcfte Material wird unter der Ware bzw. Palette angebracht und reduziert die Anzahl der n\u00f6tigen Zurrgurte. Antirutschgummi empfiehlt sich demnach als kosteng\u00fcnstiges und dazu vergleichsweise sehr effizientes Hilfsmittel f\u00fcr die Ladungssicherung [&hellip;]<\/p>\n","protected":false},"featured_media":84273,"comment_status":"open","ping_status":"closed","template":"","meta":{"_acf_changed":false},"product_brand":[],"product_cat":[76,101,77],"product_tag":[],"class_list":{"0":"post-4905","1":"product","2":"type-product","3":"status-publish","4":"has-post-thumbnail","6":"product_cat-antirutsch","7":"product_cat-antirutschmatten-pads","8":"product_cat-antirutschmatte-rollenware","10":"first","11":"instock","12":"taxable","13":"shipping-taxable","14":"purchasable","15":"product-type-simple"},"acf":[],"yoast_head":"<!-- This site is optimized with the Yoast SEO plugin v27.3 - https:\/\/yoast.com\/product\/yoast-seo-wordpress\/ -->\n<title>Antirutschmatte | 800 x 100 x 6 mm - Rothschenk<\/title>\n<meta name=\"description\" content=\"Antirutschmatte 800 x 100 x 6 mm \u25ba DIN 7715-5 P2 \/ P3 \u2713 Temperaturbest\u00e4ndig von -30 bis 100 \u00b0C \u2713 gebunden mit Polyurethan (PUR) \u25ba 24\/7 Online Shop\" \/>\n<meta name=\"robots\" content=\"index, follow, max-snippet:-1, max-image-preview:large, max-video-preview:-1\" \/>\n<link rel=\"canonical\" href=\"https:\/\/rothschenk.de\/produkt\/antirutschmatte-800-x-100-x-6-mm\/\" \/>\n<meta property=\"og:locale\" content=\"pl_PL\" \/>\n<meta property=\"og:type\" content=\"article\" \/>\n<meta property=\"og:title\" content=\"Antirutschmatte | 800 x 100 x 6 mm - Rothschenk\" \/>\n<meta property=\"og:description\" content=\"Antirutschmatte 800 x 100 x 6 mm \u25ba DIN 7715-5 P2 \/ P3 \u2713 Temperaturbest\u00e4ndig von -30 bis 100 \u00b0C \u2713 gebunden mit Polyurethan (PUR) \u25ba 24\/7 Online Shop\" \/>\n<meta property=\"og:url\" content=\"https:\/\/rothschenk.de\/produkt\/antirutschmatte-800-x-100-x-6-mm\/\" \/>\n<meta property=\"og:site_name\" content=\"Rothschenk\" \/>\n<meta property=\"article:publisher\" content=\"https:\/\/de-de.facebook.com\/FirmaRothschenk\/\" \/>\n<meta property=\"article:modified_time\" content=\"2026-03-23T08:21:10+00:00\" \/>\n<meta property=\"og:image\" content=\"https:\/\/rothschenk.de\/wp-content\/uploads\/2023\/11\/11174_Antirutschmatte-800x100x6-1.jpg\" \/>\n\t<meta property=\"og:image:width\" content=\"1024\" \/>\n\t<meta property=\"og:image:height\" content=\"1024\" \/>\n\t<meta property=\"og:image:type\" content=\"image\/jpeg\" \/>\n<meta name=\"twitter:card\" content=\"summary_large_image\" \/>\n<meta name=\"twitter:label1\" content=\"Cena\" \/>\n\t<meta name=\"twitter:data1\" content=\"1,32&nbsp;&euro;\" \/>\n\t<meta name=\"twitter:label2\" content=\"Dost\u0119pno\u015b\u0107\" \/>\n\t<meta name=\"twitter:data2\" content=\"Dost\u0119pny\" \/>\n<script type=\"application\/ld+json\" class=\"yoast-schema-graph\">{\"@context\":\"https:\\\/\\\/schema.org\",\"@graph\":[{\"@type\":\"WebPage\",\"@id\":\"https:\\\/\\\/rothschenk.de\\\/produkt\\\/antirutschmatte-800-x-100-x-6-mm\\\/\",\"url\":\"https:\\\/\\\/rothschenk.de\\\/produkt\\\/antirutschmatte-800-x-100-x-6-mm\\\/\",\"name\":\"Antirutschmatte | 800 x 100 x 6 mm - Rothschenk\",\"isPartOf\":{\"@id\":\"https:\\\/\\\/rothschenk.de\\\/#website\"},\"primaryImageOfPage\":{\"@id\":\"https:\\\/\\\/rothschenk.de\\\/produkt\\\/antirutschmatte-800-x-100-x-6-mm\\\/#primaryimage\"},\"image\":{\"@id\":\"https:\\\/\\\/rothschenk.de\\\/produkt\\\/antirutschmatte-800-x-100-x-6-mm\\\/#primaryimage\"},\"thumbnailUrl\":\"https:\\\/\\\/rothschenk.de\\\/wp-content\\\/uploads\\\/2023\\\/11\\\/11174_Antirutschmatte-800x100x6-1.jpg\",\"datePublished\":\"2023-01-01T08:50:13+00:00\",\"dateModified\":\"2026-03-23T08:21:10+00:00\",\"description\":\"Antirutschmatte 800 x 100 x 6 mm \u25ba DIN 7715-5 P2 \\\/ P3 \u2713 Temperaturbest\u00e4ndig von -30 bis 100 \u00b0C \u2713 gebunden mit Polyurethan (PUR) \u25ba 24\\\/7 Online Shop\",\"breadcrumb\":{\"@id\":\"https:\\\/\\\/rothschenk.de\\\/produkt\\\/antirutschmatte-800-x-100-x-6-mm\\\/#breadcrumb\"},\"inLanguage\":\"pl-PL\",\"potentialAction\":[{\"@type\":\"ReadAction\",\"target\":[\"https:\\\/\\\/rothschenk.de\\\/produkt\\\/antirutschmatte-800-x-100-x-6-mm\\\/\"]}]},{\"@type\":\"ImageObject\",\"inLanguage\":\"pl-PL\",\"@id\":\"https:\\\/\\\/rothschenk.de\\\/produkt\\\/antirutschmatte-800-x-100-x-6-mm\\\/#primaryimage\",\"url\":\"https:\\\/\\\/rothschenk.de\\\/wp-content\\\/uploads\\\/2023\\\/11\\\/11174_Antirutschmatte-800x100x6-1.jpg\",\"contentUrl\":\"https:\\\/\\\/rothschenk.de\\\/wp-content\\\/uploads\\\/2023\\\/11\\\/11174_Antirutschmatte-800x100x6-1.jpg\",\"width\":1024,\"height\":1024,\"caption\":\"Antirutschmattenrolle\"},{\"@type\":\"BreadcrumbList\",\"@id\":\"https:\\\/\\\/rothschenk.de\\\/produkt\\\/antirutschmatte-800-x-100-x-6-mm\\\/#breadcrumb\",\"itemListElement\":[{\"@type\":\"ListItem\",\"position\":1,\"name\":\"Strona g\u0142\u00f3wna\",\"item\":\"https:\\\/\\\/rothschenk.de\\\/pl\\\/strona-glowna\\\/\"},{\"@type\":\"ListItem\",\"position\":2,\"name\":\"Shop\",\"item\":\"https:\\\/\\\/rothschenk.de\\\/shop\\\/\"},{\"@type\":\"ListItem\",\"position\":3,\"name\":\"Antirutschmatte | 800 x 100 x 6 mm\"}]},{\"@type\":\"WebSite\",\"@id\":\"https:\\\/\\\/rothschenk.de\\\/#website\",\"url\":\"https:\\\/\\\/rothschenk.de\\\/\",\"name\":\"Rothschenk - Der Online Shop f\u00fcr Ladungssicherung\",\"description\":\"Der Online Shop f\u00fcr Ladungssicherung\",\"potentialAction\":[{\"@type\":\"SearchAction\",\"target\":{\"@type\":\"EntryPoint\",\"urlTemplate\":\"https:\\\/\\\/rothschenk.de\\\/?s={search_term_string}\"},\"query-input\":{\"@type\":\"PropertyValueSpecification\",\"valueRequired\":true,\"valueName\":\"search_term_string\"}}],\"inLanguage\":\"pl-PL\"}]}<\/script>\n<meta property=\"product:price:amount\" content=\"1.32\" \/>\n<meta property=\"product:price:currency\" content=\"EUR\" \/>\n<meta property=\"og:availability\" content=\"instock\" \/>\n<meta property=\"product:availability\" content=\"instock\" \/>\n<meta property=\"product:retailer_item_id\" content=\"11174\" \/>\n<meta property=\"product:condition\" content=\"new\" \/>\n<!-- \/ Yoast SEO plugin. -->","yoast_head_json":{"title":"Antirutschmatte | 800 x 100 x 6 mm - Rothschenk","description":"Antirutschmatte 800 x 100 x 6 mm \u25ba DIN 7715-5 P2 \/ P3 \u2713 Temperaturbest\u00e4ndig von -30 bis 100 \u00b0C \u2713 gebunden mit Polyurethan (PUR) \u25ba 24\/7 Online Shop","robots":{"index":"index","follow":"follow","max-snippet":"max-snippet:-1","max-image-preview":"max-image-preview:large","max-video-preview":"max-video-preview:-1"},"canonical":"https:\/\/rothschenk.de\/produkt\/antirutschmatte-800-x-100-x-6-mm\/","og_locale":"pl_PL","og_type":"article","og_title":"Antirutschmatte | 800 x 100 x 6 mm - Rothschenk","og_description":"Antirutschmatte 800 x 100 x 6 mm \u25ba DIN 7715-5 P2 \/ P3 \u2713 Temperaturbest\u00e4ndig von -30 bis 100 \u00b0C \u2713 gebunden mit Polyurethan (PUR) \u25ba 24\/7 Online Shop","og_url":"https:\/\/rothschenk.de\/produkt\/antirutschmatte-800-x-100-x-6-mm\/","og_site_name":"Rothschenk","article_publisher":"https:\/\/de-de.facebook.com\/FirmaRothschenk\/","article_modified_time":"2026-03-23T08:21:10+00:00","og_image":[{"width":1024,"height":1024,"url":"https:\/\/rothschenk.de\/wp-content\/uploads\/2023\/11\/11174_Antirutschmatte-800x100x6-1.jpg","type":"image\/jpeg"}],"twitter_card":"summary_large_image","twitter_misc":{"Cena":"1,32&nbsp;&euro;","Dost\u0119pno\u015b\u0107":"Dost\u0119pny"},"schema":{"@context":"https:\/\/schema.org","@graph":[{"@type":"WebPage","@id":"https:\/\/rothschenk.de\/produkt\/antirutschmatte-800-x-100-x-6-mm\/","url":"https:\/\/rothschenk.de\/produkt\/antirutschmatte-800-x-100-x-6-mm\/","name":"Antirutschmatte | 800 x 100 x 6 mm - Rothschenk","isPartOf":{"@id":"https:\/\/rothschenk.de\/#website"},"primaryImageOfPage":{"@id":"https:\/\/rothschenk.de\/produkt\/antirutschmatte-800-x-100-x-6-mm\/#primaryimage"},"image":{"@id":"https:\/\/rothschenk.de\/produkt\/antirutschmatte-800-x-100-x-6-mm\/#primaryimage"},"thumbnailUrl":"https:\/\/rothschenk.de\/wp-content\/uploads\/2023\/11\/11174_Antirutschmatte-800x100x6-1.jpg","datePublished":"2023-01-01T08:50:13+00:00","dateModified":"2026-03-23T08:21:10+00:00","description":"Antirutschmatte 800 x 100 x 6 mm \u25ba DIN 7715-5 P2 \/ P3 \u2713 Temperaturbest\u00e4ndig von -30 bis 100 \u00b0C \u2713 gebunden mit Polyurethan (PUR) \u25ba 24\/7 Online Shop","breadcrumb":{"@id":"https:\/\/rothschenk.de\/produkt\/antirutschmatte-800-x-100-x-6-mm\/#breadcrumb"},"inLanguage":"pl-PL","potentialAction":[{"@type":"ReadAction","target":["https:\/\/rothschenk.de\/produkt\/antirutschmatte-800-x-100-x-6-mm\/"]}]},{"@type":"ImageObject","inLanguage":"pl-PL","@id":"https:\/\/rothschenk.de\/produkt\/antirutschmatte-800-x-100-x-6-mm\/#primaryimage","url":"https:\/\/rothschenk.de\/wp-content\/uploads\/2023\/11\/11174_Antirutschmatte-800x100x6-1.jpg","contentUrl":"https:\/\/rothschenk.de\/wp-content\/uploads\/2023\/11\/11174_Antirutschmatte-800x100x6-1.jpg","width":1024,"height":1024,"caption":"Antirutschmattenrolle"},{"@type":"BreadcrumbList","@id":"https:\/\/rothschenk.de\/produkt\/antirutschmatte-800-x-100-x-6-mm\/#breadcrumb","itemListElement":[{"@type":"ListItem","position":1,"name":"Strona g\u0142\u00f3wna","item":"https:\/\/rothschenk.de\/pl\/strona-glowna\/"},{"@type":"ListItem","position":2,"name":"Shop","item":"https:\/\/rothschenk.de\/shop\/"},{"@type":"ListItem","position":3,"name":"Antirutschmatte | 800 x 100 x 6 mm"}]},{"@type":"WebSite","@id":"https:\/\/rothschenk.de\/#website","url":"https:\/\/rothschenk.de\/","name":"Rothschenk - Der Online Shop f\u00fcr Ladungssicherung","description":"Der Online Shop f\u00fcr Ladungssicherung","potentialAction":[{"@type":"SearchAction","target":{"@type":"EntryPoint","urlTemplate":"https:\/\/rothschenk.de\/?s={search_term_string}"},"query-input":{"@type":"PropertyValueSpecification","valueRequired":true,"valueName":"search_term_string"}}],"inLanguage":"pl-PL"}]},"product_price_amount":"1.32","product_price_currency":"EUR","og_availability":"instock","product_availability":"instock","product_retailer_item_id":"11174","product_condition":"new"},"_links":{"self":[{"href":"https:\/\/rothschenk.de\/pl\/wp-json\/wp\/v2\/product\/4905","targetHints":{"allow":["GET"]}}],"collection":[{"href":"https:\/\/rothschenk.de\/pl\/wp-json\/wp\/v2\/product"}],"about":[{"href":"https:\/\/rothschenk.de\/pl\/wp-json\/wp\/v2\/types\/product"}],"replies":[{"embeddable":true,"href":"https:\/\/rothschenk.de\/pl\/wp-json\/wp\/v2\/comments?post=4905"}],"wp:featuredmedia":[{"embeddable":true,"href":"https:\/\/rothschenk.de\/pl\/wp-json\/wp\/v2\/media\/84273"}],"wp:attachment":[{"href":"https:\/\/rothschenk.de\/pl\/wp-json\/wp\/v2\/media?parent=4905"}],"wp:term":[{"taxonomy":"product_brand","embeddable":true,"href":"https:\/\/rothschenk.de\/pl\/wp-json\/wp\/v2\/product_brand?post=4905"},{"taxonomy":"product_cat","embeddable":true,"href":"https:\/\/rothschenk.de\/pl\/wp-json\/wp\/v2\/product_cat?post=4905"},{"taxonomy":"product_tag","embeddable":true,"href":"https:\/\/rothschenk.de\/pl\/wp-json\/wp\/v2\/product_tag?post=4905"}],"curies":[{"name":"wp","href":"https:\/\/api.w.org\/{rel}","templated":true}]}}