{"id":52555,"date":"2023-06-19T16:00:18","date_gmt":"2023-06-19T14:00:18","guid":{"rendered":"https:\/\/rothschenk.de\/rothschenk-shop\/?post_type=product&#038;p=52555"},"modified":"2026-03-03T11:02:06","modified_gmt":"2026-03-03T10:02:06","slug":"container-lashing-white-lash-set-3x-quer-2-600-mm-32-mm","status":"publish","type":"product","link":"https:\/\/rothschenk.de\/pl\/produkt\/container-lashing-white-lash-set-3x-quer-2-600-mm-32-mm\/","title":{"rendered":"Container-Lashing | White Lash Set | 3x Quer | 2.600 mm | 32 mm"},"content":{"rendered":"<h3>Container-Lashing | White Lash Set | 3x Quer | 2.600 mm | 32 mm<\/h3>\n<p>Rothschenk Lashingsysteme sind \u00e4u\u00dferst effektive L\u00f6sungen, um Ihre Ware w\u00e4hrend des Transports sicher im Container zu fixieren. Unsere vorkonfektionierten Lashing Sets \u00fcberzeugen durch ihre hohe Benutzerfreundlichkeit und zeichnen sich durch eine einfache und schnelle Handhabung aus. Das White Lash Set zeichnet sich durch seine enorme Flexibilit\u00e4t aus. Das System ist stufenlos h\u00f6henverstellbar und kann somit individuell an Ihre Bed\u00fcrfnisse angepasst werden. Ohne Abstriche bei Qualit\u00e4t und Leistung bietet es eine kosteng\u00fcnstige Ladungssicherung.<\/p>\n<p>\u2714 Unser 3er White Lash Set 3.32 besteht pro Seite aus einem L\u00e4ngsband und drei Querb\u00e4ndern.<\/p>\n<p>\u2714 Die Querb\u00e4nder sind am L\u00e4ngsband eingeschlauft und stufenlos h\u00f6henverstellbar.<\/p>\n<p>\u2714 Die Verbindung der Querb\u00e4nder erfolgt durch die im Set enthaltenen Gurtschnallen (auch Doppelstegverschluss genannt).<\/p>\n<p>F\u00fcr eine noch h\u00f6here R\u00fcckhaltekraft und Sicherheit bieten wir im Shop unsere Red Lash Serie an.<\/p>\n<p>Weitere Infos zu Lashings finden Sie in unserem <a href=\"https:\/\/rothschenk.de\/folge-16-lashings-und-deren-anwendung\/\">Blog-Bereich.<\/a><\/p>\n","protected":false},"excerpt":{"rendered":"<p>Container-Lashing | White Lash Set | 3x Quer | 2.600 mm | 32 mm Rothschenk Lashingsysteme sind \u00e4u\u00dferst effektive L\u00f6sungen, um Ihre Ware w\u00e4hrend des Transports sicher im Container zu fixieren. Unsere vorkonfektionierten Lashing Sets \u00fcberzeugen durch ihre hohe Benutzerfreundlichkeit und zeichnen sich durch eine einfache und schnelle Handhabung aus. Das White Lash Set zeichnet [&hellip;]<\/p>\n","protected":false},"featured_media":52608,"comment_status":"open","ping_status":"closed","template":"","meta":{"_acf_changed":false},"product_brand":[],"product_cat":[104,55],"product_tag":[],"class_list":{"0":"post-52555","1":"product","2":"type-product","3":"status-publish","4":"has-post-thumbnail","6":"product_cat-lashing","7":"product_cat-lashing-container","9":"first","10":"onbackorder","11":"sale","12":"taxable","13":"shipping-taxable","14":"purchasable","15":"product-type-variable"},"acf":[],"yoast_head":"<!-- This site is optimized with the Yoast SEO plugin v27.4 - https:\/\/yoast.com\/product\/yoast-seo-wordpress\/ -->\n<title>Container-Lashing | White Lash Set | 3x Quer | 2.600 mm | 32 mm<\/title>\n<meta name=\"description\" content=\"White Lash Set - Container-Lashing 2600 mm \u2713 3x Quer \u2713 L\u00e4ngsb\u00e4nder inkl. Spitzhaken mit Sicherung \u2713 T\u00dcV Rheinland zertifiziert \u27a4 Jetzt bestellen!\" \/>\n<meta name=\"robots\" content=\"index, follow, max-snippet:-1, max-image-preview:large, max-video-preview:-1\" \/>\n<link rel=\"canonical\" href=\"https:\/\/rothschenk.de\/produkt\/container-lashing-white-lash-set-3x-quer-2-600-mm-32-mm\/\" \/>\n<meta property=\"og:locale\" content=\"pl_PL\" \/>\n<meta property=\"og:type\" content=\"article\" \/>\n<meta property=\"og:title\" content=\"Container-Lashing | White Lash Set | 3x Quer | 2.600 mm | 32 mm\" \/>\n<meta property=\"og:description\" content=\"White Lash Set - Container-Lashing 2600 mm \u2713 3x Quer \u2713 L\u00e4ngsb\u00e4nder inkl. Spitzhaken mit Sicherung \u2713 T\u00dcV Rheinland zertifiziert \u27a4 Jetzt bestellen!\" \/>\n<meta property=\"og:url\" content=\"https:\/\/rothschenk.de\/produkt\/container-lashing-white-lash-set-3x-quer-2-600-mm-32-mm\/\" \/>\n<meta property=\"og:site_name\" content=\"Rothschenk\" \/>\n<meta property=\"article:publisher\" content=\"https:\/\/de-de.facebook.com\/FirmaRothschenk\/\" \/>\n<meta property=\"article:modified_time\" content=\"2026-03-03T10:02:06+00:00\" \/>\n<meta property=\"og:image\" content=\"https:\/\/rothschenk.de\/wp-content\/uploads\/2023\/10\/White-Lash-3er_25418-E-q-2.jpg\" \/>\n\t<meta property=\"og:image:width\" content=\"1024\" \/>\n\t<meta property=\"og:image:height\" content=\"1024\" \/>\n\t<meta property=\"og:image:type\" content=\"image\/jpeg\" \/>\n<meta name=\"twitter:card\" content=\"summary_large_image\" \/>\n<meta name=\"twitter:label1\" content=\"Dost\u0119pno\u015b\u0107\" \/>\n\t<meta name=\"twitter:data1\" content=\"Na zam\u00f3wienie\" \/>\n<script type=\"application\/ld+json\" class=\"yoast-schema-graph\">{\"@context\":\"https:\\\/\\\/schema.org\",\"@graph\":[{\"@type\":\"WebPage\",\"@id\":\"https:\\\/\\\/rothschenk.de\\\/produkt\\\/container-lashing-white-lash-set-3x-quer-2-600-mm-32-mm\\\/\",\"url\":\"https:\\\/\\\/rothschenk.de\\\/produkt\\\/container-lashing-white-lash-set-3x-quer-2-600-mm-32-mm\\\/\",\"name\":\"Container-Lashing | White Lash Set | 3x Quer | 2.600 mm | 32 mm\",\"isPartOf\":{\"@id\":\"https:\\\/\\\/rothschenk.de\\\/#website\"},\"primaryImageOfPage\":{\"@id\":\"https:\\\/\\\/rothschenk.de\\\/produkt\\\/container-lashing-white-lash-set-3x-quer-2-600-mm-32-mm\\\/#primaryimage\"},\"image\":{\"@id\":\"https:\\\/\\\/rothschenk.de\\\/produkt\\\/container-lashing-white-lash-set-3x-quer-2-600-mm-32-mm\\\/#primaryimage\"},\"thumbnailUrl\":\"https:\\\/\\\/rothschenk.de\\\/wp-content\\\/uploads\\\/2023\\\/10\\\/White-Lash-3er_25418-E-q-2.jpg\",\"datePublished\":\"2023-06-19T14:00:18+00:00\",\"dateModified\":\"2026-03-03T10:02:06+00:00\",\"description\":\"White Lash Set - Container-Lashing 2600 mm \u2713 3x Quer \u2713 L\u00e4ngsb\u00e4nder inkl. Spitzhaken mit Sicherung \u2713 T\u00dcV Rheinland zertifiziert \u27a4 Jetzt bestellen!\",\"breadcrumb\":{\"@id\":\"https:\\\/\\\/rothschenk.de\\\/produkt\\\/container-lashing-white-lash-set-3x-quer-2-600-mm-32-mm\\\/#breadcrumb\"},\"inLanguage\":\"pl-PL\",\"potentialAction\":[{\"@type\":\"ReadAction\",\"target\":[\"https:\\\/\\\/rothschenk.de\\\/produkt\\\/container-lashing-white-lash-set-3x-quer-2-600-mm-32-mm\\\/\"]}]},{\"@type\":\"ImageObject\",\"inLanguage\":\"pl-PL\",\"@id\":\"https:\\\/\\\/rothschenk.de\\\/produkt\\\/container-lashing-white-lash-set-3x-quer-2-600-mm-32-mm\\\/#primaryimage\",\"url\":\"https:\\\/\\\/rothschenk.de\\\/wp-content\\\/uploads\\\/2023\\\/10\\\/White-Lash-3er_25418-E-q-2.jpg\",\"contentUrl\":\"https:\\\/\\\/rothschenk.de\\\/wp-content\\\/uploads\\\/2023\\\/10\\\/White-Lash-3er_25418-E-q-2.jpg\",\"width\":1024,\"height\":1024,\"caption\":\"3-er Lashing White Lash Containerskizze\"},{\"@type\":\"BreadcrumbList\",\"@id\":\"https:\\\/\\\/rothschenk.de\\\/produkt\\\/container-lashing-white-lash-set-3x-quer-2-600-mm-32-mm\\\/#breadcrumb\",\"itemListElement\":[{\"@type\":\"ListItem\",\"position\":1,\"name\":\"Strona g\u0142\u00f3wna\",\"item\":\"https:\\\/\\\/rothschenk.de\\\/pl\\\/strona-glowna\\\/\"},{\"@type\":\"ListItem\",\"position\":2,\"name\":\"Shop\",\"item\":\"https:\\\/\\\/rothschenk.de\\\/shop\\\/\"},{\"@type\":\"ListItem\",\"position\":3,\"name\":\"Container-Lashing | White Lash Set | 3x Quer | 2.600 mm | 32 mm\"}]},{\"@type\":\"WebSite\",\"@id\":\"https:\\\/\\\/rothschenk.de\\\/#website\",\"url\":\"https:\\\/\\\/rothschenk.de\\\/\",\"name\":\"Rothschenk - Der Online Shop f\u00fcr Ladungssicherung\",\"description\":\"Der Online Shop f\u00fcr Ladungssicherung\",\"potentialAction\":[{\"@type\":\"SearchAction\",\"target\":{\"@type\":\"EntryPoint\",\"urlTemplate\":\"https:\\\/\\\/rothschenk.de\\\/?s={search_term_string}\"},\"query-input\":{\"@type\":\"PropertyValueSpecification\",\"valueRequired\":true,\"valueName\":\"search_term_string\"}}],\"inLanguage\":\"pl-PL\"}]}<\/script>\n<meta property=\"og:availability\" content=\"backorder\" \/>\n<meta property=\"product:availability\" content=\"available for order\" \/>\n<meta property=\"product:condition\" content=\"new\" \/>\n<!-- \/ Yoast SEO plugin. -->","yoast_head_json":{"title":"Container-Lashing | White Lash Set | 3x Quer | 2.600 mm | 32 mm","description":"White Lash Set - Container-Lashing 2600 mm \u2713 3x Quer \u2713 L\u00e4ngsb\u00e4nder inkl. Spitzhaken mit Sicherung \u2713 T\u00dcV Rheinland zertifiziert \u27a4 Jetzt bestellen!","robots":{"index":"index","follow":"follow","max-snippet":"max-snippet:-1","max-image-preview":"max-image-preview:large","max-video-preview":"max-video-preview:-1"},"canonical":"https:\/\/rothschenk.de\/produkt\/container-lashing-white-lash-set-3x-quer-2-600-mm-32-mm\/","og_locale":"pl_PL","og_type":"article","og_title":"Container-Lashing | White Lash Set | 3x Quer | 2.600 mm | 32 mm","og_description":"White Lash Set - Container-Lashing 2600 mm \u2713 3x Quer \u2713 L\u00e4ngsb\u00e4nder inkl. Spitzhaken mit Sicherung \u2713 T\u00dcV Rheinland zertifiziert \u27a4 Jetzt bestellen!","og_url":"https:\/\/rothschenk.de\/produkt\/container-lashing-white-lash-set-3x-quer-2-600-mm-32-mm\/","og_site_name":"Rothschenk","article_publisher":"https:\/\/de-de.facebook.com\/FirmaRothschenk\/","article_modified_time":"2026-03-03T10:02:06+00:00","og_image":[{"width":1024,"height":1024,"url":"https:\/\/rothschenk.de\/wp-content\/uploads\/2023\/10\/White-Lash-3er_25418-E-q-2.jpg","type":"image\/jpeg"}],"twitter_card":"summary_large_image","twitter_misc":{"Dost\u0119pno\u015b\u0107":"Na zam\u00f3wienie"},"schema":{"@context":"https:\/\/schema.org","@graph":[{"@type":"WebPage","@id":"https:\/\/rothschenk.de\/produkt\/container-lashing-white-lash-set-3x-quer-2-600-mm-32-mm\/","url":"https:\/\/rothschenk.de\/produkt\/container-lashing-white-lash-set-3x-quer-2-600-mm-32-mm\/","name":"Container-Lashing | White Lash Set | 3x Quer | 2.600 mm | 32 mm","isPartOf":{"@id":"https:\/\/rothschenk.de\/#website"},"primaryImageOfPage":{"@id":"https:\/\/rothschenk.de\/produkt\/container-lashing-white-lash-set-3x-quer-2-600-mm-32-mm\/#primaryimage"},"image":{"@id":"https:\/\/rothschenk.de\/produkt\/container-lashing-white-lash-set-3x-quer-2-600-mm-32-mm\/#primaryimage"},"thumbnailUrl":"https:\/\/rothschenk.de\/wp-content\/uploads\/2023\/10\/White-Lash-3er_25418-E-q-2.jpg","datePublished":"2023-06-19T14:00:18+00:00","dateModified":"2026-03-03T10:02:06+00:00","description":"White Lash Set - Container-Lashing 2600 mm \u2713 3x Quer \u2713 L\u00e4ngsb\u00e4nder inkl. Spitzhaken mit Sicherung \u2713 T\u00dcV Rheinland zertifiziert \u27a4 Jetzt bestellen!","breadcrumb":{"@id":"https:\/\/rothschenk.de\/produkt\/container-lashing-white-lash-set-3x-quer-2-600-mm-32-mm\/#breadcrumb"},"inLanguage":"pl-PL","potentialAction":[{"@type":"ReadAction","target":["https:\/\/rothschenk.de\/produkt\/container-lashing-white-lash-set-3x-quer-2-600-mm-32-mm\/"]}]},{"@type":"ImageObject","inLanguage":"pl-PL","@id":"https:\/\/rothschenk.de\/produkt\/container-lashing-white-lash-set-3x-quer-2-600-mm-32-mm\/#primaryimage","url":"https:\/\/rothschenk.de\/wp-content\/uploads\/2023\/10\/White-Lash-3er_25418-E-q-2.jpg","contentUrl":"https:\/\/rothschenk.de\/wp-content\/uploads\/2023\/10\/White-Lash-3er_25418-E-q-2.jpg","width":1024,"height":1024,"caption":"3-er Lashing White Lash Containerskizze"},{"@type":"BreadcrumbList","@id":"https:\/\/rothschenk.de\/produkt\/container-lashing-white-lash-set-3x-quer-2-600-mm-32-mm\/#breadcrumb","itemListElement":[{"@type":"ListItem","position":1,"name":"Strona g\u0142\u00f3wna","item":"https:\/\/rothschenk.de\/pl\/strona-glowna\/"},{"@type":"ListItem","position":2,"name":"Shop","item":"https:\/\/rothschenk.de\/shop\/"},{"@type":"ListItem","position":3,"name":"Container-Lashing | White Lash Set | 3x Quer | 2.600 mm | 32 mm"}]},{"@type":"WebSite","@id":"https:\/\/rothschenk.de\/#website","url":"https:\/\/rothschenk.de\/","name":"Rothschenk - Der Online Shop f\u00fcr Ladungssicherung","description":"Der Online Shop f\u00fcr Ladungssicherung","potentialAction":[{"@type":"SearchAction","target":{"@type":"EntryPoint","urlTemplate":"https:\/\/rothschenk.de\/?s={search_term_string}"},"query-input":{"@type":"PropertyValueSpecification","valueRequired":true,"valueName":"search_term_string"}}],"inLanguage":"pl-PL"}]},"og_availability":"backorder","product_availability":"available for order","product_condition":"new"},"_links":{"self":[{"href":"https:\/\/rothschenk.de\/pl\/wp-json\/wp\/v2\/product\/52555","targetHints":{"allow":["GET"]}}],"collection":[{"href":"https:\/\/rothschenk.de\/pl\/wp-json\/wp\/v2\/product"}],"about":[{"href":"https:\/\/rothschenk.de\/pl\/wp-json\/wp\/v2\/types\/product"}],"replies":[{"embeddable":true,"href":"https:\/\/rothschenk.de\/pl\/wp-json\/wp\/v2\/comments?post=52555"}],"wp:featuredmedia":[{"embeddable":true,"href":"https:\/\/rothschenk.de\/pl\/wp-json\/wp\/v2\/media\/52608"}],"wp:attachment":[{"href":"https:\/\/rothschenk.de\/pl\/wp-json\/wp\/v2\/media?parent=52555"}],"wp:term":[{"taxonomy":"product_brand","embeddable":true,"href":"https:\/\/rothschenk.de\/pl\/wp-json\/wp\/v2\/product_brand?post=52555"},{"taxonomy":"product_cat","embeddable":true,"href":"https:\/\/rothschenk.de\/pl\/wp-json\/wp\/v2\/product_cat?post=52555"},{"taxonomy":"product_tag","embeddable":true,"href":"https:\/\/rothschenk.de\/pl\/wp-json\/wp\/v2\/product_tag?post=52555"}],"curies":[{"name":"wp","href":"https:\/\/api.w.org\/{rel}","templated":true}]}}