{"id":5869,"date":"2023-02-11T23:00:31","date_gmt":"2023-02-11T22:00:31","guid":{"rendered":"https:\/\/rothschenk.de\/rothschenk-shop\/?post_type=product&#038;p=5869"},"modified":"2026-04-07T10:41:13","modified_gmt":"2026-04-07T08:41:13","slug":"kantenschutz-95x95-mm-kunststoff","status":"publish","type":"product","link":"https:\/\/rothschenk.de\/pl\/produkt\/kantenschutz-95x95-mm-kunststoff\/","title":{"rendered":"Kantenschutz | 95&#215;95 mm | Kunststoff"},"content":{"rendered":"<h3>Kantenschutz | 95 x 95 mm | Kunststoff<\/h3>\n<p>Durch das Spannen von Gurtb\u00e4ndern \u00fcber eine Kante, wird diese Stelle einer Ladung besonders hohen Kr\u00e4ften ausgesetzt. Durch unsere Kantenschutzwinkel werden diese Kr\u00e4fte von der Kante weg in die Fl\u00e4che umgeleitet.<\/p>\n<p>Unser besonders leichter Kantenschutzwinkel aus Kunststoff kann f\u00fcr viele Arten der Ladungssicherung verwendet werden. Er ist dabei f\u00fcr Gurtb\u00e4nder bis zu einer Breite von 50 mm geeignet.\u00a0Um ein seitliches Verrutschen zu verhindern, wird das Zurrgurtband auf beiden Seiten durch die Ausbuchtungen gef\u00fchrt. Auch zwei seitliche Erh\u00f6hungen halten das Gurtband in seiner Position.<\/p>\n<p>&nbsp;<\/p>\n","protected":false},"excerpt":{"rendered":"<p>Kantenschutz | 95 x 95 mm | Kunststoff Durch das Spannen von Gurtb\u00e4ndern \u00fcber eine Kante, wird diese Stelle einer Ladung besonders hohen Kr\u00e4ften ausgesetzt. Durch unsere Kantenschutzwinkel werden diese Kr\u00e4fte von der Kante weg in die Fl\u00e4che umgeleitet. Unser besonders leichter Kantenschutzwinkel aus Kunststoff kann f\u00fcr viele Arten der Ladungssicherung verwendet werden. Er ist [&hellip;]<\/p>\n","protected":false},"featured_media":21792,"comment_status":"open","ping_status":"closed","template":"","meta":{"_acf_changed":false},"product_brand":[],"product_cat":[73,102],"product_tag":[],"class_list":{"0":"post-5869","1":"product","2":"type-product","3":"status-publish","4":"has-post-thumbnail","6":"product_cat-kantenschutz","7":"product_cat-kunststoff","9":"first","10":"instock","11":"sale","12":"taxable","13":"shipping-taxable","14":"purchasable","15":"product-type-variable"},"acf":[],"yoast_head":"<!-- This site is optimized with the Yoast SEO plugin v27.3 - https:\/\/yoast.com\/product\/yoast-seo-wordpress\/ -->\n<title>Kantenschutz | 95x95 mm | Kunststoff - Rothschenk<\/title>\n<meta name=\"description\" content=\"Kantenschutz \u25b6 L\u00e4nge von 95 mm \u2713 Schenkell\u00e4ngen 95 x 95 mm \u2713 24\/7 \u2713 max. Gurtbandbreite 50 mm \u25b6 Bestellen bei Rothschenk!\" \/>\n<meta name=\"robots\" content=\"index, follow, max-snippet:-1, max-image-preview:large, max-video-preview:-1\" \/>\n<link rel=\"canonical\" href=\"https:\/\/rothschenk.de\/produkt\/kantenschutz-95x95-mm-kunststoff\/\" \/>\n<meta property=\"og:locale\" content=\"pl_PL\" \/>\n<meta property=\"og:type\" content=\"article\" \/>\n<meta property=\"og:title\" content=\"Kantenschutz | 95x95 mm | Kunststoff - Rothschenk\" \/>\n<meta property=\"og:description\" content=\"Kantenschutz \u25b6 L\u00e4nge von 95 mm \u2713 Schenkell\u00e4ngen 95 x 95 mm \u2713 24\/7 \u2713 max. Gurtbandbreite 50 mm \u25b6 Bestellen bei Rothschenk!\" \/>\n<meta property=\"og:url\" content=\"https:\/\/rothschenk.de\/produkt\/kantenschutz-95x95-mm-kunststoff\/\" \/>\n<meta property=\"og:site_name\" content=\"Rothschenk\" \/>\n<meta property=\"article:publisher\" content=\"https:\/\/de-de.facebook.com\/FirmaRothschenk\/\" \/>\n<meta property=\"article:modified_time\" content=\"2026-04-07T08:41:13+00:00\" \/>\n<meta property=\"og:image\" content=\"https:\/\/rothschenk.de\/wp-content\/uploads\/2023\/03\/11736.jpg\" \/>\n\t<meta property=\"og:image:width\" content=\"1024\" \/>\n\t<meta property=\"og:image:height\" content=\"1024\" \/>\n\t<meta property=\"og:image:type\" content=\"image\/jpeg\" \/>\n<meta name=\"twitter:card\" content=\"summary_large_image\" \/>\n<meta name=\"twitter:label1\" content=\"Dost\u0119pno\u015b\u0107\" \/>\n\t<meta name=\"twitter:data1\" content=\"Dost\u0119pny\" \/>\n<script type=\"application\/ld+json\" class=\"yoast-schema-graph\">{\"@context\":\"https:\\\/\\\/schema.org\",\"@graph\":[{\"@type\":\"WebPage\",\"@id\":\"https:\\\/\\\/rothschenk.de\\\/produkt\\\/kantenschutz-95x95-mm-kunststoff\\\/\",\"url\":\"https:\\\/\\\/rothschenk.de\\\/produkt\\\/kantenschutz-95x95-mm-kunststoff\\\/\",\"name\":\"Kantenschutz | 95x95 mm | Kunststoff - Rothschenk\",\"isPartOf\":{\"@id\":\"https:\\\/\\\/rothschenk.de\\\/#website\"},\"primaryImageOfPage\":{\"@id\":\"https:\\\/\\\/rothschenk.de\\\/produkt\\\/kantenschutz-95x95-mm-kunststoff\\\/#primaryimage\"},\"image\":{\"@id\":\"https:\\\/\\\/rothschenk.de\\\/produkt\\\/kantenschutz-95x95-mm-kunststoff\\\/#primaryimage\"},\"thumbnailUrl\":\"https:\\\/\\\/rothschenk.de\\\/wp-content\\\/uploads\\\/2023\\\/03\\\/11736.jpg\",\"datePublished\":\"2023-02-11T22:00:31+00:00\",\"dateModified\":\"2026-04-07T08:41:13+00:00\",\"description\":\"Kantenschutz \u25b6 L\u00e4nge von 95 mm \u2713 Schenkell\u00e4ngen 95 x 95 mm \u2713 24\\\/7 \u2713 max. Gurtbandbreite 50 mm \u25b6 Bestellen bei Rothschenk!\",\"breadcrumb\":{\"@id\":\"https:\\\/\\\/rothschenk.de\\\/produkt\\\/kantenschutz-95x95-mm-kunststoff\\\/#breadcrumb\"},\"inLanguage\":\"pl-PL\",\"potentialAction\":[{\"@type\":\"ReadAction\",\"target\":[\"https:\\\/\\\/rothschenk.de\\\/produkt\\\/kantenschutz-95x95-mm-kunststoff\\\/\"]}]},{\"@type\":\"ImageObject\",\"inLanguage\":\"pl-PL\",\"@id\":\"https:\\\/\\\/rothschenk.de\\\/produkt\\\/kantenschutz-95x95-mm-kunststoff\\\/#primaryimage\",\"url\":\"https:\\\/\\\/rothschenk.de\\\/wp-content\\\/uploads\\\/2023\\\/03\\\/11736.jpg\",\"contentUrl\":\"https:\\\/\\\/rothschenk.de\\\/wp-content\\\/uploads\\\/2023\\\/03\\\/11736.jpg\",\"width\":1024,\"height\":1024,\"caption\":\"schwarzer Kantenschutzwinkel aus Kunststoff\"},{\"@type\":\"BreadcrumbList\",\"@id\":\"https:\\\/\\\/rothschenk.de\\\/produkt\\\/kantenschutz-95x95-mm-kunststoff\\\/#breadcrumb\",\"itemListElement\":[{\"@type\":\"ListItem\",\"position\":1,\"name\":\"Strona g\u0142\u00f3wna\",\"item\":\"https:\\\/\\\/rothschenk.de\\\/pl\\\/strona-glowna\\\/\"},{\"@type\":\"ListItem\",\"position\":2,\"name\":\"Shop\",\"item\":\"https:\\\/\\\/rothschenk.de\\\/shop\\\/\"},{\"@type\":\"ListItem\",\"position\":3,\"name\":\"Kantenschutz | 95&#215;95 mm | Kunststoff\"}]},{\"@type\":\"WebSite\",\"@id\":\"https:\\\/\\\/rothschenk.de\\\/#website\",\"url\":\"https:\\\/\\\/rothschenk.de\\\/\",\"name\":\"Rothschenk - Der Online Shop f\u00fcr Ladungssicherung\",\"description\":\"Der Online Shop f\u00fcr Ladungssicherung\",\"potentialAction\":[{\"@type\":\"SearchAction\",\"target\":{\"@type\":\"EntryPoint\",\"urlTemplate\":\"https:\\\/\\\/rothschenk.de\\\/?s={search_term_string}\"},\"query-input\":{\"@type\":\"PropertyValueSpecification\",\"valueRequired\":true,\"valueName\":\"search_term_string\"}}],\"inLanguage\":\"pl-PL\"}]}<\/script>\n<meta property=\"og:availability\" content=\"instock\" \/>\n<meta property=\"product:availability\" content=\"instock\" \/>\n<meta property=\"product:condition\" content=\"new\" \/>\n<!-- \/ Yoast SEO plugin. -->","yoast_head_json":{"title":"Kantenschutz | 95x95 mm | Kunststoff - Rothschenk","description":"Kantenschutz \u25b6 L\u00e4nge von 95 mm \u2713 Schenkell\u00e4ngen 95 x 95 mm \u2713 24\/7 \u2713 max. Gurtbandbreite 50 mm \u25b6 Bestellen bei Rothschenk!","robots":{"index":"index","follow":"follow","max-snippet":"max-snippet:-1","max-image-preview":"max-image-preview:large","max-video-preview":"max-video-preview:-1"},"canonical":"https:\/\/rothschenk.de\/produkt\/kantenschutz-95x95-mm-kunststoff\/","og_locale":"pl_PL","og_type":"article","og_title":"Kantenschutz | 95x95 mm | Kunststoff - Rothschenk","og_description":"Kantenschutz \u25b6 L\u00e4nge von 95 mm \u2713 Schenkell\u00e4ngen 95 x 95 mm \u2713 24\/7 \u2713 max. Gurtbandbreite 50 mm \u25b6 Bestellen bei Rothschenk!","og_url":"https:\/\/rothschenk.de\/produkt\/kantenschutz-95x95-mm-kunststoff\/","og_site_name":"Rothschenk","article_publisher":"https:\/\/de-de.facebook.com\/FirmaRothschenk\/","article_modified_time":"2026-04-07T08:41:13+00:00","og_image":[{"width":1024,"height":1024,"url":"https:\/\/rothschenk.de\/wp-content\/uploads\/2023\/03\/11736.jpg","type":"image\/jpeg"}],"twitter_card":"summary_large_image","twitter_misc":{"Dost\u0119pno\u015b\u0107":"Dost\u0119pny"},"schema":{"@context":"https:\/\/schema.org","@graph":[{"@type":"WebPage","@id":"https:\/\/rothschenk.de\/produkt\/kantenschutz-95x95-mm-kunststoff\/","url":"https:\/\/rothschenk.de\/produkt\/kantenschutz-95x95-mm-kunststoff\/","name":"Kantenschutz | 95x95 mm | Kunststoff - Rothschenk","isPartOf":{"@id":"https:\/\/rothschenk.de\/#website"},"primaryImageOfPage":{"@id":"https:\/\/rothschenk.de\/produkt\/kantenschutz-95x95-mm-kunststoff\/#primaryimage"},"image":{"@id":"https:\/\/rothschenk.de\/produkt\/kantenschutz-95x95-mm-kunststoff\/#primaryimage"},"thumbnailUrl":"https:\/\/rothschenk.de\/wp-content\/uploads\/2023\/03\/11736.jpg","datePublished":"2023-02-11T22:00:31+00:00","dateModified":"2026-04-07T08:41:13+00:00","description":"Kantenschutz \u25b6 L\u00e4nge von 95 mm \u2713 Schenkell\u00e4ngen 95 x 95 mm \u2713 24\/7 \u2713 max. Gurtbandbreite 50 mm \u25b6 Bestellen bei Rothschenk!","breadcrumb":{"@id":"https:\/\/rothschenk.de\/produkt\/kantenschutz-95x95-mm-kunststoff\/#breadcrumb"},"inLanguage":"pl-PL","potentialAction":[{"@type":"ReadAction","target":["https:\/\/rothschenk.de\/produkt\/kantenschutz-95x95-mm-kunststoff\/"]}]},{"@type":"ImageObject","inLanguage":"pl-PL","@id":"https:\/\/rothschenk.de\/produkt\/kantenschutz-95x95-mm-kunststoff\/#primaryimage","url":"https:\/\/rothschenk.de\/wp-content\/uploads\/2023\/03\/11736.jpg","contentUrl":"https:\/\/rothschenk.de\/wp-content\/uploads\/2023\/03\/11736.jpg","width":1024,"height":1024,"caption":"schwarzer Kantenschutzwinkel aus Kunststoff"},{"@type":"BreadcrumbList","@id":"https:\/\/rothschenk.de\/produkt\/kantenschutz-95x95-mm-kunststoff\/#breadcrumb","itemListElement":[{"@type":"ListItem","position":1,"name":"Strona g\u0142\u00f3wna","item":"https:\/\/rothschenk.de\/pl\/strona-glowna\/"},{"@type":"ListItem","position":2,"name":"Shop","item":"https:\/\/rothschenk.de\/shop\/"},{"@type":"ListItem","position":3,"name":"Kantenschutz | 95&#215;95 mm | Kunststoff"}]},{"@type":"WebSite","@id":"https:\/\/rothschenk.de\/#website","url":"https:\/\/rothschenk.de\/","name":"Rothschenk - Der Online Shop f\u00fcr Ladungssicherung","description":"Der Online Shop f\u00fcr Ladungssicherung","potentialAction":[{"@type":"SearchAction","target":{"@type":"EntryPoint","urlTemplate":"https:\/\/rothschenk.de\/?s={search_term_string}"},"query-input":{"@type":"PropertyValueSpecification","valueRequired":true,"valueName":"search_term_string"}}],"inLanguage":"pl-PL"}]},"og_availability":"instock","product_availability":"instock","product_condition":"new"},"_links":{"self":[{"href":"https:\/\/rothschenk.de\/pl\/wp-json\/wp\/v2\/product\/5869","targetHints":{"allow":["GET"]}}],"collection":[{"href":"https:\/\/rothschenk.de\/pl\/wp-json\/wp\/v2\/product"}],"about":[{"href":"https:\/\/rothschenk.de\/pl\/wp-json\/wp\/v2\/types\/product"}],"replies":[{"embeddable":true,"href":"https:\/\/rothschenk.de\/pl\/wp-json\/wp\/v2\/comments?post=5869"}],"wp:featuredmedia":[{"embeddable":true,"href":"https:\/\/rothschenk.de\/pl\/wp-json\/wp\/v2\/media\/21792"}],"wp:attachment":[{"href":"https:\/\/rothschenk.de\/pl\/wp-json\/wp\/v2\/media?parent=5869"}],"wp:term":[{"taxonomy":"product_brand","embeddable":true,"href":"https:\/\/rothschenk.de\/pl\/wp-json\/wp\/v2\/product_brand?post=5869"},{"taxonomy":"product_cat","embeddable":true,"href":"https:\/\/rothschenk.de\/pl\/wp-json\/wp\/v2\/product_cat?post=5869"},{"taxonomy":"product_tag","embeddable":true,"href":"https:\/\/rothschenk.de\/pl\/wp-json\/wp\/v2\/product_tag?post=5869"}],"curies":[{"name":"wp","href":"https:\/\/api.w.org\/{rel}","templated":true}]}}