{"id":5893,"date":"2023-02-11T22:00:38","date_gmt":"2023-02-11T21:00:38","guid":{"rendered":"https:\/\/rothschenk.de\/rothschenk-shop\/?post_type=product&#038;p=5893"},"modified":"2025-12-22T12:10:53","modified_gmt":"2025-12-22T11:10:53","slug":"kantenschutz-135x175-mm-kunststoff","status":"publish","type":"product","link":"https:\/\/rothschenk.de\/pl\/produkt\/kantenschutz-135x175-mm-kunststoff\/","title":{"rendered":"Kantenschutz | 135&#215;175 mm | Kunststoff"},"content":{"rendered":"<h3>Kantenschutz | 135 x 175 mm | Kunststoff<\/h3>\n<p>Unser Kantenschutzwinkel mit den Schenkell\u00e4ngen 135 x 175 mm ist flexibel einsetzbar, aber besonders f\u00fcr Papierrollen\/Papierkanten geeignet. Durch den ausgepr\u00e4gten Hohlraum dieses Kantenschutzwinkels wird die Kante entlastet und die auftretende Belastung wird auf die Fl\u00e4che umgeleitet. Er ist f\u00fcr Gurtb\u00e4nder bis zu einer Breite von 75 mm geeignet und verf\u00fcgt damit \u00fcber eine au\u00dfergew\u00f6hnlich gro\u00dfe Aufnahmefl\u00e4che. In Kombination mit einem Hohlraum als Aussparung der Warenkante und einer seitlichen Gurtf\u00fchrung ergibt sich maximaler Schutz f\u00fcr empfindliche Papierkanten.<\/p>\n<p>&nbsp;<\/p>\n<p>&nbsp;<\/p>\n","protected":false},"excerpt":{"rendered":"<p>Kantenschutz | 135 x 175 mm | Kunststoff Unser Kantenschutzwinkel mit den Schenkell\u00e4ngen 135 x 175 mm ist flexibel einsetzbar, aber besonders f\u00fcr Papierrollen\/Papierkanten geeignet. Durch den ausgepr\u00e4gten Hohlraum dieses Kantenschutzwinkels wird die Kante entlastet und die auftretende Belastung wird auf die Fl\u00e4che umgeleitet. Er ist f\u00fcr Gurtb\u00e4nder bis zu einer Breite von 75 mm [&hellip;]<\/p>\n","protected":false},"featured_media":21819,"comment_status":"open","ping_status":"closed","template":"","meta":{"_acf_changed":false},"product_brand":[],"product_cat":[73,102],"product_tag":[],"class_list":{"0":"post-5893","1":"product","2":"type-product","3":"status-publish","4":"has-post-thumbnail","6":"product_cat-kantenschutz","7":"product_cat-kunststoff","9":"first","10":"instock","11":"sale","12":"taxable","13":"shipping-taxable","14":"purchasable","15":"product-type-variable"},"acf":[],"yoast_head":"<!-- This site is optimized with the Yoast SEO plugin v27.3 - https:\/\/yoast.com\/product\/yoast-seo-wordpress\/ -->\n<title>Kantenschutz | 135x175 mm | Kunststoff - Rothschenk<\/title>\n<meta name=\"description\" content=\"Kantenschutz \u25b6 L\u00e4nge von 135mm \u2713 Schenkell\u00e4ngen 135 x 175 mm \u2713 24\/7 \u2713 max. Gurtbandbreite 75 mm \u25b6 Bestellen bei Rothschenk!\" \/>\n<meta name=\"robots\" content=\"index, follow, max-snippet:-1, max-image-preview:large, max-video-preview:-1\" \/>\n<link rel=\"canonical\" href=\"https:\/\/rothschenk.de\/produkt\/kantenschutz-135x175-mm-kunststoff\/\" \/>\n<meta property=\"og:locale\" content=\"pl_PL\" \/>\n<meta property=\"og:type\" content=\"article\" \/>\n<meta property=\"og:title\" content=\"Kantenschutz | 135x175 mm | Kunststoff - Rothschenk\" \/>\n<meta property=\"og:description\" content=\"Kantenschutz \u25b6 L\u00e4nge von 135mm \u2713 Schenkell\u00e4ngen 135 x 175 mm \u2713 24\/7 \u2713 max. Gurtbandbreite 75 mm \u25b6 Bestellen bei Rothschenk!\" \/>\n<meta property=\"og:url\" content=\"https:\/\/rothschenk.de\/produkt\/kantenschutz-135x175-mm-kunststoff\/\" \/>\n<meta property=\"og:site_name\" content=\"Rothschenk\" \/>\n<meta property=\"article:publisher\" content=\"https:\/\/de-de.facebook.com\/FirmaRothschenk\/\" \/>\n<meta property=\"article:modified_time\" content=\"2025-12-22T11:10:53+00:00\" \/>\n<meta property=\"og:image\" content=\"https:\/\/rothschenk.de\/wp-content\/uploads\/2023\/03\/17953_Kantenschutz-135x135x175.jpg\" \/>\n\t<meta property=\"og:image:width\" content=\"1024\" \/>\n\t<meta property=\"og:image:height\" content=\"1024\" \/>\n\t<meta property=\"og:image:type\" content=\"image\/jpeg\" \/>\n<meta name=\"twitter:card\" content=\"summary_large_image\" \/>\n<meta name=\"twitter:label1\" content=\"Dost\u0119pno\u015b\u0107\" \/>\n\t<meta name=\"twitter:data1\" content=\"Dost\u0119pny\" \/>\n<script type=\"application\/ld+json\" class=\"yoast-schema-graph\">{\"@context\":\"https:\\\/\\\/schema.org\",\"@graph\":[{\"@type\":\"WebPage\",\"@id\":\"https:\\\/\\\/rothschenk.de\\\/produkt\\\/kantenschutz-135x175-mm-kunststoff\\\/\",\"url\":\"https:\\\/\\\/rothschenk.de\\\/produkt\\\/kantenschutz-135x175-mm-kunststoff\\\/\",\"name\":\"Kantenschutz | 135x175 mm | Kunststoff - Rothschenk\",\"isPartOf\":{\"@id\":\"https:\\\/\\\/rothschenk.de\\\/#website\"},\"primaryImageOfPage\":{\"@id\":\"https:\\\/\\\/rothschenk.de\\\/produkt\\\/kantenschutz-135x175-mm-kunststoff\\\/#primaryimage\"},\"image\":{\"@id\":\"https:\\\/\\\/rothschenk.de\\\/produkt\\\/kantenschutz-135x175-mm-kunststoff\\\/#primaryimage\"},\"thumbnailUrl\":\"https:\\\/\\\/rothschenk.de\\\/wp-content\\\/uploads\\\/2023\\\/03\\\/17953_Kantenschutz-135x135x175.jpg\",\"datePublished\":\"2023-02-11T21:00:38+00:00\",\"dateModified\":\"2025-12-22T11:10:53+00:00\",\"description\":\"Kantenschutz \u25b6 L\u00e4nge von 135mm \u2713 Schenkell\u00e4ngen 135 x 175 mm \u2713 24\\\/7 \u2713 max. Gurtbandbreite 75 mm \u25b6 Bestellen bei Rothschenk!\",\"breadcrumb\":{\"@id\":\"https:\\\/\\\/rothschenk.de\\\/produkt\\\/kantenschutz-135x175-mm-kunststoff\\\/#breadcrumb\"},\"inLanguage\":\"pl-PL\",\"potentialAction\":[{\"@type\":\"ReadAction\",\"target\":[\"https:\\\/\\\/rothschenk.de\\\/produkt\\\/kantenschutz-135x175-mm-kunststoff\\\/\"]}]},{\"@type\":\"ImageObject\",\"inLanguage\":\"pl-PL\",\"@id\":\"https:\\\/\\\/rothschenk.de\\\/produkt\\\/kantenschutz-135x175-mm-kunststoff\\\/#primaryimage\",\"url\":\"https:\\\/\\\/rothschenk.de\\\/wp-content\\\/uploads\\\/2023\\\/03\\\/17953_Kantenschutz-135x135x175.jpg\",\"contentUrl\":\"https:\\\/\\\/rothschenk.de\\\/wp-content\\\/uploads\\\/2023\\\/03\\\/17953_Kantenschutz-135x135x175.jpg\",\"width\":1024,\"height\":1024,\"caption\":\"schwarzer Kantenschutzwinkel aus Kunststoff\"},{\"@type\":\"BreadcrumbList\",\"@id\":\"https:\\\/\\\/rothschenk.de\\\/produkt\\\/kantenschutz-135x175-mm-kunststoff\\\/#breadcrumb\",\"itemListElement\":[{\"@type\":\"ListItem\",\"position\":1,\"name\":\"Strona g\u0142\u00f3wna\",\"item\":\"https:\\\/\\\/rothschenk.de\\\/pl\\\/strona-glowna\\\/\"},{\"@type\":\"ListItem\",\"position\":2,\"name\":\"Shop\",\"item\":\"https:\\\/\\\/rothschenk.de\\\/shop\\\/\"},{\"@type\":\"ListItem\",\"position\":3,\"name\":\"Kantenschutz | 135&#215;175 mm | Kunststoff\"}]},{\"@type\":\"WebSite\",\"@id\":\"https:\\\/\\\/rothschenk.de\\\/#website\",\"url\":\"https:\\\/\\\/rothschenk.de\\\/\",\"name\":\"Rothschenk - Der Online Shop f\u00fcr Ladungssicherung\",\"description\":\"Der Online Shop f\u00fcr Ladungssicherung\",\"potentialAction\":[{\"@type\":\"SearchAction\",\"target\":{\"@type\":\"EntryPoint\",\"urlTemplate\":\"https:\\\/\\\/rothschenk.de\\\/?s={search_term_string}\"},\"query-input\":{\"@type\":\"PropertyValueSpecification\",\"valueRequired\":true,\"valueName\":\"search_term_string\"}}],\"inLanguage\":\"pl-PL\"}]}<\/script>\n<meta property=\"og:availability\" content=\"instock\" \/>\n<meta property=\"product:availability\" content=\"instock\" \/>\n<meta property=\"product:condition\" content=\"new\" \/>\n<!-- \/ Yoast SEO plugin. -->","yoast_head_json":{"title":"Kantenschutz | 135x175 mm | Kunststoff - Rothschenk","description":"Kantenschutz \u25b6 L\u00e4nge von 135mm \u2713 Schenkell\u00e4ngen 135 x 175 mm \u2713 24\/7 \u2713 max. Gurtbandbreite 75 mm \u25b6 Bestellen bei Rothschenk!","robots":{"index":"index","follow":"follow","max-snippet":"max-snippet:-1","max-image-preview":"max-image-preview:large","max-video-preview":"max-video-preview:-1"},"canonical":"https:\/\/rothschenk.de\/produkt\/kantenschutz-135x175-mm-kunststoff\/","og_locale":"pl_PL","og_type":"article","og_title":"Kantenschutz | 135x175 mm | Kunststoff - Rothschenk","og_description":"Kantenschutz \u25b6 L\u00e4nge von 135mm \u2713 Schenkell\u00e4ngen 135 x 175 mm \u2713 24\/7 \u2713 max. Gurtbandbreite 75 mm \u25b6 Bestellen bei Rothschenk!","og_url":"https:\/\/rothschenk.de\/produkt\/kantenschutz-135x175-mm-kunststoff\/","og_site_name":"Rothschenk","article_publisher":"https:\/\/de-de.facebook.com\/FirmaRothschenk\/","article_modified_time":"2025-12-22T11:10:53+00:00","og_image":[{"width":1024,"height":1024,"url":"https:\/\/rothschenk.de\/wp-content\/uploads\/2023\/03\/17953_Kantenschutz-135x135x175.jpg","type":"image\/jpeg"}],"twitter_card":"summary_large_image","twitter_misc":{"Dost\u0119pno\u015b\u0107":"Dost\u0119pny"},"schema":{"@context":"https:\/\/schema.org","@graph":[{"@type":"WebPage","@id":"https:\/\/rothschenk.de\/produkt\/kantenschutz-135x175-mm-kunststoff\/","url":"https:\/\/rothschenk.de\/produkt\/kantenschutz-135x175-mm-kunststoff\/","name":"Kantenschutz | 135x175 mm | Kunststoff - Rothschenk","isPartOf":{"@id":"https:\/\/rothschenk.de\/#website"},"primaryImageOfPage":{"@id":"https:\/\/rothschenk.de\/produkt\/kantenschutz-135x175-mm-kunststoff\/#primaryimage"},"image":{"@id":"https:\/\/rothschenk.de\/produkt\/kantenschutz-135x175-mm-kunststoff\/#primaryimage"},"thumbnailUrl":"https:\/\/rothschenk.de\/wp-content\/uploads\/2023\/03\/17953_Kantenschutz-135x135x175.jpg","datePublished":"2023-02-11T21:00:38+00:00","dateModified":"2025-12-22T11:10:53+00:00","description":"Kantenschutz \u25b6 L\u00e4nge von 135mm \u2713 Schenkell\u00e4ngen 135 x 175 mm \u2713 24\/7 \u2713 max. Gurtbandbreite 75 mm \u25b6 Bestellen bei Rothschenk!","breadcrumb":{"@id":"https:\/\/rothschenk.de\/produkt\/kantenschutz-135x175-mm-kunststoff\/#breadcrumb"},"inLanguage":"pl-PL","potentialAction":[{"@type":"ReadAction","target":["https:\/\/rothschenk.de\/produkt\/kantenschutz-135x175-mm-kunststoff\/"]}]},{"@type":"ImageObject","inLanguage":"pl-PL","@id":"https:\/\/rothschenk.de\/produkt\/kantenschutz-135x175-mm-kunststoff\/#primaryimage","url":"https:\/\/rothschenk.de\/wp-content\/uploads\/2023\/03\/17953_Kantenschutz-135x135x175.jpg","contentUrl":"https:\/\/rothschenk.de\/wp-content\/uploads\/2023\/03\/17953_Kantenschutz-135x135x175.jpg","width":1024,"height":1024,"caption":"schwarzer Kantenschutzwinkel aus Kunststoff"},{"@type":"BreadcrumbList","@id":"https:\/\/rothschenk.de\/produkt\/kantenschutz-135x175-mm-kunststoff\/#breadcrumb","itemListElement":[{"@type":"ListItem","position":1,"name":"Strona g\u0142\u00f3wna","item":"https:\/\/rothschenk.de\/pl\/strona-glowna\/"},{"@type":"ListItem","position":2,"name":"Shop","item":"https:\/\/rothschenk.de\/shop\/"},{"@type":"ListItem","position":3,"name":"Kantenschutz | 135&#215;175 mm | Kunststoff"}]},{"@type":"WebSite","@id":"https:\/\/rothschenk.de\/#website","url":"https:\/\/rothschenk.de\/","name":"Rothschenk - Der Online Shop f\u00fcr Ladungssicherung","description":"Der Online Shop f\u00fcr Ladungssicherung","potentialAction":[{"@type":"SearchAction","target":{"@type":"EntryPoint","urlTemplate":"https:\/\/rothschenk.de\/?s={search_term_string}"},"query-input":{"@type":"PropertyValueSpecification","valueRequired":true,"valueName":"search_term_string"}}],"inLanguage":"pl-PL"}]},"og_availability":"instock","product_availability":"instock","product_condition":"new"},"_links":{"self":[{"href":"https:\/\/rothschenk.de\/pl\/wp-json\/wp\/v2\/product\/5893","targetHints":{"allow":["GET"]}}],"collection":[{"href":"https:\/\/rothschenk.de\/pl\/wp-json\/wp\/v2\/product"}],"about":[{"href":"https:\/\/rothschenk.de\/pl\/wp-json\/wp\/v2\/types\/product"}],"replies":[{"embeddable":true,"href":"https:\/\/rothschenk.de\/pl\/wp-json\/wp\/v2\/comments?post=5893"}],"wp:featuredmedia":[{"embeddable":true,"href":"https:\/\/rothschenk.de\/pl\/wp-json\/wp\/v2\/media\/21819"}],"wp:attachment":[{"href":"https:\/\/rothschenk.de\/pl\/wp-json\/wp\/v2\/media?parent=5893"}],"wp:term":[{"taxonomy":"product_brand","embeddable":true,"href":"https:\/\/rothschenk.de\/pl\/wp-json\/wp\/v2\/product_brand?post=5893"},{"taxonomy":"product_cat","embeddable":true,"href":"https:\/\/rothschenk.de\/pl\/wp-json\/wp\/v2\/product_cat?post=5893"},{"taxonomy":"product_tag","embeddable":true,"href":"https:\/\/rothschenk.de\/pl\/wp-json\/wp\/v2\/product_tag?post=5893"}],"curies":[{"name":"wp","href":"https:\/\/api.w.org\/{rel}","templated":true}]}}