{"id":6234,"date":"2023-06-18T23:00:11","date_gmt":"2023-06-18T21:00:11","guid":{"rendered":"https:\/\/rothschenk.de\/rothschenk-shop\/?post_type=product&#038;p=6234"},"modified":"2026-04-01T08:48:34","modified_gmt":"2026-04-01T06:48:34","slug":"gurtband-32-mm-sackware-a-250-m","status":"publish","type":"product","link":"https:\/\/rothschenk.de\/pl\/produkt\/gurtband-32-mm-sackware-a-250-m\/","title":{"rendered":"Gurtband 32 mm | Sackware mit 250 m"},"content":{"rendered":"<h3>White Lash Gurtband\/ Lashband 32 mm | Sackware mit 250 m<\/h3>\n<p>Mit unserem Gurtband als Meterware sind Sie maximal flexibel bei der Gestaltung Ihrer Ladungssicherung. Das Einweg-Gurtband ist eine g\u00fcnstige Alternative zu den klassischen Mehrwegsystemen und anpassbar f\u00fcr jedes Verladeschema. Schneiden Sie das Gurtband (auch Lashband genannt) am besten mit einer Gurtbandschere auf das richtige Ma\u00df zu und verschlie\u00dfen Sie es danach mit den passenden Gurtschnallen.<\/p>\n<p>Unser White Lash Gurtband ist zertifiziert von der T\u00dcV Rheinland Akademie, CTU Code konform und geeignet f\u00fcr Container, Eisenbahnwaggons oder z.B. Flat Racks.<\/p>\n<p>Das Gurtband ist in verschiedenen Breiten und L\u00e4ngen erh\u00e4ltlich. Kombinieren Sie es unbedingt mit den jeweils passenden Verschl\u00fcssen (siehe technische Daten).<\/p>\n<p>Die Kombination aus Gurtband 32 mm und <a href=\"https:\/\/rothschenk.de\/produkt\/gurtschnalle-owb-3516-p\/\">Gurtschnalle 3516 DF<\/a> erreicht in der Umreifung eine Systemfestigkeit von 2.820 daN.<\/p>\n","protected":false},"excerpt":{"rendered":"<p>White Lash Gurtband\/ Lashband 32 mm | Sackware mit 250 m Mit unserem Gurtband als Meterware sind Sie maximal flexibel bei der Gestaltung Ihrer Ladungssicherung. Das Einweg-Gurtband ist eine g\u00fcnstige Alternative zu den klassischen Mehrwegsystemen und anpassbar f\u00fcr jedes Verladeschema. Schneiden Sie das Gurtband (auch Lashband genannt) am besten mit einer Gurtbandschere auf das richtige [&hellip;]<\/p>\n","protected":false},"featured_media":21054,"comment_status":"open","ping_status":"closed","template":"","meta":{"_acf_changed":false},"product_brand":[],"product_cat":[56,104],"product_tag":[],"class_list":{"0":"post-6234","1":"product","2":"type-product","3":"status-publish","4":"has-post-thumbnail","6":"product_cat-gurtband","7":"product_cat-lashing","9":"first","10":"instock","11":"sale","12":"taxable","13":"shipping-taxable","14":"purchasable","15":"product-type-variable"},"acf":[],"yoast_head":"<!-- This site is optimized with the Yoast SEO plugin v27.3 - https:\/\/yoast.com\/product\/yoast-seo-wordpress\/ -->\n<title>Gurtband 32 mm | Sackware mit 250 m - Rothschenk<\/title>\n<meta name=\"description\" content=\"Das Rothschenk-Gurtband: Die kosteng\u00fcnstige und zuverl\u00e4ssige M\u00f6glichkeit, Ihre Ware im Container zu sichern. \u25b6 Jetzt bestellen!\" \/>\n<meta name=\"robots\" content=\"index, follow, max-snippet:-1, max-image-preview:large, max-video-preview:-1\" \/>\n<link rel=\"canonical\" href=\"https:\/\/rothschenk.de\/produkt\/gurtband-32-mm-sackware-a-250-m\/\" \/>\n<meta property=\"og:locale\" content=\"pl_PL\" \/>\n<meta property=\"og:type\" content=\"article\" \/>\n<meta property=\"og:title\" content=\"Gurtband 32 mm | Sackware mit 250 m - Rothschenk\" \/>\n<meta property=\"og:description\" content=\"Das Rothschenk-Gurtband: Die kosteng\u00fcnstige und zuverl\u00e4ssige M\u00f6glichkeit, Ihre Ware im Container zu sichern. \u25b6 Jetzt bestellen!\" \/>\n<meta property=\"og:url\" content=\"https:\/\/rothschenk.de\/produkt\/gurtband-32-mm-sackware-a-250-m\/\" \/>\n<meta property=\"og:site_name\" content=\"Rothschenk\" \/>\n<meta property=\"article:publisher\" content=\"https:\/\/de-de.facebook.com\/FirmaRothschenk\/\" \/>\n<meta property=\"article:modified_time\" content=\"2026-04-01T06:48:34+00:00\" \/>\n<meta property=\"og:image\" content=\"https:\/\/rothschenk.de\/wp-content\/uploads\/2023\/04\/Gurtband-Sackware-allgemein.jpg\" \/>\n\t<meta property=\"og:image:width\" content=\"1024\" \/>\n\t<meta property=\"og:image:height\" content=\"1024\" \/>\n\t<meta property=\"og:image:type\" content=\"image\/jpeg\" \/>\n<meta name=\"twitter:card\" content=\"summary_large_image\" \/>\n<meta name=\"twitter:label1\" content=\"Dost\u0119pno\u015b\u0107\" \/>\n\t<meta name=\"twitter:data1\" content=\"Dost\u0119pny\" \/>\n<script type=\"application\/ld+json\" class=\"yoast-schema-graph\">{\"@context\":\"https:\\\/\\\/schema.org\",\"@graph\":[{\"@type\":\"WebPage\",\"@id\":\"https:\\\/\\\/rothschenk.de\\\/produkt\\\/gurtband-32-mm-sackware-a-250-m\\\/\",\"url\":\"https:\\\/\\\/rothschenk.de\\\/produkt\\\/gurtband-32-mm-sackware-a-250-m\\\/\",\"name\":\"Gurtband 32 mm | Sackware mit 250 m - Rothschenk\",\"isPartOf\":{\"@id\":\"https:\\\/\\\/rothschenk.de\\\/#website\"},\"primaryImageOfPage\":{\"@id\":\"https:\\\/\\\/rothschenk.de\\\/produkt\\\/gurtband-32-mm-sackware-a-250-m\\\/#primaryimage\"},\"image\":{\"@id\":\"https:\\\/\\\/rothschenk.de\\\/produkt\\\/gurtband-32-mm-sackware-a-250-m\\\/#primaryimage\"},\"thumbnailUrl\":\"https:\\\/\\\/rothschenk.de\\\/wp-content\\\/uploads\\\/2023\\\/04\\\/Gurtband-Sackware-allgemein.jpg\",\"datePublished\":\"2023-06-18T21:00:11+00:00\",\"dateModified\":\"2026-04-01T06:48:34+00:00\",\"description\":\"Das Rothschenk-Gurtband: Die kosteng\u00fcnstige und zuverl\u00e4ssige M\u00f6glichkeit, Ihre Ware im Container zu sichern. \u25b6 Jetzt bestellen!\",\"breadcrumb\":{\"@id\":\"https:\\\/\\\/rothschenk.de\\\/produkt\\\/gurtband-32-mm-sackware-a-250-m\\\/#breadcrumb\"},\"inLanguage\":\"pl-PL\",\"potentialAction\":[{\"@type\":\"ReadAction\",\"target\":[\"https:\\\/\\\/rothschenk.de\\\/produkt\\\/gurtband-32-mm-sackware-a-250-m\\\/\"]}]},{\"@type\":\"ImageObject\",\"inLanguage\":\"pl-PL\",\"@id\":\"https:\\\/\\\/rothschenk.de\\\/produkt\\\/gurtband-32-mm-sackware-a-250-m\\\/#primaryimage\",\"url\":\"https:\\\/\\\/rothschenk.de\\\/wp-content\\\/uploads\\\/2023\\\/04\\\/Gurtband-Sackware-allgemein.jpg\",\"contentUrl\":\"https:\\\/\\\/rothschenk.de\\\/wp-content\\\/uploads\\\/2023\\\/04\\\/Gurtband-Sackware-allgemein.jpg\",\"width\":1024,\"height\":1024,\"caption\":\"Gurtband Sackware\"},{\"@type\":\"BreadcrumbList\",\"@id\":\"https:\\\/\\\/rothschenk.de\\\/produkt\\\/gurtband-32-mm-sackware-a-250-m\\\/#breadcrumb\",\"itemListElement\":[{\"@type\":\"ListItem\",\"position\":1,\"name\":\"Strona g\u0142\u00f3wna\",\"item\":\"https:\\\/\\\/rothschenk.de\\\/pl\\\/strona-glowna\\\/\"},{\"@type\":\"ListItem\",\"position\":2,\"name\":\"Shop\",\"item\":\"https:\\\/\\\/rothschenk.de\\\/shop\\\/\"},{\"@type\":\"ListItem\",\"position\":3,\"name\":\"Gurtband 32 mm | Sackware mit 250 m\"}]},{\"@type\":\"WebSite\",\"@id\":\"https:\\\/\\\/rothschenk.de\\\/#website\",\"url\":\"https:\\\/\\\/rothschenk.de\\\/\",\"name\":\"Rothschenk - Der Online Shop f\u00fcr Ladungssicherung\",\"description\":\"Der Online Shop f\u00fcr Ladungssicherung\",\"potentialAction\":[{\"@type\":\"SearchAction\",\"target\":{\"@type\":\"EntryPoint\",\"urlTemplate\":\"https:\\\/\\\/rothschenk.de\\\/?s={search_term_string}\"},\"query-input\":{\"@type\":\"PropertyValueSpecification\",\"valueRequired\":true,\"valueName\":\"search_term_string\"}}],\"inLanguage\":\"pl-PL\"}]}<\/script>\n<meta property=\"og:availability\" content=\"instock\" \/>\n<meta property=\"product:availability\" content=\"instock\" \/>\n<meta property=\"product:condition\" content=\"new\" \/>\n<!-- \/ Yoast SEO plugin. -->","yoast_head_json":{"title":"Gurtband 32 mm | Sackware mit 250 m - Rothschenk","description":"Das Rothschenk-Gurtband: Die kosteng\u00fcnstige und zuverl\u00e4ssige M\u00f6glichkeit, Ihre Ware im Container zu sichern. \u25b6 Jetzt bestellen!","robots":{"index":"index","follow":"follow","max-snippet":"max-snippet:-1","max-image-preview":"max-image-preview:large","max-video-preview":"max-video-preview:-1"},"canonical":"https:\/\/rothschenk.de\/produkt\/gurtband-32-mm-sackware-a-250-m\/","og_locale":"pl_PL","og_type":"article","og_title":"Gurtband 32 mm | Sackware mit 250 m - Rothschenk","og_description":"Das Rothschenk-Gurtband: Die kosteng\u00fcnstige und zuverl\u00e4ssige M\u00f6glichkeit, Ihre Ware im Container zu sichern. \u25b6 Jetzt bestellen!","og_url":"https:\/\/rothschenk.de\/produkt\/gurtband-32-mm-sackware-a-250-m\/","og_site_name":"Rothschenk","article_publisher":"https:\/\/de-de.facebook.com\/FirmaRothschenk\/","article_modified_time":"2026-04-01T06:48:34+00:00","og_image":[{"width":1024,"height":1024,"url":"https:\/\/rothschenk.de\/wp-content\/uploads\/2023\/04\/Gurtband-Sackware-allgemein.jpg","type":"image\/jpeg"}],"twitter_card":"summary_large_image","twitter_misc":{"Dost\u0119pno\u015b\u0107":"Dost\u0119pny"},"schema":{"@context":"https:\/\/schema.org","@graph":[{"@type":"WebPage","@id":"https:\/\/rothschenk.de\/produkt\/gurtband-32-mm-sackware-a-250-m\/","url":"https:\/\/rothschenk.de\/produkt\/gurtband-32-mm-sackware-a-250-m\/","name":"Gurtband 32 mm | Sackware mit 250 m - Rothschenk","isPartOf":{"@id":"https:\/\/rothschenk.de\/#website"},"primaryImageOfPage":{"@id":"https:\/\/rothschenk.de\/produkt\/gurtband-32-mm-sackware-a-250-m\/#primaryimage"},"image":{"@id":"https:\/\/rothschenk.de\/produkt\/gurtband-32-mm-sackware-a-250-m\/#primaryimage"},"thumbnailUrl":"https:\/\/rothschenk.de\/wp-content\/uploads\/2023\/04\/Gurtband-Sackware-allgemein.jpg","datePublished":"2023-06-18T21:00:11+00:00","dateModified":"2026-04-01T06:48:34+00:00","description":"Das Rothschenk-Gurtband: Die kosteng\u00fcnstige und zuverl\u00e4ssige M\u00f6glichkeit, Ihre Ware im Container zu sichern. \u25b6 Jetzt bestellen!","breadcrumb":{"@id":"https:\/\/rothschenk.de\/produkt\/gurtband-32-mm-sackware-a-250-m\/#breadcrumb"},"inLanguage":"pl-PL","potentialAction":[{"@type":"ReadAction","target":["https:\/\/rothschenk.de\/produkt\/gurtband-32-mm-sackware-a-250-m\/"]}]},{"@type":"ImageObject","inLanguage":"pl-PL","@id":"https:\/\/rothschenk.de\/produkt\/gurtband-32-mm-sackware-a-250-m\/#primaryimage","url":"https:\/\/rothschenk.de\/wp-content\/uploads\/2023\/04\/Gurtband-Sackware-allgemein.jpg","contentUrl":"https:\/\/rothschenk.de\/wp-content\/uploads\/2023\/04\/Gurtband-Sackware-allgemein.jpg","width":1024,"height":1024,"caption":"Gurtband Sackware"},{"@type":"BreadcrumbList","@id":"https:\/\/rothschenk.de\/produkt\/gurtband-32-mm-sackware-a-250-m\/#breadcrumb","itemListElement":[{"@type":"ListItem","position":1,"name":"Strona g\u0142\u00f3wna","item":"https:\/\/rothschenk.de\/pl\/strona-glowna\/"},{"@type":"ListItem","position":2,"name":"Shop","item":"https:\/\/rothschenk.de\/shop\/"},{"@type":"ListItem","position":3,"name":"Gurtband 32 mm | Sackware mit 250 m"}]},{"@type":"WebSite","@id":"https:\/\/rothschenk.de\/#website","url":"https:\/\/rothschenk.de\/","name":"Rothschenk - Der Online Shop f\u00fcr Ladungssicherung","description":"Der Online Shop f\u00fcr Ladungssicherung","potentialAction":[{"@type":"SearchAction","target":{"@type":"EntryPoint","urlTemplate":"https:\/\/rothschenk.de\/?s={search_term_string}"},"query-input":{"@type":"PropertyValueSpecification","valueRequired":true,"valueName":"search_term_string"}}],"inLanguage":"pl-PL"}]},"og_availability":"instock","product_availability":"instock","product_condition":"new"},"_links":{"self":[{"href":"https:\/\/rothschenk.de\/pl\/wp-json\/wp\/v2\/product\/6234","targetHints":{"allow":["GET"]}}],"collection":[{"href":"https:\/\/rothschenk.de\/pl\/wp-json\/wp\/v2\/product"}],"about":[{"href":"https:\/\/rothschenk.de\/pl\/wp-json\/wp\/v2\/types\/product"}],"replies":[{"embeddable":true,"href":"https:\/\/rothschenk.de\/pl\/wp-json\/wp\/v2\/comments?post=6234"}],"wp:featuredmedia":[{"embeddable":true,"href":"https:\/\/rothschenk.de\/pl\/wp-json\/wp\/v2\/media\/21054"}],"wp:attachment":[{"href":"https:\/\/rothschenk.de\/pl\/wp-json\/wp\/v2\/media?parent=6234"}],"wp:term":[{"taxonomy":"product_brand","embeddable":true,"href":"https:\/\/rothschenk.de\/pl\/wp-json\/wp\/v2\/product_brand?post=6234"},{"taxonomy":"product_cat","embeddable":true,"href":"https:\/\/rothschenk.de\/pl\/wp-json\/wp\/v2\/product_cat?post=6234"},{"taxonomy":"product_tag","embeddable":true,"href":"https:\/\/rothschenk.de\/pl\/wp-json\/wp\/v2\/product_tag?post=6234"}],"curies":[{"name":"wp","href":"https:\/\/api.w.org\/{rel}","templated":true}]}}