{"id":7137,"date":"2023-06-17T21:00:44","date_gmt":"2023-06-17T19:00:44","guid":{"rendered":"https:\/\/rothschenk.de\/rothschenk-shop\/?post_type=product&#038;p=7137"},"modified":"2026-03-24T11:57:05","modified_gmt":"2026-03-24T10:57:05","slug":"gurtschnalle-owb-4030-df","status":"publish","type":"product","link":"https:\/\/rothschenk.de\/pl\/produkt\/gurtschnalle-owb-4030-df\/","title":{"rendered":"Gurtschnalle | OWB 4030 DF"},"content":{"rendered":"<h3>Gurtschnalle | OWB 4030 DF<\/h3>\n<p>Gurtschnallen sind ein unverzichtbarer Bestandteil von Lashingsystemen und dienen dazu, Gurtb\u00e4nder sicher zu verschlie\u00dfen. Dabei ist es wichtig, dass die Gurtschnallen auf die richtige Gurtbandbreite angepasst werden, um ein Verrutschen oder ein Versagen der Sicherung zu verhindern. Beim Auswahlprozess der passenden Gurtschnalle sind das Ladungsgewicht sowie die Gurtbandbreiten zu ber\u00fccksichtigen, um eine sichere und zuverl\u00e4ssige Befestigung zu gew\u00e4hrleisten.<\/p>\n<p>Die Kr\u00e4fte, die w\u00e4hrend des Transports auf Gurtschnallen wirken, sind enorm hoch. Die Qualit\u00e4t der Verschl\u00fcsse kann somit dar\u00fcber entscheiden, ob Ihre Ware sicher ihr Ziel erreicht. Unsere Gurtschnallen sind speziell f\u00fcr den anspruchsvollen Einsatz in der Ladungssicherung entwickelt worden und bieten h\u00f6chste Zuverl\u00e4ssigkeit und Sicherheit.<\/p>\n<p>Mit einer Belastbarkeit von bis zu 3.000 daN und der perfekten Anpassung an Gurtb\u00e4nder bis zu einer Breite von 40 mm ist diese Gurtschnalle die ideale Wahl f\u00fcr Containerlashings und andere Lashing-Anwendungen.<\/p>\n","protected":false},"excerpt":{"rendered":"<p>Gurtschnalle | OWB 4030 DF Gurtschnallen sind ein unverzichtbarer Bestandteil von Lashingsystemen und dienen dazu, Gurtb\u00e4nder sicher zu verschlie\u00dfen. Dabei ist es wichtig, dass die Gurtschnallen auf die richtige Gurtbandbreite angepasst werden, um ein Verrutschen oder ein Versagen der Sicherung zu verhindern. Beim Auswahlprozess der passenden Gurtschnalle sind das Ladungsgewicht sowie die Gurtbandbreiten zu ber\u00fccksichtigen, [&hellip;]<\/p>\n","protected":false},"featured_media":33544,"comment_status":"open","ping_status":"closed","template":"","meta":{"_acf_changed":false},"product_brand":[],"product_cat":[104,57],"product_tag":[],"class_list":{"0":"post-7137","1":"product","2":"type-product","3":"status-publish","4":"has-post-thumbnail","6":"product_cat-lashing","7":"product_cat-verschluesse-haken","9":"first","10":"onbackorder","11":"sale","12":"taxable","13":"shipping-taxable","14":"purchasable","15":"product-type-variable"},"acf":[],"yoast_head":"<!-- This site is optimized with the Yoast SEO plugin v27.3 - https:\/\/yoast.com\/product\/yoast-seo-wordpress\/ -->\n<title>Gurtschnalle | OWB 4030 DF - Rothschenk<\/title>\n<meta name=\"description\" content=\"Gurtschnalle OWB 4030 DF - leicht anzubringen \u2714 Hochfester Stahl \u2714 erh\u00f6ht Leistungsf\u00e4higkeit Lashingsystem \u2714 zus\u00e4tzlicher Schutz \u00bb Jetzt online bestellen!\" \/>\n<meta name=\"robots\" content=\"index, follow, max-snippet:-1, max-image-preview:large, max-video-preview:-1\" \/>\n<link rel=\"canonical\" href=\"https:\/\/rothschenk.de\/produkt\/gurtschnalle-owb-4030-df\/\" \/>\n<meta property=\"og:locale\" content=\"pl_PL\" \/>\n<meta property=\"og:type\" content=\"article\" \/>\n<meta property=\"og:title\" content=\"Gurtschnalle | OWB 4030 DF - Rothschenk\" \/>\n<meta property=\"og:description\" content=\"Gurtschnalle OWB 4030 DF - leicht anzubringen \u2714 Hochfester Stahl \u2714 erh\u00f6ht Leistungsf\u00e4higkeit Lashingsystem \u2714 zus\u00e4tzlicher Schutz \u00bb Jetzt online bestellen!\" \/>\n<meta property=\"og:url\" content=\"https:\/\/rothschenk.de\/produkt\/gurtschnalle-owb-4030-df\/\" \/>\n<meta property=\"og:site_name\" content=\"Rothschenk\" \/>\n<meta property=\"article:publisher\" content=\"https:\/\/de-de.facebook.com\/FirmaRothschenk\/\" \/>\n<meta property=\"article:modified_time\" content=\"2026-03-24T10:57:05+00:00\" \/>\n<meta property=\"og:image\" content=\"https:\/\/rothschenk.de\/wp-content\/uploads\/2023\/09\/25234_Gurtschnalle-4030-3.jpg\" \/>\n\t<meta property=\"og:image:width\" content=\"1024\" \/>\n\t<meta property=\"og:image:height\" content=\"1024\" \/>\n\t<meta property=\"og:image:type\" content=\"image\/jpeg\" \/>\n<meta name=\"twitter:card\" content=\"summary_large_image\" \/>\n<meta name=\"twitter:label1\" content=\"Dost\u0119pno\u015b\u0107\" \/>\n\t<meta name=\"twitter:data1\" content=\"Na zam\u00f3wienie\" \/>\n<script type=\"application\/ld+json\" class=\"yoast-schema-graph\">{\"@context\":\"https:\\\/\\\/schema.org\",\"@graph\":[{\"@type\":\"WebPage\",\"@id\":\"https:\\\/\\\/rothschenk.de\\\/produkt\\\/gurtschnalle-owb-4030-df\\\/\",\"url\":\"https:\\\/\\\/rothschenk.de\\\/produkt\\\/gurtschnalle-owb-4030-df\\\/\",\"name\":\"Gurtschnalle | OWB 4030 DF - Rothschenk\",\"isPartOf\":{\"@id\":\"https:\\\/\\\/rothschenk.de\\\/#website\"},\"primaryImageOfPage\":{\"@id\":\"https:\\\/\\\/rothschenk.de\\\/produkt\\\/gurtschnalle-owb-4030-df\\\/#primaryimage\"},\"image\":{\"@id\":\"https:\\\/\\\/rothschenk.de\\\/produkt\\\/gurtschnalle-owb-4030-df\\\/#primaryimage\"},\"thumbnailUrl\":\"https:\\\/\\\/rothschenk.de\\\/wp-content\\\/uploads\\\/2023\\\/09\\\/25234_Gurtschnalle-4030-3.jpg\",\"datePublished\":\"2023-06-17T19:00:44+00:00\",\"dateModified\":\"2026-03-24T10:57:05+00:00\",\"description\":\"Gurtschnalle OWB 4030 DF - leicht anzubringen \u2714 Hochfester Stahl \u2714 erh\u00f6ht Leistungsf\u00e4higkeit Lashingsystem \u2714 zus\u00e4tzlicher Schutz \u00bb Jetzt online bestellen!\",\"breadcrumb\":{\"@id\":\"https:\\\/\\\/rothschenk.de\\\/produkt\\\/gurtschnalle-owb-4030-df\\\/#breadcrumb\"},\"inLanguage\":\"pl-PL\",\"potentialAction\":[{\"@type\":\"ReadAction\",\"target\":[\"https:\\\/\\\/rothschenk.de\\\/produkt\\\/gurtschnalle-owb-4030-df\\\/\"]}]},{\"@type\":\"ImageObject\",\"inLanguage\":\"pl-PL\",\"@id\":\"https:\\\/\\\/rothschenk.de\\\/produkt\\\/gurtschnalle-owb-4030-df\\\/#primaryimage\",\"url\":\"https:\\\/\\\/rothschenk.de\\\/wp-content\\\/uploads\\\/2023\\\/09\\\/25234_Gurtschnalle-4030-3.jpg\",\"contentUrl\":\"https:\\\/\\\/rothschenk.de\\\/wp-content\\\/uploads\\\/2023\\\/09\\\/25234_Gurtschnalle-4030-3.jpg\",\"width\":1024,\"height\":1024,\"caption\":\"Gurtschnalle\"},{\"@type\":\"BreadcrumbList\",\"@id\":\"https:\\\/\\\/rothschenk.de\\\/produkt\\\/gurtschnalle-owb-4030-df\\\/#breadcrumb\",\"itemListElement\":[{\"@type\":\"ListItem\",\"position\":1,\"name\":\"Strona g\u0142\u00f3wna\",\"item\":\"https:\\\/\\\/rothschenk.de\\\/pl\\\/strona-glowna\\\/\"},{\"@type\":\"ListItem\",\"position\":2,\"name\":\"Shop\",\"item\":\"https:\\\/\\\/rothschenk.de\\\/shop\\\/\"},{\"@type\":\"ListItem\",\"position\":3,\"name\":\"Gurtschnalle | OWB 4030 DF\"}]},{\"@type\":\"WebSite\",\"@id\":\"https:\\\/\\\/rothschenk.de\\\/#website\",\"url\":\"https:\\\/\\\/rothschenk.de\\\/\",\"name\":\"Rothschenk - Der Online Shop f\u00fcr Ladungssicherung\",\"description\":\"Der Online Shop f\u00fcr Ladungssicherung\",\"potentialAction\":[{\"@type\":\"SearchAction\",\"target\":{\"@type\":\"EntryPoint\",\"urlTemplate\":\"https:\\\/\\\/rothschenk.de\\\/?s={search_term_string}\"},\"query-input\":{\"@type\":\"PropertyValueSpecification\",\"valueRequired\":true,\"valueName\":\"search_term_string\"}}],\"inLanguage\":\"pl-PL\"}]}<\/script>\n<meta property=\"og:availability\" content=\"backorder\" \/>\n<meta property=\"product:availability\" content=\"available for order\" \/>\n<meta property=\"product:condition\" content=\"new\" \/>\n<!-- \/ Yoast SEO plugin. -->","yoast_head_json":{"title":"Gurtschnalle | OWB 4030 DF - Rothschenk","description":"Gurtschnalle OWB 4030 DF - leicht anzubringen \u2714 Hochfester Stahl \u2714 erh\u00f6ht Leistungsf\u00e4higkeit Lashingsystem \u2714 zus\u00e4tzlicher Schutz \u00bb Jetzt online bestellen!","robots":{"index":"index","follow":"follow","max-snippet":"max-snippet:-1","max-image-preview":"max-image-preview:large","max-video-preview":"max-video-preview:-1"},"canonical":"https:\/\/rothschenk.de\/produkt\/gurtschnalle-owb-4030-df\/","og_locale":"pl_PL","og_type":"article","og_title":"Gurtschnalle | OWB 4030 DF - Rothschenk","og_description":"Gurtschnalle OWB 4030 DF - leicht anzubringen \u2714 Hochfester Stahl \u2714 erh\u00f6ht Leistungsf\u00e4higkeit Lashingsystem \u2714 zus\u00e4tzlicher Schutz \u00bb Jetzt online bestellen!","og_url":"https:\/\/rothschenk.de\/produkt\/gurtschnalle-owb-4030-df\/","og_site_name":"Rothschenk","article_publisher":"https:\/\/de-de.facebook.com\/FirmaRothschenk\/","article_modified_time":"2026-03-24T10:57:05+00:00","og_image":[{"width":1024,"height":1024,"url":"https:\/\/rothschenk.de\/wp-content\/uploads\/2023\/09\/25234_Gurtschnalle-4030-3.jpg","type":"image\/jpeg"}],"twitter_card":"summary_large_image","twitter_misc":{"Dost\u0119pno\u015b\u0107":"Na zam\u00f3wienie"},"schema":{"@context":"https:\/\/schema.org","@graph":[{"@type":"WebPage","@id":"https:\/\/rothschenk.de\/produkt\/gurtschnalle-owb-4030-df\/","url":"https:\/\/rothschenk.de\/produkt\/gurtschnalle-owb-4030-df\/","name":"Gurtschnalle | OWB 4030 DF - Rothschenk","isPartOf":{"@id":"https:\/\/rothschenk.de\/#website"},"primaryImageOfPage":{"@id":"https:\/\/rothschenk.de\/produkt\/gurtschnalle-owb-4030-df\/#primaryimage"},"image":{"@id":"https:\/\/rothschenk.de\/produkt\/gurtschnalle-owb-4030-df\/#primaryimage"},"thumbnailUrl":"https:\/\/rothschenk.de\/wp-content\/uploads\/2023\/09\/25234_Gurtschnalle-4030-3.jpg","datePublished":"2023-06-17T19:00:44+00:00","dateModified":"2026-03-24T10:57:05+00:00","description":"Gurtschnalle OWB 4030 DF - leicht anzubringen \u2714 Hochfester Stahl \u2714 erh\u00f6ht Leistungsf\u00e4higkeit Lashingsystem \u2714 zus\u00e4tzlicher Schutz \u00bb Jetzt online bestellen!","breadcrumb":{"@id":"https:\/\/rothschenk.de\/produkt\/gurtschnalle-owb-4030-df\/#breadcrumb"},"inLanguage":"pl-PL","potentialAction":[{"@type":"ReadAction","target":["https:\/\/rothschenk.de\/produkt\/gurtschnalle-owb-4030-df\/"]}]},{"@type":"ImageObject","inLanguage":"pl-PL","@id":"https:\/\/rothschenk.de\/produkt\/gurtschnalle-owb-4030-df\/#primaryimage","url":"https:\/\/rothschenk.de\/wp-content\/uploads\/2023\/09\/25234_Gurtschnalle-4030-3.jpg","contentUrl":"https:\/\/rothschenk.de\/wp-content\/uploads\/2023\/09\/25234_Gurtschnalle-4030-3.jpg","width":1024,"height":1024,"caption":"Gurtschnalle"},{"@type":"BreadcrumbList","@id":"https:\/\/rothschenk.de\/produkt\/gurtschnalle-owb-4030-df\/#breadcrumb","itemListElement":[{"@type":"ListItem","position":1,"name":"Strona g\u0142\u00f3wna","item":"https:\/\/rothschenk.de\/pl\/strona-glowna\/"},{"@type":"ListItem","position":2,"name":"Shop","item":"https:\/\/rothschenk.de\/shop\/"},{"@type":"ListItem","position":3,"name":"Gurtschnalle | OWB 4030 DF"}]},{"@type":"WebSite","@id":"https:\/\/rothschenk.de\/#website","url":"https:\/\/rothschenk.de\/","name":"Rothschenk - Der Online Shop f\u00fcr Ladungssicherung","description":"Der Online Shop f\u00fcr Ladungssicherung","potentialAction":[{"@type":"SearchAction","target":{"@type":"EntryPoint","urlTemplate":"https:\/\/rothschenk.de\/?s={search_term_string}"},"query-input":{"@type":"PropertyValueSpecification","valueRequired":true,"valueName":"search_term_string"}}],"inLanguage":"pl-PL"}]},"og_availability":"backorder","product_availability":"available for order","product_condition":"new"},"_links":{"self":[{"href":"https:\/\/rothschenk.de\/pl\/wp-json\/wp\/v2\/product\/7137","targetHints":{"allow":["GET"]}}],"collection":[{"href":"https:\/\/rothschenk.de\/pl\/wp-json\/wp\/v2\/product"}],"about":[{"href":"https:\/\/rothschenk.de\/pl\/wp-json\/wp\/v2\/types\/product"}],"replies":[{"embeddable":true,"href":"https:\/\/rothschenk.de\/pl\/wp-json\/wp\/v2\/comments?post=7137"}],"wp:featuredmedia":[{"embeddable":true,"href":"https:\/\/rothschenk.de\/pl\/wp-json\/wp\/v2\/media\/33544"}],"wp:attachment":[{"href":"https:\/\/rothschenk.de\/pl\/wp-json\/wp\/v2\/media?parent=7137"}],"wp:term":[{"taxonomy":"product_brand","embeddable":true,"href":"https:\/\/rothschenk.de\/pl\/wp-json\/wp\/v2\/product_brand?post=7137"},{"taxonomy":"product_cat","embeddable":true,"href":"https:\/\/rothschenk.de\/pl\/wp-json\/wp\/v2\/product_cat?post=7137"},{"taxonomy":"product_tag","embeddable":true,"href":"https:\/\/rothschenk.de\/pl\/wp-json\/wp\/v2\/product_tag?post=7137"}],"curies":[{"name":"wp","href":"https:\/\/api.w.org\/{rel}","templated":true}]}}